{"id":2580,"date":"2020-05-12T13:59:06","date_gmt":"2020-05-12T13:59:06","guid":{"rendered":"https:\/\/jttlogos.com\/?post_type=product&#038;p=2580"},"modified":"2026-04-06T05:34:32","modified_gmt":"2026-04-06T05:34:32","slug":"self-adhesive-custom-logo-design-embossed-electroforming-3d-metal-nameplate-for-home-appliance-bag-luggage-perfume-bottle-and-car-key","status":"publish","type":"product","link":"https:\/\/jttlogos.com\/nl\/product\/zelfklevend-aangepast-logo-ontwerp-relief-elektroforming-3d-metalen-naamplaatje-voor-huisapparaat-bagage-bagage-parfumfles-en-autosleutel\/","title":{"rendered":"Op maat gemaakte auto-emblemen | 3D metalen autonaamplaten en logo's"},"content":{"rendered":"<article style=\"font-family: -apple-system, BlinkMacSystemFont, 'Segoe UI', Roboto, Helvetica, Arial, sans-serif; line-height: 1.8; color: #2c3e50; max-width: 1200px; margin: 0 auto; padding: 30px; background-color: #ffffff;\">\n<section style=\"margin-bottom: 40px;\">\n<p style=\"font-size: 1.1em; color: #4a5568;\">In de zeer competitieve auto- en consumptiegoederensector is merkidentiteit allesbepalend. Volgens recente gegevens uit de auto-onderdelenmarkt zal de mondiale markt voor het personaliseren van auto\u2019s in 2030 naar verwachting de waarde van $58 miljard overschrijden, met aanpassingen aan het exterieur en gepersonaliseerde <strong>voertuig embleem<\/strong> upgrades die de leiding nemen. Als fabrikant met meer dan 16 jaar gespecialiseerde ervaring op het gebied van elektroformeren, <strong>JttLogos<\/strong> presenteert ons vlaggenschipproduct: 3D Metal Stickers.<\/p>\n<p style=\"font-size: 1.1em; color: #4a5568;\">Of je nu op zoek bent naar topklasse <strong>op maat gemaakte auto-emblemen<\/strong>, verfijnd <strong>naamplaatjes voor auto's<\/strong>, of hoogwaardige metalen branding voor elektronische apparaten, onze zelfklevende, ge\u00eblektroformeerde 3D-metalen naamplaatjes met reli\u00ebf zorgen voor een onge\u00ebvenaard gevoel van luxe en absolute duurzaamheid.<\/p>\n<p><iframe loading=\"lazy\" title=\"Adhesive thick Car Custom embossed 3D metal logo sticker with different color and effect as you like\" width=\"1020\" height=\"574\" src=\"https:\/\/www.youtube.com\/embed\/NZbYa02MxW0?feature=oembed\" frameborder=\"0\" allow=\"accelerometer; autoplay; clipboard-write; encrypted-media; gyroscope; picture-in-picture; web-share\" referrerpolicy=\"strict-origin-when-cross-origin\" allowfullscreen><\/iframe><\/p>\n<p><img data-recalc-dims=\"1\" decoding=\"async\" class=\"alignnone wp-image-1418 size-full\" src=\"https:\/\/i0.wp.com\/jttlogos.com\/wp-content\/uploads\/2020\/05\/Car-flags-metal-sticker-15.jpg?resize=600%2C450&#038;ssl=1\" alt=\"Op maat gemaakte auto-emblemen en 3D-metalen stickers\" width=\"600\" height=\"450\" title=\"\"><\/p>\n<p><!-- Placeholder for original main product image --><\/p>\n<div style=\"text-align: center; margin: 30px 0;\">\n<p style=\"font-size: 0.9em; color: #718096; margin-top: 10px;\"><em>Nauwkeurig vervaardigd 3D-elektrogevormd aangepast auto-embleem<\/em><\/p>\n<\/div>\n<\/section>\n<p><!-- Product Specifications Section --><\/p>\n<section style=\"margin-bottom: 40px;\">\n<h2 style=\"color: #1a365d; font-size: 1.8em; margin-bottom: 20px;\">Uitgebreide productspecificaties voor het aanpassen van auto-emblemen<\/h2>\n<p>Bij het sourcen <strong>stickers en emblemen voor auto's<\/strong> of hoogwaardige verpakkingsinsignes, materiaalkunde en precisie zijn niet onderhandelbaar. Ons <strong>auto-emblemen op maat<\/strong> De productie maakt gebruik van 100% puur nikkel en geavanceerde elektrovormtechnieken, waardoor precisie op micronniveau wordt gegarandeerd die bij traditioneel stempelen niet kan worden bereikt.<\/p>\n<p><!-- Inline CSS Beautified Table --><\/p>\n<div style=\"overflow-x: auto; margin: 25px 0;\">\n<table style=\"width: 100%; border-collapse: collapse; box-shadow: 0 4px 6px rgba(0,0,0,0.05); border-radius: 8px; overflow: hidden;\">\n<thead>\n<tr style=\"background-color: #2b6cb0; color: #ffffff; text-align: left;\">\n<th style=\"padding: 15px; font-weight: 600; border: 1px solid #2b6cb0;\">Parameter<\/th>\n<th style=\"padding: 15px; font-weight: 600; border: 1px solid #2b6cb0;\">Specificatiedetails<\/th>\n<\/tr>\n<\/thead>\n<tbody style=\"background-color: #f8fafc;\">\n<tr style=\"border-bottom: 1px solid #e2e8f0;\">\n<td style=\"padding: 15px; font-weight: bold; color: #2d3748;\">Artikelnaam<\/td>\n<td style=\"padding: 15px; color: #4a5568;\"><a href=\"https:\/\/jttlogos.com\/nl\/product-categorie\/3d-metal-sticker\/\">3D Metal Stickers<\/a> \/ <strong>Auto-logo embleem<\/strong><\/td>\n<\/tr>\n<tr style=\"background-color: #ffffff; border-bottom: 1px solid #e2e8f0;\">\n<td style=\"padding: 15px; font-weight: bold; color: #2d3748;\">Materi\u00eble kern<\/td>\n<td style=\"padding: 15px; color: #4a5568;\">Premium metaal, zeer zuiver nikkel (slijtvast en weerbestendig)<\/td>\n<\/tr>\n<tr style=\"border-bottom: 1px solid #e2e8f0;\">\n<td style=\"padding: 15px; font-weight: bold; color: #2d3748;\">Techniek<\/td>\n<td style=\"padding: 15px; color: #4a5568;\">Geavanceerde elektroformering (open mal vereist voor <strong>aangepast auto-embleem<\/strong>)<\/td>\n<\/tr>\n<tr style=\"background-color: #ffffff; border-bottom: 1px solid #e2e8f0;\">\n<td style=\"padding: 15px; font-weight: bold; color: #2d3748;\">Dikte bereik<\/td>\n<td style=\"padding: 15px; color: #4a5568;\">0,45 mm tot 10 mm (instelbaar voor gevarieerde visuele 3D-effecten)<\/td>\n<\/tr>\n<tr style=\"border-bottom: 1px solid #e2e8f0;\">\n<td style=\"padding: 15px; font-weight: bold; color: #2d3748;\">Grootte en kleur<\/td>\n<td style=\"padding: 15px; color: #4a5568;\">100% Aangepast aan elke maat, vorm en kleur (perfect voor <strong>chroom auto-embleem<\/strong> replicatie)<\/td>\n<\/tr>\n<tr style=\"background-color: #ffffff; border-bottom: 1px solid #e2e8f0;\">\n<td style=\"padding: 15px; font-weight: bold; color: #2d3748;\">Zelfklevende achterkant<\/td>\n<td style=\"padding: 15px; color: #4a5568;\">3M-lijm van industri\u00eble kwaliteit, 3M-hotmeltlijm, dubbelzijdig zelfklevend<\/td>\n<\/tr>\n<tr style=\"border-bottom: 1px solid #e2e8f0;\">\n<td style=\"padding: 15px; font-weight: bold; color: #2d3748;\">Industriecertificeringen<\/td>\n<td style=\"padding: 15px; color: #4a5568;\">SGS, ROHS, MSDS (waarborgen van strikte milieu- en veiligheidsnaleving)<\/td>\n<\/tr>\n<tr style=\"background-color: #ffffff; border-bottom: 1px solid #e2e8f0;\">\n<td style=\"padding: 15px; font-weight: bold; color: #2d3748;\">Leveringscapaciteit<\/td>\n<td style=\"padding: 15px; color: #4a5568;\">700.000 stuks per dag (voldoet aan de eisen op bedrijfsniveau)<\/td>\n<\/tr>\n<tr style=\"border-bottom: 1px solid #e2e8f0;\">\n<td style=\"padding: 15px; font-weight: bold; color: #2d3748;\">Levering en ommekeer<\/td>\n<td style=\"padding: 15px; color: #4a5568;\">1 dag voor bestaande monsters; 10-15 dagen voor het snel maken van monsters; Massaproductie is afhankelijk van het volume.<\/td>\n<\/tr>\n<\/tbody>\n<\/table>\n<\/div>\n<\/section>\n<p><!-- Manufacturing Process: Knowledge Point --><\/p>\n<section style=\"margin-bottom: 40px;\">\n<h2><img data-recalc-dims=\"1\" decoding=\"async\" class=\"aligncenter wp-image-1417 size-full\" src=\"https:\/\/i0.wp.com\/jttlogos.com\/wp-content\/uploads\/2020\/05\/Certification-JTT.jpg?resize=600%2C600&#038;ssl=1\" alt=\"SGS, MSDS-certificering van JTT Logos Metal naamplaatjes voor auto&#039;s\" width=\"600\" height=\"600\" title=\"\"><\/h2>\n<h2 style=\"color: #1a365d; font-size: 1.8em; margin-bottom: 20px;\">Het voordeel van elektroformeren: hoe we onberispelijke emblemen maken<\/h2>\n<p><!-- Inline CSS Beautified Knowledge Point --><\/p>\n<div style=\"background: linear-gradient(135deg, #f0f7ff 0%, #ffffff 100%); border-left: 6px solid #3182ce; padding: 25px; border-radius: 0 8px 8px 0; box-shadow: 0 2px 10px rgba(0,0,0,0.03);\">\n<h3 style=\"color: #2b6cb0; margin-top: 0; font-size: 1.4em;\">Expertkennis: Wat is elektroformeren?<\/h3>\n<p style=\"margin-bottom: 15px;\">In tegenstelling tot traditioneel metaalstempelen, waarbij ruwe randen kunnen ontstaan, is elektroformeren een elektro-afzettingsproces. Het laat metaalatomen groeien op een geleidende doorn (mal) om onderdelen met uiterste nauwkeurigheid te cre\u00ebren. Hierdoor kunnen wij produceren <strong>metalen autostickers<\/strong> and <strong>emblemen auto<\/strong> waar liefhebbers van houden, met scherpe hoeken, op zichzelf staande letters en een onberispelijke chroomafwerking.<\/p>\n<h4 style=\"color: #2d3748; font-size: 1.1em; margin-bottom: 10px;\">Ons rigoureuze productieproces in 9 stappen:<\/h4>\n<div style=\"display: flex; flex-wrap: wrap; gap: 10px; font-size: 0.95em;\"><span style=\"background-color: #e2e8f0; padding: 5px 12px; border-radius: 20px; color: #2d3748; font-weight: 500;\">1. Maak mal<\/span> \u2794<br \/>\n<span style=\"background-color: #e2e8f0; padding: 5px 12px; border-radius: 20px; color: #2d3748; font-weight: 500;\">2. Massaproductievorm<\/span> \u2794<br \/>\n<span style=\"background-color: #e2e8f0; padding: 5px 12px; border-radius: 20px; color: #2d3748; font-weight: 500;\">3. Olievlekken verwijderen<\/span> \u2794<br \/>\n<span style=\"background-color: #bee3f8; padding: 5px 12px; border-radius: 20px; color: #2b6cb0; font-weight: bold;\">4. Elektroformeren<\/span> \u2794<br \/>\n<span style=\"background-color: #e2e8f0; padding: 5px 12px; border-radius: 20px; color: #2d3748; font-weight: 500;\">5. Pools<\/span> \u2794<br \/>\n<span style=\"background-color: #e2e8f0; padding: 5px 12px; border-radius: 20px; color: #2d3748; font-weight: 500;\">6. Lijm toevoegen (3M)<\/span> \u2794<br \/>\n<span style=\"background-color: #e2e8f0; padding: 5px 12px; border-radius: 20px; color: #2d3748; font-weight: 500;\">7. Ponsen<\/span> \u2794<br \/>\n<span style=\"background-color: #fed7d7; padding: 5px 12px; border-radius: 20px; color: #c53030; font-weight: bold;\">8. Strict QC<\/span> \u2794<br \/>\n<span style=\"background-color: #e2e8f0; padding: 5px 12px; border-radius: 20px; color: #2d3748; font-weight: 500;\">9. Packing (OPP Bags)<\/span><\/div>\n<\/div>\n<\/section>\n<p><!-- Why Choose Us \/ Comparison Section --><\/p>\n<section style=\"margin-bottom: 40px;\">\n<h2><img data-recalc-dims=\"1\" decoding=\"async\" class=\"aligncenter wp-image-1417 size-full\" src=\"https:\/\/i0.wp.com\/jttlogos.com\/wp-content\/uploads\/2020\/05\/3D-productive-process.jpg?resize=600%2C600&#038;ssl=1\" alt=\"JTT-logo&#039;s metalen auto-logo embleem productieproces\" width=\"600\" height=\"600\" title=\"\"><\/h2>\n<h2 style=\"color: #1a365d; font-size: 1.8em; margin-bottom: 20px;\">Waarom kiezen voor elektrogevormde 3D Chrome-auto-emblemen?<\/h2>\n<p>Niet allemaal <strong>auto emblemen<\/strong> zijn gelijk geschapen. Wanneer merken als Tesla, Haier en Lenovo hun positionering op de premiummarkt moeten weerspiegelen, vermijden ze platte vinylstickers en kiezen ze voor echte 3D-metalen stickers.<\/p>\n<p><!-- Inline CSS Beautified Comparison Cards --><\/p>\n<div style=\"display: flex; flex-wrap: wrap; gap: 25px; margin-top: 30px;\">\n<p><!-- Card 1 --><\/p>\n<div style=\"flex: 1; min-width: 300px; background-color: #ffffff; border: 2px solid #48bb78; border-radius: 10px; padding: 25px; box-shadow: 0 10px 15px -3px rgba(0,0,0,0.1);\">\n<h3 style=\"color: #2f855a; margin-top: 0; border-bottom: 2px solid #e2e8f0; padding-bottom: 10px;\">\u2714 Onze 3D metalen emblemen<\/h3>\n<ul style=\"list-style-type: none; padding-left: 0; margin-top: 15px;\">\n<li style=\"margin-bottom: 12px; display: flex; align-items: flex-start;\"><span style=\"color: #48bb78; margin-right: 10px; font-weight: bold;\">\u2713<\/span> <strong>Hoogwaardige textuur:<\/strong> Diepe visuele impact in 3D-reli\u00ebf die er in de fabriek uitziet.<\/li>\n<li style=\"margin-bottom: 12px; display: flex; align-items: flex-start;\"><span style=\"color: #48bb78; margin-right: 10px; font-weight: bold;\">\u2713<\/span> <strong>Extreme duurzaamheid:<\/strong> De massieve nikkelconstructie voorkomt roesten, verkleuren en UV-schade bij barre weersomstandigheden.<\/li>\n<li style=\"margin-bottom: 12px; display: flex; align-items: flex-start;\"><span style=\"color: #48bb78; margin-right: 10px; font-weight: bold;\">\u2713<\/span> <strong>Sterke hechting:<\/strong> Originele 3M lijm van autokwaliteit hecht permanent op metaal, plastic en glas.<\/li>\n<li style=\"margin-bottom: 12px; display: flex; align-items: flex-start;\"><span style=\"color: #48bb78; margin-right: 10px; font-weight: bold;\">\u2713<\/span> <strong>Gratis combinatie:<\/strong> Sterk op maat gemaakte onafhankelijke letters en cijfers voor gepersonaliseerde doe-het-zelf-ontwerpen.<\/li>\n<\/ul>\n<\/div>\n<p><!-- Card 2 --><\/p>\n<div style=\"flex: 1; min-width: 300px; background-color: #fff5f5; border: 2px solid #fc8181; border-radius: 10px; padding: 25px; box-shadow: 0 10px 15px -3px rgba(0,0,0,0.1);\">\n<h3 style=\"color: #c53030; margin-top: 0; border-bottom: 2px solid #fed7d7; padding-bottom: 10px;\">\u2718 Traditionele kunststof\/vinylstickers<\/h3>\n<ul style=\"list-style-type: none; padding-left: 0; margin-top: 15px;\">\n<li style=\"margin-bottom: 12px; display: flex; align-items: flex-start;\"><span style=\"color: #e53e3e; margin-right: 10px; font-weight: bold;\">\u2717<\/span> <strong>Platte verschijning:<\/strong> Ontbreekt aan de briljante, luxueuze metallic glans en diepte.<\/li>\n<li style=\"margin-bottom: 12px; display: flex; align-items: flex-start;\"><span style=\"color: #e53e3e; margin-right: 10px; font-weight: bold;\">\u2717<\/span> <strong>Lage weersbestendigheid:<\/strong> Gevoelig voor barsten, vergeling en loslaten na blootstelling aan de zon.<\/li>\n<li style=\"margin-bottom: 12px; display: flex; align-items: flex-start;\"><span style=\"color: #e53e3e; margin-right: 10px; font-weight: bold;\">\u2717<\/span> <strong>Zwakke steun:<\/strong> Standaardlijmen falen tijdens autowasstraten of onder extreme temperaturen.<\/li>\n<li style=\"margin-bottom: 12px; display: flex; align-items: flex-start;\"><span style=\"color: #e53e3e; margin-right: 10px; font-weight: bold;\">\u2717<\/span> <strong>Goedkoop gevoel:<\/strong> Doet afbreuk aan de waargenomen waarde van hoogwaardige consumentenproducten en voertuigen.<\/li>\n<\/ul>\n<\/div>\n<\/div>\n<\/section>\n<p><!-- Applications Section --><\/p>\n<section style=\"margin-bottom: 40px;\">\n<h2 style=\"color: #1a365d; font-size: 1.8em; margin-bottom: 20px;\">Veelzijdige toepassingen: meer dan alleen chromen auto-emblemen<\/h2>\n<p>Terwijl wij gespecialiseerd zijn in <strong>op maat gemaakte auto-emblemen<\/strong>strekt de toepassing van onze 3D-metaalstickers zich uit over tientallen industrie\u00ebn. Uit branchestatistieken blijkt dat hoogwaardige verpakkingen en op maat gemaakte metalen logo's de waargenomen consumentenwaarde van een product met wel 35% kunnen verhogen.<\/p>\n<div style=\"display: grid; grid-template-columns: repeat(auto-fit, minmax(250px, 1fr)); gap: 20px; margin-top: 25px;\">\n<div style=\"background: #ffffff; border: 1px solid #e2e8f0; padding: 20px; border-radius: 8px;\">\n<h3 style=\"color: #2b6cb0; font-size: 1.2em; margin-top: 0;\">\ud83d\ude97 Auto's en voertuigen<\/h3>\n<p style=\"font-size: 0.95em; color: #4a5568;\">Ideaal voor <strong>chromen auto-emblemen<\/strong>, badges op de kofferbak, accenten op het interieur van het dashboard en tankdoppen. Kleine krasjes worden gemakkelijk bedekt dankzij hun hoge UV- en waterdichte bestendigheid. Ook perfect voor motorfietsen en fietsen.<\/p>\n<\/div>\n<div style=\"background: #ffffff; border: 1px solid #e2e8f0; padding: 20px; border-radius: 8px;\">\n<h3 style=\"color: #2b6cb0; font-size: 1.2em; margin-top: 0;\">\ud83d\udcf1 Electronics &amp; Digital<\/h3>\n<p style=\"font-size: 0.95em; color: #4a5568;\">Verbeter technische apparaten met een high-end gevoel. Op grote schaal toegepast op telefoonhoesjes, laptophoezen, monitorranden, toetsenbordpanelen en luxe audioapparatuur.<\/p>\n<\/div>\n<div style=\"background: #ffffff; border: 1px solid #e2e8f0; padding: 20px; border-radius: 8px;\">\n<h3 style=\"color: #2b6cb0; font-size: 1.2em; margin-top: 0;\">\ud83c\udf81 Hoogwaardige verpakking<\/h3>\n<p style=\"font-size: 0.95em; color: #4a5568;\">Transformeer standaarddozen in luxe ervaringen. Perfect voor parfumflesjes, cosmetica, wijnflessen en geschenkdozen met harde kaft, met een fabrieksreli\u00ebfeffect.<\/p>\n<\/div>\n<div style=\"background: #ffffff; border: 1px solid #e2e8f0; padding: 20px; border-radius: 8px;\">\n<h3 style=\"color: #2b6cb0; font-size: 1.2em; margin-top: 0;\">\u26f3 Modellen en ambachten<\/h3>\n<p style=\"font-size: 0.95em; color: #4a5568;\">Voeg prachtige metalen details toe aan montagemodellen (sensoren, lenzen) of gebruik ze als gepersonaliseerde golfclublabels en premium insignes voor kantoorartikelen.<\/p>\n<\/div>\n<\/div>\n<\/section>\n<p><!-- Installation Guide --><\/p>\n<section style=\"margin-bottom: 40px; background-color: #2d3748; color: #ffffff; padding: 30px; border-radius: 12px; box-shadow: 0 10px 25px rgba(0,0,0,0.15);\">\n<h2 style=\"color: #63b3ed; font-size: 1.8em; margin-top: 0; margin-bottom: 20px; border-bottom: 1px solid #4a5568; padding-bottom: 10px;\">Hoe u uw aangepaste auto-embleem kunt toepassen (6 eenvoudige stappen)<\/h2>\n<p style=\"color: #e2e8f0; margin-bottom: 20px;\">Bereik een onberispelijk, in de fabriek ge\u00efnstalleerd uiterlijk door deze deskundige toepassingsinstructies voor uw nieuwe te volgen <strong>auto emblemen<\/strong>.<\/p>\n<ol style=\"padding-left: 20px; font-size: 1.05em; line-height: 2;\">\n<li><strong>Surface Preparation:<\/strong> Veeg stof van het oppervlak van het product met een schone, droge doek. <em>Pro-tip: Als er olie of was aanwezig is, maak het gebied dan grondig schoon met industri\u00eble alcohol of een speciaal prep-doekje om maximale hechting van 3M te garanderen.<\/em><\/li>\n<li><strong>Steun verwijderen:<\/strong> Trek het beschermpapier voorzichtig van de achterkant van de metalen sticker. Zorg ervoor dat u de schil afpelt <em>rugpapier<\/em>en niet de transparante beschermfolie aan de voorkant.<\/li>\n<li><strong>Positioning:<\/strong> Zorgvuldig uitlijnen en plak de sticker op het gewenste oppervlak. (Houd er rekening mee dat 3M-lijm snel hecht, dus meet vooraf uw plaatsing!)<\/li>\n<li><strong>Beveilig de obligatie:<\/strong> Eenmaal geplaatst, gebruikt u een droge doek om het embleem glad te strijken en stevig aan te drukken om eventuele microscopisch kleine luchtbellen te verwijderen.<\/li>\n<li><strong>Beschermfolie verwijderen:<\/strong> Nadat u stevig hebt aangedrukt, verwijdert u de beschermfolie aan de voorkant in een zachte hoek van 45 graden. <em>Opmerking: Door bij stap 4 goed en stevig aan te drukken, weet u zeker dat u bij het afpellen van de film eventuele lijmresten rond de randen netjes verwijdert.<\/em><\/li>\n<li><strong>Voltooiing:<\/strong> Uw premie <strong>metalen autostickers<\/strong> aanvraag is voltooid. Wacht 24 uur voordat u het voertuig wast of blootstelt aan veel vocht, voor maximale uithardingssterkte.<\/li>\n<\/ol>\n<\/section>\n<p><!-- Authoritativeness & Trustworthiness Section --><\/p>\n<section style=\"margin-bottom: 40px;\">\n<h2><img data-recalc-dims=\"1\" decoding=\"async\" class=\"aligncenter wp-image-1417 size-full\" src=\"https:\/\/i0.wp.com\/jttlogos.com\/wp-content\/uploads\/2020\/05\/JTT-application-scenarios.jpg?resize=600%2C600&#038;ssl=1\" alt=\"breed toepassingsgebied voor op maat gemaakte metalen emblemen\" width=\"600\" height=\"600\" title=\"\"><\/h2>\n<h2 style=\"color: #1a365d; font-size: 1.8em; margin-bottom: 20px;\">E-E-A-T-gecertificeerd: waar kunt u de beste aangepaste auto-emblemen kopen?<\/h2>\n<p>Bij het zoeken naar een productiepartner voor <strong>naamplaatjes voor auto's<\/strong> en metalen stickers staan \u200b\u200bvertrouwen en betrouwbaarheid voorop. <strong>JttLogos<\/strong> staat als een autoriteit in de sector met meer dan 16 jaar praktijkervaring als toonaangevende maker van metalen labels.<\/p>\n<div style=\"background-color: #f7fafc; border: 1px solid #cbd5e0; padding: 25px; border-radius: 8px; margin-top: 20px;\">\n<h3 style=\"color: #2b6cb0; font-size: 1.3em; margin-top: 0;\">Onze belangrijkste branchevoordelen<\/h3>\n<ul style=\"list-style-type: square; padding-left: 20px; color: #2d3748; line-height: 1.8;\">\n<li><strong>Elite-klantenportfolio:<\/strong> Vertrouwd door Fortune 500-bedrijven en wereldleiders, waaronder <strong>Tesla, Samsung, Panasonic, Haier, Gree en Lenovo<\/strong>.<\/li>\n<li><strong>Compromisloze kwaliteit en prijs:<\/strong> We beschikken over een zeer streng kwaliteitscontrolesysteem dat wordt beheerd door een sterk R&amp;D-team, waardoor de meest concurrerende fabrieksprijzen worden gegarandeerd zonder dat dit ten koste gaat van de topkwaliteit.<\/li>\n<li><strong>Gecertificeerde veiligheid:<\/strong> Alle materialen voldoen aan strenge SGS-, ROHS- en MSDS-testprotocollen.<\/li>\n<li><strong>Veilige en flexibele betalingen:<\/strong> Transacties zijn veilig met meerdere betalingsopties: Creditcard, PayPal, Bankoverschrijving, Western Union, L\/C, T\/T en Alibaba Trade Assurance. <em>(Standaardvoorwaarden: T\/T 30%-aanbetaling, saldo v\u00f3\u00f3r levering).<\/em><\/li>\n<li><strong>Snelle en betrouwbare wereldwijde verzending:<\/strong> Levering via zee, lucht, DHL, UPS en andere grote koeriersdiensten. Doorlooptijd van 1 dag voor bestaande monsters en 10-15 dagen voor snelle productie van monsters op maat.<\/li>\n<li><strong>100% Tevredenheidsgarantie:<\/strong> Wij bieden absolute tevredenheid en zorgen ervoor dat u het beste rendement op uw investering krijgt voor uw merkbehoeften.<\/li>\n<\/ul>\n<\/div>\n<p style=\"margin-top: 20px; font-weight: bold; color: #c53030; font-size: 1.1em;\">Kunstwerken geaccepteerd in AI, PDF, CDR, CAD en andere vectorformaten.<\/p>\n<\/section>\n<p><!-- Beautified Key Points FAQ --><\/p>\n<section style=\"margin-bottom: 40px;\">\n<h2><img data-recalc-dims=\"1\" decoding=\"async\" class=\"aligncenter wp-image-1417 size-full\" src=\"https:\/\/i0.wp.com\/jttlogos.com\/wp-content\/uploads\/2020\/05\/jtt-company-advantage-1.jpg?resize=600%2C600&#038;ssl=1\" alt=\"JTT Logo&#039;s kernvoordeel van metalen stickers en emblemen voor auto&#039;s\" width=\"600\" height=\"600\" title=\"\"><\/h2>\n<h2 style=\"color: #1a365d; font-size: 1.8em; margin-bottom: 20px;\">Veelgestelde vragen (FAQ's)<\/h2>\n<div style=\"border: 1px solid #e2e8f0; border-radius: 8px; margin-bottom: 15px; padding: 20px; background-color: #ffffff; box-shadow: 0 2px 5px rgba(0,0,0,0.02);\">\n<h4 style=\"margin: 0 0 10px 0; color: #2d3748; font-size: 1.1em;\">Vraag: Zijn deze op maat gemaakte auto-emblemen weerbestendig?<\/h4>\n<p style=\"margin: 0; color: #4a5568;\"><strong>A:<\/strong> Absoluut. Ons <strong>voertuig embleem<\/strong> stickers worden vervaardigd met behulp van puur nikkel via het elektrovormproces. Ze zijn 100% waterdicht, roestbestendig en beschikken over een hoge UV-bestendigheid om vervaging te voorkomen, waardoor ze perfect zijn voor buitenomgevingen in de automobielsector.<\/p>\n<\/div>\n<div style=\"border: 1px solid #e2e8f0; border-radius: 8px; margin-bottom: 15px; padding: 20px; background-color: #ffffff; box-shadow: 0 2px 5px rgba(0,0,0,0.02);\">\n<h4 style=\"margin: 0 0 10px 0; color: #2d3748; font-size: 1.1em;\">Vraag: Zal \u200b\u200bde lijm de lak van mijn auto beschadigen?<\/h4>\n<p style=\"margin: 0; color: #4a5568;\"><strong>A:<\/strong> Nee. Wij gebruiken hoogwaardige 3M autolijm. Het biedt een extreme hechtsterkte voor langdurig gebruik, maar kan veilig worden verwijderd met behulp van gematigde hitte (zoals een warmtepistool of een haardroger) en een speciale lijmverwijderaar, waardoor uw originele verf intact blijft.<\/p>\n<\/div>\n<div style=\"border: 1px solid #e2e8f0; border-radius: 8px; margin-bottom: 15px; padding: 20px; background-color: #ffffff; box-shadow: 0 2px 5px rgba(0,0,0,0.02);\">\n<h4 style=\"margin: 0 0 10px 0; color: #2d3748; font-size: 1.1em;\">Vraag: Wat is de minimale dikte voor een op maat gemaakt auto-embleem?<\/h4>\n<p style=\"margin: 0; color: #4a5568;\"><strong>A:<\/strong> Onze geavanceerde mogelijkheden voor elektroformeren stellen ons in staat zeer gedetailleerd te produceren <strong>chroom auto-embleem<\/strong> ontwerpen met diktes vari\u00ebrend van ultradunne 0,45 mm tot een robuuste 10 mm, afhankelijk van uw visuele vereisten.<\/p>\n<\/div>\n<\/section>\n<p><!-- Call to Action --><\/p>\n<section style=\"text-align: center; margin-top: 50px; padding: 40px 20px; background-color: #f7fafc; border-top: 3px solid #3182ce;\">\n<h2 style=\"color: #1a365d; font-size: 2em; margin-bottom: 15px;\">Klaar om het imago van uw product te upgraden?<\/h2>\n<p style=\"font-size: 1.1em; color: #4a5568; max-width: 800px; margin: 0 auto 25px auto;\">Of u nu maatwerk nodig heeft <strong>auto-emblemen op maat<\/strong> op maat gemaakt voor een opkomende autolijn, of luxe metallic stickers voor consumentenverpakkingen, <strong>JttLogos<\/strong> is uw belangrijkste productiepartner.<\/p>\n<p><a style=\"display: inline-block; background-color: #3182ce; color: #ffffff; text-decoration: none; padding: 15px 35px; font-size: 1.2em; font-weight: bold; border-radius: 5px; box-shadow: 0 4px 6px rgba(49, 130, 206, 0.3); transition: background-color 0.3s ease;\" href=\"https:\/\/jttlogos.com\/nl\/neem-contact-met-ons-op\/\">Neem contact met ons op voor een gratis offerte en oplossingen op maat<\/a><\/p>\n<\/section>\n<\/article>","protected":false},"excerpt":{"rendered":"<p>JTT is a leading global supplier and manufacturer of Metal Sticker, Nickel Sticker, Stainless Steel Sticker, 3D Metal Sticker, Mesh Speaker, specialized in this industry over 14 years.<\/p>\n<p>The specific price is determined by the product.<\/p>","protected":false},"featured_media":2585,"comment_status":"open","ping_status":"closed","template":"","meta":[],"product_brand":[],"product_cat":[53,953],"product_tag":[],"class_list":{"0":"post-2580","1":"product","2":"type-product","3":"status-publish","4":"has-post-thumbnail","6":"product_cat-3d-metal-sticker","7":"product_cat-car-flags-metal-sticker","9":"first","10":"instock","11":"shipping-taxable","12":"product-type-simple"},"jetpack-related-posts":[],"jetpack_sharing_enabled":true,"_links":{"self":[{"href":"https:\/\/jttlogos.com\/nl\/wp-json\/wp\/v2\/product\/2580","targetHints":{"allow":["GET"]}}],"collection":[{"href":"https:\/\/jttlogos.com\/nl\/wp-json\/wp\/v2\/product"}],"about":[{"href":"https:\/\/jttlogos.com\/nl\/wp-json\/wp\/v2\/types\/product"}],"replies":[{"embeddable":true,"href":"https:\/\/jttlogos.com\/nl\/wp-json\/wp\/v2\/comments?post=2580"}],"wp:featuredmedia":[{"embeddable":true,"href":"https:\/\/jttlogos.com\/nl\/wp-json\/wp\/v2\/media\/2585"}],"wp:attachment":[{"href":"https:\/\/jttlogos.com\/nl\/wp-json\/wp\/v2\/media?parent=2580"}],"wp:term":[{"taxonomy":"product_brand","embeddable":true,"href":"https:\/\/jttlogos.com\/nl\/wp-json\/wp\/v2\/product_brand?post=2580"},{"taxonomy":"product_cat","embeddable":true,"href":"https:\/\/jttlogos.com\/nl\/wp-json\/wp\/v2\/product_cat?post=2580"},{"taxonomy":"product_tag","embeddable":true,"href":"https:\/\/jttlogos.com\/nl\/wp-json\/wp\/v2\/product_tag?post=2580"}],"curies":[{"name":"wp","href":"https:\/\/api.w.org\/{rel}","templated":true}]}}