{"id":103,"date":"2018-03-06T09:12:47","date_gmt":"2018-03-06T09:12:47","guid":{"rendered":"https:\/\/xml-io.proteusthemes.com\/woondershop-amazon\/?page_id=103"},"modified":"2026-04-14T00:57:56","modified_gmt":"2026-04-14T00:57:56","slug":"about-us","status":"publish","type":"page","link":"https:\/\/jttlogos.com\/pl\/o-nas\/","title":{"rendered":"O nas"},"content":{"rendered":"<div id=\"page-header-607159680\" class=\"page-header-wrapper\">\n  <div class=\"page-title dark featured-title\">\n\n        <div class=\"page-title-bg\">\n      <div class=\"title-bg fill bg-fill\"\n        data-parallax-container=\".page-title\"\n        data-parallax-background\n data-parallax=\"-\">\n      <\/div>\n      <div class=\"title-overlay fill\"><\/div>\n    <\/div>\n    \n    <div class=\"page-title-inner container align-center text-center flex-row-col medium-flex-wrap\" >\n              <div class=\"title-wrapper flex-col\">\n          <h1 class=\"entry-title mb-0\">\n            Auout JTT Logos          <\/h1>\n        <\/div>\n                <div class=\"page-title-sub op-7 flex-col\">\n          <p class=\"lead\">Professional Custom Metallic Logo Stickers<\/p>\n        <\/div>\n                    <div class=\"title-content flex-col\">\n        <ul class=\"nav sm-touch-scroll nav-line nav-uppercase text-center nav-center\"><li class=\"nav-single-page hidden\"><\/li><\/ul>      <\/div>\n    <\/div>\n\n     \n<style>\n#page-header-607159680 .page-title-inner {\n  min-height: 300px;\n}\n#page-header-607159680 .title-bg {\n  background-image: url(https:\/\/jttlogos.com\/wp-content\/uploads\/2023\/12\/\u4e2d\u7684\u4f4d\u56fe-\u8c03\u6574-\u5355\u9762540x360mm.jpg);\n  background-position: 54% 80%;\n}\n#page-header-607159680 .title-overlay {\n  background-color: rgba(0, 0, 0, 0.5);\n}\n<\/style>\n  <\/div>\n    <\/div>\n  \n\t<section class=\"section\" id=\"section_530725343\">\n\t\t<div class=\"bg section-bg fill bg-fill  bg-loaded\" >\n\n\t\t\t\n\t\t\t\n\t\t\t\n\n\t\t<\/div>\n\n\t\t\n\n\t\t<div class=\"section-content relative\">\n\t\t\t\n<div class=\"row\"  id=\"row-1717730129\">\n\n\t<div id=\"col-339548812\" class=\"col small-12 large-12\"  >\n\t\t\t\t<div class=\"col-inner\" style=\"background-color:rgb(255,255,255);\" >\n\t\t\t\n\t\t\t\n<div class=\"text-center\"><div class=\"is-divider divider clearfix\" style=\"margin-top:10px;margin-bottom:10px;background-color:rgba(0, 0, 0, 0.16);\"><\/div><\/div>\n<div class=\"row row-full-width align-center\"  id=\"row-2130621680\">\n\n\t<div id=\"col-1970167859\" class=\"col medium-9 small-10 large-10\"  >\n\t\t\t\t<div class=\"col-inner text-center\"  >\n\t\t\t\n\t\t\t\n<h2>Podnie\u015b swoj\u0105 mark\u0119 za pomoc\u0105 niestandardowych metalowych naklejek logo z JTTLogos<\/h2>\n<p>Jttlogos jest wiod\u0105cym producentem niestandardowych metalowych naklejek z logo, posiadaj\u0105cym 20-letnie do\u015bwiadczenie w dostarczaniu wysokiej jako\u015bci i innowacyjnych rozwi\u0105za\u0144 dla potrzeb brandingu. Nasze konkurencyjne ceny, silny zesp\u00f3\u0142 badawczo-rozwojowy i zaanga\u017cowanie w zadowolenie klienta czyni\u0105 nas idealnym partnerem w zwi\u0119kszaniu obecno\u015bci Twojej marki.<\/p>\n<a class=\"button secondary\"  style=\"border-radius:4px;\">\n    <span>Nasza historia<\/span>\n  <\/a>\n\n\t\t<\/div>\n\t\t\t\t\n<style>\n#col-1970167859 > .col-inner {\n  margin: 20px 0px 20px 0px;\n}\n<\/style>\n\t<\/div>\n\n\t\n<\/div>\n\t\t<\/div>\n\t\t\t\t\n<style>\n#col-339548812 > .col-inner {\n  padding: 50px 0px 0px 0px;\n  margin: -70px 0px 0px 0px;\n}\n<\/style>\n\t<\/div>\n\n\t\n<\/div>\n\t\t<\/div>\n\n\t\t\n<style>\n#section_530725343 {\n  padding-top: 30px;\n  padding-bottom: 30px;\n}\n<\/style>\n\t<\/section>\n\t\n\t<section class=\"section\" id=\"section_1732814415\">\n\t\t<div class=\"bg section-bg fill bg-fill  bg-loaded\" >\n\n\t\t\t\n\t\t\t\n\t\t\t\n\n\t\t<\/div>\n\n\t\t\n\n\t\t<div class=\"section-content relative\">\n\t\t\t\n<div class=\"row align-center\"  id=\"row-261406849\">\n\n\t<div id=\"col-221579814\" class=\"col medium-11 small-12 large-10\"  >\n\t\t\t\t<div class=\"col-inner\"  >\n\t\t\t\n\t\t\t\n<h2>Liderzy w niestandardowych metalowych naklejek logo <\/h2>\n<p>Dzi\u0119ki niezr\u00f3wnanej precyzji i wiedzy specjalistycznej JTT Precision Metal Co., Ltd. ustala standard w tworzeniu zam\u00f3wie\u0144 na zam\u00f3wienie metalowych naklejek logo dla twoich potrzeb marki.<\/p>\n\t\t<\/div>\n\t\t\t\t\t<\/div>\n\n\t\n\n<style>\n#row-261406849 > .col > .col-inner {\n  padding: 50px 0px 20px 0px;\n}\n@media (min-width:550px) {\n  #row-261406849 > .col > .col-inner {\n    padding: 100px 0px 50px 0px;\n  }\n}\n<\/style>\n<\/div>\n<div class=\"row align-center\"  id=\"row-1873309359\">\n\n\t<div id=\"col-915354120\" class=\"col medium-11 small-12 large-10\"  >\n\t\t\t\t<div class=\"col-inner\"  >\n\t\t\t\n\t\t\t\n<div class=\"row row-large align-middle\"  id=\"row-2001068803\">\n\n\t<div id=\"col-354970598\" class=\"col medium-4 small-12 large-6\"  >\n\t\t\t\t<div class=\"col-inner\"  >\n\t\t\t\n\t\t\t\n\n  <div class=\"banner has-hover\" id=\"banner-222852826\">\n          <div class=\"banner-inner fill\">\n        <div class=\"banner-bg fill\" >\n            <div class=\"bg fill bg-fill\"><\/div>\n                                    \n                    <\/div>\n\t\t\n        <div class=\"banner-layers container\">\n            <div class=\"fill banner-link\"><\/div>            \n   <div id=\"text-box-1711699537\" class=\"text-box banner-layer x50 md-x50 lg-x50 y50 md-y50 lg-y50 res-text\">\n                                <div class=\"text-box-content text dark\">\n              \n              <div class=\"text-inner text-center\">\n                  \n              <\/div>\n           <\/div>\n                            \n<style>\n#text-box-1711699537 {\n  width: 60%;\n}\n#text-box-1711699537 .text-box-content {\n  font-size: 100%;\n}\n@media (min-width:550px) {\n  #text-box-1711699537 {\n    width: 60%;\n  }\n}\n<\/style>\n    <\/div>\n \n        <\/div>\n      <\/div>\n\n            \n<style>\n#banner-222852826 {\n  padding-top: 99.99%;\n}\n#banner-222852826 .bg.bg-loaded {\n  background-image: url(https:\/\/i0.wp.com\/jttlogos.com\/wp-content\/uploads\/2020\/05\/about-2.jpg?fit=640%2C360&ssl=1);\n}\n@media (min-width:550px) {\n  #banner-222852826 {\n    padding-top: 99.99%;\n  }\n}\n<\/style>\n  <\/div>\n\n\n\t\t<\/div>\n\t\t\t\t\t<\/div>\n\n\t\n\n\t<div id=\"col-1496780699\" class=\"col medium-8 small-12 large-6\"  >\n\t\t\t\t<div class=\"col-inner\"  >\n\t\t\t\n\t\t\t\n<h3><strong>Kim jeste\u015bmy?<\/strong><\/h3>\n<p><a href=\"https:\/\/jttlogos.com\/pl\/\" data-abc=\"true\">Jtt<\/a>\u00a0jest producentem niestandardowych\u00a0<a href=\"https:\/\/jttlogos.com\/pl\/kategoria-produktu\/metal-nickel-sticker\/\" data-abc=\"true\">Nickel Metal Logo Stickers<\/a>,\u00a0<a href=\"https:\/\/jttlogos.com\/pl\/kategoria-produktu\/stainless-steel-sticker\/\" data-abc=\"true\">Stainless Steel Metal Logo Stickers<\/a>,\u00a0<a href=\"https:\/\/jttlogos.com\/pl\/kategoria-produktu\/3d-sticker\/\" data-abc=\"true\">3D metalowe naklejki logo<\/a>, specjalizowane w tej bran\u017cy ponad 14 lat.<\/p>\n\t\t<\/div>\n\t\t\t\t\t<\/div>\n\n\t\n<\/div>\n<div class=\"row row-large align-middle\"  id=\"row-210473701\">\n\n\t<div id=\"col-97212355\" class=\"col medium-8 small-12 large-6\"  >\n\t\t\t\t<div class=\"col-inner\"  >\n\t\t\t\n\t\t\t\n<h3><strong>Wysokiej jako\u015bci i konfigurowalne<\/strong><\/h3>\n<p>JTT is your ideal partner, we are passionate about providing you with high quality and customizable metal stickers of different types. We are very proud to serve all aspects of business and industry.<\/p>\n\t\t<\/div>\n\t\t\t\t\t<\/div>\n\n\t\n\n\t<div id=\"col-39619004\" class=\"col medium-4 small-12 large-6 medium-col-first\"  >\n\t\t\t\t<div class=\"col-inner\"  >\n\t\t\t\n\t\t\t\n\n  <div class=\"banner has-hover\" id=\"banner-442866227\">\n          <div class=\"banner-inner fill\">\n        <div class=\"banner-bg fill\" >\n            <div class=\"bg fill bg-fill\"><\/div>\n                                    \n                    <\/div>\n\t\t\n        <div class=\"banner-layers container\">\n            <div class=\"fill banner-link\"><\/div>            \n   <div id=\"text-box-1729025237\" class=\"text-box banner-layer x50 md-x50 lg-x50 y50 md-y50 lg-y50 res-text\">\n                                <div class=\"text-box-content text dark\">\n              \n              <div class=\"text-inner text-center\">\n                  \n              <\/div>\n           <\/div>\n                            \n<style>\n#text-box-1729025237 {\n  width: 60%;\n}\n#text-box-1729025237 .text-box-content {\n  font-size: 100%;\n}\n@media (min-width:550px) {\n  #text-box-1729025237 {\n    width: 60%;\n  }\n}\n<\/style>\n    <\/div>\n \n        <\/div>\n      <\/div>\n\n            \n<style>\n#banner-442866227 {\n  padding-top: 99.99%;\n}\n#banner-442866227 .bg.bg-loaded {\n  background-image: url(https:\/\/i0.wp.com\/jttlogos.com\/wp-content\/uploads\/2020\/05\/about-1.jpg?fit=640%2C360&ssl=1);\n}\n@media (min-width:550px) {\n  #banner-442866227 {\n    padding-top: 99.99%;\n  }\n}\n<\/style>\n  <\/div>\n\n\n\t\t<\/div>\n\t\t\t\t\t<\/div>\n\n\t\n<\/div>\n\t\t<\/div>\n\t\t\t\t\t<\/div>\n\n\t\n<\/div>\n<div class=\"row align-center\"  id=\"row-1335373790\">\n\n\t<div id=\"col-1626470497\" class=\"col medium-11 small-12 large-10\"  >\n\t\t\t\t<div class=\"col-inner\"  >\n\t\t\t\n\t\t\t\n<div class=\"row row-large align-middle\"  id=\"row-1480402381\">\n\n\t<div id=\"col-375911863\" class=\"col medium-4 small-12 large-6\"  >\n\t\t\t\t<div class=\"col-inner\"  >\n\t\t\t\n\t\t\t\n\n  <div class=\"banner has-hover\" id=\"banner-327295583\">\n          <div class=\"banner-inner fill\">\n        <div class=\"banner-bg fill\" >\n            <div class=\"bg fill bg-fill\"><\/div>\n                                    \n                    <\/div>\n\t\t\n        <div class=\"banner-layers container\">\n            <div class=\"fill banner-link\"><\/div>            \n   <div id=\"text-box-1194232496\" class=\"text-box banner-layer x50 md-x50 lg-x50 y50 md-y50 lg-y50 res-text\">\n                                <div class=\"text-box-content text dark\">\n              \n              <div class=\"text-inner text-center\">\n                  \n              <\/div>\n           <\/div>\n                            \n<style>\n#text-box-1194232496 {\n  width: 60%;\n}\n#text-box-1194232496 .text-box-content {\n  font-size: 100%;\n}\n@media (min-width:550px) {\n  #text-box-1194232496 {\n    width: 60%;\n  }\n}\n<\/style>\n    <\/div>\n \n        <\/div>\n      <\/div>\n\n            \n<style>\n#banner-327295583 {\n  padding-top: 99.99%;\n}\n#banner-327295583 .bg.bg-loaded {\n  background-image: url(https:\/\/i0.wp.com\/jttlogos.com\/wp-content\/uploads\/2020\/05\/about-4.jpg?fit=640%2C426&ssl=1);\n}\n@media (min-width:550px) {\n  #banner-327295583 {\n    padding-top: 99.99%;\n  }\n}\n<\/style>\n  <\/div>\n\n\n\t\t<\/div>\n\t\t\t\t\t<\/div>\n\n\t\n\n\t<div id=\"col-806815530\" class=\"col medium-8 small-12 large-6\"  >\n\t\t\t\t<div class=\"col-inner\"  >\n\t\t\t\n\t\t\t\n<h3><strong>Profesjonalne rozwi\u0105zania logo<\/strong><\/h3>\n<p>No matter how complicated the pattern\u00a0or logo\u00a0is, as long as you dare to think, we can all do it!\u00a0If you want to promote your brand or design, we are here to serve you!<\/p>\n\t\t<\/div>\n\t\t\t\t\t<\/div>\n\n\t\n<\/div>\n<div class=\"row row-large align-middle\"  id=\"row-916762432\">\n\n\t<div id=\"col-674608631\" class=\"col medium-8 small-12 large-6\"  >\n\t\t\t\t<div class=\"col-inner\"  >\n\t\t\t\n\t\t\t\n<h3><strong>HOW CAN WE HELP YOU?<\/strong><\/h3>\n<p>*Podaj profesjonalne odpowiedzi na wszelkie pytania<br \/>*Dobra obs\u0142uga po sprzeda\u017cy<br \/>*Pom\u00f3\u017c lepiej rozwija\u0107 si\u0119 i zdoby\u0107 wi\u0119kszy udzia\u0142 w rynku w Twojej bran\u017cy<\/p>\n\t\t<\/div>\n\t\t\t\t\t<\/div>\n\n\t\n\n\t<div id=\"col-293263142\" class=\"col medium-4 small-12 large-6 medium-col-first\"  >\n\t\t\t\t<div class=\"col-inner\"  >\n\t\t\t\n\t\t\t\n\n  <div class=\"banner has-hover\" id=\"banner-1895706407\">\n          <div class=\"banner-inner fill\">\n        <div class=\"banner-bg fill\" >\n            <div class=\"bg fill bg-fill\"><\/div>\n                                    \n                    <\/div>\n\t\t\n        <div class=\"banner-layers container\">\n            <div class=\"fill banner-link\"><\/div>            \n   <div id=\"text-box-1395522259\" class=\"text-box banner-layer x50 md-x50 lg-x50 y50 md-y50 lg-y50 res-text\">\n                                <div class=\"text-box-content text dark\">\n              \n              <div class=\"text-inner text-center\">\n                  \n              <\/div>\n           <\/div>\n                            \n<style>\n#text-box-1395522259 {\n  width: 60%;\n}\n#text-box-1395522259 .text-box-content {\n  font-size: 100%;\n}\n@media (min-width:550px) {\n  #text-box-1395522259 {\n    width: 60%;\n  }\n}\n<\/style>\n    <\/div>\n \n        <\/div>\n      <\/div>\n\n            \n<style>\n#banner-1895706407 {\n  padding-top: 99.99%;\n}\n#banner-1895706407 .bg.bg-loaded {\n  background-image: url(https:\/\/i0.wp.com\/jttlogos.com\/wp-content\/uploads\/2020\/05\/about-3.jpg?fit=640%2C426&ssl=1);\n}\n@media (min-width:550px) {\n  #banner-1895706407 {\n    padding-top: 99.99%;\n  }\n}\n<\/style>\n  <\/div>\n\n\n\t\t<\/div>\n\t\t\t\t\t<\/div>\n\n\t\n<\/div>\n\t\t<\/div>\n\t\t\t\t\t<\/div>\n\n\t\n<\/div>\n<div class=\"row align-center\"  id=\"row-743800895\">\n\n\t<div id=\"col-1533226219\" class=\"col medium-11 small-12 large-10\"  >\n\t\t\t\t<div class=\"col-inner\"  >\n\t\t\t\n\t\t\t\n<div class=\"row row-large align-middle\"  id=\"row-1589357610\">\n\n\t<div id=\"col-1245531881\" class=\"col medium-4 small-12 large-6\"  >\n\t\t\t\t<div class=\"col-inner\"  >\n\t\t\t\n\t\t\t\n\n  <div class=\"banner has-hover\" id=\"banner-1367750178\">\n          <div class=\"banner-inner fill\">\n        <div class=\"banner-bg fill\" >\n            <div class=\"bg fill bg-fill\"><\/div>\n                                    \n                    <\/div>\n\t\t\n        <div class=\"banner-layers container\">\n            <div class=\"fill banner-link\"><\/div>            \n   <div id=\"text-box-1807012762\" class=\"text-box banner-layer x50 md-x50 lg-x50 y50 md-y50 lg-y50 res-text\">\n                                <div class=\"text-box-content text dark\">\n              \n              <div class=\"text-inner text-center\">\n                  \n              <\/div>\n           <\/div>\n                            \n<style>\n#text-box-1807012762 {\n  width: 60%;\n}\n#text-box-1807012762 .text-box-content {\n  font-size: 100%;\n}\n@media (min-width:550px) {\n  #text-box-1807012762 {\n    width: 60%;\n  }\n}\n<\/style>\n    <\/div>\n \n        <\/div>\n      <\/div>\n\n            \n<style>\n#banner-1367750178 {\n  padding-top: 99.99%;\n}\n#banner-1367750178 .bg.bg-loaded {\n  background-image: url(https:\/\/i0.wp.com\/jttlogos.com\/wp-content\/uploads\/2020\/05\/16-scaled.jpg?fit=1020%2C680&ssl=1);\n}\n@media (min-width:550px) {\n  #banner-1367750178 {\n    padding-top: 99.99%;\n  }\n}\n<\/style>\n  <\/div>\n\n\n\t\t<\/div>\n\t\t\t\t\t<\/div>\n\n\t\n\n\t<div id=\"col-776781709\" class=\"col medium-8 small-12 large-6\"  >\n\t\t\t\t<div class=\"col-inner\"  >\n\t\t\t\n\t\t\t\n<h3><strong>WHY CHOOSE US?<\/strong><\/h3>\n<p>*Najbardziej konkurencyjna cena i wysoka jako\u015b\u0107<br \/>*Silny zesp\u00f3\u0142 badawczo -rozwojowy i surowy system QC<br \/>*Terminowa dostawa<br \/>*Absolute satisfaction guaranteed: We will offer you the best value for your money without any waste<\/p>\n\t\t<\/div>\n\t\t\t\t\t<\/div>\n\n\t\n<\/div>\n<div class=\"row row-large align-middle\"  id=\"row-329586695\">\n\n\t<div id=\"col-1564773666\" class=\"col medium-8 small-12 large-6\"  >\n\t\t\t\t<div class=\"col-inner\"  >\n\t\t\t\n\t\t\t\n<h3><strong>Wsp\u00f3\u0142pracowa\u0107 z nami<\/strong><\/h3>\n<p>Our company provide top quality brand service for customers which is based on the service philosophy of \u201csurvival of quality, innovation for development, integrity as foundation, unity for strength\u201d. If you have the same core value, we\u2019ll have a great time working together.<\/p>\n\t\t<\/div>\n\t\t\t\t\t<\/div>\n\n\t\n\n\t<div id=\"col-734425854\" class=\"col medium-4 small-12 large-6 medium-col-first\"  >\n\t\t\t\t<div class=\"col-inner\"  >\n\t\t\t\n\t\t\t\n\n  <div class=\"banner has-hover\" id=\"banner-303511750\">\n          <div class=\"banner-inner fill\">\n        <div class=\"banner-bg fill\" >\n            <div class=\"bg fill bg-fill\"><\/div>\n                                    \n                    <\/div>\n\t\t\n        <div class=\"banner-layers container\">\n            <div class=\"fill banner-link\"><\/div>            \n   <div id=\"text-box-2131664123\" class=\"text-box banner-layer x50 md-x50 lg-x50 y50 md-y50 lg-y50 res-text\">\n                                <div class=\"text-box-content text dark\">\n              \n              <div class=\"text-inner text-center\">\n                  \n              <\/div>\n           <\/div>\n                            \n<style>\n#text-box-2131664123 {\n  width: 60%;\n}\n#text-box-2131664123 .text-box-content {\n  font-size: 100%;\n}\n@media (min-width:550px) {\n  #text-box-2131664123 {\n    width: 60%;\n  }\n}\n<\/style>\n    <\/div>\n \n        <\/div>\n      <\/div>\n\n            \n<style>\n#banner-303511750 {\n  padding-top: 99.99%;\n}\n#banner-303511750 .bg.bg-loaded {\n  background-image: url(https:\/\/i0.wp.com\/jttlogos.com\/wp-content\/uploads\/2020\/05\/about-6.jpg?fit=640%2C426&ssl=1);\n}\n@media (min-width:550px) {\n  #banner-303511750 {\n    padding-top: 99.99%;\n  }\n}\n<\/style>\n  <\/div>\n\n\n\t\t<\/div>\n\t\t\t\t\t<\/div>\n\n\t\n<\/div>\n\t\t<\/div>\n\t\t\t\t\t<\/div>\n\n\t\n<\/div>\n\t\t<\/div>\n\n\t\t\n<style>\n#section_1732814415 {\n  padding-top: 80px;\n  padding-bottom: 80px;\n  background-color: rgb(244, 244, 244);\n}\n<\/style>\n\t<\/section>\n\t\n<div class=\"row align-center\"  id=\"row-1543193614\">\n\n\t<div id=\"col-342894757\" class=\"col small-12 large-12\"  >\n\t\t\t\t<div class=\"col-inner\"  >\n\t\t\t\n\t\t\t\n<div class=\"row\"  id=\"row-830985333\">\n\n\t<div id=\"col-1832601050\" class=\"col small-12 large-12\"  >\n\t\t\t\t<div class=\"col-inner\"  >\n\t\t\t\n\t\t\t\n\t<div class=\"img has-hover x md-x lg-x y md-y lg-y\" id=\"image_1175185311\">\n\t\t\t\t\t\t\t\t<div class=\"img-inner dark\" >\n\t\t\t<img decoding=\"async\" width=\"800\" height=\"800\" src=\"https:\/\/i0.wp.com\/jttlogos.com\/wp-content\/uploads\/2020\/09\/Working-Environment-1.png?fit=800%2C800&amp;ssl=1\" class=\"attachment-large size-large\" alt=\"\" srcset=\"https:\/\/i0.wp.com\/jttlogos.com\/wp-content\/uploads\/2020\/09\/Working-Environment-1.png?w=3000&amp;ssl=1 3000w, https:\/\/i0.wp.com\/jttlogos.com\/wp-content\/uploads\/2020\/09\/Working-Environment-1.png?resize=100%2C100&amp;ssl=1 100w, https:\/\/i0.wp.com\/jttlogos.com\/wp-content\/uploads\/2020\/09\/Working-Environment-1.png?resize=510%2C510&amp;ssl=1 510w, https:\/\/i0.wp.com\/jttlogos.com\/wp-content\/uploads\/2020\/09\/Working-Environment-1.png?resize=300%2C300&amp;ssl=1 300w, https:\/\/i0.wp.com\/jttlogos.com\/wp-content\/uploads\/2020\/09\/Working-Environment-1.png?resize=1024%2C1024&amp;ssl=1 1024w, https:\/\/i0.wp.com\/jttlogos.com\/wp-content\/uploads\/2020\/09\/Working-Environment-1.png?resize=150%2C150&amp;ssl=1 150w, https:\/\/i0.wp.com\/jttlogos.com\/wp-content\/uploads\/2020\/09\/Working-Environment-1.png?resize=768%2C768&amp;ssl=1 768w, https:\/\/i0.wp.com\/jttlogos.com\/wp-content\/uploads\/2020\/09\/Working-Environment-1.png?resize=1536%2C1536&amp;ssl=1 1536w, https:\/\/i0.wp.com\/jttlogos.com\/wp-content\/uploads\/2020\/09\/Working-Environment-1.png?resize=2048%2C2048&amp;ssl=1 2048w\" sizes=\"(max-width: 800px) 100vw, 800px\" title=\"\">\t\t\t\t\t\t\n\t\t\t\t\t<\/div>\n\t\t\t\t\t\t\t\t\n<style>\n#image_1175185311 {\n  width: 100%;\n}\n<\/style>\n\t<\/div>\n\t\n\t\t<\/div>\n\t\t\t\t\t<\/div>\n\n\t\n<\/div>\n\t\t<\/div>\n\t\t\t\t\t<\/div>\n\n\t\n<\/div>","protected":false},"excerpt":{"rendered":"","protected":false},"author":1,"featured_media":2327,"parent":0,"menu_order":0,"comment_status":"closed","ping_status":"closed","template":"","meta":{"footnotes":""},"class_list":["post-103","page","type-page","status-publish","has-post-thumbnail","hentry"],"jetpack-related-posts":[],"jetpack_sharing_enabled":true,"_links":{"self":[{"href":"https:\/\/jttlogos.com\/pl\/wp-json\/wp\/v2\/pages\/103","targetHints":{"allow":["GET"]}}],"collection":[{"href":"https:\/\/jttlogos.com\/pl\/wp-json\/wp\/v2\/pages"}],"about":[{"href":"https:\/\/jttlogos.com\/pl\/wp-json\/wp\/v2\/types\/page"}],"author":[{"embeddable":true,"href":"https:\/\/jttlogos.com\/pl\/wp-json\/wp\/v2\/users\/1"}],"replies":[{"embeddable":true,"href":"https:\/\/jttlogos.com\/pl\/wp-json\/wp\/v2\/comments?post=103"}],"version-history":[{"count":0,"href":"https:\/\/jttlogos.com\/pl\/wp-json\/wp\/v2\/pages\/103\/revisions"}],"wp:featuredmedia":[{"embeddable":true,"href":"https:\/\/jttlogos.com\/pl\/wp-json\/wp\/v2\/media\/2327"}],"wp:attachment":[{"href":"https:\/\/jttlogos.com\/pl\/wp-json\/wp\/v2\/media?parent=103"}],"curies":[{"name":"wp","href":"https:\/\/api.w.org\/{rel}","templated":true}]}}