{"id":117,"date":"2018-03-06T10:38:48","date_gmt":"2018-03-06T10:38:48","guid":{"rendered":"https:\/\/xml-io.proteusthemes.com\/woondershop-amazon\/?page_id=117"},"modified":"2024-03-30T09:44:02","modified_gmt":"2024-03-30T09:44:02","slug":"help-faqs","status":"publish","type":"page","link":"https:\/\/jttlogos.com\/pl\/pomoc-faq\/","title":{"rendered":"Pomoc i FAQ"},"content":{"rendered":"<div class=\"row\"  id=\"row-1295712199\">\n\n\t<div id=\"col-963607310\" class=\"col small-12 large-12\"  >\n\t\t\t\t<div class=\"col-inner\"  >\n\t\t\t\n\t\t\t\n<div class=\"accordion\">\n\t<div id=\"accordion-3655204624\" class=\"accordion-item\">\n\t\t<a id=\"accordion-3655204624-label\" class=\"accordion-title plain\" href=\"#accordion-item-is-your-company-a-manufacturer-or-trader?\" aria-expanded=\"false\" aria-controls=\"accordion-3655204624-content\" >\n\t\t\t<button class=\"toggle\" aria-label=\"D\u017awignia kolankowa\"><i class=\"icon-angle-down\"><\/i><\/button>\n\t\t\t<span>Is your company a manufacturer or trader?<\/span>\n\t\t<\/a>\n\t\t<div id=\"accordion-3655204624-content\" class=\"accordion-inner\" aria-labelledby=\"accordion-3655204624-label\" >\n\t\t\t\n<p>Jeste\u015bmy producentem w Shenzhen w Chinach, z ponad 14 -letnim do\u015bwiadczeniem.<\/p>\n\t\t<\/div>\n\t<\/div>\n\t\n\t<div id=\"accordion-513469280\" class=\"accordion-item\">\n\t\t<a id=\"accordion-513469280-label\" class=\"accordion-title plain\" href=\"#accordion-item-can-i-customize-my-logo\uff1f\" aria-expanded=\"false\" aria-controls=\"accordion-513469280-content\" >\n\t\t\t<button class=\"toggle\" aria-label=\"D\u017awignia kolankowa\"><i class=\"icon-angle-down\"><\/i><\/button>\n\t\t\t<span>Czy mog\u0119 dostosowa\u0107 moje logo\uff1f<\/span>\n\t\t<\/a>\n\t\t<div id=\"accordion-513469280-content\" class=\"accordion-inner\" aria-labelledby=\"accordion-513469280-label\" >\n\t\t\t\n<p>Jasne. Mo\u017cemy stworzy\u0107 dowolny kszta\u0142t, kolor, rozmiar i wyko\u0144czenie powierzchni.<\/p>\n\t\t<\/div>\n\t<\/div>\n\t\n\t<div id=\"accordion-3582212419\" class=\"accordion-item\">\n\t\t<a id=\"accordion-3582212419-label\" class=\"accordion-title plain\" href=\"#accordion-item-how-to-place-an-order?-what-information-should-be-provided-when-ordering?\" aria-expanded=\"false\" aria-controls=\"accordion-3582212419-content\" >\n\t\t\t<button class=\"toggle\" aria-label=\"D\u017awignia kolankowa\"><i class=\"icon-angle-down\"><\/i><\/button>\n\t\t\t<span>Jak z\u0142o\u017cy\u0107 zam\u00f3wienie? Jakie informacje nale\u017cy poda\u0107 przy zamawianiu?<\/span>\n\t\t<\/a>\n\t\t<div id=\"accordion-3582212419-content\" class=\"accordion-inner\" aria-labelledby=\"accordion-3582212419-label\" >\n\t\t\t\n<p>Poinformuj nas poczt\u0105 elektroniczn\u0105 lub telefon: Materia\u0142, kszta\u0142t, kolor, rozmiar, grubo\u015b\u0107, wyko\u0144czenie powierzchni itp. Je\u015bli masz ju\u017c sw\u00f3j plik graficzny (plik projektowy), wy\u015blij go do nas. Ilo\u015b\u0107 i dane kontaktowe.<\/p>\n\t\t<\/div>\n\t<\/div>\n\t\n\t<div id=\"accordion-1976947958\" class=\"accordion-item\">\n\t\t<a id=\"accordion-1976947958-label\" class=\"accordion-title plain\" href=\"#accordion-item-what-is-your-minimum-order-quantity(moq)?\" aria-expanded=\"false\" aria-controls=\"accordion-1976947958-content\" >\n\t\t\t<button class=\"toggle\" aria-label=\"D\u017awignia kolankowa\"><i class=\"icon-angle-down\"><\/i><\/button>\n\t\t\t<span>Jaka jest twoja minimalna ilo\u015b\u0107 zam\u00f3wienia (MOQ)?<\/span>\n\t\t<\/a>\n\t\t<div id=\"accordion-1976947958-content\" class=\"accordion-inner\" aria-labelledby=\"accordion-1976947958-label\" >\n\t\t\t\n<p>Nasz genera\u0142 MOQ to 500pcs, je\u015bli istniej\u0105 ma\u0142e ilo\u015bci, prosimy o swobod\u0119 <a href=\"https:\/\/jttlogos.com\/pl\/dostosowywanie\/\" data-abc=\"true\">Skontaktuj si\u0119 z nami w celu wyceny.<\/a><\/p>\n\t\t<\/div>\n\t<\/div>\n\t\n\t<div id=\"accordion-1786831342\" class=\"accordion-item\">\n\t\t<a id=\"accordion-1786831342-label\" class=\"accordion-title plain\" href=\"#accordion-item-what-kind-of-file-format-do-you-need?\" aria-expanded=\"false\" aria-controls=\"accordion-1786831342-content\" >\n\t\t\t<button class=\"toggle\" aria-label=\"D\u017awignia kolankowa\"><i class=\"icon-angle-down\"><\/i><\/button>\n\t\t\t<span>Jakiego rodzaju formatu plik\u00f3w potrzebujesz?<\/span>\n\t\t<\/a>\n\t\t<div id=\"accordion-1786831342-content\" class=\"accordion-inner\" aria-labelledby=\"accordion-1786831342-label\" >\n\t\t\t\n<p>Potrzebujemy pliku wektorowego PDF, AI, CAD, CDR itp.<\/p>\n\t\t<\/div>\n\t<\/div>\n\t\n\t<div id=\"accordion-2089728817\" class=\"accordion-item\">\n\t\t<a id=\"accordion-2089728817-label\" class=\"accordion-title plain\" href=\"#accordion-item-how-much-shipping-cost-do-i-charge?\" aria-expanded=\"false\" aria-controls=\"accordion-2089728817-content\" >\n\t\t\t<button class=\"toggle\" aria-label=\"D\u017awignia kolankowa\"><i class=\"icon-angle-down\"><\/i><\/button>\n\t\t\t<span>Ile koszt\u00f3w wysy\u0142ki pobieram?<\/span>\n\t\t<\/a>\n\t\t<div id=\"accordion-2089728817-content\" class=\"accordion-inner\" aria-labelledby=\"accordion-2089728817-label\" >\n\t\t\t\n<p>Mo\u017cemy u\u017cy\u0107 DHL, UPS, TNT, FedEx itp. Jego koszty zale\u017cy od twojego rzeczywistego zam\u00f3wienia, prosimy o kontakt z nami, aby uzyska\u0107 wycen\u0119.<\/p>\n\t\t<\/div>\n\t<\/div>\n\t\n\t<div id=\"accordion-2731404951\" class=\"accordion-item\">\n\t\t<a id=\"accordion-2731404951-label\" class=\"accordion-title plain\" href=\"#accordion-item-how-long-is-the-production-time?\" aria-expanded=\"false\" aria-controls=\"accordion-2731404951-content\" >\n\t\t\t<button class=\"toggle\" aria-label=\"D\u017awignia kolankowa\"><i class=\"icon-angle-down\"><\/i><\/button>\n\t\t\t<span>Jak d\u0142ugo trwa czas produkcji?<\/span>\n\t\t<\/a>\n\t\t<div id=\"accordion-2731404951-content\" class=\"accordion-inner\" aria-labelledby=\"accordion-2731404951-label\" >\n\t\t\t\n<p>Pr\u00f3bki zajmuj\u0105 1-3 dni robocze, a masowa produkcja zajmuje 3-7 dni roboczych. Dok\u0142adny czas zale\u017cy od rzeczywistej kolejno\u015bci.<\/p>\n\t\t<\/div>\n\t<\/div>\n\t\n\t<div id=\"accordion-1386713270\" class=\"accordion-item\">\n\t\t<a id=\"accordion-1386713270-label\" class=\"accordion-title plain\" href=\"#accordion-item-how-do-i-pay-for-my-order?\" aria-expanded=\"false\" aria-controls=\"accordion-1386713270-content\" >\n\t\t\t<button class=\"toggle\" aria-label=\"D\u017awignia kolankowa\"><i class=\"icon-angle-down\"><\/i><\/button>\n\t\t\t<span>Jak zap\u0142aci\u0107 za zam\u00f3wienie?<\/span>\n\t\t<\/a>\n\t\t<div id=\"accordion-1386713270-content\" class=\"accordion-inner\" aria-labelledby=\"accordion-1386713270-label\" >\n\t\t\t\n<p>P\u0142atno\u015b\u0107 karty kredytowej, PayPal, przelew bankowy, Zwi\u0105zek Western, Zam\u00f3wienie Alibaba Trade Assurance, L\/C, T\/T itp.<\/p>\n\t\t<\/div>\n\t<\/div>\n\t\n\t<div id=\"accordion-1264685155\" class=\"accordion-item\">\n\t\t<a id=\"accordion-1264685155-label\" class=\"accordion-title plain\" href=\"#accordion-item-do-you-provide-samples?-is-it-free?\" aria-expanded=\"false\" aria-controls=\"accordion-1264685155-content\" >\n\t\t\t<button class=\"toggle\" aria-label=\"D\u017awignia kolankowa\"><i class=\"icon-angle-down\"><\/i><\/button>\n\t\t\t<span>Czy dostarczasz pr\u00f3bki? Czy to jest bezp\u0142atne?<\/span>\n\t\t<\/a>\n\t\t<div id=\"accordion-1264685155-content\" class=\"accordion-inner\" aria-labelledby=\"accordion-1264685155-label\" >\n\t\t\t\n<p>Tak, mo\u017cemy dostarczy\u0107 bezp\u0142atne pr\u00f3bki, kt\u00f3re zrobili\u015bmy wcze\u015bniej, ale koszty wysy\u0142ki musz\u0105 zosta\u0107 op\u0142acone przez Ciebie.<\/p>\n\t\t<\/div>\n\t<\/div>\n\t\n\t<div id=\"accordion-3763171807\" class=\"accordion-item\">\n\t\t<a id=\"accordion-3763171807-label\" class=\"accordion-title plain\" href=\"#accordion-item-how-to-guarantee-the-quality?\" aria-expanded=\"false\" aria-controls=\"accordion-3763171807-content\" >\n\t\t\t<button class=\"toggle\" aria-label=\"D\u017awignia kolankowa\"><i class=\"icon-angle-down\"><\/i><\/button>\n\t\t\t<span>Jak zagwarantowa\u0107 jako\u015b\u0107?<\/span>\n\t\t<\/a>\n\t\t<div id=\"accordion-3763171807-content\" class=\"accordion-inner\" aria-labelledby=\"accordion-3763171807-label\" >\n\t\t\t\n<p>Ka\u017cdy krok produkcji i gotowych produkt\u00f3w musi by\u0107 sprawdzony przez nasz dzia\u0142 QC przed wysy\u0142k\u0105.<\/p>\n\t\t<\/div>\n\t<\/div>\n\t\n<\/div>\n\t\t<\/div>\n\t\t\t\t\t<\/div>\n\n\t\n<\/div>","protected":false},"excerpt":{"rendered":"","protected":false},"author":1,"featured_media":2327,"parent":0,"menu_order":0,"comment_status":"closed","ping_status":"closed","template":"page-blank-title-center.php","meta":{"footnotes":""},"class_list":["post-117","page","type-page","status-publish","has-post-thumbnail","hentry"],"jetpack-related-posts":[],"jetpack_sharing_enabled":true,"_links":{"self":[{"href":"https:\/\/jttlogos.com\/pl\/wp-json\/wp\/v2\/pages\/117","targetHints":{"allow":["GET"]}}],"collection":[{"href":"https:\/\/jttlogos.com\/pl\/wp-json\/wp\/v2\/pages"}],"about":[{"href":"https:\/\/jttlogos.com\/pl\/wp-json\/wp\/v2\/types\/page"}],"author":[{"embeddable":true,"href":"https:\/\/jttlogos.com\/pl\/wp-json\/wp\/v2\/users\/1"}],"replies":[{"embeddable":true,"href":"https:\/\/jttlogos.com\/pl\/wp-json\/wp\/v2\/comments?post=117"}],"version-history":[{"count":0,"href":"https:\/\/jttlogos.com\/pl\/wp-json\/wp\/v2\/pages\/117\/revisions"}],"wp:featuredmedia":[{"embeddable":true,"href":"https:\/\/jttlogos.com\/pl\/wp-json\/wp\/v2\/media\/2327"}],"wp:attachment":[{"href":"https:\/\/jttlogos.com\/pl\/wp-json\/wp\/v2\/media?parent=117"}],"curies":[{"name":"wp","href":"https:\/\/api.w.org\/{rel}","templated":true}]}}