{"id":127,"date":"2018-03-06T11:05:29","date_gmt":"2018-03-06T11:05:29","guid":{"rendered":"https:\/\/xml-io.proteusthemes.com\/woondershop-amazon\/?page_id=127"},"modified":"2024-03-30T09:46:46","modified_gmt":"2024-03-30T09:46:46","slug":"delivery-options","status":"publish","type":"page","link":"https:\/\/jttlogos.com\/pl\/opcje-dostawy\/","title":{"rendered":"Opcje dostawy"},"content":{"rendered":"<div class=\"row\"  id=\"row-591747395\">\n\n\t<div id=\"col-1025618168\" class=\"col small-12 large-12\"  >\n\t\t\t\t<div class=\"col-inner\"  >\n\t\t\t\n\t\t\t\n<div class=\"accordion\">\n\t<div id=\"accordion-202552672\" class=\"accordion-item\">\n\t\t<a id=\"accordion-202552672-label\" class=\"accordion-title plain\" href=\"#accordion-item-are-your-products-shipped-all-over-the-world?\" aria-expanded=\"false\" aria-controls=\"accordion-202552672-content\" >\n\t\t\t<button class=\"toggle\" aria-label=\"D\u017awignia kolankowa\"><i class=\"icon-angle-down\"><\/i><\/button>\n\t\t\t<span>Czy Twoje produkty s\u0105 wysy\u0142ane na ca\u0142ym \u015bwiecie?<\/span>\n\t\t<\/a>\n\t\t<div id=\"accordion-202552672-content\" class=\"accordion-inner\" aria-labelledby=\"accordion-202552672-label\" >\n\t\t\t\n<p>Yes. We ship to the whole world.<\/p>\n\t\t<\/div>\n\t<\/div>\n\t\n\t<div id=\"accordion-921581251\" class=\"accordion-item\">\n\t\t<a id=\"accordion-921581251-label\" class=\"accordion-title plain\" href=\"#accordion-item-which-express-do-you-use?\" aria-expanded=\"false\" aria-controls=\"accordion-921581251-content\" >\n\t\t\t<button class=\"toggle\" aria-label=\"D\u017awignia kolankowa\"><i class=\"icon-angle-down\"><\/i><\/button>\n\t\t\t<span>Kt\u00f3rego ekspresu u\u017cywasz?<\/span>\n\t\t<\/a>\n\t\t<div id=\"accordion-921581251-content\" class=\"accordion-inner\" aria-labelledby=\"accordion-921581251-label\" >\n\t\t\t\n<p>DHL, FEDEX, TNT, UPS, EMS, EUB, etc.<\/p>\n\t\t<\/div>\n\t<\/div>\n\t\n\t<div id=\"accordion-3017765400\" class=\"accordion-item\">\n\t\t<a id=\"accordion-3017765400-label\" class=\"accordion-title plain\" href=\"#accordion-item-how-long-does-delivery-take?\" aria-expanded=\"false\" aria-controls=\"accordion-3017765400-content\" >\n\t\t\t<button class=\"toggle\" aria-label=\"D\u017awignia kolankowa\"><i class=\"icon-angle-down\"><\/i><\/button>\n\t\t\t<span>How long does delivery take?<\/span>\n\t\t<\/a>\n\t\t<div id=\"accordion-3017765400-content\" class=\"accordion-inner\" aria-labelledby=\"accordion-3017765400-label\" >\n\t\t\t\n<p>Og\u00f3lnie rzecz bior\u0105c, dotarcie do ca\u0142ego \u015bwiata zajmuje 3-20 dni roboczych. Nie wi\u0119cej ni\u017c 30 dni.<\/p>\n\t\t<\/div>\n\t<\/div>\n\t\n\t<div id=\"accordion-107443823\" class=\"accordion-item\">\n\t\t<a id=\"accordion-107443823-label\" class=\"accordion-title plain\" href=\"#accordion-item-will-my-order-be-delayed?\" aria-expanded=\"false\" aria-controls=\"accordion-107443823-content\" >\n\t\t\t<button class=\"toggle\" aria-label=\"D\u017awignia kolankowa\"><i class=\"icon-angle-down\"><\/i><\/button>\n\t\t\t<span>Czy moje zam\u00f3wienie zostanie op\u00f3\u017anione?<\/span>\n\t\t<\/a>\n\t\t<div id=\"accordion-107443823-content\" class=\"accordion-inner\" aria-labelledby=\"accordion-107443823-label\" >\n\t\t\t\n<p>Og\u00f3lnie rzecz bior\u0105c, nie b\u0119dzie op\u00f3\u017anienia. Ale je\u015bli uwa\u017camy, \u017ce dostawa zostanie op\u00f3\u017aniona, skontaktujemy si\u0119 z Tob\u0105 z wyprzedzeniem.<\/p>\n\t\t<\/div>\n\t<\/div>\n\t\n\t<div id=\"accordion-1267845909\" class=\"accordion-item\">\n\t\t<a id=\"accordion-1267845909-label\" class=\"accordion-title plain\" href=\"#accordion-item-do-you-ship-products-to-remote-areas?\" aria-expanded=\"false\" aria-controls=\"accordion-1267845909-content\" >\n\t\t\t<button class=\"toggle\" aria-label=\"D\u017awignia kolankowa\"><i class=\"icon-angle-down\"><\/i><\/button>\n\t\t\t<span>Czy wysy\u0142asz produkty do odleg\u0142ych obszar\u00f3w?<\/span>\n\t\t<\/a>\n\t\t<div id=\"accordion-1267845909-content\" class=\"accordion-inner\" aria-labelledby=\"accordion-1267845909-label\" >\n\t\t\t\n<p>Je\u015bli chcesz z\u0142o\u017cy\u0107 zam\u00f3wienie, skontaktuj si\u0119 z nami z wyprzedzeniem w celu potwierdzenia.<\/p>\n\t\t<\/div>\n\t<\/div>\n\t\n<\/div>\n\t\t<\/div>\n\t\t\t\t\t<\/div>\n\n\t\n\n\t<div id=\"col-112628029\" class=\"col small-12 large-12\"  >\n\t\t\t\t<div class=\"col-inner\"  >\n\t\t\t\n\t\t\t\n\t<div class=\"img has-hover x md-x lg-x y md-y lg-y\" id=\"image_1468274429\">\n\t\t\t\t\t\t\t\t<div class=\"img-inner dark\" >\n\t\t\t<img decoding=\"async\" width=\"990\" height=\"493\" src=\"https:\/\/i0.wp.com\/jttlogos.com\/wp-content\/uploads\/2020\/05\/SHIPPING.jpg?fit=990%2C493&amp;ssl=1\" class=\"attachment-large size-large\" alt=\"\" srcset=\"https:\/\/i0.wp.com\/jttlogos.com\/wp-content\/uploads\/2020\/05\/SHIPPING.jpg?w=990&amp;ssl=1 990w, https:\/\/i0.wp.com\/jttlogos.com\/wp-content\/uploads\/2020\/05\/SHIPPING.jpg?resize=510%2C254&amp;ssl=1 510w, https:\/\/i0.wp.com\/jttlogos.com\/wp-content\/uploads\/2020\/05\/SHIPPING.jpg?resize=300%2C149&amp;ssl=1 300w, https:\/\/i0.wp.com\/jttlogos.com\/wp-content\/uploads\/2020\/05\/SHIPPING.jpg?resize=768%2C382&amp;ssl=1 768w, https:\/\/i0.wp.com\/jttlogos.com\/wp-content\/uploads\/2020\/05\/SHIPPING.jpg?resize=350%2C175&amp;ssl=1 350w, https:\/\/i0.wp.com\/jttlogos.com\/wp-content\/uploads\/2020\/05\/SHIPPING.jpg?resize=800%2C398&amp;ssl=1 800w\" sizes=\"(max-width: 990px) 100vw, 990px\" title=\"\">\t\t\t\t\t\t\n\t\t\t\t\t<\/div>\n\t\t\t\t\t\t\t\t\n<style>\n#image_1468274429 {\n  width: 100%;\n}\n<\/style>\n\t<\/div>\n\t\n\t\t<\/div>\n\t\t\t\t\t<\/div>\n\n\t\n<\/div>","protected":false},"excerpt":{"rendered":"","protected":false},"author":1,"featured_media":0,"parent":0,"menu_order":0,"comment_status":"closed","ping_status":"closed","template":"page-blank-title-center.php","meta":{"footnotes":""},"class_list":["post-127","page","type-page","status-publish","hentry"],"jetpack-related-posts":[],"jetpack_sharing_enabled":true,"_links":{"self":[{"href":"https:\/\/jttlogos.com\/pl\/wp-json\/wp\/v2\/pages\/127","targetHints":{"allow":["GET"]}}],"collection":[{"href":"https:\/\/jttlogos.com\/pl\/wp-json\/wp\/v2\/pages"}],"about":[{"href":"https:\/\/jttlogos.com\/pl\/wp-json\/wp\/v2\/types\/page"}],"author":[{"embeddable":true,"href":"https:\/\/jttlogos.com\/pl\/wp-json\/wp\/v2\/users\/1"}],"replies":[{"embeddable":true,"href":"https:\/\/jttlogos.com\/pl\/wp-json\/wp\/v2\/comments?post=127"}],"version-history":[{"count":0,"href":"https:\/\/jttlogos.com\/pl\/wp-json\/wp\/v2\/pages\/127\/revisions"}],"wp:attachment":[{"href":"https:\/\/jttlogos.com\/pl\/wp-json\/wp\/v2\/media?parent=127"}],"curies":[{"name":"wp","href":"https:\/\/api.w.org\/{rel}","templated":true}]}}