{"id":129,"date":"2018-03-06T11:06:12","date_gmt":"2018-03-06T11:06:12","guid":{"rendered":"https:\/\/xml-io.proteusthemes.com\/woondershop-amazon\/?page_id=129"},"modified":"2024-03-30T09:58:17","modified_gmt":"2024-03-30T09:58:17","slug":"returns-policy","status":"publish","type":"page","link":"https:\/\/jttlogos.com\/pl\/zwraca-zasady\/","title":{"rendered":"Zwraca zasady"},"content":{"rendered":"<div class=\"row\"  id=\"row-230204263\">\n\n\t<div id=\"col-601959287\" class=\"col small-12 large-12\"  >\n\t\t\t\t<div class=\"col-inner\"  >\n\t\t\t\n\t\t\t\n<p>This relies upon the strategy you return it back to us, assuming express and followed, your discount will be handled in up to 3 days after we get it back. A run of the mill discount will take up to 21 days, that is 14 days you returning and us handling with up to 7 days for it to advance through the saving money framework. The discount will backpedal to the installment strategy you utilized while putting in your request, once we\u2019ve done our bit you\u2019ll get an email affirming it\u2019s headed. In the event that you\u2019ve held up over 14 days with no email from us at that point please connect by heading off to the \u2018Contact Us\u2019 tab on this page.<\/p>\n\t\t<\/div>\n\t\t\t\t\t<\/div>\n\n\t\n\n\t<div id=\"col-1655267443\" class=\"col small-12 large-12\"  >\n\t\t\t\t<div class=\"col-inner\"  >\n\t\t\t\n\t\t\t\n<div class=\"accordion\">\n\t<div id=\"accordion-3217257675\" class=\"accordion-item\">\n\t\t<a id=\"accordion-3217257675-label\" class=\"accordion-title plain\" href=\"#accordion-item-i-am-an-international-customer.-have-you-received-my-return?\" aria-expanded=\"false\" aria-controls=\"accordion-3217257675-content\" >\n\t\t\t<button class=\"toggle\" aria-label=\"D\u017awignia kolankowa\"><i class=\"icon-angle-down\"><\/i><\/button>\n\t\t\t<span>I am an international customer. Have you received my return?<\/span>\n\t\t<\/a>\n\t\t<div id=\"accordion-3217257675-content\" class=\"accordion-inner\" aria-labelledby=\"accordion-3217257675-label\" >\n\t\t\t\n<p>Please contact our staff before returning the products. Once our distribution center receives your return, we will email you. We will deal with it within 5-10 working days. If you\u2019ve returned more than one order in the same package, please allow up to 24 hours for all returned items to be processed. The time it takes for your package to reach us varies depending on where you are returning it from.<\/p>\n\t\t<\/div>\n\t<\/div>\n\t\n\t<div id=\"accordion-883311179\" class=\"accordion-item\">\n\t\t<a id=\"accordion-883311179-label\" class=\"accordion-title plain\" href=\"#accordion-item-what-is-your-international-returns-policy?\" aria-expanded=\"false\" aria-controls=\"accordion-883311179-content\" >\n\t\t\t<button class=\"toggle\" aria-label=\"D\u017awignia kolankowa\"><i class=\"icon-angle-down\"><\/i><\/button>\n\t\t\t<span>Jaka jest Twoja polityka zwrotu mi\u0119dzynarodowych?<\/span>\n\t\t<\/a>\n\t\t<div id=\"accordion-883311179-content\" class=\"accordion-inner\" aria-labelledby=\"accordion-883311179-label\" >\n\t\t\t\n<p>Once our distribution center has received your return, we\u2019ll email you to inform you that your refund has been issued. It can then take 5-10 working days for the funds to appear in your account. If you\u2019ve returned more than one order in the same package, please allow up to 24 hours for all returned items to be processed. The time it takes for your package to reach us varies depending on where you are returning it from.<\/p>\n\t\t<\/div>\n\t<\/div>\n\t\n\t<div id=\"accordion-3829778130\" class=\"accordion-item\">\n\t\t<a id=\"accordion-3829778130-label\" class=\"accordion-title plain\" href=\"#accordion-item-how-can-i-get-a-new-returns-note?\" aria-expanded=\"false\" aria-controls=\"accordion-3829778130-content\" >\n\t\t\t<button class=\"toggle\" aria-label=\"D\u017awignia kolankowa\"><i class=\"icon-angle-down\"><\/i><\/button>\n\t\t\t<span>How can I get a new returns note?<\/span>\n\t\t<\/a>\n\t\t<div id=\"accordion-3829778130-content\" class=\"accordion-inner\" aria-labelledby=\"accordion-3829778130-label\" >\n\t\t\t\n<p>Once our distribution center has received your return, we\u2019ll email you to inform you that your refund has been issued. It can then take 5-10 working days for the funds to appear in your account. If you\u2019ve returned more than one order in the same package, please allow up to 24 hours for all returned items to be processed. The time it takes for your package to reach us varies depending on where you are returning it from.<\/p>\n\t\t<\/div>\n\t<\/div>\n\t\n\t<div id=\"accordion-2723808109\" class=\"accordion-item\">\n\t\t<a id=\"accordion-2723808109-label\" class=\"accordion-title plain\" href=\"#accordion-item-what-should-i-do-if-my-order-hasn&#039;t-been-delivered-yet?\" aria-expanded=\"false\" aria-controls=\"accordion-2723808109-content\" >\n\t\t\t<button class=\"toggle\" aria-label=\"D\u017awignia kolankowa\"><i class=\"icon-angle-down\"><\/i><\/button>\n\t\t\t<span>Co powinienem zrobi\u0107, je\u015bli moje zam\u00f3wienie nie zosta\u0142o jeszcze dostarczone?<\/span>\n\t\t<\/a>\n\t\t<div id=\"accordion-2723808109-content\" class=\"accordion-inner\" aria-labelledby=\"accordion-2723808109-label\" >\n\t\t\t\n<p>Once our distribution center has received your return, we\u2019ll email you to inform you that your refund has been issued. It can then take 5-10 working days for the funds to appear in your account. If you\u2019ve returned more than one order in the same package, please allow up to 24 hours for all returned items to be processed. The time it takes for your package to reach us varies depending on where you are returning it from.<\/p>\n\t\t<\/div>\n\t<\/div>\n\t\n\t<div id=\"accordion-3885305389\" class=\"accordion-item\">\n\t\t<a id=\"accordion-3885305389-label\" class=\"accordion-title plain\" href=\"#accordion-item-i&#039;m-an-international-customer.-how-do-i-return-something-to-you?\" aria-expanded=\"false\" aria-controls=\"accordion-3885305389-content\" >\n\t\t\t<button class=\"toggle\" aria-label=\"D\u017awignia kolankowa\"><i class=\"icon-angle-down\"><\/i><\/button>\n\t\t\t<span>I'm an International customer. How do I return something to you?<\/span>\n\t\t<\/a>\n\t\t<div id=\"accordion-3885305389-content\" class=\"accordion-inner\" aria-labelledby=\"accordion-3885305389-label\" >\n\t\t\t\n<p>Once our distribution center has received your return, we\u2019ll email you to inform you that your refund has been issued. It can then take 5-10 working days for the funds to appear in your account. If you\u2019ve returned more than one order in the same package, please allow up to 24 hours for all returned items to be processed. The time it takes for your package to reach us varies depending on where you are returning it from.<\/p>\n\t\t<\/div>\n\t<\/div>\n\t\n<\/div>\n\t\t<\/div>\n\t\t\t\t\t<\/div>\n\n\t\n<\/div>","protected":false},"excerpt":{"rendered":"","protected":false},"author":1,"featured_media":0,"parent":0,"menu_order":0,"comment_status":"closed","ping_status":"closed","template":"page-blank-title-center.php","meta":{"footnotes":""},"class_list":["post-129","page","type-page","status-publish","hentry"],"jetpack-related-posts":[],"jetpack_sharing_enabled":true,"_links":{"self":[{"href":"https:\/\/jttlogos.com\/pl\/wp-json\/wp\/v2\/pages\/129","targetHints":{"allow":["GET"]}}],"collection":[{"href":"https:\/\/jttlogos.com\/pl\/wp-json\/wp\/v2\/pages"}],"about":[{"href":"https:\/\/jttlogos.com\/pl\/wp-json\/wp\/v2\/types\/page"}],"author":[{"embeddable":true,"href":"https:\/\/jttlogos.com\/pl\/wp-json\/wp\/v2\/users\/1"}],"replies":[{"embeddable":true,"href":"https:\/\/jttlogos.com\/pl\/wp-json\/wp\/v2\/comments?post=129"}],"version-history":[{"count":0,"href":"https:\/\/jttlogos.com\/pl\/wp-json\/wp\/v2\/pages\/129\/revisions"}],"wp:attachment":[{"href":"https:\/\/jttlogos.com\/pl\/wp-json\/wp\/v2\/media?parent=129"}],"curies":[{"name":"wp","href":"https:\/\/api.w.org\/{rel}","templated":true}]}}