{"id":1883,"date":"2020-05-01T13:47:03","date_gmt":"2020-05-01T13:47:03","guid":{"rendered":"https:\/\/jttlogos.com\/?page_id=1883"},"modified":"2024-03-30T09:59:03","modified_gmt":"2024-03-30T09:59:03","slug":"taxes-policy","status":"publish","type":"page","link":"https:\/\/jttlogos.com\/pl\/polityka-podatkow\/","title":{"rendered":"Polityka podatk\u00f3w"},"content":{"rendered":"<div class=\"row\"  id=\"row-606716518\">\n\n\t<div id=\"col-604902341\" class=\"col small-12 large-12\"  >\n\t\t\t\t<div class=\"col-inner\"  >\n\t\t\t\n\t\t\t\n<div class=\"accordion\">\n\t<div id=\"accordion-1387745622\" class=\"accordion-item\">\n\t\t<a id=\"accordion-1387745622-label\" class=\"accordion-title plain\" href=\"#accordion-item-do-you-charge-sales-tax?\" aria-expanded=\"false\" aria-controls=\"accordion-1387745622-content\" >\n\t\t\t<button class=\"toggle\" aria-label=\"D\u017awignia kolankowa\"><i class=\"icon-angle-down\"><\/i><\/button>\n\t\t\t<span>Czy pobierasz podatek od sprzeda\u017cy?<\/span>\n\t\t<\/a>\n\t\t<div id=\"accordion-1387745622-content\" class=\"accordion-inner\" aria-labelledby=\"accordion-1387745622-label\" >\n\t\t\t\n<p>Nie. Na \u015bwiecie nie ma podatku od sprzeda\u017cy.<\/p>\n\t\t<\/div>\n\t<\/div>\n\t\n\t<div id=\"accordion-232378531\" class=\"accordion-item\">\n\t\t<a id=\"accordion-232378531-label\" class=\"accordion-title plain\" href=\"#accordion-item-do-you-charge-custom-taxes?\" aria-expanded=\"false\" aria-controls=\"accordion-232378531-content\" >\n\t\t\t<button class=\"toggle\" aria-label=\"D\u017awignia kolankowa\"><i class=\"icon-angle-down\"><\/i><\/button>\n\t\t\t<span>Czy pobierasz niestandardowe podatki?<\/span>\n\t\t<\/a>\n\t\t<div id=\"accordion-232378531-content\" class=\"accordion-inner\" aria-labelledby=\"accordion-232378531-label\" >\n\t\t\t\n<p>Nie. Nie pobieramy \u017cadnych niestandardowych podatk\u00f3w. Nale\u017cy pami\u0119ta\u0107, \u017ce zwyczaje w r\u00f3\u017cnych krajach mog\u0105 obci\u0105\u017ca\u0107 podatki niestandardowe. Jest to poza nasz\u0105 kontrol\u0105 i nie p\u0142acimy \u017cadnych niestandardowych podatk\u00f3w dla naszych klient\u00f3w.<\/p>\n\t\t<\/div>\n\t<\/div>\n\t\n\t<div id=\"accordion-2957183224\" class=\"accordion-item\">\n\t\t<a id=\"accordion-2957183224-label\" class=\"accordion-title plain\" href=\"#accordion-item-do-you-have-hidden-fees?\" aria-expanded=\"false\" aria-controls=\"accordion-2957183224-content\" >\n\t\t\t<button class=\"toggle\" aria-label=\"D\u017awignia kolankowa\"><i class=\"icon-angle-down\"><\/i><\/button>\n\t\t\t<span>Czy masz ukryte op\u0142aty?<\/span>\n\t\t<\/a>\n\t\t<div id=\"accordion-2957183224-content\" class=\"accordion-inner\" aria-labelledby=\"accordion-2957183224-label\" >\n\t\t\t\n<p>Nie. Cena sprzeda\u017cy produktu to ca\u0142kowita kwota, kt\u00f3r\u0105 powiniene\u015b zap\u0142aci\u0107.<\/p>\n\t\t<\/div>\n\t<\/div>\n\t\n\t<div id=\"accordion-595366256\" class=\"accordion-item\">\n\t\t<a id=\"accordion-595366256-label\" class=\"accordion-title plain\" href=\"#accordion-item-what-should-i-do-if-i-have-a-problem-with-taxes?\" aria-expanded=\"false\" aria-controls=\"accordion-595366256-content\" >\n\t\t\t<button class=\"toggle\" aria-label=\"D\u017awignia kolankowa\"><i class=\"icon-angle-down\"><\/i><\/button>\n\t\t\t<span>Co powinienem zrobi\u0107, je\u015bli mam problem z podatkami?<\/span>\n\t\t<\/a>\n\t\t<div id=\"accordion-595366256-content\" class=\"accordion-inner\" aria-labelledby=\"accordion-595366256-label\" >\n\t\t\t\n<p>Skontaktuj si\u0119 z nami, a my do\u0142o\u017cymy wszelkich stara\u0144, aby Ci pom\u00f3c.<\/p>\n\t\t<\/div>\n\t<\/div>\n\t\n<\/div>\n\t\t<\/div>\n\t\t\t\t\t<\/div>\n\n\t\n<\/div>","protected":false},"excerpt":{"rendered":"","protected":false},"author":1,"featured_media":0,"parent":0,"menu_order":0,"comment_status":"closed","ping_status":"closed","template":"page-blank-title-center.php","meta":{"footnotes":""},"class_list":["post-1883","page","type-page","status-publish","hentry"],"jetpack-related-posts":[],"jetpack_sharing_enabled":true,"_links":{"self":[{"href":"https:\/\/jttlogos.com\/pl\/wp-json\/wp\/v2\/pages\/1883","targetHints":{"allow":["GET"]}}],"collection":[{"href":"https:\/\/jttlogos.com\/pl\/wp-json\/wp\/v2\/pages"}],"about":[{"href":"https:\/\/jttlogos.com\/pl\/wp-json\/wp\/v2\/types\/page"}],"author":[{"embeddable":true,"href":"https:\/\/jttlogos.com\/pl\/wp-json\/wp\/v2\/users\/1"}],"replies":[{"embeddable":true,"href":"https:\/\/jttlogos.com\/pl\/wp-json\/wp\/v2\/comments?post=1883"}],"version-history":[{"count":0,"href":"https:\/\/jttlogos.com\/pl\/wp-json\/wp\/v2\/pages\/1883\/revisions"}],"wp:attachment":[{"href":"https:\/\/jttlogos.com\/pl\/wp-json\/wp\/v2\/media?parent=1883"}],"curies":[{"name":"wp","href":"https:\/\/api.w.org\/{rel}","templated":true}]}}