{"id":1888,"date":"2020-05-01T13:50:52","date_gmt":"2020-05-01T13:50:52","guid":{"rendered":"https:\/\/jttlogos.com\/?page_id=1888"},"modified":"2024-03-30T09:59:59","modified_gmt":"2024-03-30T09:59:59","slug":"terms-of-use","status":"publish","type":"page","link":"https:\/\/jttlogos.com\/pl\/warunki-uzytkowania\/","title":{"rendered":"Terms of Use"},"content":{"rendered":"<div id=\"pl-1888\" class=\"panel-layout\">\n<div id=\"pg-1888-0\" class=\"panel-grid panel-no-style\">\n<div id=\"pgc-1888-0-0\" class=\"panel-grid-cell\" data-weight=\"1\">\n<div id=\"panel-1888-0-0-0\" class=\"so-panel widget widget_sow-editor panel-first-child panel-last-child\" data-index=\"0\" data-style=\"{&quot;background_image_attachment&quot;:false,&quot;background_display&quot;:&quot;tile&quot;}\">\n<div class=\"so-widget-sow-editor so-widget-sow-editor-base\">\n<div class=\"siteorigin-widget-tinymce textwidget\">\n<p>JTT oferuje t\u0119 stron\u0119 internetow\u0105, w tym wszystkie informacje, narz\u0119dzia i us\u0142ugi dost\u0119pne z tej witryny dla Ciebie, u\u017cytkownika, uzale\u017cniony od akceptacji wszystkich warunk\u00f3w, zasad i powiadomie\u0144 podanych tutaj. Odwiedzaj\u0105c nasz\u0105 witryn\u0119 i\/ lub kupuj\u0105c od nas co\u015b od nas, anga\u017cujesz si\u0119 w nasz\u0105 \u201eus\u0142ug\u0119\u201d i zgadzasz si\u0119 by\u0107 zwi\u0105zanym z poni\u017cszymi warunkami (\u201eWarunki us\u0142ug\u201d, \u201eWarunki\u201d), w tym dodatkowe warunki i zasady, do kt\u00f3rych mo\u017cna znale\u017a\u0107 i\/ lub dost\u0119pne przez HiperLink. Niniejsze Warunki us\u0142ug maj\u0105 zastosowanie do wszystkich u\u017cytkownik\u00f3w witryny, w tym bez ogranicze\u0144 u\u017cytkownik\u00f3w, kt\u00f3rzy s\u0105 przegl\u0105darkami, dostawcami, klientami, kupcami i\/ lub wsp\u00f3\u0142pracownikami tre\u015bci. Przed dost\u0119pem lub skorzystaniem z naszej strony internetowej nale\u017cy przeczyta\u0107 niniejsze Warunki Us\u0142ugi.<\/p>\n<p>Uzyskuj\u0105c dost\u0119p do dowolnej cz\u0119\u015bci Witryny lub korzystanie z dowolnej cz\u0119\u015bci witryny, zgadzasz si\u0119 na zwi\u0105zanie niniejszych Warunk\u00f3w us\u0142ug. Je\u015bli nie zgadzasz si\u0119 na wszystkie warunki niniejszej Umowy, nie mo\u017cesz uzyska\u0107 dost\u0119pu do strony internetowej ani korzysta\u0107 z \u017cadnych us\u0142ug. Je\u017celi niniejsze Warunki \u015bwiadczenia us\u0142ug s\u0105 uwa\u017cane za ofert\u0119, akceptacja jest wyra\u017anie ograniczona do niniejszych Warunk\u00f3w \u015bwiadczenia us\u0142ug. Wszelkie nowe funkcje lub narz\u0119dzia dodane do obecnego sklepu b\u0119d\u0105 r\u00f3wnie\u017c podlega\u0107 Warunkom Us\u0142ugi. Mo\u017cesz przejrze\u0107 najbardziej aktualn\u0105 wersj\u0119 warunk\u00f3w us\u0142ugi w dowolnym momencie na tej stronie. Zastrzegamy sobie prawo do aktualizacji, zmiany lub zast\u0105pienia dowolnej cz\u0119\u015bci niniejszych Warunk\u00f3w us\u0142ug, publikuj\u0105c aktualizacje i\/lub zmiany na naszej stronie internetowej. Twoim obowi\u0105zkiem jest okresowe sprawdzanie tej strony pod k\u0105tem zmian. Dalsze korzystanie z Witryny lub dost\u0119p do strony po opublikowaniu wszelkich zmian stanowi akceptacj\u0119 tych zmian.<\/p>\n<p>Sekcja 1 - Warunki sklepu internetowego Uzgodniaj\u0105c niniejsze Warunki \u015bwiadczenia us\u0142ug, o\u015bwiadczasz, \u017ce jeste\u015b przynajmniej wiekiem wi\u0119kszo\u015bci w swoim stanie lub prowincji zamieszkania lub \u017ce jeste\u015b w wieku wi\u0119kszo\u015bci w swoim stanie lub prowincji zamieszkania i wyrazi\u0142e\u015b zgod\u0119 na pozwolenie kt\u00f3regokolwiek z twoich mniejszych os\u00f3b pozostaj\u0105cych na utrzymaniu. Nie mo\u017cesz u\u017cywa\u0107 naszych produkt\u00f3w do \u017cadnego nielegalnego lub nieautoryzowanego celu, ani nie mo\u017cesz, w u\u017cyciu us\u0142ugi, narusza wszelkie przepisy dotycz\u0105ce jurysdykcji (w tym mi\u0119dzy innymi przepis\u00f3w dotycz\u0105cych praw autorskich). Nie wolno przekazywa\u0107 \u017cadnych robak\u00f3w, wirus\u00f3w ani \u017cadnego kodeksu niszczycielskiego charakteru. Naruszenie lub naruszenie kt\u00f3regokolwiek z warunk\u00f3w spowoduje natychmiastowe rozwi\u0105zanie twoich us\u0142ug.<\/p>\n<p>Sekcja 2 - Og\u00f3lne warunki zastrzegamy sobie prawo do odrzucenia us\u0142ugi dla kogokolwiek z dowolnego powodu w dowolnym momencie. Rozumiesz, \u017ce Twoja tre\u015b\u0107 (bez informacji o karcie kredytowej) mo\u017ce zosta\u0107 przeniesiona niezaszyfrowana i obejmowa\u0107 (a) transmisje w r\u00f3\u017cnych sieciach; oraz (b) zmiany w celu dostosowania i dostosowania si\u0119 do wymaga\u0144 technicznych \u0142\u0105czenia sieci lub urz\u0105dze\u0144. Informacje o karcie kredytowej s\u0105 zawsze szyfrowane podczas transferu przez sieci. Zgadzasz si\u0119 nie rozmna\u017ca\u0107, kopa\u0107, kopiowa\u0107, sprzedawa\u0107, odsprzedawa\u0107 lub wykorzystywa\u0107 jak\u0105kolwiek cz\u0119\u015b\u0107 us\u0142ugi, korzystanie z Us\u0142ugi, dost\u0119p do Us\u0142ugi lub kontaktu na stronie internetowej, za po\u015brednictwem kt\u00f3rej us\u0142uga jest \u015bwiadczona, bez wyra\u017anej pisemnej zgody przez nas. Nag\u0142y u\u017cyte w niniejszej Umowie s\u0105 uwzgl\u0119dnione wy\u0142\u0105cznie dla wygody i nie b\u0119d\u0105 ogranicza\u0107 ani w inny spos\u00f3b wp\u0142ywaj\u0105 na te warunki.<\/p>\n<p>Sekcja 3 - Dok\u0142adno\u015b\u0107, kompletno\u015b\u0107 i terminowo\u015b\u0107 informacji Nie ponosimy odpowiedzialno\u015bci, je\u015bli informacje udost\u0119pnione na tej stronie nie s\u0105 dok\u0142adne, kompletne lub aktualne. Materia\u0142 na tej stronie jest przewidziany wy\u0142\u0105cznie do og\u00f3lnych informacji i nie nale\u017cy ich polega\u0107 ani wykorzystywane jako wy\u0142\u0105czna podstawa do podejmowania decyzji bez konsultacji podstawowych, dok\u0142adniejszych, bardziej kompletnych lub bardziej terminowych \u017ar\u00f3de\u0142 informacji. Wszelkie zale\u017cno\u015b\u0107 od materia\u0142u na tej stronie jest na w\u0142asne ryzyko. Ta strona mo\u017ce zawiera\u0107 pewne informacje historyczne. Informacje historyczne niekoniecznie nie s\u0105 aktualne i s\u0105 dostarczane wy\u0142\u0105cznie dla twojego odniesienia. Zastrzegamy sobie prawo do modyfikowania zawarto\u015bci tej witryny w dowolnym momencie, ale nie mamy obowi\u0105zku aktualizowa\u0107 \u017cadnych informacji na naszej stronie. Zgadzasz si\u0119, \u017ce Twoim obowi\u0105zkiem jest monitorowanie zmian w naszej witrynie.<\/p>\n<p>Sekcja 4 - Modyfikacje us\u0142ug i cen dla naszych produkt\u00f3w mog\u0105 ulec zmianie bez powiadomienia. Zastrzegamy sobie prawo do modyfikacji lub przerwania us\u0142ugi (lub dowolnej jej cz\u0119\u015bci lub jej tre\u015bci) bez powiadomienia w dowolnym momencie. Nie b\u0119dziemy ponosi\u0107 odpowiedzialno\u015bci za Ciebie ani \u017cadnych stron trzecich za modyfikacj\u0119, zmian\u0119 cen, zawieszenie lub przerwanie us\u0142ugi.<\/p>\n<p>SECTION 5 \u2013 PRODUCTS OR SERVICES (if applicable) Certain products or services may be available exclusively online through the website. These products or services may have limited quantities and are subject to return or exchange only according to our Return Policy. We have made every effort to display as accurately as possible the colors and images of our products that appear at the store. We cannot guarantee that your computer monitor\u2019s display of any color will be accurate. We reserve the right, but are not obligated, to limit the sales of our products or Services to any person, geographic region or jurisdiction. We may exercise this right on a case-by-case basis. We reserve the right to limit the quantities of any products or services that we offer. All descriptions of products or product pricing are subject to change at anytime without notice, at the sole discretion of us. We reserve the right to discontinue any product at any time. Any offer for any product or service made on this site is void where prohibited. We do not warrant that the quality of any products, services, information, or other material purchased or obtained by you will meet your expectations, or that any errors in the Service will be corrected.<\/p>\n<p>SECTION 6 \u2013 ACCURACY OF BILLING AND ACCOUNT INFORMATION We reserve the right to refuse any order you place with us. We may, in our sole discretion, limit or cancel quantities purchased per person, per household or per order. These restrictions may include orders placed by or under the same customer account, the same credit card, and\/or orders that use the same billing and\/or shipping address. In the event that we make a change to or cancel an order, we may attempt to notify you by contacting the e\u2011mail and\/or billing address\/phone number provided at the time the order was made. We reserve the right to limit or prohibit orders that, in our sole judgment, appear to be placed by dealers, resellers or distributors. You agree to provide current, complete and accurate purchase and account information for all purchases made at our store. You agree to promptly update your account and other information, including your email address and credit card numbers and expiration dates, so that we can complete your transactions and contact you as needed. For more detail, please review our Returns Policy.<\/p>\n<p>Sekcja 7-Opcjonalne narz\u0119dzia, kt\u00f3re mo\u017cemy zapewni\u0107 dost\u0119p do narz\u0119dzi innych firm, nad kt\u00f3rymi nie monitorujemy ani nie mamy kontroli, ani danych wej\u015bciowych. Przyjmujesz do wiadomo\u015bci i zgadzasz si\u0119, \u017ce zapewniamy dost\u0119p do takich narz\u0119dzi \u201di\u201e jako dost\u0119pnych \u201dbez \u017cadnych gwarancji, o\u015bwiadcze\u0144 lub warunk\u00f3w jakichkolwiek i bez poparcia. Nie b\u0119dziemy ponosi\u0107 \u017cadnej odpowiedzialno\u015bci wynikaj\u0105cej z korzystania z opcjonalnych narz\u0119dzi stron trzecich. Wszelkie u\u017cycie opcjonalnych narz\u0119dzi oferowanych za po\u015brednictwem witryny jest ca\u0142kowicie na w\u0142asne ryzyko i dyskrecj\u0119 i powiniene\u015b upewni\u0107 si\u0119, \u017ce znasz i zatwierdzasz warunki, na kt\u00f3rych narz\u0119dzia s\u0105 dostarczane przez odpowiednich dostawc\u00f3w (firm) stron trzecich. W przysz\u0142o\u015bci mo\u017cemy r\u00f3wnie\u017c oferowa\u0107 nowe us\u0142ugi i\/lub funkcje za po\u015brednictwem strony internetowej (w tym wydanie nowych narz\u0119dzi i zasob\u00f3w). Takie nowe funkcje i\/lub us\u0142ugi podlegaj\u0105 r\u00f3wnie\u017c niniejszym Warunkom Us\u0142ug.<\/p>\n<p>SEKCJA 8-Linki zewn\u0119trzne niekt\u00f3re tre\u015bci, produkty i us\u0142ugi dost\u0119pne za po\u015brednictwem naszej us\u0142ugi mog\u0105 obejmowa\u0107 materia\u0142y od stron trzecich. Linki stron trzecich na tej stronie mog\u0105 skierowa\u0107 Ci\u0119 na strony stron trzecich, kt\u00f3re nie s\u0105 z nami powi\u0105zane. Nie ponosimy odpowiedzialno\u015bci za badanie lub ocen\u0119 tre\u015bci lub dok\u0142adno\u015bci i nie b\u0119dziemy wymaga\u0107 \u017cadnej odpowiedzialno\u015bci ani odpowiedzialno\u015bci za jakiekolwiek materia\u0142y lub strony internetowe innych firm lub za jakiekolwiek inne materia\u0142y, produkty lub us\u0142ugi stron trzecich. Nie ponosimy odpowiedzialno\u015bci za jakiekolwiek szkody lub szkody zwi\u0105zane z zakupem lub korzystaniem z towar\u00f3w, us\u0142ug, zasob\u00f3w, tre\u015bci lub innych transakcji dokonanych w zwi\u0105zku z jakymi stronami stron trzecich. Przejrzyj dok\u0142adnie zasady i praktyki stron trzecich i upewnij si\u0119, \u017ce rozumiesz je przed zaanga\u017cowaniem si\u0119 w jak\u0105kolwiek transakcj\u0119. Skargi, roszczenia, obawy lub pytania dotycz\u0105ce produkt\u00f3w stron trzecich powinny by\u0107 kierowane do stron trzecich.<\/p>\n<p>SECTION 9 \u2013 USER COMMENTS, FEEDBACK AND OTHER SUBMISSIONS If, at our request, you send certain specific submissions (for example contest entries) or without a request from us you send creative ideas, suggestions, proposals, plans, or other materials, whether online, by email, by postal mail, or otherwise (collectively, \u2018comments\u2019), you agree that we may, at any time, without restriction, edit, copy, publish, distribute, translate and otherwise use in any medium any comments that you forward to us. We are and shall be under no obligation (1) to maintain any comments in confidence; (2) to pay compensation for any comments; or (3) to respond to any comments. We may, but have no obligation to, monitor, edit or remove content that we determine in our sole discretion are unlawful, offensive, threatening, libelous, defamatory, pornographic, obscene or otherwise objectionable or violates any party\u2019s intellectual property or these Terms of Service. You agree that your comments will not violate any right of any third-party, including copyright, trademark, privacy, personality or other personal or proprietary right. You further agree that your comments will not contain libelous or otherwise unlawful, abusive or obscene material, or contain any computer virus or other malware that could in any way affect the operation of the Service or any related website. You may not use a false e\u2011mail address, pretend to be someone other than yourself, or otherwise mislead us or third-parties as to the origin of any comments. You are solely responsible for any comments you make and their accuracy. We take no responsibility and assume no liability for any comments posted by you or any third-party.<\/p>\n<p>Sekcja 10 - Dane osobowe Przes\u0142anie danych osobowych za po\u015brednictwem sklepu podlega naszej polityce prywatno\u015bci.<\/p>\n<p>Sekcja 11 - B\u0142\u0119dy, niedok\u0142adno\u015bci i pomini\u0119cia czasami mog\u0105 istnie\u0107 informacje na naszej stronie lub w us\u0142udze zawieraj\u0105cej b\u0142\u0119dy typograficzne, niedok\u0142adno\u015bci lub pomini\u0119cia, kt\u00f3re mog\u0105 odnosi\u0107 si\u0119 do opis\u00f3w produkt\u00f3w, wyceny, promocji, ofert, op\u0142aty za wysy\u0142k\u0119 produktu, czasy tranzytu i dost\u0119pno\u015b\u0107. Zastrzegamy sobie prawo do korygowania wszelkich b\u0142\u0119d\u00f3w, niedok\u0142adno\u015bci lub pomini\u0119\u0107 oraz do zmiany lub aktualizacji informacji lub anulowania zam\u00f3wie\u0144, je\u017celi jakiekolwiek informacje w us\u0142udze lub na dowolnej powi\u0105zanej stronie internetowej s\u0105 niedok\u0142adne w dowolnym momencie bez uprzedniego powiadomienia (w tym po z\u0142o\u017ceniu zam\u00f3wienia). Nie zobowi\u0105zujemy si\u0119 do aktualizacji, zmiany lub wyja\u015bnienia informacji w us\u0142udze lub na dowolnej powi\u0105zanej stronie internetowej, w tym bez ogranicze\u0144, informacji o wycenie, z wyj\u0105tkiem przypadk\u00f3w wymaganych przez prawo. Nie nale\u017cy podj\u0105\u0107 okre\u015blonej daty aktualizacji lub od\u015bwie\u017cania lub na dowolnej powi\u0105zanej stronie internetowej, aby wskaza\u0107, \u017ce wszystkie informacje w us\u0142udze lub na dowolnej powi\u0105zanej stronie internetowej zosta\u0142y zmodyfikowane lub zaktualizowane.<\/p>\n<p>Sekcja 12 - Zabronione zastosowania Opr\u00f3cz innych zakaz\u00f3w okre\u015blonych w warunkach us\u0142ug, nie mo\u017cesz korzysta\u0107 z witryny lub jej tre\u015bci: (a) dla dowolnego nielegalnego celu; (b) ubiega\u0107 si\u0119 o wykonanie lub uczestnictwo w jakichkolwiek niezgodnych z prawem czynno\u015bci; (c) naruszenie wszelkich przepis\u00f3w mi\u0119dzynarodowych, federalnych, prowincjonalnych lub stanowych, przepis\u00f3w, przepis\u00f3w lub lokalnych zarz\u0105dze\u0144; (d) narusza\u0107 lub narusza\u0107 nasze prawa w\u0142asno\u015bci intelektualnej lub prawa w\u0142asno\u015bci intelektualnej innych; (e) n\u0119kanie, nadu\u017cywanie, zniech\u0119cenie, krzywdy, znies\u0142awienie, oszczerstwo, dyskredytowanie, zastraszanie lub dyskryminacja w oparciu o p\u0142e\u0107, orientacj\u0119 seksualn\u0105, religi\u0119, pochodzenie etniczne, ras\u0119, wiek, pochodzenie narodowe lub niepe\u0142nosprawno\u015b\u0107; (f) przedstawienie fa\u0142szywych lub wprowadzaj\u0105cych w b\u0142\u0105d informacji; (g) przesy\u0142a\u0107 lub przesy\u0142a\u0107 wirusy lub jakikolwiek inny rodzaj z\u0142o\u015bliwego kodu, kt\u00f3ry b\u0119dzie lub mo\u017ce by\u0107 u\u017cywany w dowolny spos\u00f3b, kt\u00f3ry wp\u0142ynie na funkcjonalno\u015b\u0107 lub dzia\u0142anie us\u0142ugi lub jakiejkolwiek powi\u0105zanej strony internetowej, innych stron internetowych lub Internetu; (h) w celu zebrania lub \u015bledzenia danych osobowych innych; (i) do spamu, phish, apteka, pretekstu, paj\u0105ka, pe\u0142zania lub zeskrobania; (j) w ka\u017cdym nieprzyzwoitym lub niemoralnym celu; lub (k) zak\u0142\u00f3ca\u0107 lub obej\u015b\u0107 funkcje bezpiecze\u0144stwa Us\u0142ugi lub dowolnej powi\u0105zanej strony internetowej, innych stron internetowych lub Internetu. Zastrzegamy sobie prawo do zako\u0144czenia korzystania z Us\u0142ugi lub dowolnej powi\u0105zanej strony internetowej do naruszenia kt\u00f3regokolwiek z zabronionych zastosowa\u0144.<\/p>\n<p>Sekcja 13 - Zastrze\u017cenie gwarancji; Ograniczenie odpowiedzialno\u015bci nie gwarantujemy, nie gwarantujemy ani nie gwarantujemy, \u017ce korzystanie z naszej us\u0142ugi b\u0119dzie nieprzerwane, terminowe, bezpieczne lub wolne od b\u0142\u0119d\u00f3w. Nie gwarantujemy, \u017ce wyniki, kt\u00f3re mo\u017cna uzyska\u0107 z korzystania z Us\u0142ugi, b\u0119d\u0105 dok\u0142adne lub wiarygodne. Zgadzasz si\u0119, \u017ce od czasu do czasu mo\u017cemy usun\u0105\u0107 us\u0142ug\u0119 na czas nieokre\u015blony lub anulowa\u0107 us\u0142ug\u0119 w dowolnym momencie, bez powiadomienia. Wyra\u017anie zgadzasz si\u0119, \u017ce korzystanie z lub niemo\u017cno\u015bci korzystania us\u0142uga jest na twoim ryzyku. Us\u0142uga oraz wszystkie produkty i us\u0142ugi dostarczone za po\u015brednictwem Us\u0142ugi s\u0105 (z wyj\u0105tkiem przypadk\u00f3w wyra\u017anie stwierdzonych przez nas) podane \u201etak, jak jest\u201d i \u201ejak dost\u0119pne\u201d dla twojego u\u017cytku, bez \u017cadnych reprezentacji, gwarancji lub warunk\u00f3w jakiegokolwiek rodzaju, wyra\u017anego lub dorozumianego, w tym wszelkich domniemanych gwarancji lub warunk\u00f3w zdolno\u015bci handlowej, jakiejkolwiek handlowej, sprawno\u015bci dla okre\u015blonego celu, trwa\u0142o\u015bci, tytu\u0142u i niepodleg\u0142o\u015bci. W \u017cadnym przypadku nasi dyrektorzy, urz\u0119dnicy, pracownicy, podmioty stowarzyszone, agenci, kontrahenci, sta\u017cystowie, dostawcy us\u0142ug lub licencjodawcy nie ponosz\u0105 odpowiedzialno\u015bci za jakiekolwiek obra\u017cenia, straty, roszczenia, roszczenia lub jakiekolwiek bezpo\u015brednie, po\u015brednie, przypadkowe, karne, specjalne lub konsekwentne odszkodowania, w tym jakiego\u015b ograniczenia). Odpowiedzialno\u015b\u0107 lub w inny spos\u00f3b, wynikaj\u0105c\u0105 z korzystania z jakiejkolwiek us\u0142ugi lub jakichkolwiek produkt\u00f3w pozyskiwanych za pomoc\u0105 Us\u0142ugi, lub za jakiekolwiek inne roszczenia zwi\u0105zane z korzystaniem z Us\u0142ugi lub jakiegokolwiek produktu, w tym, ale nie ograniczonego do jakichkolwiek b\u0142\u0119d\u00f3w lub pomini\u0119\u0107 w dowolnej tre\u015bci, lub jakiejkolwiek straty lub uszkodzenia jakiejkolwiek mo\u017cliwo\u015bci. Poniewa\u017c niekt\u00f3re stany lub jurysdykcje nie zezwalaj\u0105 na wykluczenie ani ograniczenie odpowiedzialno\u015bci za szkody konsekwencji lub przypadkowe, w takich stanach lub jurysdykcjach, nasza odpowiedzialno\u015b\u0107 b\u0119dzie ograniczona do maksymalnego zakresu dozwolonego przez prawo.<\/p>\n<p>Sekcja 14-Odszkodowanie, kt\u00f3re zgadzasz na odszkodowanie, obron\u0119 i utrzymanie nieszkodliwych wobec naszych rodzic\u00f3w, sp\u00f3\u0142ek zale\u017cnych, partner\u00f3w, partner\u00f3w, funkcjonariuszy, dyrektor\u00f3w, agent\u00f3w, wykonawc\u00f3w, licencjodawc\u00f3w, dostawc\u00f3w us\u0142ug, podwykonawc\u00f3w, dostawc\u00f3w, sta\u017cyst\u00f3w i pracownik\u00f3w, nieszkodliwych od roszczenia lub \u017c\u0105dania, w tym uzasadnionych podawania podtrzerzce, udzielonymi przez dowoln\u0105 stron\u0105 z tytu\u0142u. Uwzgl\u0119dniaj\u0105 one odniesienie lub naruszenie jakiegokolwiek prawa lub prawa zewn\u0119trznych.<\/p>\n<p>Sekcja 15 - Oddzielno\u015b\u0107 w przypadku ustalenia, \u017ce \u200b\u200bjakiekolwiek postanowienie niniejszych Warunk\u00f3w Us\u0142ugowych jest niezgodne z prawem, niewa\u017cne lub niewykonalne, przepis takie b\u0119dzie jednak egzekwowany w pe\u0142nym zakresie dozwolonym przez obowi\u0105zuj\u0105ce prawo, a niezadowolona cz\u0119\u015b\u0107, kt\u00f3ra jest uznana za oddzielenie od niniejszych Warunk\u00f3w s\u0142u\u017cby, takie zdanie, takie zdanie, takie zdanie, takie zdanie, takie zdanie, takie jak \u017cadna inna przepe\u0142nienie.<\/p>\n<p>SECTION 16 \u2013 TERMINATION The obligations and liabilities of the parties incurred prior to the termination date shall survive the termination of this agreement for all purposes. These Terms of Service are effective unless and until terminated by either you or us. You may terminate these Terms of Service at any time by notifying us that you no longer wish to use our Services, or when you cease using our site. If in our sole judgment you fail, or we suspect that you have failed, to comply with any term or provision of these Terms of Service, we also may terminate this agreement at any time without notice and you will remain liable for all amounts due up to and including the date of termination; and\/or accordingly may deny you access to our Services (or any part thereof).<\/p>\n<p>SECTION 17 \u2013 ENTIRE AGREEMENT The failure of us to exercise or enforce any right or provision of these Terms of Service shall not constitute a waiver of such right or provision. These Terms of Service and any policies or operating rules posted by us on this site or in respect to The Service constitutes the entire agreement and understanding between you and us and govern your use of the Service, superseding any prior or contemporaneous agreements, communications and proposals, whether oral or written, between you and us (including, but not limited to, any prior versions of the Terms of Service). Any ambiguities in the interpretation of these Terms of Service shall not be construed against the drafting party.<\/p>\n<p>Sekcja 18 - Ustawa o ustawie Niniejsze Warunki \u015bwiadczenia us\u0142ug i wszelkie odr\u0119bne umowy, w kt\u00f3rych \u015bwiadczymy us\u0142ugi, podlegaj\u0105 i interpretowane zgodnie z przepisami.<\/p>\n<p>Sekcja 19 - Zmienia si\u0119 na Warunkach Us\u0142ugi Mo\u017cesz przegl\u0105da\u0107 najbardziej bie\u017c\u0105c\u0105 wersj\u0119 Warunk\u00f3w us\u0142ug w dowolnym momencie na tej stronie. Zastrzegamy sobie prawo, wed\u0142ug w\u0142asnego uznania, do aktualizacji, zmiany lub zast\u0119powania dowolnej cz\u0119\u015bci niniejszych Warunk\u00f3w us\u0142ug poprzez publikowanie aktualizacji i zmian na naszej stronie internetowej. Twoim obowi\u0105zkiem jest okresowe sprawdzanie naszej witryny pod k\u0105tem zmian. Dalsze korzystanie z naszej strony internetowej lub dost\u0119pu do us\u0142ugi po opublikowaniu wszelkich zmian w niniejszych Warunkach us\u0142ug stanowi akceptacj\u0119 tych zmian.<\/p>\n<p>Sekcja 20 - Polityka p\u0142atno\u015bci Nasza p\u0142atno\u015b\u0107 PayPal jest zgodna z polityk\u0105 p\u0142atno\u015bci PayPal. Mo\u017cesz sprawdzi\u0107 wi\u0119cej informacji na temat p\u0142atno\u015bci PayPal na ich oficjalnej stronie internetowej. Nasza p\u0142atno\u015b\u0107 karty kredytowej jest zgodna z polityk\u0105 p\u0142atno\u015bci Glocash. Mo\u017cesz sprawdzi\u0107 wi\u0119cej informacji na temat p\u0142atno\u015bci karty kredytowej na ich oficjalnej stronie internetowej.<\/p>\n<\/div>\n<\/div>\n<\/div>\n<\/div>\n<\/div>\n<\/div>","protected":false},"excerpt":{"rendered":"<p>JTT oferuje t\u0119 stron\u0119 internetow\u0105, w tym wszystkie informacje, narz\u0119dzia i us\u0142ugi dost\u0119pne z tej witryny dla Ciebie, u\u017cytkownika, uwarunkowane przyj\u0119ciem wszystkich warunk\u00f3w, zasad, zasad i powiadomie\u0144. Odwiedzaj\u0105c nasz\u0105 witryn\u0119 i\/ lub kupuj\u0105c od nas co\u015b od nas, anga\u017cujesz si\u0119 w nasz\u0105 \u201eus\u0142ug\u0119\u201d i zgadzasz si\u0119 by\u0107 zwi\u0105zanym z nast\u0119puj\u0105cymi warunkami [\u2026]","protected":false},"author":1,"featured_media":0,"parent":0,"menu_order":0,"comment_status":"closed","ping_status":"closed","template":"page-blank-title-center.php","meta":{"footnotes":""},"class_list":["post-1888","page","type-page","status-publish","hentry"],"jetpack-related-posts":[],"jetpack_sharing_enabled":true,"_links":{"self":[{"href":"https:\/\/jttlogos.com\/pl\/wp-json\/wp\/v2\/pages\/1888","targetHints":{"allow":["GET"]}}],"collection":[{"href":"https:\/\/jttlogos.com\/pl\/wp-json\/wp\/v2\/pages"}],"about":[{"href":"https:\/\/jttlogos.com\/pl\/wp-json\/wp\/v2\/types\/page"}],"author":[{"embeddable":true,"href":"https:\/\/jttlogos.com\/pl\/wp-json\/wp\/v2\/users\/1"}],"replies":[{"embeddable":true,"href":"https:\/\/jttlogos.com\/pl\/wp-json\/wp\/v2\/comments?post=1888"}],"version-history":[{"count":0,"href":"https:\/\/jttlogos.com\/pl\/wp-json\/wp\/v2\/pages\/1888\/revisions"}],"wp:attachment":[{"href":"https:\/\/jttlogos.com\/pl\/wp-json\/wp\/v2\/media?parent=1888"}],"curies":[{"name":"wp","href":"https:\/\/api.w.org\/{rel}","templated":true}]}}