{"id":1892,"date":"2020-05-01T13:54:14","date_gmt":"2020-05-01T13:54:14","guid":{"rendered":"https:\/\/jttlogos.com\/?page_id=1892"},"modified":"2024-03-30T09:50:23","modified_gmt":"2024-03-30T09:50:23","slug":"about-payment-custom-metal-logo-stickers","status":"publish","type":"page","link":"https:\/\/jttlogos.com\/pl\/o-platnosci-niestandardowe-metalowe-naklejki-logo\/","title":{"rendered":"O p\u0142atno\u015bci"},"content":{"rendered":"<div class=\"row\"  id=\"row-615096707\">\n\n\t<div id=\"col-1521628107\" class=\"col small-12 large-12\"  >\n\t\t\t\t<div class=\"col-inner\"  >\n\t\t\t\n\t\t\t\n<div class=\"accordion\">\n\t<div id=\"accordion-3308215720\" class=\"accordion-item\">\n\t\t<a id=\"accordion-3308215720-label\" class=\"accordion-title plain\" href=\"#accordion-item-how-do-i-pay-for-my-order?\" aria-expanded=\"false\" aria-controls=\"accordion-3308215720-content\" >\n\t\t\t<button class=\"toggle\" aria-label=\"D\u017awignia kolankowa\"><i class=\"icon-angle-down\"><\/i><\/button>\n\t\t\t<span>Jak zap\u0142aci\u0107 za zam\u00f3wienie?<\/span>\n\t\t<\/a>\n\t\t<div id=\"accordion-3308215720-content\" class=\"accordion-inner\" aria-labelledby=\"accordion-3308215720-label\" >\n\t\t\t\n<p>P\u0142atno\u015b\u0107 karty kredytowej, PayPal, przelew bankowy, Western Union, Alibaba Desserance Order, L\/C, T\/T itp.<\/p>\n\t\t<\/div>\n\t<\/div>\n\t\n\t<div id=\"accordion-2210337461\" class=\"accordion-item\">\n\t\t<a id=\"accordion-2210337461-label\" class=\"accordion-title plain\" href=\"#accordion-item-what-currency-can-i-use?\" aria-expanded=\"false\" aria-controls=\"accordion-2210337461-content\" >\n\t\t\t<button class=\"toggle\" aria-label=\"D\u017awignia kolankowa\"><i class=\"icon-angle-down\"><\/i><\/button>\n\t\t\t<span>Jakiej waluty mog\u0119 u\u017cy\u0107?<\/span>\n\t\t<\/a>\n\t\t<div id=\"accordion-2210337461-content\" class=\"accordion-inner\" aria-labelledby=\"accordion-2210337461-label\" >\n\t\t\t\n<p>Dolar ameryka\u0144ski<\/p>\n\t\t<\/div>\n\t<\/div>\n\t\n\t<div id=\"accordion-630707176\" class=\"accordion-item\">\n\t\t<a id=\"accordion-630707176-label\" class=\"accordion-title plain\" href=\"#accordion-item-what-payment-methods-do-you-accept?\" aria-expanded=\"false\" aria-controls=\"accordion-630707176-content\" >\n\t\t\t<button class=\"toggle\" aria-label=\"D\u017awignia kolankowa\"><i class=\"icon-angle-down\"><\/i><\/button>\n\t\t\t<span>Jakie metody p\u0142atno\u015bci akceptujesz?<\/span>\n\t\t<\/a>\n\t\t<div id=\"accordion-630707176-content\" class=\"accordion-inner\" aria-labelledby=\"accordion-630707176-label\" >\n\t\t\t\n<p>P\u0142atno\u015b\u0107 karty kredytowej, PayPal, przelew bankowy, Zwi\u0105zek Western, Zam\u00f3wienie Alibaba Trade Assurance, L\/C, T\/T itp.<\/p>\n\t\t<\/div>\n\t<\/div>\n\t\n\t<div id=\"accordion-3362024942\" class=\"accordion-item\">\n\t\t<a id=\"accordion-3362024942-label\" class=\"accordion-title plain\" href=\"#accordion-item-what-if-my-payment-fails?\" aria-expanded=\"false\" aria-controls=\"accordion-3362024942-content\" >\n\t\t\t<button class=\"toggle\" aria-label=\"D\u017awignia kolankowa\"><i class=\"icon-angle-down\"><\/i><\/button>\n\t\t\t<span>Co si\u0119 stanie, je\u015bli moja p\u0142atno\u015b\u0107 si\u0119 nie powiedzie?<\/span>\n\t\t<\/a>\n\t\t<div id=\"accordion-3362024942-content\" class=\"accordion-inner\" aria-labelledby=\"accordion-3362024942-label\" >\n\t\t\t\n<p>Pomo\u017cemy Ci odzyska\u0107 pieni\u0105dze na twoje konto.<\/p>\n\t\t<\/div>\n\t<\/div>\n\t\n<\/div>\n\t\t<\/div>\n\t\t\t\t\t<\/div>\n\n\t\n<\/div>","protected":false},"excerpt":{"rendered":"","protected":false},"author":1,"featured_media":1933,"parent":0,"menu_order":0,"comment_status":"closed","ping_status":"closed","template":"page-blank-title-center.php","meta":{"footnotes":""},"class_list":["post-1892","page","type-page","status-publish","has-post-thumbnail","hentry"],"jetpack-related-posts":[],"jetpack_sharing_enabled":true,"_links":{"self":[{"href":"https:\/\/jttlogos.com\/pl\/wp-json\/wp\/v2\/pages\/1892","targetHints":{"allow":["GET"]}}],"collection":[{"href":"https:\/\/jttlogos.com\/pl\/wp-json\/wp\/v2\/pages"}],"about":[{"href":"https:\/\/jttlogos.com\/pl\/wp-json\/wp\/v2\/types\/page"}],"author":[{"embeddable":true,"href":"https:\/\/jttlogos.com\/pl\/wp-json\/wp\/v2\/users\/1"}],"replies":[{"embeddable":true,"href":"https:\/\/jttlogos.com\/pl\/wp-json\/wp\/v2\/comments?post=1892"}],"version-history":[{"count":0,"href":"https:\/\/jttlogos.com\/pl\/wp-json\/wp\/v2\/pages\/1892\/revisions"}],"wp:featuredmedia":[{"embeddable":true,"href":"https:\/\/jttlogos.com\/pl\/wp-json\/wp\/v2\/media\/1933"}],"wp:attachment":[{"href":"https:\/\/jttlogos.com\/pl\/wp-json\/wp\/v2\/media?parent=1892"}],"curies":[{"name":"wp","href":"https:\/\/api.w.org\/{rel}","templated":true}]}}