{"id":2176,"date":"2020-05-04T11:49:26","date_gmt":"2020-05-04T11:49:26","guid":{"rendered":"https:\/\/jttlogos.com\/?page_id=2176"},"modified":"2024-03-30T09:53:35","modified_gmt":"2024-03-30T09:53:35","slug":"how-to-buy-samples","status":"publish","type":"page","link":"https:\/\/jttlogos.com\/pl\/jak-kupic-probki\/","title":{"rendered":"Jak kupi\u0107 pr\u00f3bki?"},"content":{"rendered":"<div id=\"pl-2176\" class=\"panel-layout\">\n<div id=\"pg-2176-0\" class=\"panel-grid panel-no-style\">\n<div id=\"pgc-2176-0-0\" class=\"panel-grid-cell\" data-weight=\"1\">\n<div id=\"panel-2176-0-0-0\" class=\"so-panel widget widget_sow-editor panel-first-child panel-last-child\" data-index=\"0\" data-style=\"{&quot;background_image_attachment&quot;:false,&quot;background_display&quot;:&quot;tile&quot;}\">\n<div class=\"so-widget-sow-editor so-widget-sow-editor-base\">\n<div class=\"siteorigin-widget-tinymce textwidget\">\n<p>Je\u015bli klient chce, aby podobna pr\u00f3bka widzia\u0142a jako\u015b\u0107 i test, jest ona bezp\u0142atna.<\/p>\n<p>Jednak klient musi ui\u015bci\u0107 op\u0142at\u0119 kuriersk\u0105 w wysoko\u015bci oko\u0142o 15-20USD. Je\u015bli klient ma konto kurierskie, takie jak DHL, konto klienta mo\u017ce by\u0107 u\u017cywane bezpo\u015brednio, ale mo\u017ce by\u0107 wy\u017csze ni\u017c nasza cena (15-20USD), ale b\u0119dzie szybsza.\u00a0Je\u015bli wy\u015blemy pr\u00f3bk\u0119, dotarcie do Ciebie zajmie oko\u0142o 5-7 dni.<\/p>\n<p>Pls Skontaktuj si\u0119 z nami, aby uzyska\u0107 wi\u0119cej informacji.<\/p>\n<p>Email: <a href=\"mailto:shirlyn@jttlogo.net\" data-abc=\"true\">shirlyn@jttlogo.net<\/a><br \/>WhatsApp: +86 132447588861<\/p>\n<p>\u00a0<\/p>\n<\/div>\n<\/div>\n<\/div>\n<\/div>\n<\/div>\n<\/div>","protected":false},"excerpt":{"rendered":"<p>Je\u015bli klient chce, aby podobna pr\u00f3bka widzia\u0142a jako\u015b\u0107 i test, jest ona bezp\u0142atna. Jednak klient musi ui\u015bci\u0107 op\u0142at\u0119 kuriersk\u0105 w wysoko\u015bci oko\u0142o 15-20USD. Je\u015bli klient ma konto kurierskie, takie jak DHL, konto klienta mo\u017ce by\u0107 u\u017cywane bezpo\u015brednio, ale mo\u017ce by\u0107 wy\u017csze ni\u017c nasza cena (15-20USD), ale [\u2026]","protected":false},"author":1,"featured_media":0,"parent":0,"menu_order":0,"comment_status":"closed","ping_status":"closed","template":"page-blank-title-center.php","meta":{"footnotes":""},"class_list":["post-2176","page","type-page","status-publish","hentry"],"jetpack-related-posts":[],"jetpack_sharing_enabled":true,"_links":{"self":[{"href":"https:\/\/jttlogos.com\/pl\/wp-json\/wp\/v2\/pages\/2176","targetHints":{"allow":["GET"]}}],"collection":[{"href":"https:\/\/jttlogos.com\/pl\/wp-json\/wp\/v2\/pages"}],"about":[{"href":"https:\/\/jttlogos.com\/pl\/wp-json\/wp\/v2\/types\/page"}],"author":[{"embeddable":true,"href":"https:\/\/jttlogos.com\/pl\/wp-json\/wp\/v2\/users\/1"}],"replies":[{"embeddable":true,"href":"https:\/\/jttlogos.com\/pl\/wp-json\/wp\/v2\/comments?post=2176"}],"version-history":[{"count":0,"href":"https:\/\/jttlogos.com\/pl\/wp-json\/wp\/v2\/pages\/2176\/revisions"}],"wp:attachment":[{"href":"https:\/\/jttlogos.com\/pl\/wp-json\/wp\/v2\/media?parent=2176"}],"curies":[{"name":"wp","href":"https:\/\/api.w.org\/{rel}","templated":true}]}}