{"id":2179,"date":"2020-05-04T11:53:35","date_gmt":"2020-05-04T11:53:35","guid":{"rendered":"https:\/\/jttlogos.com\/?page_id=2179"},"modified":"2024-03-30T09:52:12","modified_gmt":"2024-03-30T09:52:12","slug":"how-to-place-an-order","status":"publish","type":"page","link":"https:\/\/jttlogos.com\/pl\/jak-zlozyc-zamowienie\/","title":{"rendered":"Jak z\u0142o\u017cy\u0107 zam\u00f3wienie?"},"content":{"rendered":"<div id=\"pl-2179\"  class=\"panel-layout\" >\n<div id=\"pg-2179-0\"  class=\"panel-grid panel-no-style\" >\n<div id=\"pgc-2179-0-0\"  class=\"panel-grid-cell\"  data-weight=\"1\" >\n<div id=\"panel-2179-0-0-0\" class=\"so-panel widget widget_sow-editor panel-first-child panel-last-child\" data-index=\"0\" data-style=\"{&quot;background_image_attachment&quot;:false,&quot;background_display&quot;:&quot;tile&quot;}\" >\n<div class=\"so-widget-sow-editor so-widget-sow-editor-base\">\n<div class=\"siteorigin-widget-tinymce textwidget\">\n<p>1. Napisz do nas szczeg\u00f3\u0142owe informacje na temat swojego produktu, takie jak projekt, rozmiar, ilo\u015b\u0107 itp. Je\u015bli istnieje awaria, mo\u017cesz r\u00f3wnie\u017c zadzwoni\u0107 do nas lub porozmawia\u0107 z nami na WhatsApp.<\/p>\n<p>2. Po potwierdzeniu szczeg\u00f3\u0142\u00f3w produktu podamy ci cytat.<\/p>\n<p>3. If the price is right, we can start to make the sample, which will take about 3-7 days, and then it will be delivered to you in 5-7 days.If necessary, we can send the photo to you for confirmation before shipping. If there are any problems, we will modify it before shipping, you can rest assured.<\/p>\n<p>4. When you receive the sample, pls check the design and quality. If everything is ok, we can start mass production. We will make PI for you, and you can pay 30% as deposit.<\/p>\n<p>5. After we finish the production, we will take photos and send a video to you for your confirmation. And 70% balance payment before shipment.<\/p>\n<\/div>\n<\/div>\n<\/div>\n<\/div>\n<\/div>\n<\/div>","protected":false},"excerpt":{"rendered":"<p>1. Napisz do nas szczeg\u00f3\u0142owe informacje na temat swojego produktu, takie jak projekt, rozmiar, ilo\u015b\u0107 itp. Je\u015bli istnieje awaria, mo\u017cesz r\u00f3wnie\u017c zadzwoni\u0107 do nas lub porozmawia\u0107 z nami na WhatsApp. 2. Po potwierdzeniu szczeg\u00f3\u0142\u00f3w produktu podamy ci cytat. 3. Je\u015bli cena jest odpowiednia, mo\u017cemy zacz\u0105\u0107 tworzy\u0107 pr\u00f3bk\u0119, kt\u00f3ra [\u2026]","protected":false},"author":1,"featured_media":0,"parent":0,"menu_order":0,"comment_status":"closed","ping_status":"closed","template":"page-blank-title-center.php","meta":{"footnotes":""},"class_list":["post-2179","page","type-page","status-publish","hentry"],"jetpack-related-posts":[],"jetpack_sharing_enabled":true,"_links":{"self":[{"href":"https:\/\/jttlogos.com\/pl\/wp-json\/wp\/v2\/pages\/2179","targetHints":{"allow":["GET"]}}],"collection":[{"href":"https:\/\/jttlogos.com\/pl\/wp-json\/wp\/v2\/pages"}],"about":[{"href":"https:\/\/jttlogos.com\/pl\/wp-json\/wp\/v2\/types\/page"}],"author":[{"embeddable":true,"href":"https:\/\/jttlogos.com\/pl\/wp-json\/wp\/v2\/users\/1"}],"replies":[{"embeddable":true,"href":"https:\/\/jttlogos.com\/pl\/wp-json\/wp\/v2\/comments?post=2179"}],"version-history":[{"count":0,"href":"https:\/\/jttlogos.com\/pl\/wp-json\/wp\/v2\/pages\/2179\/revisions"}],"wp:attachment":[{"href":"https:\/\/jttlogos.com\/pl\/wp-json\/wp\/v2\/media?parent=2179"}],"curies":[{"name":"wp","href":"https:\/\/api.w.org\/{rel}","templated":true}]}}