{"id":2181,"date":"2020-05-04T11:57:15","date_gmt":"2020-05-04T11:57:15","guid":{"rendered":"https:\/\/jttlogos.com\/?page_id=2181"},"modified":"2024-03-30T09:53:43","modified_gmt":"2024-03-30T09:53:43","slug":"how-to-place-a-sample-order","status":"publish","type":"page","link":"https:\/\/jttlogos.com\/pl\/how-to-place-a-sample-order\/","title":{"rendered":"Jak z\u0142o\u017cy\u0107 przyk\u0142adowe zam\u00f3wienie?"},"content":{"rendered":"<div id=\"pl-2181\"  class=\"panel-layout\" >\n<div id=\"pg-2181-0\"  class=\"panel-grid panel-no-style\" >\n<div id=\"pgc-2181-0-0\"  class=\"panel-grid-cell\"  data-weight=\"1\" >\n<div id=\"panel-2181-0-0-0\" class=\"so-panel widget widget_sow-editor panel-first-child panel-last-child\" data-index=\"0\" data-style=\"{&quot;background_image_attachment&quot;:false,&quot;background_display&quot;:&quot;tile&quot;}\" >\n<div class=\"so-widget-sow-editor so-widget-sow-editor-base\">\n<div class=\"siteorigin-widget-tinymce textwidget\">\n<p>1. Potrzebujemy pliku wektorowego PDF, AI, CAD, CDR itp.<\/p>\n<p>2. You need to pay the sample fee, and then we need 3-7 days to make the sample.<\/p>\n<p>3. We can send the photo to you for confirmation before shipping.<\/p>\n<\/div>\n<\/div>\n<\/div>\n<\/div>\n<\/div>\n<\/div>","protected":false},"excerpt":{"rendered":"<p>1. Potrzebujemy pliku wektorowego PDF, AI, CAD, CDR itp. 2. Musisz ui\u015bci\u0107 pr\u00f3bk\u0119, a nast\u0119pnie potrzebujemy 3-7 dni, aby zrobi\u0107 pr\u00f3bk\u0119. 3. Mo\u017cemy wys\u0142a\u0107 zdj\u0119cie do potwierdzenia przed wysy\u0142k\u0105.<\/p>","protected":false},"author":1,"featured_media":0,"parent":0,"menu_order":0,"comment_status":"closed","ping_status":"closed","template":"page-blank-title-center.php","meta":{"footnotes":""},"class_list":["post-2181","page","type-page","status-publish","hentry"],"jetpack-related-posts":[],"jetpack_sharing_enabled":true,"_links":{"self":[{"href":"https:\/\/jttlogos.com\/pl\/wp-json\/wp\/v2\/pages\/2181","targetHints":{"allow":["GET"]}}],"collection":[{"href":"https:\/\/jttlogos.com\/pl\/wp-json\/wp\/v2\/pages"}],"about":[{"href":"https:\/\/jttlogos.com\/pl\/wp-json\/wp\/v2\/types\/page"}],"author":[{"embeddable":true,"href":"https:\/\/jttlogos.com\/pl\/wp-json\/wp\/v2\/users\/1"}],"replies":[{"embeddable":true,"href":"https:\/\/jttlogos.com\/pl\/wp-json\/wp\/v2\/comments?post=2181"}],"version-history":[{"count":0,"href":"https:\/\/jttlogos.com\/pl\/wp-json\/wp\/v2\/pages\/2181\/revisions"}],"wp:attachment":[{"href":"https:\/\/jttlogos.com\/pl\/wp-json\/wp\/v2\/media?parent=2181"}],"curies":[{"name":"wp","href":"https:\/\/api.w.org\/{rel}","templated":true}]}}