{"id":3,"date":"2020-04-28T14:09:18","date_gmt":"2020-04-28T14:09:18","guid":{"rendered":"https:\/\/jttlogos.com\/?page_id=3"},"modified":"2024-03-30T09:55:22","modified_gmt":"2024-03-30T09:55:22","slug":"privacy-policy","status":"publish","type":"page","link":"https:\/\/jttlogos.com\/pl\/polityka-prywatnosci\/","title":{"rendered":"Polityka prywatno\u015bci"},"content":{"rendered":"<p>Niniejsza Polityka prywatno\u015bci opisuje, w jaki spos\u00f3b Twoje dane osobowe s\u0105 gromadzone, wykorzystywane i udost\u0119pniane podczas wizyty lub dokonania zakupu na nas.&nbsp;<\/p>\r\n\r\n\r\n\r\n<p>PERSONAL INFORMATION WE COLLECT<br>Odwiedzaj\u0105c stron\u0119, automatycznie zbieramy pewne informacje o twoim urz\u0105dzeniu, w tym informacje o Twojej przegl\u0105darce internetowej, adresu IP, strefie czasowej i niekt\u00f3rych plikach cookie zainstalowanych na urz\u0105dzeniu. Dodatkowo, podczas przegl\u0105dania witryny, zbieramy informacje o poszczeg\u00f3lnych stronach internetowych lub produktach, kt\u00f3re wy\u015bwietlasz, jakie witryny lub wyszukiwane terminy skierowa\u0142y do \u200b\u200bwitryny oraz informacje o tym, jak interakcja z witryn\u0105. Nazywamy t\u0119 automatycznie pobrane informacje \u201einformacje o urz\u0105dzeniu\u201d.&nbsp;<\/p>\r\n\r\n\r\n\r\n<p>Informacje o urz\u0105dzeniu zbieramy<br>\u2013 \u201cCookies\u201d are data files that are placed on your device or computer and often include an anonymous unique identifier.&nbsp;<br>\u2013 \u201cLog files\u201d track actions occurring on the Site, and collect data including your IP address, browser type, Internet service provider, referring\/exit pages, and date\/time stamps.<br>- \u201eWeb Beacons\u201d, \u201eTagi\u201d i \u201ePixels\u201d to pliki elektroniczne u\u017cywane do rejestrowania informacji o tym, jak przegl\u0105dasz witryn\u0119.<\/p>\r\n\r\n\r\n\r\n<p>ORDER INFORMATION WE COLLECT<br>Additionally when you make a purchase or attempt to make a purchase through the Site, we collect certain information from you, including your name, billing address, shipping address, payment information (including credit card numbers, email address, and phone number. We refer to this information as \u201cOrder Information\u201d.&nbsp;<\/p>\r\n\r\n\r\n\r\n<p>Kiedy m\u00f3wimy o \u201edanych osobowych\u201d w niniejszej Polityce prywatno\u015bci, m\u00f3wimy zar\u00f3wno o informacji o urz\u0105dzeniach, jak i informacji o zam\u00f3wieniu.&nbsp;<\/p>\r\n\r\n\r\n\r\n<p>Jak wykorzystujemy Twoje dane osobowe?<br>We use the Order Information that we collect generally to fulfill any orders placed through the Site (including processing your payment information, arranging for shipping, and providing you with invoices and\/or order confirmations). Additionally, we use this Order Information to:<br>- komunikuj si\u0119 z tob\u0105;<br>\u2013 Screen our orders for potential risk or fraud;<br>\u2013 When in line with the preferences you have shared with us, provide you with information or advertising relating to our products or services.<\/p>\r\n\r\n\r\n\r\n<p>HOW DO WE USE YOUR DEVICE INFORMATION?<br>We use the Device Information that we collect to help us screen for potential risk and fraud (in particular, your IP address), and more generally to improve and optimize our Site (for example, by generating analytics about how our customers browse and interact with the Site, and to assess the success of our marketing and advertising campaigns).&nbsp;<\/p>\r\n\r\n\r\n\r\n<p>PERSONAL DATA<br>We only ever process your personal data with your consent or as necessary to fulfil our obligations to you as a customer, to operate our business, meet our contractual and legal obligations and to protect the security of our systems.<\/p>\r\n\r\n\r\n\r\n<p>SHARING YOUR PERSONAL INFORMATION<br>We share your Personal Information with third parties to help us use your Personal Information, as described above.<br>We also use Google Analytics to help us understand how our customers use the Site.<br>Finally, we may also share your Personal Information to comply with applicable laws and regulations, to respond to a subpoena, search warrant or other lawful request for information we receive, or to otherwise protect our rights.<\/p>\r\n\r\n\r\n\r\n<p>Reklama behawioralna<br>Jak opisano powy\u017cej, wykorzystujemy Twoje dane osobowe, aby zapewni\u0107 ukierunkowane reklamy lub komunikacj\u0119 marketingow\u0105, kt\u00f3re naszym zdaniem mog\u0105 Ci\u0119 zainteresowa\u0107.<\/p>\r\n\r\n\r\n\r\n<p>Nie \u015bled\u017a<br>Please note that we do not alter our Site\u2019s data collection and use practices when we see a Do Not Track signal from your browser.<\/p>\r\n\r\n\r\n\r\n<p>YOUR RIGHTS<br>Je\u015bli jeste\u015b rezydentem europejskim, masz prawo uzyska\u0107 dost\u0119p do danych osobowych o tobie i poprosi\u0107 o poprawienie, zaktualizowane lub usuni\u0119te dane osobowe.<br>Additionally, if you are a European resident we note that we are processing your information in order to fulfill contracts we might have with you (for example if you make an order through the Site), or otherwise to pursue our legitimate business interests listed above. Additionally, please note that your information will be transferred outside of Europe, including to Canada and the United States.<\/p>\r\n\r\n\r\n\r\n<p>DATA RETENTION<br>When you place an order through the Site, we will maintain your Order Information for our records.<\/p>\r\n\r\n\r\n\r\n<p>CHANGES<br>We may update this privacy policy from time to time in order to reflect, for example, changes to our practices or for other operational, legal or regulatory reasons.<\/p>\r\n\r\n\r\n\r\n<p>MINORS<br>The Site is not intended for individuals under the age of 13\u00a0 .&nbsp;<\/p>\r\n\r\n\r\n\r\n<p>CONTACT US&nbsp;<br>For more information about our privacy practices, if you have questions, or if you would like to make a complaint, please contact us.<\/p>","protected":false},"excerpt":{"rendered":"<p>Niniejsza Polityka prywatno\u015bci opisuje, w jaki spos\u00f3b Twoje dane osobowe s\u0105 gromadzone, wykorzystywane i udost\u0119pniane podczas wizyty lub dokonania zakupu na nas.\u00a0 Dane osobowe zbieramy podczas wizyty witryny, automatycznie zbieramy okre\u015blone informacje o Twoim urz\u0105dzeniu, w tym informacje o Twojej przegl\u0105darce internetowej, adresu IP, strefie czasowej i niekt\u00f3rych plikach cookie [\u2026]","protected":false},"author":1,"featured_media":0,"parent":0,"menu_order":0,"comment_status":"closed","ping_status":"closed","template":"page-blank-title-center.php","meta":{"footnotes":""},"class_list":["post-3","page","type-page","status-publish","hentry"],"jetpack-related-posts":[],"jetpack_sharing_enabled":true,"_links":{"self":[{"href":"https:\/\/jttlogos.com\/pl\/wp-json\/wp\/v2\/pages\/3","targetHints":{"allow":["GET"]}}],"collection":[{"href":"https:\/\/jttlogos.com\/pl\/wp-json\/wp\/v2\/pages"}],"about":[{"href":"https:\/\/jttlogos.com\/pl\/wp-json\/wp\/v2\/types\/page"}],"author":[{"embeddable":true,"href":"https:\/\/jttlogos.com\/pl\/wp-json\/wp\/v2\/users\/1"}],"replies":[{"embeddable":true,"href":"https:\/\/jttlogos.com\/pl\/wp-json\/wp\/v2\/comments?post=3"}],"version-history":[{"count":0,"href":"https:\/\/jttlogos.com\/pl\/wp-json\/wp\/v2\/pages\/3\/revisions"}],"wp:attachment":[{"href":"https:\/\/jttlogos.com\/pl\/wp-json\/wp\/v2\/media?parent=3"}],"curies":[{"name":"wp","href":"https:\/\/api.w.org\/{rel}","templated":true}]}}