{"id":3268,"date":"2020-05-18T16:00:56","date_gmt":"2020-05-18T16:00:56","guid":{"rendered":"https:\/\/jttlogos.com\/?page_id=3268"},"modified":"2024-03-30T08:01:36","modified_gmt":"2024-03-30T08:01:36","slug":"video-of-product-application","status":"publish","type":"page","link":"https:\/\/jttlogos.com\/pl\/film-aplikacji-produktu\/","title":{"rendered":"Video of Product Application"},"content":{"rendered":"<section class=\"section\" id=\"section_272023914\">\n\t\t<div class=\"bg section-bg fill bg-fill  bg-loaded\" >\n\n\t\t\t\n\t\t\t\n\t\t\t\n\n\t\t<\/div>\n\n\t\t\n\n\t\t<div class=\"section-content relative\">\n\t\t\t\n<div class=\"container section-title-container\" ><h4 class=\"section-title section-title-normal\"><b><\/b><span class=\"section-title-main\" >The application of metal logo sticker on ceramics<\/span><b><\/b><\/h4><\/div>\n<div class=\"row row-collapse row-full-width align-middle\"  id=\"row-711962566\">\n\n\t<div id=\"col-1081406988\" class=\"col medium-6 small-12 large-6\"  >\n\t\t\t\t<div class=\"col-inner\"  >\n\t\t\t\n\t\t\t\n<div class=\"video video-fit mb\" style=\"padding-top:56.25%;\"><p><iframe loading=\"lazy\" title=\"The application of metal logo sticker on ceramics\" width=\"1020\" height=\"574\" src=\"https:\/\/www.youtube.com\/embed\/9fkVxfyT7Ns?feature=oembed\" frameborder=\"0\" allow=\"accelerometer; autoplay; clipboard-write; encrypted-media; gyroscope; picture-in-picture; web-share\" referrerpolicy=\"strict-origin-when-cross-origin\" allowfullscreen><\/iframe><\/p>\n<\/div>\n\t\t<\/div>\n\t\t\t\t\t<\/div>\n\n\t\n\n\t<div id=\"col-1206408794\" class=\"col medium-6 small-12 large-6\"  >\n\t\t\t\t<div class=\"col-inner text-left\"  >\n\t\t\t\n\t\t\t\n<p>Witamy na jttlogos.com, gdzie prezentujemy r\u00f3\u017cnorodn\u0105 gam\u0119 niestandardowych metalowych naklejek logo! Nasza kolekcja zawiera r\u00f3\u017cne opcje, w tym naklejki metalowe nikiel, metalowe naklejki metalowe, metalowe naklejki ze stali nierdzewnej i aluminiowe naklejki p\u0142ytowe. Te wysokiej jako\u015bci naklejki s\u0105 idealne do dodawania odrobiny elegancji i wyj\u0105tkowo\u015bci projekt\u00f3w brandingowych i projektowych.<\/p>\n\t\t<\/div>\n\t\t\t\t\t<\/div>\n\n\t\n<\/div>\n<div class=\"container section-title-container\" ><h4 class=\"section-title section-title-normal\"><b><\/b><span class=\"section-title-main\" >Zastosowanie metalowej naklejek logo na produktach ze stali nierdzewnej<\/span><b><\/b><\/h4><\/div>\n<div class=\"row row-collapse row-full-width align-middle\"  id=\"row-617222404\">\n\n\t<div id=\"col-64408536\" class=\"col medium-6 small-12 large-6\"  >\n\t\t\t\t<div class=\"col-inner text-left\"  >\n\t\t\t\n\t\t\t\n<p>Explore our Custom Metallic Logo Stickers through our video gallery, where you can see these stunning products up close and in action. From the sleek finish of our Custom Brushed Aluminum Stickers to the eye-catching appeal of our Custom Foil Stickers, our video presentation will give you a comprehensive look at the craftsmanship and attention to detail that goes into each sticker.<\/p>\n\t\t<\/div>\n\t\t\t\t\t<\/div>\n\n\t\n\n\t<div id=\"col-972403423\" class=\"col medium-6 small-12 large-6\"  >\n\t\t\t\t<div class=\"col-inner\"  >\n\t\t\t\n\t\t\t\n<div class=\"video video-fit mb\" style=\"padding-top:56.25%;\"><p><iframe loading=\"lazy\" title=\"Zastosowanie metalowej naklejek logo na produktach ze stali nierdzewnej\" width=\"1020\" height=\"574\" src=\"https:\/\/www.youtube.com\/embed\/ZWEnES34-po?feature=oembed\" frameborder=\"0\" allow=\"accelerometer; autoplay; clipboard-write; encrypted-media; gyroscope; picture-in-picture; web-share\" referrerpolicy=\"strict-origin-when-cross-origin\" allowfullscreen><\/iframe><\/p>\n<\/div>\n\t\t<\/div>\n\t\t\t\t\t<\/div>\n\n\t\n<\/div>\n<div class=\"container section-title-container\" ><h4 class=\"section-title section-title-normal\"><b><\/b><span class=\"section-title-main\" >The application of metal logo sticker on Glass products<\/span><b><\/b><\/h4><\/div>\n<div class=\"row row-collapse row-full-width align-middle\"  id=\"row-112046405\">\n\n\t<div id=\"col-329868430\" class=\"col medium-6 small-12 large-6\"  >\n\t\t\t\t<div class=\"col-inner\"  >\n\t\t\t\n\t\t\t\n<div class=\"video video-fit mb\" style=\"padding-top:56.25%;\"><p><iframe loading=\"lazy\" title=\"The application of metal logo sticker on Glass products\" width=\"1020\" height=\"574\" src=\"https:\/\/www.youtube.com\/embed\/hWwQIVk_eyQ?feature=oembed\" frameborder=\"0\" allow=\"accelerometer; autoplay; clipboard-write; encrypted-media; gyroscope; picture-in-picture; web-share\" referrerpolicy=\"strict-origin-when-cross-origin\" allowfullscreen><\/iframe><\/p>\n<\/div>\n\t\t<\/div>\n\t\t\t\t\t<\/div>\n\n\t\n\n\t<div id=\"col-1358414568\" class=\"col medium-6 small-12 large-6\"  >\n\t\t\t\t<div class=\"col-inner text-left\"  >\n\t\t\t\n\t\t\t\n<p>Whether you\u2019re looking to create a custom design or order in bulk, our Custom Metallic Logo Stickers are designed to meet your specific needs. With no minimum order requirements and fast shipping options, we make it easy for you to elevate your brand with our premium metallic stickers.<\/p>\n\t\t<\/div>\n\t\t\t\t\t<\/div>\n\n\t\n<\/div>\n<div class=\"container section-title-container\" ><h4 class=\"section-title section-title-normal\"><b><\/b><span class=\"section-title-main\" >Zastosowanie metalowej naklejek logo na sk\u00f3rze<\/span><b><\/b><\/h4><\/div>\n<div class=\"row row-collapse row-full-width align-middle\"  id=\"row-1611737301\">\n\n\t<div id=\"col-1992310314\" class=\"col medium-6 small-12 large-6\"  >\n\t\t\t\t<div class=\"col-inner text-left\"  >\n\t\t\t\n\t\t\t\n<p>Do\u015bwiadcz blasku naszych niestandardowych metalowych naklejek logo z pierwszej r\u0119ki, ogl\u0105daj\u0105c nasz\u0105 prezentacj\u0119 wideo. Zainspiruj si\u0119 i odkryj, w jaki spos\u00f3b te naklejki mog\u0105 ulepszy\u0107 Twoje produkty, opakowania i materia\u0142y promocyjne. Skontaktuj si\u0119 z nami ju\u017c dzi\u015b, aby dowiedzie\u0107 si\u0119 wi\u0119cej o naszych niestandardowych metalowych naklejkach logo i tym, jak mog\u0105 one zrobi\u0107 trwa\u0142e wra\u017cenie dla Twojej firmy.<\/p>\n\t\t<\/div>\n\t\t\t\t\t<\/div>\n\n\t\n\n\t<div id=\"col-895941048\" class=\"col medium-6 small-12 large-6\"  >\n\t\t\t\t<div class=\"col-inner\"  >\n\t\t\t\n\t\t\t\n<div class=\"video video-fit mb\" style=\"padding-top:56.25%;\"><p><iframe loading=\"lazy\" title=\"Zastosowanie metalowej naklejek logo na sk\u00f3rze\" width=\"1020\" height=\"574\" src=\"https:\/\/www.youtube.com\/embed\/RS-6NDkGT6M?feature=oembed\" frameborder=\"0\" allow=\"accelerometer; autoplay; clipboard-write; encrypted-media; gyroscope; picture-in-picture; web-share\" referrerpolicy=\"strict-origin-when-cross-origin\" allowfullscreen><\/iframe><\/p>\n<\/div>\n\t\t<\/div>\n\t\t\t\t\t<\/div>\n\n\t\n<\/div>\n<div class=\"row align-middle\"  id=\"row-1949523918\">\n\n\t<div id=\"col-751094391\" class=\"col medium-6 small-12 large-6\"  >\n\t\t\t\t<div class=\"col-inner\"  >\n\t\t\t\n\t\t\t\n<div class=\"video video-fit mb\" style=\"padding-top:56.25%;\"><p><iframe loading=\"lazy\" title=\"Zastosowanie metalowej naklejek logo na plastikowej obudowie dla g\u0142o\u015bnika Bluetooth\" width=\"1020\" height=\"574\" src=\"https:\/\/www.youtube.com\/embed\/iAw2a_8aPUY?feature=oembed\" frameborder=\"0\" allow=\"accelerometer; autoplay; clipboard-write; encrypted-media; gyroscope; picture-in-picture; web-share\" referrerpolicy=\"strict-origin-when-cross-origin\" allowfullscreen><\/iframe><\/p>\n<\/div>\n\t\t<\/div>\n\t\t\t\t\t<\/div>\n\n\t\n\n\t<div id=\"col-281320059\" class=\"col medium-6 small-12 large-6\"  >\n\t\t\t\t<div class=\"col-inner\"  >\n\t\t\t\n\t\t\t\n<div class=\"video video-fit mb\" style=\"padding-top:56.25%;\"><p><iframe loading=\"lazy\" title=\"Zastosowanie metalowej naklejki logo na plastikowej obudowie\" width=\"1020\" height=\"574\" src=\"https:\/\/www.youtube.com\/embed\/NQERkD6A2wo?feature=oembed\" frameborder=\"0\" allow=\"accelerometer; autoplay; clipboard-write; encrypted-media; gyroscope; picture-in-picture; web-share\" referrerpolicy=\"strict-origin-when-cross-origin\" allowfullscreen><\/iframe><\/p>\n<\/div>\n\t\t<\/div>\n\t\t\t\t\t<\/div>\n\n\t\n<\/div>\n<div class=\"row align-middle\"  id=\"row-1145685140\">\n\n\t<div id=\"col-354548125\" class=\"col medium-6 small-12 large-6\"  >\n\t\t\t\t<div class=\"col-inner\"  >\n\t\t\t\n\t\t\t\n<div class=\"video video-fit mb\" style=\"padding-top:56.25%;\"><p><iframe loading=\"lazy\" title=\"The application of metal logo sticker on PP plastic material\" width=\"1020\" height=\"574\" src=\"https:\/\/www.youtube.com\/embed\/yPLTcDv8SF8?feature=oembed\" frameborder=\"0\" allow=\"accelerometer; autoplay; clipboard-write; encrypted-media; gyroscope; picture-in-picture; web-share\" referrerpolicy=\"strict-origin-when-cross-origin\" allowfullscreen><\/iframe><\/p>\n<\/div>\n\t\t<\/div>\n\t\t\t\t\t<\/div>\n\n\t\n\n\t<div id=\"col-1382986779\" class=\"col medium-6 small-12 large-6\"  >\n\t\t\t\t<div class=\"col-inner\"  >\n\t\t\t\n\t\t\t\n<div class=\"video video-fit mb\" style=\"padding-top:56.25%;\"><p><iframe loading=\"lazy\" title=\"Zastosowanie metalowej naklejki logo na produkcie aluminium\" width=\"1020\" height=\"574\" src=\"https:\/\/www.youtube.com\/embed\/FIEnnT8K9RM?feature=oembed\" frameborder=\"0\" allow=\"accelerometer; autoplay; clipboard-write; encrypted-media; gyroscope; picture-in-picture; web-share\" referrerpolicy=\"strict-origin-when-cross-origin\" allowfullscreen><\/iframe><\/p>\n<\/div>\n\t\t<\/div>\n\t\t\t\t\t<\/div>\n\n\t\n<\/div>\n\t\t<\/div>\n\n\t\t\n<style>\n#section_272023914 {\n  padding-top: 0px;\n  padding-bottom: 0px;\n}\n@media (min-width:550px) {\n  #section_272023914 {\n    padding-top: 30px;\n    padding-bottom: 30px;\n  }\n}\n<\/style>\n\t<\/section>","protected":false},"excerpt":{"rendered":"","protected":false},"author":1,"featured_media":0,"parent":0,"menu_order":0,"comment_status":"closed","ping_status":"closed","template":"page-blank-title-center.php","meta":{"footnotes":""},"class_list":["post-3268","page","type-page","status-publish","hentry"],"jetpack-related-posts":[],"jetpack_sharing_enabled":true,"_links":{"self":[{"href":"https:\/\/jttlogos.com\/pl\/wp-json\/wp\/v2\/pages\/3268","targetHints":{"allow":["GET"]}}],"collection":[{"href":"https:\/\/jttlogos.com\/pl\/wp-json\/wp\/v2\/pages"}],"about":[{"href":"https:\/\/jttlogos.com\/pl\/wp-json\/wp\/v2\/types\/page"}],"author":[{"embeddable":true,"href":"https:\/\/jttlogos.com\/pl\/wp-json\/wp\/v2\/users\/1"}],"replies":[{"embeddable":true,"href":"https:\/\/jttlogos.com\/pl\/wp-json\/wp\/v2\/comments?post=3268"}],"version-history":[{"count":0,"href":"https:\/\/jttlogos.com\/pl\/wp-json\/wp\/v2\/pages\/3268\/revisions"}],"wp:attachment":[{"href":"https:\/\/jttlogos.com\/pl\/wp-json\/wp\/v2\/media?parent=3268"}],"curies":[{"name":"wp","href":"https:\/\/api.w.org\/{rel}","templated":true}]}}