{"id":61,"date":"2018-02-27T14:09:50","date_gmt":"2018-02-27T14:09:50","guid":{"rendered":"https:\/\/xml-io.proteusthemes.com\/woondershop-amazon\/?page_id=61"},"modified":"2024-03-30T09:38:04","modified_gmt":"2024-03-30T09:38:04","slug":"all-categories","status":"publish","type":"page","link":"https:\/\/jttlogos.com\/pl\/wszystkie-kategorie\/","title":{"rendered":"Departments"},"content":{"rendered":"<section class=\"section\" id=\"section_640754556\">\n\t\t<div class=\"bg section-bg fill bg-fill  bg-loaded\" >\n\n\t\t\t\n\t\t\t\n\t\t\t\n\n\t\t<\/div>\n\n\t\t\n\n\t\t<div class=\"section-content relative\">\n\t\t\t\n<div class=\"row\"  id=\"row-1728715333\">\n\n\t<div id=\"col-785210664\" class=\"col small-12 large-12\"  >\n\t\t\t\t<div class=\"col-inner\"  >\n\t\t\t\n\t\t\t\n<p style=\"text-align: center;\"><strong>Witamy w logo JTT - miejsce docelowe na niestandardowe metalowe naklejki<\/strong><\/p>\n<p>W Logo JTT jeste\u015bmy wiod\u0105c\u0105 fabryk\u0105 specjalizuj\u0105c\u0105 si\u0119 w niestandardowych metalowych naklejkach, oferuj\u0105c r\u00f3\u017cnorodne opcje dostosowywania, aby podnie\u015b\u0107 Twoje produkty. Poznaj nasz\u0105 kolekcj\u0119 metalowych naklejek, metalowych naklejek ze stali nierdzewnej, metalowych naklejek 3D, metalowe naklejki z siatki, metalowe naklejki, metalowe naklejki, metalowe naklejki i metalowe naklejki z perfumami i metalowe naklejki. Nasze produkty s\u0105 wytwarzane z precyzj\u0105 i jako\u015bci\u0105, zaprojektowane w celu zwi\u0119kszenia estetyki twoich przedmiot\u00f3w.<\/p>\n<p>Zobowi\u0105zuj\u0105c si\u0119 do doskona\u0142o\u015bci, zapewniamy niestandardowe rozwi\u0105zania naklejek dla klient\u00f3w na ca\u0142ym \u015bwiecie, przyjmuj\u0105c zam\u00f3wienia z dowolnego kraju. Niezale\u017cnie od tego, czy szukasz unikalnych etykiet metalowych, niestandardowych metalowych naklejek, czy specjalistycznych metalowych naklejek, JTT Logos jest twoim \u017ar\u00f3d\u0142em us\u0142ug dostosowywania premium. Podnie\u015b swoj\u0105 mark\u0119 naszymi produktami wysokiej jako\u015bci i pozw\u00f3l, aby Twoje produkty \u015bwieci\u0142y z wyrafinowaniem i stylem.<\/p>\n<p>Do\u015bwiadcz r\u00f3\u017cnicy z logo JTT - gdzie dostosowywanie spe\u0142nia jako\u015b\u0107 w ka\u017cdej tworzonej naklejce metalicznej. Skontaktuj si\u0119 z nami ju\u017c dzi\u015b, aby zbada\u0107 nasz\u0105 szerok\u0105 gam\u0119 niestandardowych opcji i przekszta\u0142ci\u0107 swoje produkty za pomoc\u0105 niestandardowych metalowych naklejek.<\/p>\n\t\t<\/div>\n\t\t\t\t\t<\/div>\n\n\t\n<\/div>\n\t\t<\/div>\n\n\t\t\n<style>\n#section_640754556 {\n  padding-top: 30px;\n  padding-bottom: 30px;\n}\n<\/style>\n\t<\/section>\n\t\n\t<section class=\"section\" id=\"section_907023876\">\n\t\t<div class=\"bg section-bg fill bg-fill  bg-loaded\" >\n\n\t\t\t\n\t\t\t\n\t\t\t\n\n\t\t<\/div>\n\n\t\t\n\n\t\t<div class=\"section-content relative\">\n\t\t\t\n<div class=\"row\"  id=\"row-2093246958\">\n\n\t<div id=\"col-1410729488\" class=\"col medium-6 small-12 large-6\"  >\n\t\t\t\t<div class=\"col-inner\"  >\n\t\t\t\n\t\t\t\n\n  <div class=\"banner has-hover\" id=\"banner-2137550661\">\n          <div class=\"banner-inner fill\">\n        <div class=\"banner-bg fill\" >\n            <div class=\"bg fill bg-fill\"><\/div>\n                        <div class=\"overlay\"><\/div>            \n                    <\/div>\n\t\t\n        <div class=\"banner-layers container\">\n            <a class=\"fill\" href=\"https:\/\/jttlogos.com\/pl\/kategoria-produktu\/naklejka-metalowa-nikiel\/\" ><div class=\"fill banner-link\"><\/div><\/a>            \n   <div id=\"text-box-938339322\" class=\"text-box banner-layer x5 md-x10 lg-x10 y50 md-y50 lg-y50 res-text\">\n                                <div class=\"text-box-content text dark\">\n              \n              <div class=\"text-inner text-center\">\n                  \n<h3 class=\"uppercase\">Niestandardowe naklejki metalowe<\/h3>\n<p>Metalowa naklejka logo dla urz\u0105dze\u0144 domowych, mobilnych, komputer\u00f3w itp.<\/p>\n              <\/div>\n           <\/div>\n                            \n<style>\n#text-box-938339322 {\n  width: 52%;\n}\n#text-box-938339322 .text-box-content {\n  font-size: 100%;\n}\n@media (min-width:550px) {\n  #text-box-938339322 {\n    width: 40%;\n  }\n}\n<\/style>\n    <\/div>\n \n        <\/div>\n      <\/div>\n\n            \n<style>\n#banner-2137550661 {\n  padding-top: 50%;\n}\n#banner-2137550661 .bg.bg-loaded {\n  background-image: url(https:\/\/i0.wp.com\/jttlogos.com\/wp-content\/uploads\/2024\/03\/JTT_Metal_Nickel_Sticker.webp?fit=625%2C300&ssl=1);\n}\n#banner-2137550661 .overlay {\n  background-color: rgba(0, 0, 0, 0.31);\n}\n#banner-2137550661 .bg {\n  background-position: 46% 43%;\n}\n<\/style>\n  <\/div>\n\n\n\t\t<\/div>\n\t\t\t\t\t<\/div>\n\n\t\n\n\t<div id=\"col-372240604\" class=\"col medium-6 small-12 large-6\"  >\n\t\t\t\t<div class=\"col-inner\"  >\n\t\t\t\n\t\t\t\n\n  <div class=\"banner has-hover\" id=\"banner-344755366\">\n          <div class=\"banner-inner fill\">\n        <div class=\"banner-bg fill\" >\n            <div class=\"bg fill bg-fill\"><\/div>\n                        <div class=\"overlay\"><\/div>            \n                    <\/div>\n\t\t\n        <div class=\"banner-layers container\">\n            <a class=\"fill\" href=\"https:\/\/jttlogos.com\/pl\/kategoria-produktu\/stainless-steel-sticker\/\" ><div class=\"fill banner-link\"><\/div><\/a>            \n   <div id=\"text-box-1169651889\" class=\"text-box banner-layer x5 md-x10 lg-x10 y50 md-y50 lg-y50 res-text\">\n                                <div class=\"text-box-content text dark\">\n              \n              <div class=\"text-inner text-center\">\n                  \n<h3 class=\"uppercase\">Niestandardowa naklejka ze stali nierdzewnej<\/h3>\n<p>Stainless Steel Metal Sticker used for electronic products, packaging gift<\/p>\n              <\/div>\n           <\/div>\n                            \n<style>\n#text-box-1169651889 {\n  width: 52%;\n}\n#text-box-1169651889 .text-box-content {\n  font-size: 100%;\n}\n@media (min-width:550px) {\n  #text-box-1169651889 {\n    width: 40%;\n  }\n}\n<\/style>\n    <\/div>\n \n        <\/div>\n      <\/div>\n\n            \n<style>\n#banner-344755366 {\n  padding-top: 50%;\n}\n#banner-344755366 .bg.bg-loaded {\n  background-image: url(https:\/\/i0.wp.com\/jttlogos.com\/wp-content\/uploads\/2024\/03\/Stainless_Steel_Sticker.webp?fit=625%2C300&ssl=1);\n}\n#banner-344755366 .overlay {\n  background-color: rgba(0, 0, 0, 0.31);\n}\n#banner-344755366 .bg {\n  background-position: 51% 57%;\n}\n<\/style>\n  <\/div>\n\n\n\t\t<\/div>\n\t\t\t\t\t<\/div>\n\n\t\n<\/div>\n\t\t<\/div>\n\n\t\t\n<style>\n#section_907023876 {\n  padding-top: 30px;\n  padding-bottom: 30px;\n}\n<\/style>\n\t<\/section>\n\t\n\t<section class=\"section\" id=\"section_86611485\">\n\t\t<div class=\"bg section-bg fill bg-fill  bg-loaded\" >\n\n\t\t\t\n\t\t\t\n\t\t\t\n\n\t\t<\/div>\n\n\t\t\n\n\t\t<div class=\"section-content relative\">\n\t\t\t\n<div class=\"row\"  id=\"row-1975876940\">\n\n\t<div id=\"col-1404423098\" class=\"col medium-4 small-12 large-4\"  >\n\t\t\t\t<div class=\"col-inner\"  >\n\t\t\t\n\t\t\t\n\n  <div class=\"banner has-hover\" id=\"banner-302339556\">\n          <div class=\"banner-inner fill\">\n        <div class=\"banner-bg fill\" >\n            <div class=\"bg fill bg-fill\"><\/div>\n                        <div class=\"overlay\"><\/div>            \n                    <\/div>\n\t\t\n        <div class=\"banner-layers container\">\n            <a class=\"fill\" href=\"https:\/\/jttlogos.com\/pl\/kategoria-produktu\/3d-metal-sticker\/\" ><div class=\"fill banner-link\"><\/div><\/a>            \n   <div id=\"text-box-1919578521\" class=\"text-box banner-layer x5 md-x10 lg-x10 y80 md-y65 lg-y65 res-text\">\n                                <div class=\"text-box-content text dark\">\n              \n              <div class=\"text-inner text-center\">\n                  \n<h3 class=\"uppercase\">3D metalowe naklejki<\/h3>\n<p>Used for electronic products, wine bottle, machinery etc<\/p>\n              <\/div>\n           <\/div>\n                            \n<style>\n#text-box-1919578521 {\n  width: 75%;\n}\n#text-box-1919578521 .text-box-content {\n  font-size: 100%;\n}\n@media (min-width:550px) {\n  #text-box-1919578521 {\n    width: 45%;\n  }\n}\n<\/style>\n    <\/div>\n \n        <\/div>\n      <\/div>\n\n            \n<style>\n#banner-302339556 {\n  padding-top: 60%;\n  background-color: rgb(255,255,255);\n}\n#banner-302339556 .bg.bg-loaded {\n  background-image: url(https:\/\/jttlogos.com\/wp-content\/uploads\/2024\/03\/3D_Sticker.webp);\n}\n#banner-302339556 .overlay {\n  background-color: rgba(0, 0, 0, 0.326);\n}\n#banner-302339556 .bg {\n  background-position: 57% 51%;\n}\n<\/style>\n  <\/div>\n\n\n\t\t<\/div>\n\t\t\t\t\t<\/div>\n\n\t\n\n\t<div id=\"col-1091084386\" class=\"col medium-4 small-12 large-4\"  >\n\t\t\t\t<div class=\"col-inner\"  >\n\t\t\t\n\t\t\t\n\n  <div class=\"banner has-hover\" id=\"banner-831098298\">\n          <div class=\"banner-inner fill\">\n        <div class=\"banner-bg fill\" >\n            <div class=\"bg fill bg-fill\"><\/div>\n                        <div class=\"overlay\"><\/div>            \n                    <\/div>\n\t\t\n        <div class=\"banner-layers container\">\n            <a class=\"fill\" href=\"https:\/\/jttlogos.com\/pl\/kategoria-produktu\/naklejka-metalowa-z-siatka-glosnikowa\/\" ><div class=\"fill banner-link\"><\/div><\/a>            \n   <div id=\"text-box-2032801747\" class=\"text-box banner-layer x5 md-x10 lg-x10 y80 md-y65 lg-y65 res-text\">\n                                <div class=\"text-box-content text dark\">\n              \n              <div class=\"text-inner text-center\">\n                  \n<h3 class=\"uppercase\">Golf Clubs Metal Stickers<\/h3>\n<p>Metal Sticker Used for Golf Clubs<\/p>\n              <\/div>\n           <\/div>\n                            \n<style>\n#text-box-2032801747 {\n  width: 75%;\n}\n#text-box-2032801747 .text-box-content {\n  font-size: 100%;\n}\n@media (min-width:550px) {\n  #text-box-2032801747 {\n    width: 45%;\n  }\n}\n<\/style>\n    <\/div>\n \n        <\/div>\n      <\/div>\n\n            \n<style>\n#banner-831098298 {\n  padding-top: 60%;\n  background-color: rgb(255,255,255);\n}\n#banner-831098298 .bg.bg-loaded {\n  background-image: url(https:\/\/jttlogos.com\/wp-content\/uploads\/2024\/03\/Golf_Clubs_Metal_Sticker.webp);\n}\n#banner-831098298 .overlay {\n  background-color: rgba(0, 0, 0, 0.326);\n}\n#banner-831098298 .bg {\n  background-position: 57% 51%;\n}\n<\/style>\n  <\/div>\n\n\n\t\t<\/div>\n\t\t\t\t\t<\/div>\n\n\t\n\n\t<div id=\"col-448307015\" class=\"col medium-4 small-12 large-4\"  >\n\t\t\t\t<div class=\"col-inner\"  >\n\t\t\t\n\t\t\t\n\n  <div class=\"banner has-hover\" id=\"banner-981402766\">\n          <div class=\"banner-inner fill\">\n        <div class=\"banner-bg fill\" >\n            <div class=\"bg fill bg-fill\"><\/div>\n                        <div class=\"overlay\"><\/div>            \n                    <\/div>\n\t\t\n        <div class=\"banner-layers container\">\n            <a class=\"fill\" href=\"https:\/\/jttlogos.com\/pl\/kategoria-produktu\/flagi-samochodow-metalowa-naklejka\/\" ><div class=\"fill banner-link\"><\/div><\/a>            \n   <div id=\"text-box-597277964\" class=\"text-box banner-layer x5 md-x10 lg-x10 y80 md-y65 lg-y65 res-text\">\n                                <div class=\"text-box-content text dark\">\n              \n              <div class=\"text-inner text-center\">\n                  \n<h3 class=\"uppercase\">Speaker Mesh Metal Stickers<\/h3>\n<p>Used for phones, tablet computers, audio equipment, etc<\/p>\n              <\/div>\n           <\/div>\n                            \n<style>\n#text-box-597277964 {\n  width: 75%;\n}\n#text-box-597277964 .text-box-content {\n  font-size: 100%;\n}\n@media (min-width:550px) {\n  #text-box-597277964 {\n    width: 45%;\n  }\n}\n<\/style>\n    <\/div>\n \n        <\/div>\n      <\/div>\n\n            \n<style>\n#banner-981402766 {\n  padding-top: 60%;\n  background-color: rgb(255,255,255);\n}\n#banner-981402766 .bg.bg-loaded {\n  background-image: url(https:\/\/jttlogos.com\/wp-content\/uploads\/2024\/03\/Speaker_Mesh.webp);\n}\n#banner-981402766 .overlay {\n  background-color: rgba(0, 0, 0, 0.326);\n}\n#banner-981402766 .bg {\n  background-position: 57% 51%;\n}\n<\/style>\n  <\/div>\n\n\n\t\t<\/div>\n\t\t\t\t\t<\/div>\n\n\t\n\n\t<div id=\"col-1028847486\" class=\"col medium-4 small-12 large-4\"  >\n\t\t\t\t<div class=\"col-inner\"  >\n\t\t\t\n\t\t\t\n\n  <div class=\"banner has-hover\" id=\"banner-1937066798\">\n          <div class=\"banner-inner fill\">\n        <div class=\"banner-bg fill\" >\n            <div class=\"bg fill bg-fill\"><\/div>\n                        <div class=\"overlay\"><\/div>            \n                    <\/div>\n\t\t\n        <div class=\"banner-layers container\">\n            <a class=\"fill\" href=\"https:\/\/jttlogos.com\/pl\/kategoria-produktu\/metalowa-naklejka-klubow-golfowych\/\" ><div class=\"fill banner-link\"><\/div><\/a>            \n   <div id=\"text-box-763968296\" class=\"text-box banner-layer x5 md-x10 lg-x10 y80 md-y65 lg-y65 res-text\">\n                                <div class=\"text-box-content text dark\">\n              \n              <div class=\"text-inner text-center\">\n                  \n<h3 class=\"uppercase\">Perfume Metal Stickers<\/h3>\n<p>Sticker for perfume bottles<br \/>\n&amp; cosmetic bottles<\/p>\n              <\/div>\n           <\/div>\n                            \n<style>\n#text-box-763968296 {\n  width: 75%;\n}\n#text-box-763968296 .text-box-content {\n  font-size: 100%;\n}\n@media (min-width:550px) {\n  #text-box-763968296 {\n    width: 45%;\n  }\n}\n<\/style>\n    <\/div>\n \n        <\/div>\n      <\/div>\n\n            \n<style>\n#banner-1937066798 {\n  padding-top: 60%;\n  background-color: rgb(255,255,255);\n}\n#banner-1937066798 .bg.bg-loaded {\n  background-image: url(https:\/\/jttlogos.com\/wp-content\/uploads\/2024\/03\/Perfume_Sticker.webp);\n}\n#banner-1937066798 .overlay {\n  background-color: rgba(0, 0, 0, 0.326);\n}\n#banner-1937066798 .bg {\n  background-position: 57% 51%;\n}\n<\/style>\n  <\/div>\n\n\n\t\t<\/div>\n\t\t\t\t\t<\/div>\n\n\t\n\n\t<div id=\"col-1329469986\" class=\"col medium-4 small-12 large-4\"  >\n\t\t\t\t<div class=\"col-inner\"  >\n\t\t\t\n\t\t\t\n\n  <div class=\"banner has-hover\" id=\"banner-1334646799\">\n          <div class=\"banner-inner fill\">\n        <div class=\"banner-bg fill\" >\n            <div class=\"bg fill bg-fill\"><\/div>\n                        <div class=\"overlay\"><\/div>            \n                    <\/div>\n\t\t\n        <div class=\"banner-layers container\">\n            <a class=\"fill\" href=\"https:\/\/jttlogos.com\/pl\/kategoria-produktu\/naklejka-z-perfumami\/\" ><div class=\"fill banner-link\"><\/div><\/a>            \n   <div id=\"text-box-1271057890\" class=\"text-box banner-layer x5 md-x10 lg-x10 y80 md-y65 lg-y65 res-text\">\n                                <div class=\"text-box-content text dark\">\n              \n              <div class=\"text-inner text-center\">\n                  \n<h3 class=\"uppercase\">Car Flags Metal Stickers<\/h3>\n<p>Metal Sticker used for Car Flags<\/p>\n              <\/div>\n           <\/div>\n                            \n<style>\n#text-box-1271057890 {\n  width: 75%;\n}\n#text-box-1271057890 .text-box-content {\n  font-size: 100%;\n}\n@media (min-width:550px) {\n  #text-box-1271057890 {\n    width: 45%;\n  }\n}\n<\/style>\n    <\/div>\n \n        <\/div>\n      <\/div>\n\n            \n<style>\n#banner-1334646799 {\n  padding-top: 60%;\n  background-color: rgb(255,255,255);\n}\n#banner-1334646799 .bg.bg-loaded {\n  background-image: url(https:\/\/jttlogos.com\/wp-content\/uploads\/2024\/03\/Car_Flags_Metal_Sticker.webp);\n}\n#banner-1334646799 .overlay {\n  background-color: rgba(0, 0, 0, 0.326);\n}\n#banner-1334646799 .bg {\n  background-position: 57% 51%;\n}\n<\/style>\n  <\/div>\n\n\n\t\t<\/div>\n\t\t\t\t\t<\/div>\n\n\t\n\n\t<div id=\"col-224955970\" class=\"col medium-4 small-12 large-4\"  >\n\t\t\t\t<div class=\"col-inner\"  >\n\t\t\t\n\t\t\t\n\n  <div class=\"banner has-hover\" id=\"banner-2095568659\">\n          <div class=\"banner-inner fill\">\n        <div class=\"banner-bg fill\" >\n            <div class=\"bg fill bg-fill\"><\/div>\n                        <div class=\"overlay\"><\/div>            \n                    <\/div>\n\t\t\n        <div class=\"banner-layers container\">\n            <a class=\"fill\" href=\"https:\/\/jttlogos.com\/pl\/kategoria-produktu\/metalowa-naklejka-2\/\" ><div class=\"fill banner-link\"><\/div><\/a>            \n   <div id=\"text-box-1124401357\" class=\"text-box banner-layer x5 md-x10 lg-x10 y80 md-y65 lg-y65 res-text\">\n                                <div class=\"text-box-content text dark\">\n              \n              <div class=\"text-inner text-center\">\n                  \n<h3 class=\"uppercase\">Phone Case Metal Stickers<\/h3>\n<p>Metal Sticker used for Phone Case<\/p>\n              <\/div>\n           <\/div>\n                            \n<style>\n#text-box-1124401357 {\n  width: 75%;\n}\n#text-box-1124401357 .text-box-content {\n  font-size: 100%;\n}\n@media (min-width:550px) {\n  #text-box-1124401357 {\n    width: 45%;\n  }\n}\n<\/style>\n    <\/div>\n \n        <\/div>\n      <\/div>\n\n            \n<style>\n#banner-2095568659 {\n  padding-top: 60%;\n  background-color: rgb(255,255,255);\n}\n#banner-2095568659 .bg.bg-loaded {\n  background-image: url(https:\/\/jttlogos.com\/wp-content\/uploads\/2024\/03\/Phone_Case_Sticker.webp);\n}\n#banner-2095568659 .overlay {\n  background-color: rgba(0, 0, 0, 0.326);\n}\n#banner-2095568659 .bg {\n  background-position: 57% 51%;\n}\n<\/style>\n  <\/div>\n\n\n\t\t<\/div>\n\t\t\t\t\t<\/div>\n\n\t\n<\/div>\n\t\t<\/div>\n\n\t\t\n<style>\n#section_86611485 {\n  padding-top: 25px;\n  padding-bottom: 25px;\n  margin-bottom: -25px;\n}\n@media (min-width:850px) {\n  #section_86611485 {\n    padding-top: 40px;\n    padding-bottom: 40px;\n  }\n}\n<\/style>\n\t<\/section>","protected":false},"excerpt":{"rendered":"","protected":false},"author":1,"featured_media":2327,"parent":0,"menu_order":0,"comment_status":"closed","ping_status":"closed","template":"","meta":{"footnotes":""},"class_list":["post-61","page","type-page","status-publish","has-post-thumbnail","hentry"],"jetpack-related-posts":[],"jetpack_sharing_enabled":true,"_links":{"self":[{"href":"https:\/\/jttlogos.com\/pl\/wp-json\/wp\/v2\/pages\/61","targetHints":{"allow":["GET"]}}],"collection":[{"href":"https:\/\/jttlogos.com\/pl\/wp-json\/wp\/v2\/pages"}],"about":[{"href":"https:\/\/jttlogos.com\/pl\/wp-json\/wp\/v2\/types\/page"}],"author":[{"embeddable":true,"href":"https:\/\/jttlogos.com\/pl\/wp-json\/wp\/v2\/users\/1"}],"replies":[{"embeddable":true,"href":"https:\/\/jttlogos.com\/pl\/wp-json\/wp\/v2\/comments?post=61"}],"version-history":[{"count":0,"href":"https:\/\/jttlogos.com\/pl\/wp-json\/wp\/v2\/pages\/61\/revisions"}],"wp:featuredmedia":[{"embeddable":true,"href":"https:\/\/jttlogos.com\/pl\/wp-json\/wp\/v2\/media\/2327"}],"wp:attachment":[{"href":"https:\/\/jttlogos.com\/pl\/wp-json\/wp\/v2\/media?parent=61"}],"curies":[{"name":"wp","href":"https:\/\/api.w.org\/{rel}","templated":true}]}}