{"id":2393,"date":"2020-05-11T02:05:36","date_gmt":"2020-05-11T02:05:36","guid":{"rendered":"https:\/\/jttlogos.com\/?post_type=product&#038;p=2393"},"modified":"2026-04-20T02:37:58","modified_gmt":"2026-04-20T02:37:58","slug":"custom-thin-self-adhesive-gold-electroforming-metal-nickel-sticker-plating-metallic-logo-sticker-for-your-brand","status":"publish","type":"product","link":"https:\/\/jttlogos.com\/pl\/produkt\/custom-thin-self-adhesive-gold-electroforming-metal-nickel-sticker-plating-metallic-logo-sticker-for-your-brand\/","title":{"rendered":"Custom Thin Self-Adhesive Pure Nickel Metal Sticker \u2013 Gold Plating Metallic Brand Logo Label"},"content":{"rendered":"<article style=\"font-family: 'Segoe UI', Roboto, Helvetica, Arial, sans-serif; line-height: 1.8; color: #333333; max-width: 100%px; margin: 0 auto; padding: 20px;\"><!-- Early CTA & Trust Signals --><\/p>\n<div style=\"background-color: #fdfbf7; border: 1px solid #eaddb6; padding: 25px; border-radius: 8px; margin-bottom: 30px; text-align: center;\">\n<h2 style=\"color: #2c3e50; font-size: 28px; margin-top: 0; margin-bottom: 15px;\">Niestandardowa cienka samoprzylepna z\u0142ota metalowa naklejka z niklem poszycie metaliczne logo naklejka dla Twojej marki<\/h2>\n<p style=\"font-size: 16px; color: #555555; max-width: 800px; margin: 0 auto 20px auto;\">Podnie\u015b to\u017csamo\u015b\u0107 wizualn\u0105 swojej marki dzi\u0119ki wysokiej jako\u015bci naklejkom z czystego niklu 100%. JTT Precision Metal Co., Ltd. wnosi ponad 20-letni\u0105 specjalizacj\u0119 w zaspokajanie potrzeb w zakresie opakowa\u0144 produkt\u00f3w, elektroniki i etykietowania przemys\u0142owego. Certyfikowane przez SGS, RoHS i MSDS.<\/p>\n<div style=\"display: flex; flex-wrap: wrap; justify-content: center; gap: 15px; margin-bottom: 20px;\"><span style=\"background-color: #e8f5e9; color: #2e7d32; padding: 8px 15px; border-radius: 20px; font-weight: 600; font-size: 14px;\">\u2714 Ponad 20-letnie do\u015bwiadczenie<\/span><br \/>\n<span style=\"background-color: #e8f5e9; color: #2e7d32; padding: 8px 15px; border-radius: 20px; font-weight: 600; font-size: 14px;\">\u2714 SGS, RoHS, MSDS Certified<\/span><br \/>\n<span style=\"background-color: #e8f5e9; color: #2e7d32; padding: 8px 15px; border-radius: 20px; font-weight: 600; font-size: 14px;\">\u2714 Bezpieczne transakcje B2B<\/span><\/div>\n<p><a style=\"display: inline-block; padding: 16px 32px; background-color: #d4af37; color: #ffffff; text-decoration: none; font-weight: bold; border-radius: 6px; font-size: 16px; transition: background-color 0.3s; box-shadow: 0 4px 6px rgba(0,0,0,0.1);\" href=\"https:\/\/jttlogos.com\/pl\/skontaktuj-sie-z-nami\/\">Popro\u015b o niestandardow\u0105 wycen\u0119 ju\u017c dzi\u015b<\/a><\/p>\n<p style=\"font-size: 13px; color: #777; margin-top: 10px;\">Dost\u0119pne elastyczne wielko\u015bci zam\u00f3wie\u0144. Szybka 3-5-dniowa produkcja pr\u00f3bek.<\/p>\n<\/div>\n<h2 style=\"color: #2c3e50; font-size: 26px; border-bottom: 2px solid #d4af37; padding-bottom: 10px; margin-top: 40px;\">Przegl\u0105d produktu: Wysokiej jako\u015bci metalowe naklejki z logo<\/h2>\n<p style=\"font-size: 16px; color: #444444; margin-bottom: 20px;\">Na dzisiejszym konkurencyjnym rynku rozpoznawalno\u015b\u0107 marki jest najwa\u017cniejsza. The <strong>niestandardowa cienka samoprzylepna naklejka ze z\u0142otego metalu i niklu<\/strong> offers an unparalleled, luxurious finish that traditional paper or vinyl labels simply cannot match. Manufactured by <a href=\"https:\/\/jttlogos.com\/pl\/\">JTT Precision Metal Co., Ltd. (jttlogos.com)<\/a>, these high-end metallic logo stickers are crafted from 100% pure nickel using advanced electroplating techniques. This ensures a stunning, high-gloss gold finish\u2014or any custom color of your choosing\u2014that instantly communicates quality and prestige to your customers.<\/p>\n<p style=\"font-size: 16px; color: #444444; margin-bottom: 20px;\">Grubo\u015b\u0107 naszych ultracienkich metalowych naklejek wynosi od 0,045 mm do 0,12 mm, co pozwala im pi\u0119knie przylega\u0107 do powierzchni bez niepotrzebnego zwi\u0119kszania obj\u0119to\u015bci. Niezale\u017cnie od tego, czy promujesz wysokiej jako\u015bci etui na telefony kom\u00f3rkowe, luksusowe pude\u0142ka na prezenty czy sprz\u0119t gospodarstwa domowego, nasze spersonalizowane metalowe naklejki z logo powlekanym p\u0142ynnie dostosowuj\u0105 si\u0119 do Twoich wymaga\u0144 projektowych. Oferujemy pe\u0142n\u0105 personalizacj\u0119 rozmiaru, kszta\u0142tu i koloru, zapewniaj\u0105c, \u017ce dok\u0142adne wytyczne Twojej marki zostan\u0105 spe\u0142nione z nieskaziteln\u0105 precyzj\u0105.<\/p>\n<h2 style=\"color: #2c3e50; font-size: 26px; border-bottom: 2px solid #d4af37; padding-bottom: 10px; margin-top: 40px;\">Szczeg\u00f3\u0142owe dane techniczne<\/h2>\n<p style=\"font-size: 16px; color: #444444; margin-bottom: 20px;\">Przejrzysto\u015b\u0107 i dok\u0142adno\u015b\u0107 techniczna to kamienie w\u0119gielne naszego procesu produkcyjnego. Poni\u017cej znajduj\u0105 si\u0119 kompleksowe specyfikacje naszych niestandardowych naklejek z logo z niklu, zaprojektowanych, aby pom\u00f3c mened\u017cerom ds. zakup\u00f3w i projektantom produkt\u00f3w w podejmowaniu \u015bwiadomych decyzji zakupowych B2B.<\/p>\n<div style=\"overflow-x: auto;\">\n<table style=\"width: 100%; border-collapse: collapse; margin-bottom: 30px; font-size: 15px; box-shadow: 0 2px 8px rgba(0,0,0,0.05);\">\n<tbody>\n<tr>\n<th style=\"background-color: #f4f6f8; border: 1px solid #dddddd; padding: 15px; text-align: left; width: 30%; color: #2c3e50; font-weight: bold;\">Nazwa przedmiotu<\/th>\n<td style=\"border: 1px solid #dddddd; padding: 15px; color: #555555;\"><a href=\"https:\/\/jttlogos.com\/pl\/kategoria-produktu\/naklejka-metalowa-nikiel\/\">Metal Nickel Sticker<\/a> \/ Metaliczna naklejka z logo<\/td>\n<\/tr>\n<tr>\n<th style=\"background-color: #ffffff; border: 1px solid #dddddd; padding: 15px; text-align: left; color: #2c3e50; font-weight: bold;\">Materia\u0142 bazowy<\/th>\n<td style=\"border: 1px solid #dddddd; padding: 15px; color: #555555;\">Premium Metal, 100% Pure Nickel<\/td>\n<\/tr>\n<tr>\n<th style=\"background-color: #f4f6f8; border: 1px solid #dddddd; padding: 15px; text-align: left; color: #2c3e50; font-weight: bold;\">Technika produkcji<\/th>\n<td style=\"border: 1px solid #dddddd; padding: 15px; color: #555555;\">Zaawansowane galwanizacja<\/td>\n<\/tr>\n<tr>\n<th style=\"background-color: #ffffff; border: 1px solid #dddddd; padding: 15px; text-align: left; color: #2c3e50; font-weight: bold;\">Grubo\u015b\u0107 materia\u0142u<\/th>\n<td style=\"border: 1px solid #dddddd; padding: 15px; color: #555555;\">0,045 mm \u2013 0,12 mm (ultracienki profil)<\/td>\n<\/tr>\n<tr>\n<th style=\"background-color: #f4f6f8; border: 1px solid #dddddd; padding: 15px; text-align: left; color: #2c3e50; font-weight: bold;\">Rozmiar i kolor<\/th>\n<td style=\"border: 1px solid #dddddd; padding: 15px; color: #555555;\">100% Dostosowane (wymagany dowolny rozmiar, kszta\u0142t lub kolor)<\/td>\n<\/tr>\n<tr>\n<th style=\"background-color: #ffffff; border: 1px solid #dddddd; padding: 15px; text-align: left; color: #2c3e50; font-weight: bold;\">Opcje kleju<\/th>\n<td style=\"border: 1px solid #dddddd; padding: 15px; color: #555555;\">Klej 3M, klej termotopliwy 3M, dwustronny samoprzylepny<\/td>\n<\/tr>\n<tr>\n<th style=\"background-color: #f4f6f8; border: 1px solid #dddddd; padding: 15px; text-align: left; color: #2c3e50; font-weight: bold;\">Certyfikaty<\/th>\n<td style=\"border: 1px solid #dddddd; padding: 15px; color: #555555;\">SGS, RoHS, MSDS (Compliant with global environmental standards)<\/td>\n<\/tr>\n<tr>\n<th style=\"background-color: #ffffff; border: 1px solid #dddddd; padding: 15px; text-align: left; color: #2c3e50; font-weight: bold;\">Accepted Artwork Formats<\/th>\n<td style=\"border: 1px solid #dddddd; padding: 15px; color: #555555;\">AI, PDF, CDR, CAD i inne standardowe formaty wektorowe<\/td>\n<\/tr>\n<\/tbody>\n<\/table>\n<\/div>\n<h2 style=\"color: #2c3e50; font-size: 26px; border-bottom: 2px solid #d4af37; padding-bottom: 10px; margin-top: 40px;\">Specjalistyczna technika galwanizacji i jako\u015b\u0107 materia\u0142u<\/h2>\n<p style=\"font-size: 16px; color: #444444; margin-bottom: 20px;\">W JTT Precision Metal Co., Ltd. nasza g\u0142\u0119boka wiedza techniczna znajduje odzwierciedlenie w skrupulatnym procesie galwanizacji. Wykorzystuj\u0105c czysty nikiel 100% jako nasz materia\u0142 bazowy, zapewniamy, \u017ce ka\u017cda niestandardowa naklejka z metalowym logo 3D charakteryzuje si\u0119 wyj\u0105tkow\u0105 trwa\u0142o\u015bci\u0105, odporno\u015bci\u0105 na korozj\u0119 i wyj\u0105tkowo g\u0142adkim wyko\u0144czeniem powierzchni. Technika galwanizacji pozwala nam uzyska\u0107 wspania\u0142e metaliczne odcienie, w szczeg\u00f3lno\u015bci nasze bardzo poszukiwane z\u0142ocenie, kt\u00f3re zachowuje sw\u00f3j po\u0142ysk przez d\u0142ugi czas bez matowienia i blakni\u0119cia.<\/p>\n<p style=\"font-size: 16px; color: #444444; margin-bottom: 20px;\">Our production line is optimized to maintain strict quality control at every stage. From the initial vector artwork processing (accepting AI, PDF, CDR, and CAD formats) to the final chemical plating baths, our experienced technical team monitors the entire workflow. The result is a premium brand emblem with crisp edges, precise lettering, and a flawless metallic sheen that reflects the high standards of your own products.<\/p>\n<div style=\"background-color: #f9f9f9; border-left: 6px solid #2c3e50; padding: 25px; margin: 35px 0; border-radius: 0 8px 8px 0; box-shadow: 0 2px 5px rgba(0,0,0,0.05);\">\n<h3 style=\"color: #2c3e50; font-size: 20px; margin-top: 0; margin-bottom: 15px;\">\ud83d\udd0d Expert Knowledge Point: Why Choose an Ultra-Thin 0.045-0.12mm Profile?<\/h3>\n<p style=\"font-size: 15px; color: #555555; margin-bottom: 0;\">Unikalny zakres grubo\u015bci <strong>0,045 mm do 0,12 mm<\/strong> to kluczowa zaleta naszych naklejek niklowo-metalowych. Ten ultracienki profil zapewnia, \u017ce \u200b\u200bmetalowa naklejka pozostaje bardzo elastyczna, dzi\u0119ki czemu \u0142atwo dopasowuje si\u0119 zar\u00f3wno do p\u0142askich, jak i lekko zakrzywionych powierzchni. W przeciwie\u0144stwie do grubych metalowych plakietek, kt\u00f3re z czasem mog\u0105 zaczepia\u0107 si\u0119 o kraw\u0119dzie lub odkleja\u0107, nasze cienkie samoprzylepne metalowe etykiety p\u0142ynnie integruj\u0105 si\u0119 z oryginaln\u0105 powierzchni\u0105 produktu. Tworzy to \u201ewbudowany\u201d wygl\u0105d, kt\u00f3ry poprawia estetyk\u0119 produktu, nie zmieniaj\u0105c jego ergonomii dotykowej, dzi\u0119ki czemu idealnie nadaje si\u0119 do przedmiot\u00f3w cz\u0119sto dotykanych, takich jak telefony kom\u00f3rkowe i urz\u0105dzenia elektroniczne.<\/p>\n<\/div>\n<h2 style=\"color: #2c3e50; font-size: 26px; border-bottom: 2px solid #d4af37; padding-bottom: 10px; margin-top: 40px;\">Wszechstronne zastosowania przemys\u0142owe<\/h2>\n<p style=\"font-size: 16px; color: #444444; margin-bottom: 20px;\">Logo marki jest jej najcenniejszym zasobem, a spos\u00f3b jego prezentacji ma znaczenie w ka\u017cdej bran\u017cy. Nasze niestandardowe metalowe naklejki z logo zosta\u0142y zaprojektowane z my\u015bl\u0105 o szerokiej kompatybilno\u015bci mi\u0119dzybran\u017cowej. Ich solidna konstrukcja i elegancki wygl\u0105d sprawiaj\u0105, \u017ce s\u0105 one preferowanym rozwi\u0105zaniem do etykietowania szerokiej gamy produkt\u00f3w:<\/p>\n<ul style=\"font-size: 16px; color: #444444; margin-bottom: 30px; padding-left: 20px; line-height: 1.8;\">\n<li><strong>Elektronika konsumpcyjna:<\/strong> Telefony kom\u00f3rkowe, laptopy, tablety i etui na telefony kom\u00f3rkowe wymagaj\u0105 oznakowania, kt\u00f3re b\u0119dzie zar\u00f3wno trwa\u0142e, jak i stylowe.<\/li>\n<li><strong>Sprz\u0119t AGD:<\/strong> Refrigerators, coffee makers, and washing machines benefit from heat-resistant and moisture-resistant metallic plates.<\/li>\n<li><strong>Luxury Packaging:<\/strong> Podnie\u015b poziom kosmetyk\u00f3w, perfum, bi\u017cuterii i wysokiej klasy firmowych pude\u0142ek upominkowych za pomoc\u0105 z\u0142otej metalowej naklejki 3D, kt\u00f3ra podkre\u015bla ekskluzywno\u015b\u0107.<\/li>\n<li><strong>Motoryzacja i maszyny:<\/strong> Niestandardowe samoprzylepne metalowe logo wytrzymuj\u0105 rygorystyczne warunki, dzi\u0119ki czemu idealnie nadaj\u0105 si\u0119 do wn\u0119trz samochod\u00f3w, oznakowania deski rozdzielczej i tabliczek znamionowych ci\u0119\u017ckich maszyn.<\/li>\n<li><strong>Audio &amp; Visual Equipment:<\/strong> G\u0142o\u015bniki, s\u0142uchawki i systemy kina domowego o wysokiej jako\u015bci cz\u0119sto wykorzystuj\u0105 nasze naklejki z niklu, aby zaprezentowa\u0107 dziedzictwo swojej marki.<\/li>\n<\/ul>\n<p><!-- Placeholders for Images as requested to retain visual structures --><\/p>\n<div style=\"display: flex; flex-wrap: wrap; gap: 20px; margin-bottom: 30px; justify-content: center;\">\n<div style=\"flex: 1; min-width: 300px; background-color: #f4f4f4; text-align: center; padding: 10px; border: 1px solid #ddd; border-radius: 4px;\"><!-- Original Image Placeholder --><br \/>\n<iframe loading=\"lazy\" title=\"Niestandardowe cienkie samoprzylepne z\u0142ote elektrobormy metalowy nikiel naklejka poszyjka metalowa naklejka logo\" width=\"1020\" height=\"574\" src=\"https:\/\/www.youtube.com\/embed\/btIPqK_D2qE?feature=oembed\" frameborder=\"0\" allow=\"accelerometer; autoplay; clipboard-write; encrypted-media; gyroscope; picture-in-picture; web-share\" referrerpolicy=\"strict-origin-when-cross-origin\" allowfullscreen><\/iframe><\/p>\n<p style=\"font-size: 13px; color: #777; margin-top: 10px;\">\n<\/div>\n<div style=\"flex: 1; min-width: 300px; background-color: #f4f4f4; text-align: center; padding: 10px; border: 1px solid #ddd; border-radius: 4px;\"><!-- Original Image Placeholder --><\/p>\n<p style=\"font-size: 13px; color: #777; margin-top: 10px;\"><img data-recalc-dims=\"1\" decoding=\"async\" class=\"alignnone wp-image-1418 size-full\" src=\"https:\/\/i0.wp.com\/jttlogos.com\/wp-content\/uploads\/2020\/05\/Hollowing-out-metal-sticker-18.jpg?resize=600%2C450&#038;ssl=1\" alt=\"Electroplated Metallic Logo Sticker Packaging Application\" width=\"600\" height=\"450\" title=\"\"><\/p>\n<\/div>\n<\/div>\n<h2 style=\"color: #2c3e50; font-size: 26px; border-bottom: 2px solid #d4af37; padding-bottom: 10px; margin-top: 40px;\">Zaawansowane kleje zapewniaj\u0105ce maksymaln\u0105 trwa\u0142o\u015b\u0107<\/h2>\n<p style=\"font-size: 16px; color: #444444; margin-bottom: 20px;\">Wysokiej jako\u015bci metalowa naklejka niklowa jest tak dobra, jak klej, kt\u00f3ry j\u0105 wi\u0105\u017ce. Rozumiemy, \u017ce r\u00f3\u017cne scenariusze u\u017cytkowania wymagaj\u0105 r\u00f3\u017cnych w\u0142a\u015bciwo\u015bci kleju. W\u0142a\u015bnie dlatego JTT Precision Metal Co., Ltd. oferuje wiod\u0105ce w bran\u017cy opcje samoprzylepnych podk\u0142ad\u00f3w, dzi\u0119ki kt\u00f3rym metalowa naklejka z logo pozostanie dok\u0142adnie tam, gdzie j\u0105 umie\u015bcisz.<\/p>\n<ul style=\"font-size: 16px; color: #444444; margin-bottom: 30px; padding-left: 20px; line-height: 1.8;\">\n<li><strong>Klej 3M:<\/strong> World-renowned for its incredible bonding strength, 3M adhesive is ideal for smooth surfaces like plastics, glass, and polished metals. It provides long-lasting hold and resists peeling even under environmental stress.<\/li>\n<li><strong>Klej termotopliwy 3M:<\/strong> Specjalnie opracowany do zastosowa\u0144 wymagaj\u0105cych specjalistycznej aktywacji cieplnej, zapewniaj\u0105cy doskona\u0142e wi\u0105zanie na teksturowanych lub trudnych pod\u0142o\u017cach, cz\u0119sto spotykanych w maszynach i cz\u0119\u015bciach samochodowych.<\/li>\n<li><strong>Dwustronny samoprzylepny:<\/strong> Wszechstronna, przyjazna dla u\u017cytkownika opcja, kt\u00f3ra pozwala na szybk\u0105 aplikacj\u0119 na linii monta\u017cowej metod\u0105 odklejenia i przyklejenia, znacznie przyspieszaj\u0105c przep\u0142yw pracy w produkcji.<\/li>\n<\/ul>\n<h2 style=\"color: #2c3e50; font-size: 26px; border-bottom: 2px solid #d4af37; padding-bottom: 10px; margin-top: 40px;\">Zapewnienie jako\u015bci, certyfikaty i zasady zaufania<\/h2>\n<p style=\"font-size: 16px; color: #444444; margin-bottom: 20px;\">Dzi\u0119ki ponad 20-letniej specjalizacji w zakresie naklejek z metalowym logo ze stali nierdzewnej, naklejek z metalowym logo 3D i etykiet niklowych, firma JTT Precision Metal Co., Ltd. dzia\u0142a z niezachwianym zaanga\u017cowaniem w jako\u015b\u0107. Nie tylko produkujemy etykiety; kreujemy oblicze Twojej marki.<\/p>\n<p style=\"font-size: 16px; color: #444444; margin-bottom: 20px;\"><strong>Global Certifications:<\/strong> Aby zapewni\u0107 zgodno\u015b\u0107 z mi\u0119dzynarodowymi przepisami dotycz\u0105cymi bezpiecze\u0144stwa i ochrony \u015brodowiska, nasze niestandardowe naklejki metalowe s\u0105 rygorystycznie testowane. Dumnie trzymamy <strong>SGS, RoHS, and MSDS certifications<\/strong>. This guarantees that our materials and electroplating processes are safe, non-toxic, and environmentally responsible.<\/p>\n<p style=\"font-size: 16px; color: #444444; margin-bottom: 20px;\"><strong>\u015acis\u0142a kontrola jako\u015bci:<\/strong> While we do not offer unconditional returns, we implement a rigorous pre-shipment inspection process. Every batch of metallic logo stickers is carefully examined for color accuracy, edge sharpness, and adhesive integrity before being packed into secure OPP package bags. We ensure your products arrive in pristine condition, manufactured strictly to your approved sample specifications.<\/p>\n<h2 style=\"color: #2c3e50; font-size: 26px; border-bottom: 2px solid #d4af37; padding-bottom: 10px; margin-top: 40px;\">Seamless Ordering Process, Logistics &amp; Payment Options<\/h2>\n<p style=\"font-size: 16px; color: #444444; margin-bottom: 20px;\">Usprawnili\u015bmy nasz proces zakup\u00f3w B2B, aby zapewni\u0107 naszym klientom na ca\u0142ym \u015bwiecie szybkie terminy realizacji i bezpieczne transakcje. Od prototypowania po masow\u0105 produkcj\u0119, nasza komunikacja jest przejrzysta i skuteczna.<\/p>\n<div style=\"background-color: #ffffff; border: 1px solid #e0e0e0; padding: 25px; border-radius: 8px; margin-bottom: 30px; box-shadow: 0 4px 12px rgba(0,0,0,0.03);\">\n<h3 style=\"color: #2c3e50; font-size: 20px; margin-top: 0; margin-bottom: 15px;\">Fast Production &amp; Delivery Times<\/h3>\n<ul style=\"font-size: 15px; color: #555555; padding-left: 20px; margin-bottom: 20px;\">\n<li><strong>Istniej\u0105ce pr\u00f3bki:<\/strong> Wysy\u0142ka w ci\u0105gu zaledwie 1 dnia w celu uzyskania natychmiastowego odniesienia do jako\u015bci.<\/li>\n<li><strong>Niestandardowe prototypowanie:<\/strong> Szybka dostawa w ci\u0105gu 3\u20135 dni w celu stworzenia pr\u00f3bki w oparciu o okre\u015blone wymagania dotycz\u0105ce grafiki i koloru.<\/li>\n<li><strong>Produkcja masowa:<\/strong> Lead times are highly efficient and depend entirely on your specific order quantity and production schedule requirements.<\/li>\n<\/ul>\n<h3 style=\"color: #2c3e50; font-size: 20px; margin-top: 0; margin-bottom: 15px;\">Warunki i metody bezpiecznych p\u0142atno\u015bci<\/h3>\n<p style=\"font-size: 15px; color: #555555; margin-bottom: 10px;\">We require a standard T\/T 30% as deposit, with the balance to be paid securely before delivery. To accommodate our diverse international clientele, we support multiple trusted payment gateways:<\/p>\n<div style=\"display: flex; flex-wrap: wrap; gap: 10px; margin-bottom: 20px;\"><span style=\"background-color: #f0f4f8; border: 1px solid #d9e2ec; padding: 6px 12px; border-radius: 4px; font-size: 13px; color: #334e68;\">Gwarancja handlu Alibaba<\/span><br \/>\n<span style=\"background-color: #f0f4f8; border: 1px solid #d9e2ec; padding: 6px 12px; border-radius: 4px; font-size: 13px; color: #334e68;\">T\/T (przelew bankowy)<\/span><br \/>\n<span style=\"background-color: #f0f4f8; border: 1px solid #d9e2ec; padding: 6px 12px; border-radius: 4px; font-size: 13px; color: #334e68;\">PayPal<\/span><br \/>\n<span style=\"background-color: #f0f4f8; border: 1px solid #d9e2ec; padding: 6px 12px; border-radius: 4px; font-size: 13px; color: #334e68;\">Credit Card<\/span><br \/>\n<span style=\"background-color: #f0f4f8; border: 1px solid #d9e2ec; padding: 6px 12px; border-radius: 4px; font-size: 13px; color: #334e68;\">Akredytywa<\/span><br \/>\n<span style=\"background-color: #f0f4f8; border: 1px solid #d9e2ec; padding: 6px 12px; border-radius: 4px; font-size: 13px; color: #334e68;\">Western Union<\/span><\/div>\n<h3 style=\"color: #2c3e50; font-size: 20px; margin-top: 0; margin-bottom: 15px;\">Globalna wysy\u0142ka i opakowanie<\/h3>\n<p style=\"font-size: 15px; color: #555555; margin-bottom: 0;\">All metallic logo stickers are carefully packed in protective OPP package bags to prevent scratching during transit. We coordinate shipments globally via Air freight, Sea freight, or express couriers including DHL, UPS, and FedEx, ensuring your labels arrive exactly when you need them.<\/p>\n<\/div>\n<h2 style=\"color: #2c3e50; font-size: 26px; border-bottom: 2px solid #d4af37; padding-bottom: 10px; margin-top: 40px;\">Frequently Asked Questions (FAQs)<\/h2>\n<div style=\"margin-top: 25px;\">\n<div style=\"margin-bottom: 15px; border-bottom: 1px solid #eaeaea; padding-bottom: 15px;\">\n<h4 style=\"font-size: 18px; color: #2c3e50; margin: 0 0 8px 0; font-weight: 600;\">P: Jakie materia\u0142y s\u0105 u\u017cywane do tworzenia tych niestandardowych metalowych naklejek?<\/h4>\n<p style=\"font-size: 15px; color: #555555; margin: 0;\">Odp.: Nasze wysokiej jako\u015bci metalowe naklejki z logo s\u0105 produkowane przy u\u017cyciu czystego niklu 100%. Dzi\u0119ki specjalistycznemu procesowi galwanizacji mo\u017cemy uzyska\u0107 luksusowe wyko\u0144czenia, w tym z\u0142ocenie, dostosowane do Pa\u0144stwa indywidualnych specyfikacji.<\/p>\n<\/div>\n<div style=\"margin-bottom: 15px; border-bottom: 1px solid #eaeaea; padding-bottom: 15px;\">\n<h4 style=\"font-size: 18px; color: #2c3e50; margin: 0 0 8px 0; font-weight: 600;\">Q: How thick are the nickel metal logo stickers?<\/h4>\n<p style=\"font-size: 15px; color: #555555; margin: 0;\">Odp.: Naklejki maj\u0105 ultracienki profil i grubo\u015b\u0107 od 0,045 mm do 0,12 mm. Dzi\u0119ki temu zachowuj\u0105 elegancki, r\u00f3wny wygl\u0105d po na\u0142o\u017ceniu na produkty lub opakowania prezent\u00f3w.<\/p>\n<\/div>\n<div style=\"margin-bottom: 15px; border-bottom: 1px solid #eaeaea; padding-bottom: 15px;\">\n<h4 style=\"font-size: 18px; color: #2c3e50; margin: 0 0 8px 0; font-weight: 600;\">Q: Are your metallic stickers environmentally certified?<\/h4>\n<p style=\"font-size: 15px; color: #555555; margin: 0;\">O: Tak. Wszystkie nasze niestandardowe naklejki metalowe i procesy produkcyjne s\u0105 w pe\u0142ni certyfikowane przez SGS, RoHS i MSDS, co gwarantuje, \u017ce spe\u0142niaj\u0105 rygorystyczne \u015bwiatowe standardy bezpiecze\u0144stwa i ochrony \u015brodowiska.<\/p>\n<\/div>\n<div style=\"margin-bottom: 15px; border-bottom: 1px solid #eaeaea; padding-bottom: 15px;\">\n<h4 style=\"font-size: 18px; color: #2c3e50; margin: 0 0 8px 0; font-weight: 600;\">P: Jakie formaty grafiki s\u0105 potrzebne do rozpocz\u0119cia produkcji?<\/h4>\n<p style=\"font-size: 15px; color: #555555; margin: 0;\">A: For the most accurate and precise production, we accept standard vector formats including AI, PDF, CDR, and CAD. If you have other formats, please contact our team to verify compatibility.<\/p>\n<\/div>\n<div style=\"margin-bottom: 15px; border-bottom: 1px solid #eaeaea; padding-bottom: 15px;\">\n<h4 style=\"font-size: 18px; color: #2c3e50; margin: 0 0 8px 0; font-weight: 600;\">Q: How do I apply the sticker to my product?<\/h4>\n<p style=\"font-size: 15px; color: #555555; margin: 0;\">A: Application is simple. Ensure the surface of your product (such as a mobile phone case or household appliance) is clean and dry. Peel the protective backing from the 3M adhesive or double-sided self-adhesive, carefully align the metallic logo, and press firmly. Peel away the top clear transfer tape to reveal the stunning metal decal.<\/p>\n<\/div>\n<\/div>\n<p><!-- Bottom CTA --><\/p>\n<div id=\"contact\" style=\"background-color: #2c3e50; color: #ffffff; padding: 40px 20px; border-radius: 8px; margin-top: 40px; text-align: center;\">\n<h3 style=\"font-size: 24px; margin-top: 0; margin-bottom: 15px; color: #ffffff;\">Ready to Upgrade Your Product Branding?<\/h3>\n<p style=\"font-size: 16px; max-width: 700px; margin: 0 auto 25px auto; color: #d9e2ec;\">Nawi\u0105\u017c wsp\u00f3\u0142prac\u0119 z JTT Precision Metal Co., Ltd., zaufanym producentem z ponad 20-letni\u0105 specjalizacj\u0105 w wysokiej jako\u015bci, spersonalizowanych metalowych naklejkach z logo. Prze\u015blij swoj\u0105 grafik\u0119 wektorow\u0105 ju\u017c dzi\u015b, aby otrzyma\u0107 dok\u0142adn\u0105, dostosowan\u0105 do indywidualnych potrzeb wycen\u0119.<\/p>\n<p><a style=\"display: inline-block; padding: 16px 35px; background-color: #d4af37; color: #ffffff; text-decoration: none; font-weight: bold; border-radius: 6px; font-size: 18px; text-transform: uppercase; letter-spacing: 1px; transition: background-color 0.3s;\" href=\"mailto:fiona@jttlogo.net\">Submit Your Inquiry \/ Get a Quote<\/a><\/p>\n<\/div>\n<\/article>","protected":false},"excerpt":{"rendered":"<p>Elevate your brand with custom thin self-adhesive gold metal nickel stickers by JTT Precision Metal. Backed by 20 years of expertise and SGS\/RoHS certified, our 100% pure nickel electroplated metallic logo stickers offer premium durability for electronics, appliances, and luxury packaging. Request a custom quote today!<\/p>","protected":false},"featured_media":2397,"comment_status":"open","ping_status":"closed","template":"","meta":[],"product_brand":[],"product_cat":[48],"product_tag":[],"class_list":{"0":"post-2393","1":"product","2":"type-product","3":"status-publish","4":"has-post-thumbnail","6":"product_cat-nickel-metal-sticker","8":"first","9":"instock","10":"shipping-taxable","11":"product-type-simple"},"jetpack-related-posts":[],"jetpack_sharing_enabled":true,"_links":{"self":[{"href":"https:\/\/jttlogos.com\/pl\/wp-json\/wp\/v2\/product\/2393","targetHints":{"allow":["GET"]}}],"collection":[{"href":"https:\/\/jttlogos.com\/pl\/wp-json\/wp\/v2\/product"}],"about":[{"href":"https:\/\/jttlogos.com\/pl\/wp-json\/wp\/v2\/types\/product"}],"replies":[{"embeddable":true,"href":"https:\/\/jttlogos.com\/pl\/wp-json\/wp\/v2\/comments?post=2393"}],"wp:featuredmedia":[{"embeddable":true,"href":"https:\/\/jttlogos.com\/pl\/wp-json\/wp\/v2\/media\/2397"}],"wp:attachment":[{"href":"https:\/\/jttlogos.com\/pl\/wp-json\/wp\/v2\/media?parent=2393"}],"wp:term":[{"taxonomy":"product_brand","embeddable":true,"href":"https:\/\/jttlogos.com\/pl\/wp-json\/wp\/v2\/product_brand?post=2393"},{"taxonomy":"product_cat","embeddable":true,"href":"https:\/\/jttlogos.com\/pl\/wp-json\/wp\/v2\/product_cat?post=2393"},{"taxonomy":"product_tag","embeddable":true,"href":"https:\/\/jttlogos.com\/pl\/wp-json\/wp\/v2\/product_tag?post=2393"}],"curies":[{"name":"wp","href":"https:\/\/api.w.org\/{rel}","templated":true}]}}