{"id":2670,"date":"2020-05-14T05:59:47","date_gmt":"2020-05-14T05:59:47","guid":{"rendered":"https:\/\/jttlogos.com\/?post_type=product&#038;p=2670"},"modified":"2026-04-18T11:33:52","modified_gmt":"2026-04-18T11:33:52","slug":"custom-metal-name-plate-label-nickel-stickers-with-strong-3m-adhesive-glue-for-all-kinds-of-products","status":"publish","type":"product","link":"https:\/\/jttlogos.com\/pl\/produkt\/niestandardowa-metalowa-etykieta-notowa-naklejki-z-mocnym-klejem-3m-dla-wszystkich-rodzajow-produktow\/","title":{"rendered":"Niestandardowe tabliczki znamionowe z galwanizowanego niklu: wysokiej jako\u015bci metalowe naklejki transferowe 3D z przemys\u0142owym podk\u0142adem 3M do luksusowych opakowa\u0144 i pude\u0142ek upominkowych"},"content":{"rendered":"<article style=\"font-family: 'Segoe UI', Roboto, Helvetica, Arial, sans-serif; line-height: 1.6; color: #333; max-width: 100%px; margin: 0 auto; padding: 20px;\">\n<div style=\"background-color: #f4f7f6; padding: 30px; border-radius: 8px; margin-bottom: 40px; box-shadow: 0 2px 10px rgba(0,0,0,0.05);\">\n<div style=\"text-align: center; margin-bottom: 20px;\">\n<h2 style=\"font-size: 28px; color: #1a365d; margin-bottom: 10px; font-weight: bold;\">Premium niestandardowe metalowe tabliczki znamionowe naklejki niklowe<\/h2>\n<p style=\"font-size: 16px; color: #555; max-width: 800px; margin: 0 auto;\">Podnie\u015b widoczno\u015b\u0107 swojej marki dzi\u0119ki ultracienkim, bardzo trwa\u0142ym kalkomaniom transferowym z czystego niklu 100%. Wspierane przez ponad 20 lat doskona\u0142o\u015bci produkcyjnej i imponuj\u0105c\u0105 dzienn\u0105 wydajno\u015b\u0107 wynosz\u0105c\u0105 70 000 sztuk.<\/p>\n<\/div>\n<p><!-- Trust Signals --><\/p>\n<div style=\"display: flex; justify-content: center; flex-wrap: wrap; gap: 15px; margin-bottom: 25px;\"><span style=\"background-color: #e2f0e9; color: #2d6a4f; padding: 8px 15px; border-radius: 20px; font-size: 14px; font-weight: 600;\">\u2713 Certyfikat SGS<\/span><br \/>\n<span style=\"background-color: #e2f0e9; color: #2d6a4f; padding: 8px 15px; border-radius: 20px; font-size: 14px; font-weight: 600;\">\u2713 Zgodny z dyrektyw\u0105 ROHS<\/span><br \/>\n<span style=\"background-color: #e2f0e9; color: #2d6a4f; padding: 8px 15px; border-radius: 20px; font-size: 14px; font-weight: 600;\">\u2713 Zatwierdzone MSDS<\/span><br \/>\n<span style=\"background-color: #e2f0e9; color: #2d6a4f; padding: 8px 15px; border-radius: 20px; font-size: 14px; font-weight: 600;\">\u2713 Ponad 20-letnie do\u015bwiadczenie<\/span><\/div>\n<p><!-- Prominent CTAs --><\/p>\n<div style=\"text-align: center; display: flex; justify-content: center; gap: 20px; flex-wrap: wrap;\"><a style=\"background-color: #d9534f; color: #ffffff; padding: 14px 32px; text-decoration: none; font-size: 16px; font-weight: bold; border-radius: 6px; box-shadow: 0 4px 6px rgba(217, 83, 79, 0.3); transition: all 0.3s ease;\" href=\"https:\/\/jttlogos.com\/pl\/skontaktuj-sie-z-nami\/\">Popro\u015b o niestandardow\u0105 wycen\u0119<\/a><br \/>\n<a style=\"background-color: #0275d8; color: #ffffff; padding: 14px 32px; text-decoration: none; font-size: 16px; font-weight: bold; border-radius: 6px; box-shadow: 0 4px 6px rgba(2, 117, 216, 0.3); transition: all 0.3s ease;\" href=\"mailto:fiona@jttlogo.net\">Zdob\u0105d\u017a pr\u00f3bk\u0119 w 1 dzie\u0144<\/a><\/div>\n<\/div>\n<p><!-- MAIN PRODUCT DESCRIPTION --><\/p>\n<h2 style=\"font-size: 24px; color: #2c3e50; border-bottom: 2px solid #eee; padding-bottom: 10px; margin-top: 40px;\">Niezr\u00f3wnana jako\u015b\u0107 dzi\u0119ki niestandardowym naklejkom z logo z niklu<\/h2>\n<p style=\"margin-bottom: 15px;\">At <strong>JTT Precision Metal Co., Ltd<\/strong> (<a style=\"color: #0275d8; text-decoration: none;\" href=\"https:\/\/jttlogos.com\/pl\/\">jttlogos.com<\/a>), rozumiemy, \u017ce logo Twojej marki jest jej najwa\u017cniejszym atutem wizualnym. Od ponad dw\u00f3ch dekad nasi specjali\u015bci od produkcji doskonal\u0105 sztuk\u0119 tworzenia <strong>niestandardowe metalowe tabliczki znamionowe naklejki niklowe z mocnym klejem samoprzylepnym 3M do wszystkich rodzaj\u00f3w produkt\u00f3w<\/strong>. These premium self-adhesive metal labels are meticulously crafted using an advanced electroplating technique, resulting in an exceptionally refined, high-gloss finish that instantly upgrades the perceived value of your products.<\/p>\n<p style=\"margin-bottom: 15px;\">Constructed from 100% pure nickel, these customized 3D metal logo stickers provide exceptional resistance to oxidation, corrosion, and everyday wear. Unlike traditional paper or vinyl labels, our metallic transfer decals offer a permanent, luxurious branding solution. Their ultra-thin profile, ranging strictly between <strong>0,045 mm i 0,12 mm<\/strong>, zapewnia p\u0142ynn\u0105, r\u00f3wn\u0105 integracj\u0119 z dowoln\u0105 powierzchni\u0105 produktu, dzi\u0119ki czemu logo wygl\u0105da tak, jakby by\u0142o oryginalnie osadzone w materiale.<\/p>\n<p><iframe loading=\"lazy\" title=\"Samsung Metal Nickel Logo Sticker\" width=\"1020\" height=\"765\" src=\"https:\/\/www.youtube.com\/embed\/NxNxUWCaaTw?feature=oembed\" frameborder=\"0\" allow=\"accelerometer; autoplay; clipboard-write; encrypted-media; gyroscope; picture-in-picture; web-share\" referrerpolicy=\"strict-origin-when-cross-origin\" allowfullscreen><\/iframe><\/p>\n<p><img data-recalc-dims=\"1\" decoding=\"async\" class=\"alignnone wp-image-1418 size-full\" src=\"https:\/\/i0.wp.com\/jttlogos.com\/wp-content\/uploads\/2020\/05\/34.jpg?resize=600%2C450&#038;ssl=1\" alt=\"Electroplated Nickel Metal Name Plates\" width=\"600\" height=\"450\" title=\"\"><\/p>\n<p><!-- SPECIFICATIONS TABLE --><\/p>\n<h2 style=\"font-size: 24px; color: #2c3e50; border-bottom: 2px solid #eee; padding-bottom: 10px; margin-top: 40px;\">Szczeg\u00f3\u0142owe specyfikacje produktu<\/h2>\n<p style=\"margin-bottom: 15px;\">Przejrzysto\u015b\u0107 i dok\u0142adno\u015b\u0107 techniczna s\u0105 podstaw\u0105 naszego procesu produkcyjnego. Poni\u017cej znajduj\u0105 si\u0119 kompleksowe specyfikacje naszych niestandardowych naklejek metalowych:<\/p>\n<div style=\"overflow-x: auto;\">\n<table style=\"width: 100%; border-collapse: collapse; margin: 20px 0; background-color: #ffffff; box-shadow: 0 1px 5px rgba(0,0,0,0.1); font-size: 15px;\">\n<thead>\n<tr style=\"background-color: #2c3e50; color: #ffffff; text-align: left;\">\n<th style=\"padding: 15px; border: 1px solid #ddd; font-weight: 600;\">Feature \/ Attribute<\/th>\n<th style=\"padding: 15px; border: 1px solid #ddd; font-weight: 600;\">Szczeg\u00f3\u0142y techniczne<\/th>\n<\/tr>\n<\/thead>\n<tbody>\n<tr style=\"background-color: #f9f9f9;\">\n<td style=\"padding: 12px 15px; border: 1px solid #ddd; font-weight: bold; color: #333;\">Kategoria przedmiotu<\/td>\n<td style=\"padding: 12px 15px; border: 1px solid #ddd;\"><a style=\"color: #0275d8; text-decoration: none;\" href=\"https:\/\/jttlogos.com\/pl\/kategoria-produktu\/naklejka-metalowa-nikiel\/\">Metalowe naklejki niklu<\/a> \/ Naklejki 3D z metalowym logo<\/td>\n<\/tr>\n<tr>\n<td style=\"padding: 12px 15px; border: 1px solid #ddd; font-weight: bold; color: #333;\">Raw Material<\/td>\n<td style=\"padding: 12px 15px; border: 1px solid #ddd;\">100% Czysty nikiel<\/td>\n<\/tr>\n<tr style=\"background-color: #f9f9f9;\">\n<td style=\"padding: 12px 15px; border: 1px solid #ddd; font-weight: bold; color: #333;\">Technika produkcji<\/td>\n<td style=\"padding: 12px 15px; border: 1px solid #ddd;\">Zaawansowane galwanizacja<\/td>\n<\/tr>\n<tr>\n<td style=\"padding: 12px 15px; border: 1px solid #ddd; font-weight: bold; color: #333;\">Grubo\u015b\u0107 profilu<\/td>\n<td style=\"padding: 12px 15px; border: 1px solid #ddd;\">0,045 mm \u2013 0,12 mm (ultracienka konstrukcja)<\/td>\n<\/tr>\n<tr style=\"background-color: #f9f9f9;\">\n<td style=\"padding: 12px 15px; border: 1px solid #ddd; font-weight: bold; color: #333;\">Size &amp; Color Options<\/td>\n<td style=\"padding: 12px 15px; border: 1px solid #ddd;\">100% Dostosowane (dowolny \u017c\u0105dany rozmiar, kszta\u0142t i niestandardowa kolorystyka)<\/td>\n<\/tr>\n<tr>\n<td style=\"padding: 12px 15px; border: 1px solid #ddd; font-weight: bold; color: #333;\">Podk\u0142ad samoprzylepny<\/td>\n<td style=\"padding: 12px 15px; border: 1px solid #ddd;\">Strong 3M adhesive glue, 3M hot-melt glue, Double-sided self-adhesive<\/td>\n<\/tr>\n<tr style=\"background-color: #f9f9f9;\">\n<td style=\"padding: 12px 15px; border: 1px solid #ddd; font-weight: bold; color: #333;\">Podstawowe zastosowania<\/td>\n<td style=\"padding: 12px 15px; border: 1px solid #ddd;\">Telefony kom\u00f3rkowe, etui na telefony, sprz\u0119t AGD, produkty elektroniczne, luksusowe opakowania na prezenty, samochody, maszyny i nie tylko.<\/td>\n<\/tr>\n<tr>\n<td style=\"padding: 12px 15px; border: 1px solid #ddd; font-weight: bold; color: #333;\">Autorytatywne certyfikaty<\/td>\n<td style=\"padding: 12px 15px; border: 1px solid #ddd;\">SGS, ROHS, MSDS (zgodny z wymogami ochrony \u015brodowiska i certyfikowany na ca\u0142ym \u015bwiecie)<\/td>\n<\/tr>\n<tr style=\"background-color: #f9f9f9;\">\n<td style=\"padding: 12px 15px; border: 1px solid #ddd; font-weight: bold; color: #333;\">Accepted Artwork Formats<\/td>\n<td style=\"padding: 12px 15px; border: 1px solid #ddd;\">Preferowane pliki wektorowe: AI, PDF, CDR, CAD lub podobne formaty o wysokiej rozdzielczo\u015bci<\/td>\n<\/tr>\n<\/tbody>\n<\/table>\n<\/div>\n<p><!-- INDUSTRY APPLICATIONS SECTION --><\/p>\n<h2 style=\"font-size: 24px; color: #2c3e50; border-bottom: 2px solid #eee; padding-bottom: 10px; margin-top: 40px;\">Wszechstronne zastosowania w g\u0142\u00f3wnych ga\u0142\u0119ziach przemys\u0142u<\/h2>\n<p style=\"margin-bottom: 15px;\">Wszechstronno\u015b\u0107 naszych logotyp\u00f3w z niklu galwanicznego sprawia, \u017ce \u200b\u200bs\u0105 one preferowanym wyborem dla wiod\u0105cych marek w r\u00f3\u017cnych sektorach. Nasze niestandardowe naklejki brandingowe zaprojektowano tak, aby bezb\u0142\u0119dnie przylega\u0142y do \u200b\u200br\u00f3\u017cnych pod\u0142o\u017cy, w tym plastiku, szk\u0142a, metalu, drewna i sk\u00f3ry.<\/p>\n<ul style=\"list-style-type: none; padding-left: 0; margin-bottom: 20px;\">\n<li style=\"margin-bottom: 12px; padding-left: 25px; position: relative;\"><span style=\"position: absolute; left: 0; color: #0275d8; font-weight: bold;\">\u27a2<\/span><br \/>\n<strong>Elektronika u\u017cytkowa i akcesoria:<\/strong> Ideal for mobile phones, mobile phone cases, laptops, and audio equipment. The metallic transfer decals add a sleek, modern touch without interfering with device functionality due to their ultra-thin construction.<\/li>\n<li style=\"margin-bottom: 12px; padding-left: 25px; position: relative;\"><span style=\"position: absolute; left: 0; color: #0275d8; font-weight: bold;\">\u27a2<\/span><br \/>\n<strong>Sprz\u0119t AGD:<\/strong> Lod\u00f3wki, pralki i ekspresy do kawy korzystaj\u0105 z trwa\u0142ych metalowych zawieszek, kt\u00f3re wytrzymuj\u0105 wahania temperatury i codzienne czyszczenie.<\/li>\n<li style=\"margin-bottom: 12px; padding-left: 25px; position: relative;\"><span style=\"position: absolute; left: 0; color: #0275d8; font-weight: bold;\">\u27a2<\/span><br \/>\n<strong>Luksusowe opakowania i pude\u0142ka na prezenty:<\/strong> Enhance the unboxing experience. Applying a 3D metal logo sticker to perfume boxes, cosmetic packaging, or watch cases instantly communicates luxury and high quality.<\/li>\n<li style=\"margin-bottom: 12px; padding-left: 25px; position: relative;\"><span style=\"position: absolute; left: 0; color: #0275d8; font-weight: bold;\">\u27a2<\/span><br \/>\n<strong>Samochody i maszyny:<\/strong> Used for interior dashboard branding, steering wheel centerpieces, or exterior auto badging, thanks to the superior weather resistance of the strong 3M adhesive glue.<\/li>\n<\/ul>\n<p><!-- MANUFACTURING EXPERTISE (E-E-A-T focus) --><\/p>\n<h2 style=\"font-size: 24px; color: #2c3e50; border-bottom: 2px solid #eee; padding-bottom: 10px; margin-top: 40px;\">Dlaczego warto zaufa\u0107 JTT Precision Metal Co., Ltd? (Nasza wiedza specjalistyczna w zakresie produkcji)<\/h2>\n<p style=\"margin-bottom: 15px;\">W konkurencyjnym \u015brodowisku produkcji B2B najwa\u017cniejsze s\u0105 praktyczne do\u015bwiadczenie i weryfikowalne mo\u017cliwo\u015bci. Dzi\u0119ki najnowocze\u015bniejszemu zak\u0142adowi nasz zesp\u00f3\u0142 produkcyjny precyzyjnie realizuje z\u0142o\u017cone zam\u00f3wienia na niestandardowe naklejki metalowe.<\/p>\n<p style=\"margin-bottom: 15px;\"><strong>Niezr\u00f3wnana zdolno\u015b\u0107 produkcyjna:<\/strong> Z \u0142atwo\u015bci\u0105 wspieramy wdro\u017cenia marek na du\u017c\u0105 skal\u0119. Nasz zak\u0142ad mo\u017ce pochwali\u0107 si\u0119 dzienn\u0105 zdolno\u015bci\u0105 wyj\u015bciow\u0105 wynosz\u0105c\u0105 <strong>70,000 pieces<\/strong>, zapewniaj\u0105c, \u017ce dotrzymamy rygorystycznych termin\u00f3w dostaw bez uszczerbku dla szczeg\u00f3\u0142\u00f3w i wyko\u0144czenia.<\/p>\n<p style=\"margin-bottom: 15px;\"><strong>\u015acis\u0142a gwarancja jako\u015bci i certyfikaty:<\/strong> Dzia\u0142amy wed\u0142ug rygorystycznych, mi\u0119dzynarodowych standard\u00f3w. Ka\u017cda partia etykiet z galwanizowanego metalu poddawana jest rygorystycznym kontrolom wizualnym i fizycznym. Nasze materia\u0142y i kleje s\u0105 dok\u0142adnie sprawdzane i posiadaj\u0105 wiarygodn\u0105 opini\u0119 <strong>Certyfikaty SGS, ROHS i MSDS<\/strong>, zapewniaj\u0105c, \u017ce spersonalizowane naklejki niklowe s\u0105 przyjazne dla \u015brodowiska i bezpieczne do globalnej dystrybucji.<\/p>\n<p><!-- INLINE CSS KNOWLEDGE POINTS --><\/p>\n<div style=\"background-color: #fdfbf7; border-left: 6px solid #f0ad4e; padding: 25px; border-radius: 4px; margin: 30px 0; box-shadow: 0 2px 8px rgba(0,0,0,0.06);\">\n<h3 style=\"font-size: 20px; color: #8a6d3b; margin-top: 0; margin-bottom: 15px; font-weight: bold;\">\ud83d\udca1 Wiedza techniczna: Wyb\u00f3r odpowiedniego kleju<\/h3>\n<p style=\"font-size: 15px; margin-bottom: 10px;\">The longevity of your metal name plate depends heavily on the adhesive backing. We offer three primary industrial-grade solutions tailored to your product surface:<\/p>\n<ul style=\"font-size: 15px; color: #555; margin-bottom: 0; padding-left: 20px;\">\n<li style=\"margin-bottom: 8px;\"><strong>Standard 3M Adhesive:<\/strong> (np. 3M 467 lub 3M 7533). Doskona\u0142y do \u200b\u200bp\u0142askich, g\u0142adkich powierzchni, takich jak szk\u0142o, g\u0142adkie tworzywa sztuczne i malowane metale. Zapewnia wysoce niezawodne i d\u0142ugotrwa\u0142e po\u0142\u0105czenie typu \u201eodrywaj i przyklejaj\u201d.<\/li>\n<li style=\"margin-bottom: 8px;\"><strong>Klej termotopliwy 3M:<\/strong> Specjalnie zaprojektowany do tkanin, sk\u00f3r i materia\u0142\u00f3w teksturowanych. Wymaga miejscowej aktywacji cieplnej w celu stopienia kleju na porowatej powierzchni w celu uzyskania niezniszczalnego chwytu.<\/li>\n<li><strong>Dwustronny samoprzylepny:<\/strong> Posiada nieco grubszy rdze\u0144 z pianki lub akrylu. Idealny do powierzchni o bardzo delikatnych krzywiznach lub mikroteksturach, wype\u0142niaj\u0105c mikroskopijne szczeliny, aby zapewni\u0107 bezpieczne trzymanie.<\/li>\n<\/ul>\n<\/div>\n<p><!-- SHIPPING & PAYMENT --><\/p>\n<h2 style=\"font-size: 24px; color: #2c3e50; border-bottom: 2px solid #eee; padding-bottom: 10px; margin-top: 40px;\">Usprawnione protoko\u0142y dostaw i bezpiecznych p\u0142atno\u015bci<\/h2>\n<p style=\"margin-bottom: 15px;\">Obs\u0142ugujemy szczeg\u00f3lnie klient\u00f3w B2B, mened\u017cer\u00f3w ds. zakup\u00f3w i agencje marki, kt\u00f3rzy wymagaj\u0105 niezawodno\u015bci. Nasz \u0142a\u0144cuch dostaw jest zoptymalizowany pod k\u0105tem szybkiej realizacji zam\u00f3wie\u0144, przy jednoczesnym zapewnieniu bezpiecze\u0144stwa przesy\u0142ek z naklejkami z niestandardow\u0105 mark\u0105.<\/p>\n<ul style=\"list-style-type: disc; padding-left: 20px; margin-bottom: 20px;\">\n<li style=\"margin-bottom: 10px;\"><strong>Szybkie pobieranie pr\u00f3bek i czas realizacji:<\/strong> Je\u015bli chcesz natychmiast oceni\u0107 nasz\u0105 jako\u015b\u0107, mo\u017cemy wys\u0142a\u0107 nasze <em>istniej\u0105ce pr\u00f3bki do cel\u00f3w referencyjnych w ci\u0105gu 1 dnia<\/em>. W przypadku ca\u0142kowicie niestandardowych projekt\u00f3w wystarczy utworzenie pr\u00f3bki <strong>3 to 5 days<\/strong>. Mass production lead times are highly efficient and scheduled based on your specific order volume.<\/li>\n<li style=\"margin-bottom: 10px;\"><strong>Warunki bezpiecznych p\u0142atno\u015bci B2B:<\/strong> Oferujemy elastyczne i bezpieczne metody transakcji. Nasz standardowy termin to T\/T 30% jako depozyt, a saldo rozliczone przed dostaw\u0105. Akceptujemy r\u00f3wnie\u017c <em>Credit card payments, Paypal, Bank transfer, Western union, L\/C, and Alibaba trade assurance orders<\/em> aby zapewni\u0107 ca\u0142kowity spok\u00f3j ducha.<\/li>\n<li style=\"margin-bottom: 10px;\"><strong>Protective Packaging:<\/strong> Every individual customized nickel sticker is carefully placed in an <strong>Torba pakietu opp<\/strong>. Ta metoda pakowania odporna na zarysowania gwarantuje, \u017ce galwaniczne wyko\u0144czenie o wysokim po\u0142ysku pozostanie nieskazitelne podczas transportu globalnego.<\/li>\n<li style=\"margin-bottom: 10px;\"><strong>Globalne opcje wysy\u0142ki:<\/strong> W zale\u017cno\u015bci od pilno\u015bci koordynujemy przesy\u0142ki drog\u0105 morsk\u0105, lotnicz\u0105 lub za po\u015brednictwem ekspresowych us\u0142ug kurierskich, np <strong>DHL, UPS, or FedEx<\/strong> aby mie\u0107 pewno\u015b\u0107, \u017ce Twoje zapasy dotr\u0105 dok\u0142adnie wtedy, gdy ich potrzebujesz.<\/li>\n<\/ul>\n<p><!-- INLINE CSS FAQs --><\/p>\n<h2 style=\"font-size: 24px; color: #2c3e50; border-bottom: 2px solid #eee; padding-bottom: 10px; margin-top: 40px;\">Frequently Asked Questions (FAQs)<\/h2>\n<div style=\"margin-bottom: 15px; border: 1px solid #e2e8f0; border-radius: 6px; overflow: hidden;\">\n<div style=\"background-color: #f8fafc; padding: 15px 20px; font-weight: bold; color: #1e293b; border-bottom: 1px solid #e2e8f0;\">P: Jakie formaty grafiki s\u0105 potrzebne do rozpocz\u0119cia produkcji?<\/div>\n<div style=\"padding: 15px 20px; background-color: #ffffff; color: #475569; font-size: 15px;\">Odp.: Aby zapewni\u0107 najostrzejsze i najdok\u0142adniejsze odwzorowanie logo podczas procesu galwanizacji, nasz zesp\u00f3\u0142 projektowy potrzebuje plik\u00f3w wektorowych o wysokiej rozdzielczo\u015bci. Akceptujemy <strong>AI, PDF, CDR, CAD<\/strong>i inne standardowe formaty wektorowe.<\/div>\n<\/div>\n<div style=\"margin-bottom: 15px; border: 1px solid #e2e8f0; border-radius: 6px; overflow: hidden;\">\n<div style=\"background-color: #f8fafc; padding: 15px 20px; font-weight: bold; color: #1e293b; border-bottom: 1px solid #e2e8f0;\">P: Czy mog\u0119 dostosowa\u0107 kolor i kszta\u0142t metalowych naklejek z logo?<\/div>\n<div style=\"padding: 15px 20px; background-color: #ffffff; color: #475569; font-size: 15px;\">O: Absolutnie. Nasz proces produkcyjny pozwala na personalizacj\u0119 100%. Mo\u017cesz narzuci\u0107 dowolny konkretny rozmiar, skomplikowany kszta\u0142t i wyra\u017any kolor (np. polerowane srebro, z\u0142oto, r\u00f3\u017cowe z\u0142oto lub matowa czer\u0144), aby idealnie dopasowa\u0107 si\u0119 do wytycznych dotycz\u0105cych to\u017csamo\u015bci marki.<\/div>\n<\/div>\n<div style=\"margin-bottom: 15px; border: 1px solid #e2e8f0; border-radius: 6px; overflow: hidden;\">\n<div style=\"background-color: #f8fafc; padding: 15px 20px; font-weight: bold; color: #1e293b; border-bottom: 1px solid #e2e8f0;\">Q: How durable is the 3M adhesive used on these nickel labels?<\/div>\n<div style=\"padding: 15px 20px; background-color: #ffffff; color: #475569; font-size: 15px;\">Odp.: Mocny klej samoprzylepny 3M, kt\u00f3rego u\u017cywamy, jest klasy przemys\u0142owej. Po prawid\u0142owym na\u0142o\u017ceniu na czyst\u0105, such\u0105 powierzchni\u0119 i pozostawieniu do utwardzenia tworzy niezwykle mocne, trwa\u0142e wi\u0105zanie, kt\u00f3re jest odporne na \u0142uszczenie si\u0119, wilgo\u0107 i og\u00f3lne zu\u017cycie \u015brodowiska, dzi\u0119ki czemu nadaje si\u0119 zar\u00f3wno do zastosowa\u0144 elektronicznych, jak i motoryzacyjnych.<\/div>\n<\/div>\n<p><!-- FINAL CTA --><\/p>\n<div style=\"background-color: #2c3e50; color: #ffffff; padding: 40px 20px; text-align: center; border-radius: 8px; margin-top: 40px;\">\n<h3 style=\"font-size: 26px; margin-top: 0; margin-bottom: 15px; color: #ffffff;\">Ready to Upgrade Your Product Packaging?<\/h3>\n<p style=\"font-size: 16px; margin-bottom: 25px; color: #cbd5e1; max-width: 700px; margin-left: auto; margin-right: auto;\">Nawi\u0105\u017c wsp\u00f3\u0142prac\u0119 z fabryk\u0105, kt\u00f3ra posiada ponad 20-letnie do\u015bwiadczenie w galwanizacji. Wy\u015blij nam swoj\u0105 grafik\u0119 wektorow\u0105 ju\u017c dzi\u015b i pozw\u00f3l naszym specjalistom technicznym przygotowa\u0107 dla Ciebie idealne rozwi\u0105zanie w zakresie metalicznego brandingu.<\/p>\n<p><a style=\"display: inline-block; background-color: #f0ad4e; color: #333; padding: 15px 35px; text-decoration: none; font-size: 18px; font-weight: bold; border-radius: 4px; box-shadow: 0 4px 6px rgba(0,0,0,0.2); transition: background-color 0.3s ease;\" href=\"https:\/\/jttlogos.com\/pl\/skontaktuj-sie-z-nami\/\">Skontaktuj si\u0119 teraz z naszym zespo\u0142em sprzeda\u017cy<\/a><\/p>\n<\/div>\n<\/article>\n<p>&nbsp;<\/p>","protected":false},"excerpt":{"rendered":"<p>Podnie\u015b swoj\u0105 mark\u0119 dzi\u0119ki niestandardowym metalowym niklowym naklejkom na tabliczki znamionowe firmy JTT Precision Metal. Wyposa\u017cone w ultracienkie, galwanizowane konstrukcje, mocny klej samoprzylepny 3M i certyfikaty SGS\/ROHS. Idealny do zastosowa\u0144 w elektronice, opakowaniach i motoryzacji. Dost\u0119pne szybkie pobieranie pr\u00f3bek i elastyczna wysy\u0142ka globalna. Zapytaj o wycen\u0119 ju\u017c dzi\u015b!<\/p>","protected":false},"featured_media":2024,"comment_status":"open","ping_status":"closed","template":"","meta":[],"product_brand":[],"product_cat":[952,48],"product_tag":[],"class_list":{"0":"post-2670","1":"product","2":"type-product","3":"status-publish","4":"has-post-thumbnail","6":"product_cat-hot-sale","7":"product_cat-nickel-metal-sticker","9":"first","10":"instock","11":"shipping-taxable","12":"product-type-simple"},"jetpack-related-posts":[],"jetpack_sharing_enabled":true,"_links":{"self":[{"href":"https:\/\/jttlogos.com\/pl\/wp-json\/wp\/v2\/product\/2670","targetHints":{"allow":["GET"]}}],"collection":[{"href":"https:\/\/jttlogos.com\/pl\/wp-json\/wp\/v2\/product"}],"about":[{"href":"https:\/\/jttlogos.com\/pl\/wp-json\/wp\/v2\/types\/product"}],"replies":[{"embeddable":true,"href":"https:\/\/jttlogos.com\/pl\/wp-json\/wp\/v2\/comments?post=2670"}],"wp:featuredmedia":[{"embeddable":true,"href":"https:\/\/jttlogos.com\/pl\/wp-json\/wp\/v2\/media\/2024"}],"wp:attachment":[{"href":"https:\/\/jttlogos.com\/pl\/wp-json\/wp\/v2\/media?parent=2670"}],"wp:term":[{"taxonomy":"product_brand","embeddable":true,"href":"https:\/\/jttlogos.com\/pl\/wp-json\/wp\/v2\/product_brand?post=2670"},{"taxonomy":"product_cat","embeddable":true,"href":"https:\/\/jttlogos.com\/pl\/wp-json\/wp\/v2\/product_cat?post=2670"},{"taxonomy":"product_tag","embeddable":true,"href":"https:\/\/jttlogos.com\/pl\/wp-json\/wp\/v2\/product_tag?post=2670"}],"curies":[{"name":"wp","href":"https:\/\/api.w.org\/{rel}","templated":true}]}}