{"id":2871,"date":"2020-05-16T08:56:28","date_gmt":"2020-05-16T08:56:28","guid":{"rendered":"https:\/\/jttlogos.com\/?post_type=product&#038;p=2871"},"modified":"2026-04-20T01:24:45","modified_gmt":"2026-04-20T01:24:45","slug":"custom-sticker-decal-silver-nickel-sticker-with-factory-price-electroform-metal-nickel-stickers-automobiles-leather-wood-glass-household-appliances","status":"publish","type":"product","link":"https:\/\/jttlogos.com\/pl\/produkt\/custom-sticker-decal-silver-nickel-sticker-with-factory-price-electroform-metal-nickel-stickers-automobiles-leather-wood-glass-household-appliances\/","title":{"rendered":"Wysokiej jako\u015bci niestandardowe naklejki z logo w kolorze srebrnym i niklowym \u2013 ultracienkie naklejki samoprzylepne 3M do samochod\u00f3w, sprz\u0119tu AGD, sk\u00f3ry i szk\u0142a"},"content":{"rendered":"<article style=\"font-family: Arial, sans-serif; line-height: 1.6; color: #333; max-width: 100%px; margin: 0 auto; padding: 20px;\"><!-- Introduction and Brand Trust --><\/p>\n<section>Witamy w <strong>JTT Precision Metal Co., Ltd<\/strong> (<a style=\"color: #0056b3; text-decoration: none;\" href=\"https:\/\/jttlogos.com\/pl\/\">jttlogos.com<\/a>). Dzi\u0119ki ponad 20-letniemu do\u015bwiadczeniu w produkcji specjalizujemy si\u0119 w wytwarzaniu wysokiej jako\u015bci produkt\u00f3w dostosowanych do indywidualnych potrzeb <a style=\"color: #0056b3; text-decoration: none;\" href=\"https:\/\/jttlogos.com\/pl\/kategoria-produktu\/naklejka-metalowa-nikiel\/\">Metalowe naklejki niklu<\/a>, Stainless Steel Metal Logo Stickers, and 3D Metal Logo Stickers. Our mission is to provide bespoke metal branding solutions that elevate your brand\u2019s presence through professional logo designs, precision fabrication, and exceptional customer service.<\/p>\n<p>If you are looking to enhance the perceived value of your products, our <strong>niestandardowa naklejka naklejka srebrne naklejki niklowe<\/strong> oferuj\u0105 najwy\u017cszej jako\u015bci, wyrafinowan\u0105 estetyk\u0119. Niezale\u017cnie od tego, czy promujesz wysokiej klasy elektronik\u0119, luksusowe opakowania czy maszyny przemys\u0142owe, metaliczne wyko\u0144czenie zapewnia trwa\u0142o\u015b\u0107, jako\u015b\u0107 i presti\u017c. Wspierani przez g\u0142\u0119bok\u0105 wiedz\u0119 bran\u017cow\u0105 i solidne mo\u017cliwo\u015bci produkcyjne, dostarczamy wysokiej jako\u015bci metalowe naklejki z logo, kt\u00f3re spe\u0142niaj\u0105 rygorystyczne wymagania r\u00f3\u017cnych sektor\u00f3w, od samochod\u00f3w po sprz\u0119t gospodarstwa domowego.<\/p>\n<div style=\"text-align: center; margin: 30px 0;\"><a style=\"background-color: #d32f2f; color: #fff; padding: 15px 35px; text-decoration: none; font-size: 18px; font-weight: bold; border-radius: 4px; display: inline-block; box-shadow: 0 4px 6px rgba(0,0,0,0.1);\" href=\"https:\/\/jttlogos.com\/pl\/skontaktuj-sie-z-nami\/\">Request Your Custom Metal Sticker Quote<\/a><\/div>\n<\/section>\n<p><!-- Visual \/ Product Display Section --><\/p>\n<section style=\"margin: 40px 0;\">\n<h2 style=\"color: #2c3e50; border-bottom: 2px solid #ecf0f1; padding-bottom: 10px;\">Najwy\u017csza estetyka wizualna i kunszt wykonania<\/h2>\n<p>Nasze niestandardowe naklejki ze srebra i niklu zosta\u0142y zaprojektowane tak, aby zapewni\u0107 uderzaj\u0105cy efekt wizualny. Dzi\u0119ki zaawansowanym technikom galwanizacji uzyskujemy nieskazitelne, odblaskowe wyko\u0144czenie, kt\u00f3re przyci\u0105ga wzrok i wzmacnia autorytet marki. Konstrukcja z niklu 100% zapewnia solidn\u0105, trwa\u0142\u0105 plakietk\u0119, kt\u00f3ra jest odporna na blakni\u0119cie i zu\u017cycie w miar\u0119 up\u0142ywu czasu. Dzi\u0119ki precyzyjnym detalom, ostrym kraw\u0119dziom i wszechstronnym opcjom kolorystycznym nasz proces produkcyjny zapewnia absolutn\u0105 wierno\u015b\u0107 odwzorowania Twojego logo.<\/p>\n<p><!-- Placeholder for original images --><\/p>\n<div style=\"display: flex; gap: 20px; flex-wrap: wrap; justify-content: center; margin: 20px 0;\">\n<div style=\"flex: 1; min-width: 300px; border: 1px solid #ddd; padding: 10px; border-radius: 8px; text-align: center;\">\n<p><iframe loading=\"lazy\" title=\"Custom electroplating label custom nickel nameplate brand logo metal sticker\" width=\"1020\" height=\"574\" src=\"https:\/\/www.youtube.com\/embed\/TthoTTX9quo?feature=oembed\" frameborder=\"0\" allow=\"accelerometer; autoplay; clipboard-write; encrypted-media; gyroscope; picture-in-picture; web-share\" referrerpolicy=\"strict-origin-when-cross-origin\" allowfullscreen><\/iframe><\/p>\n<\/div>\n<div style=\"flex: 1; min-width: 300px; border: 1px solid #ddd; padding: 10px; border-radius: 8px; text-align: center;\"><span style=\"display: block; background: #f4f4f4; padding: 60px 20px; color: #888; border-radius: 4px;\"><img data-recalc-dims=\"1\" decoding=\"async\" class=\"alignnone wp-image-1418 size-full\" src=\"https:\/\/i0.wp.com\/jttlogos.com\/wp-content\/uploads\/2020\/05\/nickel-metal-sticker-39-1.jpg?resize=600%2C450&#038;ssl=1\" alt=\"Srebrna niklowa naklejka na samoch\u00f3d\" width=\"600\" height=\"450\" title=\"\"><\/span><\/div>\n<\/div>\n<\/section>\n<p><!-- Technical Specifications --><\/p>\n<section style=\"margin: 40px 0;\">\n<h2 style=\"color: #2c3e50; border-bottom: 2px solid #ecf0f1; padding-bottom: 10px;\">Kompleksowe specyfikacje techniczne<\/h2>\n<p>Wierzymy w ca\u0142kowit\u0105 przejrzysto\u015b\u0107, je\u015bli chodzi o materia\u0142y i specyfikacje naszych niestandardowych rozwi\u0105za\u0144 w zakresie brandingu metalowego. Poni\u017csza tabela przedstawia dok\u0142adne parametry, kt\u00f3re sprawiaj\u0105, \u017ce nasze naklejki srebrno-niklowe s\u0105 preferowanym wyborem dla wymagaj\u0105cych marek na ca\u0142ym \u015bwiecie. Od wytrzyma\u0142ych klej\u00f3w 3M zaprojektowanych z my\u015bl\u0105 o mocnym \u0142\u0105czeniu po rygorystyczne certyfikaty \u015brodowiskowe \u2013 ka\u017cdy szczeg\u00f3\u0142 jest skrupulatnie zarz\u0105dzany.<\/p>\n<table style=\"width: 100%; border-collapse: collapse; margin: 20px 0; font-size: 16px; box-shadow: 0 2px 10px rgba(0,0,0,0.05); background-color: #fff;\">\n<thead>\n<tr style=\"background-color: #2c3e50; color: #fff;\">\n<th style=\"padding: 15px; border: 1px solid #ddd; text-align: left;\">Specyfikacja Parametr<\/th>\n<th style=\"padding: 15px; border: 1px solid #ddd; text-align: left;\">Bli\u017csze dane<\/th>\n<\/tr>\n<\/thead>\n<tbody>\n<tr style=\"background-color: #f9f9f9;\">\n<td style=\"padding: 15px; border: 1px solid #ddd; font-weight: bold;\">Pozycja produktu<\/td>\n<td style=\"padding: 15px; border: 1px solid #ddd;\">Metalowa naklejka na nikiel \/ niestandardowa naklejka<\/td>\n<\/tr>\n<tr>\n<td style=\"padding: 15px; border: 1px solid #ddd; font-weight: bold;\">Materia\u0142 rdzenia<\/td>\n<td style=\"padding: 15px; border: 1px solid #ddd;\">Metal, nikiel 100%<\/td>\n<\/tr>\n<tr style=\"background-color: #f9f9f9;\">\n<td style=\"padding: 15px; border: 1px solid #ddd; font-weight: bold;\">Technika produkcji<\/td>\n<td style=\"padding: 15px; border: 1px solid #ddd;\">Zaawansowane galwanizacja<\/td>\n<\/tr>\n<tr>\n<td style=\"padding: 15px; border: 1px solid #ddd; font-weight: bold;\">Grubo\u015b\u0107 materia\u0142u<\/td>\n<td style=\"padding: 15px; border: 1px solid #ddd;\">0,045 mm \u2013 0,12 mm (ultracienka, p\u0142ynna integracja)<\/td>\n<\/tr>\n<tr style=\"background-color: #f9f9f9;\">\n<td style=\"padding: 15px; border: 1px solid #ddd; font-weight: bold;\">Rozmiar i kolor<\/td>\n<td style=\"padding: 15px; border: 1px solid #ddd;\">W pe\u0142ni dostosowane (dost\u0119pny dowolny rozmiar, kszta\u0142t lub dopasowanie koloru)<\/td>\n<\/tr>\n<tr>\n<td style=\"padding: 15px; border: 1px solid #ddd; font-weight: bold;\">Rozwi\u0105zania klej\u0105ce (klej)<\/td>\n<td style=\"padding: 15px; border: 1px solid #ddd;\">Klej 3M, klej termotopliwy 3M, dwustronny samoprzylepny<\/td>\n<\/tr>\n<tr style=\"background-color: #f9f9f9;\">\n<td style=\"padding: 15px; border: 1px solid #ddd; font-weight: bold;\">Certyfikaty bran\u017cowe<\/td>\n<td style=\"padding: 15px; border: 1px solid #ddd;\">Zgodny z SGS, ROHS, MSDS<\/td>\n<\/tr>\n<tr>\n<td style=\"padding: 15px; border: 1px solid #ddd; font-weight: bold;\">Projekt opakowania<\/td>\n<td style=\"padding: 15px; border: 1px solid #ddd;\">Ochronna torba na opakowanie OPP<\/td>\n<\/tr>\n<tr style=\"background-color: #f9f9f9;\">\n<td style=\"padding: 15px; border: 1px solid #ddd; font-weight: bold;\">Obs\u0142ugiwane formaty grafiki<\/td>\n<td style=\"padding: 15px; border: 1px solid #ddd;\">AI, PDF, CDR, CAD lub inne formaty wektorowe<\/td>\n<\/tr>\n<\/tbody>\n<\/table>\n<\/section>\n<p><!-- Manufacturing Process --><\/p>\n<section style=\"margin: 40px 0;\">\n<h2 style=\"color: #2c3e50; border-bottom: 2px solid #ecf0f1; padding-bottom: 10px;\">Zaawansowana technologia galwanizacji<\/h2>\n<p>W JTT Precision Metal Co., Ltd nasz zak\u0142ad produkcyjny wykorzystuje najnowocze\u015bniejsze procesy galwanizacji, aby tworzy\u0107 niestandardowe, wyr\u00f3\u017cniaj\u0105ce si\u0119 etykiety metalowe. W przeciwie\u0144stwie do podstawowych metod drukowania, galwanizacja powoduje na\u0142o\u017cenie warstwy czystego niklu 100%, w wyniku czego powstaje tr\u00f3jwymiarowe logo o du\u017cej teksturze, emanuj\u0105ce luksusem.<\/p>\n<p>Ultracienki profil naszych naklejek \u2014 pocz\u0105wszy od <strong>0,045 mm do 0,12 mm<\/strong>\u2014 pozwala metalowej naklejce przylega\u0107 niemal r\u00f3wno do powierzchni aplikacji. Tworzy to jednolity, wbudowany wygl\u0105d, kt\u00f3ry na\u015bladuje tradycyjne t\u0142oczenie lub wk\u0142adk\u0119 metalow\u0105, ale z wyj\u0105tkow\u0105 wygod\u0105, jak\u0105 zapewnia samoprzylepny podk\u0142ad. Kontroluj\u0105c czas powlekania i sk\u0142ad chemiczny, nasi wykwalifikowani technicy zapewniaj\u0105 doskona\u0142e wyko\u0144czenie powierzchni, doskona\u0142\u0105 odporno\u015b\u0107 na utlenianie i wyj\u0105tkow\u0105 trwa\u0142o\u015b\u0107.<\/p>\n<\/section>\n<p><!-- Applications (Knowledge Points) --><\/p>\n<section style=\"margin: 40px 0;\">\n<h2 style=\"color: #2c3e50; border-bottom: 2px solid #ecf0f1; padding-bottom: 10px;\">Wszechstronne zastosowania przemys\u0142owe<\/h2>\n<p>Nasze niestandardowe naklejki ze srebrnym niklem s\u0105 zaprojektowane tak, aby mocno przylega\u0142y do \u200b\u200br\u00f3\u017cnorodnych pod\u0142o\u017cy, co czyni je niezwykle wszechstronnymi. Niezale\u017cnie od tego, czy Tw\u00f3j produkt ma porowate, czy nieporowate powierzchnie, nasze specjalistyczne formu\u0142y klej\u00f3w zapewniaj\u0105 bezpieczne po\u0142\u0105czenie.<\/p>\n<div style=\"background-color: #f4f7f6; border-left: 5px solid #2980b9; padding: 20px; margin: 25px 0; border-radius: 0 8px 8px 0; box-shadow: 0 2px 5px rgba(0,0,0,0.05);\">\n<h3 style=\"margin-top: 0; color: #2980b9;\">Optymalne pod\u0142o\u017ca i przypadki u\u017cycia:<\/h3>\n<ul style=\"line-height: 1.8; list-style-type: square; margin-bottom: 0;\">\n<li><strong>Samochody i pojazdy:<\/strong> Odporne na czynniki \u015brodowiskowe, te metalowe naklejki doskonale sprawdzaj\u0105 si\u0119 jako plakietki wewn\u0119trzne i zewn\u0119trzne, emblematy na kierownicy i logo deski rozdzielczej.<\/li>\n<li><strong>Sprz\u0119t AGD:<\/strong> Lod\u00f3wki, pralki i piekarniki s\u0105 wyposa\u017cone w odporn\u0105 na ciep\u0142o i wilgo\u0107 niklow\u0105 naklejk\u0119, kt\u00f3ra zachowuje po\u0142ysk pomimo codziennego u\u017cytkowania.<\/li>\n<li><strong>Produkty elektroniczne:<\/strong> Telefony kom\u00f3rkowe, etui na telefony kom\u00f3rkowe, laptopy i sprz\u0119t audio zyskuj\u0105 zaawansowany technologicznie, luksusowy wygl\u0105d dzi\u0119ki naszym ultracienkim srebrnym niklowym zawieszkom.<\/li>\n<li><strong>Wyroby sk\u00f3rzane:<\/strong> Dzi\u0119ki odpowiedniemu klejowi topliwemu 3M lub dwustronnemu samoprzylepnemu, nasze metalowe naklejki bezpiecznie przyklejaj\u0105 si\u0119 do sk\u00f3rzanych toreb, portfeli i tapicerki.<\/li>\n<li><strong>Powierzchnie drewniane i szklane:<\/strong> Idealne do mebli na zam\u00f3wienie, luksusowych butelek wina, s\u0142oik\u00f3w kosmetycznych i wysokiej jako\u015bci drewnianych pude\u0142ek upominkowych.<\/li>\n<li><strong>Opakowania i pude\u0142ka upominkowe:<\/strong> Podnie\u015b jako\u015b\u0107 rozpakowywania dzi\u0119ki niestandardowemu metalowemu logo na luksusowym opakowaniu.<\/li>\n<\/ul>\n<\/div>\n<\/section>\n<p><!-- Certifications and Trust Signals (E-E-A-T) --><\/p>\n<section style=\"margin: 40px 0;\">\n<h2 style=\"color: #2c3e50; border-bottom: 2px solid #ecf0f1; padding-bottom: 10px;\">Bezkompromisowa jako\u015b\u0107 i certyfikaty<\/h2>\n<p>Zaufanie jest podstaw\u0105 naszej dzia\u0142alno\u015bci. Dzi\u0119ki ponad dwudziestoletniemu do\u015bwiadczeniu w fabryce wdro\u017cyli\u015bmy rygorystyczny system kontroli jako\u015bci (QC). Ka\u017cda partia metalowych etykiet brandingowych na zam\u00f3wienie przechodzi rygorystyczn\u0105 kontrol\u0119 przed wysy\u0142k\u0105.<\/p>\n<p>Ponadto nasze materia\u0142y i kleje s\u0105 \u015bci\u015ble zgodne z mi\u0119dzynarodowymi normami bezpiecze\u0144stwa i ochrony \u015brodowiska. Nasze niestandardowe naklejki metalowe s\u0105 poparte kompleksowymi certyfikatami, w tym:<\/p>\n<ul style=\"line-height: 1.8;\">\n<li><strong>Certyfikat SGS:<\/strong> Zapewnienie, \u017ce nasze procesy produkcyjne i materia\u0142y spe\u0142niaj\u0105 uznane na ca\u0142ym \u015bwiecie standardy jako\u015bci i uczciwo\u015bci.<\/li>\n<li><strong>ROHS Compliance:<\/strong> Gwarantujemy, \u017ce nasze plakietki z logo produkt\u00f3w elektronicznych s\u0105 wolne od substancji niebezpiecznych, dzi\u0119ki czemu s\u0105 bezpieczne dla elektroniki u\u017cytkowej.<\/li>\n<li><strong>MSDS (karta charakterystyki materia\u0142u):<\/strong> Zapewniamy pe\u0142n\u0105 przejrzysto\u015b\u0107 w zakresie bezpiecze\u0144stwa i w\u0142a\u015bciwo\u015bci u\u017cytkowych naszych materia\u0142\u00f3w niklowych 100% i klej\u00f3w 3M.<\/li>\n<\/ul>\n<\/section>\n<p><!-- Ordering, Shipping, and Payment --><\/p>\n<section style=\"margin: 40px 0; background-color: #fff; padding: 25px; border: 1px solid #e1e8ed; border-radius: 8px;\">\n<h2 style=\"color: #2c3e50; border-bottom: 2px solid #ecf0f1; padding-bottom: 10px;\">Efektywne zamawianie, bezpieczne p\u0142atno\u015bci i wysy\u0142ka globalna<\/h2>\n<h3 style=\"color: #34495e;\">1. Przesy\u0142anie grafiki<\/h3>\n<p>Aby zapewni\u0107 najwy\u017csz\u0105 wierno\u015b\u0107 niestandardowego kszta\u0142tu i logo, akceptujemy standardowe w bran\u017cy formaty wektorowe. Prosz\u0119 o podanie projekt\u00f3w w <strong>AI, PDF, CDR, or CAD<\/strong> formats. If you have specific color matching requirements, our team is ready to accommodate them.<\/p>\n<h3 style=\"color: #34495e;\">2. Szybkie czasy realizacji<\/h3>\n<p>Szanujemy terminy realizacji Twojego projektu. Dla naszych istniej\u0105cych modeli referencyjnych oferujemy opcj\u0119 Rapid <strong>1-day sample delivery<\/strong>. W przypadku w pe\u0142ni spersonalizowanych naklejek metalowych nasz czas produkcji pr\u00f3bek jest szybki <strong>3-5 dni<\/strong>. Czasy realizacji produkcji masowej s\u0105 bardzo wydajne i zostan\u0105 zaplanowane zgodnie z konkretnymi wymaganiami dotycz\u0105cymi wielko\u015bci zam\u00f3wienia.<\/p>\n<h3 style=\"color: #34495e;\">3. Flexible and Secure Payment Terms<\/h3>\n<p>Zapewniamy r\u00f3\u017cnorodne bezpieczne, zweryfikowane kana\u0142y p\u0142atno\u015bci, aby zapewni\u0107 spok\u00f3j ducha naszym mi\u0119dzynarodowym klientom. Nasza standardowa struktura depozyt\u00f3w to <strong>T\/T 30% as deposit<\/strong>, a saldo zostanie rozliczone przed dostaw\u0105. Akceptowane metody p\u0142atno\u015bci obejmuj\u0105:<\/p>\n<ul style=\"line-height: 1.8;\">\n<li>P\u0142atno\u015b\u0107 kart\u0105 kredytow\u0105<\/li>\n<li>PayPal<\/li>\n<li>Przelew bankowy (T\/T)<\/li>\n<li>Western Union<\/li>\n<li>Akredytywa (akredytywa)<\/li>\n<li>Nakaz Alibaba Trade Assurance (zapewniaj\u0105cy solidn\u0105 ochron\u0119 kupuj\u0105cego)<\/li>\n<\/ul>\n<h3 style=\"color: #34495e;\">4. Globalne opcje wysy\u0142ki<\/h3>\n<p>W zale\u017cno\u015bci od pilno\u015bci i lokalizacji koordynujemy niezawodn\u0105 logistyk\u0119. Wysy\u0142amy drog\u0105 lotnicz\u0105, morsk\u0105 lub przyspieszon\u0105 us\u0142ug\u0105 kuriersk\u0105, w tym <strong>DHL, UPS<\/strong>i inni g\u0142\u00f3wni przewo\u017anicy ekspresowi. Wszystkie produkty s\u0105 bezpiecznie zapakowane w ochronne torby OPP, aby zapobiec zarysowaniu podczas transportu.<\/p>\n<div id=\"inquiry\" style=\"text-align: center; margin: 35px 0;\"><a style=\"background-color: #27ae60; color: #fff; padding: 15px 40px; text-decoration: none; font-size: 18px; font-weight: bold; border-radius: 4px; display: inline-block; box-shadow: 0 4px 6px rgba(0,0,0,0.1);\" href=\"mailto:fiona@jttlogo.net\">Skontaktuj si\u0119 z nasz\u0105 fabryk\u0105, aby uzyska\u0107 bezpo\u015bredni\u0105 wycen\u0119<\/a><\/div>\n<\/section>\n<p><!-- FAQs (Interactive & Scannable) --><\/p>\n<section style=\"margin: 40px 0;\">\n<h2 style=\"color: #2c3e50; border-bottom: 2px solid #ecf0f1; padding-bottom: 10px;\">Frequently Asked Questions (FAQs)<\/h2>\n<p>To assist you in your purchasing decision, we have compiled answers to some of the most common inquiries regarding our custom silver nickel sticker decals.<\/p>\n<details style=\"margin-bottom: 15px; border: 1px solid #dcdde1; padding: 15px; border-radius: 6px; background-color: #fafbfc; cursor: pointer;\" open=\"open\">\n<summary style=\"font-weight: bold; font-size: 16px; color: #2c3e50; outline: none;\">Jakie opcje klejenia s\u0105 dost\u0119pne dla metalowych naklejek z logo?<\/summary>\n<p style=\"margin-top: 15px; color: #555; line-height: 1.6;\">U\u017cywamy najwy\u017cszej jako\u015bci klej\u00f3w dostosowanych do Twoich potrzeb. Nasze standardowe opcje obejmuj\u0105 autentyczny klej 3M, klej topliwy 3M i specjalistyczny dwustronny klej samoprzylepny. Zapewniaj\u0105 one trwa\u0142e po\u0142\u0105czenie z materia\u0142ami, od g\u0142adkiego szk\u0142a i elektroniki po teksturowan\u0105 sk\u00f3r\u0119 i drewno.<\/p>\n<\/details>\n<details style=\"margin-bottom: 15px; border: 1px solid #dcdde1; padding: 15px; border-radius: 6px; background-color: #fafbfc; cursor: pointer;\" open=\"open\">\n<summary style=\"font-weight: bold; font-size: 16px; color: #2c3e50; outline: none;\">Can I customize the shape and color of the nickel sticker?<\/summary>\n<p style=\"margin-top: 15px; color: #555; line-height: 1.6;\">Absolutnie. Poniewa\u017c sami zarz\u0105dzamy procesem produkcyjnym, mo\u017cesz zam\u00f3wi\u0107 dowolny niestandardowy rozmiar, kszta\u0142t i kolor. Niezale\u017cnie od tego, czy potrzebujesz klasycznego wyko\u0144czenia w kolorze polerowanego srebra niklowego, czy te\u017c okre\u015blonego koloru pasuj\u0105cego do to\u017csamo\u015bci Twojej marki, nasza fabryka mo\u017ce to zapewni\u0107.<\/p>\n<\/details>\n<details style=\"margin-bottom: 15px; border: 1px solid #dcdde1; padding: 15px; border-radius: 6px; background-color: #fafbfc; cursor: pointer;\" open=\"open\">\n<summary style=\"font-weight: bold; font-size: 16px; color: #2c3e50; outline: none;\">Czy te metalowe naklejki nadaj\u0105 si\u0119 do u\u017cytku samochodowego na zewn\u0105trz?<\/summary>\n<p style=\"margin-top: 15px; color: #555; line-height: 1.6;\">Tak. Nasz niklowy metal 100% w po\u0142\u0105czeniu z nasz\u0105 zaawansowan\u0105 technik\u0105 galwanizacji zapewnia wyj\u0105tkow\u0105 odporno\u015b\u0107 na dzia\u0142anie czynnik\u00f3w atmosferycznych. W po\u0142\u0105czeniu z naszym przemys\u0142owym podk\u0142adem samoprzylepnym 3M, naklejki te idealnie nadaj\u0105 si\u0119 do samochod\u00f3w, maszyn i innych zastosowa\u0144 zewn\u0119trznych.<\/p>\n<\/details>\n<details style=\"margin-bottom: 15px; border: 1px solid #dcdde1; padding: 15px; border-radius: 6px; background-color: #fafbfc; cursor: pointer;\" open=\"open\">\n<summary style=\"font-weight: bold; font-size: 16px; color: #2c3e50; outline: none;\">Jaka jest typowa grubo\u015b\u0107 niestandardowych etykiet metalowych?<\/summary>\n<p style=\"margin-top: 15px; color: #555; line-height: 1.6;\">Nasze srebrne zawieszki niklowe s\u0105 produkowane z ultracienkim profilem o grubo\u015bci od 0,045 mm do 0,12 mm. Ta precyzyjna grubo\u015b\u0107 pozwala na lekkie wygi\u0119cie plakietki w przypadku zakrzywionych powierzchni (takich jak etui na telefony kom\u00f3rkowe lub butelki), zachowuj\u0105c jednocze\u015bnie doskona\u0142y, zlicowany wygl\u0105d z produktem.<\/p>\n<\/details>\n<details style=\"margin-bottom: 15px; border: 1px solid #dcdde1; padding: 15px; border-radius: 6px; background-color: #fafbfc; cursor: pointer;\" open=\"open\">\n<summary style=\"font-weight: bold; font-size: 16px; color: #2c3e50; outline: none;\">Sk\u0105d mam wiedzie\u0107, \u017ce moja transakcja i zam\u00f3wienie s\u0105 bezpieczne?<\/summary>\n<p style=\"margin-top: 15px; color: #555; line-height: 1.6;\">Mamy ponad 20 lat renomowanej historii biznesowej. Ponadto obs\u0142ugujemy bardzo bezpieczne bramki p\u0142atnicze, w tym PayPal, akredytyw\u0119 (L\/C) i zam\u00f3wienia Alibaba Trade Assurance. Wszystkie produkty posiadaj\u0105 weryfikowalne certyfikaty SGS, ROHS i MSDS.<\/p>\n<\/details>\n<\/section>\n<\/article>","protected":false},"excerpt":{"rendered":"<p>Wzmocnij swoj\u0105 mark\u0119 dzi\u0119ki niestandardowym naklejkom premium w kolorze srebrnego niklu. Idealny do samochod\u00f3w, urz\u0105dze\u0144, szk\u0142a i sk\u00f3ry. Wspierane przez ponad 20-letnie do\u015bwiadczenie fabryki, bezpieczn\u0105 wysy\u0142k\u0119 globaln\u0105 i certyfikaty SGS.<\/p>","protected":false},"featured_media":2864,"comment_status":"open","ping_status":"closed","template":"","meta":[],"product_brand":[],"product_cat":[48],"product_tag":[],"class_list":{"0":"post-2871","1":"product","2":"type-product","3":"status-publish","4":"has-post-thumbnail","6":"product_cat-nickel-metal-sticker","8":"first","9":"instock","10":"shipping-taxable","11":"product-type-simple"},"jetpack-related-posts":[],"jetpack_sharing_enabled":true,"_links":{"self":[{"href":"https:\/\/jttlogos.com\/pl\/wp-json\/wp\/v2\/product\/2871","targetHints":{"allow":["GET"]}}],"collection":[{"href":"https:\/\/jttlogos.com\/pl\/wp-json\/wp\/v2\/product"}],"about":[{"href":"https:\/\/jttlogos.com\/pl\/wp-json\/wp\/v2\/types\/product"}],"replies":[{"embeddable":true,"href":"https:\/\/jttlogos.com\/pl\/wp-json\/wp\/v2\/comments?post=2871"}],"wp:featuredmedia":[{"embeddable":true,"href":"https:\/\/jttlogos.com\/pl\/wp-json\/wp\/v2\/media\/2864"}],"wp:attachment":[{"href":"https:\/\/jttlogos.com\/pl\/wp-json\/wp\/v2\/media?parent=2871"}],"wp:term":[{"taxonomy":"product_brand","embeddable":true,"href":"https:\/\/jttlogos.com\/pl\/wp-json\/wp\/v2\/product_brand?post=2871"},{"taxonomy":"product_cat","embeddable":true,"href":"https:\/\/jttlogos.com\/pl\/wp-json\/wp\/v2\/product_cat?post=2871"},{"taxonomy":"product_tag","embeddable":true,"href":"https:\/\/jttlogos.com\/pl\/wp-json\/wp\/v2\/product_tag?post=2871"}],"curies":[{"name":"wp","href":"https:\/\/api.w.org\/{rel}","templated":true}]}}