{"id":2875,"date":"2020-05-16T09:17:13","date_gmt":"2020-05-16T09:17:13","guid":{"rendered":"https:\/\/jttlogos.com\/?post_type=product&#038;p=2875"},"modified":"2026-04-15T08:12:15","modified_gmt":"2026-04-15T08:12:15","slug":"custom-auto-luxury-metal-logo-tail-chrome-sticker-metal-nickel-sticker-letter-car-rear-badge-emblem","status":"publish","type":"product","link":"https:\/\/jttlogos.com\/pl\/produkt\/custom-auto-luxury-metal-logo-tail-chrome-sticker-metal-nickel-sticker-letter-car-rear-badge-emblem\/","title":{"rendered":"Niestandardowa luksusowa naklejka z logo 3D z metalu niklu i chromowany emblemat na tyln\u0105 plakietk\u0119 samochodu z klejem 3M"},"content":{"rendered":"<article style=\"font-family: Arial, sans-serif; color: #333; line-height: 1.6; max-width: 100%; margin: 0 auto; padding: 20px;\">\n<h2 style=\"color: #1a1a1a; font-size: 28px; border-bottom: 2px solid #0056b3; padding-bottom: 10px; margin-bottom: 20px;\">Niestandardowe auto luksusowe metalowe logo ogon chromowana naklejka i metalowa niklowa litera emblemat tylnej plakietki samochodu<\/h2>\n<div style=\"background-color: #fcfcfc; border: 1px solid #eaeaea; padding: 20px; border-radius: 8px; margin-bottom: 30px;\">\n<p style=\"font-size: 16px; margin-bottom: 15px;\">Wzmocnij mark\u0119 swoich produkt\u00f3w motoryzacyjnych i konsumenckich dzi\u0119ki naszej us\u0142udze premium <strong>niestandardowe, luksusowe, metalowe logo, chromowane naklejki na ogon<\/strong>. Zaprojektowane, aby zapewni\u0107 wyrafinowane, tr\u00f3jwymiarowe metaliczne wyko\u0144czenie <strong>metalowe, niklowane litery naklejek<\/strong> I <strong>emblematy z ty\u0142u samochodu<\/strong> represent the pinnacle of bespoke manufacturing. Whether you are outfitting luxury vehicle exteriors, custom auto parts, premium household appliances, or high-end electronic devices, our electroplated metallic decals deliver unmatched visual impact and durability.<\/p>\n<p style=\"font-size: 16px; margin-bottom: 20px;\">W JTT Precision Metal Co., Ltd wykorzystujemy ponad 20 lat g\u0142\u0119bokiej wiedzy bran\u017cowej, aby zapewni\u0107 w pe\u0142ni konfigurowalne rozwi\u0105zania w zakresie brandingu metali. Nasze galwanizowane naklejki niklowe maj\u0105 wiod\u0105ce w bran\u017cy samoprzylepne podk\u0142ady 3M, zapewniaj\u0105ce d\u0142ugotrwa\u0142\u0105 odporno\u015b\u0107 na warunki atmosferyczne, bezpieczne \u0142\u0105czenie i nieskazitelne wyko\u0144czenie, kt\u00f3re idealnie pasuje do to\u017csamo\u015bci premium Twojej marki.<\/p>\n<p><!-- Prominent Above-the-Fold CTAs --><\/p>\n<div style=\"margin-top: 25px; text-align: left;\"><a style=\"display: inline-block; background-color: #0056b3; color: #ffffff; text-decoration: none; padding: 14px 28px; font-size: 16px; font-weight: bold; border-radius: 5px; margin-right: 15px; box-shadow: 0 4px 6px rgba(0,0,0,0.1);\" href=\"https:\/\/jttlogos.com\/pl\/skontaktuj-sie-z-nami\/\">Popro\u015b o niestandardow\u0105 wycen\u0119<\/a><\/div>\n<\/div>\n<p><!-- Technical Specifications Section --><\/p>\n<p><iframe loading=\"lazy\" title=\"Custom metal name plate label waterproof nickel stickers with strong 3M adhesive glue\" width=\"1020\" height=\"574\" src=\"https:\/\/www.youtube.com\/embed\/WVgrsOXEqHs?feature=oembed\" frameborder=\"0\" allow=\"accelerometer; autoplay; clipboard-write; encrypted-media; gyroscope; picture-in-picture; web-share\" referrerpolicy=\"strict-origin-when-cross-origin\" allowfullscreen><\/iframe><\/p>\n<h3><img data-recalc-dims=\"1\" decoding=\"async\" class=\"alignnone wp-image-1418 size-full\" src=\"https:\/\/i0.wp.com\/jttlogos.com\/wp-content\/uploads\/2020\/05\/nickel-metal-sticker-3-1.jpg?resize=600%2C450&#038;ssl=1\" alt=\"Niestandardowe luksusowe metalowe logo samochodu\" width=\"600\" height=\"450\" title=\"\"><\/h3>\n<h3 style=\"color: #2c3e50; font-size: 22px; margin-top: 30px; margin-bottom: 15px;\">Szczeg\u00f3\u0142owe specyfikacje produktu<\/h3>\n<p style=\"margin-bottom: 15px;\">Nasze luksusowe, metalowe produkty brandingowe s\u0105 wytwarzane przy u\u017cyciu zaawansowanych proces\u00f3w galwanizacji, aby spe\u0142ni\u0107 rygorystyczne standardy przemys\u0142owe i motoryzacyjne. Poni\u017cej znajduje si\u0119 obszerne zestawienie naszych specyfikacji technicznych:<\/p>\n<table style=\"width: 100%; border-collapse: collapse; margin-bottom: 30px; font-size: 15px; box-shadow: 0 2px 8px rgba(0,0,0,0.05);\">\n<tbody>\n<tr>\n<td style=\"border: 1px solid #ddd; padding: 14px; background-color: #f8f9fa; font-weight: bold; width: 30%;\">Kategoria produktu<\/td>\n<td style=\"border: 1px solid #ddd; padding: 14px;\"><a style=\"color: #0056b3; text-decoration: underline; font-weight: bold;\" href=\"https:\/\/jttlogos.com\/pl\/kategoria-produktu\/naklejka-metalowa-nikiel\/\">Metal Nickel Sticker<\/a> \/ Custom Chrome Car Badges<\/td>\n<\/tr>\n<tr>\n<td style=\"border: 1px solid #ddd; padding: 14px; background-color: #f8f9fa; font-weight: bold;\">Materia\u0142 rdzenia<\/td>\n<td style=\"border: 1px solid #ddd; padding: 14px;\">Wysokiej jako\u015bci metal, sta\u0142y nikiel 100%<\/td>\n<\/tr>\n<tr>\n<td style=\"border: 1px solid #ddd; padding: 14px; background-color: #f8f9fa; font-weight: bold;\">Technika produkcji<\/td>\n<td style=\"border: 1px solid #ddd; padding: 14px;\">High-Precision Electroplating<\/td>\n<\/tr>\n<tr>\n<td style=\"border: 1px solid #ddd; padding: 14px; background-color: #f8f9fa; font-weight: bold;\">Zakres grubo\u015bci<\/td>\n<td style=\"border: 1px solid #ddd; padding: 14px;\">0,045 mm \u2013 0,12 mm (ultracienki, ale bardzo wytrzyma\u0142y profil)<\/td>\n<\/tr>\n<tr>\n<td style=\"border: 1px solid #ddd; padding: 14px; background-color: #f8f9fa; font-weight: bold;\">Mo\u017cliwo\u015bci rozmiaru i kszta\u0142tu<\/td>\n<td style=\"border: 1px solid #ddd; padding: 14px;\">100% Customized to accommodate any dimension, specific shape, and bespoke color requirement<\/td>\n<\/tr>\n<tr>\n<td style=\"border: 1px solid #ddd; padding: 14px; background-color: #f8f9fa; font-weight: bold;\">Technologia klejenia (klej)<\/td>\n<td style=\"border: 1px solid #ddd; padding: 14px;\">Klej samochodowy 3M, klej termotopliwy 3M, wysokiej jako\u015bci dwustronna ta\u015bma samoprzylepna<\/td>\n<\/tr>\n<tr>\n<td style=\"border: 1px solid #ddd; padding: 14px; background-color: #f8f9fa; font-weight: bold;\">Podstawowe zastosowania<\/td>\n<td style=\"border: 1px solid #ddd; padding: 14px;\">Samochody, telefony kom\u00f3rkowe, etui na telefony kom\u00f3rkowe, sprz\u0119t gospodarstwa domowego, produkty elektroniczne, wysokiej jako\u015bci pude\u0142ka na prezenty, maszyny ci\u0119\u017ckie i sprz\u0119t na zam\u00f3wienie<\/td>\n<\/tr>\n<tr>\n<td style=\"border: 1px solid #ddd; padding: 14px; background-color: #f8f9fa; font-weight: bold;\">Certyfikaty bran\u017cowe<\/td>\n<td style=\"border: 1px solid #ddd; padding: 14px;\">SGS, ROHS, MSDS (zgodne z globalnymi normami ochrony \u015brodowiska i bezpiecze\u0144stwa)<\/td>\n<\/tr>\n<tr>\n<td style=\"border: 1px solid #ddd; padding: 14px; background-color: #f8f9fa; font-weight: bold;\">Accepted Artwork Formats<\/td>\n<td style=\"border: 1px solid #ddd; padding: 14px;\">AI (Adobe Illustrator), PDF, CDR (CorelDRAW), CAD i inne formaty grafiki wektorowej<\/td>\n<\/tr>\n<tr>\n<td style=\"border: 1px solid #ddd; padding: 14px; background-color: #f8f9fa; font-weight: bold;\">Metoda pakowania<\/td>\n<td style=\"border: 1px solid #ddd; padding: 14px;\">Ochronna torba na opakowanie OPP zapobiegaj\u0105ca zadrapaniom w transporcie<\/td>\n<\/tr>\n<\/tbody>\n<\/table>\n<p><!-- Expertise and Performance Metrics --><\/p>\n<h3 style=\"color: #2c3e50; font-size: 22px; margin-bottom: 15px;\">Zaawansowana wydajno\u015b\u0107 i trwa\u0142o\u015b\u0107 \u015brodowiskowa<\/h3>\n<p style=\"margin-bottom: 15px;\">Podczas pozyskiwania <strong>metalowe przywieszki marki na zam\u00f3wienie<\/strong> or <strong>niestandardowe metalowe naklejki<\/strong>, operational performance in diverse environments is critical. Our electroplated nickel badges are designed with both aesthetics and resilience in mind:<\/p>\n<ul style=\"margin-bottom: 30px; padding-left: 20px;\">\n<li style=\"margin-bottom: 10px;\"><strong>Odporno\u015b\u0107 na warunki atmosferyczne klasy motoryzacyjnej:<\/strong> Te niestandardowe chromowane plakietki samochodowe, wykonane z niklu 100%, charakteryzuj\u0105 si\u0119 wewn\u0119trzn\u0105 odporno\u015bci\u0105 na utlenianie. Zachowuj\u0105 wysoki po\u0142ysk nawet pod wp\u0142ywem zmiennych warunk\u00f3w zewn\u0119trznych, chroni\u0105c logo przed przedwczesnym blakni\u0119ciem.<\/li>\n<li style=\"margin-bottom: 10px;\"><strong>Stabilno\u015b\u0107 UV i temperatura:<\/strong> Materia\u0142y i najwy\u017cszej jako\u015bci klej topliwy 3M s\u0105 testowane pod k\u0105tem stabilnej wydajno\u015bci. Chocia\u017c dok\u0142adne tolerancje temperaturowe zale\u017c\u0105 od konkretnego wariantu kleju 3M wybranego dla Twojego projektu, standardowe konfiguracje klej\u00f3w samochodowych s\u0105 odporne na surowe zimno i wysokie letnie upa\u0142y, nie trac\u0105c przy tym wytrzyma\u0142o\u015bci na odrywanie.<\/li>\n<li style=\"margin-bottom: 10px;\"><strong>Superior Adhesion Strength:<\/strong> Zastosowanie technologii dwustronnego samoprzylepnego \u2014 w szczeg\u00f3lno\u015bci przemys\u0142owych klej\u00f3w 3M \u2014 gwarantuje, \u017ce metalowa naklejka z logo bezpiecznie przylega do r\u00f3\u017cnych pod\u0142o\u017cy, w tym tworzyw sztucznych, szk\u0142a, metali powlekanych i sk\u00f3ry.<\/li>\n<li style=\"margin-bottom: 10px;\"><strong>Ultracienka elastyczno\u015b\u0107 konformalna:<\/strong> With a controlled thickness ranging tightly between 0.045mm and 0.12mm, our electroplated metal decals offer a sleek, flush-mount appearance that seamlessly integrates into the contours of modern automotive designs and sleek electronic devices.<\/li>\n<\/ul>\n<p><!-- Experience & Authoritativeness Section --><\/p>\n<h3 style=\"color: #2c3e50; font-size: 22px; margin-bottom: 15px;\">Zaufane dziedzictwo produkcyjne: JTT Precision Metal Co., Ltd<\/h3>\n<div style=\"background-color: #f4f7f6; border-left: 5px solid #2ecc71; padding: 20px; margin-bottom: 30px; border-radius: 4px;\">\n<p style=\"margin-bottom: 10px;\">Z dumn\u0105 histori\u0105 si\u0119gaj\u0105c\u0105 ponad 20 lat, <strong>JTT Precision Metal Co., Ltd (jttlogos.com)<\/strong> jest wiod\u0105cym producentem specjalizuj\u0105cym si\u0119 w niestandardowych naklejkach z logo z niklu, metalowych naklejkach z logo ze stali nierdzewnej i naklejkach z metalowym logo 3D. Nasze rozleg\u0142e, praktyczne do\u015bwiadczenie produkcyjne pozwala nam przekszta\u0142ca\u0107 z\u0142o\u017cone grafiki brandingowe w osza\u0142amiaj\u0105ce, namacalne aktywa metalowe.<\/p>\n<p style=\"margin-bottom: 0;\">Nasz autorytet w sektorze metali precyzyjnych jest wzmocniony rygorystyczn\u0105 globaln\u0105 zgodno\u015bci\u0105, holding <strong>Certyfikaty SGS, ROHS i MSDS<\/strong>. This demonstrates our unwavering commitment to using safe, environmentally conscious raw materials (100% nickel) while operating state-of-the-art electroplating facilities. We serve a vast portfolio of B2B clients, successfully delivering <strong>weather-resistant metal logo decals<\/strong> for the automotive industry, as well as ultra-refined branding for the luxury goods and consumer electronics sectors.<\/p>\n<\/div>\n<p><!-- Application Scenarios --><\/p>\n<h3 style=\"color: #2c3e50; font-size: 22px; margin-bottom: 15px;\">Wszechstronne scenariusze u\u017cytkowania i zastosowa\u0144<\/h3>\n<p style=\"margin-bottom: 15px;\">Wyrafinowane wyko\u0144czenie naszych <strong>electroplated nickel lettering<\/strong> makes it highly adaptable across numerous commercial and industrial sectors:<\/p>\n<div style=\"display: flex; flex-wrap: wrap; gap: 20px; margin-bottom: 30px;\">\n<div style=\"flex: 1; min-width: 250px; background: #fff; border: 1px solid #e0e0e0; padding: 15px; border-radius: 6px; box-shadow: 0 2px 4px rgba(0,0,0,0.02);\">\n<h4 style=\"margin-top: 0; color: #0056b3; font-size: 18px;\">Motoryzacja i transport<\/h4>\n<p style=\"font-size: 14px; margin-bottom: 0;\">Idealny do emblemat\u00f3w z ty\u0142u samochodu, niestandardowych luksusowych metalowych logo samochod\u00f3w, naklejek na kierownic\u0119 i brandingu dealera. B\u0142yszcz\u0105ce chromowane wyko\u0144czenie przyci\u0105ga uwag\u0119.<\/p>\n<\/div>\n<div style=\"flex: 1; min-width: 250px; background: #fff; border: 1px solid #e0e0e0; padding: 15px; border-radius: 6px; box-shadow: 0 2px 4px rgba(0,0,0,0.02);\">\n<h4 style=\"margin-top: 0; color: #0056b3; font-size: 18px;\">Elektronika u\u017cytkowa<\/h4>\n<p style=\"font-size: 14px; margin-bottom: 0;\">Idealny do telefon\u00f3w kom\u00f3rkowych, futera\u0142\u00f3w ochronnych, laptop\u00f3w i domowych system\u00f3w audio. Cienki profil o grubo\u015bci 0,045-0,12 mm zapobiega zak\u0142\u00f3ceniom w u\u017cytkowaniu urz\u0105dzenia.<\/p>\n<\/div>\n<div style=\"flex: 1; min-width: 250px; background: #fff; border: 1px solid #e0e0e0; padding: 15px; border-radius: 6px; box-shadow: 0 2px 4px rgba(0,0,0,0.02);\">\n<h4 style=\"margin-top: 0; color: #0056b3; font-size: 18px;\">Luksusowe opakowania i urz\u0105dzenia<\/h4>\n<p style=\"font-size: 14px; margin-bottom: 0;\">Elevate packaging gift boxes, premium household appliances, and bespoke machinery with high-end OEM\/ODM metal logos that communicate exceptional quality.<\/p>\n<\/div>\n<\/div>\n<p><!-- Installation Instructions --><\/p>\n<h3 style=\"color: #2c3e50; font-size: 22px; margin-bottom: 15px;\">Instrukcje instalacji: Jak naklei\u0107 naklejk\u0119 z metalowym logo 3D<\/h3>\n<p style=\"margin-bottom: 15px;\">Aby zapewni\u0107 maksymaln\u0105 si\u0142\u0119 przyczepno\u015bci i doskona\u0142y efekt wizualny, nale\u017cy post\u0119powa\u0107 zgodnie z poni\u017cszymi standardowymi krokami aplikacji samoprzylepnych emblemat\u00f3w samochodowych 3M:<\/p>\n<ol style=\"margin-bottom: 30px; padding-left: 20px; line-height: 1.8;\">\n<li><strong>Surface Preparation:<\/strong> Dok\u0142adnie oczy\u015b\u0107 powierzchni\u0119 docelow\u0105 (karoseri\u0119 pojazdu, obudow\u0119 telefonu lub urz\u0105dzenie) za pomoc\u0105 alkoholu izopropylowego. Upewnij si\u0119, \u017ce jest ca\u0142kowicie suchy, wolny od kurzu, olej\u00f3w i wosku.<\/li>\n<li><strong>Peel the Backing:<\/strong> Ostro\u017cnie usu\u0144 papier zabezpieczaj\u0105cy z ty\u0142u naklejki, uwa\u017caj\u0105c, aby nie dotkn\u0105\u0107 ods\u0142oni\u0119tego kleju 3M, aby zachowa\u0107 jego integralno\u015b\u0107.<\/li>\n<li><strong>Alignment &amp; Application:<\/strong> Position the custom chrome car badge accurately over the desired area. Once lightly placed, verify alignment.<\/li>\n<li><strong>Zastosuj ci\u015bnienie:<\/strong> Doci\u015bnij mocno ca\u0142\u0105 powierzchni\u0119 emblematu. Zastosuj sta\u0142y nacisk przez 30 do 60 sekund, aby aktywowa\u0107 klej wra\u017cliwy na nacisk.<\/li>\n<li><strong>Usu\u0144 foli\u0119 ochronn\u0105:<\/strong> Je\u015bli Twoja spersonalizowana naklejka zawiera przezroczyst\u0105 przedni\u0105 foli\u0119 ochronn\u0105, delikatnie odklej j\u0105 pod k\u0105tem 45 stopni, aby ods\u0142oni\u0107 nieskazitelne galwaniczne metaliczne wyko\u0144czenie.<\/li>\n<\/ol>\n<p><!-- Inline CSS Beautified Knowledge Points --><\/p>\n<div style=\"background-color: #eef7ff; border: 1px solid #bce0fd; padding: 25px; margin-bottom: 30px; border-radius: 8px; box-shadow: inset 0 2px 4px rgba(0,0,0,0.02);\">\n<h3 style=\"color: #0056b3; font-size: 20px; margin-top: 0; margin-bottom: 15px; border-bottom: 1px solid #bce0fd; padding-bottom: 10px;\">\ud83d\udca1 Punkt wiedzy bran\u017cowej: co to jest naklejka z niklu galwanicznego?<\/h3>\n<p style=\"margin-bottom: 10px; font-size: 15px;\">W przeciwie\u0144stwie do tradycyjnego t\u0142oczenia lub odlewania, galwanizacja to wysoce precyzyjny proces produkcji chemicznej stosowany do hodowania cz\u0119\u015bci metalowych atom po atomie. W kontek\u015bcie <strong>3D electroplated nickel stickers<\/strong>sta\u0142y nikiel osadza si\u0119 na przewodz\u0105cej formie w k\u0105pieli galwanicznej.<\/p>\n<p style=\"margin-bottom: 0; font-size: 15px;\">Technika ta pozwala na niezr\u00f3wnan\u0105 precyzj\u0119, uchwycenie mikroskopijnych szczeg\u00f3\u0142\u00f3w skomplikowanych logo i doskona\u0142ej typografii, kt\u00f3rych nie mo\u017cna osi\u0105gn\u0105\u0107 w tradycyjnej obr\u00f3bce. Poniewa\u017c produkt ko\u0144cowy to lity metal 100% bez niepor\u0119cznego pod\u0142o\u017ca, uzyskuje on niewiarygodnie elegancki profil (do 0,045 mm), zachowuj\u0105c jednocze\u015bnie wyj\u0105tkow\u0105 integralno\u015b\u0107 strukturaln\u0105 i wspania\u0142y chromowany po\u0142ysk. To sprawia, \u017ce \u200b\u200bjest to najlepszy wyb\u00f3r w przypadku niestandardowych, luksusowych, chromowanych naklejek z metalowym logo na ogon.<\/p>\n<\/div>\n<p><!-- Production Timeline, Logistics, and Trustworthiness --><\/p>\n<h3 style=\"color: #2c3e50; font-size: 22px; margin-bottom: 15px;\">Harmonogramy logistyki, bezpiecze\u0144stwa i produkcji<\/h3>\n<p style=\"margin-bottom: 15px;\">Dzia\u0142amy w oparciu o model B2B oparty na zapytaniach, zaprojektowany w celu zaspokojenia niestandardowych wymaga\u0144 produkcyjnych z wysok\u0105 wydajno\u015bci\u0105. Priorytetem s\u0105 dla nas bezpieczne transakcje, prywatno\u015b\u0107 projektu i skrupulatna kontrola jako\u015bci.<\/p>\n<ul style=\"margin-bottom: 30px; padding-left: 20px; line-height: 1.8;\">\n<li><strong>Wskaz\u00f3wki dotycz\u0105ce czasu realizacji:<\/strong> Oferujemy szybkie zwroty, aby utrzyma\u0107 p\u0142ynno\u015b\u0107 \u0142a\u0144cucha dostaw. Mo\u017cemy wys\u0142a\u0107 nasze <em>istniej\u0105ce pr\u00f3bki do cel\u00f3w referencyjnych w ci\u0105gu 1 dnia<\/em>. Tworzenie niestandardowych pr\u00f3bek prototyp\u00f3w przebiega b\u0142yskawicznie <em>3-5 dni<\/em>. Harmonogramy produkcji masowej s\u0105 skalowane dynamicznie w oparciu o wielko\u015b\u0107 zam\u00f3wienia.<\/li>\n<li><strong>Rygorystyczna kontrola jako\u015bci:<\/strong> Przed bezpiecznym zapakowaniem w ochronne torby OPP ka\u017cda partia metalowych naklejek niklowych przechodzi rygorystyczn\u0105 kontrol\u0119 jako\u015bci przed wysy\u0142k\u0105, aby zapewni\u0107 dok\u0142adne dopasowanie kolor\u00f3w, dok\u0142adno\u015b\u0107 wymiarow\u0105 i konsystencj\u0119 kleju.<\/li>\n<li><strong>Flexible &amp; Secure Payment Terms:<\/strong> To facilitate seamless global trade, we accept a wide array of payment methods including Credit card payment, PayPal, Bank transfer, Western Union, L\/C, T\/T, and Alibaba Trade Assurance orders. Standard terms require a T\/T 30% deposit to commence production, with the balance cleared upon successful quality verification before delivery.<\/li>\n<li><strong>Global Shipment Logistics:<\/strong> Dostosowujemy strategie dostaw dostosowane do indywidualnych potrzeb. Zam\u00f3wienia mog\u0105 by\u0107 wysy\u0142ane drog\u0105 morsk\u0105 w przypadku zam\u00f3wie\u0144 masowych, drog\u0105 lotnicz\u0105 w przypadku pilnych potrzeb lub za po\u015brednictwem najlepszych firm kurierskich, takich jak DHL, UPS lub inne us\u0142ugi ekspresowe.<\/li>\n<li><strong>Poufno\u015b\u0107 projektu:<\/strong> Twoja w\u0142asno\u015b\u0107 intelektualna jest u nas bezpieczna. \u015aci\u015ble chronimy niestandardowe pliki graficzne CAD, AI, PDF lub CDR przes\u0142ane do Twoich indywidualnych projekt\u00f3w brandingowych.<\/li>\n<\/ul>\n<p><!-- Inline CSS Beautified FAQs --><\/p>\n<h3 style=\"color: #2c3e50; font-size: 22px; margin-bottom: 15px;\">Frequently Asked Questions (FAQs)<\/h3>\n<div style=\"margin-bottom: 30px;\">\n<div style=\"border: 1px solid #e0e0e0; padding: 18px; margin-bottom: 12px; border-radius: 6px; background: #fafafa;\">\n<h4 style=\"margin: 0 0 10px 0; color: #333; font-size: 16px;\">Jakie formaty plik\u00f3w musz\u0119 dostarczy\u0107 w przypadku niestandardowej metalowej naklejki?<\/h4>\n<p style=\"margin: 0; font-size: 14px; color: #555;\">To ensure the highest accuracy during the electroplating and mold creation process, we require vector files. Acceptable formats include AI (Adobe Illustrator), PDF, CDR (CorelDRAW), or CAD. If you have other formats, please contact our support team for assessment.<\/p>\n<\/div>\n<div style=\"border: 1px solid #e0e0e0; padding: 18px; margin-bottom: 12px; border-radius: 6px; background: #fafafa;\">\n<h4 style=\"margin: 0 0 10px 0; color: #333; font-size: 16px;\">Are these nickel stickers suitable for outdoor automotive use?<\/h4>\n<p style=\"margin: 0; font-size: 14px; color: #555;\">Tak. Nasze niestandardowe, luksusowe, metalowe, chromowane naklejki z logo na ogon s\u0105 specjalnie zaprojektowane do wymagaj\u0105cych \u015brodowisk. Wykonane ze sta\u0142ego niklu 100% i wzmocnione klejem samochodowym 3M, zapewniaj\u0105 doskona\u0142\u0105 odporno\u015b\u0107 na promieniowanie UV, deszcz i wahania temperatury.<\/p>\n<\/div>\n<div style=\"border: 1px solid #e0e0e0; padding: 18px; margin-bottom: 12px; border-radius: 6px; background: #fafafa;\">\n<h4 style=\"margin: 0 0 10px 0; color: #333; font-size: 16px;\">Can I request a sample before committing to mass production?<\/h4>\n<p style=\"margin: 0; font-size: 14px; color: #555;\">Absolutely. We can ship existing reference samples within 1 day so you can evaluate the material and adhesive quality. If you require a custom sample molded to your specific artwork, our rapid fabrication process completes this in just 3-5 days.<\/p>\n<\/div>\n<div style=\"border: 1px solid #e0e0e0; padding: 18px; margin-bottom: 12px; border-radius: 6px; background: #fafafa;\">\n<h4 style=\"margin: 0 0 10px 0; color: #333; font-size: 16px;\">How durable is the 3M adhesive backing?<\/h4>\n<p style=\"margin: 0; font-size: 14px; color: #555;\">Wykorzystujemy najwy\u017cszej jako\u015bci klej topliwy 3M i dwustronne konfiguracje samoprzylepne znane z wysokiej wytrzyma\u0142o\u015bci na odrywanie. Po prawid\u0142owym na\u0142o\u017ceniu na czyst\u0105 powierzchni\u0119 i ca\u0142kowitym utwardzeniu plakietka tworzy p\u00f3\u0142trwa\u0142e lub trwa\u0142e po\u0142\u0105czenie, kt\u00f3re jest odporne na wibracje, wilgo\u0107 i og\u00f3lne zu\u017cycie.<\/p>\n<\/div>\n<\/div>\n<p><!-- Final Call to Action --><\/p>\n<div style=\"text-align: center; margin-top: 40px; padding: 30px; background-color: #f1f8ff; border-radius: 8px; border: 1px solid #d4ebff;\">\n<h3 style=\"color: #0056b3; font-size: 24px; margin-top: 0; margin-bottom: 15px;\">Gotowy na ulepszenie to\u017csamo\u015bci swojej marki?<\/h3>\n<p style=\"font-size: 16px; margin-bottom: 20px; color: #333;\">Skontaktuj si\u0119 z JTT Precision Metal ju\u017c dzi\u015b, aby om\u00f3wi\u0107 niestandardowy rozmiar, dok\u0142adne dopasowanie kolor\u00f3w i wymagania dotycz\u0105ce harmonogramu dla niestandardowych naklejek z logo motoryzacyjnym lub elektronicznym.<\/p>\n<p><a style=\"display: inline-block; background-color: #0056b3; color: #ffffff; text-decoration: none; padding: 15px 35px; font-size: 18px; font-weight: bold; border-radius: 5px; box-shadow: 0 4px 6px rgba(0,0,0,0.15);\" href=\"https:\/\/jttlogos.com\/pl\/skontaktuj-sie-z-nami\/\">Submit Your Artwork for a Review<\/a><\/p>\n<\/div>\n<\/article>","protected":false},"excerpt":{"rendered":"<p>Podnie\u015b swoj\u0105 mark\u0119 dzi\u0119ki niestandardowym, luksusowym, metalowym, chromowanym naklejkom z logo. JTT Precision Metal oferuje naklejki niklowane galwanicznie 100% z certyfikatem SGS i klejem 3M do opakowa\u0144 motoryzacyjnych, elektronicznych i premium. Skontaktuj si\u0119 z nami, aby uzyska\u0107 niestandardowe, odporne na warunki atmosferyczne naklejki metalowe i szybk\u0105 produkcj\u0119 pr\u00f3bek!<\/p>","protected":false},"featured_media":2867,"comment_status":"open","ping_status":"closed","template":"","meta":[],"product_brand":[],"product_cat":[48],"product_tag":[],"class_list":{"0":"post-2875","1":"product","2":"type-product","3":"status-publish","4":"has-post-thumbnail","6":"product_cat-nickel-metal-sticker","8":"first","9":"instock","10":"shipping-taxable","11":"product-type-simple"},"jetpack-related-posts":[],"jetpack_sharing_enabled":true,"_links":{"self":[{"href":"https:\/\/jttlogos.com\/pl\/wp-json\/wp\/v2\/product\/2875","targetHints":{"allow":["GET"]}}],"collection":[{"href":"https:\/\/jttlogos.com\/pl\/wp-json\/wp\/v2\/product"}],"about":[{"href":"https:\/\/jttlogos.com\/pl\/wp-json\/wp\/v2\/types\/product"}],"replies":[{"embeddable":true,"href":"https:\/\/jttlogos.com\/pl\/wp-json\/wp\/v2\/comments?post=2875"}],"wp:featuredmedia":[{"embeddable":true,"href":"https:\/\/jttlogos.com\/pl\/wp-json\/wp\/v2\/media\/2867"}],"wp:attachment":[{"href":"https:\/\/jttlogos.com\/pl\/wp-json\/wp\/v2\/media?parent=2875"}],"wp:term":[{"taxonomy":"product_brand","embeddable":true,"href":"https:\/\/jttlogos.com\/pl\/wp-json\/wp\/v2\/product_brand?post=2875"},{"taxonomy":"product_cat","embeddable":true,"href":"https:\/\/jttlogos.com\/pl\/wp-json\/wp\/v2\/product_cat?post=2875"},{"taxonomy":"product_tag","embeddable":true,"href":"https:\/\/jttlogos.com\/pl\/wp-json\/wp\/v2\/product_tag?post=2875"}],"curies":[{"name":"wp","href":"https:\/\/api.w.org\/{rel}","templated":true}]}}