{"id":2976,"date":"2020-05-17T08:40:27","date_gmt":"2020-05-17T08:40:27","guid":{"rendered":"https:\/\/jttlogos.com\/?post_type=product&#038;p=2976"},"modified":"2026-03-27T08:56:16","modified_gmt":"2026-03-27T08:56:16","slug":"custom-stainless-steel-plate-metal-label-sticker-with-debossed-logo-stainless-metal-logo-plate-for-leather-bag","status":"publish","type":"product","link":"https:\/\/jttlogos.com\/pl\/produkt\/niestandardowa-stalowa-stalowa-tablica-metalowa-naklejka-z-logo-z-logo-z-logo-ze-stali-nierdzewnej-plyty-logo-do-skorzanej-torby\/","title":{"rendered":"Custom Stainless Steel Plate Metal Label Sticker with Debossed Logo Stainless Metal Logo Plate for Equipment"},"content":{"rendered":"<div id=\"pl-2976\" class=\"panel-layout\">\n<div id=\"pg-2976-0\" class=\"panel-grid panel-no-style\" data-style=\"{&quot;background_image_attachment&quot;:false,&quot;background_display&quot;:&quot;tile&quot;,&quot;gutter&quot;:&quot;50px&quot;,&quot;collapse_order&quot;:&quot;right-top&quot;,&quot;cell_alignment&quot;:&quot;center&quot;}\">\n<div id=\"pgc-2976-0-0\" class=\"panel-grid-cell\" data-weight=\"0.5\">\n<div id=\"panel-2976-0-0-0\" class=\"so-panel widget widget_sow-editor panel-first-child panel-last-child\" data-index=\"0\" data-style=\"{&quot;padding&quot;:&quot;0px 0px 30px 0px&quot;,&quot;mobile_padding&quot;:&quot;4px 4px 4px 4px&quot;,&quot;background_image_attachment&quot;:false,&quot;background_display&quot;:&quot;tile&quot;}\">\n<div class=\"panel-widget-style panel-widget-style-for-2976-0-0-0\">\n<div class=\"so-widget-sow-editor so-widget-sow-editor-base\">\n<div class=\"siteorigin-widget-tinymce textwidget\"><\/div>\n<\/div>\n<\/div>\n<\/div>\n<\/div>\n<\/div>\n<\/div>\n<article>\n<div style=\"display: flex; flex-wrap: wrap; gap: 20px; align-items: center; margin-bottom: 30px;\">\n<div style=\"flex: 1; min-width: 300px;\">\n<p>W konkurencyjnym \u015bwiecie brandingu i produkcji przemys\u0142owej, <strong>Custom Metal Logo Plates<\/strong> s\u0142u\u017cy\u0107 jako ostateczny znak jako\u015bci. W JTT Logos specjalizujemy si\u0119 w precyzyjnych tabliczkach ze stali nierdzewnej 304, skrupulatnie zaprojektowanych przy u\u017cyciu zaawansowanych technik trawienia, aby pe\u0142ni\u0142y zar\u00f3wno funkcj\u0119 presti\u017cowych wska\u017anik\u00f3w marki, jak i trwa\u0142ych urz\u0105dze\u0144 identyfikacyjnych.<\/p>\n<p>Our <strong>metalowe znaczniki identyfikacyjne<\/strong> rozwi\u0105zania s\u0105 specjalnie zaprojektowane, aby wytrzyma\u0107 najtrudniejsze warunki. Niezale\u017cnie od tego, czy szukasz <strong>tabliczki znamionowe sprz\u0119tu<\/strong> w przypadku ci\u0119\u017ckich maszyn lub eleganckich etykiet na luksusowe wyroby sk\u00f3rzane, nasza konstrukcja ze stali nierdzewnej 304 zapewnia wysok\u0105 odporno\u015b\u0107 na korozj\u0119, du\u017c\u0105 odporno\u015b\u0107 na warunki atmosferyczne i wyj\u0105tkowy wygl\u0105d, kt\u00f3ry utrzymuje si\u0119 przez dziesi\u0119ciolecia.<\/p>\n<p>&nbsp;<\/p>\n<\/div>\n<div style=\"flex: 1; min-width: 300px; text-align: center;\"><img data-recalc-dims=\"1\" decoding=\"async\" class=\"alignnone wp-image-1418\" src=\"https:\/\/i0.wp.com\/jttlogos.com\/wp-content\/uploads\/2020\/05\/stainless-steel-metal-sticker-16-1.jpg?resize=456%2C456&#038;ssl=1\" alt=\"Niestandardowa naklejka z metalow\u0105 etykiet\u0105 ze stali nierdzewnej\" width=\"456\" height=\"456\" title=\"\"><\/div>\n<\/div>\n<p><!-- Visual Characteristics Highlight --><\/p>\n<div style=\"background-color: #f8f9fa; padding: 20px; border-left: 5px solid #e67e22; margin-bottom: 30px;\">\n<h3 style=\"margin-top: 0; color: #2c3e50;\">Doskona\u0142o\u015b\u0107 wizualna i wydajno\u015b\u0107<\/h3>\n<ul style=\"column-count: 2; list-style-type: square; line-height: 1.6;\">\n<li>Precision etched patterns with clear lines<\/li>\n<li>Uniform brushed texture for a premium feel<\/li>\n<li>Odpowiednia g\u0142\u0119boko\u015b\u0107 trawienia dla wyra\u017anego wyt\u0142oczenia<\/li>\n<li>Sp\u00f3jny kolor powierzchni i p\u0142askie powierzchnie dna<\/li>\n<li>\u017bywe, pe\u0142nokolorowe opcje wype\u0142nie\u0144<\/li>\n<li>D\u0142ugotrwa\u0142a odporno\u015b\u0107 na utlenianie i blakni\u0119cie<\/li>\n<\/ul>\n<\/div>\n<p><!-- Product Specifications Table --><\/p>\n<p><iframe loading=\"lazy\" title=\"Trawienie metalowa tablica znamionowa metalowa stal ze stali nierdzewnej z samozadowolon\u0105 etykiet\u0105 logo ta\u015bmy\" width=\"1020\" height=\"574\" src=\"https:\/\/www.youtube.com\/embed\/SPwG0itY5Jc?feature=oembed\" frameborder=\"0\" allow=\"accelerometer; autoplay; clipboard-write; encrypted-media; gyroscope; picture-in-picture; web-share\" referrerpolicy=\"strict-origin-when-cross-origin\" allowfullscreen><\/iframe><\/p>\n<h2 style=\"color: #2c3e50; border-bottom: 2px solid #e67e22; padding-bottom: 10px;\">Technical Specifications &amp; Parameters<\/h2>\n<div style=\"overflow-x: auto; margin-bottom: 30px;\">\n<table style=\"width: 100%; border-collapse: collapse; font-family: Arial, sans-serif;\">\n<thead>\n<tr style=\"background-color: #2c3e50; color: white; text-align: left;\">\n<th style=\"padding: 12px; border: 1px solid #ddd;\">Feature<\/th>\n<th style=\"padding: 12px; border: 1px solid #ddd;\">Szczeg\u00f3\u0142y specyfikacji<\/th>\n<\/tr>\n<\/thead>\n<tbody>\n<tr>\n<td style=\"padding: 12px; border: 1px solid #ddd; font-weight: bold; background-color: #f2f2f2;\">Nazwa przedmiotu<\/td>\n<td style=\"padding: 12px; border: 1px solid #ddd;\">Metalowa naklejka\/tabliczka znamionowa sprz\u0119tu ze stali nierdzewnej<\/td>\n<\/tr>\n<tr>\n<td style=\"padding: 12px; border: 1px solid #ddd; font-weight: bold; background-color: #f2f2f2;\">Material<\/td>\n<td style=\"padding: 12px; border: 1px solid #ddd;\">Najwy\u017cszej jako\u015bci stal nierdzewna 304<\/td>\n<\/tr>\n<tr>\n<td style=\"padding: 12px; border: 1px solid #ddd; font-weight: bold; background-color: #f2f2f2;\">Technique<\/td>\n<td style=\"padding: 12px; border: 1px solid #ddd;\">Chemical Etching<\/td>\n<\/tr>\n<tr>\n<td style=\"padding: 12px; border: 1px solid #ddd; font-weight: bold; background-color: #f2f2f2;\">Zakres grubo\u015bci<\/td>\n<td style=\"padding: 12px; border: 1px solid #ddd;\">0,1 mm do 0,5 mm (od bardzo cienkiego do standardowego)<\/td>\n<\/tr>\n<tr>\n<td style=\"padding: 12px; border: 1px solid #ddd; font-weight: bold; background-color: #f2f2f2;\">Rozmiar i kolor<\/td>\n<td style=\"padding: 12px; border: 1px solid #ddd;\">Dostosowane do dowolnego kszta\u0142tu, wymiaru i koloru Pantone<\/td>\n<\/tr>\n<tr>\n<td style=\"padding: 12px; border: 1px solid #ddd; font-weight: bold; background-color: #f2f2f2;\">Opcje kleju<\/td>\n<td style=\"padding: 12px; border: 1px solid #ddd;\">3M Adhesive, 3M Hot-melt Glue, Double-sided self-adhesive<\/td>\n<\/tr>\n<tr>\n<td style=\"padding: 12px; border: 1px solid #ddd; font-weight: bold; background-color: #f2f2f2;\">Certyfikaty<\/td>\n<td style=\"padding: 12px; border: 1px solid #ddd;\">Zgodny z SGS, ROHS, MSDS<\/td>\n<\/tr>\n<tr>\n<td style=\"padding: 12px; border: 1px solid #ddd; font-weight: bold; background-color: #f2f2f2;\">Supply Ability<\/td>\n<td style=\"padding: 12px; border: 1px solid #ddd;\">700,000 Pieces per Day<\/td>\n<\/tr>\n<tr>\n<td style=\"padding: 12px; border: 1px solid #ddd; font-weight: bold; background-color: #f2f2f2;\">Czas realizacji produkcji<\/td>\n<td style=\"padding: 12px; border: 1px solid #ddd;\">Pr\u00f3bka: 5-7 dni; Produkcja masowa: 7-15 dni<\/td>\n<\/tr>\n<\/tbody>\n<\/table>\n<\/div>\n<p><!-- Production Process --><\/p>\n<h2><img data-recalc-dims=\"1\" decoding=\"async\" class=\"aligncenter wp-image-1417 size-full\" src=\"https:\/\/i0.wp.com\/jttlogos.com\/wp-content\/uploads\/2020\/05\/Certification-JTT.jpg?resize=600%2C600&#038;ssl=1\" alt=\"Official SGS, MSDS, and ROHS reports guaranteeing the material safety and quality of JTT Logos Metal equipment nameplates\" width=\"600\" height=\"600\" title=\"\"><\/h2>\n<h2 style=\"color: #2c3e50; border-bottom: 2px solid #e67e22; padding-bottom: 10px;\">Precision Engineering: The Production Workflow<\/h2>\n<div style=\"display: flex; flex-wrap: wrap; justify-content: space-between; gap: 10px; margin-bottom: 30px; text-align: center;\">\n<div style=\"flex: 1; min-width: 120px; background: #eee; padding: 10px; border-radius: 5px; font-size: 0.9em;\"><strong>1. Tworzenie filmu<\/strong><br \/>\nGrafika do negatywu<\/div>\n<div style=\"flex: 1; min-width: 120px; background: #eee; padding: 10px; border-radius: 5px; font-size: 0.9em;\"><strong>2. Przygotowanie powierzchni<\/strong><br \/>\nCzyszczenie blach stalowych<\/div>\n<div style=\"flex: 1; min-width: 120px; background: #eee; padding: 10px; border-radius: 5px; font-size: 0.9em;\"><strong>3. Pow\u0142oka atramentowa<\/strong><br \/>\nWarstwa izolacyjna<\/div>\n<div style=\"flex: 1; min-width: 120px; background: #eee; padding: 10px; border-radius: 5px; font-size: 0.9em;\"><strong>4. Obrazowanie<\/strong><br \/>\nEkspozycja i promieniowanie UV<\/div>\n<div style=\"flex: 1; min-width: 120px; background: #eee; padding: 10px; border-radius: 5px; font-size: 0.9em;\"><strong>5. Trawienie<\/strong><br \/>\nChemiczna precyzja<\/div>\n<div style=\"flex: 1; min-width: 120px; background: #eee; padding: 10px; border-radius: 5px; font-size: 0.9em;\"><strong>6. Wyko\u0144czenie<\/strong><br \/>\nKlej i nak\u0142adka<\/div>\n<div style=\"flex: 1; min-width: 120px; background: #eee; padding: 10px; border-radius: 5px; font-size: 0.9em;\"><strong>7. Kontrola jako\u015bci i pakowanie<\/strong><br \/>\n100% Inspection<\/div>\n<\/div>\n<p><!-- Why Choose Our Stickers - Comparison Card --><\/p>\n<h2><img data-recalc-dims=\"1\" decoding=\"async\" class=\"aligncenter wp-image-1417 size-full\" src=\"https:\/\/i0.wp.com\/jttlogos.com\/wp-content\/uploads\/2020\/05\/stainless-steel-productive-process.jpg?resize=600%2C600&#038;ssl=1\" alt=\"Step-by-step factory production process for JTT Logos Custom equipment nameplates\" width=\"600\" height=\"600\" title=\"\"><\/h2>\n<h2 style=\"color: #2c3e50; border-bottom: 2px solid #e67e22; padding-bottom: 10px;\">Dlaczego warto wybra\u0107 nasze niestandardowe tabliczki znamionowe do sprz\u0119tu?<\/h2>\n<div style=\"display: grid; grid-template-columns: repeat(auto-fit, minmax(300px, 1fr)); gap: 20px; margin-bottom: 30px;\">\n<div style=\"border: 1px solid #e67e22; border-radius: 10px; padding: 20px; background-color: #fffaf5;\">\n<h3 style=\"color: #e67e22; margin-top: 0;\">Niezr\u00f3wnana trwa\u0142o\u015b\u0107<\/h3>\n<p>Our <strong>metalowe tabliczki znamionowe urz\u0105dze\u0144<\/strong> s\u0105 wykonane wy\u0142\u0105cznie ze stali nierdzewnej 304. Dzi\u0119ki temu s\u0105 odporne na rdz\u0119 i korozj\u0119 100%. W przeciwie\u0144stwie do przywieszek aluminiowych lub plastikowych, nasze <strong>nameplate equipment<\/strong> rozwi\u0105zania wytrzymuj\u0105 wysokie temperatury i rozpuszczalniki przemys\u0142owe.<\/p>\n<\/div>\n<div style=\"border: 1px solid #2c3e50; border-radius: 10px; padding: 20px; background-color: #f4f6f7;\">\n<h3 style=\"color: #2c3e50; margin-top: 0;\">Luksusowa estetyka<\/h3>\n<p>From mirror finishes to frosted matte and brushed textures, we provide a premium metallic feel. Whether it\u2019s for <strong>niestandardowe tabliczki znamionowe sprz\u0119tu<\/strong> lub wysokiej klasy elektronik\u0119, wyra\u017ane kontury kraw\u0119dzi i wyt\u0142oczone napisy zapewniaj\u0105 profesjonalny, wysokiej klasy wygl\u0105d.<\/p>\n<\/div>\n<\/div>\n<p><!-- Application Section --><\/p>\n<h2 style=\"color: #2c3e50; border-bottom: 2px solid #e67e22; padding-bottom: 10px;\">Wszechstronne zastosowania: tam, gdzie niezawodno\u015b\u0107 spotyka si\u0119 z designem<\/h2>\n<p>Wed\u0142ug danych bran\u017cowych zapotrzebowanie na wysok\u0105 jako\u015b\u0107 <strong>equipment nameplate tags<\/strong> has grown by 15% in the industrial sector due to stricter safety and identification regulations. Our products serve diverse fields:<\/p>\n<div style=\"display: flex; flex-wrap: wrap; gap: 15px; margin-bottom: 30px;\">\n<div style=\"flex: 1; background: #f9f9f9; padding: 15px; border-radius: 8px; border: 1px solid #ddd;\"><strong>Maszyny Przemys\u0142owe<\/strong><br \/>\nHighly durable <strong>tabliczki znamionowe sprz\u0119tu metalowego<\/strong> do paneli operatorskich wymagaj\u0105cych odporno\u015bci chemicznej i na zu\u017cycie.<\/div>\n<div style=\"flex: 1; background: #f9f9f9; padding: 15px; border-radius: 8px; border: 1px solid #ddd;\"><strong>Znaki drogowe i zewn\u0119trzne<\/strong><br \/>\nWeatherproof 304 stainless steel road and directional signs that withstand long-term UV exposure.<\/div>\n<div style=\"flex: 1; background: #f9f9f9; padding: 15px; border-radius: 8px; border: 1px solid #ddd;\"><strong>Elektronika u\u017cytkowa<\/strong><br \/>\nZnakomite logo marki i model <strong>tabliczka znamionowa sprz\u0119tu<\/strong> identifiers for premium gadgets and packaging.<\/div>\n<\/div>\n<p><!-- Installation Guide --><\/p>\n<h2><img data-recalc-dims=\"1\" decoding=\"async\" class=\"aligncenter wp-image-1417 size-full\" src=\"https:\/\/i0.wp.com\/jttlogos.com\/wp-content\/uploads\/2020\/05\/JTT-application-scenarios.jpg?resize=600%2C600&#038;ssl=1\" alt=\"applications of JTT Logos Custom Metal nameplates for equipment\" width=\"600\" height=\"600\" title=\"\"><\/h2>\n<h2 style=\"color: #2c3e50; border-bottom: 2px solid #e67e22; padding-bottom: 10px;\">Professional Installation Guide<\/h2>\n<div style=\"background-color: #fff; border: 1px solid #ddd; padding: 20px; border-radius: 8px; margin-bottom: 30px;\">\n<ol style=\"line-height: 1.8;\">\n<li><strong>Surface Preparation:<\/strong> Wytrzyj powierzchni\u0119 produktu such\u0105 szmatk\u0105. Je\u015bli wyst\u0119puj\u0105 plamy oleju, u\u017cyj alkoholu przemys\u0142owego.<\/li>\n<li><strong>Peeling:<\/strong> Ostro\u017cnie usu\u0144 papier zabezpieczaj\u0105cy z ty\u0142u metalowej naklejki. Upewnij si\u0119, \u017ce folia na przedniej powierzchni pozostaje nienaruszona.<\/li>\n<li><strong>Application:<\/strong> Wyr\u00f3wnaj i przymocuj <strong>Custom Metal Logo Plate<\/strong> do \u017c\u0105danej powierzchni.<\/li>\n<li><strong>Securing:<\/strong> Doci\u015bnij mocno ca\u0142\u0105 powierzchni\u0119 za pomoc\u0105 suchej szmatki, aby aktywowa\u0107 klej.<\/li>\n<li><strong>Ostatni krok:<\/strong> Zdejmij warstw\u0119 ochronn\u0105 pod k\u0105tem 45 stopni. Resztki kleju na kraw\u0119dziach zostan\u0105 usuni\u0119te wraz z foli\u0105, je\u015bli zostan\u0105 prawid\u0142owo doci\u015bni\u0119te.<\/li>\n<\/ol>\n<\/div>\n<p><!-- Quality Control \/ Testing Section --><\/p>\n<h2 style=\"color: #2c3e50; border-bottom: 2px solid #e67e22; padding-bottom: 10px;\">Rygorystyczne zapewnienie jako\u015bci i testowanie<\/h2>\n<p>Aby zapewni\u0107 nasze <strong>metalowe tabliczki znamionowe sprz\u0119tu<\/strong> meet international standards, every batch undergoes six essential tests:<\/p>\n<div style=\"display: grid; grid-template-columns: repeat(auto-fit, minmax(250px, 1fr)); gap: 15px; margin-bottom: 30px;\">\n<div style=\"padding: 15px; border: 1px solid #eee; background: #fcfcfc;\"><strong>1. Test przyczepno\u015bci:<\/strong> Ocenia jako\u015b\u0107 wi\u0105zania atramentu po kolorowaniu.<\/div>\n<div style=\"padding: 15px; border: 1px solid #eee; background: #fcfcfc;\"><strong>2. High\/Low Temp Test:<\/strong> Potwierdza stabilno\u015b\u0107 w \u015brodowiskach o zmiennej temperaturze i wilgotnym upale.<\/div>\n<div style=\"padding: 15px; border: 1px solid #eee; background: #fcfcfc;\"><strong>3. Test mg\u0142y solnej:<\/strong> Symuluje trudn\u0105 atmosfer\u0119 zasolon\u0105 w celu sprawdzenia odporno\u015bci na korozj\u0119.<\/div>\n<div style=\"padding: 15px; border: 1px solid #eee; background: #fcfcfc;\"><strong>4. Drop Test:<\/strong> Symuluje wstrz\u0105sy podczas transportu, aby zapewni\u0107 integralno\u015b\u0107 strukturaln\u0105.<\/div>\n<div style=\"padding: 15px; border: 1px solid #eee; background: #fcfcfc;\"><strong>5. Pr\u00f3ba zginania:<\/strong> Zapewnia przymocowanie logo nawet po zgi\u0119ciu pod\u0142o\u017ca.<\/div>\n<div style=\"padding: 15px; border: 1px solid #eee; background: #fcfcfc;\"><strong>6. Test ta\u015bmy:<\/strong> A specialized assessment of the bonding agent\u2019s absolute strength.<\/div>\n<\/div>\n<p><!-- FAQ Knowledge Points --><\/p>\n<h2 style=\"color: #2c3e50; border-bottom: 2px solid #e67e22; padding-bottom: 10px;\">Frequently Asked Questions (FAQ)<\/h2>\n<div style=\"margin-bottom: 30px;\">\n<div style=\"margin-bottom: 15px; border-bottom: 1px solid #eee; padding-bottom: 10px;\">\n<p style=\"font-weight: bold; color: #e67e22;\">P: Jaka jest zaleta stali nierdzewnej 304 w por\u00f3wnaniu z innymi materia\u0142ami?<\/p>\n<p>Odp.: Stal nierdzewna 304 zapewnia najlepsz\u0105 r\u00f3wnowag\u0119 odporno\u015bci na korozj\u0119, trwa\u0142o\u015bci i op\u0142acalno\u015bci <strong>tabliczki znamionowe sprz\u0119tu<\/strong>. Nie rdzewieje i zachowuje sw\u00f3j metaliczny po\u0142ysk nawet w warunkach zewn\u0119trznych lub przemys\u0142owych.<\/p>\n<\/div>\n<div style=\"margin-bottom: 15px; border-bottom: 1px solid #eee; padding-bottom: 10px;\">\n<p style=\"font-weight: bold; color: #e67e22;\">P: Czy mo\u017cesz obs\u0142u\u017cy\u0107 du\u017ce zam\u00f3wienia hurtowe?<\/p>\n<p>O: Tak! JTT Logos mo\u017ce dostarcza\u0107 700 000 sztuk dziennie, co czyni nas preferowanym partnerem w przypadku du\u017cych przedsi\u0119biorstw przemys\u0142owych <strong>equipment nameplate<\/strong> produkcja.<\/p>\n<\/div>\n<div style=\"margin-bottom: 15px; border-bottom: 1px solid #eee; padding-bottom: 10px;\">\n<p style=\"font-weight: bold; color: #e67e22;\">P: Czy oferujecie niestandardowe kszta\u0142ty i rozmiary?<\/p>\n<p>O: Absolutnie. Nasz <strong>niestandardowe tabliczki znamionowe sprz\u0119tu<\/strong> can be tailored to any AI, PDF, or CAD design you provide, including complex die-cut shapes and specific etching depths.<\/p>\n<\/div>\n<\/div>\n<p><!-- About Us & CTA --><\/p>\n<h2 style=\"color: #2c3e50; border-bottom: 2px solid #e67e22; padding-bottom: 10px;\">O logo JTT: Tw\u00f3j zaufany ekspert w dziedzinie etykiet metalowych<\/h2>\n<p><img data-recalc-dims=\"1\" decoding=\"async\" class=\"aligncenter wp-image-1417 size-full\" src=\"https:\/\/i0.wp.com\/jttlogos.com\/wp-content\/uploads\/2020\/05\/jtt-company-advantage-1.jpg?resize=600%2C600&#038;ssl=1\" alt=\"our core advantages of choosing JTT Logos for equipment nameplate tags\" width=\"600\" height=\"600\" title=\"\"><\/p>\n<div style=\"background-color: #2c3e50; color: white; padding: 30px; border-radius: 10px;\">\n<p>Z ponad <strong>16 lat do\u015bwiadczenia<\/strong> w bran\u017cy etykiet metalowych JTT Logos jest wiod\u0105cym producentem specjalizuj\u0105cym si\u0119 w <strong>Custom Metal Logo Plates<\/strong>. Naszej wiedzy zaufali \u015bwiatowi liderzy, m.in <strong>Tesla, Samsung, Haier, Gree, Panasonic i Lenovo<\/strong>. G\u0142\u00f3wna dzia\u0142alno\u015b\u0107 JTT:\u00a0<a href=\"https:\/\/jttlogos.com\/pl\/\"><strong>Metal Stickers<\/strong><\/a>,\u00a0<a href=\"https:\/\/jttlogos.com\/pl\/kategoria-produktu\/naklejka-metalowa-nikiel\/\"><strong>Nickel\u00a0<\/strong><strong>Metal Logo Stickers<\/strong><\/a><a title=\"Metal Logo Stickers\" href=\"https:\/\/jttlogos.com\/pl\/\">,<\/a>\u00a0<a href=\"https:\/\/jttlogos.com\/pl\/kategoria-produktu\/stainless-steel-metal-sticker\/\"><strong>Stainless Steel Metal Logo Stickers<\/strong><\/a>,\u00a0<a href=\"https:\/\/jttlogos.com\/pl\/kategoria-produktu\/3d-metal-sticker\/\"><strong>3D Electroforming Metal Logo Stickers<\/strong><\/a>,\u00a0<a href=\"https:\/\/jttlogos.com\/pl\/kategoria-produktu\/naklejka-metalowa-z-siatka-glosnikowa\/\"><strong>Speaker Mesh Metal Stickers<\/strong><\/a>.<\/p>\n<h3 style=\"color: #e67e22;\">Nasze 4 podstawowe gwarancje:<\/h3>\n<ul style=\"line-height: 1.6;\">\n<li><strong>Najwy\u017csza jako\u015b\u0107:<\/strong> U\u017cywamy wy\u0142\u0105cznie stali nierdzewnej premium 304 i rygorystycznej kontroli jako\u015bci.<\/li>\n<li><strong>Konkurencyjne ceny:<\/strong> Bezpo\u015brednia produkcja fabryczna zapewnia najlepsz\u0105 warto\u015b\u0107.<\/li>\n<li><strong>Eksperckie badania i rozw\u00f3j:<\/strong> Innowacyjne rozwi\u0105zania dla z\u0142o\u017conych potrzeb brandingowych.<\/li>\n<li><strong>Terminowa dostawa:<\/strong> Efficient production cycles to meet your deadlines.<\/li>\n<\/ul>\n<div style=\"text-align: center; margin-top: 20px;\">\n<p style=\"font-size: 1.2em; font-weight: bold;\">Gotowy do ulepszenia marki swojego sprz\u0119tu?<\/p>\n<p><a style=\"display: inline-block; background-color: #e67e22; color: white; padding: 15px 30px; text-decoration: none; border-radius: 5px; font-weight: bold; margin-top: 10px;\" href=\"https:\/\/jttlogos.com\/pl\/skontaktuj-sie-z-nami\/\">Popro\u015b o niestandardow\u0105 wycen\u0119 ju\u017c dzi\u015b!<\/a><\/p>\n<\/div>\n<\/div>\n<\/article>","protected":false},"excerpt":{"rendered":"<p>JTT is a leading global supplier and manufacturer of Metal Sticker, Nickel Sticker, Stainless Steel Sticker, 3D Metal Sticker, Mesh Speaker, specialized in this industry over 14 years.<\/p>\n<p>The specific price is determined by the product.<\/p>","protected":false},"featured_media":2960,"comment_status":"open","ping_status":"closed","template":"","meta":[],"product_brand":[],"product_cat":[52],"product_tag":[],"class_list":{"0":"post-2976","1":"product","2":"type-product","3":"status-publish","4":"has-post-thumbnail","6":"product_cat-stainless-steel-metal-sticker","8":"first","9":"instock","10":"shipping-taxable","11":"product-type-simple"},"jetpack-related-posts":[],"jetpack_sharing_enabled":true,"_links":{"self":[{"href":"https:\/\/jttlogos.com\/pl\/wp-json\/wp\/v2\/product\/2976","targetHints":{"allow":["GET"]}}],"collection":[{"href":"https:\/\/jttlogos.com\/pl\/wp-json\/wp\/v2\/product"}],"about":[{"href":"https:\/\/jttlogos.com\/pl\/wp-json\/wp\/v2\/types\/product"}],"replies":[{"embeddable":true,"href":"https:\/\/jttlogos.com\/pl\/wp-json\/wp\/v2\/comments?post=2976"}],"wp:featuredmedia":[{"embeddable":true,"href":"https:\/\/jttlogos.com\/pl\/wp-json\/wp\/v2\/media\/2960"}],"wp:attachment":[{"href":"https:\/\/jttlogos.com\/pl\/wp-json\/wp\/v2\/media?parent=2976"}],"wp:term":[{"taxonomy":"product_brand","embeddable":true,"href":"https:\/\/jttlogos.com\/pl\/wp-json\/wp\/v2\/product_brand?post=2976"},{"taxonomy":"product_cat","embeddable":true,"href":"https:\/\/jttlogos.com\/pl\/wp-json\/wp\/v2\/product_cat?post=2976"},{"taxonomy":"product_tag","embeddable":true,"href":"https:\/\/jttlogos.com\/pl\/wp-json\/wp\/v2\/product_tag?post=2976"}],"curies":[{"name":"wp","href":"https:\/\/api.w.org\/{rel}","templated":true}]}}