{"id":3159,"date":"2020-05-18T01:45:03","date_gmt":"2020-05-18T01:45:03","guid":{"rendered":"https:\/\/jttlogos.com\/?post_type=product&#038;p=3159"},"modified":"2026-04-18T08:15:39","modified_gmt":"2026-04-18T08:15:39","slug":"custom-electroforming-nickel-metal-sticker-fashion-metal-nickel-sticker-for-phone-case","status":"publish","type":"product","link":"https:\/\/jttlogos.com\/pl\/produkt\/custom-electroforming-nickel-metal-sticker-fashion-metal-nickel-sticker-for-phone-case\/","title":{"rendered":"Niestandardowa naklejka z logo 3D z galwanizowanego niklu i metalu \u2013 ultracienka samoprzylepna naklejka na obudowy telefon\u00f3w i elektronik\u0119"},"content":{"rendered":"<article style=\"font-family: 'Segoe UI', Tahoma, Geneva, Verdana, sans-serif; line-height: 1.6; color: #333; max-width: 100%; margin: 0 auto; padding: 20px;\">\n<!-- CTA Section Top --><\/p>\n<div style=\"background-color: #f8f9fa; padding: 20px; border-radius: 8px; border: 1px solid #e9ecef; margin-bottom: 30px; text-align: center; box-shadow: 0 4px 6px rgba(0,0,0,0.05);\">\n<h2 style=\"color: #2c3e50; margin-top: 0; font-size: 24px;\">Wysokiej jako\u015bci niestandardowe naklejki metalowe niklowe do profesjonalnego brandingu<\/h2>\n<p style=\"font-size: 16px; color: #555; max-width: 800px; margin: 0 auto 20px auto;\">Podnie\u015b to\u017csamo\u015b\u0107 wizualn\u0105 swojej marki dzi\u0119ki naszym ultracienkim etykietom transferowym z niklu 100% o wysokim po\u0142ysku. Idealny do etui na telefony, elektroniki i opakowa\u0144 premium.<\/p>\n<p><a style=\"display: inline-block; background-color: #0056b3; color: #ffffff; padding: 14px 28px; text-decoration: none; font-weight: bold; border-radius: 5px; font-size: 16px; transition: background-color 0.3s ease;\" href=\"https:\/\/jttlogos.com\/pl\/kategoria-produktu\/naklejka-metalowa-nikiel\/\">Popro\u015b o niestandardow\u0105 wycen\u0119 ju\u017c dzi\u015b<\/a><\/p>\n<\/div>\n<h2 style=\"color: #2c3e50; border-bottom: 2px solid #0056b3; padding-bottom: 10px; margin-top: 40px;\">Przegl\u0105d produktu: Modna metalowa naklejka niklowa na etui na telefony<\/h2>\n<p style=\"font-size: 16px; margin-bottom: 20px;\">Witamy w JTT Precision Metal Co., Ltd, zaufanym producencie posiadaj\u0105cym ponad 20-letnie do\u015bwiadczenie w bran\u017cy w tworzeniu wysokiej jako\u015bci metalowych logo. Nasz <strong>Niestandardowa naklejka galwaniczna z niklu<\/strong> reprezentuje szczyt nowoczesnej identyfikacji marki. Zaprojektowane specjalnie do zastosowa\u0144 najwy\u017cszej klasy, takich jak obudowy telefon\u00f3w kom\u00f3rkowych, elektronika u\u017cytkowa i luksusowe opakowania, te niestandardowe metalowe naklejki z logo oferuj\u0105 niezr\u00f3wnane po\u0142\u0105czenie trwa\u0142o\u015bci, elegancji i bezproblemowej integracji.<\/p>\n<p style=\"font-size: 16px; margin-bottom: 20px;\">W przeciwie\u0144stwie do tradycyjnych drukowanych etykiet papierowych lub niepor\u0119cznych plakietek plastikowych, nasze ultracienkie naklejki transferowe z niklu s\u0105 produkowane przy u\u017cyciu zaawansowanej techniki galwanizacji. Zapewnia to osza\u0142amiaj\u0105ce, metaliczne wyko\u0144czenie 3D, kt\u00f3re jest odporne na blakni\u0119cie, korozj\u0119 i zu\u017cycie w miar\u0119 up\u0142ywu czasu. Poniewa\u017c materia\u0142em jest czysty nikiel 100%, powsta\u0142e samoprzylepne metalowe logo mo\u017ce pochwali\u0107 si\u0119 doskona\u0142ym po\u0142yskiem i wyra\u017anymi detalami, kt\u00f3re natychmiastowo komunikuj\u0105 jako\u015b\u0107 konsumentom ko\u0144cowym.<\/p>\n<p><iframe loading=\"lazy\" title=\"Custom electroforming nickel metal sticker fashion metal nickel sticker for phone case\" width=\"1020\" height=\"574\" src=\"https:\/\/www.youtube.com\/embed\/-fO7TAIPcrM?feature=oembed\" frameborder=\"0\" allow=\"accelerometer; autoplay; clipboard-write; encrypted-media; gyroscope; picture-in-picture; web-share\" referrerpolicy=\"strict-origin-when-cross-origin\" allowfullscreen><\/iframe><\/p>\n<h3><img data-recalc-dims=\"1\" decoding=\"async\" class=\"alignnone wp-image-1418 size-full\" src=\"https:\/\/i0.wp.com\/jttlogos.com\/wp-content\/uploads\/2020\/05\/Phone-Case-Metal-Sticker-2-1.jpg?resize=600%2C450&#038;ssl=1\" alt=\"Niestandardowa naklejka z logo 3D z galwanizowanego niklu \" width=\"600\" height=\"450\" title=\"\"><\/h3>\n<h3 style=\"color: #34495e; margin-top: 30px;\">Kompleksowe specyfikacje produktu<\/h3>\n<table style=\"width: 100%; border-collapse: collapse; margin: 25px 0; background-color: #ffffff; box-shadow: 0 1px 3px rgba(0,0,0,0.1); font-size: 15px;\">\n<thead>\n<tr style=\"background-color: #0056b3; color: #ffffff; text-align: left;\">\n<th style=\"padding: 15px; border: 1px solid #ddd; width: 30%;\">Specyfikacja<\/th>\n<th style=\"padding: 15px; border: 1px solid #ddd;\">Szczeg\u00f3\u0142<\/th>\n<\/tr>\n<\/thead>\n<tbody>\n<tr>\n<td style=\"padding: 12px 15px; border: 1px solid #ddd; font-weight: bold; background-color: #f8f9fa;\">Kategoria przedmiotu<\/td>\n<td style=\"padding: 12px 15px; border: 1px solid #ddd;\"><a style=\"color: #0056b3; text-decoration: none; font-weight: bold;\" href=\"https:\/\/jttlogos.com\/pl\/kategoria-produktu\/naklejka-metalowa-nikiel\/\">Metal Nickel Sticker<\/a><\/td>\n<\/tr>\n<tr>\n<td style=\"padding: 12px 15px; border: 1px solid #ddd; font-weight: bold;\">Material<\/td>\n<td style=\"padding: 12px 15px; border: 1px solid #ddd;\">100% Czysty nikiel<\/td>\n<\/tr>\n<tr>\n<td style=\"padding: 12px 15px; border: 1px solid #ddd; font-weight: bold; background-color: #f8f9fa;\">Technique<\/td>\n<td style=\"padding: 12px 15px; border: 1px solid #ddd;\">Precision Electroplating<\/td>\n<\/tr>\n<tr>\n<td style=\"padding: 12px 15px; border: 1px solid #ddd; font-weight: bold;\">Thickness<\/td>\n<td style=\"padding: 12px 15px; border: 1px solid #ddd;\">0,045 mm \u2013 0,12 mm (ultracienki profil)<\/td>\n<\/tr>\n<tr>\n<td style=\"padding: 12px 15px; border: 1px solid #ddd; font-weight: bold; background-color: #f8f9fa;\">Rozmiar i kolor<\/td>\n<td style=\"padding: 12px 15px; border: 1px solid #ddd;\">W pe\u0142ni dostosowane do dowolnego rozmiaru, kszta\u0142tu i koloru, aby pasowa\u0142y do \u200b\u200bto\u017csamo\u015bci Twojej marki<\/td>\n<\/tr>\n<tr>\n<td style=\"padding: 12px 15px; border: 1px solid #ddd; font-weight: bold;\">Opcje kleju\/kleju<\/td>\n<td style=\"padding: 12px 15px; border: 1px solid #ddd;\">3M adhesive, 3M hot-melt glue, Premium double-sided self-adhesive<\/td>\n<\/tr>\n<tr>\n<td style=\"padding: 12px 15px; border: 1px solid #ddd; font-weight: bold; background-color: #f8f9fa;\">Key Applications<\/td>\n<td style=\"padding: 12px 15px; border: 1px solid #ddd;\">Telefony kom\u00f3rkowe, etui na telefony, sprz\u0119t AGD, produkty elektroniczne, opakowania na prezenty, samochody, maszyny itp.<\/td>\n<\/tr>\n<tr>\n<td style=\"padding: 12px 15px; border: 1px solid #ddd; font-weight: bold;\">Certyfikaty<\/td>\n<td style=\"padding: 12px 15px; border: 1px solid #ddd;\">SGS, ROHS, MSDS (przyjazny dla \u015brodowiska i bezpieczny)<\/td>\n<\/tr>\n<tr>\n<td style=\"padding: 12px 15px; border: 1px solid #ddd; font-weight: bold; background-color: #f8f9fa;\">Obs\u0142ugiwane formaty grafiki<\/td>\n<td style=\"padding: 12px 15px; border: 1px solid #ddd;\">AI, PDF, CDR, CAD i inne standardowe formaty wektorowe<\/td>\n<\/tr>\n<tr>\n<td style=\"padding: 12px 15px; border: 1px solid #ddd; font-weight: bold;\">Opakowanie<\/td>\n<td style=\"padding: 12px 15px; border: 1px solid #ddd;\">Ochronna torba OPP zapewniaj\u0105ca nieskazitelny stan po przybyciu<\/td>\n<\/tr>\n<\/tbody>\n<\/table>\n<h2 style=\"color: #2c3e50; border-bottom: 2px solid #0056b3; padding-bottom: 10px; margin-top: 40px;\">Profesjonalna produkcja i doskona\u0142o\u015b\u0107 materia\u0142\u00f3w<\/h2>\n<p style=\"font-size: 16px; margin-bottom: 15px;\">Jako wiod\u0105ca fabryka specjalizuj\u0105ca si\u0119 w niestandardowych rozwi\u0105zaniach w zakresie metalowych logo od ponad dwudziestu lat, JTT Precision Metal Co., Ltd wnosi g\u0142\u0119bok\u0105 wiedz\u0119 specjalistyczn\u0105 do ka\u017cdego projektu. Nasze wyspecjalizowane zak\u0142ady produkcyjne wykorzystuj\u0105 najnowocze\u015bniejsze procesy galwanizacji w celu tworzenia wysokiej jako\u015bci metalowych etykiet na zam\u00f3wienie. Opieraj\u0105c si\u0119 na czystym niklu 100%, zapewniamy, \u017ce ka\u017cda niestandardowa naklejka metalowa zapewnia wyj\u0105tkow\u0105 odporno\u015b\u0107 na utlenianie i doskona\u0142e wra\u017cenia dotykowe.<\/p>\n<p style=\"font-size: 16px; margin-bottom: 15px;\">Jedn\u0105 z g\u0142\u00f3wnych zalet naszych plakietek brandingowych z niklu galwanicznego jest profil o bardzo cienkiej grubo\u015bci, od <strong>0,045 mm do 0,12 mm<\/strong>. Ta ultracienka konstrukcja ma kluczowe znaczenie dla nowoczesnych projekt\u00f3w elektronicznych. Po na\u0142o\u017ceniu na obudow\u0119 telefonu kom\u00f3rkowego lub laptopa metalowa naklejka transferowa przylega praktycznie do powierzchni, zapobiegaj\u0105c zaczepianiu si\u0119 o tkaniny lub kieszenie, a jednocze\u015bnie zapewnia efektowny efekt wizualny 3D. Skrupulatne wykonanie gwarantuje g\u0142adkie kraw\u0119dzie, ostre naro\u017cniki i bardzo czytelny tekst \u2013 nawet w przypadku najbardziej skomplikowanych projekt\u00f3w logo.<\/p>\n<h3 style=\"color: #34495e; margin-top: 30px;\">Wszechstronne rozwi\u0105zania klej\u0105ce do ka\u017cdej powierzchni<\/h3>\n<p style=\"font-size: 16px; margin-bottom: 15px;\">Wysokiej jako\u015bci metalowa naklejka jest tak niezawodna, jak jej pod\u0142o\u017ce. Maj\u0105c \u015bwiadomo\u015b\u0107, \u017ce nasi klienci stosuj\u0105 te etykiety na r\u00f3\u017cnorodnych materia\u0142ach \u2014 od teksturowanych tworzyw sztucznych i g\u0142adkiego szk\u0142a po sk\u00f3r\u0119 i metal \u2014 oferujemy rozwi\u0105zania samoprzylepne o du\u017cych mo\u017cliwo\u015bciach dostosowania:<\/p>\n<ul style=\"font-size: 16px; margin-bottom: 20px; padding-left: 20px; line-height: 1.8;\">\n<li><strong>Klej 3M:<\/strong> Standard bran\u017cowy dotycz\u0105cy mocnego i d\u0142ugotrwa\u0142ego wi\u0105zania. Idealny do sztywnych, g\u0142adkich powierzchni, takich jak sprz\u0119t AGD, p\u0142yty maszynowe i obudowy produkt\u00f3w elektronicznych.<\/li>\n<li><strong>Klej termotopliwy 3M:<\/strong> Idealny do powierzchni o okre\u015blonej teksturze lub zastosowa\u0144, w kt\u00f3rych aktywacja cieplna zapewnia g\u0142\u0119boko zakorzenione wi\u0105zanie, np. specjalistyczne opakowania lub niekt\u00f3re wyko\u0144czenia samochodowe.<\/li>\n<li><strong>Dwustronny samoprzylepny:<\/strong> Wysoce wszechstronny, \u0142atwy do odklejenia podk\u0142ad, kt\u00f3ry usprawnia proces monta\u017cu na liniach produkcji masowej, umo\u017cliwiaj\u0105c pracownikom szybkie i precyzyjne naklejenie naklejki z logo na opakowania pude\u0142 upominkowych i etui na telefony.<\/li>\n<\/ul>\n<h2 style=\"color: #2c3e50; border-bottom: 2px solid #0056b3; padding-bottom: 10px; margin-top: 40px;\">Szerokie zastosowania przemys\u0142owe<\/h2>\n<p style=\"font-size: 16px; margin-bottom: 15px;\">Sama mo\u017cliwo\u015b\u0107 dostosowania naszych niestandardowych naklejek z niklowym logo sprawia, \u017ce \u200b\u200bs\u0105 one idealnym rozwi\u0105zaniem do promowania marki w wielu \u015bwiatowych bran\u017cach. Ich wyrafinowany wygl\u0105d radykalnie podnosi postrzegan\u0105 warto\u015b\u0107 produktu ko\u0144cowego.<\/p>\n<div style=\"display: flex; flex-wrap: wrap; gap: 20px; margin-top: 20px;\">\n<div style=\"flex: 1; min-width: 250px; background: #fdfdfd; border: 1px solid #eaeaea; padding: 20px; border-radius: 6px;\">\n<h4 style=\"color: #0056b3; margin-top: 0;\">Elektronika u\u017cytkowa i urz\u0105dzenia mobilne<\/h4>\n<p style=\"font-size: 14px; margin-bottom: 0;\">Idealny do telefon\u00f3w kom\u00f3rkowych, tablet\u00f3w, laptop\u00f3w i niestandardowych etui na telefony. Ultra cienka konstrukcja sprawia, \u017ce \u200b\u200bsamoprzylepne logo na metalowej obudowie telefonu nie koliduje z uchwytem u\u017cytkownika ani obudow\u0105 urz\u0105dzenia.<\/p>\n<\/div>\n<div style=\"flex: 1; min-width: 250px; background: #fdfdfd; border: 1px solid #eaeaea; padding: 20px; border-radius: 6px;\">\n<h4 style=\"color: #0056b3; margin-top: 0;\">Sprz\u0119t i maszyny gospodarstwa domowego<\/h4>\n<p style=\"font-size: 14px; margin-bottom: 0;\">Zbudowany tak, aby wytrzyma\u0107 r\u00f3\u017cne temperatury i obs\u0142ug\u0119. Te metalowe przywieszki marki zapewniaj\u0105 trwa\u0142\u0105 i widoczn\u0105 identyfikacj\u0119 lod\u00f3wek, ekspres\u00f3w do kawy, sprz\u0119tu audio i maszyn przemys\u0142owych.<\/p>\n<\/div>\n<div style=\"flex: 1; min-width: 250px; background: #fdfdfd; border: 1px solid #eaeaea; padding: 20px; border-radius: 6px;\">\n<h4 style=\"color: #0056b3; margin-top: 0;\">Luksusowe opakowania i samochody<\/h4>\n<p style=\"font-size: 14px; margin-bottom: 0;\">Podnie\u015b jako\u015b\u0107 rozpakowywania dzi\u0119ki wysokiej klasy metalowym naklejkom na pude\u0142kach prezentowych, butelkach perfum i kuferkach na kosmetyki. Stosowany dodatkowo do akcent\u00f3w brandingowych eleganckich wn\u0119trz samochod\u00f3w.<\/p>\n<\/div>\n<\/div>\n<h2 style=\"color: #2c3e50; border-bottom: 2px solid #0056b3; padding-bottom: 10px; margin-top: 40px;\">Autorytatywno\u015b\u0107 i wiarygodno\u015b\u0107: certyfikaty i zasady<\/h2>\n<p style=\"font-size: 16px; margin-bottom: 15px;\">Zaufanie buduje si\u0119 na przejrzysto\u015bci, bezpiecze\u0144stwie i sprawdzonych standardach. Rozumiemy, \u017ce nabywcy B2B wymagaj\u0105 ca\u0142kowitej pewno\u015bci co do zgodno\u015bci materialnej i bezpiecze\u0144stwa transakcji.<\/p>\n<ul style=\"font-size: 16px; margin-bottom: 20px; padding-left: 20px; line-height: 1.8;\">\n<li><strong>Certyfikaty SGS, ROHS i MSDS:<\/strong> Nasze naklejki z niklu s\u0105 rygorystycznie testowane. Zgodno\u015b\u0107 z dyrektyw\u0105 ROHS gwarantuje, \u017ce nasze produkty s\u0105 wolne od substancji niebezpiecznych, co czyni je ca\u0142kowicie bezpiecznymi do integracji z elektronik\u0105 u\u017cytkow\u0105 na ca\u0142ym \u015bwiecie. Karta charakterystyki zapewnia kompleksowe dane dotycz\u0105ce bezpiecze\u0144stwa materia\u0142\u00f3w, odzwierciedlaj\u0105c nasze zaanga\u017cowanie w bezpiecze\u0144stwo pracy i odpowiedzialno\u015b\u0107 za \u015brodowisko.<\/li>\n<li><strong>\u015acis\u0142a kontrola jako\u015bci:<\/strong> Chocia\u017c ka\u017cde zam\u00f3wienie jest wyj\u0105tkowe, w naszej fabryce przed wysy\u0142k\u0105 przeprowadzana jest rygorystyczna, wieloetapowa kontrola jako\u015bci. Od pocz\u0105tkowej k\u0105pieli galwanicznej po ko\u0144cowe na\u0142o\u017cenie kleju i opakowanie OPP, ka\u017cda naklejka jest sprawdzana pod k\u0105tem dok\u0142adno\u015bci koloru, konsystencji wyko\u0144czenia i integralno\u015bci kleju.<\/li>\n<\/ul>\n<h3 style=\"color: #34495e; margin-top: 30px;\">Elastyczne zamawianie, wysy\u0142ka globalna i bezpieczne p\u0142atno\u015bci<\/h3>\n<p style=\"font-size: 16px; margin-bottom: 15px;\">Niezale\u017cnie od tego, czy tworzysz prototyp nowej linii produkt\u00f3w, czy zwi\u0119kszasz skal\u0119 w celu dystrybucji na rynku masowym, nasz przep\u0142yw pracy jest zaprojektowany tak, aby spe\u0142ni\u0107 Twoje potrzeby. Zapewniamy niestandardowe ceny dostosowane do konkretnego projektu grafiki, wymiar\u00f3w i wielko\u015bci zam\u00f3wienia. Ta elastyczno\u015b\u0107 pozwala nam obs\u0142ugiwa\u0107 zar\u00f3wno marki butikowe, jak i mi\u0119dzynarodowe korporacje, bez narzucania sztywnych, uniwersalnych struktur.<\/p>\n<div style=\"background-color: #f0f7ff; padding: 20px; border-left: 5px solid #0056b3; border-radius: 4px; margin: 25px 0;\">\n<h4 style=\"margin-top: 0; color: #0056b3; font-size: 18px;\">Warunki logistyczne i handlowe w skr\u00f3cie<\/h4>\n<ul style=\"font-size: 15px; margin-bottom: 0; padding-left: 20px; line-height: 1.6;\">\n<li><strong>Szybki zwrot:<\/strong> Istniej\u0105ce pr\u00f3bki referencyjne mo\u017cemy dostarczy\u0107 w ci\u0105gu zaledwie 1 dnia. W przypadku projekt\u00f3w niestandardowych nasz czas tworzenia pr\u00f3bek wynosi efektywne 3-5 dni. Czasy realizacji produkcji masowej s\u0105 wysoce zoptymalizowane i zale\u017c\u0105 ca\u0142kowicie od konkretnej wielko\u015bci zam\u00f3wienia.<\/li>\n<li><strong>Opcje bezpiecznych p\u0142atno\u015bci:<\/strong> Obs\u0142ugujemy T\/T (depozyt 30%, saldo przed dostaw\u0105), kart\u0119 kredytow\u0105, PayPal, przelew bankowy, Western Union, akredytyw\u0119 i Alibaba Trade Assurance dla najwy\u017cszej ochrony kupuj\u0105cych.<\/li>\n<li><strong>Przesy\u0142ka globalna:<\/strong> Wsp\u00f3\u0142pracujemy z zaufanymi dostawcami us\u0142ug logistycznych, aby dostarcza\u0107 przesy\u0142ki drog\u0105 morsk\u0105, lotnicz\u0105, DHL, UPS lub innymi kurierami ekspresowymi bezpo\u015brednio do Twojej plac\u00f3wki.<\/li>\n<\/ul>\n<\/div>\n<p><!-- Knowledge Point Section --><\/p>\n<div style=\"background: linear-gradient(to right, #ffffff, #f8f9fa); border: 1px solid #d1d9e0; border-radius: 8px; padding: 25px; margin: 40px 0; box-shadow: 0 4px 15px rgba(0,0,0,0.03);\">\n<h3 style=\"color: #2c3e50; margin-top: 0; border-bottom: 2px dashed #ccc; padding-bottom: 10px;\"><span style=\"font-size: 24px; margin-right: 10px;\">\ud83d\udca1<\/span> Najlepsze praktyki: nak\u0142adanie naklejek niklowo-metalowych<\/h3>\n<p style=\"font-size: 15px; color: #555; margin-bottom: 15px;\">Aby uzyska\u0107 najlepsze wi\u0105zanie i efekt wizualny w przypadku logo 3D z klejem do metalu, wykonaj nast\u0119puj\u0105ce profesjonalne kroki:<\/p>\n<ol style=\"font-size: 15px; color: #444; line-height: 1.7; padding-left: 20px;\">\n<li><strong>Surface Preparation:<\/strong> Upewnij si\u0119, \u017ce powierzchnia docelowa (np. obudowa telefonu, obudowa elektroniki) jest ca\u0142kowicie czysta, sucha i wolna od kurzu, oleju lub odcisk\u00f3w palc\u00f3w. Aby uzyska\u0107 najlepsze rezultaty, u\u017cyj wacika nas\u0105czonego alkoholem.<\/li>\n<li><strong>Obieraj ostro\u017cnie:<\/strong> Delikatnie usu\u0144 papier ochronny z naklejki, uwa\u017caj\u0105c, aby nie dotkn\u0105\u0107 warstwy kleju.<\/li>\n<li><strong>Precyzyjne wyr\u00f3wnanie:<\/strong> Ostro\u017cnie umie\u015b\u0107 metalow\u0105 etykiet\u0119 transferow\u0105 nad obszarem docelowym. Gdy klej 3M dotknie powierzchni, szybko wi\u0105\u017ce.<\/li>\n<li><strong>Zastosuj ci\u015bnienie:<\/strong> Mocno doci\u015bnij naklejk\u0119 od \u015brodka na zewn\u0105trz. U\u017cyj mi\u0119kkiej szmatki, aby r\u00f3wnomiernie docisn\u0105\u0107 ca\u0142e logo, aby wyeliminowa\u0107 wszelkie mikrop\u0119cherzyki powietrza.<\/li>\n<li><strong>Usu\u0144 g\u00f3rny film:<\/strong> Ostro\u017cnie oderwij przezroczyst\u0105 ochronn\u0105 foli\u0119 transferow\u0105 z przodu logo pod ostrym k\u0105tem 180 stopni, aby ods\u0142oni\u0107 nieskazitelne galwaniczne niklowane wyko\u0144czenie.<\/li>\n<\/ol>\n<\/div>\n<p><!-- CTA Section Middle --><\/p>\n<div style=\"text-align: center; margin: 40px 0;\">\n<h3 style=\"color: #333; margin-bottom: 15px;\">Gotowy do rozpocz\u0119cia projektu niestandardowej metalowej naklejki?<\/h3>\n<p style=\"font-size: 16px; color: #666; margin-bottom: 20px;\">Wy\u015blij nam swoj\u0105 grafik\u0119 w formacie AI, PDF, CDR lub CAD, a nasz zesp\u00f3\u0142 techniczny sprawdzi Tw\u00f3j projekt.<\/p>\n<p><a style=\"display: inline-block; background-color: #28a745; color: #ffffff; padding: 12px 30px; text-decoration: none; font-weight: bold; border-radius: 50px; font-size: 16px; box-shadow: 0 4px 6px rgba(40,167,69,0.3); transition: transform 0.2s ease;\" href=\"mailto:fiona@jttlogo.net\">Skontaktuj si\u0119 z nami, aby uzyska\u0107 bezp\u0142atn\u0105 wycen\u0119<\/a><\/p>\n<\/div>\n<h2 style=\"color: #2c3e50; border-bottom: 2px solid #0056b3; padding-bottom: 10px; margin-top: 40px;\">Frequently Asked Questions (FAQs)<\/h2>\n<div style=\"margin-top: 20px;\">\n<details style=\"margin-bottom: 15px; background: #ffffff; border: 1px solid #e0e0e0; border-radius: 5px; overflow: hidden; box-shadow: 0 1px 3px rgba(0,0,0,0.05);\" open=\"open\">\n<summary style=\"padding: 15px; font-weight: bold; font-size: 16px; color: #333; background-color: #f8f9fa; cursor: pointer; outline: none;\">Jaki jest czas realizacji niestandardowych metalicznych naklejek z logo?<\/summary>\n<div style=\"padding: 15px; font-size: 15px; color: #555; border-top: 1px solid #e0e0e0;\">Je\u015bli chcesz oceni\u0107 nasz\u0105 jako\u015b\u0107, mo\u017cemy wys\u0142a\u0107 istniej\u0105ce pr\u00f3bki referencyjne w ci\u0105gu 1 dnia. W przypadku niestandardowych pr\u00f3bek zawieraj\u0105cych Twoje logo, czas produkcji wynosi zazwyczaj 3-5 dni. Czas realizacji produkcji masowej zale\u017cy od z\u0142o\u017cono\u015bci projektu i ca\u0142kowitej wielko\u015bci zam\u00f3wienia. Podamy dok\u0142adny harmonogram wraz z wycen\u0105.<\/div>\n<\/details>\n<details style=\"margin-bottom: 15px; background: #ffffff; border: 1px solid #e0e0e0; border-radius: 5px; overflow: hidden; box-shadow: 0 1px 3px rgba(0,0,0,0.05);\" open=\"open\">\n<summary style=\"padding: 15px; font-weight: bold; font-size: 16px; color: #333; background-color: #f8f9fa; cursor: pointer; outline: none;\">Czy mo\u017cecie wyprodukowa\u0107 naklejki w dowolnym kolorze i kszta\u0142cie?<\/summary>\n<div style=\"padding: 15px; font-size: 15px; color: #555; border-top: 1px solid #e0e0e0;\">Tak! Dzi\u0119ki naszym zaawansowanym mo\u017cliwo\u015bciom galwanizacji i obr\u00f3bki powierzchni mo\u017cemy dostosowa\u0107 naklejki metalowo-niklowe w praktycznie dowolnym rozmiarze, kszta\u0142cie i kolorze. Popularne wyko\u0144czenia obejmuj\u0105 klasyczne srebro, z\u0142oto, r\u00f3\u017cowe z\u0142oto, matow\u0105 czer\u0144 i \u017cywe, niestandardowe odcienie, kt\u00f3re idealnie pasuj\u0105 do marki Twojej firmy.<\/div>\n<\/details>\n<details style=\"margin-bottom: 15px; background: #ffffff; border: 1px solid #e0e0e0; border-radius: 5px; overflow: hidden; box-shadow: 0 1px 3px rgba(0,0,0,0.05);\" open=\"open\">\n<summary style=\"padding: 15px; font-weight: bold; font-size: 16px; color: #333; background-color: #f8f9fa; cursor: pointer; outline: none;\">Dlaczego w tych etykietach stosuje si\u0119 czysty nikiel 100%?<\/summary>\n<div style=\"padding: 15px; font-size: 15px; color: #555; border-top: 1px solid #e0e0e0;\">Czysty nikiel zosta\u0142 wybrany ze wzgl\u0119du na jego wyj\u0105tkow\u0105 integralno\u015b\u0107 strukturaln\u0105 przy bardzo ma\u0142ych wymiarach (0,045\u20130,12 mm) oraz doskona\u0142\u0105 odporno\u015b\u0107 na utlenianie i korozj\u0119. Dzi\u0119ki temu logo Twojej marki zachowa sw\u00f3j jasny, doskona\u0142y wygl\u0105d na obudowach telefon\u00f3w i urz\u0105dzeniach, bez rdzewienia i degradacji w miar\u0119 up\u0142ywu czasu.<\/div>\n<\/details>\n<details style=\"margin-bottom: 15px; background: #ffffff; border: 1px solid #e0e0e0; border-radius: 5px; overflow: hidden; box-shadow: 0 1px 3px rgba(0,0,0,0.05);\" open=\"open\">\n<summary style=\"padding: 15px; font-weight: bold; font-size: 16px; color: #333; background-color: #f8f9fa; cursor: pointer; outline: none;\">Czy Twoje niestandardowe naklejki metalowe s\u0105 zgodne z wymogami ochrony \u015brodowiska?<\/summary>\n<div style=\"padding: 15px; font-size: 15px; color: #555; border-top: 1px solid #e0e0e0;\">Absolutnie. Nasze procesy produkcyjne i gotowe produkty s\u0105 zgodne z mi\u0119dzynarodowymi standardami. Posiadamy certyfikaty SGS, ROHS i MSDS, co oznacza, \u017ce \u200b\u200bnasze etykiety mo\u017cna bezpiecznie stosowa\u0107 na elektronice u\u017cytkowej, opakowaniach i artyku\u0142ach gospodarstwa domowego na ca\u0142ym \u015bwiecie.<\/div>\n<\/details>\n<details style=\"margin-bottom: 15px; background: #ffffff; border: 1px solid #e0e0e0; border-radius: 5px; overflow: hidden; box-shadow: 0 1px 3px rgba(0,0,0,0.05);\" open=\"open\">\n<summary style=\"padding: 15px; font-weight: bold; font-size: 16px; color: #333; background-color: #f8f9fa; cursor: pointer; outline: none;\">Jak ustalana jest cena, skoro nie ma ustalonej ceny jednostkowej?<\/summary>\n<div style=\"padding: 15px; font-size: 15px; color: #555; border-top: 1px solid #e0e0e0;\">Poniewa\u017c ka\u017cdy projekt jest wykonywany na zam\u00f3wienie, ceny s\u0105 w pe\u0142ni dostosowywane do indywidualnych potrzeb w oparciu o specyficzne wymagania Twojej grafiki, w tym og\u00f3lne wymiary, liczb\u0119 kolor\u00f3w, wyb\u00f3r kleju i wielko\u015b\u0107 serii produkcyjnej. Po przejrzeniu plik\u00f3w projektowych oferujemy elastyczne mo\u017cliwo\u015bci i wysoce konkurencyjne oferty bezpo\u015brednio z fabryki.<\/div>\n<\/details>\n<\/div>\n<\/article>","protected":false},"excerpt":{"rendered":"<p>Wzmocnij swoj\u0105 mark\u0119 dzi\u0119ki niestandardowym naklejkom z galwanizowanego metalu niklowego. Ultracienkie, samoprzylepne metaliczne logo 3D, idealne do etui na telefony, elektroniki i luksusowych opakowa\u0144. Certyfikowana zgodno\u015b\u0107 z SGS\/ROHS. Uzyskaj indywidualn\u0105 wycen\u0119 z naszej fabryki ju\u017c dzi\u015b!<\/p>","protected":false},"featured_media":3155,"comment_status":"open","ping_status":"closed","template":"","meta":[],"product_brand":[],"product_cat":[48,75],"product_tag":[],"class_list":{"0":"post-3159","1":"product","2":"type-product","3":"status-publish","4":"has-post-thumbnail","6":"product_cat-nickel-metal-sticker","7":"product_cat-phone-case-metal-sticker","9":"first","10":"instock","11":"shipping-taxable","12":"product-type-simple"},"jetpack-related-posts":[],"jetpack_sharing_enabled":true,"_links":{"self":[{"href":"https:\/\/jttlogos.com\/pl\/wp-json\/wp\/v2\/product\/3159","targetHints":{"allow":["GET"]}}],"collection":[{"href":"https:\/\/jttlogos.com\/pl\/wp-json\/wp\/v2\/product"}],"about":[{"href":"https:\/\/jttlogos.com\/pl\/wp-json\/wp\/v2\/types\/product"}],"replies":[{"embeddable":true,"href":"https:\/\/jttlogos.com\/pl\/wp-json\/wp\/v2\/comments?post=3159"}],"wp:featuredmedia":[{"embeddable":true,"href":"https:\/\/jttlogos.com\/pl\/wp-json\/wp\/v2\/media\/3155"}],"wp:attachment":[{"href":"https:\/\/jttlogos.com\/pl\/wp-json\/wp\/v2\/media?parent=3159"}],"wp:term":[{"taxonomy":"product_brand","embeddable":true,"href":"https:\/\/jttlogos.com\/pl\/wp-json\/wp\/v2\/product_brand?post=3159"},{"taxonomy":"product_cat","embeddable":true,"href":"https:\/\/jttlogos.com\/pl\/wp-json\/wp\/v2\/product_cat?post=3159"},{"taxonomy":"product_tag","embeddable":true,"href":"https:\/\/jttlogos.com\/pl\/wp-json\/wp\/v2\/product_tag?post=3159"}],"curies":[{"name":"wp","href":"https:\/\/api.w.org\/{rel}","templated":true}]}}