{"id":3232,"date":"2020-05-18T08:35:25","date_gmt":"2020-05-18T08:35:25","guid":{"rendered":"https:\/\/jttlogos.com\/?post_type=product&#038;p=3232"},"modified":"2026-04-16T01:02:31","modified_gmt":"2026-04-16T01:02:31","slug":"custom-electroplated-thin-small-metal-letters-nickel-sticker-for-your-own-logo-electrical-label-for-automobiles-leather-wood-glass","status":"publish","type":"product","link":"https:\/\/jttlogos.com\/pl\/produkt\/niestandardowe-galwaniczne-cienkie-male-metalowe-litery-nicker-nicker-dla-wlasnej-etykiety-elektryczne-logo-do-samochodow-skorzane-drewniane-szklo\/","title":{"rendered":"Niestandardowe naklejki z logo z galwanizowanego niklu i cienkie metalowe litery 3D"},"content":{"rendered":"<article style=\"font-family: Arial, sans-serif; line-height: 1.6; color: #333; max-width: 100%; margin: 0 auto; padding: 20px;\">\n<section style=\"margin-bottom: 30px;\">\n<h2 style=\"color: #0056b3; font-size: 28px; border-bottom: 2px solid #0056b3; padding-bottom: 10px; margin-bottom: 20px;\">Niestandardowe galwanizowane cienkie ma\u0142e metalowe litery niklowane naklejki na w\u0142asne logo<\/h2>\n<p style=\"font-size: 16px; margin-bottom: 15px;\">Podnie\u015b to\u017csamo\u015b\u0107 wizualn\u0105 swojej marki dzi\u0119ki naszemu pakietowi premium <strong>Niestandardowa, galwanizowana, niklowa, cienka, metalowa naklejka z literami<\/strong>. Na <strong>JTT Precision Metal Co., Ltd (<a style=\"color: #0056b3; text-decoration: none;\" href=\"https:\/\/jttlogos.com\/pl\/\">jttlogos.com<\/a>)<\/strong>, wnosimy ponad 20 lat dedykowanego do\u015bwiadczenia produkcyjnego, specjalizuj\u0105c si\u0119 w niestandardowych rozwi\u0105zaniach zwi\u0105zanych z brandingiem metalowym. Niezale\u017cnie od tego, czy potrzebujesz bardzo szczeg\u00f3\u0142owych informacji <a style=\"color: #0056b3; text-decoration: underline;\" href=\"https:\/\/jttlogos.com\/pl\/kategoria-produktu\/naklejka-metalowa-nikiel\/\">Metalowe naklejki niklu<\/a>, solidne metalowe naklejki z logo ze stali nierdzewnej lub efektowne naklejki z metalowym logo 3D, nasza rozleg\u0142a wiedza specjalistyczna w zakresie produkcji gwarantuje, \u017ce to\u017csamo\u015b\u0107 Twojej firmy b\u0119dzie reprezentowana z absolutn\u0105 precyzj\u0105 i elegancj\u0105.<\/p>\n<p style=\"font-size: 16px; margin-bottom: 15px;\">Zaprojektowane, aby s\u0142u\u017cy\u0107 jako wysokiej klasy etykieta elektryczna lub dekoracyjny emblemat, te ultracienkie metalowe naklejki transferowe p\u0142ynnie integruj\u0105 si\u0119 z r\u00f3\u017cnymi powierzchniami produkt\u00f3w. Od eleganckiej elektroniki i sprz\u0119tu AGD po teksturowan\u0105 sk\u00f3r\u0119, naturalne drewno i g\u0142adkie szk\u0142o \u2013 nasze samoprzylepne metalowe etykiety zapewniaj\u0105 nieskazitelny, zintegrowany wygl\u0105d. Wykorzystujemy najnowocze\u015bniejsze techniki galwanizacji, aby stworzy\u0107 naklejki z niklu 100%, kt\u00f3re s\u0105 nie tylko osza\u0142amiaj\u0105ce wizualnie, ale tak\u017ce bardzo trwa\u0142e i odporne na zu\u017cycie \u015brodowiskowe.<\/p>\n<\/section>\n<p><!-- First Call to Action --><\/p>\n<div style=\"background: linear-gradient(135deg, #0056b3, #004494); color: #ffffff; padding: 25px; border-radius: 8px; text-align: center; margin: 30px 0; box-shadow: 0 4px 6px rgba(0,0,0,0.1);\">\n<h3 style=\"margin: 0 0 10px 0; font-size: 24px; color: #ffffff;\">Gotowy na ulepszenie opakowania swojej marki?<\/h3>\n<p style=\"margin: 0 0 15px 0; font-size: 16px;\">Skontaktuj si\u0119 z naszymi specjalistami ds. produkcji ju\u017c dzi\u015b, aby poprosi\u0107 o pr\u00f3bk\u0119 przedprodukcyjn\u0105 i uzyska\u0107 indywidualn\u0105 wycen\u0119 na podstawie Twojej unikalnej grafiki.<\/p>\n<p style=\"margin: 0; font-size: 18px; font-weight: bold;\"><a href=\"https:\/\/jttlogos.com\/pl\/skontaktuj-sie-z-nami\/\">Aby rozpocz\u0105\u0107, prze\u015blij swoje pliki AI, PDF lub CAD!<\/a><\/p>\n<\/div>\n<p><!-- Technical Specifications Table --><\/p>\n<section style=\"margin-bottom: 40px;\"><iframe loading=\"lazy\" title=\"Custom adhesive metal nickel stickertickers for electronic products packaging gift boxes\" width=\"1020\" height=\"574\" src=\"https:\/\/www.youtube.com\/embed\/PUIpqWuShTk?feature=oembed\" frameborder=\"0\" allow=\"accelerometer; autoplay; clipboard-write; encrypted-media; gyroscope; picture-in-picture; web-share\" referrerpolicy=\"strict-origin-when-cross-origin\" allowfullscreen><\/iframe><\/p>\n<h2><img data-recalc-dims=\"1\" decoding=\"async\" class=\"alignnone wp-image-1418 size-full\" src=\"https:\/\/i0.wp.com\/jttlogos.com\/wp-content\/uploads\/2020\/05\/Packing-Box-Metal-Sticker-51.jpg?resize=600%2C450&#038;ssl=1\" alt=\"Niestandardowe galwanizowane cienkie ma\u0142e metalowe litery niklowane naklejki\" width=\"600\" height=\"450\" title=\"\"><\/h2>\n<h2 style=\"color: #0056b3; font-size: 24px; margin-bottom: 20px;\">Kompleksowe specyfikacje produktu<\/h2>\n<p style=\"font-size: 16px; margin-bottom: 15px;\">Przejrzysto\u015b\u0107 i precyzja techniczna to kamienie w\u0119gielne naszego dzia\u0142ania. Poni\u017cej znajduje si\u0119 szczeg\u00f3\u0142owe zestawienie specyfikacji naszych niestandardowych galwanizowanych tabliczek firmowych, dzi\u0119ki czemu masz wszystkie dane potrzebne do podj\u0119cia \u015bwiadomej decyzji o zakupie.<\/p>\n<table style=\"width: 100%; border-collapse: collapse; margin-bottom: 20px; font-size: 15px; box-shadow: 0 2px 5px rgba(0,0,0,0.05);\">\n<tbody>\n<tr style=\"background-color: #f8f9fa; border-bottom: 1px solid #e9ecef;\">\n<td style=\"padding: 15px; font-weight: bold; width: 30%; border: 1px solid #dee2e6;\">Pozycja produktu<\/td>\n<td style=\"padding: 15px; border: 1px solid #dee2e6;\"><a style=\"color: #0056b3; text-decoration: none;\" href=\"https:\/\/jttlogos.com\/pl\/kategoria-produktu\/naklejka-metalowa-nikiel\/\">Metal Nickel Sticker<\/a> \/ Niestandardowe metalowe naklejki z logo<\/td>\n<\/tr>\n<tr style=\"background-color: #ffffff; border-bottom: 1px solid #e9ecef;\">\n<td style=\"padding: 15px; font-weight: bold; border: 1px solid #dee2e6;\">Materia\u0142 rdzenia<\/td>\n<td style=\"padding: 15px; border: 1px solid #dee2e6;\">Wysokiej jako\u015bci metal, czysty nikiel 100%<\/td>\n<\/tr>\n<tr style=\"background-color: #f8f9fa; border-bottom: 1px solid #e9ecef;\">\n<td style=\"padding: 15px; font-weight: bold; border: 1px solid #dee2e6;\">Technika wytwarzania<\/td>\n<td style=\"padding: 15px; border: 1px solid #dee2e6;\">Zaawansowane galwanizacja<\/td>\n<\/tr>\n<tr style=\"background-color: #ffffff; border-bottom: 1px solid #e9ecef;\">\n<td style=\"padding: 15px; font-weight: bold; border: 1px solid #dee2e6;\">Zakres grubo\u015bci<\/td>\n<td style=\"padding: 15px; border: 1px solid #dee2e6;\">Ultracienki profil: 0,045 mm \u2013 0,12 mm<\/td>\n<\/tr>\n<tr style=\"background-color: #f8f9fa; border-bottom: 1px solid #e9ecef;\">\n<td style=\"padding: 15px; font-weight: bold; border: 1px solid #dee2e6;\">Rozmiar i kolor<\/td>\n<td style=\"padding: 15px; border: 1px solid #dee2e6;\">W pe\u0142ni dostosowane do dowolnego rozmiaru, skomplikowanego kszta\u0142tu i koloru pantone\/metalicznego<\/td>\n<\/tr>\n<tr style=\"background-color: #ffffff; border-bottom: 1px solid #e9ecef;\">\n<td style=\"padding: 15px; font-weight: bold; border: 1px solid #dee2e6;\">Adhesive Options (Glue)<\/td>\n<td style=\"padding: 15px; border: 1px solid #dee2e6;\">Klej 3M, klej termotopliwy 3M, najwy\u017cszej jako\u015bci dwustronny samoprzylepny<\/td>\n<\/tr>\n<tr style=\"background-color: #f8f9fa; border-bottom: 1px solid #e9ecef;\">\n<td style=\"padding: 15px; font-weight: bold; border: 1px solid #dee2e6;\">Certyfikaty bran\u017cowe<\/td>\n<td style=\"padding: 15px; border: 1px solid #dee2e6;\">SGS, ROHS, MSDS (Zapewnienie zgodno\u015bci z wymogami ochrony \u015brodowiska i bezpiecze\u0144stwa)<\/td>\n<\/tr>\n<tr style=\"background-color: #ffffff; border-bottom: 1px solid #e9ecef;\">\n<td style=\"padding: 15px; font-weight: bold; border: 1px solid #dee2e6;\">Accepted Artwork Formats<\/td>\n<td style=\"padding: 15px; border: 1px solid #dee2e6;\">Bardzo preferowane pliki wektorowe: AI, PDF, CDR, CAD lub inne skalowalne formaty<\/td>\n<\/tr>\n<tr style=\"background-color: #f8f9fa; border-bottom: 1px solid #e9ecef;\">\n<td style=\"padding: 15px; font-weight: bold; border: 1px solid #dee2e6;\">Ochrona opakowa\u0144<\/td>\n<td style=\"padding: 15px; border: 1px solid #dee2e6;\">Indywidualnie zabezpieczone w ochronnych torebkach OPP, aby zapobiec zarysowaniu<\/td>\n<\/tr>\n<\/tbody>\n<\/table>\n<\/section>\n<p><!-- Deep Dive into Features & Applications --><\/p>\n<section style=\"margin-bottom: 40px;\">\n<h2 style=\"color: #0056b3; font-size: 24px; margin-bottom: 20px;\">Niezr\u00f3wnana jako\u015b\u0107 i wszechstronne zastosowania<\/h2>\n<h3 style=\"color: #333; font-size: 20px; margin-top: 20px; margin-bottom: 10px;\">Si\u0142a techniki galwanicznej<\/h3>\n<p style=\"font-size: 16px; margin-bottom: 15px;\">Sekret uderzaj\u0105cego wygl\u0105du naszych niestandardowych metalowych naklejek z logo le\u017cy w naszym udoskonalonym procesie galwanizacji. Manipuluj\u0105c niklem 100% na poziomie molekularnym, tworzymy metalowe litery na zam\u00f3wienie, kt\u00f3re charakteryzuj\u0105 si\u0119 niezwykle precyzyjn\u0105 grubo\u015bci\u0105 w zakresie od zaledwie 0,045 mm do 0,12 mm. Ten ultracienki profil oznacza, \u017ce \u200b\u200bpo na\u0142o\u017ceniu plakietka z niklu galwanicznego wydaje si\u0119 niemal idealnie zintegrowana z powierzchni\u0105 produktu, na\u015bladuj\u0105c wygl\u0105d bezpo\u015bredniego t\u0142oczenia metalu lub wysokiej klasy sitodruku, ale z luksusowym metalicznym po\u0142yskiem 3D.<\/p>\n<h3 style=\"color: #333; font-size: 20px; margin-top: 20px; margin-bottom: 10px;\">Doskona\u0142a przyczepno\u015b\u0107 do r\u00f3\u017cnych powierzchni<\/h3>\n<p style=\"font-size: 16px; margin-bottom: 15px;\">Wysokiej jako\u015bci naklejka metalowa jest tak dobra, jak jej klej. U\u017cywamy autentycznych <strong>Klej 3M, klej topliwy 3M i wytrzyma\u0142y dwustronny materia\u0142 samoprzylepny<\/strong> podk\u0142ady gwarantuj\u0105ce d\u0142ugotrwa\u0142e zastosowanie. Niezale\u017cnie od tego, czy Twoje produkty maj\u0105 g\u0142adk\u0105, nieporowat\u0105 powierzchni\u0119, czy teksturowan\u0105 powierzchni\u0119 zewn\u0119trzn\u0105, nasze kleje zosta\u0142y opracowane tak, aby zapewnia\u0142y bezpieczne \u0142\u0105czenie. To sprawia, \u017ce \u200b\u200bnasze cienkie metalowe naklejki transferowe s\u0105 bardzo skuteczne w zastosowaniach na wymagaj\u0105cych materia\u0142ach, takich jak:<\/p>\n<ul style=\"font-size: 16px; margin-bottom: 20px; padding-left: 20px; list-style-type: square;\">\n<li style=\"margin-bottom: 8px;\"><strong>Samochody i maszyny:<\/strong> Wytrzymuje wahania temperatury i wibracje.<\/li>\n<li style=\"margin-bottom: 8px;\"><strong>Sk\u00f3ra naturalna i syntetyczna:<\/strong> Idealny do luksusowych torebek, portfeli i luksusowych wn\u0119trz samochodowych.<\/li>\n<li style=\"margin-bottom: 8px;\"><strong>Naturalne drewno:<\/strong> Idealny do mebli na zam\u00f3wienie, niestandardowych humidor\u00f3w i luksusowych pude\u0142ek upominkowych.<\/li>\n<li style=\"margin-bottom: 8px;\"><strong>Szk\u0142o i akryl:<\/strong> Tworzenie wyrafinowanego efektu p\u0142ywaj\u0105cego logo dla opakowa\u0144 kosmetyk\u00f3w i ekspozytor\u00f3w.<\/li>\n<\/ul>\n<h3 style=\"color: #333; font-size: 20px; margin-top: 20px; margin-bottom: 10px;\">Szerokie zastosowanie w przemy\u015ble<\/h3>\n<p style=\"font-size: 16px; margin-bottom: 15px;\">Nasza baza klient\u00f3w obejmuje wiele \u015bwiatowych bran\u017c. Warianty etykiet elektrycznych s\u0105 szeroko stosowane w telefonach kom\u00f3rkowych, obudowach telefon\u00f3w kom\u00f3rkowych, sprz\u0119cie gospodarstwa domowego i r\u00f3\u017cnych produktach elektronicznych. W\u0142a\u015bciwo\u015bci antykorozyjne naszych naklejek niklowych zapewniaj\u0105, \u017ce nie matowiej\u0105 pod wp\u0142ywem codziennego u\u017cytkowania, co czyni je najlepszym wyborem w przypadku brandingu elektroniki u\u017cytkowej.<\/p>\n<\/section>\n<p><!-- Knowledge Point Box --><\/p>\n<div style=\"background-color: #f0f8ff; border-left: 6px solid #0056b3; padding: 20px; margin: 30px 0; border-radius: 0 8px 8px 0;\">\n<h3 style=\"margin-top: 0; color: #0056b3; font-size: 20px;\">\ud83d\udca1 Wiedza bran\u017cowa: dlaczego warto wybra\u0107 nikiel 100% do metalowych naklejek z logo?<\/h3>\n<p style=\"margin-bottom: 0; font-size: 15px; color: #444;\">Nikiel jest wysoko ceniony w produkcji niestandardowych marek ze wzgl\u0119du na jego wyj\u0105tkow\u0105 plastyczno\u015b\u0107 i odporno\u015b\u0107 na korozj\u0119. Podczas procesu galwanizacji jony niklu s\u0105 osadzane na przewodz\u0105cej formie, co pozwala uzyska\u0107 mikroskopijny poziom szczeg\u00f3\u0142owo\u015bci, kt\u00f3rego po prostu nie da si\u0119 osi\u0105gn\u0105\u0107 w tradycyjnym t\u0142oczeniu metalu. Rezultatem s\u0105 wyj\u0105tkowo ostre kraw\u0119dzie, idealnie g\u0142adkie powierzchnie i mo\u017cliwo\u015b\u0107 odtwarzania niezwykle skomplikowanych, cienkich i ma\u0142ych metalowych liter bez utraty wierno\u015bci. Co wi\u0119cej, czysty nikiel jest wysoce kompatybilny z kolejnymi procesami barwienia, umo\u017cliwiaj\u0105c uzyskanie doskona\u0142ych wyko\u0144cze\u0144 w kolorze z\u0142ota, srebra, chromu, a nawet niestandardowych wyko\u0144cze\u0144 Pantone.<\/p>\n<\/div>\n<p><!-- E-E-A-T and Trust Assurances Section --><\/p>\n<section style=\"margin-bottom: 40px;\">\n<h2 style=\"color: #0056b3; font-size: 24px; margin-bottom: 20px;\">JTT Precision Metal Co., Ltd: Dwie dekady doskona\u0142o\u015bci produkcyjnej<\/h2>\n<p style=\"font-size: 16px; margin-bottom: 15px;\">Zaufanie do produkcji wynika z udokumentowanego do\u015bwiadczenia. Dzi\u0119ki ponad 20-letniemu do\u015bwiadczeniu w bran\u017cy firma JTT Precision Metal Co., Ltd opanowa\u0142a sztuk\u0119 wytwarzania wysokiej klasy rozwi\u0105za\u0144 w zakresie etykietowania metali. Nasze zak\u0142ady produkcyjne przestrzegaj\u0105 rygorystycznych protoko\u0142\u00f3w kontroli jako\u015bci, od wst\u0119pnej kontroli surowc\u00f3w po ko\u0144cowy etap pakowania.<\/p>\n<p style=\"font-size: 16px; margin-bottom: 15px;\"><strong>Authoritative Certifications:<\/strong> Jeste\u015bmy dumni, \u017ce prowadzimy obiekt zgodny z przepisami i odpowiedzialny za \u015brodowisko. Nasze produkty s\u0105 wa\u017cne <strong>Certyfikaty SGS, ROHS i MSDS<\/strong>. Oznacza to, \u017ce nasze niestandardowe, cienkie, metalowe litery, galwanizowane, nie zawieraj\u0105 substancji niebezpiecznych, dzi\u0119ki czemu s\u0105 ca\u0142kowicie bezpieczne dla elektroniki u\u017cytkowej, zastosowa\u0144 maj\u0105cych kontakt ze sk\u00f3r\u0105 (takich jak obudowy telefon\u00f3w kom\u00f3rkowych) i eksportu na ca\u0142y \u015bwiat.<\/p>\n<p style=\"font-size: 16px; margin-bottom: 15px;\"><strong>Bezpieczne i przejrzyste transakcje:<\/strong> Rozumiemy znaczenie bezpiecze\u0144stwa finansowego w transakcjach B2B. Aby zapewni\u0107 naszym klientom na ca\u0142ym \u015bwiecie spok\u00f3j ducha, oferujemy szerok\u0105 gam\u0119 wysoce bezpiecznych warunk\u00f3w p\u0142atno\u015bci. Niezale\u017cnie od tego, czy wolisz <strong>Zam\u00f3wienia Alibaba Trade Assurance, p\u0142atno\u015b\u0107 kart\u0105 kredytow\u0105, Paypal, przelew bankowy, Western union, akredytywa lub standardowy T\/T (30% jako depozyt i saldo przed dostaw\u0105)<\/strong>bezproblemowo dostosowujemy si\u0119 do Twoich wymaga\u0144 dotycz\u0105cych zam\u00f3wie\u0144.<\/p>\n<\/section>\n<p><!-- Order Process & Shipping --><\/p>\n<section style=\"margin-bottom: 40px;\">\n<h2 style=\"color: #0056b3; font-size: 24px; margin-bottom: 20px;\">Efektywny przep\u0142yw produkcji i wysy\u0142ka globalna<\/h2>\n<p style=\"font-size: 16px; margin-bottom: 15px;\">Zoptymalizowali\u015bmy nasz przep\u0142yw pracy, aby wspiera\u0107 zar\u00f3wno szybkie prototypowanie, jak i masow\u0105 produkcj\u0119 na du\u017c\u0105 skal\u0119. Po przes\u0142aniu grafiki wektorowej (AI, PDF, CDR lub CAD) nasz zesp\u00f3\u0142 techniczny sprawdzi projekt pod k\u0105tem wykonalno\u015bci galwanizacji.<\/p>\n<ul style=\"font-size: 16px; margin-bottom: 20px; padding-left: 20px; list-style-type: disc;\">\n<li style=\"margin-bottom: 10px;\"><strong>Szybkie pr\u00f3bkowanie:<\/strong> Mo\u017cemy wys\u0142a\u0107 nasze istniej\u0105ce pr\u00f3bki referencyjne w ci\u0105gu zaledwie <strong>1 day<\/strong>. Je\u015bli potrzebujesz niestandardowej pr\u00f3bki uformowanej dok\u0142adnie wed\u0142ug Twojego projektu logo, nasz szybki proces dostawy gwarantuje, \u017ce b\u0119dzie ona gotowa <strong>3-5 dni<\/strong>.<\/li>\n<li style=\"margin-bottom: 10px;\"><strong>Produkcja masowa:<\/strong> Harmonogramy produkcji s\u0105 bardzo wydajne, a dok\u0142adny czas realizacji zale\u017cy od konkretnej ilo\u015bci zam\u00f3wienia i z\u0142o\u017cono\u015bci projektu. Z dum\u0105 akceptujemy elastyczne wielko\u015bci zam\u00f3wie\u0144, aby wspiera\u0107 firmy ka\u017cdej wielko\u015bci.<\/li>\n<li style=\"margin-bottom: 10px;\"><strong>Profesjonalne opakowanie:<\/strong> Ka\u017cda naklejka z niklu jest starannie umieszczana w ochronnej torbie OPP, kt\u00f3ra chroni wypolerowan\u0105 metaliczn\u0105 powierzchni\u0119 przed kurzem i tarciem podczas transportu.<\/li>\n<li style=\"margin-bottom: 10px;\"><strong>Globalna logistyka:<\/strong> Wsp\u00f3\u0142pracujemy z czo\u0142owymi dostawcami us\u0142ug logistycznych. W zale\u017cno\u015bci od pilno\u015bci i bud\u017cetu przesy\u0142ki mog\u0105 by\u0107 kierowane <strong>drog\u0105 morsk\u0105, lotnicz\u0105, DHL, UPS lub inn\u0105 ekspresow\u0105 us\u0142ug\u0105 kuriersk\u0105<\/strong>.<\/li>\n<\/ul>\n<\/section>\n<p><!-- Second Call to Action --><\/p>\n<div style=\"background-color: #fdfaf6; border: 2px dashed #d4a373; padding: 25px; border-radius: 8px; text-align: center; margin: 30px 0;\">\n<h3 style=\"margin: 0 0 10px 0; font-size: 22px; color: #333;\"><a href=\"https:\/\/wa.me\/8613510608415\" target=\"_blank\" rel=\"noopener\">Potrzebujesz pomocy ze swoj\u0105 grafik\u0105?<\/a><\/h3>\n<p style=\"margin: 0 0 15px 0; font-size: 16px; color: #555;\">Nasz do\u015bwiadczony zesp\u00f3\u0142 produkcyjny mo\u017ce pom\u00f3c sprawdzi\u0107, czy Twoje pliki AI, PDF lub CAD s\u0105 idealnie zoptymalizowane pod k\u0105tem procesu produkcyjnego galwanizacji.<\/p>\n<p style=\"margin: 0; font-size: 16px; font-weight: bold; color: #0056b3;\">Skontaktuj si\u0119 za po\u015brednictwem Alibaba, PayPal lub Direct Enquiry, aby rozpocz\u0105\u0107 rozmow\u0119!<\/p>\n<\/div>\n<p><!-- Frequently Asked Questions (FAQ) --><\/p>\n<section style=\"margin-bottom: 40px;\">\n<h2 style=\"color: #0056b3; font-size: 24px; margin-bottom: 20px;\">Frequently Asked Questions (FAQs)<\/h2>\n<div style=\"border: 1px solid #e1e1e1; margin-bottom: 15px; padding: 18px; border-radius: 6px; background-color: #fcfcfc; box-shadow: 0 1px 3px rgba(0,0,0,0.04);\">\n<h3 style=\"margin-top: 0; margin-bottom: 8px; font-size: 18px; color: #222;\">1. Jakie powierzchnie nadaj\u0105 si\u0119 do samoprzylepnych etykiet metalowych 3M?<\/h3>\n<p style=\"margin: 0; font-size: 15px; color: #555;\">Nasze naklejki metalowe wykorzystuj\u0105 wysokiej jako\u015bci klej 3M, klej termotopliwy 3M lub dwustronny samoprzylepny, co czyni je niezwykle wszechstronnymi. Mocno wi\u0105\u017c\u0105 si\u0119 z g\u0142adkimi i p\u00f3\u0142teksturowymi powierzchniami, w tym telefonami kom\u00f3rkowymi, sprz\u0119tem AGD, obudowami produkt\u00f3w elektronicznych, luksusow\u0105 sk\u00f3r\u0105, drewnem, szk\u0142em i deskami rozdzielczymi samochod\u00f3w.<\/p>\n<\/div>\n<div style=\"border: 1px solid #e1e1e1; margin-bottom: 15px; padding: 18px; border-radius: 6px; background-color: #fcfcfc; box-shadow: 0 1px 3px rgba(0,0,0,0.04);\">\n<h3 style=\"margin-top: 0; margin-bottom: 8px; font-size: 18px; color: #222;\">2. Ile czasu zajmuje wykonanie niestandardowej pr\u00f3bki mojego logo?<\/h3>\n<p style=\"margin: 0; font-size: 15px; color: #555;\">Je\u015bli chcesz najpierw oceni\u0107 nasz\u0105 jako\u015b\u0107, mo\u017cemy wys\u0142a\u0107 istniej\u0105ce pr\u00f3bki w ci\u0105gu 1 dnia. W przypadku pr\u00f3bki wykonanej na zam\u00f3wienie i posiadaj\u0105cej konkretny projekt, szybki czas dostawy wynosi zazwyczaj 3-5 dni. Czas produkcji masowej zale\u017cy od ca\u0142kowitej wielko\u015bci zam\u00f3wienia.<\/p>\n<\/div>\n<div style=\"border: 1px solid #e1e1e1; margin-bottom: 15px; padding: 18px; border-radius: 6px; background-color: #fcfcfc; box-shadow: 0 1px 3px rgba(0,0,0,0.04);\">\n<h3 style=\"margin-top: 0; margin-bottom: 8px; font-size: 18px; color: #222;\">3. Jakie formaty grafiki akceptujecie w przypadku niestandardowych galwanizowanych tabliczek firmowych?<\/h3>\n<p style=\"margin: 0; font-size: 15px; color: #555;\">Aby zapewni\u0107 najwy\u017csz\u0105 precyzj\u0119 podczas procesu galwanizacji, wymagamy grafiki wektorowej. Prosimy o przesy\u0142anie projekt\u00f3w w formatach AI, PDF, CDR lub CAD. Je\u015bli masz inny format wektorowy, nasz zesp\u00f3\u0142 przygotowania do druku zazwyczaj mo\u017ce go dostosowa\u0107.<\/p>\n<\/div>\n<div style=\"border: 1px solid #e1e1e1; margin-bottom: 15px; padding: 18px; border-radius: 6px; background-color: #fcfcfc; box-shadow: 0 1px 3px rgba(0,0,0,0.04);\">\n<h3 style=\"margin-top: 0; margin-bottom: 8px; font-size: 18px; color: #222;\">4. Czy Twoje naklejki niklowo-metalowe s\u0105 przyjazne dla \u015brodowiska?<\/h3>\n<p style=\"margin: 0; font-size: 15px; color: #555;\">Tak, absolutnie. Wszystkie nasze naklejki i kleje niklowe posiadaj\u0105 rygorystyczne certyfikaty SGS, ROHS i MSDS, potwierdzaj\u0105ce, \u017ce spe\u0142niaj\u0105 surowe mi\u0119dzynarodowe standardy bezpiecze\u0144stwa w zakresie ochrony \u015brodowiska i zdrowia.<\/p>\n<\/div>\n<div style=\"border: 1px solid #e1e1e1; margin-bottom: 15px; padding: 18px; border-radius: 6px; background-color: #fcfcfc; box-shadow: 0 1px 3px rgba(0,0,0,0.04);\">\n<h3 style=\"margin-top: 0; margin-bottom: 8px; font-size: 18px; color: #222;\">5. Jakie s\u0105 warunki p\u0142atno\u015bci za rozpocz\u0119cie zlecenia produkcji masowej?<\/h3>\n<p style=\"margin: 0; font-size: 15px; color: #555;\">W przypadku zam\u00f3wie\u0144 standardowych akceptujemy T\/T z depozytem 30% z g\u00f3ry, a pozosta\u0142e saldo p\u0142atne przed dostaw\u0105. Obs\u0142ugujemy r\u00f3wnie\u017c wiele bezpiecznych kana\u0142\u00f3w, w tym Alibaba Trade Assurance, karta kredytowa, PayPal, Western Union i akredytywa, aby dostosowa\u0107 si\u0119 do zasad zakup\u00f3w korporacyjnych.<\/p>\n<\/div>\n<\/section>\n<\/article>","protected":false},"excerpt":{"rendered":"<p>Odkryj najwy\u017cszej jako\u015bci, niestandardowe, galwanizowane, cienkie, metalowe litery i niklowane naklejki w JTT Precision Metal. Czysty nikiel 100%, ultracienki (0,045-0,12 mm) i wzmocniony mocnym klejem 3M. Idealny do oznakowania elektroniki, samochod\u00f3w, sk\u00f3ry, drewna i szk\u0142a. Certyfikaty SGS i ROHS oraz ponad 20-letnie do\u015bwiadczenie w produkcji. Popro\u015b o niestandardow\u0105 wycen\u0119 ju\u017c dzi\u015b!<\/p>","protected":false},"featured_media":3212,"comment_status":"open","ping_status":"closed","template":"","meta":[],"product_brand":[],"product_cat":[48],"product_tag":[],"class_list":{"0":"post-3232","1":"product","2":"type-product","3":"status-publish","4":"has-post-thumbnail","6":"product_cat-nickel-metal-sticker","8":"first","9":"instock","10":"shipping-taxable","11":"product-type-simple"},"jetpack-related-posts":[],"jetpack_sharing_enabled":true,"_links":{"self":[{"href":"https:\/\/jttlogos.com\/pl\/wp-json\/wp\/v2\/product\/3232","targetHints":{"allow":["GET"]}}],"collection":[{"href":"https:\/\/jttlogos.com\/pl\/wp-json\/wp\/v2\/product"}],"about":[{"href":"https:\/\/jttlogos.com\/pl\/wp-json\/wp\/v2\/types\/product"}],"replies":[{"embeddable":true,"href":"https:\/\/jttlogos.com\/pl\/wp-json\/wp\/v2\/comments?post=3232"}],"wp:featuredmedia":[{"embeddable":true,"href":"https:\/\/jttlogos.com\/pl\/wp-json\/wp\/v2\/media\/3212"}],"wp:attachment":[{"href":"https:\/\/jttlogos.com\/pl\/wp-json\/wp\/v2\/media?parent=3232"}],"wp:term":[{"taxonomy":"product_brand","embeddable":true,"href":"https:\/\/jttlogos.com\/pl\/wp-json\/wp\/v2\/product_brand?post=3232"},{"taxonomy":"product_cat","embeddable":true,"href":"https:\/\/jttlogos.com\/pl\/wp-json\/wp\/v2\/product_cat?post=3232"},{"taxonomy":"product_tag","embeddable":true,"href":"https:\/\/jttlogos.com\/pl\/wp-json\/wp\/v2\/product_tag?post=3232"}],"curies":[{"name":"wp","href":"https:\/\/api.w.org\/{rel}","templated":true}]}}