{"id":3999,"date":"2020-06-12T02:47:55","date_gmt":"2020-06-12T02:47:55","guid":{"rendered":"https:\/\/jttlogos.com\/?post_type=product&#038;p=3999"},"modified":"2026-04-18T11:43:42","modified_gmt":"2026-04-18T11:43:42","slug":"custom-metal-name-plate-label-nickel-stickers-with-strong-3m-adhesive-glue-metal-logo-nickel-sticker-for-machine","status":"publish","type":"product","link":"https:\/\/jttlogos.com\/pl\/produkt\/custom-metal-name-plate-label-nickel-stickers-with-strong-3m-adhesive-glue-metal-logo-nickel-sticker-for-machine\/","title":{"rendered":"Premium Custom Metal Logo Nickel Stickers: Electroplated Name Plates with 3M Adhesive for Machinery &amp; Electronics"},"content":{"rendered":"<article style=\"font-family: 'Segoe UI', Roboto, Helvetica, Arial, sans-serif; line-height: 1.8; color: #333333; max-width: 100%px; margin: 0 auto; padding: 30px; background-color: #ffffff; box-shadow: 0 4px 15px rgba(0,0,0,0.05); border-radius: 8px;\">\n<div style=\"background-color: #f4f7f6; padding: 25px; border-radius: 8px; margin-bottom: 30px; border-left: 6px solid #0056b3; display: flex; flex-wrap: wrap; align-items: center; justify-content: space-between;\">\n<div style=\"flex: 1; min-width: 300px;\">\n<h2 style=\"color: #0056b3; margin-top: 0; margin-bottom: 15px; font-size: 26px;\">Premium niestandardowe metalowe tabliczki znamionowe naklejki niklowe<\/h2>\n<p style=\"margin: 0 0 10px 0; font-size: 16px;\"><strong>JTT Precision Metal Co., Ltd<\/strong> | Ponad 20 lat doskona\u0142o\u015bci w produkcji niestandardowych marek metalicznych<\/p>\n<p style=\"margin: 0; font-size: 14px; color: #555;\">Certyfikowana jako\u015b\u0107: <strong>SGS, ROHS, MSDS<\/strong> | Szybkie pr\u00f3bkowanie: <strong>3-5 dni<\/strong><\/p>\n<\/div>\n<div style=\"margin-top: 15px; text-align: center;\">\n<p><a style=\"display: inline-block; background-color: #ff6a00; color: #ffffff; padding: 14px 28px; text-decoration: none; font-weight: bold; font-size: 18px; border-radius: 5px; box-shadow: 0 4px 6px rgba(255, 106, 0, 0.3); transition: background-color 0.3s ease;\" href=\"mailto:fiona@jttlogo.net\">Popro\u015b o niestandardow\u0105 wycen\u0119 ju\u017c dzi\u015b<\/a><\/p>\n<p style=\"margin: 8px 0 0 0; font-size: 12px; color: #666;\">Bezpo\u015bredni producent \u2022 Szybka reakcja<\/p>\n<\/div>\n<\/div>\n<p><!-- Media Placeholders for Original Images & Video --><\/p>\n<div style=\"display: flex; gap: 20px; flex-wrap: wrap; margin-bottom: 40px;\">\n<div style=\"flex: 1; min-width: 300px; background-color: #eaeaea; border: 2px dashed #cccccc; border-radius: 8px; display: flex; align-items: center; justify-content: center; min-height: 600px;\">\n<p style=\"color: #666666; font-weight: bold;\"><img data-recalc-dims=\"1\" decoding=\"async\" class=\"alignnone wp-image-1418\" src=\"https:\/\/i0.wp.com\/jttlogos.com\/wp-content\/uploads\/2020\/06\/nickel-metal-sticker-48.jpg?resize=721%2C721&#038;ssl=1\" alt=\" Custom Metal Name Plate\" width=\"721\" height=\"721\" title=\"\"><\/p>\n<\/div>\n<div style=\"flex: 1; min-width: 300px; background-color: #eaeaea; border: 2px dashed #cccccc; border-radius: 8px; display: flex; align-items: center; justify-content: center; min-height: 600px;\">\n<p><iframe loading=\"lazy\" title=\"Custom metal nameplate label nickel stickers with strong 3M adhesive glue logo sticker for machine\" width=\"1020\" height=\"765\" src=\"https:\/\/www.youtube.com\/embed\/I6YmF8QiPag?feature=oembed\" frameborder=\"0\" allow=\"accelerometer; autoplay; clipboard-write; encrypted-media; gyroscope; picture-in-picture; web-share\" referrerpolicy=\"strict-origin-when-cross-origin\" allowfullscreen><\/iframe><\/p>\n<\/div>\n<\/div>\n<p><!-- Introduction --><\/p>\n<h2 style=\"color: #2c3e50; border-bottom: 2px solid #eeeeee; padding-bottom: 10px; margin-top: 40px;\">Wypromuj swoj\u0105 mark\u0119 dzi\u0119ki wysokiej klasy niestandardowym metalowym naklejkom z logo<\/h2>\n<p style=\"font-size: 16px;\">Na dzisiejszych bardzo konkurencyjnych rynkach przemys\u0142owych i konsumenckich identyfikacja wizualna Twojej marki jest najwa\u017cniejsza. Przedstawiamy nasz\u0105 najwy\u017csz\u0105 klas\u0119 <strong>niestandardowe metalowe tabliczki znamionowe naklejki niklowe<\/strong>, meticulously designed to provide a permanent, high-end metallic finish to your products. Manufactured by <strong>JTT Precision Metal Co., Ltd (<a style=\"color: #0056b3; text-decoration: none;\" href=\"https:\/\/jttlogos.com\/pl\/\">jttlogos.com<\/a>)<\/strong>\u2014a trusted industry leader with over 20 years of hands-on production experience\u2014these premium <a style=\"color: #0056b3; text-decoration: none; font-weight: bold;\" href=\"https:\/\/jttlogos.com\/pl\/kategoria-produktu\/naklejka-metalowa-nikiel\/\">Naklejki metalowe nikiel<\/a> to najlepsze rozwi\u0105zanie zapewniaj\u0105ce trwa\u0142\u0105 i luksusow\u0105 reprezentacj\u0119 marki.<\/p>\n<p style=\"font-size: 16px;\">Niezale\u017cnie od tego, czy promujesz ci\u0119\u017ckie maszyny przemys\u0142owe, eleganckie urz\u0105dzenia gospodarstwa domowego, czy najwy\u017cszej jako\u015bci urz\u0105dzenia elektroniczne, nasze niestandardowe metalowe naklejki z logo zapewniaj\u0105 niezr\u00f3wnane wyrafinowanie. Korzystanie z zaawansowanych <strong>galwanotechnika<\/strong> technik, przekszta\u0142camy czysty nikiel 100% w osza\u0142amiaj\u0105ce, ultracienkie metalowe naklejki z logo 3D, kt\u00f3re uchwyc\u0105 najdrobniejsze szczeg\u00f3\u0142y Twojej skomplikowanej grafiki. W po\u0142\u0105czeniu z wytrzyma\u0142ym klejem 3M, te wykonane na zam\u00f3wienie metalowe tabliczki znamionowe pozostaj\u0105 trwale przymocowane, odporne na \u0142uszczenie si\u0119 i zu\u017cycie \u015brodowiskowe przez ca\u0142y okres u\u017cytkowania produktu.<\/p>\n<p><!-- Specifications Table --><\/p>\n<h2 style=\"color: #2c3e50; border-bottom: 2px solid #eeeeee; padding-bottom: 10px; margin-top: 40px;\">Kompleksowe specyfikacje produktu<\/h2>\n<p style=\"font-size: 16px;\">Przejrzyj szczeg\u00f3\u0142owe specyfikacje naszych niestandardowych naklejek niklowych z metalowym logo, aby zrozumie\u0107, w jaki spos\u00f3b nasze mo\u017cliwo\u015bci produkcyjne p\u0142ynnie dopasowuj\u0105 si\u0119 do wymaga\u0144 Twojego projektu.<\/p>\n<table style=\"width: 100%; border-collapse: collapse; margin: 25px 0; font-size: 15px; box-shadow: 0 0 10px rgba(0,0,0,0.05); background-color: #ffffff;\">\n<thead>\n<tr style=\"background-color: #0056b3; color: #ffffff; text-align: left;\">\n<th style=\"padding: 15px; border: 1px solid #004494; width: 25%;\">Feature<\/th>\n<th style=\"padding: 15px; border: 1px solid #004494;\">Szczeg\u00f3\u0142y i mo\u017cliwo\u015bci<\/th>\n<\/tr>\n<\/thead>\n<tbody>\n<tr style=\"background-color: #fdfdfd; transition: background-color 0.2s;\">\n<td style=\"padding: 12px 15px; border: 1px solid #e0e0e0; font-weight: bold; color: #333;\">Nazwa przedmiotu<\/td>\n<td style=\"padding: 12px 15px; border: 1px solid #e0e0e0;\"><a style=\"color: #0056b3; text-decoration: none;\" href=\"https:\/\/jttlogos.com\/pl\/kategoria-produktu\/naklejka-metalowa-nikiel\/\">Naklejki metalowe nikiel<\/a> \/ Custom Metal Name Plates<\/td>\n<\/tr>\n<tr style=\"background-color: #f7f9fc;\">\n<td style=\"padding: 12px 15px; border: 1px solid #e0e0e0; font-weight: bold; color: #333;\">Material Composition<\/td>\n<td style=\"padding: 12px 15px; border: 1px solid #e0e0e0;\">Premium Metal, 100% Pure Nickel<\/td>\n<\/tr>\n<tr style=\"background-color: #fdfdfd;\">\n<td style=\"padding: 12px 15px; border: 1px solid #e0e0e0; font-weight: bold; color: #333;\">Technika Produkcji<\/td>\n<td style=\"padding: 12px 15px; border: 1px solid #e0e0e0;\">Zaawansowane galwanizacja<\/td>\n<\/tr>\n<tr style=\"background-color: #f7f9fc;\">\n<td style=\"padding: 12px 15px; border: 1px solid #e0e0e0; font-weight: bold; color: #333;\">Zakres grubo\u015bci<\/td>\n<td style=\"padding: 12px 15px; border: 1px solid #e0e0e0;\">0,045 mm \u2013 0,12 mm (ultracienki profil)<\/td>\n<\/tr>\n<tr style=\"background-color: #fdfdfd;\">\n<td style=\"padding: 12px 15px; border: 1px solid #e0e0e0; font-weight: bold; color: #333;\">Rozmiar i kolor<\/td>\n<td style=\"padding: 12px 15px; border: 1px solid #e0e0e0;\">100% Mo\u017cliwo\u015b\u0107 dostosowania rozmiaru, kszta\u0142tu i koloru zgodnie z wytycznymi Twojej marki<\/td>\n<\/tr>\n<tr style=\"background-color: #f7f9fc;\">\n<td style=\"padding: 12px 15px; border: 1px solid #e0e0e0; font-weight: bold; color: #333;\">Typ kleju (klej)<\/td>\n<td style=\"padding: 12px 15px; border: 1px solid #e0e0e0;\">Przemys\u0142owy klej 3M, klej termotopliwy 3M, najwy\u017cszej jako\u015bci dwustronny klej samoprzylepny<\/td>\n<\/tr>\n<tr style=\"background-color: #fdfdfd;\">\n<td style=\"padding: 12px 15px; border: 1px solid #e0e0e0; font-weight: bold; color: #333;\">Podstawowe obszary u\u017cytkowania<\/td>\n<td style=\"padding: 12px 15px; border: 1px solid #e0e0e0;\">Mobile phones, mobile phone cases, household appliances, electronic products, packaging gift boxes, automobiles, industrial machinery<\/td>\n<\/tr>\n<tr style=\"background-color: #f7f9fc;\">\n<td style=\"padding: 12px 15px; border: 1px solid #e0e0e0; font-weight: bold; color: #333;\">Certyfikaty bran\u017cowe<\/td>\n<td style=\"padding: 12px 15px; border: 1px solid #e0e0e0;\">SGS, ROHS, MSDS (zgodny z wymogami ochrony \u015brodowiska i bezpieczny)<\/td>\n<\/tr>\n<tr style=\"background-color: #fdfdfd;\">\n<td style=\"padding: 12px 15px; border: 1px solid #e0e0e0; font-weight: bold; color: #333;\">Dostawa i czas realizacji<\/td>\n<td style=\"padding: 12px 15px; border: 1px solid #e0e0e0;\">1 dzie\u0144 dla istniej\u0105cych pr\u00f3bek referencyjnych; Szybkie 3-5 dni na niestandardowe tworzenie pr\u00f3bek; Czas produkcji masowej zale\u017cy od ilo\u015bci zam\u00f3wienia<\/td>\n<\/tr>\n<tr style=\"background-color: #f7f9fc;\">\n<td style=\"padding: 12px 15px; border: 1px solid #e0e0e0; font-weight: bold; color: #333;\">Standard opakowania<\/td>\n<td style=\"padding: 12px 15px; border: 1px solid #e0e0e0;\">Ochronna torba OPP zapobiegaj\u0105ca zadrapaniom podczas transportu<\/td>\n<\/tr>\n<tr style=\"background-color: #fdfdfd;\">\n<td style=\"padding: 12px 15px; border: 1px solid #e0e0e0; font-weight: bold; color: #333;\">Obs\u0142ugiwane formaty grafiki<\/td>\n<td style=\"padding: 12px 15px; border: 1px solid #e0e0e0;\">AI, PDF, CDR, CAD i inne standardowe formaty wektorowe<\/td>\n<\/tr>\n<\/tbody>\n<\/table>\n<p><!-- Manufacturing Expertise & Materials --><\/p>\n<h2 style=\"color: #2c3e50; border-bottom: 2px solid #eeeeee; padding-bottom: 10px; margin-top: 40px;\">Produkcja specjalistyczna: proces galwanizacji i rdze\u0144 niklowy 100%<\/h2>\n<p style=\"font-size: 16px;\">W JTT Precision Metal Co., Ltd nasz zak\u0142ad produkcyjny wykorzystuje najnowocze\u015bniejsze rozwi\u0105zania <strong>galwanotechnika<\/strong> technologi\u0119 wytwarzania tych wykwintnych metalowych etykiet. W przeciwie\u0144stwie do tradycyjnych metod t\u0142oczenia lub drukowania, galwanizacja pozwala na odtworzenie czystego niklu 100% na poziomie atomowym. W rezultacie otrzymujemy niestandardow\u0105 metalow\u0105 naklejk\u0119 o niewiarygodnie wyra\u017anych kraw\u0119dziach, b\u0142yszcz\u0105cym metalicznym po\u0142ysku i mo\u017cliwo\u015bci odtwarzania mikrotekst\u00f3w i z\u0142o\u017conych kszta\u0142t\u00f3w geometrycznych z absolutn\u0105 przejrzysto\u015bci\u0105.<\/p>\n<p style=\"font-size: 16px;\">Profil materia\u0142owy naszych niklowych tabliczek z logo mo\u017ce by\u0107 niezwykle cienki <strong>0,045 mm do 0,12 mm<\/strong>. Ta ultracienka obudowa jest bardzo korzystna; pozwala na umieszczenie samoprzylepnej metalowej tabliczki znamionowej niemal r\u00f3wno z powierzchni\u0105 maszyny lub elektroniki u\u017cytkowej, zapewniaj\u0105c zintegrowany, wbudowany wygl\u0105d, a nie wygl\u0105daj\u0105cy jak po namy\u015ble. Co wi\u0119cej, nieod\u0142\u0105czne w\u0142a\u015bciwo\u015bci niklu zapewniaj\u0105 wyj\u0105tkow\u0105 odporno\u015b\u0107 na utlenianie, rdz\u0119 i codzienne zu\u017cycie, dzi\u0119ki czemu logo Twojej marki pozostaje nieskazitelne przez d\u0142ugi czas.<\/p>\n<p><!-- Superior Adhesion --><\/p>\n<h2 style=\"color: #2c3e50; border-bottom: 2px solid #eeeeee; padding-bottom: 10px; margin-top: 40px;\">Industrial-Strength Bonding: Reliable 3M Adhesive Glue<\/h2>\n<p style=\"font-size: 16px;\">A premium custom metal sticker is only as good as the glue that secures it. Understanding the rigorous environments our clients\u2019 products face, we exclusively utilize top-tier adhesive solutions, including <strong>Klej 3M, klej topliwy 3M i wytrzyma\u0142e dwustronne ta\u015bmy samoprzylepne<\/strong>.<\/p>\n<p style=\"font-size: 16px;\">When you apply our metal logo nickel sticker to a machine, an automobile dashboard, or a textured mobile phone case, the strong 3M adhesive glue creates a permanent bond. It is designed to withstand temperature fluctuations, vibrations, and mild chemical exposure, making it the ideal choice for heavy-duty industrial metal labels and delicate household appliance branding alike. The peel-and-stick application process is fast, clean, and requires no specialized tools, drastically reducing your assembly time.<\/p>\n<p><!-- Industry Applications --><\/p>\n<h2 style=\"color: #2c3e50; border-bottom: 2px solid #eeeeee; padding-bottom: 10px; margin-top: 40px;\">Versatile Multi-Industry Applications<\/h2>\n<p style=\"font-size: 16px;\">Poniewa\u017c mo\u017cemy dostosowa\u0107 dowolny rozmiar, kszta\u0142t i kolor, nasze niestandardowe naklejki metalowe s\u0105 niezwykle wszechstronne. Nasze mo\u017cliwo\u015bci produkcyjne obs\u0142uguj\u0105 szerok\u0105 gam\u0119 sektor\u00f3w:<\/p>\n<ul style=\"font-size: 16px; line-height: 1.8; color: #444;\">\n<li><strong>Maszyny i urz\u0105dzenia przemys\u0142owe:<\/strong> Trwa\u0142e metalowe tabliczki znamionowe, kt\u00f3re przekazuj\u0105 istotne informacje o marce i s\u0105 odporne na warunki fabryczne.<\/li>\n<li><strong>Elektronika konsumpcyjna:<\/strong> Sleek metallic branding for laptops, monitors, and audio equipment that elevates the perceived value of the electronic products.<\/li>\n<li><strong>Telefony kom\u00f3rkowe i akcesoria:<\/strong> Ultracienkie, metalowe naklejki 3D, kt\u00f3re idealnie pasuj\u0105 do obud\u00f3w telefon\u00f3w kom\u00f3rkowych, nie dodaj\u0105c im niepotrzebnej obj\u0119to\u015bci.<\/li>\n<li><strong>Sprz\u0119t AGD:<\/strong> Eleganckie niklowe naklejki z logo na lod\u00f3wki, piekarniki i pralki odporne na wilgo\u0107 i \u015brodki czyszcz\u0105ce.<\/li>\n<li><strong>Automotive Industry:<\/strong> Wysokiej klasy plakietki metalowe do wn\u0119trz samochod\u00f3w, kierownic i niestandardowych akcesori\u00f3w samochodowych.<\/li>\n<li><strong>Luxury Packaging:<\/strong> Uderzaj\u0105ce metalowe logo umieszczone na opakowaniach prezent\u00f3w, natychmiastowo przekszta\u0142caj\u0105ce standardowe opakowanie w najwy\u017cszej jako\u015bci do\u015bwiadczenie rozpakowywania.<\/li>\n<\/ul>\n<p><!-- Authoritativeness and Trust: Certifications & Logistics --><\/p>\n<h2 style=\"color: #2c3e50; border-bottom: 2px solid #eeeeee; padding-bottom: 10px; margin-top: 40px;\">Certyfikowana kontrola jako\u015bci, bezpieczne p\u0142atno\u015bci i wysy\u0142ka globalna<\/h2>\n<p style=\"font-size: 16px;\">Zaufanie jest podstaw\u0105 naszych relacji B2B. Ka\u017cda partia niestandardowych metalowych naklejek niklowych z tabliczkami znamionowymi przechodzi rygorystyczn\u0105 kontrol\u0119 jako\u015bci przed opuszczeniem naszego zak\u0142adu. Dumnie trzymamy <strong>Certyfikaty SGS, ROHS i MSDS<\/strong>, gwarantuj\u0105c, \u017ce nasze materia\u0142y i procesy galwaniczne spe\u0142niaj\u0105 rygorystyczne mi\u0119dzynarodowe standardy bezpiecze\u0144stwa i ochrony \u015brodowiska. Mo\u017cesz mie\u0107 pewno\u015b\u0107, \u017ce nasze rozwi\u0105zania w zakresie metalicznego oznakowania marki s\u0105 wolne od substancji niebezpiecznych i w pe\u0142ni zgodne z wymogami rynku \u015bwiatowego.<\/p>\n<p style=\"font-size: 16px;\"><strong>Flexible &amp; Secure Payment Terms:<\/strong> Aby zadowoli\u0107 kupuj\u0105cych na ca\u0142ym \u015bwiecie, obs\u0142ugujemy r\u00f3\u017cne bezpieczne metody p\u0142atno\u015bci, w tym p\u0142atno\u015bci kart\u0105 kredytow\u0105, Paypal, przelew bankowy, Western Union, akredytywy, T\/T i zlecenia ubezpieczenia handlu Alibaba. Nasza standardowa struktura p\u0142atno\u015bci to depozyt T\/T 30% umo\u017cliwiaj\u0105cy rozpocz\u0119cie produkcji, a saldo rozliczone przed dostaw\u0105, co zapewnia przejrzyst\u0105 i pozbawion\u0105 ryzyka transakcj\u0119.<\/p>\n<p style=\"font-size: 16px;\"><strong>Szybka realizacja i niezawodna dostawa:<\/strong> Czas to pieni\u0105dz. Je\u015bli chcesz oceni\u0107 nasz\u0105 jako\u015b\u0107, mo\u017cemy wys\u0142a\u0107 nasze istniej\u0105ce pr\u00f3bki referencyjne w ci\u0105gu zaledwie <strong>1 day<\/strong>. W przypadku niestandardowych pr\u00f3bek z Twoim konkretnym logo, nasza szybka dostawa trwa tylko <strong>3-5 dni<\/strong>. Fachowo pakujemy wszystkie zam\u00f3wienia w ochronne torby OPP i wysy\u0142amy na ca\u0142y \u015bwiat drog\u0105 morsk\u0105, lotnicz\u0105, DHL, UPS lub innymi kurierami ekspresowymi, aby spe\u0142ni\u0107 Twoje specyficzne potrzeby logistyczne.<\/p>\n<p><!-- Inline CSS Beautified Knowledge Points --><\/p>\n<h2 style=\"color: #2c3e50; border-bottom: 2px solid #eeeeee; padding-bottom: 10px; margin-top: 40px;\">Informacje bran\u017cowe i punkty wiedzy<\/h2>\n<div style=\"background-color: #f4faff; border-left: 6px solid #007bff; padding: 20px; margin: 25px 0; border-radius: 0 8px 8px 0; box-shadow: 0 2px 8px rgba(0,0,0,0.04);\">\n<h3 style=\"margin-top: 0; color: #0056b3; font-size: 18px;\">\ud83d\udca1 Why Utilize the Electroplating Technique for Metal Decals?<\/h3>\n<p style=\"margin-bottom: 0; font-size: 15px; color: #444;\">Galwanizacja to wysoce wyrafinowana metoda produkcji polegaj\u0105ca na osadzaniu jon\u00f3w metali na powierzchni przewodz\u0105cej. W kontek\u015bcie niestandardowych naklejek metalowych technika ta pozwala nam tworzy\u0107 wolnostoj\u0105ce metaliczne teksty i logo bez \u0142\u0105cz\u0105cego t\u0142a. Rezultatem jest p\u0142ynny, wysokiej klasy efekt \u201ep\u0142ywaj\u0105cego\u201d logo na maszynie lub produkcie, w po\u0142\u0105czeniu z wyj\u0105tkow\u0105 trwa\u0142o\u015bci\u0105 i doskona\u0142ym, jednolitym wyko\u0144czeniem powierzchni, kt\u00f3rego nie da si\u0119 osi\u0105gn\u0105\u0107 przy standardowym druku.<\/p>\n<\/div>\n<div style=\"background-color: #fff9f0; border-left: 6px solid #ff9900; padding: 20px; margin: 25px 0; border-radius: 0 8px 8px 0; box-shadow: 0 2px 8px rgba(0,0,0,0.04);\">\n<h3 style=\"margin-top: 0; color: #cc7a00; font-size: 18px;\">\ud83d\udca1 The Crucial Role of Pure Nickel in Machine Nameplates<\/h3>\n<p style=\"margin-bottom: 0; font-size: 15px; color: #444;\">Using 100% pure nickel ensures that the metal logo label possesses excellent hardness while retaining the necessary flexibility to adhere to slightly curved surfaces (such as mobile phone cases or rounded appliance bodies). Nickel is naturally resistant to tarnish and oxidation, ensuring that your corporate identity remains striking and legible even in demanding industrial settings over a long period.<\/p>\n<\/div>\n<p><!-- Inline CSS Beautified FAQs --><\/p>\n<h2 style=\"color: #2c3e50; border-bottom: 2px solid #eeeeee; padding-bottom: 10px; margin-top: 40px;\">Frequently Asked Questions (FAQs)<\/h2>\n<div style=\"margin-bottom: 15px; border: 1px solid #e0e0e0; border-radius: 6px; padding: 20px; background-color: #ffffff; box-shadow: 0 2px 5px rgba(0,0,0,0.02);\">\n<h3 style=\"margin: 0 0 10px 0; font-size: 17px; color: #2c3e50;\">P1: Jakie formaty grafiki akceptujesz w przypadku niestandardowych metalowych naklejek z logo?<\/h3>\n<p style=\"margin: 0; font-size: 15px; color: #555;\"><strong>A:<\/strong> To ensure the highest clarity and precision during the electroplating production, we require high-resolution vector artwork. We accept formats such as <strong>AI, PDF, CDR, CAD<\/strong>, or other standard vector files. Our design team can also assist in formatting your artwork if necessary.<\/p>\n<\/div>\n<div style=\"margin-bottom: 15px; border: 1px solid #e0e0e0; border-radius: 6px; padding: 20px; background-color: #ffffff; box-shadow: 0 2px 5px rgba(0,0,0,0.02);\">\n<h3 style=\"margin: 0 0 10px 0; font-size: 17px; color: #2c3e50;\">Q2: How fast can I get a sample of my custom metal name plate?<\/h3>\n<p style=\"margin: 0; font-size: 15px; color: #555;\"><strong>A:<\/strong> Jeste\u015bmy dumni z naszych szybkich mo\u017cliwo\u015bci produkcyjnych. Je\u015bli potrzebujesz niestandardowej pr\u00f3bki z w\u0142asnym, specyficznym projektem, mo\u017cemy j\u0105 wyprodukowa\u0107 i przygotowa\u0107 w ci\u0105gu <strong>3-5 dni<\/strong>. Je\u015bli chcesz po prostu sprawdzi\u0107 jako\u015b\u0107 naszych materia\u0142\u00f3w, mo\u017cemy wys\u0142a\u0107 istniej\u0105ce pr\u00f3bki referencyjne w ci\u0105gu zaledwie <strong>1 day<\/strong>.<\/p>\n<\/div>\n<div style=\"margin-bottom: 15px; border: 1px solid #e0e0e0; border-radius: 6px; padding: 20px; background-color: #ffffff; box-shadow: 0 2px 5px rgba(0,0,0,0.02);\">\n<h3 style=\"margin: 0 0 10px 0; font-size: 17px; color: #2c3e50;\">P3: Czy te naklejki niklowe nadaj\u0105 si\u0119 do zakrzywionych powierzchni?<\/h3>\n<p style=\"margin: 0; font-size: 15px; color: #555;\"><strong>A:<\/strong> Yes. Because our 100% nickel metal stickers are manufactured to an ultra-thin specification of <strong>0,045 mm do 0,12 mm<\/strong>zachowuj\u0105 doskona\u0142y stopie\u0144 elastyczno\u015bci. Dzi\u0119ki temu doskonale nadaj\u0105 si\u0119 do stosowania na lekko zakrzywionych powierzchniach, takich jak sprz\u0119t AGD, listwy samochodowe i obudowy telefon\u00f3w kom\u00f3rkowych, bez odpryskiwania na kraw\u0119dziach.<\/p>\n<\/div>\n<div style=\"margin-bottom: 15px; border: 1px solid #e0e0e0; border-radius: 6px; padding: 20px; background-color: #ffffff; box-shadow: 0 2px 5px rgba(0,0,0,0.02);\">\n<h3 style=\"margin: 0 0 10px 0; font-size: 17px; color: #2c3e50;\">Q4: How strong is the adhesive used on the back of the metal label?<\/h3>\n<p style=\"margin: 0; font-size: 15px; color: #555;\"><strong>A:<\/strong> We utilize premium <strong>Klej 3M, klej topliwy 3M i dwustronny materia\u0142 samoprzylepny o wysokiej przyczepno\u015bci<\/strong> backing. These industrial-grade adhesives ensure a permanent bond to a variety of substrates, including plastics, metals, glass, and painted surfaces, making them highly reliable for machinery and automotive use.<\/p>\n<\/div>\n<p><!-- Final Call to Action --><\/p>\n<div style=\"text-align: center; margin-top: 50px; padding: 40px 20px; background-color: #2c3e50; border-radius: 8px;\">\n<h2 style=\"color: #ffffff; margin-top: 0; font-size: 24px;\">Ready to Upgrade Your Product Branding?<\/h2>\n<p style=\"color: #cccccc; font-size: 16px; max-width: 800px; margin: 0 auto 25px auto;\">Partner with JTT Precision Metal Co., Ltd. for top-quality custom metal name plate label nickel stickers. With over two decades of expertise, certified quality, and global shipping capabilities, we are fully equipped to fulfill your custom production needs.<\/p>\n<p><a style=\"display: inline-block; background-color: #007bff; color: #ffffff; padding: 15px 35px; text-decoration: none; font-weight: bold; font-size: 18px; border-radius: 5px; transition: background-color 0.3s ease; box-shadow: 0 4px 10px rgba(0, 123, 255, 0.4);\" href=\"mailto:fiona@jttlogo.net\">Skontaktuj si\u0119 z nami, aby uzyska\u0107 niestandardow\u0105 propozycj\u0119<\/a><\/p>\n<p style=\"margin: 15px 0 0 0; font-size: 14px; color: #999999;\">Akceptowane formaty: AI, PDF, CDR, CAD | Dedykowane wsparcie B2B<\/p>\n<\/div>\n<\/article>\n<p><!-- SEO Description Requirement --><\/p>\n<p><!-- SEO Description: Elevate your brand with custom metal name plate nickel stickers. Featuring 100% pure nickel, precise electroplating, and strong 3M adhesive for machinery & electronics. --><\/p>","protected":false},"excerpt":{"rendered":"<p>Wypromuj swoj\u0105 mark\u0119 dzi\u0119ki niestandardowym metalowym niklowym naklejkom na tabliczki znamionowe. Zawiera czysty nikiel 100%, precyzyjn\u0105 galwanizacj\u0119 i mocny klej 3M do maszyn i elektroniki. Zapewnij r\u00f3wnie\u017c certyfikat SGS\/MSDS\/ROHS.<\/p>","protected":false},"featured_media":3928,"comment_status":"open","ping_status":"closed","template":"","meta":[],"product_brand":[],"product_cat":[48],"product_tag":[],"class_list":{"0":"post-3999","1":"product","2":"type-product","3":"status-publish","4":"has-post-thumbnail","6":"product_cat-nickel-metal-sticker","8":"first","9":"instock","10":"shipping-taxable","11":"product-type-simple"},"jetpack-related-posts":[],"jetpack_sharing_enabled":true,"_links":{"self":[{"href":"https:\/\/jttlogos.com\/pl\/wp-json\/wp\/v2\/product\/3999","targetHints":{"allow":["GET"]}}],"collection":[{"href":"https:\/\/jttlogos.com\/pl\/wp-json\/wp\/v2\/product"}],"about":[{"href":"https:\/\/jttlogos.com\/pl\/wp-json\/wp\/v2\/types\/product"}],"replies":[{"embeddable":true,"href":"https:\/\/jttlogos.com\/pl\/wp-json\/wp\/v2\/comments?post=3999"}],"wp:featuredmedia":[{"embeddable":true,"href":"https:\/\/jttlogos.com\/pl\/wp-json\/wp\/v2\/media\/3928"}],"wp:attachment":[{"href":"https:\/\/jttlogos.com\/pl\/wp-json\/wp\/v2\/media?parent=3999"}],"wp:term":[{"taxonomy":"product_brand","embeddable":true,"href":"https:\/\/jttlogos.com\/pl\/wp-json\/wp\/v2\/product_brand?post=3999"},{"taxonomy":"product_cat","embeddable":true,"href":"https:\/\/jttlogos.com\/pl\/wp-json\/wp\/v2\/product_cat?post=3999"},{"taxonomy":"product_tag","embeddable":true,"href":"https:\/\/jttlogos.com\/pl\/wp-json\/wp\/v2\/product_tag?post=3999"}],"curies":[{"name":"wp","href":"https:\/\/api.w.org\/{rel}","templated":true}]}}