{"id":4003,"date":"2020-06-12T03:12:53","date_gmt":"2020-06-12T03:12:53","guid":{"rendered":"https:\/\/jttlogos.com\/?post_type=product&#038;p=4003"},"modified":"2026-04-20T01:43:39","modified_gmt":"2026-04-20T01:43:39","slug":"custom-sticker-decal-silver-nickel-sticker-with-factory-price-electroform-metal-nickel-stickers-for-perfume-bottle","status":"publish","type":"product","link":"https:\/\/jttlogos.com\/pl\/product\/custom-sticker-decal-silver-nickel-sticker-with-factory-price-electroform-metal-nickel-stickers-for-perfume-bottle\/","title":{"rendered":"Custom Electroplated Colorful Nickel Metal Logo Stickers 3D Adhesive Decals for Perfume Bottles and Luxury Packaging"},"content":{"rendered":"<article style=\"font-family: 'Segoe UI', Roboto, Helvetica, Arial, sans-serif; color: #333; line-height: 1.6; max-width: 100%px; margin: 0 auto; padding: 20px;\">\n<div style=\"background: linear-gradient(135deg, #f5f7fa 0%, #c3cfe2 100%); padding: 40px 20px; text-align: center; border-radius: 8px; margin-bottom: 30px;\">\n<h2 style=\"margin-top: 0; color: #1a365d; font-size: 2.2em; text-transform: uppercase; letter-spacing: 1px;\">Premium Custom Colorful Nickel Metal Stickers<\/h2>\n<p style=\"font-size: 1.2em; color: #4a5568; max-width: 800px; margin: 0 auto;\">Wysokiej klasy galwanizowane, metalowe naklejki z logo na butelki perfum, luksusowe opakowania i elektronik\u0119<\/p>\n<div style=\"margin-top: 25px;\"><a style=\"background-color: #d97706; color: #ffffff; padding: 15px 30px; text-decoration: none; font-size: 1.1em; font-weight: bold; border-radius: 4px; display: inline-block; box-shadow: 0 4px 6px rgba(0,0,0,0.1);\" href=\"https:\/\/jttlogos.com\/pl\/skontaktuj-sie-z-nami\/\">Popro\u015b o niestandardow\u0105 wycen\u0119 ju\u017c dzi\u015b<\/a><\/div>\n<\/div>\n<section style=\"margin-bottom: 40px;\">\n<h2 style=\"color: #2b6cb0; border-bottom: 2px solid #e2e8f0; padding-bottom: 10px;\">Niezr\u00f3wnane do\u015bwiadczenie produkcyjne i autorytet marki<\/h2>\n<p>Witamy w <strong>JTT Precision Metal Co., Ltd.<\/strong>, uznany na ca\u0142ym \u015bwiecie dostawca specjalizuj\u0105cy si\u0119 w niestandardowych metalowych rozwi\u0105zaniach brandingowych. Dzi\u0119ki ponad 20-letniemu do\u015bwiadczeniu w produkcji, jeste\u015bmy zaanga\u017cowani w produkcj\u0119 wysokiej jako\u015bci <a style=\"color: #3182ce; text-decoration: none; font-weight: bold;\" href=\"https:\/\/jttlogos.com\/pl\/kategoria-produktu\/naklejka-metalowa-nikiel\/\">Naklejki metalowe nikiel<\/a>, etykiety ze stali nierdzewnej i metalowe plakietki z logo 3D. Nasze najnowocze\u015bniejsze zak\u0142ady produkcyjne s\u0105 przystosowane do obs\u0142ugi z\u0142o\u017conych, niestandardowych projekt\u00f3w, kt\u00f3re podnosz\u0105 obecno\u015b\u0107 Twojej marki w wielu bran\u017cach.<\/p>\n<p>Niezale\u017cnie od tego, czy projektujesz wysokiej klasy butelki perfum, wprowadzasz na rynek now\u0105 lini\u0119 elektroniki u\u017cytkowej, czy tworzysz luksusowe opakowania na prezenty, nasze niestandardowe naklejki z kolorowymi niklowymi etykietami zapewniaj\u0105 wyrafinowane, przyjemne w dotyku wyko\u0144czenie, kt\u00f3rego po prostu nie da si\u0119 osi\u0105gn\u0105\u0107 w przypadku standardowych etykiet papierowych lub plastikowych. Wykorzystuj\u0105c zaawansowane techniki galwanizacji i materia\u0142y z czystego niklu 100%, gwarantujemy nieskazitelne wyko\u0144czenie o wysokim po\u0142ysku, kt\u00f3re m\u00f3wi wiele o jako\u015bci Twojego produktu.<\/p>\n<\/section>\n<p><iframe loading=\"lazy\" title=\"Custom metal nameplate label nickel stickers with strong 3M adhesive glue logo sticker for machine\" width=\"1020\" height=\"765\" src=\"https:\/\/www.youtube.com\/embed\/I6YmF8QiPag?feature=oembed\" frameborder=\"0\" allow=\"accelerometer; autoplay; clipboard-write; encrypted-media; gyroscope; picture-in-picture; web-share\" referrerpolicy=\"strict-origin-when-cross-origin\" allowfullscreen><\/iframe><\/p>\n<p><img data-recalc-dims=\"1\" decoding=\"async\" class=\"alignnone wp-image-1418 size-full\" src=\"https:\/\/i0.wp.com\/jttlogos.com\/wp-content\/uploads\/2020\/06\/nickel-metal-sticker-64.jpg?resize=600%2C450&#038;ssl=1\" alt=\"Premium Custom Colorful Nickel Metal Stickers\" width=\"600\" height=\"450\" title=\"\"><\/p>\n<section style=\"margin-bottom: 40px;\">\n<h2 style=\"color: #2b6cb0; border-bottom: 2px solid #e2e8f0; padding-bottom: 10px;\">Szczeg\u00f3\u0142owe dane techniczne<\/h2>\n<p>Zrozumienie dok\u0142adnych specyfikacji niestandardowego oznakowania metalowego ma kluczowe znaczenie dla rozwoju produktu i integracji projektu. Poni\u017cej znajduje si\u0119 obszerne zestawienie mo\u017cliwo\u015bci technicznych i cech materia\u0142owych naszych kolorowych naklejek niklowych.<\/p>\n<table style=\"width: 100%; border-collapse: collapse; margin: 20px 0; font-family: sans-serif; box-shadow: 0 4px 8px rgba(0, 0, 0, 0.05); background-color: #ffffff; border-radius: 8px; overflow: hidden;\">\n<thead>\n<tr style=\"background-color: #2b6cb0; color: #ffffff; text-align: left;\">\n<th style=\"padding: 15px; border-bottom: 1px solid #e2e8f0;\">Kategoria specyfikacji<\/th>\n<th style=\"padding: 15px; border-bottom: 1px solid #e2e8f0;\">Szczeg\u00f3\u0142y i parametry<\/th>\n<\/tr>\n<\/thead>\n<tbody>\n<tr style=\"border-bottom: 1px solid #e2e8f0; background-color: #f7fafc;\">\n<td style=\"padding: 15px; font-weight: bold; color: #2d3748;\">Pozycja produktu<\/td>\n<td style=\"padding: 15px; color: #4a5568;\">Wysokiej jako\u015bci naklejki metalowe z niklu \/ cienkie metalowe tabliczki z logo<\/td>\n<\/tr>\n<tr style=\"border-bottom: 1px solid #e2e8f0;\">\n<td style=\"padding: 15px; font-weight: bold; color: #2d3748;\">Material Composition<\/td>\n<td style=\"padding: 15px; color: #4a5568;\">100% Sta\u0142y nikiel metalowy (odporny na korozj\u0119 i rdz\u0119)<\/td>\n<\/tr>\n<tr style=\"border-bottom: 1px solid #e2e8f0; background-color: #f7fafc;\">\n<td style=\"padding: 15px; font-weight: bold; color: #2d3748;\">Technika produkcji<\/td>\n<td style=\"padding: 15px; color: #4a5568;\">Precyzyjne galwanizacja (bez szwu, profilowanie 3D)<\/td>\n<\/tr>\n<tr style=\"border-bottom: 1px solid #e2e8f0;\">\n<td style=\"padding: 15px; font-weight: bold; color: #2d3748;\">Grubo\u015b\u0107 materia\u0142u<\/td>\n<td style=\"padding: 15px; color: #4a5568;\">Ultracienki profil o grubo\u015bci od 0,045 mm do 0,12 mm<\/td>\n<\/tr>\n<tr style=\"border-bottom: 1px solid #e2e8f0; background-color: #f7fafc;\">\n<td style=\"padding: 15px; font-weight: bold; color: #2d3748;\">Dostosowanie rozmiaru i koloru<\/td>\n<td style=\"padding: 15px; color: #4a5568;\">100% W pe\u0142ni spersonalizowany (dost\u0119pny dowolny niestandardowy rozmiar, unikalny kszta\u0142t i indywidualne dopasowanie kolor\u00f3w)<\/td>\n<\/tr>\n<tr style=\"border-bottom: 1px solid #e2e8f0;\">\n<td style=\"padding: 15px; font-weight: bold; color: #2d3748;\">Opcje kleju<\/td>\n<td style=\"padding: 15px; color: #4a5568;\">Ta\u015bma klej\u0105ca 3M, klej termotopliwy 3M, przemys\u0142owy dwustronny samoprzylepny<\/td>\n<\/tr>\n<tr style=\"border-bottom: 1px solid #e2e8f0; background-color: #f7fafc;\">\n<td style=\"padding: 15px; font-weight: bold; color: #2d3748;\">Certyfikaty bran\u017cowe<\/td>\n<td style=\"padding: 15px; color: #4a5568;\">SGS, ROHS, MSDS (Zapewnienie bezpiecze\u0144stwa materia\u0142\u00f3w i zgodno\u015bci z wymogami ochrony \u015brodowiska)<\/td>\n<\/tr>\n<\/tbody>\n<\/table>\n<\/section>\n<div style=\"background-color: #e6fffa; border-left: 6px solid #319795; padding: 25px; border-radius: 0 8px 8px 0; margin: 30px 0; box-shadow: 0 2px 4px rgba(0,0,0,0.05);\">\n<h3 style=\"margin-top: 0; color: #234e52; font-size: 1.4em;\">Punkt wiedzy bran\u017cowej: zaleta galwanizacji niklem 100%<\/h3>\n<p style=\"color: #285e61; margin-bottom: 0;\">Nasz proces produkcyjny wykorzystuje zaawansowan\u0105 galwanizacj\u0119, aby zbudowa\u0107 niestandardow\u0105 metaliczn\u0105 warstw\u0119 naklejek za pomoc\u0105 warstwy mikroskopijnej. Stosuj\u0105c czysty nikiel 100%, zapewniamy, \u017ce otrzymana cienka metalowa p\u0142ytka z logo zachowuje wyj\u0105tkowo b\u0142yszcz\u0105cy po\u0142ysk powierzchni, ostre, precyzyjne kraw\u0119dzie bez konieczno\u015bci stosowania t\u0142ocznik\u00f3w oraz wyj\u0105tkow\u0105 odporno\u015b\u0107 na utlenianie. Proces ten pozwala na uzyskanie bardzo cienkich grubo\u015bci (0,045-0,12 mm), dzi\u0119ki czemu metalowa naklejka transferowa jest wystarczaj\u0105co elastyczna, aby idealnie przylega\u0107 do zakrzywionych powierzchni, takich jak okr\u0105g\u0142e butelki perfum lub wyprofilowane etui na telefony kom\u00f3rkowe.<\/p>\n<\/div>\n<section style=\"margin-bottom: 40px;\">\n<h2 style=\"color: #2b6cb0; border-bottom: 2px solid #e2e8f0; padding-bottom: 10px;\">Zaawansowana przyczepno\u015b\u0107 i odporno\u015b\u0107 na \u015brodowisko<\/h2>\n<p>Pi\u0119kne logo b\u0119dzie skuteczne tylko wtedy, gdy b\u0119dzie bezpiecznie przymocowane w przeznaczonym dla niego \u015brodowisku. Priorytetem jest dla nas d\u0142ugotrwa\u0142a wydajno\u015b\u0107, stosuj\u0105c najwy\u017cszej jako\u015bci kleje dostosowane do konkretnej powierzchni zastosowania.<\/p>\n<ul style=\"list-style-type: none; padding-left: 0;\">\n<li style=\"margin-bottom: 15px; padding-left: 25px; position: relative;\"><span style=\"position: absolute; left: 0; color: #3182ce; font-weight: bold;\">\u2713<\/span><br \/>\n<strong>Rozwi\u0105zania klej\u0105ce Premium 3M:<\/strong> Stosujemy oryginalne kleje 3M i kleje termotopliwe 3M, zapewniaj\u0105ce wyj\u0105tkow\u0105 wytrzyma\u0142o\u015b\u0107 na odrywanie. Niezale\u017cnie od tego, czy naklejasz samoprzylepny metalowy emblemat na g\u0142adkie szk\u0142o, teksturowane tworzywa sztuczne, szczotkowane metale czy opakowania ze sk\u00f3ry premium, zapewniamy odpowiednie pod\u0142o\u017ce umo\u017cliwiaj\u0105ce bezpieczne i trwa\u0142e umieszczenie.<\/li>\n<li style=\"margin-bottom: 15px; padding-left: 25px; position: relative;\"><span style=\"position: absolute; left: 0; color: #3182ce; font-weight: bold;\">\u2713<\/span><br \/>\n<strong>Odporno\u015b\u0107 chemiczna i rozpuszczalnikowa:<\/strong> Etykieta naklejona na przedmioty takie jak butelki perfum musi wytrzyma\u0107 przypadkowe nara\u017cenie na olejki eteryczne, substancje zapachowe i alkohole o wysokim st\u0119\u017ceniu. Nasze galwanizowane naklejki niklowe w po\u0142\u0105czeniu z odpornymi chemicznie klejami przemys\u0142owymi gwarantuj\u0105, \u017ce Twoja marka nie ulegnie degradacji, blakni\u0119ciu ani odklejaniu si\u0119 pod wp\u0142ywem popularnych rozpuszczalnik\u00f3w kosmetycznych.<\/li>\n<li style=\"margin-bottom: 15px; padding-left: 25px; position: relative;\"><span style=\"position: absolute; left: 0; color: #3182ce; font-weight: bold;\">\u2713<\/span><br \/>\n<strong>Stabilno\u015b\u0107 temperatury:<\/strong> Zaprojektowane z my\u015bl\u0105 o dystrybucji globalnej, nasze niestandardowe plakietki metalowe zachowuj\u0105 integralno\u015b\u0107 kleju w r\u00f3\u017cnych klimatach, s\u0105 odporne na rozwarstwianie zar\u00f3wno w ch\u0142odniach, jak i w ciep\u0142ych, wilgotnych \u015brodowiskach sprzeda\u017cy detalicznej.<\/li>\n<\/ul>\n<\/section>\n<section style=\"margin-bottom: 40px;\">\n<h2 style=\"color: #2b6cb0; border-bottom: 2px solid #e2e8f0; padding-bottom: 10px;\">Szerokie zastosowania w wielu bran\u017cach<\/h2>\n<p>Wszechstronno\u015b\u0107 niestandardowych kolorowych naklejek niklowych sprawia, \u017ce \u200b\u200bs\u0105 one preferowanym wyborem w przypadku szerokiej gamy towar\u00f3w luksusowych i konsumenckich. Jego ultracienki profil umo\u017cliwia bezproblemow\u0105 integracj\u0119 i sprawia wra\u017cenie, jakby logo zosta\u0142o bezpo\u015brednio wydrukowane lub umieszczone w produkcie.<\/p>\n<div style=\"display: flex; flex-wrap: wrap; gap: 20px; margin-top: 20px;\">\n<div style=\"flex: 1 1 calc(33.333% - 20px); background: #f8fafc; padding: 20px; border-radius: 6px; border: 1px solid #e2e8f0;\">\n<h3 style=\"color: #2d3748; font-size: 1.1em; margin-top: 0;\">Kosmetyki i zapachy<\/h3>\n<p style=\"color: #4a5568; font-size: 0.95em;\">Najlepszy wyb\u00f3r w przypadku niestandardowych metalowych etykiet na butelki perfum. Elastyczna grubo\u015b\u0107 0,045\u20130,12 mm pozwala na idealne owini\u0119cie kalkomanii wok\u00f3\u0142 zakrzywionego szk\u0142a, zapewniaj\u0105c wspania\u0142e srebrne lub niestandardowe wyko\u0144czenie, kt\u00f3re krzyczy o luksusie.<\/p>\n<\/div>\n<div style=\"flex: 1 1 calc(33.333% - 20px); background: #f8fafc; padding: 20px; border-radius: 6px; border: 1px solid #e2e8f0;\">\n<h3 style=\"color: #2d3748; font-size: 1.1em; margin-top: 0;\">Elektronika u\u017cytkowa<\/h3>\n<p style=\"color: #4a5568; font-size: 0.95em;\">Szeroko stosowany w telefonach kom\u00f3rkowych, obudowach telefon\u00f3w kom\u00f3rkowych, sprz\u0119cie AGD, laptopach i sprz\u0119cie audio. Metalowa naklejka transferowa zapewnia doskona\u0142y dotyk obudowom z tworzywa sztucznego lub aluminium.<\/p>\n<\/div>\n<div style=\"flex: 1 1 calc(33.333% - 20px); background: #f8fafc; padding: 20px; border-radius: 6px; border: 1px solid #e2e8f0;\">\n<h3 style=\"color: #2d3748; font-size: 1.1em; margin-top: 0;\">Motoryzacja i maszyny<\/h3>\n<p style=\"color: #4a5568; font-size: 0.95em;\">Wystarczaj\u0105co trwa\u0142e, aby pomie\u015bci\u0107 wewn\u0119trzne deski rozdzielcze samochod\u00f3w, plakietki na kierownicy i oznakowanie ci\u0119\u017ckich maszyn. Materia\u0142 niklowy jest wysoce odporny na zu\u017cycie, rozdarcie i codzienne tarcie.<\/p>\n<\/div>\n<\/div>\n<\/section>\n<section style=\"margin-bottom: 40px;\">\n<h2 style=\"color: #2b6cb0; border-bottom: 2px solid #e2e8f0; padding-bottom: 10px;\">Instrukcje instalacji krok po kroku<\/h2>\n<p>Uzyskanie bezb\u0142\u0119dnej aplikacji dzi\u0119ki naszym naklejkom z metalowym logo 3D jest prostym procesem. W celu uzyskania najlepszej przyczepno\u015bci i efekt\u00f3w wizualnych zalecamy przestrzeganie poni\u017cszych wskaz\u00f3wek monta\u017cowych:<\/p>\n<ol style=\"background-color: #fbfdff; border: 1px solid #bee3f8; border-radius: 8px; padding: 25px 25px 25px 45px; color: #2c5282;\">\n<li style=\"margin-bottom: 10px;\"><strong>Surface Preparation:<\/strong> Upewnij si\u0119, \u017ce powierzchnia aplikacji (np. szklana butelka perfum lub plastikowa obudowa urz\u0105dzenia) jest ca\u0142kowicie czysta, sucha i wolna od kurzu, olej\u00f3w lub odcisk\u00f3w palc\u00f3w. Zaleca si\u0119 przetarcie obszaru \u0142agodnym roztworem alkoholu izopropylowego.<\/li>\n<li style=\"margin-bottom: 10px;\"><strong>Peel the Backing:<\/strong> Ostro\u017cnie zdejmij dolny papier zabezpieczaj\u0105cy, ods\u0142aniaj\u0105c warstw\u0119 kleju 3M o wysokiej wytrzyma\u0142o\u015bci. Nale\u017cy uwa\u017ca\u0107, aby nie dotkn\u0105\u0107 kleju palcami.<\/li>\n<li style=\"margin-bottom: 10px;\"><strong>Stanowisko i zastosowanie:<\/strong> Dopasuj kolorow\u0105 niklowan\u0105 naklejk\u0119 do obszaru docelowego. Po wyr\u00f3wnaniu nale\u017cy mocno docisn\u0105\u0107 go do powierzchni. Zastosuj r\u00f3wnomierny nacisk na ca\u0142\u0105 naklejk\u0119 za pomoc\u0105 kciuka lub mi\u0119kkiej \u015bci\u0105gaczki, aby usun\u0105\u0107 wszelkie uwi\u0119zione p\u0119cherzyki powietrza.<\/li>\n<li style=\"margin-bottom: 10px;\"><strong>Usu\u0144 foli\u0119 no\u015bn\u0105:<\/strong> Po odczekaniu kilku chwil, a\u017c uformuje si\u0119 pocz\u0105tkowe po\u0142\u0105czenie, powoli odklej przezroczyst\u0105 foli\u0119 ochronn\u0105 z g\u00f3ry, poci\u0105gaj\u0105c pod ostrym k\u0105tem 180 stopni, aby pozostawi\u0107 jedynie osza\u0142amiaj\u0105cy metalowy napis.<\/li>\n<\/ol>\n<\/section>\n<section style=\"margin-bottom: 40px;\">\n<h2 style=\"color: #2b6cb0; border-bottom: 2px solid #e2e8f0; padding-bottom: 10px;\">Mo\u017cliwo\u015bci dostosowywania i wytyczne dotycz\u0105ce grafiki<\/h2>\n<p>Jako wyspecjalizowany producent fabryczny nie ograniczamy Twojej kreatywno\u015bci. Ka\u017cdy projekt wykonywany jest na zam\u00f3wienie, co gwarantuje idealne dopasowanie estetyki Twojej marki.<\/p>\n<ul style=\"color: #4a5568; line-height: 1.8;\">\n<li><strong>Kszta\u0142t, rozmiar i kolor:<\/strong> Oferujemy ca\u0142kowicie niestandardowe wymiary i kszta\u0142ty. Niezale\u017cnie od tego, czy potrzebujesz odr\u0119bnych pojedynczych liter, skomplikowanych herb\u00f3w czy geometrycznych plakietek, nasz zesp\u00f3\u0142 produkcyjny jest w stanie to zrobi\u0107. Dost\u0119pne s\u0105 us\u0142ugi dopasowywania kolor\u00f3w, aby zapewni\u0107 dok\u0142adne odwzorowanie palety Twojej marki w ostatecznym galwanicznym wyko\u0144czeniu.<\/li>\n<li><strong>Obs\u0142ugiwane formaty grafiki:<\/strong> Aby zapewni\u0107 najwy\u017cszy poziom precyzji w naszym procesie produkcyjnym, potrzebujemy plik\u00f3w graficznych w formacie wektorowym. Prosimy o przesy\u0142anie projekt\u00f3w w formacie <strong>AI, PDF, CDR, or CAD<\/strong> formaty. Pliki wektorowe umo\u017cliwiaj\u0105 naszemu oprogramowaniu produkcyjnemu \u015bledzenie dok\u0142adnych \u015bcie\u017cek osadzania metalu, co skutkuje idealnie wyra\u017anymi liniami i szczeg\u00f3\u0142ami.<\/li>\n<li><strong>Wymagania dotycz\u0105ce opakowania:<\/strong> Standardowe pakowanie odbywa si\u0119 w bezpiecznych workach ochronnych OPP, aby zapobiec zarysowaniu podczas transportu, chocia\u017c na zapytanie mo\u017cna om\u00f3wi\u0107 niestandardowe rozwi\u0105zania w zakresie opakowa\u0144 gotowych do sprzeda\u017cy detalicznej.<\/li>\n<\/ul>\n<\/section>\n<section style=\"margin-bottom: 40px;\">\n<h2 style=\"color: #2b6cb0; border-bottom: 2px solid #e2e8f0; padding-bottom: 10px;\">Zaufanie, zapewnienie jako\u015bci i globalna logistyka<\/h2>\n<p>W JTT Precision Metal Co., Ltd. \u0142\u0105czymy ponad dwudziestoletnie do\u015bwiadczenie w produkcji ze \u015bcis\u0142ymi protoko\u0142ami kontroli jako\u015bci. Wszystkie nasze metalowe naklejki posiadaj\u0105 certyfikat <strong>SGS, ROHS i MSDS<\/strong>, zapewniaj\u0105c zgodno\u015b\u0107 z mi\u0119dzynarodowymi standardami ochrony \u015brodowiska i bezpiecze\u0144stwa.<\/p>\n<div style=\"display: flex; flex-wrap: wrap; gap: 20px; margin-top: 20px;\">\n<div style=\"flex: 1 1 calc(50% - 20px); background: #ffffff; padding: 20px; border-radius: 6px; box-shadow: 0 2px 10px rgba(0,0,0,0.08);\">\n<h3 style=\"color: #2d3748; margin-top: 0; font-size: 1.1em; border-bottom: 2px solid #edf2f7; padding-bottom: 10px;\">Szybkie terminy realizacji<\/h3>\n<p style=\"color: #4a5568; margin-bottom: 0;\">Rozumiemy, \u017ce szybko\u015b\u0107 wprowadzenia produktu na rynek ma kluczowe znaczenie. Aby istniej\u0105ce pr\u00f3bki mog\u0142y sprawdzi\u0107 nasz\u0105 jako\u015b\u0107, oferujemy szybk\u0105 <strong>Dostawa w ci\u0105gu 1 dnia<\/strong>. Je\u015bli potrzebujesz niestandardowej pr\u00f3bki swojego konkretnego projektu, nasza elastyczna produkcja pozwala na szybk\u0105 realizacj\u0119 <strong>3-5 dni<\/strong>. Mass production times are efficiently scheduled depending on your total order quantity.<\/p>\n<\/div>\n<div style=\"flex: 1 1 calc(50% - 20px); background: #ffffff; padding: 20px; border-radius: 6px; box-shadow: 0 2px 10px rgba(0,0,0,0.08);\">\n<h3 style=\"color: #2d3748; margin-top: 0; font-size: 1.1em; border-bottom: 2px solid #edf2f7; padding-bottom: 10px;\">Bezpieczni partnerzy wysy\u0142kowi<\/h3>\n<p style=\"color: #4a5568; margin-bottom: 0;\">Obs\u0142ugujemy klient\u00f3w na ca\u0142ym \u015bwiecie i koordynujemy niezawodne wysy\u0142ki drog\u0105 morsk\u0105, lotnicz\u0105 lub kurierami ekspresowymi, w tym <strong>DHL, UPS i inne zaufane sieci ekspresowe<\/strong>. Dbamy o to, aby Twoje niestandardowe etykiety metalowe dotar\u0142y bezpiecznie, dok\u0142adnie wtedy, gdy ich potrzebujesz.<\/p>\n<\/div>\n<\/div>\n<div style=\"background: #f7fafc; padding: 20px; border-radius: 6px; margin-top: 20px; border-left: 4px solid #4299e1;\">\n<h3 style=\"color: #2d3748; margin-top: 0; font-size: 1.1em;\">Bezpieczne metody p\u0142atno\u015bci<\/h3>\n<p style=\"color: #4a5568; margin-bottom: 0;\">Aby zapewni\u0107 naszym mi\u0119dzynarodowym nabywcom spok\u00f3j ducha i bezpiecze\u0144stwo danych, oferujemy szerok\u0105 gam\u0119 zaufanych warunk\u00f3w p\u0142atno\u015bci. Standardowe warunki to <strong>T\/T 30% as deposit, and the balance before delivery<\/strong>. Bezpiecznie przetwarzamy transakcje za po\u015brednictwem <strong>P\u0142atno\u015b\u0107 kart\u0105 kredytow\u0105, PayPal, przelew bankowy, zam\u00f3wienia Western Union, L\/C, T\/T i Alibaba Trade Assurance<\/strong>. Nasze r\u00f3\u017cnorodne opcje zapewniaj\u0105 ochron\u0119 Twoich danych finansowych za po\u015brednictwem uznanych na ca\u0142ym \u015bwiecie bramek p\u0142atniczych.<\/p>\n<\/div>\n<\/section>\n<section style=\"margin-bottom: 40px;\">\n<h2 style=\"color: #2b6cb0; border-bottom: 2px solid #e2e8f0; padding-bottom: 10px;\">Frequently Asked Questions (Key Points)<\/h2>\n<div style=\"margin-bottom: 15px; border: 1px solid #e2e8f0; border-radius: 5px; padding: 15px; background: #ffffff; box-shadow: 0 1px 3px rgba(0,0,0,0.05);\">\n<h4 style=\"margin: 0 0 10px 0; color: #2d3748; font-size: 1.1em;\">P: Czy te niestandardowe kolorowe naklejki niklowe mo\u017cna nak\u0142ada\u0107 na zakrzywione butelki perfum?<\/h4>\n<p style=\"margin: 0; color: #4a5568;\">Odpowied\u017a: Tak, absolutnie. Poniewa\u017c grubo\u015b\u0107 materia\u0142u waha si\u0119 od 0,045 mm do 0,12 mm, metalowa naklejka z logo jest bardzo elastyczna i pi\u0119knie dopasowuje si\u0119 do zakrzywionych powierzchni szklanych, plastikowych lub metalowych.<\/p>\n<\/div>\n<div style=\"margin-bottom: 15px; border: 1px solid #e2e8f0; border-radius: 5px; padding: 15px; background: #ffffff; box-shadow: 0 1px 3px rgba(0,0,0,0.05);\">\n<h4 style=\"margin: 0 0 10px 0; color: #2d3748; font-size: 1.1em;\">P: Co si\u0119 stanie, je\u015bli na metalow\u0105 naklejk\u0119 rozleje si\u0119 perfum lub alkohol?<\/h4>\n<p style=\"margin: 0; color: #4a5568;\">A: Our 100% nickel labels are highly resistant to standard cosmetic solvents. The electroplated surface will not lose its luster, and our industrial 3M adhesives are selected to resist degradation from essential oils and alcohol commonly found in perfumes.<\/p>\n<\/div>\n<div style=\"margin-bottom: 15px; border: 1px solid #e2e8f0; border-radius: 5px; padding: 15px; background: #ffffff; box-shadow: 0 1px 3px rgba(0,0,0,0.05);\">\n<h4 style=\"margin: 0 0 10px 0; color: #2d3748; font-size: 1.1em;\">Q: What kind of files do I need to send to get a quote?<\/h4>\n<p style=\"margin: 0; color: #4a5568;\">Odp.: Prze\u015blij swoje logo lub projekt w formacie wektorowym, takim jak AI, PDF, CDR lub CAD. Pliki wektorowe zapewniaj\u0105 najwy\u017csz\u0105 precyzj\u0119 proces\u00f3w osadzania i ci\u0119cia metalu.<\/p>\n<\/div>\n<div style=\"margin-bottom: 15px; border: 1px solid #e2e8f0; border-radius: 5px; padding: 15px; background: #ffffff; box-shadow: 0 1px 3px rgba(0,0,0,0.05);\">\n<h4 style=\"margin: 0 0 10px 0; color: #2d3748; font-size: 1.1em;\">P: Sk\u0105d mam wiedzie\u0107, jako\u015b\u0107 produkcji Twojej fabryki?<\/h4>\n<p style=\"margin: 0; color: #4a5568;\">Odp.: Dzi\u0119ki ponad 20-letniemu do\u015bwiadczeniu w produkcji firma JTT Precision Metal Co., Ltd. jest zaufanym globalnym dostawc\u0105. Nasze produkty s\u0105 \u015bci\u015ble zgodne z certyfikatami SGS, ROHS i MSDS. Ponadto oferujemy dostaw\u0119 istniej\u0105cych pr\u00f3bek w ci\u0105gu 1 dnia, dzi\u0119ki czemu mo\u017cesz fizycznie zweryfikowa\u0107 najwy\u017csz\u0105 jako\u015b\u0107 przed przyst\u0105pieniem do masowej produkcji.<\/p>\n<\/div>\n<\/section>\n<div id=\"rfq-section\" style=\"background-color: #2c5282; color: #ffffff; padding: 40px; text-align: center; border-radius: 8px; margin-top: 40px; box-shadow: 0 10px 25px rgba(0,0,0,0.15);\">\n<h2 style=\"margin-top: 0; color: #ffffff; font-size: 2em;\">Ready to Elevate Your Brand Packaging?<\/h2>\n<p style=\"font-size: 1.1em; max-width: 700px; margin: 0 auto 25px auto; color: #ebf8ff;\">Skontaktuj si\u0119 z JTT Precision Metal Co., Ltd. ju\u017c dzi\u015b. Udost\u0119pnij nam swoje pliki projektowe (AI, PDF, CDR, CAD) i wymagania aplikacji. Nasi specjali\u015bci ds. produkcji technicznej dokonaj\u0105 przegl\u0105du Twojego projektu i przedstawi\u0105 kompleksow\u0105, niestandardow\u0105 ofert\u0119 dostosowan\u0105 do Twoich konkretnych potrzeb.<\/p>\n<p><a style=\"background-color: #ecc94b; color: #744210; padding: 16px 35px; text-decoration: none; font-size: 1.2em; font-weight: bold; border-radius: 5px; display: inline-block; transition: all 0.3s ease; box-shadow: 0 4px 6px rgba(0,0,0,0.1);\" href=\"mailto:fiona@jttlogo.net\">Wy\u015blij zapytanie\/pro\u015bb\u0119 o wycen\u0119<\/a><\/p>\n<p style=\"margin-top: 20px; font-size: 0.9em; color: #90cdf4;\">*Skontaktuj si\u0119 z nami, aby uzyska\u0107 niestandardow\u0105 wycen\u0119 w oparciu o wymagania Twojego projektu. Dost\u0119pne s\u0105 globalne wysy\u0142ki i bezpieczne bramki p\u0142atnicze (Trade Assurance, PayPal, T\/T).<\/p>\n<\/div>\n<\/article>","protected":false},"excerpt":{"rendered":"<p>Wypromuj swoj\u0105 mark\u0119 dzi\u0119ki niestandardowym kolorowym naklejkom z niklowanego metalu. Te wysokiej jako\u015bci metalowe naklejki, wyposa\u017cone w nikiel 100%, techniki galwaniczne i mocne kleje 3M, idealnie nadaj\u0105 si\u0119 do butelek perfum, elektroniki i luksusowych opakowa\u0144. Wspierane przez ponad 20-letnie do\u015bwiadczenie w produkcji. Skontaktuj si\u0119 z JTT Precision Metal, aby uzyska\u0107 niestandardow\u0105 wycen\u0119!<\/p>","protected":false},"featured_media":3941,"comment_status":"open","ping_status":"closed","template":"","meta":[],"product_brand":[],"product_cat":[48],"product_tag":[],"class_list":{"0":"post-4003","1":"product","2":"type-product","3":"status-publish","4":"has-post-thumbnail","6":"product_cat-nickel-metal-sticker","8":"first","9":"instock","10":"shipping-taxable","11":"product-type-simple"},"jetpack-related-posts":[],"jetpack_sharing_enabled":true,"_links":{"self":[{"href":"https:\/\/jttlogos.com\/pl\/wp-json\/wp\/v2\/product\/4003","targetHints":{"allow":["GET"]}}],"collection":[{"href":"https:\/\/jttlogos.com\/pl\/wp-json\/wp\/v2\/product"}],"about":[{"href":"https:\/\/jttlogos.com\/pl\/wp-json\/wp\/v2\/types\/product"}],"replies":[{"embeddable":true,"href":"https:\/\/jttlogos.com\/pl\/wp-json\/wp\/v2\/comments?post=4003"}],"wp:featuredmedia":[{"embeddable":true,"href":"https:\/\/jttlogos.com\/pl\/wp-json\/wp\/v2\/media\/3941"}],"wp:attachment":[{"href":"https:\/\/jttlogos.com\/pl\/wp-json\/wp\/v2\/media?parent=4003"}],"wp:term":[{"taxonomy":"product_brand","embeddable":true,"href":"https:\/\/jttlogos.com\/pl\/wp-json\/wp\/v2\/product_brand?post=4003"},{"taxonomy":"product_cat","embeddable":true,"href":"https:\/\/jttlogos.com\/pl\/wp-json\/wp\/v2\/product_cat?post=4003"},{"taxonomy":"product_tag","embeddable":true,"href":"https:\/\/jttlogos.com\/pl\/wp-json\/wp\/v2\/product_tag?post=4003"}],"curies":[{"name":"wp","href":"https:\/\/api.w.org\/{rel}","templated":true}]}}