{"id":4008,"date":"2020-06-12T03:55:08","date_gmt":"2020-06-12T03:55:08","guid":{"rendered":"https:\/\/jttlogos.com\/?post_type=product&#038;p=4008"},"modified":"2026-04-18T09:34:41","modified_gmt":"2026-04-18T09:34:41","slug":"custom-made-self-adhesive-silver-metal-electroformed-nickel-transfer-stickers-for-perfume-bottle-guitar-piano-musical-instrument","status":"publish","type":"product","link":"https:\/\/jttlogos.com\/pl\/produkt\/wykonane-samoprzylepne-srebrne-metalowe-elektroformowane-nikiel-naklejki-do-przenoszenia-do-perfum-butelka-gitary-fortepianowy-instrument-muzyczny\/","title":{"rendered":"Niestandardowe ultracienkie naklejki z logo w kolorze srebrnego niklu | Samoprzylepne naklejki transferowe 3M do gitar, fortepian\u00f3w i opakowa\u0144"},"content":{"rendered":"<article style=\"font-family: Arial, sans-serif; line-height: 1.6; color: #333; padding: 20px; max-width: 100%; margin: 0 auto;\"><!-- Banner \/ Main Image Placeholder --><iframe loading=\"lazy\" title=\"Custom metal nameplate label nickel stickers with strong 3M adhesive glue logo sticker for machine\" width=\"1020\" height=\"765\" src=\"https:\/\/www.youtube.com\/embed\/I6YmF8QiPag?feature=oembed\" frameborder=\"0\" allow=\"accelerometer; autoplay; clipboard-write; encrypted-media; gyroscope; picture-in-picture; web-share\" referrerpolicy=\"strict-origin-when-cross-origin\" allowfullscreen><\/iframe><\/p>\n<h2 style=\"color: #004080; font-size: 28px; border-bottom: 2px solid #004080; padding-bottom: 10px; margin-top: 30px;\">Premium Custom Made Self-Adhesive Silver Metal Transfer Stickers for Brand Enhancement<\/h2>\n<p style=\"font-size: 16px; margin-bottom: 15px;\">Na dzisiejszym wysoce konkurencyjnym rynku wizualna prezentacja produktu jest najwa\u017cniejsza. Niezale\u017cnie od tego, czy zajmujesz si\u0119 produkcj\u0105 luksusowych butelek perfum, wytwarzaniem doskona\u0142ych instrument\u00f3w muzycznych, takich jak gitary i fortepiany, czy produkcj\u0105 wysokiej klasy elektroniki u\u017cytkowej, jako\u015b\u0107 logo Twojej marki m\u00f3wi wiele. Na <strong>JTT Precision Metal Co., Ltd (<a style=\"color: #0056b3; text-decoration: none;\" href=\"https:\/\/jttlogos.com\/pl\/\">jttlogos.com<\/a>)<\/strong>, wnosimy ponad 20 lat dedykowanego do\u015bwiadczenia produkcyjnego, aby pom\u00f3c Ci podnie\u015b\u0107 to\u017csamo\u015b\u0107 Twojej marki. Nasz zwyczaj <a style=\"color: #0056b3; text-decoration: none;\" href=\"https:\/\/jttlogos.com\/pl\/kategoria-produktu\/naklejka-metalowa-nikiel\/\">Naklejki metalowe nikiel<\/a> i srebrne, metalowe naklejki transferowe zapewniaj\u0105 wyj\u0105tkowe, wysokiej jako\u015bci metaliczne wyko\u0144czenie, kt\u00f3rego po prostu nie da si\u0119 osi\u0105gn\u0105\u0107 w przypadku standardowych etykiet papierowych lub winylowych.<\/p>\n<p style=\"font-size: 16px; margin-bottom: 20px;\">Zaprojektowane specjalnie z my\u015bl\u0105 o bezproblemowej aplikacji, nasze niklowe etykiety 100% wykorzystuj\u0105 zaawansowan\u0105 technologi\u0119 galwanizacji, aby zapewni\u0107 nieskazitelny, ultracienki profil. Dzi\u0119ki temu po na\u0142o\u017ceniu niestandardowe metalowe naklejki z logo b\u0119d\u0105 wygl\u0105da\u0107 tak, jakby by\u0142y trwale wkomponowane w powierzchni\u0119 produktu. Zwi\u0119ksz widoczno\u015b\u0107 swojej marki, zbuduj zaufanie klient\u00f3w i zaprezentuj najwy\u017cszy kunszt dzi\u0119ki naszym dostosowanym rozwi\u0105zaniom w zakresie naklejek metalowych.<\/p>\n<p><!-- CTA Block --><\/p>\n<div style=\"background-color: #f8f9fa; border: 1px solid #e9ecef; border-radius: 8px; padding: 20px; text-align: center; margin: 30px 0;\">\n<h3 style=\"margin-top: 0; color: #333;\">Ready to Elevate Your Brand Packaging?<\/h3>\n<p style=\"color: #666; margin-bottom: 20px;\">Prze\u015blij swoj\u0105 grafik\u0119 ju\u017c dzi\u015b, a otrzymasz szybk\u0105 pr\u00f3bk\u0119 niestandardowych naklejek z metalowym logo.<\/p>\n<p><a style=\"display: inline-block; background-color: #0056b3; color: #ffffff; padding: 12px 24px; text-decoration: none; font-weight: bold; border-radius: 4px; margin: 0 10px;\" href=\"mailto:fiona@jttlogo.net\">Popro\u015b o wycen\u0119 (RFQ)<\/a><br \/>\n<a style=\"display: inline-block; background-color: #28a745; color: #ffffff; padding: 12px 24px; text-decoration: none; font-weight: bold; border-radius: 4px; margin: 0 10px;\" href=\"https:\/\/jttlogos.com\/pl\/skontaktuj-sie-z-nami\/\">Popro\u015b o pr\u00f3bki naklejek<\/a><\/p>\n<\/div>\n<h2 style=\"color: #004080; font-size: 24px; margin-top: 40px;\">Dlaczego warto wybra\u0107 JTT Precision Metal? (Nasze zaanga\u017cowanie w jako\u015b\u0107 i zaufanie)<\/h2>\n<p style=\"font-size: 16px; margin-bottom: 15px;\">W przypadku pozyskiwania niestandardowych metalowych znacznik\u00f3w marki B2B wsp\u00f3\u0142praca ze sprawdzonym producentem ma kluczowe znaczenie. Dzi\u0119ki ponad dwudziestoletniej obecno\u015bci w bran\u017cy produkcji metalowych logo firma JTT Precision Metal Co., Ltd. zyska\u0142a solidn\u0105 reputacj\u0119 dzi\u0119ki doskona\u0142o\u015bci. Specjalizujemy si\u0119 w niestandardowych naklejkach z logo z niklu, metalowych naklejkach z logo ze stali nierdzewnej i metalowych naklejkach z logo 3D. Nasza wieloletnia historia opiera si\u0119 na \u015bcis\u0142ym zapewnieniu jako\u015bci i ci\u0105g\u0142ym doskonaleniu technologicznym.<\/p>\n<p style=\"font-size: 16px; margin-bottom: 15px;\"><strong>Bezkompromisowa gwarancja jako\u015bci i certyfikaty:<\/strong> We understand that our B2B clients require materials that meet rigorous international standards. Our manufacturing process is fully backed by <strong>Certyfikaty SGS, ROHS i MSDS<\/strong>. Oznacza to, \u017ce nasze niestandardowe naklejki transferowe na metal s\u0105 zgodne z wymogami ochrony \u015brodowiska, bezpieczne w r\u00f3\u017cnorodnych zastosowaniach i produkowane zgodnie z rygorystycznymi protoko\u0142ami kontroli jako\u015bci, aby zapewni\u0107 sp\u00f3jno\u015b\u0107 w ka\u017cdej serii produkcyjnej.<\/p>\n<p style=\"font-size: 16px; margin-bottom: 20px;\"><strong>Prywatno\u015b\u0107 klienta i bezpieczny przep\u0142yw pracy:<\/strong> W\u0142asno\u015b\u0107 intelektualna Twojej marki jest u nas bezpieczna. Przestrzegamy rygorystycznych zasad prywatno\u015bci dotycz\u0105cych plik\u00f3w graficznych CAD, AI, PDF i CDR. Nasz kompleksowy przep\u0142yw pracy B2B zapewnia jasn\u0105 komunikacj\u0119 od wst\u0119pnego zapytania ofertowego i zatwierdzenia grafiki po masow\u0105 produkcj\u0119 i ostateczn\u0105 dostaw\u0119, wspieraj\u0105c godne zaufania i przejrzyste partnerstwo.<\/p>\n<p><!-- Product Image Placeholder --><\/p>\n<p><img data-recalc-dims=\"1\" decoding=\"async\" class=\"alignnone wp-image-1418 size-full\" src=\"https:\/\/i0.wp.com\/jttlogos.com\/wp-content\/uploads\/2020\/06\/nickel-metal-sticker-84.jpg?resize=600%2C450&#038;ssl=1\" alt=\"Detailed view of 100% nickel gold metal logo sticker with 3M adhesive backing\" width=\"600\" height=\"450\" title=\"\"><\/p>\n<h2 style=\"color: #004080; font-size: 24px; margin-top: 40px;\">Kompleksowe specyfikacje produktu<\/h2>\n<p style=\"font-size: 16px; margin-bottom: 15px;\">Nasze wykonane na zam\u00f3wienie samoprzylepne naklejki transferowe w kolorze srebrnym s\u0105 wykonane tak, aby spe\u0142nia\u0107 dok\u0142adne specyfikacje Twojego projektu. Wykorzystujemy najwy\u017cszej jako\u015bci nikiel 100%, przetwarzany za pomoc\u0105 wyrafinowanych metod galwanizacji, aby uzyska\u0107 wspania\u0142e kolory i wyj\u0105tkow\u0105 trwa\u0142o\u015b\u0107. Poni\u017cej znajduje si\u0119 szczeg\u00f3\u0142owy przegl\u0105d specyfikacji technicznych naszych produkt\u00f3w:<\/p>\n<p><!-- Inline CSS Beautified Table --><\/p>\n<table style=\"width: 100%; border-collapse: collapse; margin: 25px 0; font-family: Arial, sans-serif; box-shadow: 0 4px 8px rgba(0,0,0,0.05); background-color: #ffffff;\">\n<thead>\n<tr style=\"background-color: #004080; color: #ffffff; text-align: left;\">\n<th style=\"padding: 15px; border: 1px solid #003366;\">Atrybut specyfikacji<\/th>\n<th style=\"padding: 15px; border: 1px solid #003366;\">Szczeg\u00f3\u0142y i opcje<\/th>\n<\/tr>\n<\/thead>\n<tbody>\n<tr style=\"background-color: #f9f9f9;\">\n<td style=\"padding: 15px; border: 1px solid #ddd; font-weight: bold; color: #333;\">Kategoria przedmiotu<\/td>\n<td style=\"padding: 15px; border: 1px solid #ddd; color: #555;\"><a style=\"color: #0056b3;\" href=\"https:\/\/jttlogos.com\/pl\/kategoria-produktu\/naklejka-metalowa-nikiel\/\">Naklejki metalowe nikiel<\/a>, Metalowe naklejki transferowe<\/td>\n<\/tr>\n<tr>\n<td style=\"padding: 15px; border: 1px solid #ddd; font-weight: bold; color: #333;\">Material Composition<\/td>\n<td style=\"padding: 15px; border: 1px solid #ddd; color: #555;\">Wysokiej jako\u015bci metal, nikiel 100%<\/td>\n<\/tr>\n<tr style=\"background-color: #f9f9f9;\">\n<td style=\"padding: 15px; border: 1px solid #ddd; font-weight: bold; color: #333;\">Technika produkcji<\/td>\n<td style=\"padding: 15px; border: 1px solid #ddd; color: #555;\">Zaawansowane galwanizacja<\/td>\n<\/tr>\n<tr>\n<td style=\"padding: 15px; border: 1px solid #ddd; font-weight: bold; color: #333;\">Zakres grubo\u015bci<\/td>\n<td style=\"padding: 15px; border: 1px solid #ddd; color: #555;\">0.045mm \u2013 0.12mm (Ultra-thin, flush finish)<\/td>\n<\/tr>\n<tr style=\"background-color: #f9f9f9;\">\n<td style=\"padding: 15px; border: 1px solid #ddd; font-weight: bold; color: #333;\">Rozmiar i kolor<\/td>\n<td style=\"padding: 15px; border: 1px solid #ddd; color: #555;\">W pe\u0142ni dostosowane do dowolnych wymaga\u0144 dotycz\u0105cych rozmiaru, kszta\u0142tu i koloru<\/td>\n<\/tr>\n<tr>\n<td style=\"padding: 15px; border: 1px solid #ddd; font-weight: bold; color: #333;\">Adhesive Options (Glue)<\/td>\n<td style=\"padding: 15px; border: 1px solid #ddd; color: #555;\">Klej 3M, klej termotopliwy 3M, dwustronny samoprzylepny<\/td>\n<\/tr>\n<tr style=\"background-color: #f9f9f9;\">\n<td style=\"padding: 15px; border: 1px solid #ddd; font-weight: bold; color: #333;\">Certyfikaty bran\u017cowe<\/td>\n<td style=\"padding: 15px; border: 1px solid #ddd; color: #555;\">Zgodny z SGS, ROHS, MSDS<\/td>\n<\/tr>\n<tr>\n<td style=\"padding: 15px; border: 1px solid #ddd; font-weight: bold; color: #333;\">Obs\u0142ugiwane formaty grafiki<\/td>\n<td style=\"padding: 15px; border: 1px solid #ddd; color: #555;\">AI, PDF, CDR, CAD lub inne formaty wektorowe<\/td>\n<\/tr>\n<tr style=\"background-color: #f9f9f9;\">\n<td style=\"padding: 15px; border: 1px solid #ddd; font-weight: bold; color: #333;\">Standard Packaging<\/td>\n<td style=\"padding: 15px; border: 1px solid #ddd; color: #555;\">Bezpieczna torba na opakowanie OPP (dost\u0119pne opakowanie zbiorcze)<\/td>\n<\/tr>\n<\/tbody>\n<\/table>\n<h2 style=\"color: #004080; font-size: 24px; margin-top: 40px;\">R\u00f3\u017cnorodne zastosowania bran\u017cowe dla niestandardowych etykiet niklowo-metalowych<\/h2>\n<p style=\"font-size: 16px; margin-bottom: 15px;\">Dzi\u0119ki ultracienkiemu profilowi \u200b\u200b(od zaledwie 0,045 mm do 0,12 mm) i solidnemu samoprzylepnemu pod\u0142o\u017cu nasze srebrne metalowe naklejki transferowe s\u0105 niezwykle wszechstronne. Pi\u0119knie dopasowuj\u0105 si\u0119 do p\u0142askich i lekko zakrzywionych powierzchni, co czyni je preferowanym wyborem w zakresie brandingu w wielu bran\u017cach o du\u017cej warto\u015bci:<\/p>\n<ul style=\"list-style-type: none; padding-left: 0; margin-bottom: 25px;\">\n<li style=\"margin-bottom: 15px; padding-left: 25px; position: relative;\"><span style=\"position: absolute; left: 0; color: #0056b3; font-weight: bold;\">\u2713<\/span><br \/>\n<strong>Instrumenty muzyczne (gitara, pianino, skrzypce):<\/strong> Standardowe grube etykiety mog\u0105 zak\u0142\u00f3ca\u0107 akustyk\u0119 lub pogarsza\u0107 jako\u015b\u0107 wykonania instrumentu. Nasze niestandardowe metalowe naklejki z logo zapewniaj\u0105 sp\u00f3jne, eleganckie rozwi\u0105zanie brandingowe, kt\u00f3re wygl\u0105da, jakby zosta\u0142o inkrustowane przez mistrza lutnika. Nikiel 100% jest odporny na matowienie, dzi\u0119ki czemu logo Twojego pianina lub gitary pozostaje nieskazitelne przez lata.<\/li>\n<li style=\"margin-bottom: 15px; padding-left: 25px; position: relative;\"><span style=\"position: absolute; left: 0; color: #0056b3; font-weight: bold;\">\u2713<\/span><br \/>\n<strong>Luksusowe butelki i kosmetyki na perfumy:<\/strong> W bran\u017cy kosmetycznej opakowanie jest cz\u0119\u015bci\u0105 do\u015bwiadczenia produktu. Niestandardowa srebrna, metalowa etykieta dodaje niezaprzeczalnego presti\u017cu szklanym butelkom perfum. Technika galwanizacji zapewnia, \u017ce \u200b\u200bmetalowa naklejka zachowuje sw\u00f3j blask nawet po wystawieniu na dzia\u0142anie olejk\u00f3w lub alkoholu zawartego w perfumach.<\/li>\n<li style=\"margin-bottom: 15px; padding-left: 25px; position: relative;\"><span style=\"position: absolute; left: 0; color: #0056b3; font-weight: bold;\">\u2713<\/span><br \/>\n<strong>Telefony kom\u00f3rkowe, obudowy i elektronika u\u017cytkowa:<\/strong> From laptops to household appliances, our 3M adhesive metal branding tags endure daily handling and temperature variations. They deliver a premium OEM aesthetic for electronic products without the cost of mechanical engraving.<\/li>\n<li style=\"margin-bottom: 15px; padding-left: 25px; position: relative;\"><span style=\"position: absolute; left: 0; color: #0056b3; font-weight: bold;\">\u2713<\/span><br \/>\n<strong>Pude\u0142ka upominkowe dotycz\u0105ce samochod\u00f3w, maszyn i opakowa\u0144:<\/strong> Ensure your brand stands out in the automotive and industrial sectors. Additionally, custom metal transfer stickers are perfect for elevating VIP packaging and corporate gift boxes, turning a simple box into a premium unboxing experience.<\/li>\n<\/ul>\n<p><!-- Inline CSS Beautified Knowledge Point --><\/p>\n<div style=\"background: linear-gradient(to right, #f0f8ff, #e6f2ff); border-left: 6px solid #004080; padding: 20px; margin: 30px 0; border-radius: 0 8px 8px 0; box-shadow: 0 2px 5px rgba(0,0,0,0.05);\">\n<h3 style=\"margin-top: 0; color: #004080; font-size: 20px; display: flex; align-items: center;\"><span style=\"font-size: 24px; margin-right: 10px;\">\ud83d\udca1<\/span> Industry Knowledge Point: The Power of 3M Adhesives in Metal Branding<\/h3>\n<p style=\"margin-bottom: 10px; font-size: 15px; color: #444;\">Trwa\u0142o\u015b\u0107 ka\u017cdej metalowej naklejki transferowej zale\u017cy w du\u017cej mierze od jako\u015bci kleju. U\u017cywamy oryginalnych <strong>Klej 3M<\/strong> I <strong>Klej termotopliwy 3M<\/strong> opcje naszych niestandardowych naklejek z logo z niklu.<\/p>\n<p style=\"margin-bottom: 0; font-size: 15px; color: #444;\"><strong>Dlaczego to ma znaczenie:<\/strong> Kleje 3M s\u0105 znane ze swojej wysokiej wytrzyma\u0142o\u015bci na \u015bcinanie, wyj\u0105tkowej odporno\u015bci na temperatur\u0119 i zdolno\u015bci \u0142\u0105czenia si\u0119 z pod\u0142o\u017cami o niskiej energii powierzchniowej (takimi jak niekt\u00f3re tworzywa sztuczne lub powlekane drewno stosowane w instrumentach muzycznych). Podczas nak\u0142adania samoprzylepnej srebrnej metalowej naklejki nale\u017cy upewni\u0107 si\u0119, \u017ce powierzchnia docelowa jest czysta, sucha i wolna od olej\u00f3w, co maksymalizuje sieciowanie kleju, co skutkuje trwa\u0142ym po\u0142\u0105czeniem klasy przemys\u0142owej, kt\u00f3re wytrzymuje codzienne zu\u017cycie.<\/p>\n<\/div>\n<h2 style=\"color: #004080; font-size: 24px; margin-top: 40px;\">Streamlined Order Process, Reliable Delivery &amp; Secure Payment<\/h2>\n<p style=\"font-size: 16px; margin-bottom: 15px;\">Zoptymalizowali\u015bmy nasz ruroci\u0105g produkcyjny i logistyczny, aby bezproblemowo obs\u0142ugiwa\u0107 klient\u00f3w B2B na ca\u0142ym \u015bwiecie. Od wst\u0119pnego prototypowania po masow\u0105 produkcj\u0119, nasz zesp\u00f3\u0142 dba o to, aby Tw\u00f3j projekt niestandardowej metalowej naklejki by\u0142 realizowany zgodnie z harmonogramem.<\/p>\n<ul style=\"font-size: 16px; line-height: 1.8; color: #444; margin-bottom: 25px;\">\n<li><strong>Szybkie pr\u00f3bkowanie:<\/strong> We offer an expedited 1-day dispatch for our existing samples to use as a quality reference. If you require a custom sample of your specific artwork, our rapid manufacturing capabilities allow for a fast 3-5 day turnaround time.<\/li>\n<li><strong>Elastyczna produkcja masowa:<\/strong> Ca\u0142kowity czas produkcji masowej jest bardzo wydajny i zale\u017cy ca\u0142kowicie od konkretnej wielko\u015bci zam\u00f3wienia. Dysponujemy mo\u017cliwo\u015bci\u0105 obs\u0142ugi zar\u00f3wno specjalistycznych partii rzemie\u015blniczych, jak i masowych wdro\u017ce\u0144 przemys\u0142owych.<\/li>\n<li><strong>Globalne opcje wysy\u0142ki:<\/strong> We ship worldwide by Sea, by Air, or via trusted express couriers including DHL, UPS, and FedEx, ensuring your goods arrive safely in their protective OPP package bags.<\/li>\n<li><strong>Warunki bezpiecznych p\u0142atno\u015bci B2B:<\/strong> We require a standard T\/T 30% as deposit, with the balance paid before delivery. To accommodate our diverse global clientele, we accept multiple secure payment methods including Credit card payment, PayPal, Bank transfer, Western Union, L\/C, T\/T, and Alibaba Trade Assurance orders.<\/li>\n<\/ul>\n<p><!-- Video\/Factory Process Image Placeholder --><\/p>\n<h2 style=\"color: #004080; font-size: 24px; margin-top: 40px;\">Frequently Asked Questions (Key Points)<\/h2>\n<p><!-- Inline CSS Beautified FAQ --><\/p>\n<dl style=\"margin: 20px 0; background-color: #ffffff; padding: 20px; border-radius: 8px; box-shadow: 0 2px 10px rgba(0,0,0,0.05); border: 1px solid #eaeaea;\">\n<dt style=\"font-weight: bold; color: #004080; font-size: 18px; margin-top: 15px; cursor: default;\">Q: What materials are used to create these metal transfer stickers?<\/dt>\n<dd style=\"margin-left: 0; padding-top: 5px; padding-bottom: 15px; border-bottom: 1px solid #f0f0f0; color: #555; font-size: 15px;\">A: Our metal transfer stickers are manufactured using 100% premium nickel through a highly precise electroplating technique. This ensures a brilliant metallic finish, incredible durability, and resistance to corrosion, making them perfect for luxury items like perfume bottles and high-end electronics.<\/dd>\n<dt style=\"font-weight: bold; color: #004080; font-size: 18px; margin-top: 15px; cursor: default;\">P: Jak cienkie s\u0105 niestandardowe metalowe naklejki z logo i czy b\u0119d\u0105 wystawa\u0107?<\/dt>\n<dd style=\"margin-left: 0; padding-top: 5px; padding-bottom: 15px; border-bottom: 1px solid #f0f0f0; color: #555; font-size: 15px;\">Odp.: Grubo\u015b\u0107 naszych naklejek z niklu wynosi od 0,045 mm do 0,12 mm. Dzi\u0119ki temu ultracienkiemu profilowi \u200b\u200bnaklejka przylega niemal idealnie do powierzchni produktu, tworz\u0105c zintegrowany, malowany wygl\u0105d, a nie niepor\u0119czn\u0105 plakietk\u0119.<\/dd>\n<dt style=\"font-weight: bold; color: #004080; font-size: 18px; margin-top: 15px; cursor: default;\">P: Na jakich powierzchniach mo\u017cna umie\u015bci\u0107 te samoprzylepne, metalowe przywieszki brandingowe 3M?<\/dt>\n<dd style=\"margin-left: 0; padding-top: 5px; padding-bottom: 15px; border-bottom: 1px solid #f0f0f0; color: #555; font-size: 15px;\">A: Thanks to the high-quality 3M adhesive backing, these custom metal labels can be firmly applied to a variety of smooth, clean surfaces including glass (perfume bottles), finished wood (guitars and pianos), plastic (mobile phone cases), and metal (machinery and automobiles).<\/dd>\n<dt style=\"font-weight: bold; color: #004080; font-size: 18px; margin-top: 15px; cursor: default;\">P: Jak przes\u0142a\u0107 moj\u0105 grafik\u0119 do projektu niestandardowego?<\/dt>\n<dd style=\"margin-left: 0; padding-top: 5px; padding-bottom: 15px; border-bottom: 1px solid #f0f0f0; color: #555; font-size: 15px;\">Odp.: Akceptujemy wiele format\u00f3w grafiki wektorowej, aby zapewni\u0107 najwy\u017csz\u0105 precyzj\u0119 produkcji. Mo\u017cesz przes\u0142a\u0107 swoje projekty za po\u015brednictwem poczty elektronicznej lub naszego portalu kontaktowego w formatach AI, PDF, CDR lub CAD. Nasi eksperci techniczni przejrz\u0105 Twoje pliki i przedstawi\u0105 indywidualn\u0105 wycen\u0119 w oparciu o rozmiar, kolor i z\u0142o\u017cono\u015b\u0107 Twojego logo.<\/dd>\n<dt style=\"font-weight: bold; color: #004080; font-size: 18px; margin-top: 15px; cursor: default;\">Q: Are your manufacturing processes environmentally compliant?<\/dt>\n<dd style=\"margin-left: 0; padding-top: 5px; padding-bottom: 5px; color: #555; font-size: 15px;\">A: Yes. At JTT Precision Metal Co., Ltd, we take environmental and safety standards seriously. Our products and manufacturing processes are strictly certified by SGS, ROHS, and MSDS, ensuring safety and compliance for international B2B commerce.<\/dd>\n<\/dl>\n<p><!-- Final Call to Action --><\/p>\n<div style=\"text-align: center; margin-top: 40px; padding-top: 20px; border-top: 1px solid #ddd;\">\n<h3 style=\"color: #333; margin-bottom: 15px;\">Zmie\u0144 opakowanie swojego produktu ju\u017c dzi\u015b<\/h3>\n<p style=\"color: #666; margin-bottom: 25px;\">Contact JTT Precision Metal Co., Ltd. for bespoke metal label solutions tailored to your unique brand requirements.<\/p>\n<p><a style=\"display: inline-block; background-color: #ff6600; color: #ffffff; padding: 14px 30px; text-decoration: none; font-size: 18px; font-weight: bold; border-radius: 5px; box-shadow: 0 4px 6px rgba(0,0,0,0.1);\" href=\"mailto:fiona@jttlogo.net\">Contact Us \/ Get Free Quote<\/a><\/p>\n<\/div>\n<\/article>","protected":false},"excerpt":{"rendered":"<p>Wysokiej jako\u015bci, wykonane na zam\u00f3wienie, samoprzylepne naklejki transferowe w kolorze srebrnym firmy JTT Precision Metal. Ultracienkie etykiety niklowe 100% z pow\u0142ok\u0105 galwaniczn\u0105 i klejem 3M. Idealny do wzmacniania marki na luksusowych butelkach perfum, gitarach, pianinach i sprz\u0119cie elektronicznym. Ponad 20 lat doskona\u0142o\u015bci produkcyjnej potwierdzonej certyfikatem SGS\/ROHS. Popro\u015b o wycen\u0119 B2B ju\u017c dzi\u015b!<\/p>","protected":false},"featured_media":3924,"comment_status":"open","ping_status":"closed","template":"","meta":[],"product_brand":[],"product_cat":[48],"product_tag":[],"class_list":{"0":"post-4008","1":"product","2":"type-product","3":"status-publish","4":"has-post-thumbnail","6":"product_cat-nickel-metal-sticker","8":"first","9":"instock","10":"shipping-taxable","11":"product-type-simple"},"jetpack-related-posts":[],"jetpack_sharing_enabled":true,"_links":{"self":[{"href":"https:\/\/jttlogos.com\/pl\/wp-json\/wp\/v2\/product\/4008","targetHints":{"allow":["GET"]}}],"collection":[{"href":"https:\/\/jttlogos.com\/pl\/wp-json\/wp\/v2\/product"}],"about":[{"href":"https:\/\/jttlogos.com\/pl\/wp-json\/wp\/v2\/types\/product"}],"replies":[{"embeddable":true,"href":"https:\/\/jttlogos.com\/pl\/wp-json\/wp\/v2\/comments?post=4008"}],"wp:featuredmedia":[{"embeddable":true,"href":"https:\/\/jttlogos.com\/pl\/wp-json\/wp\/v2\/media\/3924"}],"wp:attachment":[{"href":"https:\/\/jttlogos.com\/pl\/wp-json\/wp\/v2\/media?parent=4008"}],"wp:term":[{"taxonomy":"product_brand","embeddable":true,"href":"https:\/\/jttlogos.com\/pl\/wp-json\/wp\/v2\/product_brand?post=4008"},{"taxonomy":"product_cat","embeddable":true,"href":"https:\/\/jttlogos.com\/pl\/wp-json\/wp\/v2\/product_cat?post=4008"},{"taxonomy":"product_tag","embeddable":true,"href":"https:\/\/jttlogos.com\/pl\/wp-json\/wp\/v2\/product_tag?post=4008"}],"curies":[{"name":"wp","href":"https:\/\/api.w.org\/{rel}","templated":true}]}}