{"id":4014,"date":"2020-06-12T07:16:54","date_gmt":"2020-06-12T07:16:54","guid":{"rendered":"https:\/\/jttlogos.com\/?post_type=product&#038;p=4014"},"modified":"2026-03-30T04:52:47","modified_gmt":"2026-03-30T04:52:47","slug":"china-manufacture-custom-logo-waterproof-adhesive-3d-metal-nickel-car-stickers","status":"publish","type":"product","link":"https:\/\/jttlogos.com\/pl\/produkt\/produkcja-china-produkcja-niestandardowe-logo-wodoodporne-kleje-3d-metalowe-naklejki-na-nikiel\/","title":{"rendered":"Odznaki samochodowe-niestandardowe 3D elektroformowane metalowe naklejki samochodowe"},"content":{"rendered":"<div id=\"pl-4014\" class=\"panel-layout\">\n<div id=\"pg-4014-0\" class=\"panel-grid panel-no-style\" data-style=\"{&quot;background_image_attachment&quot;:false,&quot;background_display&quot;:&quot;tile&quot;,&quot;gutter&quot;:&quot;50px&quot;,&quot;collapse_order&quot;:&quot;right-top&quot;,&quot;cell_alignment&quot;:&quot;center&quot;}\">\n<div id=\"pgc-4014-0-0\" class=\"panel-grid-cell\" data-weight=\"0.5\">\n<div id=\"panel-4014-0-0-0\" class=\"so-panel widget widget_sow-editor panel-first-child panel-last-child\" data-index=\"0\" data-style=\"{&quot;padding&quot;:&quot;0px 0px 30px 0px&quot;,&quot;mobile_padding&quot;:&quot;4px 4px 4px 4px&quot;,&quot;background_image_attachment&quot;:false,&quot;background_display&quot;:&quot;tile&quot;}\">\n<div class=\"panel-widget-style panel-widget-style-for-4014-0-0-0\">\n<div class=\"so-widget-sow-editor so-widget-sow-editor-base\">\n<div class=\"siteorigin-widget-tinymce textwidget\"><\/div>\n<\/div>\n<\/div>\n<\/div>\n<\/div>\n<\/div>\n<div id=\"pg-4014-1\" class=\"panel-grid panel-has-style\" data-style=\"{&quot;padding&quot;:&quot;0px 0px 30px 0px&quot;,&quot;mobile_padding&quot;:&quot;0px 0px 0px 0px&quot;,&quot;background_image_attachment&quot;:false,&quot;background_display&quot;:&quot;tile&quot;,&quot;gutter&quot;:&quot;50px&quot;,&quot;cell_alignment&quot;:&quot;center&quot;}\">\n<div class=\"panel-row-style panel-row-style-for-4014-1\">\n<div id=\"pgc-4014-1-1\" class=\"panel-grid-cell\" data-weight=\"0.5\">\n<div id=\"panel-4014-1-1-0\" class=\"so-panel widget widget_sow-editor panel-first-child panel-last-child\" data-index=\"3\" data-style=\"{&quot;padding&quot;:&quot;0px 0px 0px 0px&quot;,&quot;mobile_padding&quot;:&quot;0px 0px 0px 0px&quot;,&quot;background_image_attachment&quot;:false,&quot;background_display&quot;:&quot;tile&quot;}\">\n<div class=\"panel-widget-style panel-widget-style-for-4014-1-1-0\">\n<div class=\"so-widget-sow-editor so-widget-sow-editor-base\">\n<div class=\"siteorigin-widget-tinymce textwidget\">\n<div class=\"do-entry do-entry-full\">\n<div class=\"do-entry-list\"><\/div>\n<\/div>\n<\/div>\n<\/div>\n<\/div>\n<\/div>\n<\/div>\n<\/div>\n<\/div>\n<\/div>\n<article>Na konkurencyjnym rynku motoryzacyjnym to\u017csamo\u015b\u0107 marki jest najwa\u017cniejsza. Niezale\u017cnie od tego, czy jeste\u015b producentem OEM, czy entuzjast\u0105 rynku cz\u0119\u015bci zamiennych, jako\u015b\u0107 Twojego <strong>plakietki samochodowe<\/strong> s\u0142u\u017cy jako \u201eu\u015bcisk d\u0142oni\u201d pomi\u0119dzy Twoim pojazdem a \u015bwiatem. Wed\u0142ug raport\u00f3w bran\u017cowych przewiduje si\u0119, \u017ce \u015bwiatowy rynek emblemat\u00f3w motoryzacyjnych osi\u0105gnie znacz\u0105ce wyceny do 2030 r., dzi\u0119ki wzrostowi trend\u00f3w personalizacji CAGR na poziomie 4,5%. Wysoka jako\u015b\u0107 <strong>odznaki samochodowe<\/strong> nie s\u0105 ju\u017c tylko identyfikatorami; s\u0105 symbolami luksusu i trwa\u0142o\u015bci.<iframe loading=\"lazy\" title=\"Niestandardowy silny samoprzylepny metal grube naklejki poszycie metalowe naklejki logo 3D do naklejek samochodowych\" width=\"1020\" height=\"574\" src=\"https:\/\/www.youtube.com\/embed\/ufxaVQ63bn4?feature=oembed\" frameborder=\"0\" allow=\"accelerometer; autoplay; clipboard-write; encrypted-media; gyroscope; picture-in-picture; web-share\" referrerpolicy=\"strict-origin-when-cross-origin\" allowfullscreen><\/iframe><\/p>\n<p>&nbsp;<\/p>\n<p>W JttLogos wykorzystujemy ponad 16 lat do\u015bwiadczenia w zakresie elektroformowania do produkcji <strong>odznaki samochodowe<\/strong> profesjonali\u015bci ufaj\u0105. Nasze tr\u00f3jwymiarowe naklejki z niklu z metalu zapewniaj\u0105 ol\u015bniewaj\u0105cy metaliczny po\u0142ysk i tr\u00f3jwymiarowy efekt wyt\u0142ocze\u0144, z kt\u00f3rym tradycyjne naklejki z tworzywa sztucznego po prostu nie mog\u0105 si\u0119 r\u00f3wna\u0107.<\/p>\n<h2 id=\"product-parameters\">Dane techniczne: Precyzyjnie zaprojektowane plakietki pojazd\u00f3w<\/h2>\n<p>Our <strong>plakietki pojazd\u00f3w<\/strong> s\u0105 produkowane przy u\u017cyciu zaawansowanych technik elektroformowania, zapewniaj\u0105cych precyzj\u0119 na poziomie mikron\u00f3w w przypadku skomplikowanych logo i <strong>niestandardowy napis na plakietce samochodu<\/strong>.<\/p>\n<div style=\"overflow-x: auto;\">\n<table style=\"width: 100%; border-collapse: collapse; margin: 20px 0; font-family: Arial, sans-serif; border: 1px solid #ddd;\">\n<thead>\n<tr style=\"background-color: #f2f2f2; text-align: left;\">\n<th style=\"padding: 12px; border: 1px solid #ddd;\">Parameter<\/th>\n<th style=\"padding: 12px; border: 1px solid #ddd;\">Bli\u017csze dane<\/th>\n<\/tr>\n<\/thead>\n<tbody>\n<tr>\n<td style=\"padding: 12px; border: 1px solid #ddd; font-weight: bold;\">Material<\/td>\n<td style=\"padding: 12px; border: 1px solid #ddd;\">Wysokiej jako\u015bci nikiel\/metal<\/td>\n<\/tr>\n<tr>\n<td style=\"padding: 12px; border: 1px solid #ddd; font-weight: bold;\">Technique<\/td>\n<td style=\"padding: 12px; border: 1px solid #ddd;\">Galwanizacja (wymaga niestandardowej formy)<\/td>\n<\/tr>\n<tr>\n<td style=\"padding: 12px; border: 1px solid #ddd; font-weight: bold;\">Zakres grubo\u015bci<\/td>\n<td style=\"padding: 12px; border: 1px solid #ddd;\">0,45 mm do 10 mm (ultracienkie do ci\u0119\u017ckich 3D)<\/td>\n<\/tr>\n<tr>\n<td style=\"padding: 12px; border: 1px solid #ddd; font-weight: bold;\">Adhesive Type<\/td>\n<td style=\"padding: 12px; border: 1px solid #ddd;\">Klej 3M, topliwy 3M, dwustronny samoprzylepny<\/td>\n<\/tr>\n<tr>\n<td style=\"padding: 12px; border: 1px solid #ddd; font-weight: bold;\">Certyfikaty<\/td>\n<td style=\"padding: 12px; border: 1px solid #ddd;\">SGS, ROHS, MSDS<\/td>\n<\/tr>\n<tr>\n<td style=\"padding: 12px; border: 1px solid #ddd; font-weight: bold;\">Supply Ability<\/td>\n<td style=\"padding: 12px; border: 1px solid #ddd;\">700,000 Pieces per Day<\/td>\n<\/tr>\n<\/tbody>\n<\/table>\n<\/div>\n<h2><img data-recalc-dims=\"1\" decoding=\"async\" class=\"aligncenter wp-image-1417 size-full\" src=\"https:\/\/i0.wp.com\/jttlogos.com\/wp-content\/uploads\/2020\/05\/Certification-JTT.jpg?resize=600%2C600&#038;ssl=1\" alt=\"Karta charakterystyki SGS dla logo JTT Niestandardowe emblematy i plakietki samochodowe\" width=\"600\" height=\"600\" title=\"\"><\/h2>\n<h2><span style=\"font-size: 75%;\">Dodatkowe informacje:<\/span><\/h2>\n<h2><span style=\"font-size: 75%;\"><a href=\"https:\/\/jttlogos.com\/pl\/kategoria-produktu\/3d-sticker\/\">3D metalowe naklejki<\/a><\/span><br \/>\n<span style=\"font-size: 75%;\">Rozmiar\/kolor: Dostosuj dowolny rozmiar, kszta\u0142t i kolor<\/span><br \/>\n<span style=\"font-size: 75%;\">Zastosowanie: Sprz\u0119t gospodarstwa domowego, produkty elektroniczne, opakowania na prezenty, maszyny i wiele innych dziedzin<\/span><br \/>\n<span style=\"font-size: 75%;\">Payment: T\/T 30% as deposit, and balance before delivery<\/span><br \/>\n<span style=\"font-size: 75%;\">Pakowanie: torba na opakowanie OPP<\/span><br \/>\n<span style=\"font-size: 75%;\">Wysy\u0142ka: drog\u0105 morsk\u0105, lotnicz\u0105, DHL, UPS lub inn\u0105 przesy\u0142k\u0105 ekspresow\u0105<\/span><br \/>\n<span style=\"font-size: 75%;\">Termin p\u0142atno\u015bci: p\u0142atno\u015b\u0107 kart\u0105 kredytow\u0105, Paypal, przelew bankowy, Western union, L\/C, T\/T, zlecenie ubezpieczenia handlu Alibaba itp.<\/span><br \/>\n<span style=\"font-size: 75%;\">Format grafiki: AI, PDF, CDR, CAD lub inne<\/span><\/h2>\n<h2><img data-recalc-dims=\"1\" decoding=\"async\" class=\"alignnone wp-image-1418 size-full\" src=\"https:\/\/i0.wp.com\/jttlogos.com\/wp-content\/uploads\/2020\/06\/3D-metal-sticker-7.jpg?resize=600%2C450&#038;ssl=1\" alt=\"Niestandardowe 3D metalowe niklowe plakietki samochodowe\" width=\"600\" height=\"450\" title=\"\"><\/h2>\n<h2 id=\"why-choose-us\">Dlaczego warto wybra\u0107 metalowe naklejki 3D do oznakowania pojazd\u00f3w?<\/h2>\n<p>Je\u015bli chodzi o <strong>oznakowanie pojazdu<\/strong>trwa\u0142o\u015b\u0107 jest r\u00f3wnie wa\u017cna jak estetyka. <strong>Chromowane plakietki na samochody<\/strong> musi wytrzyma\u0107 ekspozycj\u0119 na promieniowanie UV, myjnie samochodowe i wahania temperatury.<\/p>\n<div style=\"display: flex; flex-wrap: wrap; gap: 20px; margin: 20px 0;\">\n<div style=\"flex: 1; min-width: 280px; padding: 20px; border-radius: 10px; background-color: #f9f9f9; border-top: 5px solid #007bff; box-shadow: 0 4px 6px rgba(0,0,0,0.1);\">\n<h3 style=\"margin-top: 0; color: #007bff;\">Wysokiej klasy tekstura<\/h3>\n<p>Our <strong>niestandardowe plakietki samochodowe<\/strong> rozwi\u0105zania zapewniaj\u0105 wyra\u017any efekt wizualny 3D. W przeciwie\u0144stwie do naklejek p\u0142askich, te wygl\u0105daj\u0105 jak oryginalne, wbudowane elementy pojazdu, dodaj\u0105c natychmiastowego poczucia luksusu.<\/p>\n<\/div>\n<div style=\"flex: 1; min-width: 280px; padding: 20px; border-radius: 10px; background-color: #f9f9f9; border-top: 5px solid #28a745; box-shadow: 0 4px 6px rgba(0,0,0,0.1);\">\n<h3 style=\"margin-top: 0; color: #28a745;\">Ekstremalna trwa\u0142o\u015b\u0107<\/h3>\n<p>Wykonane z wysokiej jako\u015bci niklu <strong>niestandardowe plakietki na samochody<\/strong> s\u0105 wodoodporne i odporne na zu\u017cycie. Zachowuj\u0105 \u017cywy, metaliczny po\u0142ysk nawet w trudnych warunkach zewn\u0119trznych.<\/p>\n<\/div>\n<\/div>\n<p><img data-recalc-dims=\"1\" decoding=\"async\" class=\"alignnone wp-image-5947 size-full\" src=\"https:\/\/i0.wp.com\/jttlogos.com\/wp-content\/uploads\/2020\/06\/%E5%BE%AE%E4%BF%A1%E5%9B%BE%E7%89%87_20260313154820_91_1045.webp?resize=1000%2C470&#038;ssl=1\" alt=\"Proces produkcji emblemat\u00f3w samochodowych metod\u0105 galwanizacji\" width=\"1000\" height=\"470\" title=\"\" srcset=\"https:\/\/i0.wp.com\/jttlogos.com\/wp-content\/uploads\/2020\/06\/%E5%BE%AE%E4%BF%A1%E5%9B%BE%E7%89%87_20260313154820_91_1045.webp?w=1000&amp;ssl=1 1000w, https:\/\/i0.wp.com\/jttlogos.com\/wp-content\/uploads\/2020\/06\/%E5%BE%AE%E4%BF%A1%E5%9B%BE%E7%89%87_20260313154820_91_1045.webp?resize=800%2C376&amp;ssl=1 800w, https:\/\/i0.wp.com\/jttlogos.com\/wp-content\/uploads\/2020\/06\/%E5%BE%AE%E4%BF%A1%E5%9B%BE%E7%89%87_20260313154820_91_1045.webp?resize=768%2C361&amp;ssl=1 768w, https:\/\/i0.wp.com\/jttlogos.com\/wp-content\/uploads\/2020\/06\/%E5%BE%AE%E4%BF%A1%E5%9B%BE%E7%89%87_20260313154820_91_1045.webp?resize=18%2C8&amp;ssl=1 18w, https:\/\/i0.wp.com\/jttlogos.com\/wp-content\/uploads\/2020\/06\/%E5%BE%AE%E4%BF%A1%E5%9B%BE%E7%89%87_20260313154820_91_1045.webp?resize=510%2C240&amp;ssl=1 510w\" sizes=\"(max-width: 1000px) 100vw, 1000px\" \/><\/p>\n<h2 id=\"production-process\">Nauka o elektroformowaniu: jak tworzymy niestandardowe emblematy i plakietki samochodowe<\/h2>\n<div style=\"padding: 25px; background-color: #eef6ff; border-left: 6px solid #0056b3; border-radius: 4px; margin: 20px 0;\">\n<h3 style=\"margin-top: 0;\">Punkt wiedzy: Proces galwanizacji<\/h3>\n<p>Stworzenie A <strong>znaczek samochodowy, znaczek samochodowy<\/strong> to skrupulatna podr\u00f3\u017c chemii i in\u017cynierii:<\/p>\n<ol>\n<li><strong>Tworzenie formy:<\/strong> Precyzyjna obr\u00f3bka CNC w celu stworzenia projektu g\u0142\u00f3wnego.<\/li>\n<li><strong>Galwanizacja:<\/strong> Jony niklu s\u0105 osadzane warstwa po warstwie w k\u0105pieli chemicznej w celu zbudowania naklejki.<\/li>\n<li><strong>Polerowanie:<\/strong> Osi\u0105gni\u0119cie lustrzanego wyko\u0144czenia, jakie mo\u017cna znale\u017a\u0107 na rynku <strong>chromowane plakietki samochodowe<\/strong>.<\/li>\n<li><strong>Aplikacja kleju:<\/strong> Nak\u0142adanie oryginalnego kleju 3M w celu trwa\u0142ego po\u0142\u0105czenia.<\/li>\n<li><strong>Kontrola jako\u015bci i pakowanie:<\/strong> Ka\u017cdy element jest sprawdzany pod k\u0105tem wad powierzchniowych przed zamkni\u0119ciem w workach OPP.<\/li>\n<\/ol>\n<\/div>\n<h2><img data-recalc-dims=\"1\" decoding=\"async\" class=\"aligncenter wp-image-1417 size-full\" src=\"https:\/\/i0.wp.com\/jttlogos.com\/wp-content\/uploads\/2020\/05\/3D-productive-process.jpg?resize=600%2C600&#038;ssl=1\" alt=\"Proces produkcji emblemat\u00f3w i odznak samochodowych JTT Logos\" width=\"600\" height=\"600\" title=\"\"><\/h2>\n<h2 id=\"application-guide\">Jak zastosowa\u0107 niestandardowe plakietki samochodowe<\/h2>\n<p>Prawid\u0142owa instalacja gwarantuje <strong>emblematy i odznaki samochodowe<\/strong> zachowaj bezpiecze\u0144stwo na lata. Wykonaj poni\u017csze kroki eksperta:<\/p>\n<div style=\"background-color: #fff; border: 1px solid #ddd; border-radius: 8px; padding: 20px; margin: 20px 0;\">\n<ul style=\"list-style: none; padding: 0;\">\n<li style=\"margin-bottom: 10px;\"><strong>Krok 1:<\/strong> Oczy\u015b\u0107 powierzchni\u0119 such\u0105 szmatk\u0105 lub alkoholem przemys\u0142owym, aby usun\u0105\u0107 oleje.<\/li>\n<li style=\"margin-bottom: 10px;\"><strong>Krok 2:<\/strong> Odklej papier zabezpieczaj\u0105cy (uwa\u017caj, aby nie usun\u0105\u0107 przedniej folii transferowej).<\/li>\n<li style=\"margin-bottom: 10px;\"><strong>Krok 3:<\/strong> Umie\u015bci\u0107 <strong>niestandardowe chromowane plakietki do samochod\u00f3w<\/strong> i mocno doci\u015bnij.<\/li>\n<li style=\"margin-bottom: 10px;\"><strong>Krok 4:<\/strong> Za pomoc\u0105 szmatki wyg\u0142ad\u017a p\u0119cherzyki powietrza.<\/li>\n<li style=\"margin-bottom: 10px;\"><strong>Krok 5:<\/strong> Zdejmij warstw\u0119 ochronn\u0105 pod k\u0105tem 45 stopni.<\/li>\n<\/ul>\n<\/div>\n<h2 id=\"diverse-applications\">Poza drog\u0105: gdzie u\u017cywa\u0107 plakietek pojazd\u00f3w Chrome<\/h2>\n<p>Chocia\u017c naszym g\u0142\u00f3wnym celem jest <strong>niestandardowe plakietki samochodowe dla ci\u0119\u017car\u00f3wek<\/strong> i pojazd\u00f3w osobowych, wszechstronno\u015b\u0107 naszych metalowych naklejek 3D rozci\u0105ga si\u0119 na wiele bran\u017c:<\/p>\n<ul>\n<li><strong>Automotive:<\/strong> Tylne baga\u017cniki, korki wlewu paliwa, wewn\u0119trzne deski rozdzielcze i listwy okienne.<\/li>\n<li><strong>Electronics:<\/strong> Logo premium do laptop\u00f3w (np. Samsung\/Lenovo), etui na telefony i wysokiej klasy sprz\u0119tu audio.<\/li>\n<li><strong>Luxury Packaging:<\/strong> T\u0142oczone logo na butelkach wina, perfumach i pude\u0142kach na bi\u017cuteri\u0119.<\/li>\n<li><strong>Sprz\u0119t sportowy:<\/strong> Niestandardowy branding kij\u00f3w golfowych, ram rowerowych i kask\u00f3w.<\/li>\n<\/ul>\n<p><img data-recalc-dims=\"1\" decoding=\"async\" class=\"aligncenter wp-image-1417 size-full\" src=\"https:\/\/i0.wp.com\/jttlogos.com\/wp-content\/uploads\/2020\/05\/JTT-application-scenarios.jpg?resize=600%2C600&#038;ssl=1\" alt=\"aplikacja do chromowanych plakietek pojazd\u00f3w 3D\" width=\"600\" height=\"600\" title=\"\"><\/p>\n<div style=\"background-color: #333; color: #fff; padding: 25px; border-radius: 10px; margin: 30px 0;\">\n<h2 style=\"color: #fff; margin-top: 0;\">JttLogos: Tw\u00f3j zaufany partner w brandingu metali<\/h2>\n<p>Dzi\u0119ki ponad 16-letniemu do\u015bwiadczeniu JttLogos to co\u015b wi\u0119cej ni\u017c tylko producent. Jeste\u015bmy dostawc\u0105 rozwi\u0105za\u0144 dla marek takich jak <strong>Tesli, Haiera i Panasonica<\/strong>. Nasze zaanga\u017cowanie w zasady \u201eE-E-A-T\u201d gwarantuje, \u017ce otrzymasz produkty, kt\u00f3re s\u0105 nie tylko pi\u0119kne, ale tak\u017ce doskona\u0142e technicznie.<\/p>\n<p><strong>Nasze podstawowe zalety:<\/strong><\/p>\n<ul style=\"color: #ccc;\">\n<li>Najbardziej konkurencyjne ceny hurtowe bezpo\u015brednio z fabryki w Chinach.<\/li>\n<li>\u015acis\u0142y system kontroli jako\u015bci zgodny z SGS i ROHS.<\/li>\n<li>Szybka dostawa: pr\u00f3bki 1-dniowe, produkcja masowa 10-15 dni.<\/li>\n<li>Gwarancja zero waste: 100% satysfakcji przy ka\u017cdym zam\u00f3wieniu.<\/li>\n<\/ul>\n<\/div>\n<h2><img data-recalc-dims=\"1\" decoding=\"async\" class=\"aligncenter wp-image-1417 size-full\" src=\"https:\/\/i0.wp.com\/jttlogos.com\/wp-content\/uploads\/2020\/05\/jtt-company-advantage-1.jpg?resize=600%2C600&#038;ssl=1\" alt=\"4 rdzenie logo JTT dotycz\u0105ce odznak samochodowych\" width=\"600\" height=\"600\" title=\"\"><\/h2>\n<h2 id=\"faq\">Cz\u0119sto zadawane pytania dotycz\u0105ce plakietek samochodowych<\/h2>\n<div style=\"margin: 20px 0;\">\n<div style=\"margin-bottom: 15px; border-bottom: 1px solid #eee; padding-bottom: 10px;\">\n<p><strong>P: Czy te plakietki s\u0105 naprawd\u0119 wodoodporne i nadaj\u0105 si\u0119 do u\u017cytku na zewn\u0105trz samochodu?<\/strong><\/p>\n<p>O: Tak. Nasz <strong>plakietki samochodowe chromowane<\/strong> wyko\u0144czenie uzyskuje si\u0119 poprzez elektroformowanie niklu, kt\u00f3ry jest naturalnie odporny na korozj\u0119 i wilgo\u0107. W po\u0142\u0105czeniu z klejem samochodowym 3M s\u0105 przeznaczone do d\u0142ugotrwa\u0142ej ekspozycji na zewn\u0105trz.<\/p>\n<\/div>\n<div style=\"margin-bottom: 15px; border-bottom: 1px solid #eee; padding-bottom: 10px;\">\n<p><strong>P: Czy mog\u0119 zam\u00f3wi\u0107 ca\u0142kowicie niestandardowy kszta\u0142t plakietki na moj\u0105 ci\u0119\u017car\u00f3wk\u0119?<\/strong><\/p>\n<p>O: Absolutnie. Specjalizujemy si\u0119 w <strong>niestandardowe plakietki samochodowe dla ci\u0119\u017car\u00f3wek<\/strong>. Dostarczasz grafik\u0119 AI lub PDF, a my tworzymy niestandardow\u0105 form\u0119 pasuj\u0105c\u0105 do Twoich dok\u0142adnych specyfikacji.<\/p>\n<\/div>\n<div style=\"margin-bottom: 15px; border-bottom: 1px solid #eee; padding-bottom: 10px;\">\n<p><strong>P: Jaka jest minimalna grubo\u015b\u0107 efektu 3D?<\/strong><\/p>\n<p>O: Wi\u0119kszo\u015b\u0107 <strong>niestandardowe plakietki samochodowe<\/strong> zacznij od 0,45 mm, aby uzyska\u0107 subtelne wra\u017cenie 3D, ale mo\u017cemy zwi\u0119kszy\u0107 do 10 mm, aby uzyska\u0107 ci\u0119\u017cki, t\u0142oczony wygl\u0105d premium.<\/p>\n<\/div>\n<\/div>\n<p style=\"text-align: center; margin-top: 40px;\"><a style=\"background-color: #d32f2f; color: white; padding: 15px 30px; text-decoration: none; border-radius: 5px; font-weight: bold; font-size: 1.2em;\" href=\"https:\/\/jttlogos.com\/pl\/skontaktuj-sie-z-nami\/\">Ju\u017c dzi\u015b uzyskaj wycen\u0119 niestandardowych plakietek samochodowych<\/a><\/p>\n<\/article>","protected":false},"excerpt":{"rendered":"<p>JTT is a leading global supplier and manufacturer of Metal Stickers, Nickel Metal Stickers, Stainless Steel Metal Stickers, 3D Metal Stickers, Mesh Speaker Metal Stickers, specialized in this industry over 14 years.<\/p>\n<p>The specific price is determined by the product.<\/p>","protected":false},"featured_media":3910,"comment_status":"open","ping_status":"closed","template":"","meta":[],"product_brand":[],"product_cat":[53,953],"product_tag":[],"class_list":{"0":"post-4014","1":"product","2":"type-product","3":"status-publish","4":"has-post-thumbnail","6":"product_cat-3d-metal-sticker","7":"product_cat-car-flags-metal-sticker","9":"first","10":"instock","11":"shipping-taxable","12":"product-type-simple"},"jetpack-related-posts":[],"jetpack_sharing_enabled":true,"_links":{"self":[{"href":"https:\/\/jttlogos.com\/pl\/wp-json\/wp\/v2\/product\/4014","targetHints":{"allow":["GET"]}}],"collection":[{"href":"https:\/\/jttlogos.com\/pl\/wp-json\/wp\/v2\/product"}],"about":[{"href":"https:\/\/jttlogos.com\/pl\/wp-json\/wp\/v2\/types\/product"}],"replies":[{"embeddable":true,"href":"https:\/\/jttlogos.com\/pl\/wp-json\/wp\/v2\/comments?post=4014"}],"wp:featuredmedia":[{"embeddable":true,"href":"https:\/\/jttlogos.com\/pl\/wp-json\/wp\/v2\/media\/3910"}],"wp:attachment":[{"href":"https:\/\/jttlogos.com\/pl\/wp-json\/wp\/v2\/media?parent=4014"}],"wp:term":[{"taxonomy":"product_brand","embeddable":true,"href":"https:\/\/jttlogos.com\/pl\/wp-json\/wp\/v2\/product_brand?post=4014"},{"taxonomy":"product_cat","embeddable":true,"href":"https:\/\/jttlogos.com\/pl\/wp-json\/wp\/v2\/product_cat?post=4014"},{"taxonomy":"product_tag","embeddable":true,"href":"https:\/\/jttlogos.com\/pl\/wp-json\/wp\/v2\/product_tag?post=4014"}],"curies":[{"name":"wp","href":"https:\/\/api.w.org\/{rel}","templated":true}]}}