{"id":4132,"date":"2020-06-30T07:05:23","date_gmt":"2020-06-30T07:05:23","guid":{"rendered":"https:\/\/jttlogos.com\/?post_type=product&#038;p=4132"},"modified":"2026-04-18T09:19:32","modified_gmt":"2026-04-18T09:19:32","slug":"custom-electroforming-nickel-sticker-embossed-logo-stickers-glossy-metal-label-sticker-for-phone-case","status":"publish","type":"product","link":"https:\/\/jttlogos.com\/pl\/produkt\/niestandardowe-elektroformowanie-nickel-sticker-expossed-logo-naklejki-losujaca-metalowa-naklejka-etykiety-do-obudowy-telefonicznej\/","title":{"rendered":"Niestandardowe naklejki z wyt\u0142oczonym logo niklowo-metalowym B\u0142yszcz\u0105ca etykieta marki 3D z klejem 3M do etui na telefony i elektroniki"},"content":{"rendered":"<article style=\"font-family: 'Segoe UI', Roboto, Helvetica, Arial, sans-serif; line-height: 1.6; color: #333; max-width: 100%; margin: 0 auto; padding: 20px;\"><!-- Original Visuals Retained Here --><\/p>\n<div style=\"text-align: center; margin-bottom: 30px; padding: 20px; background-color: #f9f9f9; border: 1px dashed #ccc; border-radius: 8px;\">\n<p><iframe loading=\"lazy\" title=\"Custom metal nameplate label nickel stickers with strong 3M adhesive glue logo sticker for machine\" width=\"1020\" height=\"765\" src=\"https:\/\/www.youtube.com\/embed\/I6YmF8QiPag?feature=oembed\" frameborder=\"0\" allow=\"accelerometer; autoplay; clipboard-write; encrypted-media; gyroscope; picture-in-picture; web-share\" referrerpolicy=\"strict-origin-when-cross-origin\" allowfullscreen><\/iframe><\/p>\n<\/div>\n<p><!-- Introduction & E-E-A-T Foundation --><\/p>\n<h2 style=\"color: #2c3e50; border-bottom: 2px solid #3498db; padding-bottom: 8px; margin-top: 0;\">Wysokiej jako\u015bci niestandardowe naklejki niklowe z wyt\u0142oczonym logo i b\u0142yszcz\u0105ce metalowe etykiety<\/h2>\n<p style=\"font-size: 1.05rem;\">Podnie\u015b to\u017csamo\u015b\u0107 wizualn\u0105 swojej marki dzi\u0119ki naszym produktom najwy\u017cszej klasy <strong>niestandardowe naklejki z logo z niklu i metalu<\/strong>. Zaprojektowane specjalnie z my\u015bl\u0105 o wyrafinowanych zastosowaniach zwi\u0105zanych z brandingiem <strong>b\u0142yszcz\u0105ce metalowe naklejki na etui na telefony<\/strong>, elektronika i opakowania premium oferuj\u0105 niezr\u00f3wnan\u0105 estetyk\u0119. Na <a style=\"color: #3498db; text-decoration: none; font-weight: bold;\" href=\"https:\/\/jttlogos.com\/pl\/\">JTT Precision Metal Co., Ltd.<\/a>do ka\u017cdego projektu wnosimy ponad 20-letnie do\u015bwiadczenie w produkcji naklejek metalowych. Niezale\u017cnie od tego, czy szukasz metalowych naklejek z logo 3D, metalowych etykiet na zam\u00f3wienie czy samoprzylepnych metalowych plakietek, nasz wyspecjalizowany zak\u0142ad produkcyjny zapewnia precyzyjnie wykonane rozwi\u0105zania, kt\u00f3re wyr\u00f3\u017cni\u0105 Twoje logo.<\/p>\n<p style=\"font-size: 1.05rem;\">Nasze bogate do\u015bwiadczenie gwarantuje, \u017ce ka\u017cdy <strong>metalowa naklejka transferowa<\/strong> jest wykonany wed\u0142ug dok\u0142adnych specyfikacji. Wykorzystujemy zaawansowan\u0105 technik\u0119 galwanizacji, aby stworzy\u0107 ultracienkie, bardzo trwa\u0142e etykiety niklowe 100%. Te wyt\u0142aczane metalowe naklejki zapewniaj\u0105 luksusowy, wypuk\u0142y efekt 3D przy zachowaniu smuk\u0142ego profilu wynosz\u0105cego zaledwie 0,045\u20130,12 mm, dzi\u0119ki czemu idealnie nadaj\u0105 si\u0119 do bezproblemowej integracji z telefonami kom\u00f3rkowymi, sprz\u0119tem gospodarstwa domowego i komponentami samochodowymi.<\/p>\n<p><!-- Call to Action Banner --><\/p>\n<div style=\"background: linear-gradient(135deg, #1e3c72 0%, #2a5298 100%); color: #ffffff; padding: 30px; border-radius: 10px; text-align: center; margin: 30px 0; box-shadow: 0 4px 15px rgba(0,0,0,0.1);\">\n<h3 style=\"margin-top: 0; font-size: 1.5rem; color: #ffffff;\">Ready to Upgrade Your Product Branding?<\/h3>\n<p style=\"font-size: 1.1rem; margin-bottom: 20px;\">Uzyskaj kompleksow\u0105, niestandardow\u0105 wycen\u0119 na podstawie konkretnego dzie\u0142a sztuki, wybranych materia\u0142\u00f3w i wielko\u015bci zam\u00f3wienia.<\/p>\n<p><a style=\"display: inline-block; background-color: #ff9900; color: #ffffff; padding: 12px 30px; font-weight: bold; text-decoration: none; border-radius: 5px; text-transform: uppercase; letter-spacing: 1px;\" href=\"https:\/\/jttlogos.com\/pl\/skontaktuj-sie-z-nami\/\">Popro\u015b o niestandardow\u0105 wycen\u0119 ju\u017c dzi\u015b<\/a><\/p>\n<\/div>\n<p><!-- Technical Specifications Table --><\/p>\n<h2 style=\"color: #2c3e50; border-bottom: 2px solid #3498db; padding-bottom: 8px; margin-top: 40px;\">Szczeg\u00f3\u0142owe specyfikacje produkcyjne<\/h2>\n<p>Jeste\u015bmy dumni z przejrzysto\u015bci technicznej. Nasz kompleksowy <strong>Naklejka 3D niklowa<\/strong> parametry produkcyjne pozwalaj\u0105 na maksymaln\u0105 personalizacj\u0119, zapewniaj\u0105c idealne dopasowanie logo marki do powierzchni produktu i wymaga\u0144 projektowych.<\/p>\n<div style=\"overflow-x: auto; margin-top: 20px;\">\n<table style=\"width: 100%; border-collapse: collapse; font-size: 0.95rem; box-shadow: 0 2px 10px rgba(0,0,0,0.05); background-color: #ffffff;\">\n<thead>\n<tr>\n<th style=\"background-color: #34495e; color: #ffffff; padding: 15px; text-align: left; border: 1px solid #2c3e50; width: 25%;\">Specyfikacja<\/th>\n<th style=\"background-color: #34495e; color: #ffffff; padding: 15px; text-align: left; border: 1px solid #2c3e50;\">Szczeg\u00f3\u0142y i mo\u017cliwo\u015bci<\/th>\n<\/tr>\n<\/thead>\n<tbody>\n<tr>\n<td style=\"padding: 12px 15px; border: 1px solid #e0e0e0; font-weight: bold; background-color: #f8fcfd;\">Pozycja produktu<\/td>\n<td style=\"padding: 12px 15px; border: 1px solid #e0e0e0;\"><a style=\"color: #3498db; text-decoration: none;\" href=\"https:\/\/jttlogos.com\/pl\/kategoria-produktu\/naklejka-metalowa-nikiel\/\">Naklejki metalowe nikiel<\/a> \/ B\u0142yszcz\u0105ce metalowe etykiety<\/td>\n<\/tr>\n<tr>\n<td style=\"padding: 12px 15px; border: 1px solid #e0e0e0; font-weight: bold;\">Materia\u0142 rdzenia<\/td>\n<td style=\"padding: 12px 15px; border: 1px solid #e0e0e0;\">Metal premium, nikiel 100% zapewniaj\u0105cy doskona\u0142y po\u0142ysk i trwa\u0142o\u015b\u0107<\/td>\n<\/tr>\n<tr>\n<td style=\"padding: 12px 15px; border: 1px solid #e0e0e0; font-weight: bold; background-color: #f8fcfd;\">Technika Produkcji<\/td>\n<td style=\"padding: 12px 15px; border: 1px solid #e0e0e0;\">Zaawansowane galwanizacja<\/td>\n<\/tr>\n<tr>\n<td style=\"padding: 12px 15px; border: 1px solid #e0e0e0; font-weight: bold;\">Grubo\u015b\u0107 profilu<\/td>\n<td style=\"padding: 12px 15px; border: 1px solid #e0e0e0;\">0,045 mm \u2013 0,12 mm (bardzo cienka lub p\u0142ynna integracja)<\/td>\n<\/tr>\n<tr>\n<td style=\"padding: 12px 15px; border: 1px solid #e0e0e0; font-weight: bold; background-color: #f8fcfd;\">Rozmiar i kolor<\/td>\n<td style=\"padding: 12px 15px; border: 1px solid #e0e0e0;\">W pe\u0142ni dostosowane do dowolnego rozmiaru, niestandardowego kszta\u0142tu i dopasowania kolor\u00f3w do konkretnej marki<\/td>\n<\/tr>\n<tr>\n<td style=\"padding: 12px 15px; border: 1px solid #e0e0e0; font-weight: bold;\">Adhesive Solutions<\/td>\n<td style=\"padding: 12px 15px; border: 1px solid #e0e0e0;\">Standard 3M adhesive, 3M hot-melt glue, premium double-sided self-adhesive<\/td>\n<\/tr>\n<tr>\n<td style=\"padding: 12px 15px; border: 1px solid #e0e0e0; font-weight: bold; background-color: #f8fcfd;\">Primary Usage<\/td>\n<td style=\"padding: 12px 15px; border: 1px solid #e0e0e0;\">Telefony kom\u00f3rkowe, etui na telefony kom\u00f3rkowe, sprz\u0119t AGD, produkty elektroniczne, opakowania na prezenty, samochody, maszyny i inne<\/td>\n<\/tr>\n<tr>\n<td style=\"padding: 12px 15px; border: 1px solid #e0e0e0; font-weight: bold;\">Certyfikaty bran\u017cowe<\/td>\n<td style=\"padding: 12px 15px; border: 1px solid #e0e0e0;\">SGS, ROHS, MSDS (materia\u0142y przyjazne dla \u015brodowiska i bezpieczne)<\/td>\n<\/tr>\n<tr>\n<td style=\"padding: 12px 15px; border: 1px solid #e0e0e0; font-weight: bold; background-color: #f8fcfd;\">Formaty dzie\u0142 sztuki<\/td>\n<td style=\"padding: 12px 15px; border: 1px solid #e0e0e0;\">Wymagane pliki wektorowe: AI, PDF, CDR, CAD lub podobne formaty o wysokiej rozdzielczo\u015bci<\/td>\n<\/tr>\n<\/tbody>\n<\/table>\n<\/div>\n<p><!-- Adhesion & Technical Details (Expertise) --><\/p>\n<h2 style=\"color: #2c3e50; border-bottom: 2px solid #3498db; padding-bottom: 8px; margin-top: 40px;\">Niezr\u00f3wnana przyczepno\u015b\u0107 i odporno\u015b\u0107 na \u015brodowisko<\/h2>\n<p>Wysokiej jako\u015bci <strong>niestandardowa metalowa naklejka z logo<\/strong> jest tak dobry, jak zastosowany klej. Pozyskujemy autentyczne kleje 3M, aby mie\u0107 pewno\u015b\u0107, \u017ce Twoje <strong>wyt\u0142aczane metalowe naklejki<\/strong> pozosta\u0107 na swoim miejscu przez ca\u0142y okres u\u017cytkowania produktu. W zale\u017cno\u015bci od pod\u0142o\u017ca mo\u017cesz wybra\u0107 spo\u015br\u00f3d:<\/p>\n<ul style=\"list-style-type: square; padding-left: 20px; line-height: 1.8;\">\n<li><strong>Standard 3M Adhesive:<\/strong> Idealny do g\u0142adkich, twardych powierzchni, takich jak poliw\u0119glanowe obudowy telefon\u00f3w, szk\u0142o i polerowane tworzywa sztuczne. Zapewnia natychmiastowe wi\u0105zanie o du\u017cej przyczepno\u015bci.<\/li>\n<li><strong>Klej termotopliwy 3M:<\/strong> Specjalnie opracowany do powierzchni teksturowanych, sk\u00f3rzanych etui na telefony lub tkanin, w przypadku kt\u00f3rych tradycyjne kleje mog\u0105 mie\u0107 problemy. Zapewnia g\u0142\u0119bok\u0105 penetracj\u0119 por\u00f3w powierzchniowych, zapewniaj\u0105c pewny chwyt.<\/li>\n<li><strong>Dwustronny samoprzylepny:<\/strong> Bardzo wszechstronna, \u0142atwa do odklejenia opcja, odpowiednia do linii aplikacji masowych, oznaczania maszyn i automatycznego monta\u017cu.<\/li>\n<\/ul>\n<p>Opr\u00f3cz silnej przyczepno\u015bci, nasza kompozycja niklu 100% zapewnia naturaln\u0105 odporno\u015b\u0107 na codzienne zu\u017cycie. Technika galwanizacji tworzy b\u0142yszcz\u0105c\u0105, odporn\u0105 na zarysowania powierzchni\u0119, kt\u00f3ra zachowuje b\u0142yszcz\u0105cy metaliczny po\u0142ysk nawet po d\u0142ugotrwa\u0142ym nara\u017ceniu na manipulacj\u0119, \u015bwiat\u0142o UV i zmienne warunki \u015brodowiskowe.<\/p>\n<p><!-- Applications & Use Cases --><\/p>\n<h2 style=\"color: #2c3e50; border-bottom: 2px solid #3498db; padding-bottom: 8px; margin-top: 40px;\">Wszechstronne zastosowania bran\u017cowe etykiet metalicznych<\/h2>\n<p>Our <strong>niestandardowe naklejki transferowe z metalu<\/strong> ciesz\u0105 si\u0119 zaufaniem \u015bwiatowych marek z wielu bran\u017c. Dzi\u0119ki wyj\u0105tkowo cienkiej konstrukcji (0,045\u20130,12 mm) logo wygl\u0105da tak, jakby by\u0142o natywnie osadzone w produkcie, a nie po prostu naklejone.<\/p>\n<div style=\"display: flex; flex-wrap: wrap; gap: 20px; margin-top: 20px;\">\n<div style=\"flex: 1 1 calc(50% - 20px); background: #f8f9fa; border: 1px solid #e9ecef; border-radius: 8px; padding: 20px; box-sizing: border-box;\">\n<h3 style=\"color: #e67e22; margin-top: 0;\">\ud83d\udcf1 Telefony kom\u00f3rkowe i etui<\/h3>\n<p style=\"margin-bottom: 0;\">Stw\u00f3rz estetyk\u0119 premium dla <strong>metalowe logo obudowy telefonu<\/strong>. Cienki profil sprawia, \u017ce \u200b\u200burz\u0105dzenie \u0142atwo wsuwa si\u0119 do kieszeni bez zaczepiania si\u0119 logo, a b\u0142yszcz\u0105ce wyko\u0144czenie dodaje mu luksusu.<\/p>\n<\/div>\n<div style=\"flex: 1 1 calc(50% - 20px); background: #f8f9fa; border: 1px solid #e9ecef; border-radius: 8px; padding: 20px; box-sizing: border-box;\">\n<h3 style=\"color: #e67e22; margin-top: 0;\">\ud83d\udcbb Produkty elektroniczne<\/h3>\n<p style=\"margin-bottom: 0;\">Od laptop\u00f3w po sprz\u0119t audio, nasze <strong>metalowe znaczniki produkt\u00f3w elektronicznych<\/strong> zapewniaj\u0105 doskona\u0142\u0105 odporno\u015b\u0107 na ciep\u0142o i mocno przylegaj\u0105 zar\u00f3wno do aluminium, jak i tworzyw sztucznych ABS.<\/p>\n<\/div>\n<div style=\"flex: 1 1 calc(50% - 20px); background: #f8f9fa; border: 1px solid #e9ecef; border-radius: 8px; padding: 20px; box-sizing: border-box;\">\n<h3 style=\"color: #e67e22; margin-top: 0;\">\ud83c\udf81 Opakowania i pude\u0142ka na prezenty<\/h3>\n<p style=\"margin-bottom: 0;\">Transform standard cardboard or rigid boxes into high-end retail experiences. <strong>Niestandardowe logo opakowa\u0144<\/strong> znacz\u0105co zwi\u0119kszy\u0107 postrzegan\u0105 warto\u015b\u0107 swoich d\u00f3br luksusowych.<\/p>\n<\/div>\n<div style=\"flex: 1 1 calc(50% - 20px); background: #f8f9fa; border: 1px solid #e9ecef; border-radius: 8px; padding: 20px; box-sizing: border-box;\">\n<h3 style=\"color: #e67e22; margin-top: 0;\">\ud83d\ude97 Motoryzacja i maszyny<\/h3>\n<p style=\"margin-bottom: 0;\">Nasze metalowe tabliczki z logo, zbudowane tak, aby wytrzyma\u0107 trudne warunki, s\u0105 u\u017cywane do oznakowania wn\u0119trz pojazd\u00f3w, oznakowania deski rozdzielczej i identyfikacji ci\u0119\u017ckich maszyn.<\/p>\n<\/div>\n<\/div>\n<p><!-- Trust & Quality Control Workflow --><\/p>\n<h2 style=\"color: #2c3e50; border-bottom: 2px solid #3498db; padding-bottom: 8px; margin-top: 40px;\">Rygorystyczne zapewnienie jako\u015bci i przep\u0142yw zam\u00f3wie\u0144<\/h2>\n<p>Ponad dwie dekady w bran\u017cy pozwoli\u0142y nam udoskonali\u0107 nasz proces produkcyjny. Utrzymujemy \u015bcis\u0142\u0105 kontrol\u0119 jako\u015bci na ka\u017cdym etapie, od przegl\u0105du grafiki po ostateczn\u0105 wysy\u0142k\u0119. Poniewa\u017c s\u0105 one niestandardowe <strong>samoprzylepne plakietki metalowe<\/strong>ka\u017cda partia przechodzi kontrol\u0119 wzrokow\u0105, testy rozci\u0105gania kleju i weryfikacj\u0119 wyko\u0144czenia, aby zapewni\u0107 zgodno\u015b\u0107 z naszymi certyfikatami SGS, ROHS i MSDS.<\/p>\n<ul style=\"list-style-type: disc; padding-left: 20px; line-height: 1.8;\">\n<li><strong>Szybkie pr\u00f3bkowanie:<\/strong> Mo\u017cemy dostarczy\u0107 istniej\u0105ce pr\u00f3bki w celach informacyjnych w zaledwie <strong>1 day<\/strong>. W przypadku niestandardowych prototyp\u00f3w zawieraj\u0105cych konkretn\u0105 grafik\u0119, nasza szybka dostawa obejmuje jedynie produkcj\u0119 pr\u00f3bn\u0105 <strong>3-5 dni<\/strong>.<\/li>\n<li><strong>Produkcja masowa:<\/strong> Lead times for mass production are tailored to your order quantity, ensuring scaleable efficiency without compromising on the meticulous detail of your <strong>metalowe tabliczki z logo<\/strong>.<\/li>\n<li><strong>Bezpieczne opakowanie:<\/strong> Ka\u017cde zam\u00f3wienie jest starannie pakowane w ochronne torby OPP, aby zapobiec tarciu, utlenianiu lub zarysowaniu podczas transportu.<\/li>\n<\/ul>\n<p><!-- Shipping and Payment Details --><\/p>\n<h2 style=\"color: #2c3e50; border-bottom: 2px solid #3498db; padding-bottom: 8px; margin-top: 40px;\">Wysy\u0142ka globalna i elastyczne bezpieczne p\u0142atno\u015bci<\/h2>\n<p>We are a global B2B supplier of <strong>adhesive nickel label manufacturing<\/strong>, committed to making your purchasing process as smooth and secure as possible. We offer extensive logistics and payment options to accommodate international corporate clients.<\/p>\n<div style=\"background-color: #eef2f5; padding: 20px; border-radius: 8px; border-left: 4px solid #2ecc71; margin-bottom: 30px;\">\n<h3 style=\"margin-top: 0; color: #2c3e50; font-size: 1.2rem;\">Logistyka i logistyka<\/h3>\n<p><strong>Metody wysy\u0142ki:<\/strong> Wsp\u00f3\u0142pracujemy z najwi\u0119kszymi sieciami logistycznymi. Twoje towary mog\u0105 zosta\u0107 wys\u0142ane drog\u0105 morsk\u0105, lotnicz\u0105 lub za po\u015brednictwem priorytetowych kurier\u00f3w ekspresowych, w tym <strong>DHL, UPS i FedEx<\/strong> dla szybkiego, globalnego zasi\u0119gu.<\/p>\n<p style=\"margin-bottom: 0;\"><strong>Warunki p\u0142atno\u015bci:<\/strong> Standardowe warunki to <strong>T\/T 30% as deposit<\/strong> do rozpocz\u0119cia produkcji, a pozosta\u0142a cz\u0119\u015b\u0107 p\u0142atna przed dostaw\u0105. Akceptujemy szerok\u0105 gam\u0119 bezpiecznych metod p\u0142atno\u015bci, w tym: <em>P\u0142atno\u015b\u0107 kart\u0105 kredytow\u0105, PayPal, przelew bankowy, zam\u00f3wienia Western Union, L\/C, T\/T i Alibaba Trade Assurance.<\/em><\/p>\n<\/div>\n<p><!-- CSS-Beautified Knowledge Point --><\/p>\n<div style=\"border: 1px solid #ffcc00; background-color: #fffdf5; padding: 25px; border-radius: 8px; margin: 40px 0; box-shadow: 0 4px 6px rgba(0,0,0,0.05);\">\n<h3 style=\"color: #b8860b; margin-top: 0; display: flex; align-items: center; font-size: 1.3rem;\"><span style=\"font-size: 1.8rem; margin-right: 10px;\">\ud83d\udca1<\/span> Punkt wiedzy: maksymalizacja \u017cywotno\u015bci metalowych naklejek<\/h3>\n<p>To ensure your <strong>niestandardowe naklejki z metalu niklowego<\/strong> osi\u0105gn\u0105\u0107 maksymaln\u0105 przyczepno\u015b\u0107, kluczowe znaczenie ma przygotowanie powierzchni. Zawsze upewnij si\u0119, \u017ce powierzchnia aplikacji (czy jest to etui na telefon kom\u00f3rkowy, czy pude\u0142ko upominkowe) jest ca\u0142kowicie wolna od kurzu, olej\u00f3w lub wilgoci. Przed na\u0142o\u017ceniem u\u017cyj wacika nas\u0105czonego alkoholem, aby oczy\u015bci\u0107 obszar. Po na\u0142o\u017ceniu nale\u017cy mocno i r\u00f3wnomiernie docisn\u0105\u0107 ca\u0142\u0105 powierzchni\u0119 <strong>b\u0142yszcz\u0105ca metalowa etykieta<\/strong> przez oko\u0142o 10-15 sekund. W przypadku standardowego kleju 3M optymaln\u0105 si\u0142\u0119 wi\u0105zania osi\u0105ga si\u0119 zwykle po 24 godzinach w temperaturze pokojowej. W\u0142a\u015bciwa aplikacja zapobiega podnoszeniu kraw\u0119dzi i zapewnia trwa\u0142y, profesjonalny, fabryczny wygl\u0105d.<\/p>\n<\/div>\n<p><!-- Interactive FAQ Section --><\/p>\n<h2 style=\"color: #2c3e50; border-bottom: 2px solid #3498db; padding-bottom: 8px; margin-top: 40px;\">Frequently Asked Questions (FAQs)<\/h2>\n<p>Znajd\u017a szybkie odpowiedzi na temat naszych <strong>metalowe etui na telefon premium<\/strong> rozwi\u0105zania i proces zamawiania poni\u017cej.<\/p>\n<div style=\"margin-top: 20px;\">\n<details style=\"margin-bottom: 12px; border: 1px solid #dcdde1; border-radius: 6px; background-color: #ffffff;\" open=\"open\">\n<summary style=\"padding: 16px; font-weight: bold; font-size: 1.05rem; background-color: #f5f6fa; cursor: pointer; outline: none; border-radius: 6px;\">Jak d\u0142ugo trwa produkcja niestandardowych pr\u00f3bek metalowego logo?<\/summary>\n<div style=\"padding: 16px; border-top: 1px solid #dcdde1; color: #444;\">Oferujemy szybkie prototypowanie. Je\u015bli potrzebujesz naszych istniej\u0105cych pr\u00f3bek do cel\u00f3w referencyjnych jako\u015bci, mo\u017cemy je wys\u0142a\u0107 w ci\u0105gu 1 dnia. W przypadku niestandardowych pr\u00f3bek zawieraj\u0105cych unikaln\u0105 grafik\u0119 i specyfikacje, czas produkcji wynosi zazwyczaj 3\u20135 dni.<\/div>\n<\/details>\n<details style=\"margin-bottom: 12px; border: 1px solid #dcdde1; border-radius: 6px; background-color: #ffffff;\" open=\"open\">\n<summary style=\"padding: 16px; font-weight: bold; font-size: 1.05rem; background-color: #f5f6fa; cursor: pointer; outline: none; border-radius: 6px;\">Jakie formaty plik\u00f3w akceptujecie w przypadku niestandardowych projekt\u00f3w logo?<\/summary>\n<div style=\"padding: 16px; border-top: 1px solid #dcdde1; color: #444;\">Aby osi\u0105gn\u0105\u0107 najwy\u017csz\u0105 precyzj\u0119 w procesie galwanizacji, wymagamy grafiki wektorowej. Prosimy o przes\u0142anie plik\u00f3w w formatach AI, PDF, CDR, CAD lub podobnych formatach wektorowych. Pliki o wysokiej rozdzielczo\u015bci zapewniaj\u0105 wyra\u017ane i czyste kraw\u0119dzie niestandardowych metalicznych etykiet.<\/div>\n<\/details>\n<details style=\"margin-bottom: 12px; border: 1px solid #dcdde1; border-radius: 6px; background-color: #ffffff;\" open=\"open\">\n<summary style=\"padding: 16px; font-weight: bold; font-size: 1.05rem; background-color: #f5f6fa; cursor: pointer; outline: none; border-radius: 6px;\">Czy Twoje metalowe naklejki transferowe s\u0105 bezpieczne dla \u015brodowiska?<\/summary>\n<div style=\"padding: 16px; border-top: 1px solid #dcdde1; color: #444;\">Tak. Nasz proces produkcyjny i wynikaj\u0105ce z niego etykiety niklowe 100% posiadaj\u0105 rygorystyczne certyfikaty SGS, ROHS i MSDS. Dzi\u0119ki temu nasze produkty s\u0105 wolne od substancji niebezpiecznych i spe\u0142niaj\u0105 mi\u0119dzynarodowe standardy ochrony \u015brodowiska i bezpiecze\u0144stwa.<\/div>\n<\/details>\n<details style=\"margin-bottom: 12px; border: 1px solid #dcdde1; border-radius: 6px; background-color: #ffffff;\" open=\"open\">\n<summary style=\"padding: 16px; font-weight: bold; font-size: 1.05rem; background-color: #f5f6fa; cursor: pointer; outline: none; border-radius: 6px;\">Czy mog\u0119 wybra\u0107 kolor i grubo\u015b\u0107 naklejki?<\/summary>\n<div style=\"padding: 16px; border-top: 1px solid #dcdde1; color: #444;\">Absolutnie. Specjalizujemy si\u0119 w rozwi\u0105zaniach wysoce zindywidualizowanych. Mo\u017cesz okre\u015bli\u0107 dok\u0142adny rozmiar, kszta\u0142t i kolor. Dodatkowo grubo\u015b\u0107 mo\u017cna regulowa\u0107 w zakresie od 0,045 mm do 0,12 mm, w zale\u017cno\u015bci od tego, czy potrzebujesz integracji zlicowanej, czy bardziej wyra\u017anego efektu wyt\u0142oczenia 3D.<\/div>\n<\/details>\n<\/div>\n<p><!-- Final CTA Area --><\/p>\n<div id=\"quote\" style=\"margin-top: 50px; padding: 40px; background-color: #f4f7f6; border-top: 4px solid #3498db; text-align: center; border-radius: 0 0 8px 8px;\">\n<h2 style=\"margin-top: 0; color: #2c3e50;\">Partner With Industry Experts Today<\/h2>\n<p style=\"max-width: 700px; margin: 0 auto 20px auto; color: #555; font-size: 1.1rem;\">Chcesz ulepszy\u0107 swoje opakowania lub urz\u0105dzenia elektroniczne za pomoc\u0105 najwy\u017cszej jako\u015bci b\u0142yszcz\u0105cych metalowych etykiet? Nasz zesp\u00f3\u0142 w JTT Precision Metal jest gotowy dokona\u0107 przegl\u0105du Twoich plik\u00f3w CAD\/AI i zapewni\u0107 konkurencyjn\u0105 wycen\u0119 opart\u0105 na wolumenie. Skontaktuj si\u0119 z nami, aby poprosi\u0107 o dokumenty certyfikacyjne, przewodniki po specyfikacjach cyfrowych lub wst\u0119pne pr\u00f3bki.<\/p>\n<p><a style=\"display: inline-block; background-color: #3498db; color: #ffffff; padding: 15px 40px; font-size: 1.1rem; font-weight: bold; text-decoration: none; border-radius: 30px; transition: background-color 0.3s ease;\" href=\"https:\/\/jttlogos.com\/pl\/skontaktuj-sie-z-nami\/\">Skontaktuj si\u0119 z nami, aby uzyska\u0107 niestandardow\u0105 wycen\u0119<\/a><\/p>\n<p style=\"margin-top: 15px; font-size: 0.9rem; color: #777;\">Secure payment through Alibaba Trade Assurance, PayPal, and more.<\/p>\n<\/div>\n<\/article>\n<p><!-- SEO Description Below the Article (as requested) --><\/p>\n<div style=\"margin-top: 30px; padding: 15px; background: #eee; font-family: sans-serif; font-size: 14px; color: #333; border-left: 4px solid #888;\"><strong>Opis SEO:<\/strong><\/div>","protected":false},"excerpt":{"rendered":"<p>Wysokiej jako\u015bci niestandardowe naklejki z logo z niklu i b\u0142yszcz\u0105ce wyt\u0142aczane etykiety na etui na telefony. Nikiel 100%, solidna przyczepno\u015b\u0107 3M i projekty na zam\u00f3wienie, SGS\/MSDS\/ROHS. Popro\u015b o wycen\u0119 w JTT Logos!<\/p>","protected":false},"featured_media":2703,"comment_status":"open","ping_status":"closed","template":"","meta":[],"product_brand":[],"product_cat":[48],"product_tag":[],"class_list":{"0":"post-4132","1":"product","2":"type-product","3":"status-publish","4":"has-post-thumbnail","6":"product_cat-nickel-metal-sticker","8":"first","9":"instock","10":"shipping-taxable","11":"product-type-simple"},"jetpack-related-posts":[],"jetpack_sharing_enabled":true,"_links":{"self":[{"href":"https:\/\/jttlogos.com\/pl\/wp-json\/wp\/v2\/product\/4132","targetHints":{"allow":["GET"]}}],"collection":[{"href":"https:\/\/jttlogos.com\/pl\/wp-json\/wp\/v2\/product"}],"about":[{"href":"https:\/\/jttlogos.com\/pl\/wp-json\/wp\/v2\/types\/product"}],"replies":[{"embeddable":true,"href":"https:\/\/jttlogos.com\/pl\/wp-json\/wp\/v2\/comments?post=4132"}],"wp:featuredmedia":[{"embeddable":true,"href":"https:\/\/jttlogos.com\/pl\/wp-json\/wp\/v2\/media\/2703"}],"wp:attachment":[{"href":"https:\/\/jttlogos.com\/pl\/wp-json\/wp\/v2\/media?parent=4132"}],"wp:term":[{"taxonomy":"product_brand","embeddable":true,"href":"https:\/\/jttlogos.com\/pl\/wp-json\/wp\/v2\/product_brand?post=4132"},{"taxonomy":"product_cat","embeddable":true,"href":"https:\/\/jttlogos.com\/pl\/wp-json\/wp\/v2\/product_cat?post=4132"},{"taxonomy":"product_tag","embeddable":true,"href":"https:\/\/jttlogos.com\/pl\/wp-json\/wp\/v2\/product_tag?post=4132"}],"curies":[{"name":"wp","href":"https:\/\/api.w.org\/{rel}","templated":true}]}}