{"id":4170,"date":"2020-07-02T07:13:30","date_gmt":"2020-07-02T07:13:30","guid":{"rendered":"https:\/\/jttlogos.com\/?post_type=product&#038;p=4170"},"modified":"2026-04-14T13:54:27","modified_gmt":"2026-04-14T13:54:27","slug":"custom-adhesive-metal-embossed-logo-gold-sticker-hot-stamping-metal-logo-nicekl-stickers-for-gift-box","status":"publish","type":"product","link":"https:\/\/jttlogos.com\/pl\/product\/custom-adhesive-metal-embossed-logo-gold-sticker-hot-stamping-metal-logo-nicekl-stickers-for-gift-box\/","title":{"rendered":"Niestandardowe samoprzylepne naklejki z wyt\u0142oczonym logo | Kalkomanie 3D z galwanizowanego niklu na opakowania i pude\u0142ka na prezenty"},"content":{"rendered":"<article style=\"font-family: 'Segoe UI', Tahoma, Geneva, Verdana, sans-serif; color: #333333; line-height: 1.6; max-width: 100%; margin: 0 auto; padding: 20px;\">\n<section style=\"display: flex; flex-wrap: wrap; margin-bottom: 40px; background-color: #ffffff; border: 1px solid #e0e0e0; border-radius: 8px; overflow: hidden; box-shadow: 0 4px 6px rgba(0,0,0,0.05);\">\n<div style=\"flex: 1 1 400px; padding: 30px;\">\n<h2 style=\"font-size: 28px; color: #1a1a1a; margin-top: 0; margin-bottom: 15px; line-height: 1.3;\">Custom Adhesive Metal Embossed Logo Gold Sticker &amp; Hot Stamping Metal Nickel Stickers for Gift Boxes<\/h2>\n<p style=\"font-size: 16px; color: #555555; margin-bottom: 20px;\">Podnie\u015b jako\u015b\u0107 rozpakowywania swojej marki dzi\u0119ki wersji premium <strong>electroformed metal stickers<\/strong>. JTT Precision Metal Co., Ltd. zapewnia ultracienkie, bardzo trwa\u0142e i precyzyjnie wykonane rozwi\u0105zania z zakresu brandingu z niklu 100% przeznaczone do luksusowych pude\u0142ek upominkowych, produkt\u00f3w elektronicznych i sprz\u0119tu gospodarstwa domowego.<\/p>\n<p><!-- Trust Indicators --><\/p>\n<ul style=\"list-style-type: none; padding-left: 0; margin-bottom: 25px; display: flex; gap: 15px; flex-wrap: wrap;\">\n<li style=\"background-color: #f0fdf4; border: 1px solid #bbf7d0; color: #166534; padding: 6px 12px; border-radius: 4px; font-size: 13px; font-weight: 600;\">\u2713 Certyfikat SGS<\/li>\n<li style=\"background-color: #f0fdf4; border: 1px solid #bbf7d0; color: #166534; padding: 6px 12px; border-radius: 4px; font-size: 13px; font-weight: 600;\">\u2713 Zgodny z dyrektyw\u0105 ROHS<\/li>\n<li style=\"background-color: #f0fdf4; border: 1px solid #bbf7d0; color: #166534; padding: 6px 12px; border-radius: 4px; font-size: 13px; font-weight: 600;\">\u2713 Zatwierdzone MSDS<\/li>\n<\/ul>\n<p><!-- Conversion Actions \/ CTAs --><\/p>\n<div style=\"display: flex; gap: 15px; flex-wrap: wrap;\"><a style=\"display: inline-block; padding: 14px 28px; background-color: #d4af37; color: #ffffff; text-decoration: none; border-radius: 4px; font-weight: bold; text-align: center; transition: background-color 0.3s; box-shadow: 0 2px 4px rgba(212, 175, 55, 0.4);\" href=\"mailto:fiona@jttlogo.net\">Popro\u015b o niestandardow\u0105 wycen\u0119<\/a><br \/>\n<a style=\"display: inline-block; padding: 14px 28px; background-color: #ffffff; color: #333333; text-decoration: none; border: 2px solid #d4af37; border-radius: 4px; font-weight: bold; text-align: center; transition: all 0.3s;\" href=\"https:\/\/wa.me\/8613244758861\" target=\"_blank\" rel=\"noopener\">Popro\u015b o istniej\u0105ce pr\u00f3bki<\/a><\/div>\n<p style=\"font-size: 12px; color: #888; margin-top: 10px;\">* Dost\u0119pne bezpieczne transakcje i umowa NDA. Szybka wysy\u0142ka pr\u00f3bek w ci\u0105gu 1 dnia.<\/p>\n<\/div>\n<\/section>\n<p><!-- MANUFACTURING AUTHORITY SECTION --><\/p>\n<section style=\"margin-bottom: 40px;\">\n<h2 style=\"font-size: 24px; color: #2c3e50; border-bottom: 2px solid #d4af37; padding-bottom: 8px; margin-bottom: 20px;\">Doskona\u0142o\u015b\u0107 produkcji i wiedza specjalistyczna w zakresie produkcji<\/h2>\n<p style=\"margin-bottom: 15px;\">Od ponad 20 lat <strong>JTT Precision Metal Co., Ltd. (<a style=\"color: #d4af37; text-decoration: none;\" href=\"https:\/\/jttlogos.com\/pl\/\">jttlogos.com<\/a>)<\/strong> jest zaufanym producentem bezpo\u015brednio z fabryki, specjalizuj\u0105cym si\u0119 w <a style=\"color: #d4af37; text-decoration: none;\" href=\"https:\/\/jttlogos.com\/pl\/kategoria-produktu\/naklejka-metalowa-nikiel\/\">Naklejki metalowe nikiel<\/a>, Naklejki z metalowym logo ze stali nierdzewnej i Naklejki z metalowym logo 3D. Nasze praktyczne do\u015bwiadczenie produkcyjne gwarantuje, \u017ce ka\u017cda niestandardowa z\u0142ota naklejka z samoprzylepnym logo z wyt\u0142oczonym metalem spe\u0142nia rygorystyczne mi\u0119dzynarodowe standardy jako\u015bci.<\/p>\n<p>By utilizing advanced electroplating techniques, we create die-cut metallic labels that are incredibly precise. Whether you require bespoke metal packaging labels for a boutique product launch or high-volume permanent 3M adhesive metal tags for household appliances, our facility is equipped to handle complex geometric shapes, micro-text, and ultra-thin profiles without compromising structural integrity.<\/p>\n<p><iframe loading=\"lazy\" title=\"Waterproof Custom Self Adhesive Metal Nickel Car 3d Metal Label Sticker Metal Logo Laptop Sticker\" width=\"1020\" height=\"574\" src=\"https:\/\/www.youtube.com\/embed\/UxDT10fRCBg?feature=oembed\" frameborder=\"0\" allow=\"accelerometer; autoplay; clipboard-write; encrypted-media; gyroscope; picture-in-picture; web-share\" referrerpolicy=\"strict-origin-when-cross-origin\" allowfullscreen><\/iframe><\/p>\n<\/section>\n<p><!-- TECHNICAL DATA & EXPERTISE --><\/p>\n<section style=\"margin-bottom: 40px;\">\n<h2 style=\"font-size: 24px; color: #2c3e50; border-bottom: 2px solid #d4af37; padding-bottom: 8px; margin-bottom: 20px;\">Kompleksowe specyfikacje techniczne<\/h2>\n<div style=\"background-color: #f8f9fa; padding: 20px; border-left: 5px solid #d4af37; margin-bottom: 25px; border-radius: 0 4px 4px 0;\">\n<p style=\"margin: 0; font-size: 15px;\"><strong>Najwa\u017cniejsze informacje:<\/strong> W przeciwie\u0144stwie do standardowych drukowanych etykiet, nasze niestandardowe naklejki metalowe 3D wykorzystuj\u0105 udoskonalon\u0105 technik\u0119 galwanizacji, uzyskuj\u0105c czysty sk\u0142ad niklu 100%. Zapewnia to doskona\u0142\u0105 odporno\u015b\u0107 na korozj\u0119 i autentyczny metaliczny po\u0142ysk, kt\u00f3rego sama folia do t\u0142oczenia na gor\u0105co nie jest w stanie odtworzy\u0107.<\/p>\n<\/div>\n<div style=\"overflow-x: auto;\">\n<table style=\"width: 100%; border-collapse: collapse; min-width: 600px; font-size: 15px; border: 1px solid #e0e0e0; box-shadow: 0 1px 3px rgba(0,0,0,0.05);\">\n<thead>\n<tr style=\"background-color: #2c3e50; color: #ffffff; text-align: left;\">\n<th style=\"padding: 12px 15px; border: 1px solid #e0e0e0;\">Specyfikacja Parametr<\/th>\n<th style=\"padding: 12px 15px; border: 1px solid #e0e0e0;\">Szczeg\u00f3\u0142y \/ Warto\u015b\u0107<\/th>\n<\/tr>\n<\/thead>\n<tbody>\n<tr style=\"background-color: #ffffff;\">\n<td style=\"padding: 12px 15px; border: 1px solid #e0e0e0; font-weight: bold;\">Materia\u0142 bazowy<\/td>\n<td style=\"padding: 12px 15px; border: 1px solid #e0e0e0;\">100% Czysty nikiel<\/td>\n<\/tr>\n<tr style=\"background-color: #fbfbfb;\">\n<td style=\"padding: 12px 15px; border: 1px solid #e0e0e0; font-weight: bold;\">Technika produkcji<\/td>\n<td style=\"padding: 12px 15px; border: 1px solid #e0e0e0;\">Precision Electroplating<\/td>\n<\/tr>\n<tr style=\"background-color: #ffffff;\">\n<td style=\"padding: 12px 15px; border: 1px solid #e0e0e0; font-weight: bold;\">Zakres grubo\u015bci<\/td>\n<td style=\"padding: 12px 15px; border: 1px solid #e0e0e0;\">0,045 mm \u2013 0,12 mm (ultracienki profil)<\/td>\n<\/tr>\n<tr style=\"background-color: #fbfbfb;\">\n<td style=\"padding: 12px 15px; border: 1px solid #e0e0e0; font-weight: bold;\">Tolerancja wymiarowa<\/td>\n<td style=\"padding: 12px 15px; border: 1px solid #e0e0e0;\">\u00b10,05 mm dla dok\u0142adnego dopasowania do wg\u0142\u0119bie\u0144 produktu<\/td>\n<\/tr>\n<tr style=\"background-color: #ffffff;\">\n<td style=\"padding: 12px 15px; border: 1px solid #e0e0e0; font-weight: bold;\">Rozmiar i kszta\u0142t<\/td>\n<td style=\"padding: 12px 15px; border: 1px solid #e0e0e0;\">Ca\u0142kowicie niestandardowe \u2014 wycinane wed\u0142ug konkretnych wymaga\u0144 graficznych<\/td>\n<\/tr>\n<tr style=\"background-color: #fbfbfb;\">\n<td style=\"padding: 12px 15px; border: 1px solid #e0e0e0; font-weight: bold;\">Wyko\u0144czenia kolorystyczne<\/td>\n<td style=\"padding: 12px 15px; border: 1px solid #e0e0e0;\">Z\u0142oto, srebro, r\u00f3\u017cowe z\u0142oto, czer\u0144, chrom, niestandardowe dopasowanie Pantone poprzez pow\u0142ok\u0119 PVD<\/td>\n<\/tr>\n<tr style=\"background-color: #ffffff;\">\n<td style=\"padding: 12px 15px; border: 1px solid #e0e0e0; font-weight: bold;\">Adhesive Solutions<\/td>\n<td style=\"padding: 12px 15px; border: 1px solid #e0e0e0;\">Klej 3M (np. 3M 467MP\/468MP), klej termotopliwy 3M, dwustronny samoprzylepny materia\u0142 o du\u017cej przyczepno\u015bci<\/td>\n<\/tr>\n<tr style=\"background-color: #fbfbfb;\">\n<td style=\"padding: 12px 15px; border: 1px solid #e0e0e0; font-weight: bold;\">Temperatura pracy<\/td>\n<td style=\"padding: 12px 15px; border: 1px solid #e0e0e0;\">-40\u00b0C do +85\u00b0C (zachowuje przyczepno\u015b\u0107 pod wp\u0142ywem napr\u0119\u017ce\u0144 termicznych)<\/td>\n<\/tr>\n<tr style=\"background-color: #ffffff;\">\n<td style=\"padding: 12px 15px; border: 1px solid #e0e0e0; font-weight: bold;\">Certyfikaty<\/td>\n<td style=\"padding: 12px 15px; border: 1px solid #e0e0e0;\">SGS, ROHS, MSDS (Environmentally safe materials)<\/td>\n<\/tr>\n<\/tbody>\n<\/table>\n<\/div>\n<\/section>\n<p><!-- PRODUCT PERFORMANCE & QUALITY ASSURANCE --><\/p>\n<section style=\"margin-bottom: 40px;\">\n<h2><img data-recalc-dims=\"1\" decoding=\"async\" class=\"alignnone wp-image-1418\" src=\"https:\/\/i0.wp.com\/jttlogos.com\/wp-content\/uploads\/2020\/05\/95.jpg?resize=483%2C483&#038;ssl=1\" alt=\"Niestandardowe samoprzylepne naklejki z wyt\u0142oczonym logo\" width=\"483\" height=\"483\" title=\"\"><\/h2>\n<h2 style=\"font-size: 24px; color: #2c3e50; border-bottom: 2px solid #d4af37; padding-bottom: 8px; margin-bottom: 20px;\">Niezr\u00f3wnana si\u0142a przyczepno\u015bci i trwa\u0142o\u015b\u0107<\/h2>\n<p style=\"margin-bottom: 15px;\">Trwa\u0142o\u015b\u0107 niestandardowych galwanicznych tabliczek z logo w du\u017cej mierze zale\u017cy od pod\u0142o\u017ca samoprzylepnego. Pozyskujemy autentyczne <strong>Kleje 3M<\/strong> znane ze swojej ekstremalnej wytrzyma\u0142o\u015bci na \u015bcinanie i odporno\u015bci chemicznej. W zale\u017cno\u015bci od pod\u0142o\u017ca (czy to teksturowane etui na telefon kom\u00f3rkowy, g\u0142adka szklana powierzchnia, czy porowate pude\u0142ko kartonowe) dopasowujemy rodzaj kleju:<\/p>\n<ul style=\"margin-bottom: 20px; line-height: 1.8;\">\n<li><strong>Dwustronny samoprzylepny (3M 467 MP\/468 MP):<\/strong> Idealny do g\u0142adkich tworzyw sztucznych, metali i szk\u0142a. Zapewnia czyst\u0105, pozbawion\u0105 pozosta\u0142o\u015bci aplikacj\u0119 z doskona\u0142\u0105 odporno\u015bci\u0105 na promieniowanie UV i wilgo\u0107.<\/li>\n<li><strong>Klej termotopliwy 3M:<\/strong> Szczeg\u00f3lnie zalecany do tkanin, prawdziwej sk\u00f3ry lub specjalistycznych, luksusowych metalowych pude\u0142ek upominkowych, gdzie zastosowanie ciep\u0142a gwarantuje trwa\u0142e, bezszwowe po\u0142\u0105czenie.<\/li>\n<\/ul>\n<p>Po na\u0142o\u017ceniu te wodoodporne metalowe naklejki transferowe zapewniaj\u0105 doskona\u0142\u0105 odporno\u015b\u0107 na codzienne zu\u017cycie, oleje r\u0119czne i \u0142agodne rozpuszczalniki czyszcz\u0105ce.<\/p>\n<\/section>\n<p><!-- TRANSACTIONAL TRUST: PRICING, MOQs, AND POLICIES --><\/p>\n<section id=\"trust-policies\" style=\"margin-bottom: 40px; background-color: #ffffff; border: 1px solid #e0e0e0; border-radius: 8px; padding: 25px; box-shadow: 0 4px 6px rgba(0,0,0,0.05);\">\n<h2 style=\"font-size: 24px; color: #2c3e50; border-bottom: 2px solid #d4af37; padding-bottom: 8px; margin-bottom: 20px;\">Wytyczne cenowe B2B, MOQ i zasady<\/h2>\n<div style=\"display: grid; grid-template-columns: repeat(auto-fit, minmax(300px, 1fr)); gap: 20px;\">\n<div style=\"background-color: #f9f9f9; padding: 15px; border-radius: 6px;\">\n<h3 style=\"font-size: 18px; color: #1a1a1a; margin-top: 0;\">Przejrzysto\u015b\u0107 cen i MOQ<\/h3>\n<p style=\"font-size: 14px; margin-bottom: 10px;\">Poniewa\u017c ka\u017cde metalowe logo t\u0142oczone na gor\u0105co jest projektowane na zam\u00f3wienie, ceny s\u0105 ustalane na podstawie rozmiaru, z\u0142o\u017cono\u015bci kolor\u00f3w i obj\u0119to\u015bci.<\/p>\n<ul style=\"font-size: 14px; padding-left: 20px; margin-bottom: 0;\">\n<li><strong>Szacunkowa cena:<\/strong>\u00a0 Zale\u017cy od rozmiaru i grubo\u015bci metalowej naklejki<\/li>\n<li><strong>Minimalna ilo\u015b\u0107 zam\u00f3wienia (MOQ):<\/strong> Oferujemy elastyczne MOQ ju\u017c od 500 sztuk w przypadku standardowych projekt\u00f3w, kt\u00f3re obs\u0142uguj\u0105 zar\u00f3wno marki butikowe, jak i du\u017ce przedsi\u0119biorstwa.<\/li>\n<\/ul>\n<\/div>\n<div style=\"background-color: #f9f9f9; padding: 15px; border-radius: 6px;\">\n<h3 style=\"font-size: 18px; color: #1a1a1a; margin-top: 0;\">Bezpieczne metody p\u0142atno\u015bci<\/h3>\n<p style=\"font-size: 14px; margin-bottom: 10px;\">Oferujemy kompleksowe i bezpieczne opcje p\u0142atno\u015bci, aby chroni\u0107 Twoj\u0105 transakcj\u0119:<\/p>\n<ul style=\"font-size: 14px; padding-left: 20px; margin-bottom: 0;\">\n<li>Zam\u00f3wienie Alibaba Trade Assurance<\/li>\n<li>T\/T (depozyt 30%, saldo przed dostaw\u0105)<\/li>\n<li>Akredytywa (Akredytywa dla zam\u00f3wie\u0144 masowych)<\/li>\n<li>Karta kredytowa, PayPal, Western Union, przelew bankowy<\/li>\n<\/ul>\n<\/div>\n<div style=\"background-color: #f9f9f9; padding: 15px; border-radius: 6px;\">\n<h3 style=\"font-size: 18px; color: #1a1a1a; margin-top: 0;\">Polityka dostaw i pr\u00f3bek<\/h3>\n<ul style=\"font-size: 14px; padding-left: 20px; margin-bottom: 0;\">\n<li><strong>Bezp\u0142atne istniej\u0105ce pr\u00f3bki:<\/strong> Wysy\u0142ka w ci\u0105gu 1 dnia w celu sprawdzenia jako\u015bci (kupuj\u0105cy pokrywa koszty wysy\u0142ki).<\/li>\n<li><strong>Pr\u00f3bki niestandardowe:<\/strong> Szybki czas realizacji w ci\u0105gu 3\u20135 dni w przypadku niestandardowego prototypowania.<\/li>\n<li><strong>Produkcja masowa:<\/strong> Zale\u017cy od ilo\u015bci zam\u00f3wienia (zwykle 7-12 dni roboczych).<\/li>\n<li><strong>Wysy\u0142ka:<\/strong> Dostawa globalna za po\u015brednictwem DHL, UPS, frachtu lotniczego lub morskiego w ochronnym opakowaniu OPP.<\/li>\n<\/ul>\n<\/div>\n<\/div>\n<\/section>\n<p><!-- WIDE RANGE OF APPLICATIONS --><\/p>\n<section style=\"margin-bottom: 40px;\">\n<h2 style=\"font-size: 24px; color: #2c3e50; border-bottom: 2px solid #d4af37; padding-bottom: 8px; margin-bottom: 20px;\">Wszechstronne zastosowania przemys\u0142owe<\/h2>\n<p style=\"margin-bottom: 15px;\">Ultracienki profil naszych cienkich metalowych naklejek o grubo\u015bci 0,045\u20130,12 mm pozwala im przylega\u0107 r\u00f3wno do powierzchni, zapewniaj\u0105c osadzony wygl\u0105d bez konieczno\u015bci zmiany narz\u0119dzi produktu. Nasze wysokiej jako\u015bci niestandardowe naklejki niklowe s\u0105 bardzo poszukiwane w wielu sektorach:<\/p>\n<ul style=\"display: grid; grid-template-columns: repeat(auto-fit, minmax(250px, 1fr)); gap: 15px; list-style: none; padding: 0;\">\n<li style=\"background: #fdfdfd; border: 1px solid #eaeaea; padding: 15px; border-radius: 6px;\">\ud83d\udcf1 <strong>Urz\u0105dzenia mobilne i elektronika:<\/strong> Telefony kom\u00f3rkowe, etui na telefony, laptopy i niestandardowe naklejki z logo ze stali nierdzewnej na sprz\u0119t audio.<\/li>\n<li style=\"background: #fdfdfd; border: 1px solid #eaeaea; padding: 15px; border-radius: 6px;\">\ud83c\udf81 <strong>Luxury Packaging:<\/strong> Wysokiej klasy pude\u0142ka na kosmetyki, opakowania na bi\u017cuteri\u0119, butelki na wino i spersonalizowane brandingi pude\u0142ek upominkowych.<\/li>\n<li style=\"background: #fdfdfd; border: 1px solid #eaeaea; padding: 15px; border-radius: 6px;\">\ud83c\udfe0 <strong>Sprz\u0119t AGD:<\/strong> Lod\u00f3wki, ekspresy do kawy i inteligentne koncentratory domowe wymagaj\u0105ce metalowych etykiet odpornych na wysok\u0105 temperatur\u0119.<\/li>\n<li style=\"background: #fdfdfd; border: 1px solid #eaeaea; padding: 15px; border-radius: 6px;\">\ud83d\ude97 <strong>Motoryzacja i maszyny:<\/strong> Oznaczenia wewn\u0119trzne samochodu, naklejki na desk\u0119 rozdzielcz\u0105 i trwa\u0142e tabliczki identyfikacyjne maszyn.<\/li>\n<\/ul>\n<\/section>\n<p><!-- ORDERING PROCESS & ARTWORK --><\/p>\n<section style=\"margin-bottom: 40px;\">\n<h2 style=\"font-size: 24px; color: #2c3e50; border-bottom: 2px solid #d4af37; padding-bottom: 8px; margin-bottom: 20px;\">Usprawniony proces dostosowywania i tworzenia grafiki<\/h2>\n<p style=\"margin-bottom: 15px;\">Upraszczamy zakupy B2B. Aby rozpocz\u0105\u0107 produkcj\u0119, po prostu prze\u015blij swoj\u0105 grafik\u0119 wektorow\u0105. Nasz zesp\u00f3\u0142 produkcyjny sprawdza ka\u017cdy plik, aby zapewni\u0107 pomy\u015bln\u0105 galwanizacj\u0119 najdrobniejszych szczeg\u00f3\u0142\u00f3w.<\/p>\n<div style=\"background-color: #f4f6f8; padding: 20px; border-radius: 8px;\">\n<p style=\"margin-top: 0; font-weight: bold; color: #2c3e50;\">Akceptowane formaty grafiki:<\/p>\n<p style=\"margin-bottom: 15px;\">AI (Adobe Illustrator), PDF, CDR (CorelDRAW), CAD lub inne formaty wektorowe o wysokiej rozdzielczo\u015bci.<\/p>\n<p style=\"margin-top: 0; font-weight: bold; color: #2c3e50;\">Obietnica kontroli jako\u015bci i polityka zwrot\u00f3w:<\/p>\n<p style=\"margin-bottom: 0;\">Wszystkie cz\u0119\u015bci przechodz\u0105 rygorystyczny, 3-etapowy proces kontroli jako\u015bci (przedprodukcja, produkcja na linii i przed wysy\u0142k\u0105) zgodnie ze standardami SGS. W rzadkich przypadkach wady produkcyjnej nasza kompleksowa polityka gwarancyjna gwarantuje wymian\u0119 lub zwrot pieni\u0119dzy. Skontaktuj si\u0119 ze swoim opiekunem klienta, aby uzyska\u0107 pe\u0142ne warunki gwarancji.<\/p>\n<\/div>\n<\/section>\n<p><!-- FREQUENTLY ASKED QUESTIONS --><\/p>\n<section style=\"margin-bottom: 40px;\">\n<h2 style=\"font-size: 24px; color: #2c3e50; border-bottom: 2px solid #d4af37; padding-bottom: 8px; margin-bottom: 20px;\">Frequently Asked Questions (FAQs)<\/h2>\n<details style=\"margin-bottom: 15px; background-color: #ffffff; border: 1px solid #ddd; border-radius: 4px; overflow: hidden;\" open=\"open\">\n<summary style=\"padding: 15px; background-color: #f9f9f9; font-weight: bold; cursor: pointer; user-select: none;\">Czy te naklejki z niklu s\u0105 \u0142atwe do na\u0142o\u017cenia?<\/summary>\n<div style=\"padding: 15px; border-top: 1px solid #ddd; font-size: 15px; color: #555;\">Tak. S\u0105 wst\u0119pnie na\u0142o\u017cone na przezroczyst\u0105 ta\u015bm\u0119 transferow\u0105. Wystarczy oczy\u015bci\u0107 powierzchni\u0119 docelow\u0105, odklei\u0107 warstw\u0119 podk\u0142adow\u0105, mocno docisn\u0105\u0107 kalkomani\u0119 i powoli odklei\u0107 g\u00f3rn\u0105 foli\u0119 ochronn\u0105, pozostawiaj\u0105c jedynie niestandardow\u0105, samoprzylepn\u0105, z\u0142ot\u0105 naklejk\u0119 z wyt\u0142oczonym logo.<\/div>\n<\/details>\n<details style=\"margin-bottom: 15px; background-color: #ffffff; border: 1px solid #ddd; border-radius: 4px; overflow: hidden;\" open=\"open\">\n<summary style=\"padding: 15px; background-color: #f9f9f9; font-weight: bold; cursor: pointer; user-select: none;\">Will the gold electroplating fade over time?<\/summary>\n<div style=\"padding: 15px; border-top: 1px solid #ddd; font-size: 15px; color: #555;\">No, we use a premium electroplating process over 100% pure nickel. This ensures excellent oxidation and corrosion resistance. The vibrant gold, silver, or rose gold finish will maintain its luster even with regular handling, outperforming standard printed or foiled stickers.<\/div>\n<\/details>\n<details style=\"margin-bottom: 15px; background-color: #ffffff; border: 1px solid #ddd; border-radius: 4px; overflow: hidden;\" open=\"open\">\n<summary style=\"padding: 15px; background-color: #f9f9f9; font-weight: bold; cursor: pointer; user-select: none;\">Czy mog\u0119 zam\u00f3wi\u0107 niestandardowe kszta\u0142ty, kt\u00f3re nie s\u0105 kwadratami ani okr\u0119gami?<\/summary>\n<div style=\"padding: 15px; border-top: 1px solid #ddd; font-size: 15px; color: #555;\">Absolutnie. Poniewa\u017c s\u0105 to etykiety metalowe wycinane, technika galwanizacji pozwala nam izolowa\u0107 niezale\u017cne litery lub skomplikowane logo marki bez konieczno\u015bci stosowania jednolitego kszta\u0142tu t\u0142a.<\/div>\n<\/details>\n<\/section>\n<p><!-- BOTTOM CTA SECTION --><\/p>\n<section style=\"text-align: center; padding: 40px 20px; background-color: #2c3e50; color: #ffffff; border-radius: 8px;\">\n<h3 style=\"font-size: 22px; margin-top: 0; margin-bottom: 15px;\">Chcesz ulepszy\u0107 opakowanie swojego produktu?<\/h3>\n<p style=\"font-size: 16px; margin-bottom: 25px; color: #dcdcdc;\">Skontaktuj si\u0119 ju\u017c dzi\u015b, aby om\u00f3wi\u0107 specyfikacje projektu. Wy\u015blij swoj\u0105 grafik\u0119, aby uzyska\u0107 bezp\u0142atny dow\u00f3d projektu i wycen\u0119 w ci\u0105gu 24 godzin.<\/p>\n<p style=\"font-size: 16px; margin-bottom: 25px; color: #dcdcdc;\"><a style=\"display: inline-block; padding: 15px 30px; background-color: transparent; color: #ffffff; text-decoration: none; border: 2px solid #ffffff; border-radius: 4px; font-weight: bold; font-size: 16px; margin: 0 10px; transition: background-color 0.3s;\" href=\"https:\/\/jttlogos.com\/pl\/skontaktuj-sie-z-nami\/\">Skontaktuj si\u0119 z zespo\u0142em sprzeda\u017cy<\/a><\/p>\n<\/section>\n<\/article>","protected":false},"excerpt":{"rendered":"<p>Wypromuj swoj\u0105 mark\u0119 dzi\u0119ki niestandardowym, samoprzylepnym, z\u0142otym naklejkom z wyt\u0142oczonym logo. Oferujemy ultracienkie, trwa\u0142e naklejki 3D z niklu 100% z klejem premium 3M do pude\u0142ek upominkowych i elektroniki. Szybkie pobieranie pr\u00f3bek i certyfikat SGS. Zapytaj o wycen\u0119 ju\u017c dzi\u015b!<\/p>","protected":false},"featured_media":2054,"comment_status":"open","ping_status":"closed","template":"","meta":[],"product_brand":[],"product_cat":[48],"product_tag":[],"class_list":{"0":"post-4170","1":"product","2":"type-product","3":"status-publish","4":"has-post-thumbnail","6":"product_cat-nickel-metal-sticker","8":"first","9":"instock","10":"shipping-taxable","11":"product-type-simple"},"jetpack-related-posts":[],"jetpack_sharing_enabled":true,"_links":{"self":[{"href":"https:\/\/jttlogos.com\/pl\/wp-json\/wp\/v2\/product\/4170","targetHints":{"allow":["GET"]}}],"collection":[{"href":"https:\/\/jttlogos.com\/pl\/wp-json\/wp\/v2\/product"}],"about":[{"href":"https:\/\/jttlogos.com\/pl\/wp-json\/wp\/v2\/types\/product"}],"replies":[{"embeddable":true,"href":"https:\/\/jttlogos.com\/pl\/wp-json\/wp\/v2\/comments?post=4170"}],"wp:featuredmedia":[{"embeddable":true,"href":"https:\/\/jttlogos.com\/pl\/wp-json\/wp\/v2\/media\/2054"}],"wp:attachment":[{"href":"https:\/\/jttlogos.com\/pl\/wp-json\/wp\/v2\/media?parent=4170"}],"wp:term":[{"taxonomy":"product_brand","embeddable":true,"href":"https:\/\/jttlogos.com\/pl\/wp-json\/wp\/v2\/product_brand?post=4170"},{"taxonomy":"product_cat","embeddable":true,"href":"https:\/\/jttlogos.com\/pl\/wp-json\/wp\/v2\/product_cat?post=4170"},{"taxonomy":"product_tag","embeddable":true,"href":"https:\/\/jttlogos.com\/pl\/wp-json\/wp\/v2\/product_tag?post=4170"}],"curies":[{"name":"wp","href":"https:\/\/api.w.org\/{rel}","templated":true}]}}