{"id":4173,"date":"2020-07-02T07:53:31","date_gmt":"2020-07-02T07:53:31","guid":{"rendered":"https:\/\/jttlogos.com\/?post_type=product&#038;p=4173"},"modified":"2026-04-18T12:29:06","modified_gmt":"2026-04-18T12:29:06","slug":"custom-self-adhesive-black-chrome-metal-nickel-stickers-logos-label-for-tv-and-lcd-screen","status":"publish","type":"product","link":"https:\/\/jttlogos.com\/pl\/product\/custom-self-adhesive-black-chrome-metal-nickel-stickers-logos-label-for-tv-and-lcd-screen\/","title":{"rendered":"Niestandardowe naklejki z czarnego chromowanego metalu niklowego \u2013 ultracienkie samoprzylepne, galwanizowane etykiety z logo do telewizor\u00f3w, ekran\u00f3w LCD i urz\u0105dze\u0144 elektronicznych"},"content":{"rendered":"<article style=\"font-family: 'Helvetica Neue', Helvetica, Arial, sans-serif; line-height: 1.8; color: #333333; max-width: 100%px; margin: 0 auto; padding: 20px;\">\n<div style=\"background-color: #f4f7f6; padding: 30px; border-radius: 8px; margin-bottom: 30px; border-left: 5px solid #0056b3; text-align: center;\">\n<h2 style=\"color: #0056b3; margin-top: 0; font-size: 28px;\">Podnie\u015b poziom swojej elektroniki dzi\u0119ki niestandardowym naklejkom z czarnego chromowanego metalu i niklu<\/h2>\n<p style=\"font-size: 16px; color: #555;\">Odkryj najwy\u017cszej jako\u015bci, ultracienkie, metalowe rozwi\u0105zania brandingowe dostosowane do wysokiej klasy telewizor\u00f3w, ekran\u00f3w LCD i urz\u0105dze\u0144 elektronicznych. Wspierane przez ponad 20 lat doskona\u0142o\u015bci produkcyjnej.<\/p>\n<div style=\"margin-top: 25px;\">\n<p><a style=\"background-color: #0056b3; color: #ffffff; padding: 15px 35px; text-decoration: none; font-size: 18px; font-weight: bold; border-radius: 5px; display: inline-block; transition: background-color 0.3s ease;\" href=\"https:\/\/jttlogos.com\/pl\/skontaktuj-sie-z-nami\/\">Request a Custom Quote &amp; Samples Today<\/a><\/p>\n<p style=\"font-size: 12px; color: #777; margin-top: 10px;\">Contact us for tailored pricing and volume requirements based on your project needs.<\/p>\n<\/div>\n<\/div>\n<p style=\"font-size: 16px; margin-bottom: 20px;\">W konkurencyjnym \u015brodowisku elektroniki u\u017cytkowej spos\u00f3b, w jaki prezentujesz swoj\u0105 mark\u0119, mo\u017ce mie\u0107 ogromne znaczenie. Nasz <strong>Niestandardowe samoprzylepne czarne chromowane metalowe naklejki na niklu Logos Etykieta do ekranu telewizji i LCD<\/strong> s\u0105 starannie wykonane, aby zapewni\u0107 luksusowe, wysokiej klasy wyko\u0144czenie, kt\u00f3remu standardowe naklejki plastikowe lub drukowane po prostu nie mog\u0105 si\u0119 r\u00f3wna\u0107. Te spersonalizowane metalowe naklejki, stanowi\u0105ce szczytowe osi\u0105gni\u0119cie w projektowaniu to\u017csamo\u015bci marki, stanowi\u0105 idealne wyko\u0144czenie monitor\u00f3w, sprz\u0119tu gospodarstwa domowego i szerokiej gamy produkt\u00f3w konsumenckich.<\/p>\n<p style=\"font-size: 16px; margin-bottom: 20px;\">At <strong>JTT Precision Metal Co., Ltd (<a style=\"color: #0056b3; text-decoration: none;\" href=\"https:\/\/jttlogos.com\/pl\/\">jttlogos.com<\/a>)<\/strong>, sp\u0119dzili\u015bmy ponad 20 lat specjalizuj\u0105c si\u0119 w niestandardowych <a style=\"color: #0056b3; text-decoration: none;\" href=\"https:\/\/jttlogos.com\/pl\/kategoria-produktu\/naklejka-metalowa-nikiel\/\">Naklejki metalowe nikiel<\/a>, Naklejki z metalowym logo ze stali nierdzewnej i Naklejki z metalowym logo 3D. Nasze rozleg\u0142e, praktyczne do\u015bwiadczenie produkcyjne gwarantuje, \u017ce ka\u017cde produkowane przez nas rozwi\u0105zanie w zakresie oznakowania metalowego na zam\u00f3wienie spe\u0142nia najbardziej rygorystyczne mi\u0119dzynarodowe standardy jako\u015bci. Niezale\u017cnie od tego, czy szukasz ultracienkich metalowych naklejek do etui na telefony kom\u00f3rkowe, czy te\u017c widocznych czarnych chromowanych tabliczek z logo do wy\u015bwietlaczy wielkoformatowych, nasze zak\u0142ady produkcyjne s\u0105 wyposa\u017cone, aby urzeczywistni\u0107 Twoj\u0105 wizj\u0119.<\/p>\n<p><!-- Comprehensive Specifications Table --><\/p>\n<p><iframe loading=\"lazy\" title=\"Waterproof Custom Self Adhesive Metal Nickel Car 3d Metal Label Sticker Metal Logo Laptop Sticker\" width=\"1020\" height=\"574\" src=\"https:\/\/www.youtube.com\/embed\/UxDT10fRCBg?feature=oembed\" frameborder=\"0\" allow=\"accelerometer; autoplay; clipboard-write; encrypted-media; gyroscope; picture-in-picture; web-share\" referrerpolicy=\"strict-origin-when-cross-origin\" allowfullscreen><\/iframe><\/p>\n<p><img data-recalc-dims=\"1\" decoding=\"async\" class=\"alignnone wp-image-1418 size-full\" src=\"https:\/\/i0.wp.com\/jttlogos.com\/wp-content\/uploads\/2020\/05\/103.jpg?resize=600%2C450&#038;ssl=1\" alt=\"custom metal chrome sticker label\" width=\"600\" height=\"450\" title=\"\"><\/p>\n<h2 style=\"color: #222222; font-size: 24px; border-bottom: 2px solid #eaeaea; padding-bottom: 10px; margin-top: 40px;\">Szczeg\u00f3\u0142owe specyfikacje produktu<\/h2>\n<p style=\"font-size: 16px; margin-bottom: 20px;\">Szczycimy si\u0119 pe\u0142n\u0105 przejrzysto\u015bci\u0105 i wiedz\u0105 techniczn\u0105. Poni\u017cej znajduje si\u0119 kompleksowy opis techniczny naszych wysokiej jako\u015bci czarnych chromowanych tabliczek z logo, zaprojektowany, aby pom\u00f3c kierownikom ds. zakup\u00f3w i projektantom produkt\u00f3w w zrozumieniu dok\u0142adnych parametr\u00f3w naszych mo\u017cliwo\u015bci produkcyjnych.<\/p>\n<table style=\"width: 100%; border-collapse: collapse; margin-bottom: 30px; font-size: 15px; box-shadow: 0 4px 6px rgba(0,0,0,0.05);\">\n<tbody>\n<tr style=\"background-color: #f8f9fa; border-bottom: 1px solid #dddddd;\">\n<td style=\"padding: 15px; font-weight: bold; width: 30%; color: #333;\">Typ przedmiotu<\/td>\n<td style=\"padding: 15px; color: #555;\">Niestandardowa samoprzylepna etykieta z logo z czarnym, chromowanym i niklowanym metalem<\/td>\n<\/tr>\n<tr style=\"border-bottom: 1px solid #dddddd;\">\n<td style=\"padding: 15px; font-weight: bold; color: #333;\">Material<\/td>\n<td style=\"padding: 15px; color: #555;\">Wysokiej jako\u015bci metal, nikiel 100%<\/td>\n<\/tr>\n<tr style=\"background-color: #f8f9fa; border-bottom: 1px solid #dddddd;\">\n<td style=\"padding: 15px; font-weight: bold; color: #333;\">Technika produkcji<\/td>\n<td style=\"padding: 15px; color: #555;\">Zaawansowane galwanizacja<\/td>\n<\/tr>\n<tr style=\"border-bottom: 1px solid #dddddd;\">\n<td style=\"padding: 15px; font-weight: bold; color: #333;\">Zakres grubo\u015bci<\/td>\n<td style=\"padding: 15px; color: #555;\">Ultracienki profil od 0,045 mm do 0,12 mm<\/td>\n<\/tr>\n<tr style=\"background-color: #f8f9fa; border-bottom: 1px solid #dddddd;\">\n<td style=\"padding: 15px; font-weight: bold; color: #333;\">Rozmiar i kolor<\/td>\n<td style=\"padding: 15px; color: #555;\">W pe\u0142ni dostosowany dowolny rozmiar, kszta\u0142t i kolor (z eleganckim czarnym chromem)<\/td>\n<\/tr>\n<tr style=\"border-bottom: 1px solid #dddddd;\">\n<td style=\"padding: 15px; font-weight: bold; color: #333;\">Opcje kleju<\/td>\n<td style=\"padding: 15px; color: #555;\">Klej 3M, klej termotopliwy 3M, przemys\u0142owy dwustronny samoprzylepny<\/td>\n<\/tr>\n<tr style=\"background-color: #f8f9fa; border-bottom: 1px solid #dddddd;\">\n<td style=\"padding: 15px; font-weight: bold; color: #333;\">Usage \/ Applications<\/td>\n<td style=\"padding: 15px; color: #555;\">Telewizory, ekrany LCD, telefony kom\u00f3rkowe, etui na telefony kom\u00f3rkowe, sprz\u0119t AGD, produkty elektroniczne, opakowania na prezenty, samochody, maszyny i wiele innych dziedzin<\/td>\n<\/tr>\n<tr style=\"border-bottom: 1px solid #dddddd;\">\n<td style=\"padding: 15px; font-weight: bold; color: #333;\">Certyfikaty<\/td>\n<td style=\"padding: 15px; color: #555;\">SGS, ROHS, MSDS (zapewniaj\u0105ce zgodno\u015b\u0107 ze \u015brodowiskiem i bezpiecze\u0144stwo)<\/td>\n<\/tr>\n<tr style=\"background-color: #f8f9fa; border-bottom: 1px solid #dddddd;\">\n<td style=\"padding: 15px; font-weight: bold; color: #333;\">Delivery Time<\/td>\n<td style=\"padding: 15px; color: #555;\">1 dzie\u0144 dla istniej\u0105cych pr\u00f3bek referencyjnych; Szybka dostawa 3-5 dni na niestandardowe wykonanie pr\u00f3bki. Czas realizacji produkcji masowej zale\u017cy od konkretnych wymaga\u0144 zam\u00f3wienia.<\/td>\n<\/tr>\n<tr style=\"border-bottom: 1px solid #dddddd;\">\n<td style=\"padding: 15px; font-weight: bold; color: #333;\">Accepted Artwork Formats<\/td>\n<td style=\"padding: 15px; color: #555;\">AI, PDF, CDR, CAD lub inne formaty wektorowe<\/td>\n<\/tr>\n<\/tbody>\n<\/table>\n<h2 style=\"color: #222222; font-size: 24px; border-bottom: 2px solid #eaeaea; padding-bottom: 10px; margin-top: 40px;\">Expertise in Advanced Electroplating and 100% Nickel Materials<\/h2>\n<p style=\"font-size: 16px; margin-bottom: 20px;\">Tworzenie doskona\u0142ych, niestandardowych tabliczek z logo telewizor\u00f3w wymaga g\u0142\u0119bokiego zrozumienia metalurgii i technik wyka\u0144czania. Nasze etykiety s\u0105 wykonane z <strong>Czysty nikiel 100%<\/strong>, materia\u0142u wybranego specjalnie ze wzgl\u0119du na jego wyj\u0105tkow\u0105 trwa\u0142o\u015b\u0107, odporno\u015b\u0107 na utlenianie i zdolno\u015b\u0107 do utrzymywania mikroskopijnych szczeg\u00f3\u0142\u00f3w. W przeciwie\u0144stwie do standardowych mieszanek stop\u00f3w, czysty nikiel gwarantuje niezmiennie g\u0142adk\u0105 powierzchni\u0119, kt\u00f3ra dzia\u0142a jak idealne p\u0142\u00f3tno dla doskona\u0142ych wyko\u0144cze\u0144.<\/p>\n<p style=\"font-size: 16px; margin-bottom: 20px;\">Through our highly refined <strong>technika galwaniczna<\/strong>, uzyskujemy uderzaj\u0105c\u0105 estetyk\u0119 czarnego chromu. Ten proces galwanizacji pozwala nam manipulowa\u0107 metalem na poziomie molekularnym, osadzaj\u0105c nikiel w niestandardowe kszta\u0142ty o nieskazitelnych kraw\u0119dziach. Poniewa\u017c technika ta pozwala unikn\u0105\u0107 agresywnego t\u0142oczenia mechanicznego, mo\u017cemy uzyska\u0107 niewiarygodnie eleganckie, ultracienkie profile w zakresie od zaledwie <strong>0,045 mm do 0,12 mm<\/strong>. Ta niezwykle cienka konstrukcja oznacza, \u017ce \u200b\u200bpo na\u0142o\u017ceniu metalowej etykiety marki na ramk\u0119 monitora LCD lub obudow\u0119 telefonu kom\u00f3rkowego, wydaje si\u0119 ona niemal idealnie zr\u00f3wnana z powierzchni\u0105, zapewniaj\u0105c zintegrowany, fabrycznie zamontowany wygl\u0105d.<\/p>\n<h2 style=\"color: #222222; font-size: 24px; border-bottom: 2px solid #eaeaea; padding-bottom: 10px; margin-top: 40px;\">Kleje klasy przemys\u0142owej zapewniaj\u0105ce najwy\u017csz\u0105 niezawodno\u015b\u0107<\/h2>\n<p style=\"font-size: 16px; margin-bottom: 20px;\">A metal label is only as reliable as the adhesive that secures it. When dealing with consumer electronics such as household appliances, televisions, and machinery, the branding tag will inevitably be exposed to heat generation, handling, and environmental fluctuations. To combat this, we utilize world-class bonding solutions tailored to your specific application.<\/p>\n<ul style=\"font-size: 16px; margin-bottom: 20px; color: #555; line-height: 1.8;\">\n<li style=\"margin-bottom: 10px;\"><strong>Klej 3M:<\/strong> Znany na ca\u0142ym \u015bwiecie ze swojej wysokiej przyczepno\u015bci i d\u0142ugotrwa\u0142ej si\u0142y wi\u0105zania, standardowy klej 3M idealnie nadaje si\u0119 do p\u0142askich, g\u0142adkich powierzchni, takich jak szklane ekrany LCD i polerowane plastikowe ramki telewizor\u00f3w.<\/li>\n<li style=\"margin-bottom: 10px;\"><strong>Klej termotopliwy 3M:<\/strong> Designed for specialized applications where thermal bonding provides an extra layer of permanence, especially useful in certain automotive or heavy-duty machinery environments.<\/li>\n<li style=\"margin-bottom: 10px;\"><strong>Dwustronny samoprzylepny:<\/strong> Opracowane z my\u015bl\u0105 o wszechstronno\u015bci, dzi\u0119ki czemu proces aplikacji jest szybki i prosty w przypadku pakowania pude\u0142 upominkowych, etui na telefony kom\u00f3rkowe i og\u00f3lnych produkt\u00f3w elektronicznych.<\/li>\n<\/ul>\n<p><!-- Knowledge Panel with Inline CSS --><\/p>\n<div style=\"background-color: #eef5fa; border: 1px solid #b8daff; border-radius: 8px; padding: 25px; margin: 30px 0;\">\n<h3 style=\"color: #004085; margin-top: 0; font-size: 20px; display: flex; align-items: center;\"><span style=\"font-size: 24px; margin-right: 10px;\">\ud83d\udca1<\/span> Do\u015bwiadczenie bran\u017cowe: dlaczego warto wybra\u0107 czarny chrom?<\/h3>\n<p style=\"font-size: 15px; color: #333; margin-bottom: 0;\">Czarny chrom szybko staje si\u0119 z\u0142otym standardem w metalowych rozwi\u0105zaniach brandingowych dla wysokiej klasy elektroniki. W przeciwie\u0144stwie do tradycyjnego srebra lub z\u0142ota o wysokim po\u0142ysku, czarny chrom zapewnia subtelny, wyrafinowany kontrast z ciemnymi ramkami powszechnie spotykanymi w nowoczesnych telewizorach, monitorach LCD i urz\u0105dzeniach inteligentnych. Technika galwanizacji stosowana przez <strong>JTT Precision Metal Co., Ltd<\/strong> gwarantuje, \u017ce to ciemne wyko\u0144czenie nie b\u0119dzie jedynie namalowane, ale tak\u017ce molekularnie zwi\u0105zane z pod\u0142o\u017cem niklowym 100%. Gwarantuje to, \u017ce niestandardowe metalowe naklejki nie blakn\u0105, nie odpryskuj\u0105 ani nie odklejaj\u0105 si\u0119, co gwarantuje, \u017ce to\u017csamo\u015b\u0107 Twojej marki pozostanie nieskazitelna przez ca\u0142y okres u\u017cytkowania urz\u0105dzenia elektronicznego.<\/p>\n<\/div>\n<h2 style=\"color: #222222; font-size: 24px; border-bottom: 2px solid #eaeaea; padding-bottom: 10px; margin-top: 40px;\">Szerokie zastosowanie w r\u00f3\u017cnych sektorach produkcyjnych<\/h2>\n<p style=\"font-size: 16px; margin-bottom: 20px;\">The versatility of our self-adhesive nickel labels makes them a preferred choice across numerous industries. While they are exceptionally popular for TV and LCD screen branding, their applications extend far beyond visual displays:<\/p>\n<ul style=\"font-size: 16px; margin-bottom: 20px; color: #555; line-height: 1.8;\">\n<li><strong>Elektronika konsumpcyjna:<\/strong> Perfect for mobile phones, laptops, tablets, and audio equipment where a premium tactile feel is desired.<\/li>\n<li><strong>Sprz\u0119t AGD:<\/strong> Wystarczaj\u0105co trwa\u0142e, aby wytrzyma\u0107 czyszczenie i codzienne u\u017cytkowanie zwi\u0105zane z lod\u00f3wkami, pralkami i ekspresami do kawy.<\/li>\n<li><strong>Luxury Packaging:<\/strong> Ulepsz opakowanie prezent\u00f3w za pomoc\u0105 niestandardowych naklejek z metalowym logo 3D, kt\u00f3re zapewniaj\u0105 konsumentowi ko\u0144cowemu wysok\u0105 jako\u015b\u0107 rozpakowywania.<\/li>\n<li><strong>Motoryzacja i maszyny:<\/strong> Wysoka odporno\u015b\u0107 na czynniki \u015brodowiskowe, dzi\u0119ki czemu nadaje si\u0119 do wn\u0119trz samochod\u00f3w, oznakowania desek rozdzielczych i tabliczek znamionowych urz\u0105dze\u0144 przemys\u0142owych.<\/li>\n<\/ul>\n<h2 style=\"color: #222222; font-size: 24px; border-bottom: 2px solid #eaeaea; padding-bottom: 10px; margin-top: 40px;\">Strict Quality Control and Authoritative Certifications<\/h2>\n<p style=\"font-size: 16px; margin-bottom: 20px;\">W przypadku wsp\u00f3\u0142pracy z producentem niestandardowych naklejek metalowych najwa\u017cniejsza jest wiarygodno\u015b\u0107 i wiarygodne standardy produkcyjne. \u015aci\u015ble przestrzegamy globalnych protoko\u0142\u00f3w produkcyjnych. Wszystkie nasze samoprzylepne naklejki z czarnego chromowanego metalu i niklu s\u0105 poparte kompleksowymi certyfikatami, w tym <strong>SGS, ROHS i MSDS<\/strong>. Oznacza to, \u017ce nasze materia\u0142y s\u0105 rygorystycznie testowane, przyjazne dla \u015brodowiska i bezpieczne dla konsument\u00f3w na ca\u0142ym \u015bwiecie. Dzi\u0119ki oddanemu zespo\u0142owi ekspert\u00f3w ds. produkcji i solidnemu protoko\u0142owi zapewnienia jako\u015bci mo\u017cesz mie\u0107 pewno\u015b\u0107, \u017ce ka\u017cda pojedyncza tabliczka z logo w Twoim zam\u00f3wieniu b\u0119dzie mia\u0142a identyczny kolor, kszta\u0142t i si\u0142\u0119 klejenia.<\/p>\n<h2 style=\"color: #222222; font-size: 24px; border-bottom: 2px solid #eaeaea; padding-bottom: 10px; margin-top: 40px;\">Streamlined Customization, Ordering, and Logistics<\/h2>\n<p style=\"font-size: 16px; margin-bottom: 20px;\">We understand that supply chain efficiency is critical for modern businesses. Therefore, we have optimized our workflow to get your bespoke metal branding solutions into your hands as quickly as possible without sacrificing quality.<\/p>\n<h3 style=\"color: #333333; font-size: 20px; margin-top: 25px;\">1. Artwork Submission and Design<\/h3>\n<p style=\"font-size: 16px; margin-bottom: 20px;\">Aby zapewni\u0107 najwy\u017csz\u0105 wierno\u015b\u0107 gotowego produktu, wymagamy grafiki wektorowej. Akceptujemy szerok\u0105 gam\u0119 standardowych format\u00f3w bran\u017cowych, w tym <strong>AI, PDF, CDR, CAD, or others<\/strong>. Nasi specjali\u015bci ds. produkcji sprawdz\u0105 Tw\u00f3j projekt, aby upewni\u0107 si\u0119, \u017ce jest on idealnie zoptymalizowany pod k\u0105tem procesu galwanizacji.<\/p>\n<h3 style=\"color: #333333; font-size: 20px; margin-top: 25px;\">2. Szybkie pobieranie pr\u00f3bek i produkcja masowa<\/h3>\n<p style=\"font-size: 16px; margin-bottom: 20px;\">Chcesz oceni\u0107 nasz\u0105 jako\u015b\u0107 przed podj\u0119ciem decyzji? Oferujemy: <strong>Czas dostawy 1 dzie\u0144<\/strong> dla naszych istniej\u0105cych pr\u00f3bek referencyjnych. Je\u015bli potrzebujesz niestandardowej pr\u00f3bki swojego konkretnego projektu, nasz szybki proces dostawy gwarantuje, \u017ce zostanie ona wykonana w terminie <strong>3-5 dni<\/strong>. Czasy realizacji produkcji masowej s\u0105 bardzo wydajne i zostan\u0105 zaplanowane zgodnie z konkretnymi wymaganiami dotycz\u0105cymi ilo\u015bci zam\u00f3wienia.<\/p>\n<h3 style=\"color: #333333; font-size: 20px; margin-top: 25px;\">3. Secure Payment and Flexible Shipping Methods<\/h3>\n<p style=\"font-size: 16px; margin-bottom: 20px;\">We provide a secure and flexible transaction environment to build trust with our global clientele. Our standard payment structure is a <strong>T\/T 30% deposit, with the balance due before delivery<\/strong>. To accommodate your specific purchasing protocols, we accept a wide array of payment terms including:<\/p>\n<p style=\"font-size: 16px; font-weight: bold; color: #444; background-color: #f1f1f1; padding: 15px; border-radius: 5px; display: inline-block;\">Credit card payment | Paypal | Bank transfer | Western union | L\/C | T\/T | Alibaba trade assurance order<\/p>\n<p style=\"font-size: 16px; margin-top: 20px; margin-bottom: 20px;\">Products are carefully packed in secure OPP package bags to prevent any scratching during transit. We offer global shipping <strong>drog\u0105 morsk\u0105, lotnicz\u0105 lub za po\u015brednictwem kurier\u00f3w ekspresowych, takich jak DHL, UPS i innych<\/strong>, dzi\u0119ki czemu Twoje zam\u00f3wienie dotrze na czas, niezale\u017cnie od tego, gdzie znajduj\u0105 si\u0119 Twoje zak\u0142ady monta\u017cowe.<\/p>\n<p><!-- Interactive FAQ Section with Inline CSS --><\/p>\n<h2 style=\"color: #222222; font-size: 24px; border-bottom: 2px solid #eaeaea; padding-bottom: 10px; margin-top: 40px;\">Frequently Asked Questions (FAQs)<\/h2>\n<div style=\"margin-bottom: 15px; border: 1px solid #ddd; border-radius: 5px; overflow: hidden;\">\n<div style=\"background-color: #f9f9f9; padding: 15px; font-weight: bold; color: #333; border-bottom: 1px solid #ddd;\">P: Co sprawia, \u017ce \u200b\u200bnikiel 100% jest idealny do tych metalowych naklejek?<\/div>\n<div style=\"padding: 15px; background-color: #fff; color: #555; font-size: 15px;\">A: 100% nickel is exceptionally durable, resistant to corrosion, and provides a flawlessly smooth surface. When combined with our advanced electroplating technique, it allows us to create ultra-thin, highly detailed metallic brand tags that maintain a premium look for years without tarnishing.<\/div>\n<\/div>\n<div style=\"margin-bottom: 15px; border: 1px solid #ddd; border-radius: 5px; overflow: hidden;\">\n<div style=\"background-color: #f9f9f9; padding: 15px; font-weight: bold; color: #333; border-bottom: 1px solid #ddd;\">Q: Are the black chrome metal stickers difficult to apply to TVs and LCD screens?<\/div>\n<div style=\"padding: 15px; background-color: #fff; color: #555; font-size: 15px;\">A: Not at all. They come with premium 3M adhesive or double-sided self-adhesive backings. Application is a simple peel-and-stick process. Simply clean the surface of the electronic device, remove the protective backing, position the logo, press firmly, and peel away the top transfer film.<\/div>\n<\/div>\n<div style=\"margin-bottom: 15px; border: 1px solid #ddd; border-radius: 5px; overflow: hidden;\">\n<div style=\"background-color: #f9f9f9; padding: 15px; font-weight: bold; color: #333; border-bottom: 1px solid #ddd;\">P: Jak poprosi\u0107 o wycen\u0119 moich niestandardowych naklejek metalowych?<\/div>\n<div style=\"padding: 15px; background-color: #fff; color: #555; font-size: 15px;\">A: We encourage you to reach out directly with your vector artwork (AI, PDF, CDR, or CAD) and your estimated volume needs. Because every project is unique, our team will review your design requirements and provide a tailored quote and timeline.<\/div>\n<\/div>\n<div style=\"margin-bottom: 15px; border: 1px solid #ddd; border-radius: 5px; overflow: hidden;\">\n<div style=\"background-color: #f9f9f9; padding: 15px; font-weight: bold; color: #333; border-bottom: 1px solid #ddd;\">Q: Do your products comply with international environmental standards?<\/div>\n<div style=\"padding: 15px; background-color: #fff; color: #555; font-size: 15px;\">O: Tak. Wszystkie nasze logo i kleje z niklu galwanicznego posiadaj\u0105 certyfikaty SGS, ROHS i MSDS, co gwarantuje, \u017ce spe\u0142niaj\u0105 rygorystyczne \u015bwiatowe standardy w zakresie bezpiecze\u0144stwa \u015brodowiskowego i ogranicze\u0144 dotycz\u0105cych materia\u0142\u00f3w niebezpiecznych.<\/div>\n<\/div>\n<p><!-- Bottom Conversion \/ CTA Section --><\/p>\n<div style=\"background-color: #333333; color: #ffffff; padding: 40px 20px; text-align: center; border-radius: 8px; margin-top: 40px;\">\n<h3 style=\"color: #ffffff; margin-top: 0; font-size: 24px;\">Ready to Upgrade Your Product\u2019s Visual Identity?<\/h3>\n<p style=\"font-size: 16px; color: #cccccc; max-width: 800px; margin: 0 auto 25px auto;\">Nawi\u0105\u017c wsp\u00f3\u0142prac\u0119 z do\u015bwiadczonym producentem, kt\u00f3ry stawia na precyzj\u0119 i jako\u015b\u0107. Pozw\u00f3l nam zamieni\u0107 logo Twojej marki w efektowne, ultracienkie, metalowe arcydzie\u0142o.<\/p>\n<p><a style=\"background-color: #ffaa00; color: #111111; padding: 15px 40px; text-decoration: none; font-size: 18px; font-weight: bold; border-radius: 5px; display: inline-block; transition: background-color 0.3s ease;\" href=\"mailto:fiona@jttlogo.net\">Contact Us for a Tailored Quote<\/a><\/p>\n<\/div>\n<\/article>\n<p><!-- Short SEO Description based on the description above --><\/p>\n<div style=\"display: none;\"><strong>Opis meta SEO:<\/strong><br \/>\nOdkryj najwy\u017cszej jako\u015bci samoprzylepne naklejki samoprzylepne z czarnego chromowanego metalu i niklu do telewizor\u00f3w, ekran\u00f3w LCD i urz\u0105dze\u0144 elektronicznych. Wykonane z niklu 100% i zaawansowanej galwanizacji, co zapewnia ultracienkie (0,045\u20130,12 mm) i trwa\u0142e wyko\u0144czenie. Zawiera mocne kleje 3M i jest poparta ponad 20-letnim do\u015bwiadczeniem w produkcji z certyfikatami SGS\/ROHS. Popro\u015b o niestandardow\u0105 wycen\u0119 ju\u017c dzi\u015b!<\/div>","protected":false},"excerpt":{"rendered":"<p>Odkryj najwy\u017cszej jako\u015bci samoprzylepne naklejki samoprzylepne z czarnego chromowanego metalu i niklu do telewizor\u00f3w, ekran\u00f3w LCD i urz\u0105dze\u0144 elektronicznych. Wykonane z niklu 100% i zaawansowanej galwanizacji, co zapewnia ultracienkie (0,045\u20130,12 mm) i trwa\u0142e wyko\u0144czenie. Zawiera mocne kleje 3M i jest poparta ponad 20-letnim do\u015bwiadczeniem w produkcji z certyfikatami SGS\/ROHS. Popro\u015b o niestandardow\u0105 wycen\u0119 ju\u017c dzi\u015b!<\/p>","protected":false},"featured_media":2045,"comment_status":"open","ping_status":"closed","template":"","meta":[],"product_brand":[],"product_cat":[48],"product_tag":[],"class_list":{"0":"post-4173","1":"product","2":"type-product","3":"status-publish","4":"has-post-thumbnail","6":"product_cat-nickel-metal-sticker","8":"first","9":"instock","10":"shipping-taxable","11":"product-type-simple"},"jetpack-related-posts":[],"jetpack_sharing_enabled":true,"_links":{"self":[{"href":"https:\/\/jttlogos.com\/pl\/wp-json\/wp\/v2\/product\/4173","targetHints":{"allow":["GET"]}}],"collection":[{"href":"https:\/\/jttlogos.com\/pl\/wp-json\/wp\/v2\/product"}],"about":[{"href":"https:\/\/jttlogos.com\/pl\/wp-json\/wp\/v2\/types\/product"}],"replies":[{"embeddable":true,"href":"https:\/\/jttlogos.com\/pl\/wp-json\/wp\/v2\/comments?post=4173"}],"wp:featuredmedia":[{"embeddable":true,"href":"https:\/\/jttlogos.com\/pl\/wp-json\/wp\/v2\/media\/2045"}],"wp:attachment":[{"href":"https:\/\/jttlogos.com\/pl\/wp-json\/wp\/v2\/media?parent=4173"}],"wp:term":[{"taxonomy":"product_brand","embeddable":true,"href":"https:\/\/jttlogos.com\/pl\/wp-json\/wp\/v2\/product_brand?post=4173"},{"taxonomy":"product_cat","embeddable":true,"href":"https:\/\/jttlogos.com\/pl\/wp-json\/wp\/v2\/product_cat?post=4173"},{"taxonomy":"product_tag","embeddable":true,"href":"https:\/\/jttlogos.com\/pl\/wp-json\/wp\/v2\/product_tag?post=4173"}],"curies":[{"name":"wp","href":"https:\/\/api.w.org\/{rel}","templated":true}]}}