{"id":4177,"date":"2020-07-02T08:54:18","date_gmt":"2020-07-02T08:54:18","guid":{"rendered":"https:\/\/jttlogos.com\/?post_type=product&#038;p=4177"},"modified":"2026-04-18T08:24:15","modified_gmt":"2026-04-18T08:24:15","slug":"niestandardowe-elektrobormowanie-naklejka-na-nikiel-wytlaczane-naklejki-logo-glosy-metalowa-naklejka-na-butelke-do-perfum","status":"publish","type":"product","link":"https:\/\/jttlogos.com\/pl\/product\/custom-electroforming-nickel-sticker-embossed-logo-stickers-glossy-metal-label-sticker-for-perfume-bottle\/","title":{"rendered":"Custom 3D Embossed Nickel Metal Logo Sticker Glossy Electroplated Adhesive Label for Perfume Bottles"},"content":{"rendered":"<article style=\"font-family: Arial, sans-serif; line-height: 1.6; color: #333; max-width: 100%; margin: 0 auto; padding: 20px;\">\n<section style=\"display: flex; flex-wrap: wrap; margin-bottom: 40px; background: #fff; padding: 20px; border-radius: 8px; box-shadow: 0 4px 15px rgba(0,0,0,0.05);\">\n<div style=\"flex: 1 1 100%; margin-bottom: 20px;\">\n<h2 style=\"color: #1a365d; font-size: 28px; margin-bottom: 15px; border-bottom: 2px solid #e2e8f0; padding-bottom: 10px;\">Wysokiej jako\u015bci niestandardowe naklejki z wyt\u0142oczonym logo i b\u0142yszcz\u0105ce metalowe etykiety na butelki perfum<\/h2>\n<p style=\"font-size: 16px; margin-bottom: 15px;\">Elevate your luxury brand\u2019s visual identity with our meticulously crafted custom nickel metal stickers. Exclusively manufactured by <strong>JTT Precision Metal Co., Ltd (<a style=\"color: #2b6cb0; text-decoration: none;\" href=\"https:\/\/jttlogos.com\/pl\/\">jttlogos.com<\/a>)<\/strong>, wiod\u0105cy autorytet z ponad 20-letnim do\u015bwiadczeniem w produkcji, te b\u0142yszcz\u0105ce metalowe naklejki zapewniaj\u0105 niezr\u00f3wnane, najwy\u017cszej jako\u015bci wra\u017cenia dotykowe. Niezale\u017cnie od tego, czy ulepszasz wysokiej klasy butelki perfum, spersonalizowane etui na telefony kom\u00f3rkowe, czy luksusowe opakowania na prezenty, nasze metaliczne naklejki 3D zapewniaj\u0105 uderzaj\u0105c\u0105, wyt\u0142oczon\u0105 estetyk\u0119, kt\u00f3ra natychmiast przyci\u0105ga uwag\u0119.<\/p>\n<p style=\"font-size: 16px; margin-bottom: 25px;\">Wspierane przez uznane na ca\u0142ym \u015bwiecie certyfikaty, w tym <strong>SGS, ROHS i MSDS<\/strong>, our manufacturing process ensures that every metallic decal meets the highest global standards for safety and quality.<\/p>\n<p><!-- High-Converting CTAs --><\/p>\n<div style=\"display: flex; gap: 15px; flex-wrap: wrap; margin-top: 20px;\"><a style=\"background-color: #2b6cb0; color: white; padding: 14px 28px; text-decoration: none; font-weight: bold; border-radius: 6px; text-align: center; font-size: 16px; box-shadow: 0 4px 6px rgba(43, 108, 176, 0.2);\" href=\"https:\/\/jttlogos.com\/pl\/skontaktuj-sie-z-nami\/\">Popro\u015b o niestandardow\u0105 wycen\u0119<\/a><br \/>\n<a style=\"background-color: #ffffff; color: #2b6cb0; padding: 14px 28px; text-decoration: none; font-weight: bold; border-radius: 6px; text-align: center; font-size: 16px; border: 2px solid #2b6cb0; box-shadow: 0 4px 6px rgba(0, 0, 0, 0.05);\" href=\"https:\/\/wa.me\/8613510608415\" target=\"_blank\" rel=\"noopener\">Uzyskaj istniej\u0105c\u0105 pr\u00f3bk\u0119<\/a><\/div>\n<div style=\"margin-top: 20px; display: flex; gap: 20px; font-size: 14px; color: #4a5568;\"><strong style=\"color: #2f855a;\">\u2713<\/strong> Certyfikat SGS<br \/>\n<strong style=\"color: #2f855a;\">\u2713<\/strong> ROHS Compliant<br \/>\n<strong style=\"color: #2f855a;\">\u2713<\/strong> 20+ Years Experience<br \/>\n<strong style=\"color: #2f855a;\">\u2713<\/strong> Secure Transactions<\/div>\n<\/div>\n<\/section>\n<p><!-- Media Area Placeholder based on review --><\/p>\n<section style=\"margin-bottom: 40px;\">\n<div style=\"background-color: #edf2f7; width: 100%; height: 600px; display: flex; align-items: center; justify-content: center; border-radius: 8px; border: 1px dashed #cbd5e0; margin-bottom: 20px;\">\n<p><iframe loading=\"lazy\" title=\"Waterproof Custom Self Adhesive Metal Nickel Car 3d Metal Label Sticker Metal Logo Laptop Sticker\" width=\"1020\" height=\"574\" src=\"https:\/\/www.youtube.com\/embed\/UxDT10fRCBg?feature=oembed\" frameborder=\"0\" allow=\"accelerometer; autoplay; clipboard-write; encrypted-media; gyroscope; picture-in-picture; web-share\" referrerpolicy=\"strict-origin-when-cross-origin\" allowfullscreen><\/iframe><\/p>\n<\/div>\n<div style=\"display: flex; gap: 10px; overflow-x: auto;\">\n<div style=\"min-width: 500px; height: 500px; background-color: #e2e8f0; border-radius: 4px; display: flex; align-items: center; justify-content: center;\"><span style=\"font-size: 12px; color: #4a5568;\"><img data-recalc-dims=\"1\" decoding=\"async\" class=\"size-full wp-image-1418\" src=\"https:\/\/i0.wp.com\/jttlogos.com\/wp-content\/uploads\/2020\/05\/Hollowing-out-metal-sticker-14.jpg?resize=600%2C450&#038;ssl=1\" alt=\"placeholder\" width=\"600\" height=\"450\" title=\"\"><\/span><\/div>\n<\/div>\n<\/section>\n<p><!-- Product Specifications Table --><\/p>\n<section style=\"margin-bottom: 40px;\">\n<h3 style=\"color: #2b6cb0; font-size: 24px; margin-bottom: 20px;\">Kompleksowe specyfikacje produktu<\/h3>\n<p style=\"margin-bottom: 15px; font-size: 15px;\">Zapoznaj si\u0119 ze szczeg\u00f3\u0142owymi szczeg\u00f3\u0142ami technicznymi naszych niestandardowych naklejek z logo z niklu. Oferujemy szerok\u0105 gam\u0119 dostosowywalnych opcji, dostosowanych specjalnie do Twoich unikalnych wymaga\u0144 dotycz\u0105cych marki.<\/p>\n<table style=\"width: 100%; border-collapse: collapse; font-size: 15px; box-shadow: 0 4px 6px rgba(0,0,0,0.05); border-radius: 8px; overflow: hidden;\">\n<thead>\n<tr style=\"background-color: #2b6cb0; color: white; text-align: left;\">\n<th style=\"padding: 15px; border-bottom: 2px solid #cbd5e0; width: 30%;\">Specyfikacja<\/th>\n<th style=\"padding: 15px; border-bottom: 2px solid #cbd5e0; width: 70%;\">Bli\u017csze dane<\/th>\n<\/tr>\n<\/thead>\n<tbody>\n<tr style=\"background-color: #f7fafc; border-bottom: 1px solid #e2e8f0;\">\n<td style=\"padding: 15px; font-weight: bold; color: #2d3748;\">Nazwa przedmiotu<\/td>\n<td style=\"padding: 15px; color: #4a5568;\"><a style=\"color: #2b6cb0; text-decoration: none; font-weight: bold;\" href=\"https:\/\/jttlogos.com\/pl\/kategoria-produktu\/naklejka-metalowa-nikiel\/\">Naklejki metalowe nikiel<\/a> \/ Niestandardowe naklejki z wyt\u0142oczonym logo<\/td>\n<\/tr>\n<tr style=\"background-color: #ffffff; border-bottom: 1px solid #e2e8f0;\">\n<td style=\"padding: 15px; font-weight: bold; color: #2d3748;\">Sk\u0142ad materia\u0142u<\/td>\n<td style=\"padding: 15px; color: #4a5568;\">Wysokiej jako\u015bci metal, nikiel 100%<\/td>\n<\/tr>\n<tr style=\"background-color: #f7fafc; border-bottom: 1px solid #e2e8f0;\">\n<td style=\"padding: 15px; font-weight: bold; color: #2d3748;\">Technika produkcji<\/td>\n<td style=\"padding: 15px; color: #4a5568;\">Electroplating<\/td>\n<\/tr>\n<tr style=\"background-color: #ffffff; border-bottom: 1px solid #e2e8f0;\">\n<td style=\"padding: 15px; font-weight: bold; color: #2d3748;\">Grubo\u015b\u0107 materia\u0142u<\/td>\n<td style=\"padding: 15px; color: #4a5568;\">0,045-0,12 mm (ultracienki profil zapewniaj\u0105cy bezproblemow\u0105 aplikacj\u0119)<\/td>\n<\/tr>\n<tr style=\"background-color: #f7fafc; border-bottom: 1px solid #e2e8f0;\">\n<td style=\"padding: 15px; font-weight: bold; color: #2d3748;\">Size &amp; Color Options<\/td>\n<td style=\"padding: 15px; color: #4a5568;\">W pe\u0142ni dostosowane (dowolny \u017c\u0105dany rozmiar, kszta\u0142t i metaliczne wyko\u0144czenie)<\/td>\n<\/tr>\n<tr style=\"background-color: #ffffff; border-bottom: 1px solid #e2e8f0;\">\n<td style=\"padding: 15px; font-weight: bold; color: #2d3748;\">Rodzaje klej\u00f3w\/klej\u00f3w<\/td>\n<td style=\"padding: 15px; color: #4a5568;\">Klej 3M, klej termotopliwy 3M, najwy\u017cszej jako\u015bci dwustronny samoprzylepny<\/td>\n<\/tr>\n<tr style=\"background-color: #f7fafc; border-bottom: 1px solid #e2e8f0;\">\n<td style=\"padding: 15px; font-weight: bold; color: #2d3748;\">Podstawowe zastosowania<\/td>\n<td style=\"padding: 15px; color: #4a5568;\">Butelki na perfumy, telefony kom\u00f3rkowe, etui na telefony kom\u00f3rkowe, sprz\u0119t AGD, produkty elektroniczne, opakowania na prezenty, samochody, maszyny i inne.<\/td>\n<\/tr>\n<tr style=\"background-color: #ffffff; border-bottom: 1px solid #e2e8f0;\">\n<td style=\"padding: 15px; font-weight: bold; color: #2d3748;\">Certyfikaty bran\u017cowe<\/td>\n<td style=\"padding: 15px; color: #4a5568;\">SGS, ROHS, MSDS<\/td>\n<\/tr>\n<tr style=\"background-color: #f7fafc; border-bottom: 1px solid #e2e8f0;\">\n<td style=\"padding: 15px; font-weight: bold; color: #2d3748;\">Accepted Artwork Formats<\/td>\n<td style=\"padding: 15px; color: #4a5568;\">AI, PDF, CDR, CAD lub inne formaty wektorowe<\/td>\n<\/tr>\n<tr style=\"background-color: #ffffff; border-bottom: 1px solid #e2e8f0;\">\n<td style=\"padding: 15px; font-weight: bold; color: #2d3748;\">Szczeg\u00f3\u0142y opakowania<\/td>\n<td style=\"padding: 15px; color: #4a5568;\">Secure OPP package bag to prevent transit damage<\/td>\n<\/tr>\n<\/tbody>\n<\/table>\n<\/section>\n<p><!-- Expertise & Authority (E-E-A-T) Section --><\/p>\n<section style=\"margin-bottom: 40px; padding: 25px; background: #ffffff; border-left: 5px solid #2b6cb0; box-shadow: 0 4px 10px rgba(0,0,0,0.03);\">\n<h2 style=\"color: #2d3748; font-size: 26px; margin-bottom: 15px;\">Dlaczego warto wybra\u0107 JTT Precision Metal Co., Ltd?<\/h2>\n<p style=\"margin-bottom: 15px; font-size: 16px; color: #4a5568;\">With a rich history spanning over two decades, JTT Precision Metal Co., Ltd stands as a pillar of reliability and innovation in the manufacturing of <strong>customized Nickel Metal Logo Stickers, Stainless Steel Metal Logo Stickers, and 3D Metal Logo Stickers<\/strong>. Nasza g\u0142\u0119boka wiedza specjalistyczna jest poparta rygorystycznym praktycznym do\u015bwiadczeniem i \u015bcis\u0142ym przestrzeganiem kontroli jako\u015bci, dzi\u0119ki czemu Twoje materia\u0142y brandingowe emanuj\u0105 autorytetem i klas\u0105.<\/p>\n<p style=\"margin-bottom: 15px; font-size: 16px; color: #4a5568;\">Korzystamy z zaawansowanych <strong>technika galwaniczna<\/strong> to fabricate 100% pure nickel stickers. This specialized production method allows us to create stunningly accurate, ultra-thin profiles ranging from <strong>0,045 do 0,12 mm<\/strong>. Ta niewiarygodnie smuk\u0142a obudowa oznacza, \u017ce \u200b\u200bb\u0142yszcz\u0105ca metalowa naklejka z etykiet\u0105 doskonale integruje si\u0119 z powierzchni\u0105 butelki perfum lub urz\u0105dzenia elektronicznego, wygl\u0105daj\u0105c tak, jakby zosta\u0142a wbudowana bezpo\u015brednio w produkt, a nie na\u0142o\u017cona p\u00f3\u017aniej.<\/p>\n<p style=\"font-size: 16px; color: #4a5568;\">Brand protection and security are paramount in B2B transactions. When you partner with us, your intellectual property and custom artwork designs (AI, PDF, CDR, CAD) are kept strictly confidential. Furthermore, our prominent global certifications\u2014<strong>SGS, ROHS i MSDS<\/strong>\u2014 s\u0142u\u017c\u0105 jako ostateczny dow\u00f3d naszego zaanga\u017cowania w produkcj\u0119 odpowiedzialn\u0105 za \u015brodowisko i bezpiecze\u0144stwo materia\u0142\u00f3w.<\/p>\n<\/section>\n<p><!-- Deep Dive into Applications --><\/p>\n<section style=\"margin-bottom: 40px;\">\n<h3 style=\"color: #2b6cb0; font-size: 24px; margin-bottom: 20px;\">Wszechstronne wytyczne dotycz\u0105ce stosowania naklejek z metalowym logo 3D<\/h3>\n<p style=\"margin-bottom: 20px; font-size: 16px;\">Nasze niestandardowe naklejki metalowe zosta\u0142y zaprojektowane tak, aby zapewni\u0107 wyj\u0105tkow\u0105 wszechstronno\u015b\u0107 w wielu zaawansowanych bran\u017cach. Oto, w jaki spos\u00f3b nasze samoprzylepne metalowe tabliczki znamionowe klasy premium podnosz\u0105 poziom r\u00f3\u017cnych kategorii produkt\u00f3w:<\/p>\n<div style=\"display: grid; grid-template-columns: repeat(auto-fit, minmax(300px, 1fr)); gap: 20px;\">\n<div style=\"background: #f7fafc; padding: 20px; border-radius: 8px; border: 1px solid #e2e8f0;\">\n<h4 style=\"color: #1a365d; font-size: 18px; margin-bottom: 10px;\">Luksusowe butelki i kosmetyki na perfumy<\/h4>\n<p style=\"font-size: 15px; color: #4a5568;\">W bran\u017cy kosmetycznej prezentacja jest wszystkim. Na\u0142o\u017cenie b\u0142yszcz\u0105cej metalowej naklejki na szklan\u0105 butelk\u0119 perfum natychmiast podnosi jej atrakcyjno\u015b\u0107 na p\u00f3\u0142ce. Klej 3M zosta\u0142 specjalnie opracowany, aby bezpiecznie \u0142\u0105czy\u0107 si\u0119 z zakrzywionym szk\u0142em i g\u0142adkimi powierzchniami syntetycznymi, b\u0119d\u0105c odpornym na oleje i alkohole powszechnie wyst\u0119puj\u0105ce w substancjach zapachowych.<\/p>\n<\/div>\n<div style=\"background: #f7fafc; padding: 20px; border-radius: 8px; border: 1px solid #e2e8f0;\">\n<h4 style=\"color: #1a365d; font-size: 18px; margin-bottom: 10px;\">Telefony kom\u00f3rkowe i produkty elektroniczne<\/h4>\n<p style=\"font-size: 15px; color: #4a5568;\">Urz\u0105dzenia elektroniczne wymagaj\u0105 brandingu, kt\u00f3ry b\u0119dzie trwa\u0142y i dyskretny. Dzi\u0119ki ultracienkiemu profilowi \u200b\u200bo grubo\u015bci 0,045\u20130,12 mm nasze naklejki z niklu 100% idealnie pasuj\u0105 do telefon\u00f3w kom\u00f3rkowych, tablet\u00f3w, laptop\u00f3w i niestandardowych etui na telefony, nie dodaj\u0105c niepotrzebnej obj\u0119to\u015bci, zachowuj\u0105c elegancki wygl\u0105d nowoczesnej elektroniki.<\/p>\n<\/div>\n<div style=\"background: #f7fafc; padding: 20px; border-radius: 8px; border: 1px solid #e2e8f0;\">\n<h4 style=\"color: #1a365d; font-size: 18px; margin-bottom: 10px;\">Komponenty samochodowe i maszynowe<\/h4>\n<p style=\"font-size: 15px; color: #4a5568;\">Durability meets design when it comes to the automotive sector. Our custom shaped metal die-cut stickers can withstand varying environmental conditions, making them ideal for dashboard branding, steering wheel logos, or heavy machinery nameplates. The electroplated finish resists fading and tarnishing over time.<\/p>\n<\/div>\n<div style=\"background: #f7fafc; padding: 20px; border-radius: 8px; border: 1px solid #e2e8f0;\">\n<h4 style=\"color: #1a365d; font-size: 18px; margin-bottom: 10px;\">Opakowania premium i pude\u0142ka na prezenty<\/h4>\n<p style=\"font-size: 15px; color: #4a5568;\">Pierwsze wra\u017cenie ma znaczenie. Wykorzystuj\u0105c niestandardow\u0105 naklejk\u0119 z wyt\u0142oczonym logo na opakowaniach prezent\u00f3w, zapewniasz swoim klientom wra\u017cenia dotykowe podczas rozpakowywania. Luksusowy wygl\u0105d metalicznej naklejki 3D przekazuje natychmiastow\u0105 warto\u015b\u0107, zamieniaj\u0105c standardowe pude\u0142ko w wyj\u0105tkow\u0105 pami\u0105tk\u0119.<\/p>\n<\/div>\n<\/div>\n<\/section>\n<p><!-- Ordering, Payment & Shipping (Trust Focus) --><\/p>\n<section style=\"margin-bottom: 40px; padding: 20px; background: #f0f4f8; border-radius: 8px;\">\n<h3 style=\"color: #2b6cb0; font-size: 22px; margin-bottom: 15px;\">Secure Ordering, Delivery &amp; Payment Logistics<\/h3>\n<p style=\"font-size: 15px; margin-bottom: 15px; color: #2d3748;\">We understand that reliable supply chains are critical for B2B procurement. We have streamlined our production and shipping processes to ensure rapid, secure delivery of your custom nickel metal stickers globally.<\/p>\n<ul style=\"list-style-type: none; padding-left: 0; font-size: 15px; color: #4a5568;\">\n<li style=\"margin-bottom: 10px; padding-left: 20px; position: relative;\"><span style=\"position: absolute; left: 0; color: #2b6cb0; font-weight: bold;\">\u2022<\/span><br \/>\n<strong>Szybkie czasy realizacji:<\/strong> We offer a 1-day dispatch for existing samples allowing you to review our quality firsthand. For custom prototype samples based on your artwork, we achieve a fast delivery timeframe of just 3-5 days. Mass production time is efficiently scheduled based on your specific volume requirements.<\/li>\n<li style=\"margin-bottom: 10px; padding-left: 20px; position: relative;\"><span style=\"position: absolute; left: 0; color: #2b6cb0; font-weight: bold;\">\u2022<\/span><br \/>\n<strong>Flexible &amp; Secure Payment Terms:<\/strong> To accommodate international trade preferences, we accept Credit Card, PayPal, Bank Transfer, Western Union, L\/C, T\/T, and Alibaba Trade Assurance orders. Standard terms are T\/T 30% as deposit, with the balance comfortably settled before delivery following our strict pre-shipment quality inspections.<\/li>\n<li style=\"margin-bottom: 10px; padding-left: 20px; position: relative;\"><span style=\"position: absolute; left: 0; color: #2b6cb0; font-weight: bold;\">\u2022<\/span><br \/>\n<strong>Globalne opcje wysy\u0142ki:<\/strong> Whether you require expedited shipping for an upcoming product launch or cost-effective freight for bulk orders, we provide shipping by sea, by air, or via express couriers such as DHL, UPS, and FedEx.<\/li>\n<\/ul>\n<\/section>\n<p><!-- Knowledge Points Inline CSS Beautified --><\/p>\n<section style=\"margin-bottom: 40px;\">\n<div style=\"background: linear-gradient(135deg, #ffffff 0%, #f7fafc 100%); border: 1px solid #cbd5e0; border-radius: 10px; padding: 25px; box-shadow: 0 5px 15px rgba(0,0,0,0.05);\">\n<h3 style=\"color: #2d3748; font-size: 22px; margin-bottom: 15px; display: flex; align-items: center;\"><span style=\"background: #2b6cb0; color: white; border-radius: 50%; width: 30px; height: 30px; display: inline-flex; align-items: center; justify-content: center; margin-right: 10px; font-size: 16px;\">\ud83d\udca1<\/span><br \/>\nIndustry Knowledge Point: Adhesive Selection &amp; Material Purity<\/h3>\n<p style=\"font-size: 15px; color: #4a5568; margin-bottom: 15px;\"><strong>Dlaczego nikiel 100% poprzez galwanizacj\u0119?<\/strong><br \/>\nUtilizing 100% nickel combined with a refined electroplating process yields a metal label with superior anti-corrosion properties and brilliant high-gloss aesthetics. Unlike cheaper alloy blends, pure nickel maintains its luminous shine and structural integrity, preventing the logo from peeling or fading over time.<\/p>\n<p style=\"font-size: 15px; color: #4a5568;\"><strong>Maksymalizacja przyczepno\u015bci za pomoc\u0105 kleju 3M:<\/strong><br \/>\nWyb\u00f3r kleju jest tak samo wa\u017cny jak sam metal. Nasze niestandardowe naklejki wykorzystuj\u0105 klas\u0119 przemys\u0142ow\u0105 <strong>Klej 3M, klej topliwy 3M i specjalistyczny dwustronny klej samoprzylepny<\/strong> backing. This ensures an ultra-strong, long-lasting bond. When applying the glossy metal label sticker to a perfume bottle or household appliance, the 3M backing cures effectively against the substrate, creating a semi-permanent bond that withstands temperature fluctuations and frequent handling.<\/p>\n<\/div>\n<\/section>\n<p><!-- Frequently Asked Questions (FAQ) Inline CSS Beautified --><\/p>\n<section style=\"margin-bottom: 40px;\">\n<h3 style=\"color: #2b6cb0; font-size: 24px; margin-bottom: 20px;\">Frequently Asked Questions (FAQs)<\/h3>\n<div style=\"margin-bottom: 15px; border: 1px solid #e2e8f0; border-radius: 6px; overflow: hidden;\">\n<div style=\"background-color: #f7fafc; padding: 15px; font-weight: bold; color: #2d3748; border-bottom: 1px solid #e2e8f0;\">P: Jaka jest optymalna grubo\u015b\u0107 niestandardowej naklejki z niklu?<\/div>\n<div style=\"padding: 15px; background-color: #ffffff; color: #4a5568; font-size: 15px;\">Odp.: Nasze niestandardowe naklejki metalowe s\u0105 produkowane w ultracienkich rozmiarach od 0,045 mm do 0,12 mm. Ten smuk\u0142y profil zapewnia, \u017ce \u200b\u200bwyt\u0142oczone logo p\u0142ynnie integruje si\u0119 z produktem \u2013 niezale\u017cnie od tego, czy jest to etui na telefon kom\u00f3rkowy, czy szklana butelka perfum \u2013 bez niewygodnego wystawania lub zaczepiania o kraw\u0119dzie.<\/div>\n<\/div>\n<div style=\"margin-bottom: 15px; border: 1px solid #e2e8f0; border-radius: 6px; overflow: hidden;\">\n<div style=\"background-color: #f7fafc; padding: 15px; font-weight: bold; color: #2d3748; border-bottom: 1px solid #e2e8f0;\">Q: How long does the custom sample production take?<\/div>\n<div style=\"padding: 15px; background-color: #ffffff; color: #4a5568; font-size: 15px;\">Odp.: Je\u015bli potrzebujesz niestandardowej pr\u00f3bki wykonanej z okre\u015blonej grafiki wektorowej (AI, PDF, CDR, CAD), nasz przyspieszony proces produkcyjny trwa zwykle od 3 do 5 dni. W celu natychmiastowej oceny jako\u015bci naszej produkcji mo\u017cemy wys\u0142a\u0107 istniej\u0105ce pr\u00f3bki referencyjne w ci\u0105gu zaledwie 1 dnia.<\/div>\n<\/div>\n<div style=\"margin-bottom: 15px; border: 1px solid #e2e8f0; border-radius: 6px; overflow: hidden;\">\n<div style=\"background-color: #f7fafc; padding: 15px; font-weight: bold; color: #2d3748; border-bottom: 1px solid #e2e8f0;\">P: Czy te naklejki z metalowym logo 3D s\u0105 wodoodporne?<\/div>\n<div style=\"padding: 15px; background-color: #ffffff; color: #4a5568; font-size: 15px;\">A: Yes. Because they are constructed from 100% nickel through a robust electroplating process and backed with high-performance 3M adhesive, these metallic labels offer excellent resistance to water, oils, and general environmental wear. This makes them highly suitable for automotive parts, household appliances, and cosmetics.<\/div>\n<\/div>\n<div style=\"margin-bottom: 15px; border: 1px solid #e2e8f0; border-radius: 6px; overflow: hidden;\">\n<div style=\"background-color: #f7fafc; padding: 15px; font-weight: bold; color: #2d3748; border-bottom: 1px solid #e2e8f0;\">P: Jak mog\u0119 si\u0119 upewni\u0107, \u017ce moja grafika jest gotowa do produkcji?<\/div>\n<div style=\"padding: 15px; background-color: #ffffff; color: #4a5568; font-size: 15px;\">A: To guarantee the highest precision during the fabrication process, please provide your design files in vector formats such as AI, PDF, CDR, or CAD. Our technical production team will review your artwork to ensure all custom shapes and colors translate perfectly into the final metal decal.<\/div>\n<\/div>\n<div style=\"margin-bottom: 15px; border: 1px solid #e2e8f0; border-radius: 6px; overflow: hidden;\">\n<div style=\"background-color: #f7fafc; padding: 15px; font-weight: bold; color: #2d3748; border-bottom: 1px solid #e2e8f0;\">P: Jakie certyfikaty zgodno\u015bci posiadaj\u0105 Twoje niestandardowe etykiety metalowe?<\/div>\n<div style=\"padding: 15px; background-color: #ffffff; color: #4a5568; font-size: 15px;\">A: Our materials and manufacturing processes are strictly certified by SGS, ROHS, and MSDS. This assures you that our products meet rigorous international environmental and safety standards, which is especially vital for brands distributing electronic products, toys, and household items globally.<\/div>\n<\/div>\n<\/section>\n<\/article>\n<p><!-- SEO Description: Elevate your brand with premium custom nickel metal stickers and embossed 3D logo decals from JTT Precision Metal Co., Ltd. Featuring a glossy electroplated finish, 0.045-0.12mm ultra-thin profile, and strong 3M adhesive, these SGS & ROHS-certified metal labels are perfectly suited for luxury perfume bottles, mobile phones, and electronic packaging. Request a custom quote today! --><\/p>","protected":false},"excerpt":{"rendered":"<p>Wypromuj swoj\u0105 mark\u0119 dzi\u0119ki wysokiej jako\u015bci niestandardowym naklejkom z niklowanego metalu i wyt\u0142oczonym naklejkom z logo 3D firmy JTT Precision Metal Co., Ltd. Te metalowe etykiety z certyfikatem SGS i ROHS, wyposa\u017cone w b\u0142yszcz\u0105ce galwaniczne wyko\u0144czenie, ultracienki profil o grubo\u015bci 0,045\u20130,12 mm i mocny klej 3M, doskonale nadaj\u0105 si\u0119 do luksusowych butelek perfum, telefon\u00f3w kom\u00f3rkowych i opakowa\u0144 elektronicznych. Popro\u015b o niestandardow\u0105 wycen\u0119 ju\u017c dzi\u015b!<\/p>","protected":false},"featured_media":2698,"comment_status":"open","ping_status":"closed","template":"","meta":[],"product_brand":[],"product_cat":[48],"product_tag":[],"class_list":{"0":"post-4177","1":"product","2":"type-product","3":"status-publish","4":"has-post-thumbnail","6":"product_cat-nickel-metal-sticker","8":"first","9":"instock","10":"shipping-taxable","11":"product-type-simple"},"jetpack-related-posts":[],"jetpack_sharing_enabled":true,"_links":{"self":[{"href":"https:\/\/jttlogos.com\/pl\/wp-json\/wp\/v2\/product\/4177","targetHints":{"allow":["GET"]}}],"collection":[{"href":"https:\/\/jttlogos.com\/pl\/wp-json\/wp\/v2\/product"}],"about":[{"href":"https:\/\/jttlogos.com\/pl\/wp-json\/wp\/v2\/types\/product"}],"replies":[{"embeddable":true,"href":"https:\/\/jttlogos.com\/pl\/wp-json\/wp\/v2\/comments?post=4177"}],"wp:featuredmedia":[{"embeddable":true,"href":"https:\/\/jttlogos.com\/pl\/wp-json\/wp\/v2\/media\/2698"}],"wp:attachment":[{"href":"https:\/\/jttlogos.com\/pl\/wp-json\/wp\/v2\/media?parent=4177"}],"wp:term":[{"taxonomy":"product_brand","embeddable":true,"href":"https:\/\/jttlogos.com\/pl\/wp-json\/wp\/v2\/product_brand?post=4177"},{"taxonomy":"product_cat","embeddable":true,"href":"https:\/\/jttlogos.com\/pl\/wp-json\/wp\/v2\/product_cat?post=4177"},{"taxonomy":"product_tag","embeddable":true,"href":"https:\/\/jttlogos.com\/pl\/wp-json\/wp\/v2\/product_tag?post=4177"}],"curies":[{"name":"wp","href":"https:\/\/api.w.org\/{rel}","templated":true}]}}