{"id":4178,"date":"2020-07-02T09:01:17","date_gmt":"2020-07-02T09:01:17","guid":{"rendered":"https:\/\/jttlogos.com\/?post_type=product&#038;p=4178"},"modified":"2026-04-22T03:29:08","modified_gmt":"2026-04-22T03:29:08","slug":"fabrycznie-dostosowane-wykwintne-lepkie-nikiel-metalowe-wytloczone-logo-etykieta-metalowe-naklejki-do-iphonea","status":"publish","type":"product","link":"https:\/\/jttlogos.com\/pl\/product\/factory-customized-exquisite-sticky-nickel-metal-embossed-letter-logo-label-metal-stickers-for-iphone-case\/","title":{"rendered":"Fabrycznie niestandardowe naklejki 3D z wyt\u0142oczonym niklowanym metalowym logo \u2013 samoprzylepne samoprzylepne etykiety z literami do etui i elektroniki na iPhone'a"},"content":{"rendered":"<article style=\"font-family: 'Segoe UI', Roboto, Helvetica, Arial, sans-serif; line-height: 1.8; color: #333333; max-width: 100%px; margin: 0 auto; padding: 30px; background-color: #ffffff; box-shadow: 0 4px 15px rgba(0,0,0,0.05);\">\n<div style=\"background-color: #f0f4f8; padding: 20px; border-radius: 8px; margin-bottom: 30px; display: flex; justify-content: space-between; align-items: center; flex-wrap: wrap;\">\n<div style=\"flex: 1; min-width: 300px;\">\n<p style=\"margin: 0; font-size: 1.1em; color: #2c3e50;\"><strong>Zweryfikowany \u015bwiatowy producent:<\/strong> JTT Precision Metal Co., Ltd | <strong>Do\u015bwiadczenie:<\/strong> Ponad 20 lat<\/p>\n<p style=\"margin: 5px 0 0 0; font-size: 0.9em; color: #475569;\"><strong>Certyfikaty:<\/strong> SGS, ROHS, MSDS | <strong>Category:<\/strong> <a style=\"color: #0056b3; text-decoration: none;\" href=\"https:\/\/jttlogos.com\/pl\/kategoria-produktu\/naklejka-metalowa-nikiel\/\">Naklejki metalowe nikiel<\/a><\/p>\n<\/div>\n<div style=\"margin-top: 10px;\"><a style=\"background-color: #0056b3; color: #ffffff; padding: 12px 24px; text-decoration: none; border-radius: 5px; font-weight: bold; font-size: 1.1em; display: inline-block;\" href=\"https:\/\/jttlogos.com\/pl\/skontaktuj-sie-z-nami\/\">Popro\u015b o niestandardow\u0105 wycen\u0119 i pr\u00f3bk\u0119<\/a><\/div>\n<\/div>\n<p><!-- Product Introduction --><\/p>\n<section style=\"margin-bottom: 40px;\">\n<h2 style=\"color: #1a365d; font-size: 2em; border-bottom: 2px solid #e2e8f0; padding-bottom: 10px; margin-top: 0;\">Dostosowane fabrycznie, wysokiej jako\u015bci, wykwintne, lepkie, niklowane, metalowe etykiety z logo z wyt\u0142oczonymi literami<\/h2>\n<p>Na dzisiejszym wysoce konkurencyjnym rynku atrakcyjno\u015b\u0107 wizualna i jako\u015b\u0107 dotykowa insygni\u00f3w Twojej marki mog\u0105 drastycznie wp\u0142yn\u0105\u0107 na postrzeganie przez konsument\u00f3w. Na <a href=\"https:\/\/jttlogos.com\/pl\/\"><strong>JTT Precision Metal Co., Ltd<\/strong><\/a>, sp\u0119dzili\u015bmy ponad 20 lat specjalizuj\u0105c si\u0119 w wysokiej klasy rozwi\u0105zaniach brandingowych. Nasz <strong>fabrycznie dostosowane, wykwintne, lepkie, niklowane, wyt\u0142oczone litery, metalowe naklejki z logo, do etui na iPhone'a<\/strong> s\u0105 starannie wykonane, aby zapewni\u0107 luksusowe, metaliczne wyko\u0144czenie 3D, kt\u00f3re podnosi estetyk\u0119 Twojego produktu.<\/p>\n<p>Wyprodukowano z <strong>Czysty nikiel 100%<\/strong> Te ultracienkie, bardzo trwa\u0142e, samoprzylepne etykiety metalowe, wykorzystuj\u0105ce zaawansowane techniki galwanizacji, stanowi\u0105 doskona\u0142e wzmocnienie marki etui na telefony kom\u00f3rkowe, elektroniki u\u017cytkowej i luksusowych opakowa\u0144. Niezale\u017cnie od tego, czy jeste\u015b mark\u0105 akcesori\u00f3w do smartfon\u00f3w, kt\u00f3ra chce doda\u0107 metaliczny akcent do swoich silikonowych lub sk\u00f3rzanych etui, czy producentem elektroniki poszukuj\u0105cym trwa\u0142ego, eleganckiego rozwi\u0105zania w postaci logo, nasze niestandardowe naklejki niklowe zapewniaj\u0105 niezr\u00f3wnany blask i przyczepno\u015b\u0107.<\/p>\n<p><!-- Media Placeholder (Retained per instructions) --><\/p>\n<div style=\"text-align: center; margin: 30px 0; background-color: #f8fafc; border: 1px dashed #cbd5e1; padding: 20px;\">\n<p><iframe loading=\"lazy\" title=\"Waterproof Custom Self Adhesive Metal Nickel Car 3d Metal Label Sticker Metal Logo Laptop Sticker\" width=\"1020\" height=\"574\" src=\"https:\/\/www.youtube.com\/embed\/UxDT10fRCBg?feature=oembed\" frameborder=\"0\" allow=\"accelerometer; autoplay; clipboard-write; encrypted-media; gyroscope; picture-in-picture; web-share\" referrerpolicy=\"strict-origin-when-cross-origin\" allowfullscreen><\/iframe><\/p>\n<p>&nbsp;<\/p>\n<\/div>\n<\/section>\n<p><!-- Technical Specifications Table --><\/p>\n<section style=\"margin-bottom: 40px;\">\n<h2 style=\"color: #1a365d; font-size: 1.8em;\">Kompleksowe specyfikacje techniczne<\/h2>\n<p>Nasze zaanga\u017cowanie w doskona\u0142o\u015b\u0107 produkcji znajduje odzwierciedlenie w naszych rygorystycznych parametrach technicznych. Zapewniamy, \u017ce ka\u017cda niestandardowa naklejka metalowa spe\u0142nia surowe standardy bran\u017cowe B2B. Poni\u017cej znajduje si\u0119 szczeg\u00f3\u0142owa tabela specyfikacji naszych naklejek z logo z niklu:<\/p>\n<table style=\"width: 100%; border-collapse: collapse; margin: 20px 0; font-size: 16px; box-shadow: 0 2px 8px rgba(0,0,0,0.1);\">\n<thead>\n<tr style=\"background-color: #0056b3; color: #ffffff; text-align: left;\">\n<th style=\"padding: 15px; border: 1px solid #ddd;\">Specyfikacja<\/th>\n<th style=\"padding: 15px; border: 1px solid #ddd;\">Szczeg\u00f3\u0142y i mo\u017cliwo\u015bci<\/th>\n<\/tr>\n<\/thead>\n<tbody>\n<tr style=\"background-color: #f9fafb;\">\n<td style=\"padding: 12px 15px; border: 1px solid #ddd; font-weight: bold; color: #334155;\">Kategoria produktu<\/td>\n<td style=\"padding: 12px 15px; border: 1px solid #ddd;\">Naklejki metalowe niklowe \/ Etykiety z metalowym logo 3D<\/td>\n<\/tr>\n<tr>\n<td style=\"padding: 12px 15px; border: 1px solid #ddd; font-weight: bold; color: #334155;\">Material Composition<\/td>\n<td style=\"padding: 12px 15px; border: 1px solid #ddd;\">Nikiel metalowy o wysokiej czysto\u015bci 100%<\/td>\n<\/tr>\n<tr style=\"background-color: #f9fafb;\">\n<td style=\"padding: 12px 15px; border: 1px solid #ddd; font-weight: bold; color: #334155;\">Technika produkcji<\/td>\n<td style=\"padding: 12px 15px; border: 1px solid #ddd;\">Precision Electroplating<\/td>\n<\/tr>\n<tr>\n<td style=\"padding: 12px 15px; border: 1px solid #ddd; font-weight: bold; color: #334155;\">Zakres grubo\u015bci<\/td>\n<td style=\"padding: 12px 15px; border: 1px solid #ddd;\">0,045 mm \u2013 0,12 mm (ultracienki profil)<\/td>\n<\/tr>\n<tr style=\"background-color: #f9fafb;\">\n<td style=\"padding: 12px 15px; border: 1px solid #ddd; font-weight: bold; color: #334155;\">Rozmiar i kolor<\/td>\n<td style=\"padding: 12px 15px; border: 1px solid #ddd;\">100% Dostosowane (dost\u0119pny dowolny rozmiar, kszta\u0142t i wyko\u0144czenie kolorystyczne)<\/td>\n<\/tr>\n<tr>\n<td style=\"padding: 12px 15px; border: 1px solid #ddd; font-weight: bold; color: #334155;\">Adhesive Options (Glue)<\/td>\n<td style=\"padding: 12px 15px; border: 1px solid #ddd;\">Klej 3M, klej topliwy 3M, dwustronny samoprzylepny no\u015bnik<\/td>\n<\/tr>\n<tr style=\"background-color: #f9fafb;\">\n<td style=\"padding: 12px 15px; border: 1px solid #ddd; font-weight: bold; color: #334155;\">Accepted Artwork Formats<\/td>\n<td style=\"padding: 12px 15px; border: 1px solid #ddd;\">AI, PDF, CDR, CAD i inne standardowe formaty wektorowe<\/td>\n<\/tr>\n<tr>\n<td style=\"padding: 12px 15px; border: 1px solid #ddd; font-weight: bold; color: #334155;\">Opakowanie<\/td>\n<td style=\"padding: 12px 15px; border: 1px solid #ddd;\">Zabezpiecz torb\u0119 OPP na arkusz\/sztuk\u0119<\/td>\n<\/tr>\n<\/tbody>\n<\/table>\n<\/section>\n<p><!-- Manufacturing Process --><\/p>\n<section style=\"margin-bottom: 40px;\">\n<h2><img data-recalc-dims=\"1\" loading=\"lazy\" decoding=\"async\" class=\"size-full wp-image-1418\" src=\"https:\/\/i0.wp.com\/jttlogos.com\/wp-content\/uploads\/2020\/05\/Phone-Case-Metal-Sticker-5-1.jpg?resize=600%2C450&#038;ssl=1\" alt=\"placeholder\" width=\"600\" height=\"450\" title=\"\"><\/h2>\n<h2 style=\"color: #1a365d; font-size: 1.8em;\">Proces produkcji precyzyjnego galwanizacji<\/h2>\n<p>Jako wiod\u0105cy \u015bwiatowy dostawca, <strong>JTT Precision Metal Co., Ltd<\/strong> wykorzystuje dziesi\u0119ciolecia praktycznego do\u015bwiadczenia w produkcji, aby produkowa\u0107 nieskazitelne metalowe naklejki. Nasz proces produkcyjny omija tradycyjne metody t\u0142oczenia, opieraj\u0105c si\u0119 zamiast tego na wyrafinowanej technologii galwanizacji. Zapewnia to wyj\u0105tkow\u0105 szczeg\u00f3\u0142owo\u015b\u0107, umo\u017cliwiaj\u0105c niezale\u017cne projekty liter, skomplikowanych logo i ultracienkich linii, kt\u00f3rych po prostu nie da si\u0119 osi\u0105gn\u0105\u0107 konwencjonalnymi metodami.<\/p>\n<div style=\"display: flex; flex-direction: column; gap: 15px; margin-top: 20px;\">\n<div style=\"background: #ffffff; border-left: 4px solid #0056b3; padding: 15px 20px; box-shadow: 0 2px 5px rgba(0,0,0,0.08);\">\n<h3 style=\"margin: 0 0 10px 0; color: #0056b3; font-size: 1.2em;\">1. Przetwarzanie grafiki i produkcja filmowa<\/h3>\n<p style=\"margin: 0; color: #475569;\">Akceptujemy pliki wektorowe (AI, PDF, CDR, CAD), aby zapewni\u0107 absolutn\u0105 precyzj\u0119. Nasz zesp\u00f3\u0142 projektant\u00f3w technicznych sprawdza grafik\u0119, optymalizuj\u0105c j\u0105 pod k\u0105tem procesu galwanizacji i generuj\u0105c mask\u0119 filmow\u0105 o wysokiej rozdzielczo\u015bci.<\/p>\n<\/div>\n<div style=\"background: #ffffff; border-left: 4px solid #0056b3; padding: 15px 20px; box-shadow: 0 2px 5px rgba(0,0,0,0.08);\">\n<h3 style=\"margin: 0 0 10px 0; color: #0056b3; font-size: 1.2em;\">2. Precyzyjne galwanizacja<\/h3>\n<p style=\"margin: 0; color: #475569;\">Utilizing 100% high-purity nickel, the metal atoms are deposited onto a specialized conductive matrix. This meticulously controlled electroplating bath builds the metal to an exact thickness ranging from <strong>0,045 mm do 0,12 mm<\/strong>, creating stunning 3D embossed effects with brilliant surface reflectivity.<\/p>\n<\/div>\n<div style=\"background: #ffffff; border-left: 4px solid #0056b3; padding: 15px 20px; box-shadow: 0 2px 5px rgba(0,0,0,0.08);\">\n<h3 style=\"margin: 0 0 10px 0; color: #0056b3; font-size: 1.2em;\">3. Adhesive Application<\/h3>\n<p style=\"margin: 0; color: #475569;\">Once the nickel letters are fully formed and polished, we apply industrial-grade backing. Depending on the substrate application (e.g., leather, plastic, or glass), we apply genuine <strong>3M adhesive, 3M hot-melt glue, or double-sided self-adhesive<\/strong> for permanent, unyielding attachment.<\/p>\n<\/div>\n<div style=\"background: #ffffff; border-left: 4px solid #0056b3; padding: 15px 20px; box-shadow: 0 2px 5px rgba(0,0,0,0.08);\">\n<h3 style=\"margin: 0 0 10px 0; color: #0056b3; font-size: 1.2em;\">4. Strict Quality Assurance<\/h3>\n<p style=\"margin: 0; color: #475569;\">Every batch of metallic brand tags undergoes rigorous inspection. We verify color consistency, material thickness, edge sharpness, and adhesive strength, ensuring full compliance with international standards before packaging into protective OPP bags.<\/p>\n<\/div>\n<\/div>\n<\/section>\n<p><!-- Key Material Benefits (Knowledge Points) --><\/p>\n<section style=\"margin-bottom: 40px;\">\n<h2 style=\"color: #1a365d; font-size: 1.8em;\">Why Choose 100% Nickel &amp; 3M Adhesives?<\/h2>\n<p>Wyb\u00f3r odpowiednich materia\u0142\u00f3w do oznakowania marki produktu ma kluczowe znaczenie. Nasze niestandardowe naklejki metalowe zosta\u0142y opracowane tak, aby zapewni\u0107 zar\u00f3wno wy\u017cszo\u015b\u0107 estetyczn\u0105, jak i d\u0142ugotrwa\u0142\u0105 wydajno\u015b\u0107 w r\u00f3\u017cnorodnych \u015brodowiskach.<\/p>\n<div style=\"background-color: #f4f7fa; border: 1px solid #e2e8f0; border-radius: 8px; padding: 25px; margin: 20px 0;\">\n<h3 style=\"margin-top: 0; color: #1e293b; border-bottom: 1px solid #cbd5e1; padding-bottom: 10px;\">Eksperckie spostrze\u017cenia materia\u0142owe<\/h3>\n<p style=\"margin-bottom: 10px;\"><strong><span style=\"color: #0056b3;\">\u2714 The Advantage of 100% Nickel:<\/span><\/strong> W przeciwie\u0144stwie do gorszych stop\u00f3w, czysty nikiel zapewnia wyj\u0105tkow\u0105 odporno\u015b\u0107 na utlenianie, matowienie i korozj\u0119. Technika galwanizacji nadaje mu lustrzane wyko\u0144czenie (lub mat, w zale\u017cno\u015bci od dostosowania), co natychmiast zapewnia najwy\u017csz\u0105 jako\u015b\u0107. Co wi\u0119cej, nikiel zachowuje swoj\u0105 integralno\u015b\u0107 strukturaln\u0105 nawet przy ultracienkiej grubo\u015bci 0,045 mm.<\/p>\n<p style=\"margin-bottom: 10px;\"><strong><span style=\"color: #0056b3;\">\u2714 Niezr\u00f3wnana przyczepno\u015b\u0107 3M:<\/span><\/strong> Trwa\u0142o\u015b\u0107 metalowej naklejki etykietowej zale\u017cy w du\u017cej mierze od jej pod\u0142o\u017ca. U\u017cywaj\u0105c oryginalnych <strong>Klej 3M i klej topliwy 3M<\/strong>nasze naklejki bezpiecznie \u0142\u0105cz\u0105 si\u0119 z r\u00f3\u017cnymi pod\u0142o\u017cami. Niezale\u017cnie od tego, czy jest przymocowany do teksturowanej obudowy telefonu kom\u00f3rkowego, g\u0142adkiego urz\u0105dzenia gospodarstwa domowego, czy spersonalizowanego pude\u0142ka upominkowego, mocny dwustronny samoprzylepny zapobiega odklejaniu si\u0119, podnoszeniu kraw\u0119dzi lub przesuwaniu si\u0119 w miar\u0119 up\u0142ywu czasu.<\/p>\n<p style=\"margin-bottom: 0;\"><strong><span style=\"color: #0056b3;\">\u2714 Seamless Integration:<\/span><\/strong> Because the thickness is carefully controlled between 0.045-0.12mm, these labels do not snag on fabrics or feel bulky in the hand. They sit almost flush against the surface of the iPhone case, providing a tactile, embossed feel without compromising the device\u2019s ergonomic design.<\/p>\n<\/div>\n<\/section>\n<p><!-- Diverse Industry Applications --><\/p>\n<section style=\"margin-bottom: 40px;\">\n<h2 style=\"color: #1a365d; font-size: 1.8em;\">Wszechstronne zastosowania w g\u0142\u00f3wnych ga\u0142\u0119ziach przemys\u0142u<\/h2>\n<p>Cho\u0107 pierwotnie by\u0142 bardzo poszukiwany <strong>Etui na iPhone'a i akcesoria do telefon\u00f3w kom\u00f3rkowych<\/strong>nasze fabrycznie dostosowane etykiety z logo z lepkiego niklu i wyt\u0142oczonymi literami charakteryzuj\u0105 si\u0119 wszechstronno\u015bci\u0105, kt\u00f3ra czyni je niezb\u0119dnymi w wielu sektorach B2B. Konstrukcja z podzielonymi literami umo\u017cliwia p\u0142ynne naniesienie skomplikowanego brandingu bez widocznej folii w tle.<\/p>\n<ul style=\"list-style-type: none; padding: 0; margin: 0; display: grid; grid-template-columns: repeat(auto-fit, minmax(280px, 1fr)); gap: 15px;\">\n<li style=\"background: #ffffff; border: 1px solid #e2e8f0; padding: 15px; border-radius: 5px;\"><strong style=\"color: #0f172a; font-size: 1.1em;\">\ud83d\udcf1 Elektronika u\u017cytkowa:<\/strong> Idealny do telefon\u00f3w kom\u00f3rkowych, laptop\u00f3w, tablet\u00f3w, sprz\u0119tu audio i urz\u0105dze\u0144 do noszenia.<\/li>\n<li style=\"background: #ffffff; border: 1px solid #e2e8f0; padding: 15px; border-radius: 5px;\"><strong style=\"color: #0f172a; font-size: 1.1em;\">\ud83c\udf81 Premium Packaging:<\/strong> Wyr\u00f3\u017cnij kosmetyki, perfumy, bi\u017cuteri\u0119 i luksusowe opakowania upominkowe dzi\u0119ki efektownym metalowym insygniom.<\/li>\n<li style=\"background: #ffffff; border: 1px solid #e2e8f0; padding: 15px; border-radius: 5px;\"><strong style=\"color: #0f172a; font-size: 1.1em;\">\ud83c\udfe0 Sprz\u0119t AGD:<\/strong> Durable branding for refrigerators, coffee machines, air conditioners, and smart home devices.<\/li>\n<li style=\"background: #ffffff; border: 1px solid #e2e8f0; padding: 15px; border-radius: 5px;\"><strong style=\"color: #0f172a; font-size: 1.1em;\">\ud83d\ude97 Motoryzacja i maszyny:<\/strong> High-end badges for car interiors, dashboard displays, and specialized industrial machinery.<\/li>\n<\/ul>\n<\/section>\n<p><!-- Authority, Certifications & Trust --><\/p>\n<section style=\"margin-bottom: 40px; background-color: #f8fafc; padding: 25px; border-radius: 8px;\">\n<h2 style=\"color: #1a365d; font-size: 1.8em; margin-top: 0;\">Certyfikowana autorytatywno\u015b\u0107 i wiarygodno\u015b\u0107<\/h2>\n<p>When sourcing B2B metal nameplates and labels, supply chain reliability and material safety are paramount. JTT Precision Metal Co., Ltd is proud to operate with strict adherence to global compliance standards. Our products carry essential environmental and safety certifications, confirming our position as an authoritative expert in the customized metal sticker industry.<\/p>\n<p><strong>Nasze certyfikaty bran\u017cowe obejmuj\u0105:<\/strong><\/p>\n<ul style=\"color: #334155; line-height: 1.8;\">\n<li><strong>Certyfikat SGS:<\/strong> Zapewnienie, \u017ce nasza produkcja i materia\u0142y spe\u0142niaj\u0105 rygorystyczne mi\u0119dzynarodowe standardy jako\u015bci i bezpiecze\u0144stwa.<\/li>\n<li><strong>ROHS Compliance:<\/strong> Gwarantujemy, \u017ce nasze materia\u0142y niklowe 100% i procesy galwaniczne s\u0105 wolne od substancji niebezpiecznych, co czyni je bezpiecznymi dla elektroniki u\u017cytkowej.<\/li>\n<li><strong>MSDS (karta charakterystyki materia\u0142u):<\/strong> Zapewniamy pe\u0142n\u0105 przejrzysto\u015b\u0107 dotycz\u0105c\u0105 sk\u0142adu chemicznego i bezpiecznego obchodzenia si\u0119 z naszymi klejami i metalami.<\/li>\n<\/ul>\n<\/section>\n<p><!-- Purchasing, Lead Times & Logistics --><\/p>\n<section style=\"margin-bottom: 40px;\">\n<h2 style=\"color: #1a365d; font-size: 1.8em;\">Usprawnione zamawianie, p\u0142atno\u015bci i dostawy globalne B2B<\/h2>\n<p>Rozumiemy, \u017ce czas wprowadzenia produktu na rynek ma kluczowe znaczenie przy wprowadzaniu produkt\u00f3w na rynek. Zoptymalizowali\u015bmy nasz przep\u0142yw pracy w produkcji, aby zapewni\u0107 szybkie pobieranie pr\u00f3bek i niezawodn\u0105 globaln\u0105 logistyk\u0119, wspieran\u0105 przez elastyczne i bezpieczne struktury p\u0142atno\u015bci.<\/p>\n<div style=\"display: flex; flex-wrap: wrap; gap: 20px;\">\n<div style=\"flex: 1; min-width: 300px; background: #ffffff; border: 1px solid #cbd5e1; padding: 20px; border-top: 4px solid #0ea5e9;\">\n<h3 style=\"color: #0ea5e9; margin-top: 0;\">Czas produkcji i dostawy<\/h3>\n<ul style=\"padding-left: 20px; margin-bottom: 0;\">\n<li><strong>Existing Reference Samples:<\/strong> Wys\u0142ano w ci\u0105gu zaledwie <strong>1 day<\/strong>.<\/li>\n<li><strong>Custom Sample Creation:<\/strong> Szybka dostawa w ci\u0105gu <strong>3-5 dni<\/strong>.<\/li>\n<li><strong>Czas produkcji masowej:<\/strong> Efektywnie skalowane; harmonogram zale\u017cy \u015bci\u015ble od ilo\u015bci zam\u00f3wienia.<\/li>\n<\/ul>\n<\/div>\n<div style=\"flex: 1; min-width: 300px; background: #ffffff; border: 1px solid #cbd5e1; padding: 20px; border-top: 4px solid #10b981;\">\n<h3 style=\"color: #10b981; margin-top: 0;\">Bezpieczne p\u0142atno\u015bci i wysy\u0142ka<\/h3>\n<ul style=\"padding-left: 20px; margin-bottom: 0;\">\n<li><strong>Standardowy termin p\u0142atno\u015bci:<\/strong> T\/T (30% jako depozyt, a pozosta\u0142e saldo przed dostaw\u0105).<\/li>\n<li><strong>Obs\u0142ugiwane metody p\u0142atno\u015bci:<\/strong> P\u0142atno\u015b\u0107 kart\u0105 kredytow\u0105, PayPal, przelew bankowy, Western union, L\/C, T\/T, zlecenie zapewnienia handlu Alibaba itp.<\/li>\n<li><strong>Przesy\u0142ka globalna:<\/strong> Elastyczne kierowanie drog\u0105 morsk\u0105, lotnicz\u0105 lub za po\u015brednictwem kurier\u00f3w ekspresowych, takich jak DHL, UPS i inni.<\/li>\n<\/ul>\n<\/div>\n<\/div>\n<\/section>\n<p><!-- FAQs Section --><\/p>\n<section style=\"margin-bottom: 40px;\">\n<h2 style=\"color: #1a365d; font-size: 1.8em;\">Frequently Asked Questions (FAQs)<\/h2>\n<p>Aby pom\u00f3c Twojemu zespo\u0142owi ds. zakup\u00f3w, zebrali\u015bmy najcz\u0119stsze zapytania dotycz\u0105ce naszych niestandardowych samoprzylepnych etykiet z wyt\u0142oczonymi literami z niklu:<\/p>\n<div style=\"display: flex; flex-direction: column; gap: 10px;\">\n<details style=\"background-color: #ffffff; border: 1px solid #e2e8f0; border-radius: 5px; padding: 15px; cursor: pointer;\" open=\"open\">\n<summary style=\"font-weight: bold; color: #0f172a; font-size: 1.1em; outline: none;\">Jakiego rodzaju pliki graficzne musz\u0119 dostarczy\u0107, aby uzyska\u0107 niestandardow\u0105 naklejk\u0119 z logo?<\/summary>\n<p style=\"margin: 10px 0 0 0; color: #475569; padding-left: 20px; border-left: 3px solid #cbd5e1;\">Wymagamy plik\u00f3w wektorowych o wysokiej rozdzielczo\u015bci, aby zapewni\u0107 precyzj\u0119 podczas wydruku folii i procesu galwanizacji. Akceptujemy <strong>AI, PDF, CDR, CAD<\/strong>lub inne standardowe formaty wektorowe.<\/p>\n<\/details>\n<details style=\"background-color: #ffffff; border: 1px solid #e2e8f0; border-radius: 5px; padding: 15px; cursor: pointer;\" open=\"open\">\n<summary style=\"font-weight: bold; color: #0f172a; font-size: 1.1em; outline: none;\">Czy mog\u0119 zam\u00f3wi\u0107 pr\u00f3bk\u0119 niestandardow\u0105 przed przyst\u0105pieniem do masowej produkcji?<\/summary>\n<p style=\"margin: 10px 0 0 0; color: #475569; padding-left: 20px; border-left: 3px solid #cbd5e1;\">Absolutnie. Mo\u017cemy wyprodukowa\u0107 niestandardowe pr\u00f3bki fizyczne dok\u0142adnie wed\u0142ug Twojego projektu <strong>3-5 dni<\/strong>. Je\u015bli chcesz po prostu oceni\u0107 jako\u015b\u0107 naszego materia\u0142u i si\u0142\u0119 klejenia, mo\u017cemy wys\u0142a\u0107 istniej\u0105ce pr\u00f3bki fabryczne w ci\u0105gu zaledwie <strong>1 day<\/strong>.<\/p>\n<\/details>\n<details style=\"background-color: #ffffff; border: 1px solid #e2e8f0; border-radius: 5px; padding: 15px; cursor: pointer;\" open=\"open\">\n<summary style=\"font-weight: bold; color: #0f172a; font-size: 1.1em; outline: none;\">Are these 3D metal stickers durable enough for mobile phone cases?<\/summary>\n<p style=\"margin: 10px 0 0 0; color: #475569; padding-left: 20px; border-left: 3px solid #cbd5e1;\">Tak. Nasze etykiety s\u0105 wykonane z <strong>Nikiel 100%<\/strong>, dzi\u0119ki czemu s\u0105 bardzo odporne na codzienne zu\u017cycie, tarcie i utlenianie. W po\u0142\u0105czeniu z wytrzyma\u0142o\u015bci\u0105 <strong>Klej 3M lub klej topliwy<\/strong>zosta\u0142y specjalnie zaprojektowane tak, aby dobrze przylega\u0142y do \u200b\u200bcz\u0119sto u\u017cywanych przedmiot\u00f3w, takich jak etui na telefony kom\u00f3rkowe.<\/p>\n<\/details>\n<details style=\"background-color: #ffffff; border: 1px solid #e2e8f0; border-radius: 5px; padding: 15px; cursor: pointer;\" open=\"open\">\n<summary style=\"font-weight: bold; color: #0f172a; font-size: 1.1em; outline: none;\">Czy istnieje ustalona cena lub minimalna ilo\u015b\u0107 zam\u00f3wienia (MOQ)?<\/summary>\n<p style=\"margin: 10px 0 0 0; color: #475569; padding-left: 20px; border-left: 3px solid #cbd5e1;\">Because every project involves customized sizes, shapes, colors, and varying mass production requirements, we do not list a fixed unit price or strict MOQ. Pricing and mass production timelines are dependent entirely on your specific order quantity and design complexity. Please contact our team for a personalized quotation.<\/p>\n<\/details>\n<details style=\"background-color: #ffffff; border: 1px solid #e2e8f0; border-radius: 5px; padding: 15px; cursor: pointer;\" open=\"open\">\n<summary style=\"font-weight: bold; color: #0f172a; font-size: 1.1em; outline: none;\">Czy Twoje materia\u0142y s\u0105 bezpieczne dla \u015brodowiska?<\/summary>\n<p style=\"margin: 10px 0 0 0; color: #475569; padding-left: 20px; border-left: 3px solid #cbd5e1;\">Tak. Prowadzimy kompleksowo <strong>Certyfikaty SGS, ROHS i MSDS<\/strong>, gwarantuj\u0105c, \u017ce nasze produkty spe\u0142niaj\u0105 rygorystyczne normy bezpiecze\u0144stwa ekologicznego i chemicznego.<\/p>\n<\/details>\n<\/div>\n<\/section>\n<p><!-- Final Conversion CTA --><\/p>\n<section id=\"contact\" style=\"background-color: #1e293b; color: #ffffff; padding: 40px 20px; text-align: center; border-radius: 8px;\">\n<h2 style=\"color: #ffffff; font-size: 2em; margin-top: 0;\">Chcesz ulepszy\u0107 opakowanie i mark\u0119 swojego produktu?<\/h2>\n<p style=\"font-size: 1.1em; max-width: 800px; margin: 0 auto 25px auto; color: #cbd5e1;\">Nawi\u0105\u017c wsp\u00f3\u0142prac\u0119 z JTT Precision Metal Co., Ltd, aby uzyska\u0107 niestandardowe naklejki z metalu niklowego. Niezale\u017cnie od tego, czy potrzebujesz wykwintnych logo 3D na etui do iPhone'a, czy trwa\u0142ych metalowych etykiet na sprz\u0119t AGD, nasze ponad 20-letnie do\u015bwiadczenie gwarantuje doskona\u0142e rezultaty.<\/p>\n<p><a style=\"background-color: #3b82f6; color: #ffffff; padding: 15px 30px; text-decoration: none; border-radius: 5px; font-weight: bold; font-size: 1.2em; display: inline-block; transition: background-color 0.3s ease;\" href=\"https:\/\/jttlogos.com\/pl\/skontaktuj-sie-z-nami\/\">Skontaktuj si\u0119 z nami, aby uzyska\u0107 niestandardow\u0105 wycen\u0119 i recenzj\u0119 grafiki<\/a><\/p>\n<p style=\"margin-top: 15px; font-size: 0.9em; color: #94a3b8;\">Akceptowane formaty: AI, PDF, CDR, CAD | Szybkie pr\u00f3bki niestandardowe w ci\u0105gu 3\u20135 dni<\/p>\n<\/section>\n<\/article>","protected":false},"excerpt":{"rendered":"<p>Odkryj fabrycznie dostosowane, wykwintne, lepkie, niklowane, wyt\u0142oczone litery z logo, metalowe naklejki na obudowy iPhone'a. JTT Precision Metal Co., Ltd oferuje ponad 20-letnie do\u015bwiadczenie w dostarczaniu metalowych etykiet 3D z niklem 100% i certyfikatem SGS\/ROHS z mocnym klejem 3M. Skontaktuj si\u0119 z nami ju\u017c dzi\u015b, aby uzyska\u0107 niezawodn\u0105 produkcj\u0119 B2B, szybkie pr\u00f3bki i bezpieczn\u0105 wysy\u0142k\u0119 globaln\u0105.<\/p>","protected":false},"featured_media":2726,"comment_status":"open","ping_status":"closed","template":"","meta":[],"product_brand":[],"product_cat":[48],"product_tag":[],"class_list":{"0":"post-4178","1":"product","2":"type-product","3":"status-publish","4":"has-post-thumbnail","6":"product_cat-nickel-metal-sticker","8":"first","9":"instock","10":"shipping-taxable","11":"product-type-simple"},"jetpack-related-posts":[],"jetpack_sharing_enabled":true,"_links":{"self":[{"href":"https:\/\/jttlogos.com\/pl\/wp-json\/wp\/v2\/product\/4178","targetHints":{"allow":["GET"]}}],"collection":[{"href":"https:\/\/jttlogos.com\/pl\/wp-json\/wp\/v2\/product"}],"about":[{"href":"https:\/\/jttlogos.com\/pl\/wp-json\/wp\/v2\/types\/product"}],"replies":[{"embeddable":true,"href":"https:\/\/jttlogos.com\/pl\/wp-json\/wp\/v2\/comments?post=4178"}],"wp:featuredmedia":[{"embeddable":true,"href":"https:\/\/jttlogos.com\/pl\/wp-json\/wp\/v2\/media\/2726"}],"wp:attachment":[{"href":"https:\/\/jttlogos.com\/pl\/wp-json\/wp\/v2\/media?parent=4178"}],"wp:term":[{"taxonomy":"product_brand","embeddable":true,"href":"https:\/\/jttlogos.com\/pl\/wp-json\/wp\/v2\/product_brand?post=4178"},{"taxonomy":"product_cat","embeddable":true,"href":"https:\/\/jttlogos.com\/pl\/wp-json\/wp\/v2\/product_cat?post=4178"},{"taxonomy":"product_tag","embeddable":true,"href":"https:\/\/jttlogos.com\/pl\/wp-json\/wp\/v2\/product_tag?post=4178"}],"curies":[{"name":"wp","href":"https:\/\/api.w.org\/{rel}","templated":true}]}}