{"id":4179,"date":"2020-07-02T09:18:21","date_gmt":"2020-07-02T09:18:21","guid":{"rendered":"https:\/\/jttlogos.com\/?post_type=product&#038;p=4179"},"modified":"2026-04-16T02:06:05","modified_gmt":"2026-04-16T02:06:05","slug":"custom-free-design-electroform-metal-logo-nickel-sticker-for-decoration-can-be-stickers-with-3m-adhesive","status":"publish","type":"product","link":"https:\/\/jttlogos.com\/pl\/product\/custom-free-design-electroform-metal-logo-nickel-sticker-for-decoration-can-be-stickers-with-3m-adhesive\/","title":{"rendered":"Niestandardowe naklejki 3D z metalowym logo niklowe z klejem 3M | Samoprzylepne naklejki z czystego niklu do znakowania i dekoracji produkt\u00f3w"},"content":{"rendered":"<article style=\"font-family: 'Segoe UI', Arial, sans-serif; color: #333333; line-height: 1.8; max-width: 100%; margin: 0 auto; padding: 20px;\">\n<!-- Above the Fold: Strong CTA and Clear Product Value --><\/p>\n<div style=\"background-color: #f8f9fa; padding: 30px; border-radius: 10px; margin-bottom: 30px; border-left: 5px solid #0056b3;\">\n<h2 style=\"color: #0056b3; margin-top: 0; font-size: 28px;\">Wysokiej jako\u015bci niestandardowa metalowa naklejka z LOGO niklowa do dekoracji za pomoc\u0105 kleju 3M<\/h2>\n<p style=\"font-size: 16px; margin-bottom: 20px;\">Podnie\u015b to\u017csamo\u015b\u0107 swojej marki dzi\u0119ki naszym produktom najwy\u017cszej klasy <strong>niestandardowe metalowe naklejki z logo<\/strong>. Te ultracienkie, trwa\u0142e metalowe naklejki, wykonane z czystego niklu 100% przy u\u017cyciu zaawansowanych technik galwanicznych, zapewniaj\u0105 luksusowe, metaliczne wyko\u0144czenie ka\u017cdemu produktowi. Zaprojektowana dla klient\u00f3w B2B na ca\u0142ym \u015bwiecie, JTT Precision Metal Co., Ltd. wnosi ponad 20-letnie do\u015bwiadczenie w produkcji, aby dostarcza\u0107 bezb\u0142\u0119dne, dostosowane do indywidualnych potrzeb rozwi\u0105zania w zakresie metalowych logo 3D. Niezale\u017cnie od tego, czy potrzebujesz oznakowania elektroniki u\u017cytkowej, cz\u0119\u015bci samochodowych czy opakowa\u0144 premium, nasze samoprzylepne etykiety metalowe zapewni\u0105, \u017ce Twoje logo b\u0119dzie wyr\u00f3\u017cnia\u0107 si\u0119 niezr\u00f3wnan\u0105 przejrzysto\u015bci\u0105 i przyczepno\u015bci\u0105.<\/p>\n<div style=\"display: flex; gap: 15px; flex-wrap: wrap;\"><a style=\"background-color: #0056b3; color: #ffffff; padding: 14px 28px; text-decoration: none; font-weight: 600; border-radius: 4px; display: inline-block; text-align: center; box-shadow: 0 2px 4px rgba(0,0,0,0.1);\" href=\"https:\/\/jttlogos.com\/pl\/skontaktuj-sie-z-nami\/\">Popro\u015b o bezp\u0142atn\u0105 niestandardow\u0105 wycen\u0119<\/a><br \/>\n<a style=\"background-color: #ffffff; color: #0056b3; padding: 14px 28px; text-decoration: none; font-weight: 600; border-radius: 4px; display: inline-block; text-align: center; border: 2px solid #0056b3;\" href=\"https:\/\/wa.me\/8613244758861\" target=\"_blank\" rel=\"noopener\">Zapytaj o produkcj\u0119 pr\u00f3bek<\/a><\/div>\n<\/div>\n<p><!-- Media Placeholders (Retaining Visual Elements Requirements) --><\/p>\n<div style=\"display: flex; gap: 20px; margin-bottom: 30px; flex-wrap: wrap;\">\n<div style=\"flex: 1; min-width: 300px;\">\n<p><img data-recalc-dims=\"1\" decoding=\"async\" class=\"alignnone wp-image-1418 size-full\" src=\"https:\/\/i0.wp.com\/jttlogos.com\/wp-content\/uploads\/2020\/05\/nickel-metal-sticker-11.jpg?resize=600%2C450&#038;ssl=1\" alt=\"Custom Nickel Metal Stickers Label\" width=\"600\" height=\"450\" title=\"\"><\/p>\n<\/div>\n<div style=\"flex: 1; min-width: 300px;\">\n<p><iframe loading=\"lazy\" title=\"Waterproof Custom Self Adhesive Metal Nickel Car 3d Metal Label Sticker Metal Logo Laptop Sticker\" width=\"1020\" height=\"574\" src=\"https:\/\/www.youtube.com\/embed\/UxDT10fRCBg?feature=oembed\" frameborder=\"0\" allow=\"accelerometer; autoplay; clipboard-write; encrypted-media; gyroscope; picture-in-picture; web-share\" referrerpolicy=\"strict-origin-when-cross-origin\" allowfullscreen><\/iframe><\/p>\n<p style=\"text-align: center; font-size: 13px; color: #666; margin-top: 8px;\">\n<\/div>\n<\/div>\n<p><!-- Product Specifications --><\/p>\n<h2 style=\"color: #2c3e50; border-bottom: 2px solid #ecf0f1; padding-bottom: 10px; margin-top: 40px;\">Kompleksowe specyfikacje produktu<\/h2>\n<p>Nasze dostosowane do indywidualnych potrzeb rozwi\u0105zania w zakresie oznakowania metali s\u0105 tworzone tak, aby spe\u0142nia\u0107 rygorystyczne standardy przemys\u0142owe. Dzi\u0119ki zastosowaniu materia\u0142\u00f3w najwy\u017cszej jako\u015bci i rygorystycznej kontroli jako\u015bci gwarantujemy, \u017ce ka\u017cda naklejka niklowa o niestandardowym kszta\u0142cie b\u0119dzie idealnie dopasowana do wytycznych dotycz\u0105cych marki Twojej firmy. Poni\u017cej znajduj\u0105 si\u0119 szczeg\u00f3\u0142owe specyfikacje naszych dostosowywanych metalowych przywieszek:<\/p>\n<div style=\"overflow-x: auto; margin-top: 20px; margin-bottom: 30px;\">\n<table style=\"width: 100%; border-collapse: collapse; box-shadow: 0 2px 8px rgba(0,0,0,0.05); font-size: 15px;\">\n<tbody>\n<tr style=\"background-color: #f8f9fa; border-bottom: 1px solid #dee2e6;\">\n<td style=\"padding: 15px; font-weight: 600; width: 30%; color: #0056b3;\">Nazwa przedmiotu<\/td>\n<td style=\"padding: 15px; color: #495057;\"><a href=\"https:\/\/jttlogos.com\/pl\/kategoria-produktu\/naklejka-metalowa-nikiel\/\">Naklejki metalowe nikiel<\/a> \/ Dostosowane metalowe naklejki 3D<\/td>\n<\/tr>\n<tr style=\"border-bottom: 1px solid #dee2e6;\">\n<td style=\"padding: 15px; font-weight: 600; color: #0056b3;\">Material Composition<\/td>\n<td style=\"padding: 15px; color: #495057;\">Wysokiej jako\u015bci metal, czysty nikiel 100%<\/td>\n<\/tr>\n<tr style=\"background-color: #f8f9fa; border-bottom: 1px solid #dee2e6;\">\n<td style=\"padding: 15px; font-weight: 600; color: #0056b3;\">Technika Produkcji<\/td>\n<td style=\"padding: 15px; color: #495057;\">Zaawansowane galwanizacja<\/td>\n<\/tr>\n<tr style=\"border-bottom: 1px solid #dee2e6;\">\n<td style=\"padding: 15px; font-weight: 600; color: #0056b3;\">Grubo\u015b\u0107 materia\u0142u<\/td>\n<td style=\"padding: 15px; color: #495057;\">Ultracienki profil o grubo\u015bci od 0,045 mm do 0,12 mm<\/td>\n<\/tr>\n<tr style=\"background-color: #f8f9fa; border-bottom: 1px solid #dee2e6;\">\n<td style=\"padding: 15px; font-weight: 600; color: #0056b3;\">Rozmiar i kolor<\/td>\n<td style=\"padding: 15px; color: #495057;\">100% Dostosowane do konkretnego projektu (dost\u0119pny dowolny rozmiar, unikalny kszta\u0142t lub niestandardowe dopasowanie kolor\u00f3w)<\/td>\n<\/tr>\n<tr style=\"border-bottom: 1px solid #dee2e6;\">\n<td style=\"padding: 15px; font-weight: 600; color: #0056b3;\">Adhesive Options (Glue)<\/td>\n<td style=\"padding: 15px; color: #495057;\">Klej premium 3M, klej termotopliwy 3M, dwustronne samoprzylepne podk\u0142ady<\/td>\n<\/tr>\n<tr style=\"background-color: #f8f9fa; border-bottom: 1px solid #dee2e6;\">\n<td style=\"padding: 15px; font-weight: 600; color: #0056b3;\">Certyfikaty<\/td>\n<td style=\"padding: 15px; color: #495057;\">SGS, ROHS, MSDS (zgodny z wymogami ochrony \u015brodowiska i bezpieczny)<\/td>\n<\/tr>\n<tr style=\"border-bottom: 1px solid #dee2e6;\">\n<td style=\"padding: 15px; font-weight: 600; color: #0056b3;\">Accepted Artwork Formats<\/td>\n<td style=\"padding: 15px; color: #495057;\">AI, PDF, CDR, CAD i inne formaty wektorowe dla optymalnej przejrzysto\u015bci<\/td>\n<\/tr>\n<\/tbody>\n<\/table>\n<\/div>\n<p><!-- Technical Adhesion & Surface Performance --><\/p>\n<h2 style=\"color: #2c3e50; border-bottom: 2px solid #ecf0f1; padding-bottom: 10px; margin-top: 40px;\">Zaawansowana przyczepno\u015b\u0107 i kompatybilno\u015b\u0107 z powierzchni\u0105<\/h2>\n<p>Metalowa metka marki premium jest tak dobra, jak jej pod\u0142o\u017ce. Wyposa\u017camy nasze niestandardowe naklejki niklowe w wiod\u0105ce w bran\u017cy rozwi\u0105zania klej\u0105ce, dostosowane do zapewnienia trwa\u0142ego, bezpiecznego po\u0142\u0105czenia na wielu powierzchniach. W\u0142\u0105czaj\u0105c autentyczno\u015b\u0107 <strong>Podk\u0142ad samoprzylepny 3M<\/strong>gwarantujemy, \u017ce metalowe przywieszki brandingowe wytrzymaj\u0105 codzienne zu\u017cycie.<\/p>\n<div style=\"display: flex; flex-wrap: wrap; gap: 20px; margin-top: 20px;\">\n<div style=\"flex: 1; min-width: 280px; background: #ffffff; border: 1px solid #e1e4e8; padding: 20px; border-radius: 8px; box-shadow: 0 2px 5px rgba(0,0,0,0.04);\">\n<h3 style=\"color: #0056b3; font-size: 18px; margin-top: 0;\">Weather &amp; Temperature Resistance<\/h3>\n<p style=\"font-size: 14px; color: #555;\">Nasze samoprzylepne metalowe etykiety 3M zosta\u0142y zaprojektowane tak, aby dzia\u0142a\u0107 niezawodnie w r\u00f3\u017cnych \u015brodowiskach. Po\u0142\u0105czenie czystego niklu 100% i kleju klasy przemys\u0142owej zapewnia doskona\u0142\u0105 odporno\u015b\u0107 na \u015bwiat\u0142o UV, wilgo\u0107 i standardowe wahania temperatury. Niezale\u017cnie od tego, czy zostanie na\u0142o\u017cony na wewn\u0119trzne urz\u0105dzenia gospodarstwa domowego, czy na zewn\u0119trzne akcesoria samochodowe, po\u0142\u0105czenie pozostaje nienaruszone, bez \u0142uszczenia si\u0119 i kurczenia.<\/p>\n<\/div>\n<div style=\"flex: 1; min-width: 280px; background: #ffffff; border: 1px solid #e1e4e8; padding: 20px; border-radius: 8px; box-shadow: 0 2px 5px rgba(0,0,0,0.04);\">\n<h3 style=\"color: #0056b3; font-size: 18px; margin-top: 0;\">Kompatybilno\u015b\u0107 powierzchni<\/h3>\n<p style=\"font-size: 14px; color: #555;\">These versatile self-adhesive nickel stickers adhere aggressively to a wide variety of substrates. They are highly compatible with smooth plastics (including ABS and PC), tempered glass, painted metals, powder-coated finishes, and smooth wood. The double-sided self-adhesive and 3M hot-melt glue options ensure that even surfaces with slight curves can be accommodated securely.<\/p>\n<\/div>\n<div style=\"flex: 1; min-width: 280px; background: #ffffff; border: 1px solid #e1e4e8; padding: 20px; border-radius: 8px; box-shadow: 0 2px 5px rgba(0,0,0,0.04);\">\n<h3 style=\"color: #0056b3; font-size: 18px; margin-top: 0;\">Chemical &amp; Corrosion Resistance<\/h3>\n<p style=\"font-size: 14px; color: #555;\">Poniewa\u017c nasze naklejki s\u0105 wykonane z czystego niklu poprzez precyzyjn\u0105 galwanizacj\u0119, posiadaj\u0105 naturalne w\u0142a\u015bciwo\u015bci antykorozyjne. Metaliczna powierzchnia jest odporna na \u0142agodne domowe \u015brodki czyszcz\u0105ce, oleje i inne czynno\u015bci, zachowuj\u0105c wspania\u0142y, nieskazitelny po\u0142ysk przez ca\u0142y okres u\u017cytkowania produktu, kt\u00f3rego jest mark\u0105.<\/p>\n<\/div>\n<\/div>\n<p><!-- Application Scenarios --><\/p>\n<h2 style=\"color: #2c3e50; border-bottom: 2px solid #ecf0f1; padding-bottom: 10px; margin-top: 40px;\">Wszechstronne zastosowania przemys\u0142owe<\/h2>\n<p>Elegancki, ultracienki profil (0,045\u20130,12 mm) naszych niestandardowych metalowych naklejek z logo sprawia, \u017ce \u200b\u200bs\u0105 one preferowanym wyborem dla projektant\u00f3w produkt\u00f3w i mened\u017cer\u00f3w marek, kt\u00f3rzy chc\u0105 doda\u0107 odrobin\u0119 luksusu bez zmiany fizycznych wymiar\u00f3w swoich produkt\u00f3w. Nasze rozwi\u0105zania p\u0142ynnie integruj\u0105 si\u0119 z wieloma bran\u017cami:<\/p>\n<ul style=\"list-style-type: none; padding: 0; margin: 20px 0;\">\n<li style=\"margin-bottom: 15px; padding-left: 30px; position: relative;\"><span style=\"position: absolute; left: 0; top: 2px; color: #0056b3; font-size: 18px;\">\ud83d\udcf1<\/span><br \/>\n<strong>Telefony kom\u00f3rkowe i produkty elektroniczne:<\/strong> Popraw estetyk\u0119 smartfon\u00f3w, tablet\u00f3w, laptop\u00f3w i niestandardowych etui na telefony kom\u00f3rkowe. Smuk\u0142y metalowy profil sprawia, \u017ce \u200b\u200bplakietka przylega r\u00f3wno do urz\u0105dzenia, zapobiegaj\u0105c zaczepianiu si\u0119, jednocze\u015bnie emanuj\u0105c zaawansowanym technologicznie wyrafinowaniem.<\/li>\n<li style=\"margin-bottom: 15px; padding-left: 30px; position: relative;\"><span style=\"position: absolute; left: 0; top: 2px; color: #0056b3; font-size: 18px;\">\ud83c\udfe0<\/span><br \/>\n<strong>Sprz\u0119t AGD:<\/strong> Od ekspres\u00f3w do kawy po lod\u00f3wki, trwa\u0142e metalowe etykiety na urz\u0105dzenia zapewniaj\u0105 trwa\u0142e rozwi\u0105zanie brandingowe, kt\u00f3re jest trwalsze od tradycyjnych naklejek papierowych lub winylowych i jest odporne na ciep\u0142o i wilgo\u0107 typowe dla \u015brodowiska kuchennego.<\/li>\n<li style=\"margin-bottom: 15px; padding-left: 30px; position: relative;\"><span style=\"position: absolute; left: 0; top: 2px; color: #0056b3; font-size: 18px;\">\ud83d\ude97<\/span><br \/>\n<strong>Samochody i maszyny:<\/strong> Automotive metal logo stickers are utilized on dashboard consoles, steering wheels, and external trims. The robust nature of the nickel and 3M adhesive withstands the vibrations and temperature shifts of automotive use.<\/li>\n<li style=\"margin-bottom: 15px; padding-left: 30px; position: relative;\"><span style=\"position: absolute; left: 0; top: 2px; color: #0056b3; font-size: 18px;\">\ud83c\udf81<\/span><br \/>\n<strong>Packaging &amp; Premium Gift Boxes:<\/strong> Podnie\u015b jako\u015b\u0107 rozpakowywania. Naklejenie metalowej naklejki z logo 3D na pude\u0142ka na perfumy, szkatu\u0142ki na bi\u017cuteri\u0119 lub opakowania luksusowych kosmetyk\u00f3w natychmiast zwi\u0119ksza postrzegan\u0105 warto\u015b\u0107 produktu znajduj\u0105cego si\u0119 w \u015brodku.<\/li>\n<\/ul>\n<p><!-- E-E-A-T Section: Trust and Expertise --><\/p>\n<h2 style=\"color: #2c3e50; border-bottom: 2px solid #ecf0f1; padding-bottom: 10px; margin-top: 40px;\">Wiedza fachowa w zakresie produkcji i zapewnienie jako\u015bci<\/h2>\n<p>Partnering with <strong>JTT Precision Metal Co., Ltd (jttlogos.com)<\/strong> oznacza wsp\u00f3\u0142prac\u0119 z zaufanym globalnym dostawc\u0105, kt\u00f3ry mo\u017ce poszczyci\u0107 si\u0119 ponad 20-letnim praktycznym do\u015bwiadczeniem w bran\u017cy w produkcji niestandardowych rozwi\u0105za\u0144 w zakresie brandingu metalowego. Nasza nowoczesna fabryka jest przygotowana do obs\u0142ugi z\u0142o\u017conych projekt\u00f3w, przekszta\u0142caj\u0105c cyfrowe dzie\u0142a sztuki w uderzaj\u0105ce aktywa fizyczne.<\/p>\n<p>Powa\u017cnie podchodzimy do zaufania i jako\u015bci. Ka\u017cda partia samoprzylepnych etykiet metalowych przed wysy\u0142k\u0105 przechodzi rygorystyczn\u0105 kontrol\u0119 wizualn\u0105 i funkcjonaln\u0105. Nasze zaanga\u017cowanie w przestrzeganie \u015bwiatowych standard\u00f3w potwierdzaj\u0105 nasze kompleksowe certyfikaty, m.in <strong>SGS, ROHS i MSDS<\/strong>. Gwarantuje to, \u017ce nasze materia\u0142y i kleje s\u0105 nietoksyczne, przyjazne dla \u015brodowiska i bezpieczne do globalnej dystrybucji na r\u00f3\u017cnych rynkach konsumenckich.<\/p>\n<p><!-- Inline CSS Beautified Knowledge Points --><\/p>\n<div style=\"background: linear-gradient(to right, #ffffff, #f1f8ff); border-left: 6px solid #0056b3; padding: 25px; margin: 30px 0; border-radius: 0 8px 8px 0; box-shadow: 0 3px 15px rgba(0,0,0,0.05);\">\n<h3 style=\"color: #0056b3; margin-top: 0; font-size: 20px; display: flex; align-items: center;\"><span style=\"margin-right: 10px; font-size: 24px;\">\ud83d\udca1<\/span> Punkt wiedzy bran\u017cowej: Dlaczego warto wybra\u0107 nikiel 100% i klej 3M?<\/h3>\n<p style=\"margin-bottom: 10px;\"><strong>The Advantage of Pure Nickel:<\/strong> In the realm of metallic badge production, 100% nickel is favored for its incredible ability to replicate microscopic design details through the electroplating process. Unlike stamped steel or cast zinc, nickel can achieve an ultra-thin profile (down to 0.045mm) with brilliantly sharp edges, allowing for independent letter designs without a connecting background.<\/p>\n<p style=\"margin-bottom: 0;\"><strong>Moc kleju 3M:<\/strong> Stosowanie autentycznego kleju 3M ma kluczowe znaczenie w zastosowaniach B2B. Znany na ca\u0142ym \u015bwiecie ze swojej lepkospr\u0119\u017cysto\u015bci, klej 3M poch\u0142ania napr\u0119\u017cenia i utrzymuje mocny chwyt przez d\u0142ugi czas. Zapobiega podnoszeniu kraw\u0119dzi metalowej naklejki, zapewniaj\u0105c, \u017ce logo marki pozostanie idealnie umiejscowione przez ca\u0142y cykl \u017cycia produktu konsumenckiego.<\/p>\n<\/div>\n<p><!-- Order Flow and Logistics --><\/p>\n<h2 style=\"color: #2c3e50; border-bottom: 2px solid #ecf0f1; padding-bottom: 10px; margin-top: 40px;\">Usprawniony proces zam\u00f3wie\u0144 i globalna logistyka<\/h2>\n<p>Rozumiemy, \u017ce w zakupach B2B czas jest krytycznym zasobem. Nasz przep\u0142yw pracy jest zoptymalizowany, aby zapewni\u0107 szybk\u0105 realizacj\u0119 bez utraty jako\u015bci. Od momentu przes\u0142ania grafiki wektorowej (preferowane formaty AI, PDF, CDR lub CAD) do ostatecznej dostawy, nasz zesp\u00f3\u0142 komunikuje si\u0119 w spos\u00f3b przejrzysty na ka\u017cdym kroku.<\/p>\n<div style=\"display: flex; flex-wrap: wrap; gap: 15px; margin: 20px 0;\">\n<div style=\"flex: 1; min-width: 200px; padding: 15px; background-color: #f8f9fa; border-radius: 6px; text-align: center;\">\n<h4 style=\"margin: 0 0 10px 0; color: #0056b3;\">1. Przyk\u0142adowy zwrot<\/h4>\n<p style=\"margin: 0; font-size: 14px; color: #555;\">1 day for existing reference samples. Fast custom sample creation in just <strong>3-5 dni<\/strong>.<\/p>\n<\/div>\n<div style=\"flex: 1; min-width: 200px; padding: 15px; background-color: #f8f9fa; border-radius: 6px; text-align: center;\">\n<h4 style=\"margin: 0 0 10px 0; color: #0056b3;\">2. Produkcja masowa<\/h4>\n<p style=\"margin: 0; font-size: 14px; color: #555;\">Elastyczne wielko\u015bci zam\u00f3wie\u0144. Czasy realizacji s\u0105 efektywnie skalowane w oparciu o ca\u0142kowit\u0105 wielko\u015b\u0107 zam\u00f3wienia.<\/p>\n<\/div>\n<div style=\"flex: 1; min-width: 200px; padding: 15px; background-color: #f8f9fa; border-radius: 6px; text-align: center;\">\n<h4 style=\"margin: 0 0 10px 0; color: #0056b3;\">3. Bezpieczne opakowanie<\/h4>\n<p style=\"margin: 0; font-size: 14px; color: #555;\">Indywidualnie zabezpieczone w workach OPP, aby zapobiec zarysowaniu podczas transportu.<\/p>\n<\/div>\n<\/div>\n<h3 style=\"color: #333; font-size: 18px;\">Flexible Payment &amp; Express Shipping<\/h3>\n<p>Aby dostosowa\u0107 si\u0119 do naszej zr\u00f3\u017cnicowanej mi\u0119dzynarodowej klienteli, oferujemy wiele bezpiecznych warunk\u00f3w p\u0142atno\u015bci, w tym <strong>T\/T (30% deposit, balance before delivery), Credit Card payment, Paypal, Bank transfer, Western union, L\/C, and Alibaba trade assurance orders<\/strong>.<\/p>\n<p>W zakresie wysy\u0142ki wsp\u00f3\u0142pracujemy ze sprawdzonymi \u015bwiatowymi przewo\u017anikami. W zale\u017cno\u015bci od pilno\u015bci i bud\u017cetu wybierz opcj\u0119 dostawy <strong>drog\u0105 morsk\u0105, lotnicz\u0105 lub za po\u015brednictwem kurier\u00f3w ekspresowych, takich jak DHL, UPS<\/strong>i inne.<\/p>\n<p><!-- Inline CSS Beautified FAQs --><\/p>\n<h2 style=\"color: #2c3e50; border-bottom: 2px solid #ecf0f1; padding-bottom: 10px; margin-top: 40px;\">Frequently Asked Questions (FAQ)<\/h2>\n<div style=\"margin-top: 20px;\">\n<div style=\"border: 1px solid #e1e4e8; border-radius: 6px; margin-bottom: 15px; overflow: hidden;\">\n<div style=\"background-color: #f8f9fa; padding: 15px 20px; font-weight: bold; color: #2c3e50; border-bottom: 1px solid #e1e4e8;\">Q: What type of artwork files do I need to provide for a custom shape nickel decal?<\/div>\n<div style=\"padding: 15px 20px; background-color: #ffffff; color: #555;\">Odp.: Aby zagwarantowa\u0107 najostrzejsze i najbardziej precyzyjne linie podczas procesu galwanizacji, wymagamy grafiki wektorowej. Prosimy o przes\u0142anie projekt\u00f3w logo w formatach AI, PDF, CDR lub CAD. Je\u015bli masz tylko rastry o wysokiej rozdzielczo\u015bci, nasz zesp\u00f3\u0142 mo\u017ce zaoferowa\u0107 wskaz\u00f3wki dotycz\u0105ce wektoryzacji.<\/div>\n<\/div>\n<div style=\"border: 1px solid #e1e4e8; border-radius: 6px; margin-bottom: 15px; overflow: hidden;\">\n<div style=\"background-color: #f8f9fa; padding: 15px 20px; font-weight: bold; color: #2c3e50; border-bottom: 1px solid #e1e4e8;\">Q: Can these custom metal logo stickers be applied to curved surfaces?<\/div>\n<div style=\"padding: 15px 20px; background-color: #ffffff; color: #555;\">A: Yes. Due to their ultra-thin profile (0.045-0.12mm), the nickel stickers possess a slight degree of flexibility. When paired with our high-quality 3M adhesive or double-sided self-adhesive backing, they can securely adhere to gently curved surfaces on electronics, appliances, or bottles.<\/div>\n<\/div>\n<div style=\"border: 1px solid #e1e4e8; border-radius: 6px; margin-bottom: 15px; overflow: hidden;\">\n<div style=\"background-color: #f8f9fa; padding: 15px 20px; font-weight: bold; color: #2c3e50; border-bottom: 1px solid #e1e4e8;\">P: Jak zapewniacie jako\u015b\u0107 naklejek przed wysy\u0142k\u0105?<\/div>\n<div style=\"padding: 15px 20px; background-color: #ffffff; color: #555;\">Odp.: Dzi\u0119ki ponad 20-letniemu do\u015bwiadczeniu utrzymujemy rygorystyczny proces kontroli jako\u015bci (QC) przed wysy\u0142k\u0105. Ka\u017cda partia jest sprawdzana wizualnie pod k\u0105tem konsystencji wyko\u0144czenia, przejrzysto\u015bci kraw\u0119dzi i integralno\u015bci kleju. Co wi\u0119cej, nasze produkty posiadaj\u0105 certyfikaty SGS, ROHS i MSDS potwierdzaj\u0105ce ich niezawodno\u015b\u0107 i zgodno\u015b\u0107 z wymogami ochrony \u015brodowiska.<\/div>\n<\/div>\n<div style=\"border: 1px solid #e1e4e8; border-radius: 6px; margin-bottom: 15px; overflow: hidden;\">\n<div style=\"background-color: #f8f9fa; padding: 15px 20px; font-weight: bold; color: #2c3e50; border-bottom: 1px solid #e1e4e8;\">P: Czy istniej\u0105 ograniczenia dotycz\u0105ce kolor\u00f3w, jakie mog\u0119 wybra\u0107 dla moich metalowych etykiet?<\/div>\n<div style=\"padding: 15px 20px; background-color: #ffffff; color: #555;\">Odp.: Oferujemy w pe\u0142ni spersonalizowane kolory pasuj\u0105ce do Twojej marki. Chocia\u017c klasyczne odcienie metaliczne, takie jak srebro, z\u0142oto, r\u00f3\u017cowe z\u0142oto i czer\u0144, s\u0105 bardzo popularne, dzi\u0119ki naszym zaawansowanym technikom produkcyjnym mo\u017cemy uzyska\u0107 szerok\u0105 gam\u0119 niestandardowych wyko\u0144cze\u0144 kolorystycznych.<\/div>\n<\/div>\n<\/div>\n<p><!-- Final Call to Action --><\/p>\n<div style=\"text-align: center; margin-top: 50px; padding: 40px 20px; background-color: #e9ecef; border-radius: 8px;\">\n<h3 style=\"color: #2c3e50; margin-top: 0;\">Ready to Upgrade Your Product Branding?<\/h3>\n<p style=\"color: #555; max-width: 600px; margin: 0 auto 25px auto;\">Prze\u015blij sw\u00f3j projekt ju\u017c dzi\u015b i pozw\u00f3l naszym specjalistom przygotowa\u0107 idealne, spersonalizowane przywieszki metalowe dla Twojej firmy. Realizujemy elastyczne zam\u00f3wienia ilo\u015bciowe dostosowane do konkretnych potrzeb projektu.<\/p>\n<p><a style=\"background-color: #0056b3; color: #ffffff; padding: 15px 35px; text-decoration: none; font-size: 18px; font-weight: bold; border-radius: 5px; display: inline-block; transition: background-color 0.3s;\" href=\"https:\/\/jttlogos.com\/pl\/skontaktuj-sie-z-nami\/\">Contact Us for a Free Quote &amp; Design Review<\/a><\/p>\n<\/div>\n<\/article>\n<p><!-- SEO Description: Elevate your brand with premium custom metal LOGO nickel stickers from JTT Precision Metal. Featuring 100% pure nickel, ultra-thin profiles, and strong 3M adhesive backing. Ideal for electronics, appliances, and automotive branding. Over 20 years of expertise with SGS and ROHS certifications. Request your custom B2B quote today! --><\/p>","protected":false},"excerpt":{"rendered":"<p>Wypromuj swoj\u0105 mark\u0119 dzi\u0119ki wysokiej jako\u015bci, niestandardowym metalowym niklowym naklejkom LOGO firmy JTT Precision Metal. Wyposa\u017cony w czysty nikiel 100%, ultracienkie profile i mocny klej 3M. Idealny do oznakowania elektroniki, sprz\u0119tu AGD i motoryzacji. Ponad 20 lat do\u015bwiadczenia poparte certyfikatami SGS i ROHS. Popro\u015b o indywidualn\u0105 wycen\u0119 B2B ju\u017c dzi\u015b!<\/p>","protected":false},"featured_media":2692,"comment_status":"open","ping_status":"closed","template":"","meta":[],"product_brand":[],"product_cat":[48],"product_tag":[],"class_list":{"0":"post-4179","1":"product","2":"type-product","3":"status-publish","4":"has-post-thumbnail","6":"product_cat-nickel-metal-sticker","8":"first","9":"instock","10":"shipping-taxable","11":"product-type-simple"},"jetpack-related-posts":[],"jetpack_sharing_enabled":true,"_links":{"self":[{"href":"https:\/\/jttlogos.com\/pl\/wp-json\/wp\/v2\/product\/4179","targetHints":{"allow":["GET"]}}],"collection":[{"href":"https:\/\/jttlogos.com\/pl\/wp-json\/wp\/v2\/product"}],"about":[{"href":"https:\/\/jttlogos.com\/pl\/wp-json\/wp\/v2\/types\/product"}],"replies":[{"embeddable":true,"href":"https:\/\/jttlogos.com\/pl\/wp-json\/wp\/v2\/comments?post=4179"}],"wp:featuredmedia":[{"embeddable":true,"href":"https:\/\/jttlogos.com\/pl\/wp-json\/wp\/v2\/media\/2692"}],"wp:attachment":[{"href":"https:\/\/jttlogos.com\/pl\/wp-json\/wp\/v2\/media?parent=4179"}],"wp:term":[{"taxonomy":"product_brand","embeddable":true,"href":"https:\/\/jttlogos.com\/pl\/wp-json\/wp\/v2\/product_brand?post=4179"},{"taxonomy":"product_cat","embeddable":true,"href":"https:\/\/jttlogos.com\/pl\/wp-json\/wp\/v2\/product_cat?post=4179"},{"taxonomy":"product_tag","embeddable":true,"href":"https:\/\/jttlogos.com\/pl\/wp-json\/wp\/v2\/product_tag?post=4179"}],"curies":[{"name":"wp","href":"https:\/\/api.w.org\/{rel}","templated":true}]}}