{"id":117,"date":"2018-03-06T10:38:48","date_gmt":"2018-03-06T10:38:48","guid":{"rendered":"https:\/\/xml-io.proteusthemes.com\/woondershop-amazon\/?page_id=117"},"modified":"2024-03-30T09:44:02","modified_gmt":"2024-03-30T09:44:02","slug":"help-faqs","status":"publish","type":"page","link":"https:\/\/jttlogos.com\/pt\/perguntas-frequentes-sobre-ajuda\/","title":{"rendered":"Ajuda e perguntas frequentes"},"content":{"rendered":"<div class=\"row\"  id=\"row-202998002\">\n\n\t<div id=\"col-1886526020\" class=\"col small-12 large-12\"  >\n\t\t\t\t<div class=\"col-inner\"  >\n\t\t\t\n\t\t\t\n<div class=\"accordion\">\n\t<div id=\"accordion-1172969602\" class=\"accordion-item\">\n\t\t<a id=\"accordion-1172969602-label\" class=\"accordion-title plain\" href=\"#accordion-item-is-your-company-a-manufacturer-or-trader?\" aria-expanded=\"false\" aria-controls=\"accordion-1172969602-content\" >\n\t\t\t<button class=\"toggle\" aria-label=\"Alternar\"><i class=\"icon-angle-down\"><\/i><\/button>\n\t\t\t<span>Sua empresa \u00e9 fabricante ou comerciante?<\/span>\n\t\t<\/a>\n\t\t<div id=\"accordion-1172969602-content\" class=\"accordion-inner\" aria-labelledby=\"accordion-1172969602-label\" >\n\t\t\t\n<p>Somos um fabricante localizado em Shenzhen, China, com mais de 14 anos de experi\u00eancia.<\/p>\n\t\t<\/div>\n\t<\/div>\n\t\n\t<div id=\"accordion-2884777824\" class=\"accordion-item\">\n\t\t<a id=\"accordion-2884777824-label\" class=\"accordion-title plain\" href=\"#accordion-item-can-i-customize-my-logo\uff1f\" aria-expanded=\"false\" aria-controls=\"accordion-2884777824-content\" >\n\t\t\t<button class=\"toggle\" aria-label=\"Alternar\"><i class=\"icon-angle-down\"><\/i><\/button>\n\t\t\t<span>Posso personalizar meu logotipo\uff1f<\/span>\n\t\t<\/a>\n\t\t<div id=\"accordion-2884777824-content\" class=\"accordion-inner\" aria-labelledby=\"accordion-2884777824-label\" >\n\t\t\t\n<p>Claro. Podemos fazer qualquer formato, cor, tamanho e acabamento superficial.<\/p>\n\t\t<\/div>\n\t<\/div>\n\t\n\t<div id=\"accordion-1754040652\" class=\"accordion-item\">\n\t\t<a id=\"accordion-1754040652-label\" class=\"accordion-title plain\" href=\"#accordion-item-how-to-place-an-order?-what-information-should-be-provided-when-ordering?\" aria-expanded=\"false\" aria-controls=\"accordion-1754040652-content\" >\n\t\t\t<button class=\"toggle\" aria-label=\"Alternar\"><i class=\"icon-angle-down\"><\/i><\/button>\n\t\t\t<span>Como fazer um pedido? Que informa\u00e7\u00f5es devem ser fornecidas no momento do pedido?<\/span>\n\t\t<\/a>\n\t\t<div id=\"accordion-1754040652-content\" class=\"accordion-inner\" aria-labelledby=\"accordion-1754040652-label\" >\n\t\t\t\n<p>Por favor, informe-nos por e-mail ou telefone: material, forma, cor, tamanho, espessura, acabamento superficial, etc. Se voc\u00ea j\u00e1 possui seu arquivo de arte (arquivo de design), envie-nos. Quantidade e informa\u00e7\u00f5es de contato.<\/p>\n\t\t<\/div>\n\t<\/div>\n\t\n\t<div id=\"accordion-3897587573\" class=\"accordion-item\">\n\t\t<a id=\"accordion-3897587573-label\" class=\"accordion-title plain\" href=\"#accordion-item-what-is-your-minimum-order-quantity(moq)?\" aria-expanded=\"false\" aria-controls=\"accordion-3897587573-content\" >\n\t\t\t<button class=\"toggle\" aria-label=\"Alternar\"><i class=\"icon-angle-down\"><\/i><\/button>\n\t\t\t<span>Qual \u00e9 a sua quantidade m\u00ednima de pedido (MOQ)?<\/span>\n\t\t<\/a>\n\t\t<div id=\"accordion-3897587573-content\" class=\"accordion-inner\" aria-labelledby=\"accordion-3897587573-label\" >\n\t\t\t\n<p>Nosso MOQ geral \u00e9 de 500 unidades, se houver pequenas quantidades, sinta-se \u00e0 vontade para <a href=\"https:\/\/jttlogos.com\/pt\/costumizacao\/\" data-abc=\"true\">Contacte-nos para uma cota\u00e7\u00e3o.<\/a><\/p>\n\t\t<\/div>\n\t<\/div>\n\t\n\t<div id=\"accordion-2484264580\" class=\"accordion-item\">\n\t\t<a id=\"accordion-2484264580-label\" class=\"accordion-title plain\" href=\"#accordion-item-what-kind-of-file-format-do-you-need?\" aria-expanded=\"false\" aria-controls=\"accordion-2484264580-content\" >\n\t\t\t<button class=\"toggle\" aria-label=\"Alternar\"><i class=\"icon-angle-down\"><\/i><\/button>\n\t\t\t<span>Que tipo de formato de arquivo voc\u00ea precisa?<\/span>\n\t\t<\/a>\n\t\t<div id=\"accordion-2484264580-content\" class=\"accordion-inner\" aria-labelledby=\"accordion-2484264580-label\" >\n\t\t\t\n<p>Precisamos de arquivo vetorial PDF, AI, CAD, CDR, etc.<\/p>\n\t\t<\/div>\n\t<\/div>\n\t\n\t<div id=\"accordion-4096528872\" class=\"accordion-item\">\n\t\t<a id=\"accordion-4096528872-label\" class=\"accordion-title plain\" href=\"#accordion-item-how-much-shipping-cost-do-i-charge?\" aria-expanded=\"false\" aria-controls=\"accordion-4096528872-content\" >\n\t\t\t<button class=\"toggle\" aria-label=\"Alternar\"><i class=\"icon-angle-down\"><\/i><\/button>\n\t\t\t<span>Quanto custo de envio eu cobro?<\/span>\n\t\t<\/a>\n\t\t<div id=\"accordion-4096528872-content\" class=\"accordion-inner\" aria-labelledby=\"accordion-4096528872-label\" >\n\t\t\t\n<p>Podemos usar DHL, UPS, TNT, FedEX, etc. Seu custo depende do seu pedido real, n\u00e3o hesite em contactar-nos para obter um or\u00e7amento.<\/p>\n\t\t<\/div>\n\t<\/div>\n\t\n\t<div id=\"accordion-1104506962\" class=\"accordion-item\">\n\t\t<a id=\"accordion-1104506962-label\" class=\"accordion-title plain\" href=\"#accordion-item-how-long-is-the-production-time?\" aria-expanded=\"false\" aria-controls=\"accordion-1104506962-content\" >\n\t\t\t<button class=\"toggle\" aria-label=\"Alternar\"><i class=\"icon-angle-down\"><\/i><\/button>\n\t\t\t<span>Quanto tempo \u00e9 o tempo de produ\u00e7\u00e3o?<\/span>\n\t\t<\/a>\n\t\t<div id=\"accordion-1104506962-content\" class=\"accordion-inner\" aria-labelledby=\"accordion-1104506962-label\" >\n\t\t\t\n<p>As amostras levam de 1 a 3 dias \u00fateis e a produ\u00e7\u00e3o em massa leva de 3 a 7 dias \u00fateis. O tempo exato depende do pedido real.<\/p>\n\t\t<\/div>\n\t<\/div>\n\t\n\t<div id=\"accordion-929566608\" class=\"accordion-item\">\n\t\t<a id=\"accordion-929566608-label\" class=\"accordion-title plain\" href=\"#accordion-item-how-do-i-pay-for-my-order?\" aria-expanded=\"false\" aria-controls=\"accordion-929566608-content\" >\n\t\t\t<button class=\"toggle\" aria-label=\"Alternar\"><i class=\"icon-angle-down\"><\/i><\/button>\n\t\t\t<span>Como fa\u00e7o para pagar meu pedido?<\/span>\n\t\t<\/a>\n\t\t<div id=\"accordion-929566608-content\" class=\"accordion-inner\" aria-labelledby=\"accordion-929566608-label\" >\n\t\t\t\n<p>Pagamento com cart\u00e3o de cr\u00e9dito, Paypal, transfer\u00eancia banc\u00e1ria, Western Union, pedido de garantia comercial Alibaba, L\/C, T\/T, etc.<\/p>\n\t\t<\/div>\n\t<\/div>\n\t\n\t<div id=\"accordion-1237070810\" class=\"accordion-item\">\n\t\t<a id=\"accordion-1237070810-label\" class=\"accordion-title plain\" href=\"#accordion-item-do-you-provide-samples?-is-it-free?\" aria-expanded=\"false\" aria-controls=\"accordion-1237070810-content\" >\n\t\t\t<button class=\"toggle\" aria-label=\"Alternar\"><i class=\"icon-angle-down\"><\/i><\/button>\n\t\t\t<span>Voc\u00ea fornece amostras? \u00c9 de gra\u00e7a?<\/span>\n\t\t<\/a>\n\t\t<div id=\"accordion-1237070810-content\" class=\"accordion-inner\" aria-labelledby=\"accordion-1237070810-label\" >\n\t\t\t\n<p>Sim, podemos fornecer amostras gr\u00e1tis que j\u00e1 fizemos antes, mas os custos de envio dever\u00e3o ser pagos por voc\u00ea.<\/p>\n\t\t<\/div>\n\t<\/div>\n\t\n\t<div id=\"accordion-2595485642\" class=\"accordion-item\">\n\t\t<a id=\"accordion-2595485642-label\" class=\"accordion-title plain\" href=\"#accordion-item-how-to-guarantee-the-quality?\" aria-expanded=\"false\" aria-controls=\"accordion-2595485642-content\" >\n\t\t\t<button class=\"toggle\" aria-label=\"Alternar\"><i class=\"icon-angle-down\"><\/i><\/button>\n\t\t\t<span>Como garantir a qualidade?<\/span>\n\t\t<\/a>\n\t\t<div id=\"accordion-2595485642-content\" class=\"accordion-inner\" aria-labelledby=\"accordion-2595485642-label\" >\n\t\t\t\n<p>Cada etapa da produ\u00e7\u00e3o e dos produtos acabados deve ser inspecionada pelo nosso departamento de controle de qualidade antes do envio.<\/p>\n\t\t<\/div>\n\t<\/div>\n\t\n<\/div>\n\t\t<\/div>\n\t\t\t\t\t<\/div>\n\n\t\n<\/div>","protected":false},"excerpt":{"rendered":"","protected":false},"author":1,"featured_media":2327,"parent":0,"menu_order":0,"comment_status":"closed","ping_status":"closed","template":"page-blank-title-center.php","meta":{"footnotes":""},"class_list":["post-117","page","type-page","status-publish","has-post-thumbnail","hentry"],"jetpack-related-posts":[],"jetpack_sharing_enabled":true,"_links":{"self":[{"href":"https:\/\/jttlogos.com\/pt\/wp-json\/wp\/v2\/pages\/117","targetHints":{"allow":["GET"]}}],"collection":[{"href":"https:\/\/jttlogos.com\/pt\/wp-json\/wp\/v2\/pages"}],"about":[{"href":"https:\/\/jttlogos.com\/pt\/wp-json\/wp\/v2\/types\/page"}],"author":[{"embeddable":true,"href":"https:\/\/jttlogos.com\/pt\/wp-json\/wp\/v2\/users\/1"}],"replies":[{"embeddable":true,"href":"https:\/\/jttlogos.com\/pt\/wp-json\/wp\/v2\/comments?post=117"}],"version-history":[{"count":0,"href":"https:\/\/jttlogos.com\/pt\/wp-json\/wp\/v2\/pages\/117\/revisions"}],"wp:featuredmedia":[{"embeddable":true,"href":"https:\/\/jttlogos.com\/pt\/wp-json\/wp\/v2\/media\/2327"}],"wp:attachment":[{"href":"https:\/\/jttlogos.com\/pt\/wp-json\/wp\/v2\/media?parent=117"}],"curies":[{"name":"wp","href":"https:\/\/api.w.org\/{rel}","templated":true}]}}