{"id":129,"date":"2018-03-06T11:06:12","date_gmt":"2018-03-06T11:06:12","guid":{"rendered":"https:\/\/xml-io.proteusthemes.com\/woondershop-amazon\/?page_id=129"},"modified":"2024-03-30T09:58:17","modified_gmt":"2024-03-30T09:58:17","slug":"returns-policy","status":"publish","type":"page","link":"https:\/\/jttlogos.com\/pt\/politica-do-retorno\/","title":{"rendered":"Pol\u00edtica do retorno"},"content":{"rendered":"<div class=\"row\"  id=\"row-3513445\">\n\n\t<div id=\"col-1318543541\" class=\"col small-12 large-12\"  >\n\t\t\t\t<div class=\"col-inner\"  >\n\t\t\t\n\t\t\t\n<p>Isso depende da estrat\u00e9gia de voc\u00ea nos devolver, desde que expresso e seguido, seu desconto ser\u00e1 atendido em at\u00e9 3 dias ap\u00f3s o recebermos de volta. Um desconto comum levar\u00e1 at\u00e9 21 dias, ou seja, 14 dias para voc\u00ea retornar e n\u00f3s lidaremos com at\u00e9 7 dias para que ele avance atrav\u00e9s da estrutura de economia de dinheiro. O desconto depender\u00e1 da estrat\u00e9gia de parcelamento que voc\u00ea utilizou ao fazer sua solicita\u00e7\u00e3o. Assim que tivermos feito a nossa parte, voc\u00ea receber\u00e1 um e-mail confirmando que est\u00e1 indo. Caso voc\u00ea tenha esperado mais de 14 dias sem nenhum e-mail nosso at\u00e9 esse momento, conecte-se indo para a guia &#039;Fale conosco&#039; nesta p\u00e1gina.<\/p>\n\t\t<\/div>\n\t\t\t\t\t<\/div>\n\n\t\n\n\t<div id=\"col-2110302924\" class=\"col small-12 large-12\"  >\n\t\t\t\t<div class=\"col-inner\"  >\n\t\t\t\n\t\t\t\n<div class=\"accordion\">\n\t<div id=\"accordion-74388080\" class=\"accordion-item\">\n\t\t<a id=\"accordion-74388080-label\" class=\"accordion-title plain\" href=\"#accordion-item-i-am-an-international-customer.-have-you-received-my-return?\" aria-expanded=\"false\" aria-controls=\"accordion-74388080-content\" >\n\t\t\t<button class=\"toggle\" aria-label=\"Alternar\"><i class=\"icon-angle-down\"><\/i><\/button>\n\t\t\t<span>Sou um cliente internacional. Voc\u00ea recebeu meu retorno?<\/span>\n\t\t<\/a>\n\t\t<div id=\"accordion-74388080-content\" class=\"accordion-inner\" aria-labelledby=\"accordion-74388080-label\" >\n\t\t\t\n<p>Entre em contato com nossa equipe antes de devolver os produtos. Assim que nosso centro de distribui\u00e7\u00e3o receber sua devolu\u00e7\u00e3o, enviaremos um e-mail para voc\u00ea. Trataremos disso dentro de 5 a 10 dias \u00fateis. Se voc\u00ea devolveu mais de um pedido no mesmo pacote, aguarde at\u00e9 24 horas para que todos os itens devolvidos sejam processados. O tempo que leva para o seu pacote chegar at\u00e9 n\u00f3s varia dependendo de onde voc\u00ea o est\u00e1 devolvendo.<\/p>\n\t\t<\/div>\n\t<\/div>\n\t\n\t<div id=\"accordion-699129896\" class=\"accordion-item\">\n\t\t<a id=\"accordion-699129896-label\" class=\"accordion-title plain\" href=\"#accordion-item-what-is-your-international-returns-policy?\" aria-expanded=\"false\" aria-controls=\"accordion-699129896-content\" >\n\t\t\t<button class=\"toggle\" aria-label=\"Alternar\"><i class=\"icon-angle-down\"><\/i><\/button>\n\t\t\t<span>Qual \u00e9 a sua Pol\u00edtica de Devolu\u00e7\u00f5es Internacionais?<\/span>\n\t\t<\/a>\n\t\t<div id=\"accordion-699129896-content\" class=\"accordion-inner\" aria-labelledby=\"accordion-699129896-label\" >\n\t\t\t\n<p>Assim que nosso centro de distribui\u00e7\u00e3o receber sua devolu\u00e7\u00e3o, enviaremos um e-mail informando que seu reembolso foi emitido. Pode levar de 5 a 10 dias \u00fateis para que os fundos apare\u00e7am em sua conta. Se voc\u00ea devolveu mais de um pedido no mesmo pacote, aguarde at\u00e9 24 horas para que todos os itens devolvidos sejam processados. O tempo que leva para o seu pacote chegar at\u00e9 n\u00f3s varia dependendo de onde voc\u00ea o est\u00e1 devolvendo.<\/p>\n\t\t<\/div>\n\t<\/div>\n\t\n\t<div id=\"accordion-524875220\" class=\"accordion-item\">\n\t\t<a id=\"accordion-524875220-label\" class=\"accordion-title plain\" href=\"#accordion-item-how-can-i-get-a-new-returns-note?\" aria-expanded=\"false\" aria-controls=\"accordion-524875220-content\" >\n\t\t\t<button class=\"toggle\" aria-label=\"Alternar\"><i class=\"icon-angle-down\"><\/i><\/button>\n\t\t\t<span>Como posso obter uma nova nota de devolu\u00e7\u00e3o?<\/span>\n\t\t<\/a>\n\t\t<div id=\"accordion-524875220-content\" class=\"accordion-inner\" aria-labelledby=\"accordion-524875220-label\" >\n\t\t\t\n<p>Assim que nosso centro de distribui\u00e7\u00e3o receber sua devolu\u00e7\u00e3o, enviaremos um e-mail informando que seu reembolso foi emitido. Pode levar de 5 a 10 dias \u00fateis para que os fundos apare\u00e7am em sua conta. Se voc\u00ea devolveu mais de um pedido no mesmo pacote, aguarde at\u00e9 24 horas para que todos os itens devolvidos sejam processados. O tempo que leva para o seu pacote chegar at\u00e9 n\u00f3s varia dependendo de onde voc\u00ea o est\u00e1 devolvendo.<\/p>\n\t\t<\/div>\n\t<\/div>\n\t\n\t<div id=\"accordion-3980804813\" class=\"accordion-item\">\n\t\t<a id=\"accordion-3980804813-label\" class=\"accordion-title plain\" href=\"#accordion-item-what-should-i-do-if-my-order-hasn&#039;t-been-delivered-yet?\" aria-expanded=\"false\" aria-controls=\"accordion-3980804813-content\" >\n\t\t\t<button class=\"toggle\" aria-label=\"Alternar\"><i class=\"icon-angle-down\"><\/i><\/button>\n\t\t\t<span>O que devo fazer se a minha encomenda ainda n\u00e3o tiver sido entregue?<\/span>\n\t\t<\/a>\n\t\t<div id=\"accordion-3980804813-content\" class=\"accordion-inner\" aria-labelledby=\"accordion-3980804813-label\" >\n\t\t\t\n<p>Assim que nosso centro de distribui\u00e7\u00e3o receber sua devolu\u00e7\u00e3o, enviaremos um e-mail informando que seu reembolso foi emitido. Pode levar de 5 a 10 dias \u00fateis para que os fundos apare\u00e7am em sua conta. Se voc\u00ea devolveu mais de um pedido no mesmo pacote, aguarde at\u00e9 24 horas para que todos os itens devolvidos sejam processados. O tempo que leva para o seu pacote chegar at\u00e9 n\u00f3s varia dependendo de onde voc\u00ea o est\u00e1 devolvendo.<\/p>\n\t\t<\/div>\n\t<\/div>\n\t\n\t<div id=\"accordion-682884699\" class=\"accordion-item\">\n\t\t<a id=\"accordion-682884699-label\" class=\"accordion-title plain\" href=\"#accordion-item-i&#039;m-an-international-customer.-how-do-i-return-something-to-you?\" aria-expanded=\"false\" aria-controls=\"accordion-682884699-content\" >\n\t\t\t<button class=\"toggle\" aria-label=\"Alternar\"><i class=\"icon-angle-down\"><\/i><\/button>\n\t\t\t<span>Sou um cliente internacional. Como fa\u00e7o para devolver algo para voc\u00ea?<\/span>\n\t\t<\/a>\n\t\t<div id=\"accordion-682884699-content\" class=\"accordion-inner\" aria-labelledby=\"accordion-682884699-label\" >\n\t\t\t\n<p>Assim que nosso centro de distribui\u00e7\u00e3o receber sua devolu\u00e7\u00e3o, enviaremos um e-mail informando que seu reembolso foi emitido. Pode levar de 5 a 10 dias \u00fateis para que os fundos apare\u00e7am em sua conta. Se voc\u00ea devolveu mais de um pedido no mesmo pacote, aguarde at\u00e9 24 horas para que todos os itens devolvidos sejam processados. O tempo que leva para o seu pacote chegar at\u00e9 n\u00f3s varia dependendo de onde voc\u00ea o est\u00e1 devolvendo.<\/p>\n\t\t<\/div>\n\t<\/div>\n\t\n<\/div>\n\t\t<\/div>\n\t\t\t\t\t<\/div>\n\n\t\n<\/div>","protected":false},"excerpt":{"rendered":"","protected":false},"author":1,"featured_media":0,"parent":0,"menu_order":0,"comment_status":"closed","ping_status":"closed","template":"page-blank-title-center.php","meta":{"footnotes":""},"class_list":["post-129","page","type-page","status-publish","hentry"],"jetpack-related-posts":[],"jetpack_sharing_enabled":true,"_links":{"self":[{"href":"https:\/\/jttlogos.com\/pt\/wp-json\/wp\/v2\/pages\/129","targetHints":{"allow":["GET"]}}],"collection":[{"href":"https:\/\/jttlogos.com\/pt\/wp-json\/wp\/v2\/pages"}],"about":[{"href":"https:\/\/jttlogos.com\/pt\/wp-json\/wp\/v2\/types\/page"}],"author":[{"embeddable":true,"href":"https:\/\/jttlogos.com\/pt\/wp-json\/wp\/v2\/users\/1"}],"replies":[{"embeddable":true,"href":"https:\/\/jttlogos.com\/pt\/wp-json\/wp\/v2\/comments?post=129"}],"version-history":[{"count":0,"href":"https:\/\/jttlogos.com\/pt\/wp-json\/wp\/v2\/pages\/129\/revisions"}],"wp:attachment":[{"href":"https:\/\/jttlogos.com\/pt\/wp-json\/wp\/v2\/media?parent=129"}],"curies":[{"name":"wp","href":"https:\/\/api.w.org\/{rel}","templated":true}]}}