{"id":1888,"date":"2020-05-01T13:50:52","date_gmt":"2020-05-01T13:50:52","guid":{"rendered":"https:\/\/jttlogos.com\/?page_id=1888"},"modified":"2024-03-30T09:59:59","modified_gmt":"2024-03-30T09:59:59","slug":"terms-of-use","status":"publish","type":"page","link":"https:\/\/jttlogos.com\/pt\/termos-de-uso\/","title":{"rendered":"Termos de uso"},"content":{"rendered":"<div id=\"pl-1888\" class=\"panel-layout\">\n<div id=\"pg-1888-0\" class=\"panel-grid panel-no-style\">\n<div id=\"pgc-1888-0-0\" class=\"panel-grid-cell\" data-weight=\"1\">\n<div id=\"panel-1888-0-0-0\" class=\"so-panel widget widget_sow-editor panel-first-child panel-last-child\" data-index=\"0\" data-style=\"{&quot;background_image_attachment&quot;:false,&quot;background_display&quot;:&quot;tile&quot;}\">\n<div class=\"so-widget-sow-editor so-widget-sow-editor-base\">\n<div class=\"siteorigin-widget-tinymce textwidget\">\n<p>A JTT oferece este site, incluindo todas as informa\u00e7\u00f5es, ferramentas e servi\u00e7os dispon\u00edveis neste site para voc\u00ea, o usu\u00e1rio, condicionado \u00e0 sua aceita\u00e7\u00e3o de todos os termos, condi\u00e7\u00f5es, pol\u00edticas e avisos aqui declarados. Ao visitar nosso site e\/ou comprar algo de n\u00f3s, voc\u00ea se envolve em nosso \u201cServi\u00e7o\u201d e concorda em ficar vinculado aos seguintes termos e condi\u00e7\u00f5es (\u201cTermos de Servi\u00e7o\u201d, \u201cTermos\u201d), incluindo os termos e condi\u00e7\u00f5es adicionais e pol\u00edticas aqui referenciado e\/ou dispon\u00edvel por hiperlink. Estes Termos de Servi\u00e7o se aplicam a todos os usu\u00e1rios do site, incluindo, sem limita\u00e7\u00e3o, usu\u00e1rios que s\u00e3o navegadores, fornecedores, clientes, comerciantes e\/ou colaboradores de conte\u00fado. Por favor, leia estes Termos de Servi\u00e7o com aten\u00e7\u00e3o antes de acessar ou usar nosso site.<\/p>\n<p>Ao acessar ou usar qualquer parte do site, voc\u00ea concorda em obedecer a estes Termos de Servi\u00e7o. Se voc\u00ea n\u00e3o concordar com todos os termos e condi\u00e7\u00f5es deste acordo, voc\u00ea n\u00e3o poder\u00e1 acessar o site ou utilizar quaisquer servi\u00e7os. Se estes Termos de Servi\u00e7o forem considerados uma oferta, a aceita\u00e7\u00e3o ser\u00e1 expressamente limitada a estes Termos de Servi\u00e7o. Quaisquer novos recursos ou ferramentas adicionados \u00e0 loja atual tamb\u00e9m estar\u00e3o sujeitos aos Termos de Servi\u00e7o. Voc\u00ea pode revisar a vers\u00e3o mais atual dos Termos de Servi\u00e7o a qualquer momento nesta p\u00e1gina. Reservamo-nos o direito de atualizar, alterar ou substituir qualquer parte destes Termos de Servi\u00e7o publicando atualiza\u00e7\u00f5es e\/ou altera\u00e7\u00f5es em nosso site. \u00c9 sua responsabilidade verificar esta p\u00e1gina periodicamente em busca de altera\u00e7\u00f5es. Seu uso continuado ou acesso ao site ap\u00f3s a publica\u00e7\u00e3o de quaisquer altera\u00e7\u00f5es constitui aceita\u00e7\u00e3o dessas altera\u00e7\u00f5es.<\/p>\n<p>SE\u00c7\u00c3O 1 \u2013 TERMOS DA LOJA ONLINE Ao concordar com estes Termos de Servi\u00e7o, voc\u00ea declara que tem pelo menos a maioridade em seu estado ou prov\u00edncia de resid\u00eancia, ou que tem a maioridade em seu estado ou prov\u00edncia de resid\u00eancia e voc\u00ea nos deu seu consentimento para permitir que qualquer um de seus dependentes menores usasse este site. Voc\u00ea n\u00e3o pode usar nossos produtos para qualquer finalidade ilegal ou n\u00e3o autorizada nem pode, ao usar o Servi\u00e7o, violar quaisquer leis em sua jurisdi\u00e7\u00e3o (incluindo, entre outras, leis de direitos autorais). Voc\u00ea n\u00e3o deve transmitir worms ou v\u00edrus ou qualquer c\u00f3digo de natureza destrutiva. Uma viola\u00e7\u00e3o ou viola\u00e7\u00e3o de qualquer um dos Termos resultar\u00e1 na rescis\u00e3o imediata dos seus Servi\u00e7os.<\/p>\n<p>SE\u00c7\u00c3O 2 \u2013 CONDI\u00c7\u00d5ES GERAIS Reservamo-nos o direito de recusar servi\u00e7o a qualquer pessoa, por qualquer motivo e a qualquer momento. Voc\u00ea entende que seu conte\u00fado (sem incluir informa\u00e7\u00f5es de cart\u00e3o de cr\u00e9dito) pode ser transferido sem criptografia e envolver (a) transmiss\u00f5es por diversas redes; e (b) altera\u00e7\u00f5es para conformidade e adapta\u00e7\u00e3o aos requisitos t\u00e9cnicos de conex\u00e3o de redes ou dispositivos. As informa\u00e7\u00f5es do cart\u00e3o de cr\u00e9dito s\u00e3o sempre criptografadas durante a transfer\u00eancia pelas redes. Voc\u00ea concorda em n\u00e3o reproduzir, duplicar, copiar, vender, revender ou explorar qualquer parte do Servi\u00e7o, uso do Servi\u00e7o ou acesso ao Servi\u00e7o ou qualquer contato no site atrav\u00e9s do qual o servi\u00e7o \u00e9 fornecido, sem permiss\u00e3o expressa por escrito da nossa parte. . Os t\u00edtulos utilizados neste acordo s\u00e3o inclu\u00eddos apenas por conveni\u00eancia e n\u00e3o limitar\u00e3o ou afetar\u00e3o estes Termos.<\/p>\n<p>SE\u00c7\u00c3O 3 \u2013 PRECIS\u00c3O, INTEGRIDADE E ATUALIDADE DAS INFORMA\u00c7\u00d5ES N\u00e3o nos responsabilizamos se as informa\u00e7\u00f5es disponibilizadas neste site n\u00e3o forem precisas, completas ou atuais. O material deste site \u00e9 fornecido apenas para informa\u00e7\u00e3o geral e n\u00e3o deve ser considerado ou usado como \u00fanica base para a tomada de decis\u00f5es sem consultar fontes de informa\u00e7\u00e3o prim\u00e1rias, mais precisas, mais completas ou mais oportunas. Qualquer confian\u00e7a no material deste site \u00e9 por sua conta e risco. Este site pode conter certas informa\u00e7\u00f5es hist\u00f3ricas. As informa\u00e7\u00f5es hist\u00f3ricas, necessariamente, n\u00e3o s\u00e3o atuais e s\u00e3o fornecidas apenas para sua refer\u00eancia. Reservamo-nos o direito de modificar o conte\u00fado deste site a qualquer momento, mas n\u00e3o temos obriga\u00e7\u00e3o de atualizar qualquer informa\u00e7\u00e3o no nosso site. Voc\u00ea concorda que \u00e9 sua responsabilidade monitorar as altera\u00e7\u00f5es em nosso site.<\/p>\n<p>SE\u00c7\u00c3O 4 \u2013 MODIFICA\u00c7\u00d5ES NO SERVI\u00c7O E PRE\u00c7OS Os pre\u00e7os dos nossos produtos est\u00e3o sujeitos a altera\u00e7\u00f5es sem aviso pr\u00e9vio. Reservamo-nos o direito de, a qualquer momento, modificar ou descontinuar o Servi\u00e7o (ou qualquer parte ou conte\u00fado dele) sem aviso pr\u00e9vio. N\u00e3o seremos respons\u00e1veis perante voc\u00ea ou terceiros por qualquer modifica\u00e7\u00e3o, altera\u00e7\u00e3o de pre\u00e7o, suspens\u00e3o ou descontinua\u00e7\u00e3o do Servi\u00e7o.<\/p>\n<p>SE\u00c7\u00c3O 5 \u2013 PRODUTOS OU SERVI\u00c7OS (se aplic\u00e1vel) Certos produtos ou servi\u00e7os podem estar dispon\u00edveis exclusivamente online atrav\u00e9s do site. Estes produtos ou servi\u00e7os podem ter quantidades limitadas e est\u00e3o sujeitos a devolu\u00e7\u00e3o ou troca apenas de acordo com a nossa Pol\u00edtica de Devolu\u00e7\u00e3o. Fizemos todos os esfor\u00e7os para exibir com a maior precis\u00e3o poss\u00edvel as cores e imagens dos nossos produtos que aparecem na loja. N\u00e3o podemos garantir que a exibi\u00e7\u00e3o de qualquer cor no monitor do seu computador ser\u00e1 precisa. Reservamo-nos o direito, mas n\u00e3o somos obrigados, a limitar as vendas dos nossos produtos ou servi\u00e7os a qualquer pessoa, regi\u00e3o geogr\u00e1fica ou jurisdi\u00e7\u00e3o. Podemos exercer esse direito caso a caso. Reservamo-nos o direito de limitar as quantidades de quaisquer produtos ou servi\u00e7os que oferecemos. Todas as descri\u00e7\u00f5es de produtos ou pre\u00e7os de produtos est\u00e3o sujeitos a altera\u00e7\u00f5es a qualquer momento sem aviso pr\u00e9vio, a nosso exclusivo crit\u00e9rio. Reservamo-nos o direito de descontinuar qualquer produto a qualquer momento. Qualquer oferta de qualquer produto ou servi\u00e7o feita neste site ser\u00e1 nula onde for proibida. N\u00e3o garantimos que a qualidade de quaisquer produtos, servi\u00e7os, informa\u00e7\u00f5es ou outros materiais adquiridos ou obtidos por voc\u00ea atender\u00e1 \u00e0s suas expectativas, ou que quaisquer erros no Servi\u00e7o ser\u00e3o corrigidos.<\/p>\n<p>SE\u00c7\u00c3O 6 \u2013 PRECIS\u00c3O DAS INFORMA\u00c7\u00d5ES DE FATURAMENTO E DA CONTA Reservamo-nos o direito de recusar qualquer pedido que voc\u00ea fizer conosco. Podemos, a nosso exclusivo crit\u00e9rio, limitar ou cancelar quantidades compradas por pessoa, por fam\u00edlia ou por pedido. Essas restri\u00e7\u00f5es podem incluir pedidos feitos pela mesma conta de cliente ou sob a mesma conta de cliente, o mesmo cart\u00e3o de cr\u00e9dito e\/ou pedidos que usam o mesmo endere\u00e7o de cobran\u00e7a e\/ou entrega. Caso fa\u00e7amos uma altera\u00e7\u00e3o ou cancelemos um pedido, poderemos tentar notific\u00e1-lo entrando em contato com o e-mail e\/ou endere\u00e7o\/n\u00famero de telefone de cobran\u00e7a fornecido no momento em que o pedido foi feito. Reservamo-nos o direito de limitar ou proibir pedidos que, a nosso exclusivo crit\u00e9rio, pare\u00e7am ter sido feitos por revendedores, revendedores ou distribuidores. Voc\u00ea concorda em fornecer informa\u00e7\u00f5es de compra e conta atuais, completas e precisas para todas as compras feitas em nossa loja. Voc\u00ea concorda em atualizar imediatamente sua conta e outras informa\u00e7\u00f5es, incluindo seu endere\u00e7o de e-mail, n\u00fameros de cart\u00e3o de cr\u00e9dito e datas de vencimento, para que possamos concluir suas transa\u00e7\u00f5es e contat\u00e1-lo conforme necess\u00e1rio. Para obter mais detalhes, consulte nossa Pol\u00edtica de Devolu\u00e7\u00f5es.<\/p>\n<p>SE\u00c7\u00c3O 7 \u2013 FERRAMENTAS OPCIONAIS Poderemos fornecer a voc\u00ea acesso a ferramentas de terceiros sobre as quais n\u00e3o monitoramos nem temos qualquer controle ou contribui\u00e7\u00e3o. Voc\u00ea reconhece e concorda que fornecemos acesso a essas ferramentas \u201ccomo est\u00e3o\u201d e \u201cconforme dispon\u00edveis\u201d sem quaisquer garantias, representa\u00e7\u00f5es ou condi\u00e7\u00f5es de qualquer tipo e sem qualquer endosso. N\u00e3o teremos qualquer responsabilidade decorrente ou relacionada ao uso de ferramentas opcionais de terceiros. Qualquer uso por voc\u00ea de ferramentas opcionais oferecidas atrav\u00e9s do site \u00e9 inteiramente por sua conta e risco e voc\u00ea deve garantir que est\u00e1 familiarizado e aprova os termos em que as ferramentas s\u00e3o fornecidas pelo(s) fornecedor(es) terceirizado(s) relevante(s). Tamb\u00e9m poderemos, no futuro, oferecer novos servi\u00e7os e\/ou recursos atrav\u00e9s do site (incluindo o lan\u00e7amento de novas ferramentas e recursos). Esses novos recursos e\/ou servi\u00e7os tamb\u00e9m estar\u00e3o sujeitos a estes Termos de Servi\u00e7o.<\/p>\n<p>SE\u00c7\u00c3O 8 \u2013 LINKS DE TERCEIROS Certos conte\u00fados, produtos e servi\u00e7os dispon\u00edveis atrav\u00e9s do nosso Servi\u00e7o podem incluir materiais de terceiros. Os links de terceiros neste site podem direcion\u00e1-lo para sites de terceiros que n\u00e3o s\u00e3o afiliados a n\u00f3s. N\u00e3o somos respons\u00e1veis por examinar ou avaliar o conte\u00fado ou a exatid\u00e3o e n\u00e3o garantimos e n\u00e3o teremos qualquer obriga\u00e7\u00e3o ou responsabilidade por quaisquer materiais ou sites de terceiros, ou por quaisquer outros materiais, produtos ou servi\u00e7os de terceiros. N\u00e3o somos respons\u00e1veis por quaisquer preju\u00edzos ou danos relacionados \u00e0 compra ou uso de bens, servi\u00e7os, recursos, conte\u00fado ou quaisquer outras transa\u00e7\u00f5es feitas em conex\u00e3o com sites de terceiros. Revise cuidadosamente as pol\u00edticas e pr\u00e1ticas de terceiros e certifique-se de entend\u00ea-las antes de iniciar qualquer transa\u00e7\u00e3o. Reclama\u00e7\u00f5es, reclama\u00e7\u00f5es, preocupa\u00e7\u00f5es ou perguntas relativas a produtos de terceiros devem ser direcionadas a terceiros.<\/p>\n<p>SE\u00c7\u00c3O 9 \u2013 COMENT\u00c1RIOS, FEEDBACK E OUTRAS ENVIOS DO USU\u00c1RIO Se, a nosso pedido, voc\u00ea enviar certos envios espec\u00edficos (por exemplo, inscri\u00e7\u00f5es em concursos) ou sem nossa solicita\u00e7\u00e3o, voc\u00ea enviar\u00e1 ideias criativas, sugest\u00f5es, propostas, planos ou outros materiais, seja on-line , por e-mail, por correio ou de outra forma (coletivamente, &#039;coment\u00e1rios&#039;), voc\u00ea concorda que podemos, a qualquer momento, sem restri\u00e7\u00f5es, editar, copiar, publicar, distribuir, traduzir e de outra forma usar em qualquer meio quaisquer coment\u00e1rios que voc\u00ea encaminhe para n\u00f3s. N\u00e3o temos e n\u00e3o teremos nenhuma obriga\u00e7\u00e3o (1) de manter quaisquer coment\u00e1rios confidenciais; (2) pagar compensa\u00e7\u00e3o por quaisquer coment\u00e1rios; ou (3) para responder a quaisquer coment\u00e1rios. Podemos, mas n\u00e3o temos obriga\u00e7\u00e3o de, monitorar, editar ou remover conte\u00fado que determinamos a nosso exclusivo crit\u00e9rio ser ilegal, ofensivo, amea\u00e7ador, calunioso, difamat\u00f3rio, pornogr\u00e1fico, obsceno ou de outra forma censur\u00e1vel ou que viole a propriedade intelectual de qualquer parte ou estes Termos de Servi\u00e7o . Voc\u00ea concorda que seus coment\u00e1rios n\u00e3o violar\u00e3o nenhum direito de terceiros, incluindo direitos autorais, marca registrada, privacidade, personalidade ou outro direito pessoal ou de propriedade. Voc\u00ea tamb\u00e9m concorda que seus coment\u00e1rios n\u00e3o conter\u00e3o material difamat\u00f3rio ou de outra forma ilegal, abusivo ou obsceno, nem conter\u00e3o qualquer v\u00edrus de computador ou outro malware que possa de alguma forma afetar a opera\u00e7\u00e3o do Servi\u00e7o ou de qualquer site relacionado. Voc\u00ea n\u00e3o pode usar um endere\u00e7o de e-mail falso, fingir ser algu\u00e9m que n\u00e3o seja voc\u00ea mesmo ou de outra forma enganar a n\u00f3s ou a terceiros quanto \u00e0 origem de quaisquer coment\u00e1rios. Voc\u00ea \u00e9 o \u00fanico respons\u00e1vel por quaisquer coment\u00e1rios que fizer e por sua veracidade. N\u00e3o assumimos qualquer responsabilidade por quaisquer coment\u00e1rios postados por voc\u00ea ou por terceiros.<\/p>\n<p>SE\u00c7\u00c3O 10 \u2013 INFORMA\u00c7\u00d5ES PESSOAIS O envio de informa\u00e7\u00f5es pessoais atrav\u00e9s da loja \u00e9 regido por nossa Pol\u00edtica de Privacidade.<\/p>\n<p>SE\u00c7\u00c3O 11 \u2013 ERROS, IMPRECIS\u00d5ES E OMISS\u00d5ES Ocasionalmente, pode haver informa\u00e7\u00f5es em nosso site ou no Servi\u00e7o que contenham erros tipogr\u00e1ficos, imprecis\u00f5es ou omiss\u00f5es que possam estar relacionadas a descri\u00e7\u00f5es de produtos, pre\u00e7os, promo\u00e7\u00f5es, ofertas, despesas de envio de produtos, tempos de tr\u00e2nsito e disponibilidade. Reservamo-nos o direito de corrigir quaisquer erros, imprecis\u00f5es ou omiss\u00f5es e de alterar ou atualizar informa\u00e7\u00f5es ou cancelar pedidos se qualquer informa\u00e7\u00e3o no Servi\u00e7o ou em qualquer site relacionado for imprecisa, a qualquer momento, sem aviso pr\u00e9vio (inclusive depois de voc\u00ea ter enviado seu pedido). . N\u00e3o assumimos nenhuma obriga\u00e7\u00e3o de atualizar, alterar ou esclarecer informa\u00e7\u00f5es no Servi\u00e7o ou em qualquer site relacionado, incluindo, sem limita\u00e7\u00e3o, informa\u00e7\u00f5es sobre pre\u00e7os, exceto conforme exigido por lei. Nenhuma atualiza\u00e7\u00e3o especificada ou data de atualiza\u00e7\u00e3o aplicada no Servi\u00e7o ou em qualquer site relacionado deve ser considerada como indica\u00e7\u00e3o de que todas as informa\u00e7\u00f5es no Servi\u00e7o ou em qualquer site relacionado foram modificadas ou atualizadas.<\/p>\n<p>SE\u00c7\u00c3O 12 \u2013 USOS PROIBIDOS Al\u00e9m de outras proibi\u00e7\u00f5es estabelecidas nos Termos de Servi\u00e7o, voc\u00ea est\u00e1 proibido de usar o site ou seu conte\u00fado: (a) para qualquer finalidade ilegal; (b) solicitar que outros pratiquem ou participem de quaisquer atos il\u00edcitos; (c) violar quaisquer regulamentos, regras, leis ou decretos locais internacionais, federais, provinciais ou estaduais; (d) infringir ou violar nossos direitos de propriedade intelectual ou os direitos de propriedade intelectual de terceiros; (e) assediar, abusar, insultar, prejudicar, difamar, caluniar, menosprezar, intimidar ou discriminar com base em g\u00eanero, orienta\u00e7\u00e3o sexual, religi\u00e3o, etnia, ra\u00e7a, idade, origem nacional ou defici\u00eancia; (f) apresentar informa\u00e7\u00f5es falsas ou enganosas; (g) fazer upload ou transmitir v\u00edrus ou qualquer outro tipo de c\u00f3digo malicioso que ser\u00e1 ou poder\u00e1 ser usado de qualquer forma que afetar\u00e1 a funcionalidade ou opera\u00e7\u00e3o do Servi\u00e7o ou de qualquer site relacionado, outros sites ou da Internet; (h) coletar ou rastrear informa\u00e7\u00f5es pessoais de terceiros; (i) para spam, phishing, pharm, pretext, spider, crawl ou scrape; (j) para qualquer prop\u00f3sito obsceno ou imoral; ou (k) interferir ou contornar os recursos de seguran\u00e7a do Servi\u00e7o ou de qualquer site relacionado, de outros sites ou da Internet. Reservamo-nos o direito de encerrar o uso do Servi\u00e7o ou de qualquer site relacionado por violar qualquer um dos usos proibidos.<\/p>\n<p>SE\u00c7\u00c3O 13 \u2013 ISEN\u00c7\u00c3O DE GARANTIAS; LIMITA\u00c7\u00c3O DE RESPONSABILIDADE N\u00e3o garantimos, representamos ou garantimos que o uso do nosso servi\u00e7o ser\u00e1 ininterrupto, oportuno, seguro ou livre de erros. N\u00e3o garantimos que os resultados que possam ser obtidos com a utiliza\u00e7\u00e3o do servi\u00e7o sejam precisos ou confi\u00e1veis. Voc\u00ea concorda que, de tempos em tempos, poderemos remover o servi\u00e7o por per\u00edodos indefinidos ou cancel\u00e1-lo a qualquer momento, sem aviso pr\u00e9vio. Voc\u00ea concorda expressamente que o uso ou a incapacidade de usar o servi\u00e7o \u00e9 por sua conta e risco. O servi\u00e7o e todos os produtos e servi\u00e7os entregues a voc\u00ea por meio do servi\u00e7o s\u00e3o (exceto conforme expressamente declarado por n\u00f3s) fornecidos &#039;como est\u00e3o&#039; e &#039;conforme dispon\u00edveis&#039; para seu uso, sem qualquer representa\u00e7\u00e3o, garantia ou condi\u00e7\u00e3o de qualquer tipo, seja expressa ou impl\u00edcitas, incluindo todas as garantias ou condi\u00e7\u00f5es impl\u00edcitas de comercializa\u00e7\u00e3o, qualidade comercial, adequa\u00e7\u00e3o a uma finalidade espec\u00edfica, durabilidade, t\u00edtulo e n\u00e3o viola\u00e7\u00e3o. Em nenhum caso nossos diretores, executivos, funcion\u00e1rios, afiliados, agentes, contratados, estagi\u00e1rios, fornecedores, prestadores de servi\u00e7os ou licenciadores ser\u00e3o respons\u00e1veis por qualquer les\u00e3o, perda, reclama\u00e7\u00e3o ou quaisquer danos diretos, indiretos, incidentais, punitivos, especiais ou consequenciais de qualquer tipo, incluindo, sem limita\u00e7\u00e3o, lucros cessantes, perda de receitas, perda de poupan\u00e7as, perda de dados, custos de substitui\u00e7\u00e3o ou quaisquer danos semelhantes, sejam eles baseados em contrato, ato il\u00edcito (incluindo neglig\u00eancia), responsabilidade objetiva ou de outra forma, decorrentes do uso de qualquer do servi\u00e7o ou quaisquer produtos adquiridos usando o servi\u00e7o, ou por qualquer outra reclama\u00e7\u00e3o relacionada de alguma forma ao seu uso do servi\u00e7o ou de qualquer produto, incluindo, mas n\u00e3o limitado a, quaisquer erros ou omiss\u00f5es em qualquer conte\u00fado, ou qualquer perda ou dano de qualquer tipo, incorridos como resultado do uso do servi\u00e7o ou de qualquer conte\u00fado (ou produto) publicado, transmitido ou de outra forma disponibilizado atrav\u00e9s do servi\u00e7o, mesmo que avisados de sua possibilidade. Como alguns estados ou jurisdi\u00e7\u00f5es n\u00e3o permitem a exclus\u00e3o ou a limita\u00e7\u00e3o de responsabilidade por danos consequenciais ou incidentais, nesses estados ou jurisdi\u00e7\u00f5es, a nossa responsabilidade ser\u00e1 limitada \u00e0 extens\u00e3o m\u00e1xima permitida por lei.<\/p>\n<p>SE\u00c7\u00c3O 14 \u2013 INDENIZA\u00c7\u00c3O Voc\u00ea concorda em indenizar, defender e isentar nossa controladora, subsidi\u00e1rias, afiliadas, parceiros, executivos, diretores, agentes, contratados, licenciadores, prestadores de servi\u00e7os, subcontratados, fornecedores, estagi\u00e1rios e funcion\u00e1rios, isentos de qualquer reclama\u00e7\u00e3o ou demanda , incluindo honor\u00e1rios advocat\u00edcios razo\u00e1veis, cobrados por terceiros devido ou decorrentes da viola\u00e7\u00e3o destes Termos de servi\u00e7o ou dos documentos que eles incorporam por refer\u00eancia, ou da viola\u00e7\u00e3o de qualquer lei ou dos direitos de terceiros.<\/p>\n<p>SE\u00c7\u00c3O 15 \u2013 SEPARABILIDADE No caso de qualquer disposi\u00e7\u00e3o destes Termos de Servi\u00e7o ser considerada ilegal, nula ou inexequ\u00edvel, tal disposi\u00e7\u00e3o ser\u00e1, no entanto, exequ\u00edvel em toda a extens\u00e3o permitida pela lei aplic\u00e1vel, e a parte inexequ\u00edvel ser\u00e1 considerada separada. destes Termos de Servi\u00e7o, tal determina\u00e7\u00e3o n\u00e3o afetar\u00e1 a validade e aplicabilidade de quaisquer outras disposi\u00e7\u00f5es restantes.<\/p>\n<p>SE\u00c7\u00c3O 16 \u2013 RESCIS\u00c3O As obriga\u00e7\u00f5es e responsabilidades das partes incorridas antes da data de rescis\u00e3o sobreviver\u00e3o \u00e0 rescis\u00e3o deste contrato para todos os efeitos. Estes Termos de Servi\u00e7o entrar\u00e3o em vigor a menos e at\u00e9 que sejam rescindidos por voc\u00ea ou por n\u00f3s. Voc\u00ea pode rescindir estes Termos de Servi\u00e7o a qualquer momento, notificando-nos que n\u00e3o deseja mais usar nossos Servi\u00e7os ou quando deixar de usar nosso site. Se, a nosso exclusivo crit\u00e9rio, voc\u00ea falhar, ou suspeitarmos que voc\u00ea falhou, em cumprir qualquer termo ou disposi\u00e7\u00e3o destes Termos de Servi\u00e7o, tamb\u00e9m poderemos rescindir este contrato a qualquer momento sem aviso pr\u00e9vio e voc\u00ea permanecer\u00e1 respons\u00e1vel por todos os valores devidos. at\u00e9 e incluindo a data de rescis\u00e3o; e\/ou, consequentemente, pode negar-lhe acesso aos nossos Servi\u00e7os (ou qualquer parte deles).<\/p>\n<p>SE\u00c7\u00c3O 17 \u2013 ACORDO INTEGRAL A falha de nossa parte em exercer ou fazer cumprir qualquer direito ou disposi\u00e7\u00e3o destes Termos de Servi\u00e7o n\u00e3o constituir\u00e1 uma ren\u00fancia de tal direito ou disposi\u00e7\u00e3o. Estes Termos de Servi\u00e7o e quaisquer pol\u00edticas ou regras operacionais publicadas por n\u00f3s neste site ou em rela\u00e7\u00e3o ao Servi\u00e7o constituem todo o acordo e entendimento entre voc\u00ea e n\u00f3s e regem seu uso do Servi\u00e7o, substituindo quaisquer acordos, comunica\u00e7\u00f5es e propostas anteriores ou contempor\u00e2neos. , oralmente ou por escrito, entre voc\u00ea e n\u00f3s (incluindo, entre outros, quaisquer vers\u00f5es anteriores dos Termos de Servi\u00e7o). Quaisquer ambig\u00fcidades na interpreta\u00e7\u00e3o destes Termos de Servi\u00e7o n\u00e3o ser\u00e3o interpretadas contra a parte redatora.<\/p>\n<p>SE\u00c7\u00c3O 18 \u2013 LEI APLIC\u00c1VEL Estes Termos de Servi\u00e7o e quaisquer acordos separados pelos quais lhe fornecemos Servi\u00e7os ser\u00e3o regidos e interpretados de acordo com as leis.<\/p>\n<p>SE\u00c7\u00c3O 19 \u2013 ALTERA\u00c7\u00d5ES NOS TERMOS DE SERVI\u00c7O Voc\u00ea pode revisar a vers\u00e3o mais atual dos Termos de Servi\u00e7o a qualquer momento nesta p\u00e1gina. Reservamo-nos o direito, a nosso exclusivo crit\u00e9rio, de atualizar, alterar ou substituir qualquer parte destes Termos de Servi\u00e7o, publicando atualiza\u00e7\u00f5es e altera\u00e7\u00f5es em nosso site. \u00c9 sua responsabilidade verificar periodicamente nosso site em busca de altera\u00e7\u00f5es. Seu uso cont\u00ednuo ou acesso ao nosso site ou ao Servi\u00e7o ap\u00f3s a publica\u00e7\u00e3o de quaisquer altera\u00e7\u00f5es nestes Termos de Servi\u00e7o constitui aceita\u00e7\u00e3o dessas altera\u00e7\u00f5es.<\/p>\n<p>SE\u00c7\u00c3O 20 \u2013 POL\u00cdTICA DE PAGAMENTO Nosso pagamento via PayPal segue a pol\u00edtica de pagamento do PayPal. Voc\u00ea pode verificar mais informa\u00e7\u00f5es sobre o pagamento paypal em seu site oficial. Nosso pagamento com cart\u00e3o de cr\u00e9dito segue a pol\u00edtica de pagamento da glocash. Voc\u00ea pode verificar mais informa\u00e7\u00f5es sobre pagamento com cart\u00e3o de cr\u00e9dito em seu site oficial.<\/p>\n<\/div>\n<\/div>\n<\/div>\n<\/div>\n<\/div>\n<\/div>","protected":false},"excerpt":{"rendered":"<p>A JTT oferece este site, incluindo todas as informa\u00e7\u00f5es, ferramentas e servi\u00e7os dispon\u00edveis neste site para voc\u00ea, o usu\u00e1rio, condicionado \u00e0 sua aceita\u00e7\u00e3o de todos os termos, condi\u00e7\u00f5es, pol\u00edticas e avisos aqui declarados. Ao visitar nosso site e\/ou comprar algo de n\u00f3s, voc\u00ea contrata nosso \u201cServi\u00e7o\u201d e concorda em obedecer aos seguintes termos [...]","protected":false},"author":1,"featured_media":0,"parent":0,"menu_order":0,"comment_status":"closed","ping_status":"closed","template":"page-blank-title-center.php","meta":{"footnotes":""},"class_list":["post-1888","page","type-page","status-publish","hentry"],"jetpack-related-posts":[],"jetpack_sharing_enabled":true,"_links":{"self":[{"href":"https:\/\/jttlogos.com\/pt\/wp-json\/wp\/v2\/pages\/1888","targetHints":{"allow":["GET"]}}],"collection":[{"href":"https:\/\/jttlogos.com\/pt\/wp-json\/wp\/v2\/pages"}],"about":[{"href":"https:\/\/jttlogos.com\/pt\/wp-json\/wp\/v2\/types\/page"}],"author":[{"embeddable":true,"href":"https:\/\/jttlogos.com\/pt\/wp-json\/wp\/v2\/users\/1"}],"replies":[{"embeddable":true,"href":"https:\/\/jttlogos.com\/pt\/wp-json\/wp\/v2\/comments?post=1888"}],"version-history":[{"count":0,"href":"https:\/\/jttlogos.com\/pt\/wp-json\/wp\/v2\/pages\/1888\/revisions"}],"wp:attachment":[{"href":"https:\/\/jttlogos.com\/pt\/wp-json\/wp\/v2\/media?parent=1888"}],"curies":[{"name":"wp","href":"https:\/\/api.w.org\/{rel}","templated":true}]}}