{"id":1892,"date":"2020-05-01T13:54:14","date_gmt":"2020-05-01T13:54:14","guid":{"rendered":"https:\/\/jttlogos.com\/?page_id=1892"},"modified":"2024-03-30T09:50:23","modified_gmt":"2024-03-30T09:50:23","slug":"about-payment-custom-metal-logo-stickers","status":"publish","type":"page","link":"https:\/\/jttlogos.com\/pt\/sobre-pagamento-adesivos-personalizados-com-logotipo-de-metal\/","title":{"rendered":"Sobre o pagamento"},"content":{"rendered":"<div class=\"row\"  id=\"row-1113000845\">\n\n\t<div id=\"col-121639998\" class=\"col small-12 large-12\"  >\n\t\t\t\t<div class=\"col-inner\"  >\n\t\t\t\n\t\t\t\n<div class=\"accordion\">\n\t<div id=\"accordion-1418859629\" class=\"accordion-item\">\n\t\t<a id=\"accordion-1418859629-label\" class=\"accordion-title plain\" href=\"#accordion-item-how-do-i-pay-for-my-order?\" aria-expanded=\"false\" aria-controls=\"accordion-1418859629-content\" >\n\t\t\t<button class=\"toggle\" aria-label=\"Alternar\"><i class=\"icon-angle-down\"><\/i><\/button>\n\t\t\t<span>Como fa\u00e7o para pagar meu pedido?<\/span>\n\t\t<\/a>\n\t\t<div id=\"accordion-1418859629-content\" class=\"accordion-inner\" aria-labelledby=\"accordion-1418859629-label\" >\n\t\t\t\n<p>Pagamento com cart\u00e3o de cr\u00e9dito, Paypal, transfer\u00eancia banc\u00e1ria, Western Union, pedido de garantia comercial Alibaba, L\/C, T\/T, etc.<\/p>\n\t\t<\/div>\n\t<\/div>\n\t\n\t<div id=\"accordion-3798496310\" class=\"accordion-item\">\n\t\t<a id=\"accordion-3798496310-label\" class=\"accordion-title plain\" href=\"#accordion-item-what-currency-can-i-use?\" aria-expanded=\"false\" aria-controls=\"accordion-3798496310-content\" >\n\t\t\t<button class=\"toggle\" aria-label=\"Alternar\"><i class=\"icon-angle-down\"><\/i><\/button>\n\t\t\t<span>Que moeda posso usar?<\/span>\n\t\t<\/a>\n\t\t<div id=\"accordion-3798496310-content\" class=\"accordion-inner\" aria-labelledby=\"accordion-3798496310-label\" >\n\t\t\t\n<p>D\u00f3lar americano<\/p>\n\t\t<\/div>\n\t<\/div>\n\t\n\t<div id=\"accordion-2250075205\" class=\"accordion-item\">\n\t\t<a id=\"accordion-2250075205-label\" class=\"accordion-title plain\" href=\"#accordion-item-what-payment-methods-do-you-accept?\" aria-expanded=\"false\" aria-controls=\"accordion-2250075205-content\" >\n\t\t\t<button class=\"toggle\" aria-label=\"Alternar\"><i class=\"icon-angle-down\"><\/i><\/button>\n\t\t\t<span>Que tipos de pagamentos voc\u00ea aceita?<\/span>\n\t\t<\/a>\n\t\t<div id=\"accordion-2250075205-content\" class=\"accordion-inner\" aria-labelledby=\"accordion-2250075205-label\" >\n\t\t\t\n<p>Pagamento com cart\u00e3o de cr\u00e9dito, Paypal, transfer\u00eancia banc\u00e1ria, Western Union, pedido de garantia comercial Alibaba, L\/C, T\/T, etc.<\/p>\n\t\t<\/div>\n\t<\/div>\n\t\n\t<div id=\"accordion-1140115223\" class=\"accordion-item\">\n\t\t<a id=\"accordion-1140115223-label\" class=\"accordion-title plain\" href=\"#accordion-item-what-if-my-payment-fails?\" aria-expanded=\"false\" aria-controls=\"accordion-1140115223-content\" >\n\t\t\t<button class=\"toggle\" aria-label=\"Alternar\"><i class=\"icon-angle-down\"><\/i><\/button>\n\t\t\t<span>E se meu pagamento falhar?<\/span>\n\t\t<\/a>\n\t\t<div id=\"accordion-1140115223-content\" class=\"accordion-inner\" aria-labelledby=\"accordion-1140115223-label\" >\n\t\t\t\n<p>N\u00f3s o ajudaremos a devolver o dinheiro \u00e0 sua conta.<\/p>\n\t\t<\/div>\n\t<\/div>\n\t\n<\/div>\n\t\t<\/div>\n\t\t\t\t\t<\/div>\n\n\t\n<\/div>","protected":false},"excerpt":{"rendered":"","protected":false},"author":1,"featured_media":1933,"parent":0,"menu_order":0,"comment_status":"closed","ping_status":"closed","template":"page-blank-title-center.php","meta":{"footnotes":""},"class_list":["post-1892","page","type-page","status-publish","has-post-thumbnail","hentry"],"jetpack-related-posts":[],"jetpack_sharing_enabled":true,"_links":{"self":[{"href":"https:\/\/jttlogos.com\/pt\/wp-json\/wp\/v2\/pages\/1892","targetHints":{"allow":["GET"]}}],"collection":[{"href":"https:\/\/jttlogos.com\/pt\/wp-json\/wp\/v2\/pages"}],"about":[{"href":"https:\/\/jttlogos.com\/pt\/wp-json\/wp\/v2\/types\/page"}],"author":[{"embeddable":true,"href":"https:\/\/jttlogos.com\/pt\/wp-json\/wp\/v2\/users\/1"}],"replies":[{"embeddable":true,"href":"https:\/\/jttlogos.com\/pt\/wp-json\/wp\/v2\/comments?post=1892"}],"version-history":[{"count":0,"href":"https:\/\/jttlogos.com\/pt\/wp-json\/wp\/v2\/pages\/1892\/revisions"}],"wp:featuredmedia":[{"embeddable":true,"href":"https:\/\/jttlogos.com\/pt\/wp-json\/wp\/v2\/media\/1933"}],"wp:attachment":[{"href":"https:\/\/jttlogos.com\/pt\/wp-json\/wp\/v2\/media?parent=1892"}],"curies":[{"name":"wp","href":"https:\/\/api.w.org\/{rel}","templated":true}]}}