{"id":2169,"date":"2020-05-04T09:59:11","date_gmt":"2020-05-04T09:59:11","guid":{"rendered":"https:\/\/jttlogos.com\/?page_id=2169"},"modified":"2024-03-30T08:34:56","modified_gmt":"2024-03-30T08:34:56","slug":"porque-escolher-nos","status":"publish","type":"page","link":"https:\/\/jttlogos.com\/pt\/why-choose-us\/","title":{"rendered":"PORQUE ESCOLHER-NOS"},"content":{"rendered":"<section class=\"section\" id=\"section_1549752364\">\n\t\t<div class=\"bg section-bg fill bg-fill  bg-loaded\" >\n\n\t\t\t\n\t\t\t\n\t\t\t\n\n\t\t<\/div>\n\n\t\t\n\n\t\t<div class=\"section-content relative\">\n\t\t\t\n<div class=\"container section-title-container\" ><h3 class=\"section-title section-title-center\"><b><\/b><span class=\"section-title-main\" >Sobre n\u00f3s<\/span><b><\/b><\/h3><\/div>\n<div class=\"row align-middle\"  id=\"row-2023106214\">\n\n\t<div id=\"col-402098882\" class=\"col medium-6 small-12 large-6\"  >\n\t\t\t\t<div class=\"col-inner\"  >\n\t\t\t\n\t\t\t\n\t<div class=\"img has-hover x md-x lg-x y md-y lg-y\" id=\"image_1572378016\">\n\t\t\t\t\t\t\t\t<div class=\"img-inner dark\" >\n\t\t\t<img loading=\"lazy\" decoding=\"async\" width=\"605\" height=\"454\" src=\"https:\/\/i0.wp.com\/jttlogos.com\/wp-content\/uploads\/2020\/09\/Working-Environment.png?fit=605%2C454&amp;ssl=1\" class=\"attachment-large size-large\" alt=\"\" srcset=\"https:\/\/i0.wp.com\/jttlogos.com\/wp-content\/uploads\/2020\/09\/Working-Environment.png?w=605&amp;ssl=1 605w, https:\/\/i0.wp.com\/jttlogos.com\/wp-content\/uploads\/2020\/09\/Working-Environment.png?resize=510%2C383&amp;ssl=1 510w, https:\/\/i0.wp.com\/jttlogos.com\/wp-content\/uploads\/2020\/09\/Working-Environment.png?resize=300%2C225&amp;ssl=1 300w\" sizes=\"auto, (max-width: 605px) 100vw, 605px\" title=\"\">\t\t\t\t\t\t\n\t\t\t\t\t<\/div>\n\t\t\t\t\t\t\t\t\n<style>\n#image_1572378016 {\n  width: 100%;\n}\n<\/style>\n\t<\/div>\n\t\n\t\t<\/div>\n\t\t\t\t\t<\/div>\n\n\t\n\n\t<div id=\"col-405904995\" class=\"col medium-6 small-12 large-6\"  >\n\t\t\t\t<div class=\"col-inner text-left\"  >\n\t\t\t\n\t\t\t\n<p>Shenzhen JTT Precision Metal Co., Ltd \u00e9 o principal fabricante de adesivos com logotipo de metal, destacando-se em pesquisa, desenvolvimento e produ\u00e7\u00e3o. Fundada em 2006, nossa empresa evoluiu para uma for\u00e7a pioneira em tecnologia de galvanoplastia, conhecida por sua combina\u00e7\u00e3o de inova\u00e7\u00e3o e experi\u00eancia. Como um participante importante na ind\u00fastria, temos orgulho de deter o t\u00edtulo de principal produtor de placas de identifica\u00e7\u00e3o de adesivos com logotipo de metal galvanizado de Shenzhen e um fabricante chin\u00eas l\u00edder de a\u00e7o inoxid\u00e1vel gravado.<\/p>\n\t\t<\/div>\n\t\t\t\t\t<\/div>\n\n\t\n<\/div>\n<div class=\"container section-title-container\" ><h3 class=\"section-title section-title-center\"><b><\/b><span class=\"section-title-main\" >Porque escolher-nos<\/span><b><\/b><\/h3><\/div>\n<div class=\"row\"  id=\"row-1231391827\">\n\n\t<div id=\"col-1565899647\" class=\"col medium-6 small-12 large-6\"  >\n\t\t\t\t<div class=\"col-inner\"  >\n\t\t\t\n\t\t\t\n<div class=\"container section-title-container\" ><h3 class=\"section-title section-title-center\"><b><\/b><span class=\"section-title-main\" >Oficina Fotossens\u00edvel<\/span><b><\/b><\/h3><\/div>\n\t<div class=\"img has-hover x md-x lg-x y md-y lg-y\" id=\"image_1104342544\">\n\t\t\t\t\t\t\t\t<div class=\"img-inner dark\" >\n\t\t\t<img loading=\"lazy\" decoding=\"async\" width=\"640\" height=\"426\" src=\"https:\/\/i0.wp.com\/jttlogos.com\/wp-content\/uploads\/2020\/05\/about-5.jpg?fit=640%2C426&amp;ssl=1\" class=\"attachment-large size-large\" alt=\"\" srcset=\"https:\/\/i0.wp.com\/jttlogos.com\/wp-content\/uploads\/2020\/05\/about-5.jpg?w=640&amp;ssl=1 640w, https:\/\/i0.wp.com\/jttlogos.com\/wp-content\/uploads\/2020\/05\/about-5.jpg?resize=510%2C339&amp;ssl=1 510w, https:\/\/i0.wp.com\/jttlogos.com\/wp-content\/uploads\/2020\/05\/about-5.jpg?resize=300%2C200&amp;ssl=1 300w, https:\/\/i0.wp.com\/jttlogos.com\/wp-content\/uploads\/2020\/05\/about-5.jpg?resize=272%2C182&amp;ssl=1 272w\" sizes=\"auto, (max-width: 640px) 100vw, 640px\" title=\"\">\t\t\t\t\t\t\n\t\t\t\t\t<\/div>\n\t\t\t\t\t\t\t\t\n<style>\n#image_1104342544 {\n  width: 100%;\n}\n<\/style>\n\t<\/div>\n\t\n\t\t<\/div>\n\t\t\t\t\t<\/div>\n\n\t\n\n\t<div id=\"col-1329738088\" class=\"col medium-6 small-12 large-6\"  >\n\t\t\t\t<div class=\"col-inner\"  >\n\t\t\t\n\t\t\t\n<div class=\"container section-title-container\" ><h3 class=\"section-title section-title-center\"><b><\/b><span class=\"section-title-main\" >Oficina de galvanoplastia<\/span><b><\/b><\/h3><\/div>\n\t<div class=\"img has-hover x md-x lg-x y md-y lg-y\" id=\"image_851990293\">\n\t\t\t\t\t\t\t\t<div class=\"img-inner dark\" >\n\t\t\t<img loading=\"lazy\" decoding=\"async\" width=\"640\" height=\"426\" src=\"https:\/\/i0.wp.com\/jttlogos.com\/wp-content\/uploads\/2020\/05\/about-6.jpg?fit=640%2C426&amp;ssl=1\" class=\"attachment-large size-large\" alt=\"\" srcset=\"https:\/\/i0.wp.com\/jttlogos.com\/wp-content\/uploads\/2020\/05\/about-6.jpg?w=640&amp;ssl=1 640w, https:\/\/i0.wp.com\/jttlogos.com\/wp-content\/uploads\/2020\/05\/about-6.jpg?resize=510%2C339&amp;ssl=1 510w, https:\/\/i0.wp.com\/jttlogos.com\/wp-content\/uploads\/2020\/05\/about-6.jpg?resize=300%2C200&amp;ssl=1 300w, https:\/\/i0.wp.com\/jttlogos.com\/wp-content\/uploads\/2020\/05\/about-6.jpg?resize=272%2C182&amp;ssl=1 272w\" sizes=\"auto, (max-width: 640px) 100vw, 640px\" title=\"\">\t\t\t\t\t\t\n\t\t\t\t\t<\/div>\n\t\t\t\t\t\t\t\t\n<style>\n#image_851990293 {\n  width: 100%;\n}\n<\/style>\n\t<\/div>\n\t\n\t\t<\/div>\n\t\t\t\t\t<\/div>\n\n\t\n\n\t<div id=\"col-398832188\" class=\"col medium-6 small-12 large-6\"  >\n\t\t\t\t<div class=\"col-inner\"  >\n\t\t\t\n\t\t\t\n<div class=\"container section-title-container\" ><h3 class=\"section-title section-title-center\"><b><\/b><span class=\"section-title-main\" >Oficina de Estampagem<\/span><b><\/b><\/h3><\/div>\n\t<div class=\"img has-hover x md-x lg-x y md-y lg-y\" id=\"image_1360722072\">\n\t\t\t\t\t\t\t\t<div class=\"img-inner dark\" >\n\t\t\t<img loading=\"lazy\" decoding=\"async\" width=\"1020\" height=\"574\" src=\"https:\/\/i0.wp.com\/jttlogos.com\/wp-content\/uploads\/2020\/09\/13.jpg?fit=1020%2C574&amp;ssl=1\" class=\"attachment-large size-large\" alt=\"\" srcset=\"https:\/\/i0.wp.com\/jttlogos.com\/wp-content\/uploads\/2020\/09\/13.jpg?w=1920&amp;ssl=1 1920w, https:\/\/i0.wp.com\/jttlogos.com\/wp-content\/uploads\/2020\/09\/13.jpg?resize=510%2C287&amp;ssl=1 510w, https:\/\/i0.wp.com\/jttlogos.com\/wp-content\/uploads\/2020\/09\/13.jpg?resize=300%2C169&amp;ssl=1 300w, https:\/\/i0.wp.com\/jttlogos.com\/wp-content\/uploads\/2020\/09\/13.jpg?resize=1024%2C576&amp;ssl=1 1024w, https:\/\/i0.wp.com\/jttlogos.com\/wp-content\/uploads\/2020\/09\/13.jpg?resize=768%2C432&amp;ssl=1 768w, https:\/\/i0.wp.com\/jttlogos.com\/wp-content\/uploads\/2020\/09\/13.jpg?resize=1536%2C864&amp;ssl=1 1536w, https:\/\/i0.wp.com\/jttlogos.com\/wp-content\/uploads\/2020\/09\/13.jpg?resize=800%2C450&amp;ssl=1 800w\" sizes=\"auto, (max-width: 1020px) 100vw, 1020px\" title=\"\">\t\t\t\t\t\t\n\t\t\t\t\t<\/div>\n\t\t\t\t\t\t\t\t\n<style>\n#image_1360722072 {\n  width: 100%;\n}\n<\/style>\n\t<\/div>\n\t\n\t\t<\/div>\n\t\t\t\t\t<\/div>\n\n\t\n\n\t<div id=\"col-87020223\" class=\"col medium-6 small-12 large-6\"  >\n\t\t\t\t<div class=\"col-inner\"  >\n\t\t\t\n\t\t\t\n<div class=\"container section-title-container\" ><h3 class=\"section-title section-title-center\"><b><\/b><span class=\"section-title-main\" >Oficina de embalagens<\/span><b><\/b><\/h3><\/div>\n\t<div class=\"img has-hover x md-x lg-x y md-y lg-y\" id=\"image_395622185\">\n\t\t\t\t\t\t\t\t<div class=\"img-inner image-cover dark\" style=\"padding-top:56.25%;\">\n\t\t\t<img loading=\"lazy\" decoding=\"async\" width=\"280\" height=\"280\" src=\"https:\/\/i0.wp.com\/jttlogos.com\/wp-content\/uploads\/2020\/09\/5-scaled.jpg?resize=280%2C280&amp;ssl=1\" class=\"attachment-thumbnail size-thumbnail\" alt=\"\" srcset=\"https:\/\/i0.wp.com\/jttlogos.com\/wp-content\/uploads\/2020\/09\/5-scaled.jpg?resize=100%2C100&amp;ssl=1 100w, https:\/\/i0.wp.com\/jttlogos.com\/wp-content\/uploads\/2020\/09\/5-scaled.jpg?zoom=2&amp;resize=280%2C280&amp;ssl=1 560w, https:\/\/i0.wp.com\/jttlogos.com\/wp-content\/uploads\/2020\/09\/5-scaled.jpg?zoom=3&amp;resize=280%2C280&amp;ssl=1 840w\" sizes=\"auto, (max-width: 280px) 100vw, 280px\" title=\"\">\t\t\t\t\t\t\n\t\t\t\t\t<\/div>\n\t\t\t\t\t\t\t\t\n<style>\n#image_395622185 {\n  width: 100%;\n}\n<\/style>\n\t<\/div>\n\t\n\t\t<\/div>\n\t\t\t\t\t<\/div>\n\n\t\n<\/div>\n<div class=\"container section-title-container\" ><h3 class=\"section-title section-title-center\"><b><\/b><span class=\"section-title-main\" >Ambiente de produ\u00e7\u00e3o<\/span><b><\/b><\/h3><\/div>\n\t<div class=\"img has-hover x md-x lg-x y md-y lg-y\" id=\"image_1312606995\">\n\t\t\t\t\t\t\t\t<div class=\"img-inner dark\" >\n\t\t\t<img loading=\"lazy\" decoding=\"async\" width=\"1020\" height=\"765\" src=\"https:\/\/i0.wp.com\/jttlogos.com\/wp-content\/uploads\/2020\/09\/metal-logo-sticker-3.jpg?fit=1020%2C765&amp;ssl=1\" class=\"attachment-large size-large\" alt=\"\" srcset=\"https:\/\/i0.wp.com\/jttlogos.com\/wp-content\/uploads\/2020\/09\/metal-logo-sticker-3.jpg?w=2048&amp;ssl=1 2048w, https:\/\/i0.wp.com\/jttlogos.com\/wp-content\/uploads\/2020\/09\/metal-logo-sticker-3.jpg?resize=510%2C383&amp;ssl=1 510w, https:\/\/i0.wp.com\/jttlogos.com\/wp-content\/uploads\/2020\/09\/metal-logo-sticker-3.jpg?resize=300%2C225&amp;ssl=1 300w, https:\/\/i0.wp.com\/jttlogos.com\/wp-content\/uploads\/2020\/09\/metal-logo-sticker-3.jpg?resize=1024%2C768&amp;ssl=1 1024w, https:\/\/i0.wp.com\/jttlogos.com\/wp-content\/uploads\/2020\/09\/metal-logo-sticker-3.jpg?resize=768%2C576&amp;ssl=1 768w, https:\/\/i0.wp.com\/jttlogos.com\/wp-content\/uploads\/2020\/09\/metal-logo-sticker-3.jpg?resize=1536%2C1152&amp;ssl=1 1536w, https:\/\/i0.wp.com\/jttlogos.com\/wp-content\/uploads\/2020\/09\/metal-logo-sticker-3.jpg?resize=800%2C600&amp;ssl=1 800w\" sizes=\"auto, (max-width: 1020px) 100vw, 1020px\" title=\"\">\t\t\t\t\t\t\n\t\t\t\t\t<\/div>\n\t\t\t\t\t\t\t\t\n<style>\n#image_1312606995 {\n  width: 100%;\n}\n<\/style>\n\t<\/div>\n\t\n<div class=\"row\"  id=\"row-390811752\">\n\n\t<div id=\"col-145167486\" class=\"col medium-6 small-12 large-6\"  >\n\t\t\t\t<div class=\"col-inner\"  >\n\t\t\t\n\t\t\t\n\t<div class=\"img has-hover x md-x lg-x y md-y lg-y\" id=\"image_1940903514\">\n\t\t\t\t\t\t\t\t<div class=\"img-inner dark\" >\n\t\t\t<img loading=\"lazy\" decoding=\"async\" width=\"800\" height=\"800\" src=\"https:\/\/i0.wp.com\/jttlogos.com\/wp-content\/uploads\/2020\/05\/zone7.jpg?fit=800%2C800&amp;ssl=1\" class=\"attachment-large size-large\" alt=\"\" srcset=\"https:\/\/i0.wp.com\/jttlogos.com\/wp-content\/uploads\/2020\/05\/zone7.jpg?w=1000&amp;ssl=1 1000w, https:\/\/i0.wp.com\/jttlogos.com\/wp-content\/uploads\/2020\/05\/zone7.jpg?resize=100%2C100&amp;ssl=1 100w, https:\/\/i0.wp.com\/jttlogos.com\/wp-content\/uploads\/2020\/05\/zone7.jpg?resize=510%2C510&amp;ssl=1 510w, https:\/\/i0.wp.com\/jttlogos.com\/wp-content\/uploads\/2020\/05\/zone7.jpg?resize=300%2C300&amp;ssl=1 300w, https:\/\/i0.wp.com\/jttlogos.com\/wp-content\/uploads\/2020\/05\/zone7.jpg?resize=150%2C150&amp;ssl=1 150w, https:\/\/i0.wp.com\/jttlogos.com\/wp-content\/uploads\/2020\/05\/zone7.jpg?resize=768%2C768&amp;ssl=1 768w, https:\/\/i0.wp.com\/jttlogos.com\/wp-content\/uploads\/2020\/05\/zone7.jpg?resize=800%2C800&amp;ssl=1 800w\" sizes=\"auto, (max-width: 800px) 100vw, 800px\" title=\"\">\t\t\t\t\t\t\n\t\t\t\t\t<\/div>\n\t\t\t\t\t\t\t\t\n<style>\n#image_1940903514 {\n  width: 100%;\n}\n<\/style>\n\t<\/div>\n\t\n<p><strong>Fabricante l\u00edder de placas de identifica\u00e7\u00e3o de metal<\/strong><br \/>Como o maior fabricante de placas de identifica\u00e7\u00e3o de metal em Shenzhen, trazemos for\u00e7a e experi\u00eancia incompar\u00e1veis para cada projeto. Com 14 anos de foco dedicado na elabora\u00e7\u00e3o de adesivos para placas de identifica\u00e7\u00e3o com logotipo de metal usando tecnologia de ponta, garantimos qualidade e precis\u00e3o de alto n\u00edvel.<\/p>\n\t\t<\/div>\n\t\t\t\t\t<\/div>\n\n\t\n\n\t<div id=\"col-1732417463\" class=\"col medium-6 small-12 large-6\"  >\n\t\t\t\t<div class=\"col-inner\"  >\n\t\t\t\n\t\t\t\n\t<div class=\"img has-hover x md-x lg-x y md-y lg-y\" id=\"image_1151218917\">\n\t\t\t\t\t\t\t\t<div class=\"img-inner dark\" >\n\t\t\t<img loading=\"lazy\" decoding=\"async\" width=\"800\" height=\"800\" src=\"https:\/\/i0.wp.com\/jttlogos.com\/wp-content\/uploads\/2020\/05\/zone8.jpg?fit=800%2C800&amp;ssl=1\" class=\"attachment-large size-large\" alt=\"Qual equipamento \u00e9 necess\u00e1rio para a produ\u00e7\u00e3o de adesivos de a\u00e7o inoxid\u00e1vel\" srcset=\"https:\/\/i0.wp.com\/jttlogos.com\/wp-content\/uploads\/2020\/05\/zone8.jpg?w=1000&amp;ssl=1 1000w, https:\/\/i0.wp.com\/jttlogos.com\/wp-content\/uploads\/2020\/05\/zone8.jpg?resize=100%2C100&amp;ssl=1 100w, https:\/\/i0.wp.com\/jttlogos.com\/wp-content\/uploads\/2020\/05\/zone8.jpg?resize=510%2C510&amp;ssl=1 510w, https:\/\/i0.wp.com\/jttlogos.com\/wp-content\/uploads\/2020\/05\/zone8.jpg?resize=300%2C300&amp;ssl=1 300w, https:\/\/i0.wp.com\/jttlogos.com\/wp-content\/uploads\/2020\/05\/zone8.jpg?resize=150%2C150&amp;ssl=1 150w, https:\/\/i0.wp.com\/jttlogos.com\/wp-content\/uploads\/2020\/05\/zone8.jpg?resize=768%2C768&amp;ssl=1 768w, https:\/\/i0.wp.com\/jttlogos.com\/wp-content\/uploads\/2020\/05\/zone8.jpg?resize=800%2C800&amp;ssl=1 800w\" sizes=\"auto, (max-width: 800px) 100vw, 800px\" title=\"\">\t\t\t\t\t\t\n\t\t\t\t\t<\/div>\n\t\t\t\t\t\t\t\t\n<style>\n#image_1151218917 {\n  width: 100%;\n}\n<\/style>\n\t<\/div>\n\t\n<p><strong>Equipamentos de \u00faltima gera\u00e7\u00e3o e entrega r\u00e1pida<\/strong><br \/>Nosso compromisso com a excel\u00eancia se reflete no uso de equipamentos avan\u00e7ados e nas mais recentes m\u00e1quinas de grava\u00e7\u00e3o. Isso nos permite entregar produtos de alta qualidade com rapidez, atendendo e superando as expectativas dos clientes. Priorizamos a qualidade e ao mesmo tempo somos ambientalmente conscientes em nossas escolhas de materiais.<\/p>\n\t\t<\/div>\n\t\t\t\t\t<\/div>\n\n\t\n\n\t<div id=\"col-1405956245\" class=\"col medium-6 small-12 large-6\"  >\n\t\t\t\t<div class=\"col-inner\"  >\n\t\t\t\n\t\t\t\n\t<div class=\"img has-hover x md-x lg-x y md-y lg-y\" id=\"image_2059290527\">\n\t\t\t\t\t\t\t\t<div class=\"img-inner dark\" >\n\t\t\t<img loading=\"lazy\" decoding=\"async\" width=\"800\" height=\"800\" src=\"https:\/\/i0.wp.com\/jttlogos.com\/wp-content\/uploads\/2020\/05\/zone9.jpg?fit=800%2C800&amp;ssl=1\" class=\"attachment-large size-large\" alt=\"\" srcset=\"https:\/\/i0.wp.com\/jttlogos.com\/wp-content\/uploads\/2020\/05\/zone9.jpg?w=1000&amp;ssl=1 1000w, https:\/\/i0.wp.com\/jttlogos.com\/wp-content\/uploads\/2020\/05\/zone9.jpg?resize=100%2C100&amp;ssl=1 100w, https:\/\/i0.wp.com\/jttlogos.com\/wp-content\/uploads\/2020\/05\/zone9.jpg?resize=510%2C510&amp;ssl=1 510w, https:\/\/i0.wp.com\/jttlogos.com\/wp-content\/uploads\/2020\/05\/zone9.jpg?resize=300%2C300&amp;ssl=1 300w, https:\/\/i0.wp.com\/jttlogos.com\/wp-content\/uploads\/2020\/05\/zone9.jpg?resize=150%2C150&amp;ssl=1 150w, https:\/\/i0.wp.com\/jttlogos.com\/wp-content\/uploads\/2020\/05\/zone9.jpg?resize=768%2C768&amp;ssl=1 768w, https:\/\/i0.wp.com\/jttlogos.com\/wp-content\/uploads\/2020\/05\/zone9.jpg?resize=800%2C800&amp;ssl=1 800w\" sizes=\"auto, (max-width: 800px) 100vw, 800px\" title=\"\">\t\t\t\t\t\t\n\t\t\t\t\t<\/div>\n\t\t\t\t\t\t\t\t\n<style>\n#image_2059290527 {\n  width: 100%;\n}\n<\/style>\n\t<\/div>\n\t\n<p><strong>Equipe especializada e servi\u00e7os abrangentes<\/strong><br \/>Nossa equipe profissional est\u00e1 pronta para fornecer orienta\u00e7\u00e3o especializada e suporte em cada etapa. Se voc\u00ea tiver d\u00favidas ou precisar de assist\u00eancia, nossa experiente equipe de engenharia e nosso excepcional servi\u00e7o p\u00f3s-venda garantem que voc\u00ea receba o servi\u00e7o completo que merece. Fa\u00e7a parceria conosco para elevar sua presen\u00e7a no setor e conquistar maior participa\u00e7\u00e3o no mercado.<\/p>\n\t\t<\/div>\n\t\t\t\t\t<\/div>\n\n\t\n\n\t<div id=\"col-1365254115\" class=\"col medium-6 small-12 large-6\"  >\n\t\t\t\t<div class=\"col-inner\"  >\n\t\t\t\n\t\t\t\n\t<div class=\"img has-hover x md-x lg-x y md-y lg-y\" id=\"image_1262608327\">\n\t\t\t\t\t\t\t\t<div class=\"img-inner dark\" >\n\t\t\t<img loading=\"lazy\" decoding=\"async\" width=\"800\" height=\"800\" src=\"https:\/\/i0.wp.com\/jttlogos.com\/wp-content\/uploads\/2020\/05\/zone10.jpg?fit=800%2C800&amp;ssl=1\" class=\"attachment-large size-large\" alt=\"Fabrica\u00e7\u00e3o de adesivo met\u00e1lico\" srcset=\"https:\/\/i0.wp.com\/jttlogos.com\/wp-content\/uploads\/2020\/05\/zone10.jpg?w=1000&amp;ssl=1 1000w, https:\/\/i0.wp.com\/jttlogos.com\/wp-content\/uploads\/2020\/05\/zone10.jpg?resize=100%2C100&amp;ssl=1 100w, https:\/\/i0.wp.com\/jttlogos.com\/wp-content\/uploads\/2020\/05\/zone10.jpg?resize=510%2C510&amp;ssl=1 510w, https:\/\/i0.wp.com\/jttlogos.com\/wp-content\/uploads\/2020\/05\/zone10.jpg?resize=300%2C300&amp;ssl=1 300w, https:\/\/i0.wp.com\/jttlogos.com\/wp-content\/uploads\/2020\/05\/zone10.jpg?resize=150%2C150&amp;ssl=1 150w, https:\/\/i0.wp.com\/jttlogos.com\/wp-content\/uploads\/2020\/05\/zone10.jpg?resize=768%2C768&amp;ssl=1 768w, https:\/\/i0.wp.com\/jttlogos.com\/wp-content\/uploads\/2020\/05\/zone10.jpg?resize=800%2C800&amp;ssl=1 800w\" sizes=\"auto, (max-width: 800px) 100vw, 800px\" title=\"\">\t\t\t\t\t\t\n\t\t\t\t\t<\/div>\n\t\t\t\t\t\t\t\t\n<style>\n#image_1262608327 {\n  width: 100%;\n}\n<\/style>\n\t<\/div>\n\t\n<p><strong>Aprovado pelos l\u00edderes globais da ind\u00fastria<\/strong><br \/>At\u00e9 as 500 maiores empresas do mundo confiam em n\u00f3s para as suas necessidades de identifica\u00e7\u00e3o, uma prova do nosso profissionalismo e efici\u00eancia. Nosso hist\u00f3rico de atendimento a empresas renomadas diz muito sobre nosso compromisso com a excel\u00eancia. Junte-se a n\u00f3s, seu parceiro ideal, para desbloquear novas possibilidades e impulsionar seu neg\u00f3cio a patamares maiores.<\/p>\n\t\t<\/div>\n\t\t\t\t\t<\/div>\n\n\t\n<\/div>\n\t\t<\/div>\n\n\t\t\n<style>\n#section_1549752364 {\n  padding-top: 30px;\n  padding-bottom: 30px;\n}\n<\/style>\n\t<\/section>","protected":false},"excerpt":{"rendered":"","protected":false},"author":1,"featured_media":0,"parent":0,"menu_order":0,"comment_status":"closed","ping_status":"closed","template":"","meta":{"footnotes":""},"class_list":["post-2169","page","type-page","status-publish","hentry"],"jetpack-related-posts":[],"jetpack_sharing_enabled":true,"_links":{"self":[{"href":"https:\/\/jttlogos.com\/pt\/wp-json\/wp\/v2\/pages\/2169","targetHints":{"allow":["GET"]}}],"collection":[{"href":"https:\/\/jttlogos.com\/pt\/wp-json\/wp\/v2\/pages"}],"about":[{"href":"https:\/\/jttlogos.com\/pt\/wp-json\/wp\/v2\/types\/page"}],"author":[{"embeddable":true,"href":"https:\/\/jttlogos.com\/pt\/wp-json\/wp\/v2\/users\/1"}],"replies":[{"embeddable":true,"href":"https:\/\/jttlogos.com\/pt\/wp-json\/wp\/v2\/comments?post=2169"}],"version-history":[{"count":0,"href":"https:\/\/jttlogos.com\/pt\/wp-json\/wp\/v2\/pages\/2169\/revisions"}],"wp:attachment":[{"href":"https:\/\/jttlogos.com\/pt\/wp-json\/wp\/v2\/media?parent=2169"}],"curies":[{"name":"wp","href":"https:\/\/api.w.org\/{rel}","templated":true}]}}