{"id":2179,"date":"2020-05-04T11:53:35","date_gmt":"2020-05-04T11:53:35","guid":{"rendered":"https:\/\/jttlogos.com\/?page_id=2179"},"modified":"2024-03-30T09:52:12","modified_gmt":"2024-03-30T09:52:12","slug":"how-to-place-an-order","status":"publish","type":"page","link":"https:\/\/jttlogos.com\/pt\/como-fazer-um-pedido\/","title":{"rendered":"Como fazer um pedido?"},"content":{"rendered":"<div id=\"pl-2179\"  class=\"panel-layout\" >\n<div id=\"pg-2179-0\"  class=\"panel-grid panel-no-style\" >\n<div id=\"pgc-2179-0-0\"  class=\"panel-grid-cell\"  data-weight=\"1\" >\n<div id=\"panel-2179-0-0-0\" class=\"so-panel widget widget_sow-editor panel-first-child panel-last-child\" data-index=\"0\" data-style=\"{&quot;background_image_attachment&quot;:false,&quot;background_display&quot;:&quot;tile&quot;}\" >\n<div class=\"so-widget-sow-editor so-widget-sow-editor-base\">\n<div class=\"siteorigin-widget-tinymce textwidget\">\n<p>1. Envie-nos por e-mail os detalhes do produto, como design, tamanho, quantidade, etc. Se houver uma emerg\u00eancia, voc\u00ea tamb\u00e9m pode nos ligar ou conversar conosco no WhatsApp.<\/p>\n<p>2. N\u00f3s lhe daremos um or\u00e7amento ap\u00f3s confirmar os detalhes do produto.<\/p>\n<p>3. Se o pre\u00e7o estiver certo, podemos come\u00e7ar a fazer a amostra, o que levar\u00e1 cerca de 3 a 7 dias, e ent\u00e3o ela ser\u00e1 entregue a voc\u00ea em 5 a 7 dias. confirma\u00e7\u00e3o antes do envio. Se houver algum problema, iremos modific\u00e1-lo antes do envio, voc\u00ea pode ficar tranquilo.<\/p>\n<p>4. Quando voc\u00ea receber a amostra, verifique o design e a qualidade. Se tudo estiver bem, podemos iniciar a produ\u00e7\u00e3o em massa. Faremos PI para voc\u00ea e voc\u00ea poder\u00e1 pagar 30% como dep\u00f3sito.<\/p>\n<p>5. Ap\u00f3s finalizarmos a produ\u00e7\u00e3o, tiraremos fotos e enviaremos um v\u00eddeo para sua confirma\u00e7\u00e3o. E pagamento do saldo 70% antes do envio.<\/p>\n<\/div>\n<\/div>\n<\/div>\n<\/div>\n<\/div>\n<\/div>","protected":false},"excerpt":{"rendered":"<p>1. Envie-nos por e-mail os detalhes do produto, como design, tamanho, quantidade, etc. Se houver uma emerg\u00eancia, voc\u00ea tamb\u00e9m pode nos ligar ou conversar conosco no WhatsApp. 2. N\u00f3s lhe daremos um or\u00e7amento ap\u00f3s confirmar os detalhes do produto. 3. Se o pre\u00e7o estiver certo, podemos come\u00e7ar a fazer a amostra, que [\u2026]","protected":false},"author":1,"featured_media":0,"parent":0,"menu_order":0,"comment_status":"closed","ping_status":"closed","template":"page-blank-title-center.php","meta":{"footnotes":""},"class_list":["post-2179","page","type-page","status-publish","hentry"],"jetpack-related-posts":[],"jetpack_sharing_enabled":true,"_links":{"self":[{"href":"https:\/\/jttlogos.com\/pt\/wp-json\/wp\/v2\/pages\/2179","targetHints":{"allow":["GET"]}}],"collection":[{"href":"https:\/\/jttlogos.com\/pt\/wp-json\/wp\/v2\/pages"}],"about":[{"href":"https:\/\/jttlogos.com\/pt\/wp-json\/wp\/v2\/types\/page"}],"author":[{"embeddable":true,"href":"https:\/\/jttlogos.com\/pt\/wp-json\/wp\/v2\/users\/1"}],"replies":[{"embeddable":true,"href":"https:\/\/jttlogos.com\/pt\/wp-json\/wp\/v2\/comments?post=2179"}],"version-history":[{"count":0,"href":"https:\/\/jttlogos.com\/pt\/wp-json\/wp\/v2\/pages\/2179\/revisions"}],"wp:attachment":[{"href":"https:\/\/jttlogos.com\/pt\/wp-json\/wp\/v2\/media?parent=2179"}],"curies":[{"name":"wp","href":"https:\/\/api.w.org\/{rel}","templated":true}]}}