{"id":3,"date":"2020-04-28T14:09:18","date_gmt":"2020-04-28T14:09:18","guid":{"rendered":"https:\/\/jttlogos.com\/?page_id=3"},"modified":"2024-03-30T09:55:22","modified_gmt":"2024-03-30T09:55:22","slug":"politica-de-privacidade","status":"publish","type":"page","link":"https:\/\/jttlogos.com\/pt\/privacy-policy\/","title":{"rendered":"pol\u00edtica de Privacidade"},"content":{"rendered":"<p>Esta Pol\u00edtica de Privacidade descreve como suas informa\u00e7\u00f5es pessoais s\u00e3o coletadas, usadas e compartilhadas quando voc\u00ea nos visita ou faz uma compra.&nbsp;<\/p>\r\n\r\n\r\n\r\n<p>INFORMA\u00c7\u00d5ES PESSOAIS QUE COLETAMOS<br>Quando voc\u00ea visita o Site, coletamos automaticamente certas informa\u00e7\u00f5es sobre o seu dispositivo, incluindo informa\u00e7\u00f5es sobre seu navegador, endere\u00e7o IP, fuso hor\u00e1rio e alguns dos cookies instalados no seu dispositivo. Al\u00e9m disso, \u00e0 medida que voc\u00ea navega no Site, coletamos informa\u00e7\u00f5es sobre as p\u00e1ginas da web ou produtos individuais que voc\u00ea visualiza, quais sites ou termos de pesquisa o encaminharam para o Site e informa\u00e7\u00f5es sobre como voc\u00ea interage com o Site. Referimo-nos a essas informa\u00e7\u00f5es coletadas automaticamente como \u201cInforma\u00e7\u00f5es do dispositivo\u201d.&nbsp;<\/p>\r\n\r\n\r\n\r\n<p>INFORMA\u00c7\u00d5ES DO DISPOSITIVO QUE COLETAMOS<br>\u2013 \u201cCookies\u201d s\u00e3o ficheiros de dados que s\u00e3o colocados no seu dispositivo ou computador e muitas vezes incluem um identificador \u00fanico an\u00f3nimo.&nbsp;<br>\u2013 \u201cArquivos de registro\u201d rastreiam a\u00e7\u00f5es que ocorrem no Site e coletam dados, incluindo seu endere\u00e7o IP, tipo de navegador, provedor de servi\u00e7os de Internet, p\u00e1ginas de refer\u00eancia\/sa\u00edda e carimbos de data\/hora.<br>\u2013 \u201cWeb beacons\u201d, \u201ctags\u201d e \u201cpixels\u201d s\u00e3o arquivos eletr\u00f4nicos usados para registrar informa\u00e7\u00f5es sobre como voc\u00ea navega no Site.<\/p>\r\n\r\n\r\n\r\n<p>INFORMA\u00c7\u00d5ES DE PEDIDO QUE COLETAMOS<br>Al\u00e9m disso, quando voc\u00ea faz uma compra ou tenta fazer uma compra atrav\u00e9s do Site, coletamos certas informa\u00e7\u00f5es suas, incluindo seu nome, endere\u00e7o de cobran\u00e7a, endere\u00e7o de entrega, informa\u00e7\u00f5es de pagamento (incluindo n\u00fameros de cart\u00e3o de cr\u00e9dito, endere\u00e7o de e-mail e n\u00famero de telefone. Referimo-nos a essas informa\u00e7\u00f5es como \u201cInforma\u00e7\u00f5es do pedido\u201d.&nbsp;<\/p>\r\n\r\n\r\n\r\n<p>Quando falamos de \u201cInforma\u00e7\u00f5es Pessoais\u201d nesta Pol\u00edtica de Privacidade, estamos falando tanto de Informa\u00e7\u00f5es do Dispositivo quanto de Informa\u00e7\u00f5es do Pedido.&nbsp;<\/p>\r\n\r\n\r\n\r\n<p>COMO USAMOS SUAS INFORMA\u00c7\u00d5ES PESSOAIS?<br>Usamos as Informa\u00e7\u00f5es de Pedido que coletamos geralmente para atender quaisquer pedidos feitos atrav\u00e9s do Site (incluindo processar suas informa\u00e7\u00f5es de pagamento, organizar o envio e fornecer faturas e\/ou confirma\u00e7\u00f5es de pedido). Al\u00e9m disso, usamos essas informa\u00e7\u00f5es do pedido para:<br>- Comunicar com voc\u00ea;<br>\u2013 Analisar nossos pedidos quanto a poss\u00edveis riscos ou fraudes;<br>\u2013 Quando estiver de acordo com as prefer\u00eancias que partilhou connosco, fornecer-lhe informa\u00e7\u00f5es ou publicidade relativa aos nossos produtos ou servi\u00e7os.<\/p>\r\n\r\n\r\n\r\n<p>COMO USAMOS AS INFORMA\u00c7\u00d5ES DO SEU DISPOSITIVO?<br>Usamos as Informa\u00e7\u00f5es do Dispositivo que coletamos para nos ajudar a rastrear poss\u00edveis riscos e fraudes (em particular, seu endere\u00e7o IP) e, de maneira mais geral, para melhorar e otimizar nosso Site (por exemplo, gerando an\u00e1lises sobre como nossos clientes navegam e interagem com Site e para avaliar o sucesso de nossas campanhas de marketing e publicidade).&nbsp;<\/p>\r\n\r\n\r\n\r\n<p>DADOS PESSOAIS<br>Apenas processamos os seus dados pessoais com o seu consentimento ou conforme necess\u00e1rio para cumprir as nossas obriga\u00e7\u00f5es para consigo como cliente, para operar o nosso neg\u00f3cio, cumprir as nossas obriga\u00e7\u00f5es contratuais e legais e para proteger a seguran\u00e7a dos nossos sistemas.<\/p>\r\n\r\n\r\n\r\n<p>COMPARTILHANDO SUAS INFORMA\u00c7\u00d5ES PESSOAIS<br>Compartilhamos suas Informa\u00e7\u00f5es Pessoais com terceiros para nos ajudar a usar suas Informa\u00e7\u00f5es Pessoais, conforme descrito acima.<br>Tamb\u00e9m usamos o Google Analytics para nos ajudar a entender como nossos clientes usam o Site.<br>Finalmente, tamb\u00e9m poderemos partilhar as suas Informa\u00e7\u00f5es Pessoais para cumprir as leis e regulamentos aplic\u00e1veis, para responder a uma intima\u00e7\u00e3o, mandado de busca ou outro pedido legal de informa\u00e7\u00f5es que recebemos, ou para proteger os nossos direitos de outra forma.<\/p>\r\n\r\n\r\n\r\n<p>PUBLICIDADE COMPORTAMENTAL<br>Conforme descrito acima, usamos suas Informa\u00e7\u00f5es Pessoais para fornecer an\u00fancios direcionados ou comunica\u00e7\u00f5es de marketing que acreditamos serem do seu interesse.<\/p>\r\n\r\n\r\n\r\n<p>N\u00c3O RASTREIE<br>Observe que n\u00e3o alteramos a coleta de dados e as pr\u00e1ticas de uso do nosso Site quando vemos um sinal de N\u00e3o Rastrear em seu navegador.<\/p>\r\n\r\n\r\n\r\n<p>SEUS DIREITOS<br>Se voc\u00ea \u00e9 residente na Europa, tem o direito de acessar as informa\u00e7\u00f5es pessoais que mantemos sobre voc\u00ea e de solicitar que suas informa\u00e7\u00f5es pessoais sejam corrigidas, atualizadas ou exclu\u00eddas.<br>Al\u00e9m disso, se for residente na Europa, notamos que estamos a processar as suas informa\u00e7\u00f5es para cumprir contratos que possamos ter consigo (por exemplo, se fizer uma encomenda atrav\u00e9s do Site) ou de outra forma para prosseguir os nossos interesses comerciais leg\u00edtimos listados acima. Al\u00e9m disso, observe que suas informa\u00e7\u00f5es ser\u00e3o transferidas para fora da Europa, inclusive para o Canad\u00e1 e os Estados Unidos.<\/p>\r\n\r\n\r\n\r\n<p>RETEN\u00c7\u00c3O DE DADOS<br>Quando voc\u00ea faz um pedido atrav\u00e9s do Site, manteremos as informa\u00e7\u00f5es do seu pedido em nossos registros.<\/p>\r\n\r\n\r\n\r\n<p>MUDAN\u00c7AS<br>Poderemos atualizar esta pol\u00edtica de privacidade de tempos em tempos para refletir, por exemplo, altera\u00e7\u00f5es em nossas pr\u00e1ticas ou por outros motivos operacionais, legais ou regulat\u00f3rios.<\/p>\r\n\r\n\r\n\r\n<p>MENORES<br>O Site n\u00e3o se destina a indiv\u00edduos com idade inferior a 13 anos.&nbsp;<\/p>\r\n\r\n\r\n\r\n<p>CONTATE-NOS&nbsp;<br>Para obter mais informa\u00e7\u00f5es sobre nossas pr\u00e1ticas de privacidade, se tiver d\u00favidas ou se quiser fazer uma reclama\u00e7\u00e3o, entre em contato conosco.<\/p>","protected":false},"excerpt":{"rendered":"<p>This Privacy Policy describes how your personal information is collected, used, and shared when you visit or make a purchase on us.&nbsp; PERSONAL INFORMATION WE COLLECTWhen you visit the Site, we automatically collect certain information about your device, including information about your web browser, IP address, time zone, and some of the cookies that are [&#8230;]\n","protected":false},"author":1,"featured_media":0,"parent":0,"menu_order":0,"comment_status":"closed","ping_status":"closed","template":"page-blank-title-center.php","meta":{"footnotes":""},"class_list":["post-3","page","type-page","status-publish","hentry"],"jetpack-related-posts":[],"jetpack_sharing_enabled":true,"_links":{"self":[{"href":"https:\/\/jttlogos.com\/pt\/wp-json\/wp\/v2\/pages\/3","targetHints":{"allow":["GET"]}}],"collection":[{"href":"https:\/\/jttlogos.com\/pt\/wp-json\/wp\/v2\/pages"}],"about":[{"href":"https:\/\/jttlogos.com\/pt\/wp-json\/wp\/v2\/types\/page"}],"author":[{"embeddable":true,"href":"https:\/\/jttlogos.com\/pt\/wp-json\/wp\/v2\/users\/1"}],"replies":[{"embeddable":true,"href":"https:\/\/jttlogos.com\/pt\/wp-json\/wp\/v2\/comments?post=3"}],"version-history":[{"count":0,"href":"https:\/\/jttlogos.com\/pt\/wp-json\/wp\/v2\/pages\/3\/revisions"}],"wp:attachment":[{"href":"https:\/\/jttlogos.com\/pt\/wp-json\/wp\/v2\/media?parent=3"}],"curies":[{"name":"wp","href":"https:\/\/api.w.org\/{rel}","templated":true}]}}