{"id":3268,"date":"2020-05-18T16:00:56","date_gmt":"2020-05-18T16:00:56","guid":{"rendered":"https:\/\/jttlogos.com\/?page_id=3268"},"modified":"2024-03-30T08:01:36","modified_gmt":"2024-03-30T08:01:36","slug":"video-of-product-application","status":"publish","type":"page","link":"https:\/\/jttlogos.com\/pt\/video-de-aplicacao-do-produto\/","title":{"rendered":"V\u00eddeo de aplica\u00e7\u00e3o do produto"},"content":{"rendered":"<section class=\"section\" id=\"section_1949245112\">\n\t\t<div class=\"bg section-bg fill bg-fill  bg-loaded\" >\n\n\t\t\t\n\t\t\t\n\t\t\t\n\n\t\t<\/div>\n\n\t\t\n\n\t\t<div class=\"section-content relative\">\n\t\t\t\n<div class=\"container section-title-container\" ><h4 class=\"section-title section-title-normal\"><b><\/b><span class=\"section-title-main\" >A aplica\u00e7\u00e3o de adesivo com logotipo de metal em cer\u00e2mica<\/span><b><\/b><\/h4><\/div>\n<div class=\"row row-collapse row-full-width align-middle\"  id=\"row-147952994\">\n\n\t<div id=\"col-168132723\" class=\"col medium-6 small-12 large-6\"  >\n\t\t\t\t<div class=\"col-inner\"  >\n\t\t\t\n\t\t\t\n<div class=\"video video-fit mb\" style=\"padding-top:56.25%;\"><p><iframe loading=\"lazy\" title=\"A aplica\u00e7\u00e3o de adesivo com logotipo de metal em cer\u00e2mica\" width=\"1020\" height=\"574\" src=\"https:\/\/www.youtube.com\/embed\/9fkVxfyT7Ns?feature=oembed\" frameborder=\"0\" allow=\"accelerometer; autoplay; clipboard-write; encrypted-media; gyroscope; picture-in-picture; web-share\" referrerpolicy=\"strict-origin-when-cross-origin\" allowfullscreen><\/iframe><\/p>\n<\/div>\n\t\t<\/div>\n\t\t\t\t\t<\/div>\n\n\t\n\n\t<div id=\"col-2041508506\" class=\"col medium-6 small-12 large-6\"  >\n\t\t\t\t<div class=\"col-inner text-left\"  >\n\t\t\t\n\t\t\t\n<p>Bem-vindo ao jttlogos.com, onde apresentamos uma ampla variedade de adesivos com logotipo met\u00e1lico personalizado! Nossa cole\u00e7\u00e3o apresenta uma variedade de op\u00e7\u00f5es, incluindo adesivos de n\u00edquel met\u00e1lico, adesivos de metal 3D de n\u00edquel, adesivos de metal de a\u00e7o inoxid\u00e1vel e adesivos de placa de alum\u00ednio. Esses adesivos de alta qualidade s\u00e3o perfeitos para adicionar um toque de eleg\u00e2ncia e exclusividade aos seus projetos de branding e design.<\/p>\n\t\t<\/div>\n\t\t\t\t\t<\/div>\n\n\t\n<\/div>\n<div class=\"container section-title-container\" ><h4 class=\"section-title section-title-normal\"><b><\/b><span class=\"section-title-main\" >A aplica\u00e7\u00e3o de adesivo com logotipo de metal em produtos de a\u00e7o inoxid\u00e1vel<\/span><b><\/b><\/h4><\/div>\n<div class=\"row row-collapse row-full-width align-middle\"  id=\"row-578510059\">\n\n\t<div id=\"col-1580988042\" class=\"col medium-6 small-12 large-6\"  >\n\t\t\t\t<div class=\"col-inner text-left\"  >\n\t\t\t\n\t\t\t\n<p>Explore nossos adesivos met\u00e1licos personalizados com logotipo em nossa galeria de v\u00eddeos, onde voc\u00ea pode ver esses produtos impressionantes de perto e em a\u00e7\u00e3o. Desde o acabamento elegante dos nossos adesivos personalizados de alum\u00ednio escovado at\u00e9 o apelo atraente dos nossos adesivos personalizados, nossa apresenta\u00e7\u00e3o em v\u00eddeo lhe dar\u00e1 uma vis\u00e3o abrangente do trabalho artesanal e da aten\u00e7\u00e3o aos detalhes de cada adesivo.<\/p>\n\t\t<\/div>\n\t\t\t\t\t<\/div>\n\n\t\n\n\t<div id=\"col-530222488\" class=\"col medium-6 small-12 large-6\"  >\n\t\t\t\t<div class=\"col-inner\"  >\n\t\t\t\n\t\t\t\n<div class=\"video video-fit mb\" style=\"padding-top:56.25%;\"><p><iframe loading=\"lazy\" title=\"A aplica\u00e7\u00e3o de adesivo com logotipo de metal em produtos de a\u00e7o inoxid\u00e1vel\" width=\"1020\" height=\"574\" src=\"https:\/\/www.youtube.com\/embed\/ZWEnES34-po?feature=oembed\" frameborder=\"0\" allow=\"accelerometer; autoplay; clipboard-write; encrypted-media; gyroscope; picture-in-picture; web-share\" referrerpolicy=\"strict-origin-when-cross-origin\" allowfullscreen><\/iframe><\/p>\n<\/div>\n\t\t<\/div>\n\t\t\t\t\t<\/div>\n\n\t\n<\/div>\n<div class=\"container section-title-container\" ><h4 class=\"section-title section-title-normal\"><b><\/b><span class=\"section-title-main\" >A aplica\u00e7\u00e3o de adesivo com logotipo de metal em produtos de vidro<\/span><b><\/b><\/h4><\/div>\n<div class=\"row row-collapse row-full-width align-middle\"  id=\"row-774586643\">\n\n\t<div id=\"col-1678999793\" class=\"col medium-6 small-12 large-6\"  >\n\t\t\t\t<div class=\"col-inner\"  >\n\t\t\t\n\t\t\t\n<div class=\"video video-fit mb\" style=\"padding-top:56.25%;\"><p><iframe loading=\"lazy\" title=\"A aplica\u00e7\u00e3o de adesivo com logotipo de metal em produtos de vidro\" width=\"1020\" height=\"574\" src=\"https:\/\/www.youtube.com\/embed\/hWwQIVk_eyQ?feature=oembed\" frameborder=\"0\" allow=\"accelerometer; autoplay; clipboard-write; encrypted-media; gyroscope; picture-in-picture; web-share\" referrerpolicy=\"strict-origin-when-cross-origin\" allowfullscreen><\/iframe><\/p>\n<\/div>\n\t\t<\/div>\n\t\t\t\t\t<\/div>\n\n\t\n\n\t<div id=\"col-2034528578\" class=\"col medium-6 small-12 large-6\"  >\n\t\t\t\t<div class=\"col-inner text-left\"  >\n\t\t\t\n\t\t\t\n<p>Se voc\u00ea deseja criar um design personalizado ou fazer um pedido em grandes quantidades, nossos adesivos met\u00e1licos personalizados com logotipo s\u00e3o projetados para atender \u00e0s suas necessidades espec\u00edficas. Sem requisitos m\u00ednimos de pedido e com op\u00e7\u00f5es de envio r\u00e1pido, facilitamos a eleva\u00e7\u00e3o da sua marca com nossos adesivos met\u00e1licos premium.<\/p>\n\t\t<\/div>\n\t\t\t\t\t<\/div>\n\n\t\n<\/div>\n<div class=\"container section-title-container\" ><h4 class=\"section-title section-title-normal\"><b><\/b><span class=\"section-title-main\" >A aplica\u00e7\u00e3o de adesivo com logotipo de metal em couro<\/span><b><\/b><\/h4><\/div>\n<div class=\"row row-collapse row-full-width align-middle\"  id=\"row-1117906820\">\n\n\t<div id=\"col-77956123\" class=\"col medium-6 small-12 large-6\"  >\n\t\t\t\t<div class=\"col-inner text-left\"  >\n\t\t\t\n\t\t\t\n<p>Experimente o brilho dos nossos adesivos met\u00e1licos personalizados com logotipo em primeira m\u00e3o, assistindo ao nosso v\u00eddeo de demonstra\u00e7\u00e3o. Inspire-se e descubra como esses adesivos podem aprimorar seus produtos, embalagens e materiais promocionais. Contate-nos hoje para saber mais sobre nossos adesivos met\u00e1licos personalizados com logotipo e como eles podem causar uma impress\u00e3o duradoura em sua empresa.<\/p>\n\t\t<\/div>\n\t\t\t\t\t<\/div>\n\n\t\n\n\t<div id=\"col-1712526121\" class=\"col medium-6 small-12 large-6\"  >\n\t\t\t\t<div class=\"col-inner\"  >\n\t\t\t\n\t\t\t\n<div class=\"video video-fit mb\" style=\"padding-top:56.25%;\"><p><iframe loading=\"lazy\" title=\"A aplica\u00e7\u00e3o de adesivo com logotipo de metal em couro\" width=\"1020\" height=\"574\" src=\"https:\/\/www.youtube.com\/embed\/RS-6NDkGT6M?feature=oembed\" frameborder=\"0\" allow=\"accelerometer; autoplay; clipboard-write; encrypted-media; gyroscope; picture-in-picture; web-share\" referrerpolicy=\"strict-origin-when-cross-origin\" allowfullscreen><\/iframe><\/p>\n<\/div>\n\t\t<\/div>\n\t\t\t\t\t<\/div>\n\n\t\n<\/div>\n<div class=\"row align-middle\"  id=\"row-1533686198\">\n\n\t<div id=\"col-269692511\" class=\"col medium-6 small-12 large-6\"  >\n\t\t\t\t<div class=\"col-inner\"  >\n\t\t\t\n\t\t\t\n<div class=\"video video-fit mb\" style=\"padding-top:56.25%;\"><p><iframe loading=\"lazy\" title=\"A aplica\u00e7\u00e3o de adesivo com logotipo de metal em caixa de pl\u00e1stico para alto-falante bluetooth\" width=\"1020\" height=\"574\" src=\"https:\/\/www.youtube.com\/embed\/iAw2a_8aPUY?feature=oembed\" frameborder=\"0\" allow=\"accelerometer; autoplay; clipboard-write; encrypted-media; gyroscope; picture-in-picture; web-share\" referrerpolicy=\"strict-origin-when-cross-origin\" allowfullscreen><\/iframe><\/p>\n<\/div>\n\t\t<\/div>\n\t\t\t\t\t<\/div>\n\n\t\n\n\t<div id=\"col-10297351\" class=\"col medium-6 small-12 large-6\"  >\n\t\t\t\t<div class=\"col-inner\"  >\n\t\t\t\n\t\t\t\n<div class=\"video video-fit mb\" style=\"padding-top:56.25%;\"><p><iframe loading=\"lazy\" title=\"A aplica\u00e7\u00e3o de adesivo com logotipo de metal em caixa de pl\u00e1stico\" width=\"1020\" height=\"574\" src=\"https:\/\/www.youtube.com\/embed\/NQERkD6A2wo?feature=oembed\" frameborder=\"0\" allow=\"accelerometer; autoplay; clipboard-write; encrypted-media; gyroscope; picture-in-picture; web-share\" referrerpolicy=\"strict-origin-when-cross-origin\" allowfullscreen><\/iframe><\/p>\n<\/div>\n\t\t<\/div>\n\t\t\t\t\t<\/div>\n\n\t\n<\/div>\n<div class=\"row align-middle\"  id=\"row-1948040925\">\n\n\t<div id=\"col-1003545302\" class=\"col medium-6 small-12 large-6\"  >\n\t\t\t\t<div class=\"col-inner\"  >\n\t\t\t\n\t\t\t\n<div class=\"video video-fit mb\" style=\"padding-top:56.25%;\"><p><iframe loading=\"lazy\" title=\"A aplica\u00e7\u00e3o de adesivo com logotipo de metal em material pl\u00e1stico PP\" width=\"1020\" height=\"574\" src=\"https:\/\/www.youtube.com\/embed\/yPLTcDv8SF8?feature=oembed\" frameborder=\"0\" allow=\"accelerometer; autoplay; clipboard-write; encrypted-media; gyroscope; picture-in-picture; web-share\" referrerpolicy=\"strict-origin-when-cross-origin\" allowfullscreen><\/iframe><\/p>\n<\/div>\n\t\t<\/div>\n\t\t\t\t\t<\/div>\n\n\t\n\n\t<div id=\"col-1153150743\" class=\"col medium-6 small-12 large-6\"  >\n\t\t\t\t<div class=\"col-inner\"  >\n\t\t\t\n\t\t\t\n<div class=\"video video-fit mb\" style=\"padding-top:56.25%;\"><p><iframe loading=\"lazy\" title=\"A aplica\u00e7\u00e3o de adesivo com logotipo de metal em produtos de alum\u00ednio\" width=\"1020\" height=\"574\" src=\"https:\/\/www.youtube.com\/embed\/FIEnnT8K9RM?feature=oembed\" frameborder=\"0\" allow=\"accelerometer; autoplay; clipboard-write; encrypted-media; gyroscope; picture-in-picture; web-share\" referrerpolicy=\"strict-origin-when-cross-origin\" allowfullscreen><\/iframe><\/p>\n<\/div>\n\t\t<\/div>\n\t\t\t\t\t<\/div>\n\n\t\n<\/div>\n\t\t<\/div>\n\n\t\t\n<style>\n#section_1949245112 {\n  padding-top: 0px;\n  padding-bottom: 0px;\n}\n@media (min-width:550px) {\n  #section_1949245112 {\n    padding-top: 30px;\n    padding-bottom: 30px;\n  }\n}\n<\/style>\n\t<\/section>","protected":false},"excerpt":{"rendered":"","protected":false},"author":1,"featured_media":0,"parent":0,"menu_order":0,"comment_status":"closed","ping_status":"closed","template":"page-blank-title-center.php","meta":{"footnotes":""},"class_list":["post-3268","page","type-page","status-publish","hentry"],"jetpack-related-posts":[],"jetpack_sharing_enabled":true,"_links":{"self":[{"href":"https:\/\/jttlogos.com\/pt\/wp-json\/wp\/v2\/pages\/3268","targetHints":{"allow":["GET"]}}],"collection":[{"href":"https:\/\/jttlogos.com\/pt\/wp-json\/wp\/v2\/pages"}],"about":[{"href":"https:\/\/jttlogos.com\/pt\/wp-json\/wp\/v2\/types\/page"}],"author":[{"embeddable":true,"href":"https:\/\/jttlogos.com\/pt\/wp-json\/wp\/v2\/users\/1"}],"replies":[{"embeddable":true,"href":"https:\/\/jttlogos.com\/pt\/wp-json\/wp\/v2\/comments?post=3268"}],"version-history":[{"count":0,"href":"https:\/\/jttlogos.com\/pt\/wp-json\/wp\/v2\/pages\/3268\/revisions"}],"wp:attachment":[{"href":"https:\/\/jttlogos.com\/pt\/wp-json\/wp\/v2\/media?parent=3268"}],"curies":[{"name":"wp","href":"https:\/\/api.w.org\/{rel}","templated":true}]}}