{"id":61,"date":"2018-02-27T14:09:50","date_gmt":"2018-02-27T14:09:50","guid":{"rendered":"https:\/\/xml-io.proteusthemes.com\/woondershop-amazon\/?page_id=61"},"modified":"2024-03-30T09:38:04","modified_gmt":"2024-03-30T09:38:04","slug":"todas-as-categorias","status":"publish","type":"page","link":"https:\/\/jttlogos.com\/pt\/all-categories\/","title":{"rendered":"Departamentos"},"content":{"rendered":"<section class=\"section\" id=\"section_2006204194\">\n\t\t<div class=\"bg section-bg fill bg-fill  bg-loaded\" >\n\n\t\t\t\n\t\t\t\n\t\t\t\n\n\t\t<\/div>\n\n\t\t\n\n\t\t<div class=\"section-content relative\">\n\t\t\t\n<div class=\"row\"  id=\"row-1182781459\">\n\n\t<div id=\"col-1882638286\" class=\"col small-12 large-12\"  >\n\t\t\t\t<div class=\"col-inner\"  >\n\t\t\t\n\t\t\t\n<p style=\"text-align: center;\"><strong>Bem-vindo ao JTT Logos \u2013 Seu destino para adesivos met\u00e1licos personalizados<\/strong><\/p>\n<p>Na JTT Logos, somos uma f\u00e1brica l\u00edder especializada em adesivos met\u00e1licos personalizados, oferecendo uma ampla gama de op\u00e7\u00f5es de personaliza\u00e7\u00e3o para elevar seus produtos. Explore nossa cole\u00e7\u00e3o de adesivos de metal de n\u00edquel, adesivos de metal de a\u00e7o inoxid\u00e1vel, adesivos de metal 3D, adesivos de metal de malha de alto-falante, adesivos de metal para bandeiras de carros, adesivos de metal para clubes de golfe, adesivos de metal para perfumes e adesivos de metal para capas de telefone. Nossos produtos s\u00e3o elaborados com precis\u00e3o e qualidade, pensados para valorizar a est\u00e9tica de suas pe\u00e7as.<\/p>\n<p>Com compromisso com a excel\u00eancia, oferecemos solu\u00e7\u00f5es de adesivos personalizados para clientes em todo o mundo, aceitando pedidos de qualquer pa\u00eds. Esteja voc\u00ea procurando etiquetas met\u00e1licas exclusivas, adesivos met\u00e1licos personalizados ou decalques met\u00e1licos especializados, a JTT Logos \u00e9 a fonte ideal para servi\u00e7os de personaliza\u00e7\u00e3o premium. Eleve sua marca com nossos produtos de alta qualidade e deixe seus produtos brilharem com sofistica\u00e7\u00e3o e estilo.<\/p>\n<p>Experimente a diferen\u00e7a com JTT Logos \u2013 onde a personaliza\u00e7\u00e3o encontra a qualidade em cada adesivo met\u00e1lico que criamos. Contate-nos hoje para explorar nossa ampla gama de op\u00e7\u00f5es personalizadas e transformar seus produtos com nossos adesivos met\u00e1licos personalizados.<\/p>\n\t\t<\/div>\n\t\t\t\t\t<\/div>\n\n\t\n<\/div>\n\t\t<\/div>\n\n\t\t\n<style>\n#section_2006204194 {\n  padding-top: 30px;\n  padding-bottom: 30px;\n}\n<\/style>\n\t<\/section>\n\t\n\t<section class=\"section\" id=\"section_1718153800\">\n\t\t<div class=\"bg section-bg fill bg-fill  bg-loaded\" >\n\n\t\t\t\n\t\t\t\n\t\t\t\n\n\t\t<\/div>\n\n\t\t\n\n\t\t<div class=\"section-content relative\">\n\t\t\t\n<div class=\"row\"  id=\"row-1418499035\">\n\n\t<div id=\"col-597962133\" class=\"col medium-6 small-12 large-6\"  >\n\t\t\t\t<div class=\"col-inner\"  >\n\t\t\t\n\t\t\t\n\n  <div class=\"banner has-hover\" id=\"banner-355365534\">\n          <div class=\"banner-inner fill\">\n        <div class=\"banner-bg fill\" >\n            <div class=\"bg fill bg-fill\"><\/div>\n                        <div class=\"overlay\"><\/div>            \n                    <\/div>\n\t\t\n        <div class=\"banner-layers container\">\n            <a class=\"fill\" href=\"https:\/\/jttlogos.com\/pt\/categoria-de-produto\/adesivo-de-metal-niquel\/\" ><div class=\"fill banner-link\"><\/div><\/a>            \n   <div id=\"text-box-1928646194\" class=\"text-box banner-layer x5 md-x10 lg-x10 y50 md-y50 lg-y50 res-text\">\n                                <div class=\"text-box-content text dark\">\n              \n              <div class=\"text-inner text-center\">\n                  \n<h3 class=\"uppercase\">Adesivos personalizados de n\u00edquel met\u00e1lico<\/h3>\n<p>Adesivo com logotipo de metal para eletrodom\u00e9sticos, celulares, computadores, etc.<\/p>\n              <\/div>\n           <\/div>\n                            \n<style>\n#text-box-1928646194 {\n  width: 52%;\n}\n#text-box-1928646194 .text-box-content {\n  font-size: 100%;\n}\n@media (min-width:550px) {\n  #text-box-1928646194 {\n    width: 40%;\n  }\n}\n<\/style>\n    <\/div>\n \n        <\/div>\n      <\/div>\n\n            \n<style>\n#banner-355365534 {\n  padding-top: 50%;\n}\n#banner-355365534 .bg.bg-loaded {\n  background-image: url(https:\/\/i0.wp.com\/jttlogos.com\/wp-content\/uploads\/2024\/03\/JTT_Metal_Nickel_Sticker.webp?fit=625%2C300&ssl=1);\n}\n#banner-355365534 .overlay {\n  background-color: rgba(0, 0, 0, 0.31);\n}\n#banner-355365534 .bg {\n  background-position: 46% 43%;\n}\n<\/style>\n  <\/div>\n\n\n\t\t<\/div>\n\t\t\t\t\t<\/div>\n\n\t\n\n\t<div id=\"col-312750193\" class=\"col medium-6 small-12 large-6\"  >\n\t\t\t\t<div class=\"col-inner\"  >\n\t\t\t\n\t\t\t\n\n  <div class=\"banner has-hover\" id=\"banner-2132744917\">\n          <div class=\"banner-inner fill\">\n        <div class=\"banner-bg fill\" >\n            <div class=\"bg fill bg-fill\"><\/div>\n                        <div class=\"overlay\"><\/div>            \n                    <\/div>\n\t\t\n        <div class=\"banner-layers container\">\n            <a class=\"fill\" href=\"https:\/\/jttlogos.com\/pt\/categoria-de-produto\/stainless-steel-sticker\/\" ><div class=\"fill banner-link\"><\/div><\/a>            \n   <div id=\"text-box-1522184928\" class=\"text-box banner-layer x5 md-x10 lg-x10 y50 md-y50 lg-y50 res-text\">\n                                <div class=\"text-box-content text dark\">\n              \n              <div class=\"text-inner text-center\">\n                  \n<h3 class=\"uppercase\">Adesivo personalizado de a\u00e7o inoxid\u00e1vel<\/h3>\n<p>Adesivo de metal de a\u00e7o inoxid\u00e1vel usado para produtos eletr\u00f4nicos, embalagens de presente<\/p>\n              <\/div>\n           <\/div>\n                            \n<style>\n#text-box-1522184928 {\n  width: 52%;\n}\n#text-box-1522184928 .text-box-content {\n  font-size: 100%;\n}\n@media (min-width:550px) {\n  #text-box-1522184928 {\n    width: 40%;\n  }\n}\n<\/style>\n    <\/div>\n \n        <\/div>\n      <\/div>\n\n            \n<style>\n#banner-2132744917 {\n  padding-top: 50%;\n}\n#banner-2132744917 .bg.bg-loaded {\n  background-image: url(https:\/\/i0.wp.com\/jttlogos.com\/wp-content\/uploads\/2024\/03\/Stainless_Steel_Sticker.webp?fit=625%2C300&ssl=1);\n}\n#banner-2132744917 .overlay {\n  background-color: rgba(0, 0, 0, 0.31);\n}\n#banner-2132744917 .bg {\n  background-position: 51% 57%;\n}\n<\/style>\n  <\/div>\n\n\n\t\t<\/div>\n\t\t\t\t\t<\/div>\n\n\t\n<\/div>\n\t\t<\/div>\n\n\t\t\n<style>\n#section_1718153800 {\n  padding-top: 30px;\n  padding-bottom: 30px;\n}\n<\/style>\n\t<\/section>\n\t\n\t<section class=\"section\" id=\"section_342880805\">\n\t\t<div class=\"bg section-bg fill bg-fill  bg-loaded\" >\n\n\t\t\t\n\t\t\t\n\t\t\t\n\n\t\t<\/div>\n\n\t\t\n\n\t\t<div class=\"section-content relative\">\n\t\t\t\n<div class=\"row\"  id=\"row-1686576573\">\n\n\t<div id=\"col-2084784963\" class=\"col medium-4 small-12 large-4\"  >\n\t\t\t\t<div class=\"col-inner\"  >\n\t\t\t\n\t\t\t\n\n  <div class=\"banner has-hover\" id=\"banner-1033054859\">\n          <div class=\"banner-inner fill\">\n        <div class=\"banner-bg fill\" >\n            <div class=\"bg fill bg-fill\"><\/div>\n                        <div class=\"overlay\"><\/div>            \n                    <\/div>\n\t\t\n        <div class=\"banner-layers container\">\n            <a class=\"fill\" href=\"https:\/\/jttlogos.com\/pt\/categoria-de-produto\/adesivo-metalico-3d\/\" ><div class=\"fill banner-link\"><\/div><\/a>            \n   <div id=\"text-box-1114266950\" class=\"text-box banner-layer x5 md-x10 lg-x10 y80 md-y65 lg-y65 res-text\">\n                                <div class=\"text-box-content text dark\">\n              \n              <div class=\"text-inner text-center\">\n                  \n<h3 class=\"uppercase\">Adesivos met\u00e1licos 3D<\/h3>\n<p>Usado para produtos eletr\u00f4nicos, garrafas de vinho, m\u00e1quinas etc.<\/p>\n              <\/div>\n           <\/div>\n                            \n<style>\n#text-box-1114266950 {\n  width: 75%;\n}\n#text-box-1114266950 .text-box-content {\n  font-size: 100%;\n}\n@media (min-width:550px) {\n  #text-box-1114266950 {\n    width: 45%;\n  }\n}\n<\/style>\n    <\/div>\n \n        <\/div>\n      <\/div>\n\n            \n<style>\n#banner-1033054859 {\n  padding-top: 60%;\n  background-color: rgb(255,255,255);\n}\n#banner-1033054859 .bg.bg-loaded {\n  background-image: url(https:\/\/jttlogos.com\/wp-content\/uploads\/2024\/03\/3D_Sticker.webp);\n}\n#banner-1033054859 .overlay {\n  background-color: rgba(0, 0, 0, 0.326);\n}\n#banner-1033054859 .bg {\n  background-position: 57% 51%;\n}\n<\/style>\n  <\/div>\n\n\n\t\t<\/div>\n\t\t\t\t\t<\/div>\n\n\t\n\n\t<div id=\"col-585823779\" class=\"col medium-4 small-12 large-4\"  >\n\t\t\t\t<div class=\"col-inner\"  >\n\t\t\t\n\t\t\t\n\n  <div class=\"banner has-hover\" id=\"banner-1280220235\">\n          <div class=\"banner-inner fill\">\n        <div class=\"banner-bg fill\" >\n            <div class=\"bg fill bg-fill\"><\/div>\n                        <div class=\"overlay\"><\/div>            \n                    <\/div>\n\t\t\n        <div class=\"banner-layers container\">\n            <a class=\"fill\" href=\"https:\/\/jttlogos.com\/pt\/categoria-de-produto\/adesivo-de-metal-de-malha-de-alto-falante\/\" ><div class=\"fill banner-link\"><\/div><\/a>            \n   <div id=\"text-box-374981291\" class=\"text-box banner-layer x5 md-x10 lg-x10 y80 md-y65 lg-y65 res-text\">\n                                <div class=\"text-box-content text dark\">\n              \n              <div class=\"text-inner text-center\">\n                  \n<h3 class=\"uppercase\">Adesivos de metal para tacos de golfe<\/h3>\n<p>Adesivo de metal usado para tacos de golfe<\/p>\n              <\/div>\n           <\/div>\n                            \n<style>\n#text-box-374981291 {\n  width: 75%;\n}\n#text-box-374981291 .text-box-content {\n  font-size: 100%;\n}\n@media (min-width:550px) {\n  #text-box-374981291 {\n    width: 45%;\n  }\n}\n<\/style>\n    <\/div>\n \n        <\/div>\n      <\/div>\n\n            \n<style>\n#banner-1280220235 {\n  padding-top: 60%;\n  background-color: rgb(255,255,255);\n}\n#banner-1280220235 .bg.bg-loaded {\n  background-image: url(https:\/\/jttlogos.com\/wp-content\/uploads\/2024\/03\/Golf_Clubs_Metal_Sticker.webp);\n}\n#banner-1280220235 .overlay {\n  background-color: rgba(0, 0, 0, 0.326);\n}\n#banner-1280220235 .bg {\n  background-position: 57% 51%;\n}\n<\/style>\n  <\/div>\n\n\n\t\t<\/div>\n\t\t\t\t\t<\/div>\n\n\t\n\n\t<div id=\"col-982858012\" class=\"col medium-4 small-12 large-4\"  >\n\t\t\t\t<div class=\"col-inner\"  >\n\t\t\t\n\t\t\t\n\n  <div class=\"banner has-hover\" id=\"banner-915920263\">\n          <div class=\"banner-inner fill\">\n        <div class=\"banner-bg fill\" >\n            <div class=\"bg fill bg-fill\"><\/div>\n                        <div class=\"overlay\"><\/div>            \n                    <\/div>\n\t\t\n        <div class=\"banner-layers container\">\n            <a class=\"fill\" href=\"https:\/\/jttlogos.com\/pt\/categoria-de-produto\/adesivo-de-metal-para-bandeiras-de-carro\/\" ><div class=\"fill banner-link\"><\/div><\/a>            \n   <div id=\"text-box-9501930\" class=\"text-box banner-layer x5 md-x10 lg-x10 y80 md-y65 lg-y65 res-text\">\n                                <div class=\"text-box-content text dark\">\n              \n              <div class=\"text-inner text-center\">\n                  \n<h3 class=\"uppercase\">Adesivos de metal de malha de alto-falante<\/h3>\n<p>Usado para telefones, tablets, equipamentos de \u00e1udio, etc.<\/p>\n              <\/div>\n           <\/div>\n                            \n<style>\n#text-box-9501930 {\n  width: 75%;\n}\n#text-box-9501930 .text-box-content {\n  font-size: 100%;\n}\n@media (min-width:550px) {\n  #text-box-9501930 {\n    width: 45%;\n  }\n}\n<\/style>\n    <\/div>\n \n        <\/div>\n      <\/div>\n\n            \n<style>\n#banner-915920263 {\n  padding-top: 60%;\n  background-color: rgb(255,255,255);\n}\n#banner-915920263 .bg.bg-loaded {\n  background-image: url(https:\/\/jttlogos.com\/wp-content\/uploads\/2024\/03\/Speaker_Mesh.webp);\n}\n#banner-915920263 .overlay {\n  background-color: rgba(0, 0, 0, 0.326);\n}\n#banner-915920263 .bg {\n  background-position: 57% 51%;\n}\n<\/style>\n  <\/div>\n\n\n\t\t<\/div>\n\t\t\t\t\t<\/div>\n\n\t\n\n\t<div id=\"col-1065701922\" class=\"col medium-4 small-12 large-4\"  >\n\t\t\t\t<div class=\"col-inner\"  >\n\t\t\t\n\t\t\t\n\n  <div class=\"banner has-hover\" id=\"banner-1849873758\">\n          <div class=\"banner-inner fill\">\n        <div class=\"banner-bg fill\" >\n            <div class=\"bg fill bg-fill\"><\/div>\n                        <div class=\"overlay\"><\/div>            \n                    <\/div>\n\t\t\n        <div class=\"banner-layers container\">\n            <a class=\"fill\" href=\"https:\/\/jttlogos.com\/pt\/categoria-de-produto\/adesivo-de-metal-para-tacos-de-golfe\/\" ><div class=\"fill banner-link\"><\/div><\/a>            \n   <div id=\"text-box-617072387\" class=\"text-box banner-layer x5 md-x10 lg-x10 y80 md-y65 lg-y65 res-text\">\n                                <div class=\"text-box-content text dark\">\n              \n              <div class=\"text-inner text-center\">\n                  \n<h3 class=\"uppercase\">Adesivos de metal para perfumes<\/h3>\n<p>Adesivo para frascos de perfume<br \/>\ne frascos de cosm\u00e9ticos<\/p>\n              <\/div>\n           <\/div>\n                            \n<style>\n#text-box-617072387 {\n  width: 75%;\n}\n#text-box-617072387 .text-box-content {\n  font-size: 100%;\n}\n@media (min-width:550px) {\n  #text-box-617072387 {\n    width: 45%;\n  }\n}\n<\/style>\n    <\/div>\n \n        <\/div>\n      <\/div>\n\n            \n<style>\n#banner-1849873758 {\n  padding-top: 60%;\n  background-color: rgb(255,255,255);\n}\n#banner-1849873758 .bg.bg-loaded {\n  background-image: url(https:\/\/jttlogos.com\/wp-content\/uploads\/2024\/03\/Perfume_Sticker.webp);\n}\n#banner-1849873758 .overlay {\n  background-color: rgba(0, 0, 0, 0.326);\n}\n#banner-1849873758 .bg {\n  background-position: 57% 51%;\n}\n<\/style>\n  <\/div>\n\n\n\t\t<\/div>\n\t\t\t\t\t<\/div>\n\n\t\n\n\t<div id=\"col-427244047\" class=\"col medium-4 small-12 large-4\"  >\n\t\t\t\t<div class=\"col-inner\"  >\n\t\t\t\n\t\t\t\n\n  <div class=\"banner has-hover\" id=\"banner-710496732\">\n          <div class=\"banner-inner fill\">\n        <div class=\"banner-bg fill\" >\n            <div class=\"bg fill bg-fill\"><\/div>\n                        <div class=\"overlay\"><\/div>            \n                    <\/div>\n\t\t\n        <div class=\"banner-layers container\">\n            <a class=\"fill\" href=\"https:\/\/jttlogos.com\/pt\/categoria-de-produto\/adesivo-de-metal-para-perfume\/\" ><div class=\"fill banner-link\"><\/div><\/a>            \n   <div id=\"text-box-1689621329\" class=\"text-box banner-layer x5 md-x10 lg-x10 y80 md-y65 lg-y65 res-text\">\n                                <div class=\"text-box-content text dark\">\n              \n              <div class=\"text-inner text-center\">\n                  \n<h3 class=\"uppercase\">Adesivos de metal para bandeiras de carros<\/h3>\n<p>Adesivo de metal usado para bandeiras de carros<\/p>\n              <\/div>\n           <\/div>\n                            \n<style>\n#text-box-1689621329 {\n  width: 75%;\n}\n#text-box-1689621329 .text-box-content {\n  font-size: 100%;\n}\n@media (min-width:550px) {\n  #text-box-1689621329 {\n    width: 45%;\n  }\n}\n<\/style>\n    <\/div>\n \n        <\/div>\n      <\/div>\n\n            \n<style>\n#banner-710496732 {\n  padding-top: 60%;\n  background-color: rgb(255,255,255);\n}\n#banner-710496732 .bg.bg-loaded {\n  background-image: url(https:\/\/jttlogos.com\/wp-content\/uploads\/2024\/03\/Car_Flags_Metal_Sticker.webp);\n}\n#banner-710496732 .overlay {\n  background-color: rgba(0, 0, 0, 0.326);\n}\n#banner-710496732 .bg {\n  background-position: 57% 51%;\n}\n<\/style>\n  <\/div>\n\n\n\t\t<\/div>\n\t\t\t\t\t<\/div>\n\n\t\n\n\t<div id=\"col-1239709012\" class=\"col medium-4 small-12 large-4\"  >\n\t\t\t\t<div class=\"col-inner\"  >\n\t\t\t\n\t\t\t\n\n  <div class=\"banner has-hover\" id=\"banner-1704676957\">\n          <div class=\"banner-inner fill\">\n        <div class=\"banner-bg fill\" >\n            <div class=\"bg fill bg-fill\"><\/div>\n                        <div class=\"overlay\"><\/div>            \n                    <\/div>\n\t\t\n        <div class=\"banner-layers container\">\n            <a class=\"fill\" href=\"https:\/\/jttlogos.com\/pt\/categoria-de-produto\/adesivo-de-metal-para-capa-de-telefone\/\" ><div class=\"fill banner-link\"><\/div><\/a>            \n   <div id=\"text-box-1151315019\" class=\"text-box banner-layer x5 md-x10 lg-x10 y80 md-y65 lg-y65 res-text\">\n                                <div class=\"text-box-content text dark\">\n              \n              <div class=\"text-inner text-center\">\n                  \n<h3 class=\"uppercase\">Adesivos de metal para capa de telefone<\/h3>\n<p>Adesivo de metal usado para capa de telefone<\/p>\n              <\/div>\n           <\/div>\n                            \n<style>\n#text-box-1151315019 {\n  width: 75%;\n}\n#text-box-1151315019 .text-box-content {\n  font-size: 100%;\n}\n@media (min-width:550px) {\n  #text-box-1151315019 {\n    width: 45%;\n  }\n}\n<\/style>\n    <\/div>\n \n        <\/div>\n      <\/div>\n\n            \n<style>\n#banner-1704676957 {\n  padding-top: 60%;\n  background-color: rgb(255,255,255);\n}\n#banner-1704676957 .bg.bg-loaded {\n  background-image: url(https:\/\/jttlogos.com\/wp-content\/uploads\/2024\/03\/Phone_Case_Sticker.webp);\n}\n#banner-1704676957 .overlay {\n  background-color: rgba(0, 0, 0, 0.326);\n}\n#banner-1704676957 .bg {\n  background-position: 57% 51%;\n}\n<\/style>\n  <\/div>\n\n\n\t\t<\/div>\n\t\t\t\t\t<\/div>\n\n\t\n<\/div>\n\t\t<\/div>\n\n\t\t\n<style>\n#section_342880805 {\n  padding-top: 25px;\n  padding-bottom: 25px;\n  margin-bottom: -25px;\n}\n@media (min-width:850px) {\n  #section_342880805 {\n    padding-top: 40px;\n    padding-bottom: 40px;\n  }\n}\n<\/style>\n\t<\/section>","protected":false},"excerpt":{"rendered":"","protected":false},"author":1,"featured_media":2327,"parent":0,"menu_order":0,"comment_status":"closed","ping_status":"closed","template":"","meta":{"footnotes":""},"class_list":["post-61","page","type-page","status-publish","has-post-thumbnail","hentry"],"jetpack-related-posts":[],"jetpack_sharing_enabled":true,"_links":{"self":[{"href":"https:\/\/jttlogos.com\/pt\/wp-json\/wp\/v2\/pages\/61","targetHints":{"allow":["GET"]}}],"collection":[{"href":"https:\/\/jttlogos.com\/pt\/wp-json\/wp\/v2\/pages"}],"about":[{"href":"https:\/\/jttlogos.com\/pt\/wp-json\/wp\/v2\/types\/page"}],"author":[{"embeddable":true,"href":"https:\/\/jttlogos.com\/pt\/wp-json\/wp\/v2\/users\/1"}],"replies":[{"embeddable":true,"href":"https:\/\/jttlogos.com\/pt\/wp-json\/wp\/v2\/comments?post=61"}],"version-history":[{"count":0,"href":"https:\/\/jttlogos.com\/pt\/wp-json\/wp\/v2\/pages\/61\/revisions"}],"wp:featuredmedia":[{"embeddable":true,"href":"https:\/\/jttlogos.com\/pt\/wp-json\/wp\/v2\/media\/2327"}],"wp:attachment":[{"href":"https:\/\/jttlogos.com\/pt\/wp-json\/wp\/v2\/media?parent=61"}],"curies":[{"name":"wp","href":"https:\/\/api.w.org\/{rel}","templated":true}]}}