{"id":2426,"date":"2020-05-11T06:13:14","date_gmt":"2020-05-11T06:13:14","guid":{"rendered":"https:\/\/jttlogos.com\/?post_type=product&#038;p=2426"},"modified":"2026-04-18T12:03:33","modified_gmt":"2026-04-18T12:03:33","slug":"custom-nickel-logo-sticker-electroforming-colorful-metal-sticker-with-strong-3m-glue-shiny-metal-stickers-for-perfume","status":"publish","type":"product","link":"https:\/\/jttlogos.com\/pt\/produtos\/adesivo-de-logotipo-de-niquel-personalizado-adesivo-de-metal-colorido-com-eletroformacao-com-cola-forte-de-3m-adesivos-de-metal-brilhantes-para-perfume\/","title":{"rendered":"Custom Shiny Nickel Metal Logo Sticker with Strong 3M Adhesive for Perfume Bottles and Luxury Packaging"},"content":{"rendered":"<article style=\"font-family: 'Segoe UI', Arial, sans-serif; color: #333333; line-height: 1.7; max-width: 100%px; margin: 0 auto; padding: 20px; background-color: #ffffff;\">\n<div style=\"background-color: #f8f9fa; border: 1px solid #e1e4e8; border-radius: 8px; padding: 25px; margin-bottom: 30px; display: flex; flex-wrap: wrap; justify-content: space-between; align-items: center;\">\n<div style=\"flex: 1; min-width: 300px;\">\n<p style=\"margin: 0; font-size: 1.2em; font-weight: bold; color: #2c3e50;\">Transforme a embalagem da sua marca hoje<\/p>\n<p style=\"margin: 5px 0 0 0; font-size: 0.95em; color: #555;\">Fa\u00e7a parceria com uma f\u00e1brica profissional com mais de 20 anos de experi\u00eancia em fabrica\u00e7\u00e3o. Contate-nos para especifica\u00e7\u00f5es personalizadas, solu\u00e7\u00f5es sob medida e garanta sua refer\u00eancia de amostra.<\/p>\n<\/div>\n<div style=\"margin-top: 15px; display: flex; gap: 15px;\"><a style=\"background-color: #0056b3; color: #ffffff; padding: 12px 24px; text-decoration: none; border-radius: 4px; font-weight: bold; text-align: center; display: inline-block; cursor: pointer;\" href=\"https:\/\/jttlogos.com\/pt\/contate-nos\/\">Solicite um or\u00e7amento personalizado<\/a><br \/>\n<a style=\"background-color: #ffffff; color: #0056b3; border: 2px solid #0056b3; padding: 10px 24px; text-decoration: none; border-radius: 4px; font-weight: bold; text-align: center; display: inline-block; cursor: pointer;\" href=\"mailto:fiona@jttlogo.net\">Obtenha uma amostra<\/a><\/div>\n<\/div>\n<p><!-- Media Area (Retaining concept of original media for visual quality) --><\/p>\n<div style=\"text-align: center; margin-bottom: 30px;\"><!-- Placeholder for the original images as requested to be retained --><\/p>\n<div style=\"background-color: #f1f1f1; border: 1px dashed #cccccc; padding: 40px; border-radius: 8px; margin-bottom: 15px;\">\n<p><iframe loading=\"lazy\" title=\"Adesivo de logotipo de n\u00edquel adesivo de metal colorido com cola forte 3M adesivos de metal brilhante para perfume\" width=\"1020\" height=\"574\" src=\"https:\/\/www.youtube.com\/embed\/0UHi0WdqVMw?feature=oembed\" frameborder=\"0\" allow=\"accelerometer; autoplay; clipboard-write; encrypted-media; gyroscope; picture-in-picture; web-share\" referrerpolicy=\"strict-origin-when-cross-origin\" allowfullscreen><\/iframe><\/p>\n<\/div>\n<div style=\"background-color: #f1f1f1; border: 1px dashed #cccccc; padding: 40px; border-radius: 8px;\">\n<p style=\"color: #666; font-style: italic; margin: 0;\"><img data-recalc-dims=\"1\" decoding=\"async\" class=\"alignnone wp-image-1418 size-full\" src=\"https:\/\/i0.wp.com\/jttlogos.com\/wp-content\/uploads\/2020\/05\/Perfume-metal-sticker-5.jpg?resize=600%2C450&#038;ssl=1\" alt=\"Adesivo brilhante com logotipo de n\u00edquel personalizado aplicado em um frasco de perfume de luxo\" width=\"600\" height=\"450\" title=\"\"><\/p>\n<\/div>\n<\/div>\n<p style=\"font-size: 1.1em; margin-bottom: 25px;\">Eleve a apresenta\u00e7\u00e3o do seu produto com nosso premium <strong>custom nickel logo sticker<\/strong>. Projetados especificamente para marcas de luxo, incluindo embalagens de cosm\u00e9ticos e linhas de fragr\u00e2ncias, estes <strong>shiny metal stickers for perfume<\/strong> as garrafas oferecem um acabamento met\u00e1lico sofisticado e de alta qualidade. Fabricado por JTT Precision Metal Co., Ltd.<a href=\"https:\/\/jttlogos.com\/pt\/\">jttlogos.com<\/a>), um veterano do setor com mais de 20 anos de experi\u00eancia em fabrica\u00e7\u00e3o especializada, nossos <strong>adesivos de metal n\u00edquel<\/strong> s\u00e3o fabricados usando uma t\u00e9cnica avan\u00e7ada de galvanoplastia. Ao utilizar n\u00edquel met\u00e1lico 100% e adesivo 3M robusto, oferecemos uma solu\u00e7\u00e3o de marca requintada que adere perfeitamente a v\u00e1rias superf\u00edcies, ao mesmo tempo que resiste ao desgaste e aos fatores ambientais.<\/p>\n<p><!-- Inline CSS Beautified Knowledge Points --><\/p>\n<div style=\"background: linear-gradient(135deg, #fdfbfb 0%, #ebedee 100%); border-left: 5px solid #0056b3; padding: 20px; border-radius: 4px; margin-bottom: 35px; box-shadow: 0 2px 5px rgba(0,0,0,0.05);\">\n<h2 style=\"margin-top: 0; color: #0056b3; font-size: 1.4em; border-bottom: none;\">Por que escolher nossos adesivos de metal coloridos?<\/h2>\n<ul style=\"list-style-type: none; padding-left: 0; margin-bottom: 0;\">\n<li style=\"margin-bottom: 12px; padding-left: 25px; position: relative;\"><span style=\"color: #0056b3; position: absolute; left: 0; font-weight: bold;\">\u2713<\/span> <strong>D\u00e9cadas de Excel\u00eancia em Fabrica\u00e7\u00e3o:<\/strong> Mais de 20 anos de experi\u00eancia pr\u00e1tica em produ\u00e7\u00e3o garantem uma produ\u00e7\u00e3o consistente e premium para seus adesivos de marca de metal personalizados.<\/li>\n<li style=\"margin-bottom: 12px; padding-left: 25px; position: relative;\"><span style=\"color: #0056b3; position: absolute; left: 0; font-weight: bold;\">\u2713<\/span> <strong>Versatile Adhesive Integration:<\/strong> Utilizando adesivo 3M premium, cola termofus\u00edvel 3M ou autoadesivo dupla face, garantindo uma liga\u00e7\u00e3o permanente em substratos de vidro, pl\u00e1stico e metal.<\/li>\n<li style=\"margin-bottom: 12px; padding-left: 25px; position: relative;\"><span style=\"color: #0056b3; position: absolute; left: 0; font-weight: bold;\">\u2713<\/span> <strong>Conformidade e seguran\u00e7a rigorosas:<\/strong> Fully certified with SGS, ROHS, and MSDS, guaranteeing eco-friendly and medically safe handling for cosmetic packaging metal logos.<\/li>\n<li style=\"margin-bottom: 0; padding-left: 25px; position: relative;\"><span style=\"color: #0056b3; position: absolute; left: 0; font-weight: bold;\">\u2713<\/span> <strong>Unlimited Customization:<\/strong> Tailor your personalized nickel nameplate to any size, shape, and color to flawlessly align with your corporate identity.<\/li>\n<\/ul>\n<\/div>\n<h2 style=\"color: #2c3e50; border-bottom: 2px solid #eaeaea; padding-bottom: 8px; margin-top: 40px;\">Especifica\u00e7\u00f5es t\u00e9cnicas e detalhes do produto<\/h2>\n<p>To assist procurement specialists and product designers in evaluating our manufacturing capability, we have outlined the precise technical specifications of our <strong>custom metal brand emblem<\/strong> solu\u00e7\u00f5es. Nossa abordagem transparente em rela\u00e7\u00e3o ao fornecimento de materiais e aos padr\u00f5es de produ\u00e7\u00e3o demonstra nosso compromisso com a qualidade.<\/p>\n<p><!-- Inline CSS Beautified Table --><\/p>\n<div style=\"overflow-x: auto; margin-bottom: 30px;\">\n<table style=\"width: 100%; border-collapse: collapse; text-align: left; background-color: #ffffff; box-shadow: 0 1px 3px rgba(0,0,0,0.1);\">\n<thead>\n<tr style=\"background-color: #0056b3; color: #ffffff;\">\n<th style=\"padding: 15px; border: 1px solid #ddd; font-weight: bold; width: 30%;\">Recurso<\/th>\n<th style=\"padding: 15px; border: 1px solid #ddd; font-weight: bold; width: 70%;\">Detalhes da especifica\u00e7\u00e3o<\/th>\n<\/tr>\n<\/thead>\n<tbody>\n<tr>\n<td style=\"padding: 12px 15px; border: 1px solid #ddd; background-color: #f9f9f9; font-weight: bold; color: #333;\">Categoria de item<\/td>\n<td style=\"padding: 12px 15px; border: 1px solid #ddd;\"><a href=\"https:\/\/jttlogos.com\/pt\/categoria-de-produto\/adesivo-de-metal-niquel\/\">Adesivo de metal n\u00edquel<\/a> \/ etiqueta do logotipo do metal 3D\/etiqueta de a\u00e7o inoxid\u00e1vel do logotipo do metal<\/td>\n<\/tr>\n<tr>\n<td style=\"padding: 12px 15px; border: 1px solid #ddd; font-weight: bold; color: #333;\">Composi\u00e7\u00e3o de Materiais<\/td>\n<td style=\"padding: 12px 15px; border: 1px solid #ddd;\">100% Metal Nickel<\/td>\n<\/tr>\n<tr>\n<td style=\"padding: 12px 15px; border: 1px solid #ddd; background-color: #f9f9f9; font-weight: bold; color: #333;\">T\u00e9cnica de Fabrica\u00e7\u00e3o<\/td>\n<td style=\"padding: 12px 15px; border: 1px solid #ddd;\">Galvanoplastia Avan\u00e7ada<\/td>\n<\/tr>\n<tr>\n<td style=\"padding: 12px 15px; border: 1px solid #ddd; font-weight: bold; color: #333;\">Espessura do material<\/td>\n<td style=\"padding: 12px 15px; border: 1px solid #ddd;\">0,045 mm \u2013 0,12 mm (ultrafino e flex\u00edvel para superf\u00edcies curvas)<\/td>\n<\/tr>\n<tr>\n<td style=\"padding: 12px 15px; border: 1px solid #ddd; background-color: #f9f9f9; font-weight: bold; color: #333;\">Tamanho e cor<\/td>\n<td style=\"padding: 12px 15px; border: 1px solid #ddd;\">Totalmente personalizado para qualquer tamanho espec\u00edfico, formato exclusivo ou requisitos de cores vibrantes.<\/td>\n<\/tr>\n<tr>\n<td style=\"padding: 12px 15px; border: 1px solid #ddd; font-weight: bold; color: #333;\">Tecnologia Adesiva<\/td>\n<td style=\"padding: 12px 15px; border: 1px solid #ddd;\">Adesivo forte 3M, cola termofus\u00edvel 3M, autoadesivo dupla face premium<\/td>\n<\/tr>\n<tr>\n<td style=\"padding: 12px 15px; border: 1px solid #ddd; background-color: #f9f9f9; font-weight: bold; color: #333;\">Aplicativos prim\u00e1rios<\/td>\n<td style=\"padding: 12px 15px; border: 1px solid #ddd;\">Telefones celulares, capas de telefone, eletrodom\u00e9sticos, produtos eletr\u00f4nicos, embalagens de caixas para presentes, autom\u00f3veis, m\u00e1quinas e recipientes de fragr\u00e2ncias<\/td>\n<\/tr>\n<tr>\n<td style=\"padding: 12px 15px; border: 1px solid #ddd; font-weight: bold; color: #333;\">Certifica\u00e7\u00f5es da Ind\u00fastria<\/td>\n<td style=\"padding: 12px 15px; border: 1px solid #ddd;\">GV, ROHS, MSDS<\/td>\n<\/tr>\n<tr>\n<td style=\"padding: 12px 15px; border: 1px solid #ddd; background-color: #f9f9f9; font-weight: bold; color: #333;\">Formatos de arte suportados<\/td>\n<td style=\"padding: 12px 15px; border: 1px solid #ddd;\">AI (Adobe Illustrator), PDF, CDR (CorelDRAW), CAD ou outros formatos vetoriais<\/td>\n<\/tr>\n<tr>\n<td style=\"padding: 12px 15px; border: 1px solid #ddd; font-weight: bold; color: #333;\">Embalagem<\/td>\n<td style=\"padding: 12px 15px; border: 1px solid #ddd;\">Saco de embalagem OPP seguro por unidade\/folha para evitar arranh\u00f5es durante o transporte<\/td>\n<\/tr>\n<\/tbody>\n<\/table>\n<\/div>\n<h2 style=\"color: #2c3e50; border-bottom: 2px solid #eaeaea; padding-bottom: 8px; margin-top: 40px;\">Advanced Electroplating Technique &amp; Materials<\/h2>\n<p>The core of our visually striking <strong>decalque met\u00e1lico para embalagens de luxo<\/strong> lies in our meticulous production technique. Rather than relying on standard printing, we utilize a highly refined electroplating process. This method allows us to build the metal layers atomically, resulting in a product that is exactly 100% metal nickel. The outcome is a flawless, high-gloss surface that conveys authority, sophistication, and enduring quality.<\/p>\n<p>A espessura dos nossos adesivos de marca de metal personalizados varia precisamente de <strong>0,045 mm a 0,12 mm<\/strong>. Este perfil ultrafino foi projetado intencionalmente para que o decalque fique quase nivelado com a superf\u00edcie do produto. Quando aplicado em frascos de perfume de vidro ou em capas elegantes de celulares, a espessura m\u00ednima garante que o logotipo pare\u00e7a uma parte integrada do produto, em vez de um complemento volumoso. Al\u00e9m disso, a flexibilidade inerente do n\u00edquel neste medidor permite que o adesivo se adapte perfeitamente a curvas e contornos sutis.<\/p>\n<h3 style=\"color: #34495e; margin-top: 30px;\">Industrial-Strength Adhesive Solutions<\/h3>\n<p>Um pr\u00eamio <strong>decalque de n\u00edquel galvanizado<\/strong> deve permanecer firmemente preso durante todo o ciclo de vida do produto. Equipamos nossos decalques com op\u00e7\u00f5es de suporte l\u00edderes do setor, incluindo adesivo 3M forte, cola termofus\u00edvel 3M e autoadesivo especializado de dupla face. Essas colas s\u00e3o projetadas para resistir a tens\u00f5es ambientais, como umidade (crucial para frascos de perfume e eletrodom\u00e9sticos de banheiro), flutua\u00e7\u00f5es de temperatura (essencial para eletrodom\u00e9sticos e m\u00e1quinas) e manuseio f\u00edsico frequente (vital para telefones celulares e interiores de autom\u00f3veis).<\/p>\n<h2 style=\"color: #2c3e50; border-bottom: 2px solid #eaeaea; padding-bottom: 8px; margin-top: 40px;\">Diversas aplica\u00e7\u00f5es em todos os setores<\/h2>\n<p>JTT Precision Metal Co., Ltd. forneceu com sucesso <strong>Tags de marca personalizadas em 3D<\/strong> para uma vasta gama de ind\u00fastrias globais. Nossa ampla experi\u00eancia em fabrica\u00e7\u00e3o nos permite compreender as demandas exclusivas de diferentes setores.<\/p>\n<h3 style=\"color: #34495e; margin-top: 30px;\">Emphasizing Luxury Packaging &amp; Cosmetics<\/h3>\n<p>In the highly competitive cosmetics market, visual differentiation is paramount. Our <strong>shiny metal stickers for perfume<\/strong> transforme um recipiente de vidro comum em um artefato de luxo. A natureza altamente reflexiva do n\u00edquel capta a luz, atraindo a aten\u00e7\u00e3o do consumidor. Como nossos adesivos utilizam cola 3M robusta, eles s\u00e3o imunes ao \u00e1lcool e aos \u00f3leos comumente encontrados em fragr\u00e2ncias, garantindo que a identidade da marca permane\u00e7a imaculada durante anos de uso di\u00e1rio. Al\u00e9m disso, as caixas de presente de alta qualidade utilizam esses adesivos de metal coloridos como um selo central, elevando a experi\u00eancia de desembalagem.<\/p>\n<h3 style=\"color: #34495e; margin-top: 30px;\">Eletr\u00f4nicos de consumo e maquin\u00e1rio pesado<\/h3>\n<p>Beyond cosmetics, our <strong>emblemas de marca de metal adesivo<\/strong> s\u00e3o fortemente utilizados no espa\u00e7o de eletr\u00f4nicos de consumo. Telefones celulares, capas de celulares e eletrodom\u00e9sticos se beneficiam da est\u00e9tica elegante e moderna do n\u00edquel met\u00e1lico 100%. As propriedades de resist\u00eancia ao calor do metal e da cola termofus\u00edvel tornam-no altamente adequado para produtos eletr\u00f4nicos que geram calor. Al\u00e9m disso, fornecemos etiquetas met\u00e1licas dur\u00e1veis \u200b\u200bpara autom\u00f3veis e m\u00e1quinas pesadas, onde a marca met\u00e1lica deve resistir a ambientes industriais agressivos, graxa e atrito intenso sem perder sua legibilidade.<\/p>\n<h2 style=\"color: #2c3e50; border-bottom: 2px solid #eaeaea; padding-bottom: 8px; margin-top: 40px;\">Fabrica\u00e7\u00e3o Certificada e Confian\u00e7a na Marca<\/h2>\n<p>A confiabilidade \u00e9 constru\u00edda em padr\u00f5es verificados. Nossa f\u00e1brica profissional opera sob rigorosos protocolos de garantia de qualidade, apoiados por mais de duas d\u00e9cadas de profundo envolvimento na ind\u00fastria. Cada lote de <strong>adesivos de transfer\u00eancia de metal<\/strong> passa por uma inspe\u00e7\u00e3o abrangente antes do envio.<\/p>\n<p>Temos orgulho de manter <strong>Certifica\u00e7\u00f5es SGS, ROHS e MSDS<\/strong>.<br \/>\nA certifica\u00e7\u00e3o SGS valida a qualidade da nossa produ\u00e7\u00e3o e integridade do sistema atrav\u00e9s de testes independentes. A conformidade com a ROHS (Restri\u00e7\u00e3o de Subst\u00e2ncias Perigosas) garante que nossos produtos est\u00e3o livres de metais pesados \u200b\u200bnocivos, como chumbo ou c\u00e1dmio, tornando-os completamente seguros para manuseio pelo consumidor e ambientalmente respons\u00e1veis. A MSDS (Material Safety Data Sheet) proporciona total transpar\u00eancia em rela\u00e7\u00e3o \u00e0s propriedades qu\u00edmicas dos nossos materiais, garantindo transporte e aplica\u00e7\u00e3o seguros em todo o mundo.<\/p>\n<h2 style=\"color: #2c3e50; border-bottom: 2px solid #eaeaea; padding-bottom: 8px; margin-top: 40px;\">Personaliza\u00e7\u00e3o simplificada e atendimento global<\/h2>\n<p>Reconhecemos que os clientes B2B exigem um processo de aquisi\u00e7\u00e3o sem atritos. Nosso fluxo de trabalho \u00e9 otimizado para passar da arte conceitual \u00e0 produ\u00e7\u00e3o em massa com rapidez e seguran\u00e7a.<\/p>\n<h3 style=\"color: #34495e; margin-top: 30px;\">Artwork Submission &amp; Sampling<\/h3>\n<p>Para garantir resultados de galvanoplastia n\u00edtidos e perfeitos, aceitamos uma ampla variedade de formatos de arte baseados em vetores, incluindo <strong>AI, PDF, CDR, CAD ou outros<\/strong>. Os gr\u00e1ficos vetoriais nos permitem dimensionar seu design personalizado de qualquer tamanho, forma e cor sem perder a resolu\u00e7\u00e3o, garantindo que as bordas do seu logotipo sejam n\u00edtidas. Se voc\u00ea deseja avaliar nossa qualidade antes de uma produ\u00e7\u00e3o completa, oferecemos prazos de entrega incrivelmente r\u00e1pidos: <strong>1 dia para nossas amostras existentes<\/strong> para refer\u00eancia imediata e uma r\u00e1pida <strong>3-5 days for making a custom sample<\/strong> based on your specific design.<\/p>\n<h3 style=\"color: #34495e; margin-top: 30px;\">Production Timeline &amp; Secure Packaging<\/h3>\n<p>Assim que a amostra for aprovada, o tempo de produ\u00e7\u00e3o em massa \u00e9 programado de forma confi\u00e1vel com base no volume total do pedido. Para proteger o acabamento de alto brilho do seu r\u00f3tulo met\u00e1lico premium para frascos de fragr\u00e2ncias, cada adesivo \u00e9 meticulosamente embalado em uma embalagem protetora. <strong>Saco de pacote OPP<\/strong>, ensuring it arrives at your facility free from scratches or dust.<\/p>\n<h3 style=\"color: #34495e; margin-top: 30px;\">Termos de pagamento flex\u00edveis e log\u00edstica<\/h3>\n<p>Oferecemos uma estrutura financeira altamente flex\u00edvel para o com\u00e9rcio internacional. Nossa estrutura de pagamento padr\u00e3o exige um <strong>Dep\u00f3sito T\/T 30%, com saldo compensado antes da entrega<\/strong>. Para acomodar diversas necessidades cont\u00e1beis, oferecemos suporte a uma ampla gama de condi\u00e7\u00f5es de pagamento, incluindo:<\/p>\n<ul style=\"line-height: 1.8; margin-bottom: 20px;\">\n<li><strong>Bank Transfer (T\/T)<\/strong> for traditional corporate accounting.<\/li>\n<li><strong>Pedido de garantia comercial do Alibaba<\/strong> para maior prote\u00e7\u00e3o ao comprador e tranquilidade.<\/li>\n<li><strong>Credit Card Payment &amp; PayPal<\/strong> para processamento r\u00e1pido, seguro e conveniente.<\/li>\n<li><strong>Western Union e L\/C (carta de cr\u00e9dito)<\/strong> para acomodar requisitos banc\u00e1rios regionais espec\u00edficos.<\/li>\n<\/ul>\n<p>A remessa global \u00e9 organizada de acordo com sua urg\u00eancia e restri\u00e7\u00f5es or\u00e7ament\u00e1rias. Fazemos parceria com os principais fornecedores de log\u00edstica para oferecer remessa <strong>by sea, by air, by DHL, by UPS, or other express couriers<\/strong>, garantindo que seus adesivos personalizados com logotipo de n\u00edquel cheguem \u00e0 sua linha de montagem exatamente quando necess\u00e1rio.<\/p>\n<p><!-- Inline CSS Beautified FAQs --><\/p>\n<h2 style=\"color: #2c3e50; border-bottom: 2px solid #eaeaea; padding-bottom: 8px; margin-top: 50px;\">Perguntas frequentes (FAQ)<\/h2>\n<div style=\"margin-top: 20px;\">\n<div style=\"background-color: #f9f9f9; border: 1px solid #e0e0e0; border-radius: 6px; padding: 15px; margin-bottom: 15px;\">\n<h3 style=\"margin-top: 0; margin-bottom: 10px; color: #0056b3; font-size: 1.1em;\">P: Como envio meu design de logotipo para produ\u00e7\u00e3o?<\/h3>\n<p style=\"margin: 0; color: #444;\">A: You can submit your branding artwork in any standard vector format, including AI, PDF, CDR, or CAD. Vector files ensure the highest precision during our custom electroplating process. Our team will review the file and confirm feasibility before proceeding.<\/p>\n<\/div>\n<div style=\"background-color: #f9f9f9; border: 1px solid #e0e0e0; border-radius: 6px; padding: 15px; margin-bottom: 15px;\">\n<h3 style=\"margin-top: 0; margin-bottom: 10px; color: #0056b3; font-size: 1.1em;\">P: Esses adesivos de metal brilhante podem aderir a frascos de perfume curvos?<\/h3>\n<p style=\"margin: 0; color: #444;\">R: Sim, absolutamente. Como a espessura do material varia entre 0,045 mm e 0,12 mm, o n\u00edquel met\u00e1lico 100% permanece altamente flex\u00edvel. Combinados com nosso forte adesivo 3M, os adesivos se adaptam perfeitamente \u00e0s superf\u00edcies curvas de vidro ou pl\u00e1stico dos recipientes de cosm\u00e9ticos.<\/p>\n<\/div>\n<div style=\"background-color: #f9f9f9; border: 1px solid #e0e0e0; border-radius: 6px; padding: 15px; margin-bottom: 15px;\">\n<h3 style=\"margin-top: 0; margin-bottom: 10px; color: #0056b3; font-size: 1.1em;\">P: Com que rapidez posso obter uma amostra do meu logotipo de metal personalizado?<\/h3>\n<p style=\"margin: 0; color: #444;\">R: Se voc\u00ea deseja ver nossa qualidade geral, podemos enviar amostras de refer\u00eancia existentes dentro de 1 dia. Se voc\u00ea precisar de uma amostra personalizada fabricada com seu design, formato e cor exatos, o prazo de entrega \u00e9 de 3 a 5 dias.<\/p>\n<\/div>\n<div style=\"background-color: #f9f9f9; border: 1px solid #e0e0e0; border-radius: 6px; padding: 15px; margin-bottom: 15px;\">\n<h3 style=\"margin-top: 0; margin-bottom: 10px; color: #0056b3; font-size: 1.1em;\">P: Seus adesivos de transfer\u00eancia de metal s\u00e3o ecologicamente corretos?<\/h3>\n<p style=\"margin: 0; color: #444;\">R: Sim. Nossas opera\u00e7\u00f5es profissionais de f\u00e1brica s\u00e3o estritamente regidas por padr\u00f5es internacionais de seguran\u00e7a e ambientais. Nossos adesivos possuem certifica\u00e7\u00f5es SGS, ROHS e MSDS, confirmando que est\u00e3o livres de materiais perigosos restritos.<\/p>\n<\/div>\n<div style=\"background-color: #f9f9f9; border: 1px solid #e0e0e0; border-radius: 6px; padding: 15px; margin-bottom: 15px;\">\n<h3 style=\"margin-top: 0; margin-bottom: 10px; color: #0056b3; font-size: 1.1em;\">P: Quais formas de pagamento voc\u00eas aceitam para pedidos internacionais?<\/h3>\n<p style=\"margin: 0; color: #444;\">R: Oferecemos v\u00e1rios m\u00e9todos de pagamento seguros para compradores globais. Voc\u00ea pode utilizar pedidos de garantia comercial Alibaba, pagamentos com cart\u00e3o de cr\u00e9dito, PayPal, transfer\u00eancia banc\u00e1ria (T\/T), Western Union ou L\/C. Nosso prazo padr\u00e3o \u00e9 um dep\u00f3sito 30% T\/T com o saldo pago antes da entrega.<\/p>\n<\/div>\n<div style=\"background-color: #f9f9f9; border: 1px solid #e0e0e0; border-radius: 6px; padding: 15px; margin-bottom: 15px;\">\n<h3 style=\"margin-top: 0; margin-bottom: 10px; color: #0056b3; font-size: 1.1em;\">P: O que acontece se os adesivos forem expostos a \u00e1gua ou \u00f3leos?<\/h3>\n<p style=\"margin: 0; color: #444;\">A: The 100% metal nickel composition inherently resists moisture and degradation. When paired with our industrial-grade 3M adhesive or hot-melt glue, the stickers provide exceptional resistance to essential oils, water, and perfumes, making them perfect for luxury bathroom and cosmetic applications.<\/p>\n<\/div>\n<\/div>\n<\/article>","protected":false},"excerpt":{"rendered":"<p>Enhance your brand with custom nickel logo stickers and shiny metal stickers for perfume packaging. Featuring 100% metal nickel, ultra-thin 0.045-0.12mm profiles, strong 3M adhesive, and SGS\/ROHS certification. Produced by an expert manufacturer with 20+ years of experience. Contact us for custom sizes, vibrant colors, and fast sampling!<\/p>","protected":false},"featured_media":2431,"comment_status":"open","ping_status":"closed","template":"","meta":[],"product_brand":[],"product_cat":[48,65],"product_tag":[],"class_list":{"0":"post-2426","1":"product","2":"type-product","3":"status-publish","4":"has-post-thumbnail","6":"product_cat-nickel-metal-sticker","7":"product_cat-perfume-metal-sticker","9":"first","10":"instock","11":"shipping-taxable","12":"product-type-simple"},"jetpack-related-posts":[],"jetpack_sharing_enabled":true,"_links":{"self":[{"href":"https:\/\/jttlogos.com\/pt\/wp-json\/wp\/v2\/product\/2426","targetHints":{"allow":["GET"]}}],"collection":[{"href":"https:\/\/jttlogos.com\/pt\/wp-json\/wp\/v2\/product"}],"about":[{"href":"https:\/\/jttlogos.com\/pt\/wp-json\/wp\/v2\/types\/product"}],"replies":[{"embeddable":true,"href":"https:\/\/jttlogos.com\/pt\/wp-json\/wp\/v2\/comments?post=2426"}],"wp:featuredmedia":[{"embeddable":true,"href":"https:\/\/jttlogos.com\/pt\/wp-json\/wp\/v2\/media\/2431"}],"wp:attachment":[{"href":"https:\/\/jttlogos.com\/pt\/wp-json\/wp\/v2\/media?parent=2426"}],"wp:term":[{"taxonomy":"product_brand","embeddable":true,"href":"https:\/\/jttlogos.com\/pt\/wp-json\/wp\/v2\/product_brand?post=2426"},{"taxonomy":"product_cat","embeddable":true,"href":"https:\/\/jttlogos.com\/pt\/wp-json\/wp\/v2\/product_cat?post=2426"},{"taxonomy":"product_tag","embeddable":true,"href":"https:\/\/jttlogos.com\/pt\/wp-json\/wp\/v2\/product_tag?post=2426"}],"curies":[{"name":"wp","href":"https:\/\/api.w.org\/{rel}","templated":true}]}}