{"id":2665,"date":"2020-05-14T03:44:34","date_gmt":"2020-05-14T03:44:34","guid":{"rendered":"https:\/\/jttlogos.com\/?post_type=product&#038;p=2665"},"modified":"2024-03-31T15:05:57","modified_gmt":"2024-03-31T15:05:57","slug":"manufacture-custom-letters-logo-waterproof-adhesive-electroforming-metal-shining-nickel-3m-stickers-for-machine-phone-household-appliances","status":"publish","type":"product","link":"https:\/\/jttlogos.com\/pt\/produtos\/fabricacao-de-logotipo-de-letras-personalizadas-adesivo-a-prova-dagua-metal-de-eletroformacao-brilhante-niquel-3m-adesivos-para-maquina-telefone-eletrodomesticos\/","title":{"rendered":"Fabrica\u00e7\u00e3o de letras personalizadas com logotipo, adesivo \u00e0 prova d&#039;\u00e1gua, eletroforma\u00e7\u00e3o de metal brilhante, n\u00edquel 3m, adesivos para m\u00e1quina, telefone, eletrodom\u00e9sticos"},"content":{"rendered":"<div id=\"pl-2665\" class=\"panel-layout\">\n<div id=\"pg-2665-0\" class=\"panel-grid panel-no-style\" data-style=\"{&quot;background_image_attachment&quot;:false,&quot;background_display&quot;:&quot;tile&quot;,&quot;gutter&quot;:&quot;50px&quot;,&quot;collapse_order&quot;:&quot;right-top&quot;,&quot;cell_alignment&quot;:&quot;center&quot;}\">\n<div id=\"pgc-2665-0-0\" class=\"panel-grid-cell\" data-weight=\"0.5\">\n<div id=\"panel-2665-0-0-0\" class=\"so-panel widget widget_sow-editor panel-first-child panel-last-child\" data-index=\"0\" data-style=\"{&quot;padding&quot;:&quot;0px 0px 30px 0px&quot;,&quot;mobile_padding&quot;:&quot;4px 4px 4px 4px&quot;,&quot;background_image_attachment&quot;:false,&quot;background_display&quot;:&quot;tile&quot;}\">\n<div class=\"panel-widget-style panel-widget-style-for-2665-0-0-0\">\n<div class=\"so-widget-sow-editor so-widget-sow-editor-base\">\n<div class=\"siteorigin-widget-tinymce textwidget\">\n<p><strong>Item:<a href=\"https:\/\/jttlogos.com\/pt\/categoria-de-produto\/adesivo-de-metal-niquel\/\">Adesivos de metal n\u00edquel<\/a><\/strong><br \/>\n<strong>Material:<\/strong>Metal, 100%n\u00edquel<br \/>\n<strong>T\u00e9cnica:<\/strong>Galvanoplastia<br \/>\n<strong>Grossura:<\/strong>0,045-0,12 mm<br \/>\n<strong>Tamanho\/Cor:<\/strong> Personalizado em qualquer tamanho, forma, cor<br \/>\n<strong>Cola:<\/strong> Adesivo 3M, cola termofus\u00edvel 3M, autoadesivo dupla face<br \/>\n<strong>Uso:<\/strong>Telefones celulares, capas de celular, eletrodom\u00e9sticos, produtos eletr\u00f4nicos, embalagens de caixas de presente, autom\u00f3veis, m\u00e1quinas e muitos outros campos<br \/>\n<strong>Certifica\u00e7\u00e3o:<\/strong> GV, ROHS, MSDS<br \/>\n<strong>Prazo de entrega:<\/strong> 1 dia para nossas amostras existentes para refer\u00eancia. Entrega r\u00e1pida 3-5 dias para fazer amostra, o tempo de produ\u00e7\u00e3o em massa depende da quantidade do pedido<br \/>\n<strong>Pagamento:<\/strong> T\/T 30% como dep\u00f3sito e saldo antes da entrega<br \/>\n<strong>Embalagem:<\/strong> Saco de pacote OPP<br \/>\n<strong>Envio:<\/strong> Por mar, por via a\u00e9rea, por DHL ou por UPS ou outro expresso<br \/>\n<strong>Termo de pagamento: <\/strong>Pagamento com cart\u00e3o de cr\u00e9dito, Paypal, transfer\u00eancia banc\u00e1ria, Western Union, L\/C, T\/T, pedido de garantia comercial Alibaba, etc.<br \/>\n<strong>Formato da arte:<\/strong> AI, PDF, CDR, CAD ou outros<\/p>\n<\/div>\n<\/div>\n<\/div>\n<\/div>\n<\/div>\n<div id=\"pgc-2665-0-1\" class=\"panel-grid-cell\" data-weight=\"0.5\">\n<div id=\"panel-2665-0-1-0\" class=\"so-panel widget widget_sow-editor panel-first-child panel-last-child\" data-index=\"1\" data-style=\"{&quot;padding&quot;:&quot;0px 0px 30px 0px&quot;,&quot;mobile_padding&quot;:&quot;0px 0px 0px 0px&quot;,&quot;background_image_attachment&quot;:false,&quot;background_display&quot;:&quot;tile&quot;}\">\n<div class=\"panel-widget-style panel-widget-style-for-2665-0-1-0\">\n<div class=\"so-widget-sow-editor so-widget-sow-editor-base\">\n<div class=\"siteorigin-widget-tinymce textwidget\">\n<p><iframe loading=\"lazy\" title=\"Etiqueta de metal autoadesiva personalizada \u00e0 prova d&#039;\u00e1gua de n\u00edquel para carro 3d com logotipo de metal para laptop\" width=\"1020\" height=\"574\" src=\"https:\/\/www.youtube.com\/embed\/UxDT10fRCBg?feature=oembed\" frameborder=\"0\" allow=\"accelerometer; autoplay; clipboard-write; encrypted-media; gyroscope; picture-in-picture; web-share\" referrerpolicy=\"strict-origin-when-cross-origin\" allowfullscreen><\/iframe><\/p>\n<\/div>\n<\/div>\n<\/div>\n<\/div>\n<\/div>\n<\/div>\n<div id=\"pg-2665-1\" class=\"panel-grid panel-has-style\" data-style=\"{&quot;padding&quot;:&quot;0px 0px 30px 0px&quot;,&quot;mobile_padding&quot;:&quot;0px 0px 0px 0px&quot;,&quot;background_image_attachment&quot;:false,&quot;background_display&quot;:&quot;tile&quot;,&quot;gutter&quot;:&quot;50px&quot;,&quot;cell_alignment&quot;:&quot;center&quot;}\">\n<div class=\"panel-row-style panel-row-style-for-2665-1\">\n<div id=\"pgc-2665-1-0\" class=\"panel-grid-cell\" data-weight=\"0.5\">\n<div id=\"panel-2665-1-0-0\" class=\"so-panel widget widget_sow-editor panel-first-child panel-last-child\" data-index=\"2\" data-style=\"{&quot;padding&quot;:&quot;0px 0px 0px 0px&quot;,&quot;background_image_attachment&quot;:false,&quot;background_display&quot;:&quot;tile&quot;}\">\n<div class=\"panel-widget-style panel-widget-style-for-2665-1-0-0\">\n<div class=\"so-widget-sow-editor so-widget-sow-editor-base\">\n<div class=\"siteorigin-widget-tinymce textwidget\">\n<p><img data-recalc-dims=\"1\" decoding=\"async\" class=\"size-full wp-image-1418\" src=\"https:\/\/i0.wp.com\/jttlogos.com\/wp-content\/uploads\/2020\/05\/photobank-4.jpg?resize=600%2C450&#038;ssl=1\" alt=\"espa\u00e7o reservado\" width=\"600\" height=\"450\" title=\"\"><\/p>\n<\/div>\n<\/div>\n<\/div>\n<\/div>\n<\/div>\n<div id=\"pgc-2665-1-1\" class=\"panel-grid-cell\" data-weight=\"0.5\">\n<div id=\"panel-2665-1-1-0\" class=\"so-panel widget widget_sow-editor panel-first-child panel-last-child\" data-index=\"3\" data-style=\"{&quot;padding&quot;:&quot;0px 0px 0px 0px&quot;,&quot;mobile_padding&quot;:&quot;0px 0px 0px 0px&quot;,&quot;background_image_attachment&quot;:false,&quot;background_display&quot;:&quot;tile&quot;}\">\n<div class=\"panel-widget-style panel-widget-style-for-2665-1-1-0\">\n<div class=\"so-widget-sow-editor so-widget-sow-editor-base\">\n<div class=\"siteorigin-widget-tinymce textwidget\">\n<div class=\"do-entry do-entry-full\">\n<div class=\"do-entry-title\"><strong>Capacidade de fornecimento:7<\/strong>00000 pe\u00e7as\/pe\u00e7as por dia<\/div>\n<div><\/div>\n<\/div>\n<div class=\"do-entry do-entry-full\">\n<div class=\"do-entry-title\" data-spm-anchor-id=\"a2700.details.prilinga1e.i2.29725d4bShCavX\"><strong>embalagem e entrega<\/strong><\/div>\n<div class=\"do-entry-title\" data-spm-anchor-id=\"a2700.details.prilinga1e.i2.29725d4bShCavX\"><strong>Detalhes da embalagem: <a href=\"https:\/\/jttlogos.com\/pt\/categoria-de-produto\/adesivo-de-metal-niquel\/\">Adesivos de metal com logotipo fino de n\u00edquel<\/a><\/strong> est\u00e1 embalado em saco de pacote OPP gratuito.<\/div>\n<div class=\"do-entry-list\">\n<dl class=\"do-entry-item\">\n<dt class=\"do-entry-item-key\" title=\"Porta\"><strong>Porta:<\/strong>Shenzhen<\/dt>\n<\/dl>\n<dl class=\"do-entry-item\">\n<dt class=\"name mk-name\" title=\"Tempo de espera\">Tempo de espera?<i class=\"next-icon next-icon-help next-icon-xs js-leadtimes-tips\"><\/i>:<\/dt>\n<dd class=\"do-entry-item-val\" title=\"Tempo de espera\" data-spm-anchor-id=\"a2700.details.prilinga1e.i3.29725d4bShCavX\">\n<table class=\"supply-ability-table ui2-table ui2-table-normal ui2-table-zebra ui2-table-hover\">\n<tbody>\n<tr>\n<td>Quantidade (Pe\u00e7as)<\/td>\n<td>1 &#8211; 100<\/td>\n<td>101 &#8211; 50000<\/td>\n<td>50001 &#8211; 100000<\/td>\n<td>&gt;100.000<\/td>\n<\/tr>\n<tr>\n<td>Husa. Tempo (dias)<\/td>\n<td>3<\/td>\n<td>5<\/td>\n<td>10<\/td>\n<td>A ser negociado<\/td>\n<\/tr>\n<\/tbody>\n<\/table>\n<\/dd>\n<\/dl>\n<\/div>\n<\/div>\n<\/div>\n<\/div>\n<\/div>\n<\/div>\n<\/div>\n<\/div>\n<\/div>\n<div id=\"pg-2665-2\" class=\"panel-grid panel-has-style\" data-style=\"{&quot;padding&quot;:&quot;0px 0px 33px 0px&quot;,&quot;mobile_padding&quot;:&quot;0px 0px 13px 0px&quot;,&quot;background_image_attachment&quot;:false,&quot;background_display&quot;:&quot;tile&quot;,&quot;gutter&quot;:&quot;40px&quot;,&quot;cell_alignment&quot;:&quot;flex-start&quot;}\" data-ratio=\"1\" data-ratio-direction=\"right\">\n<div class=\"panel-row-style panel-row-style-for-2665-2\">\n<div id=\"pgc-2665-2-0\" class=\"panel-grid-cell\" data-weight=\"0.5\">\n<div id=\"panel-2665-2-0-0\" class=\"so-panel widget widget_sow-editor panel-first-child\" data-index=\"4\" data-style=\"{&quot;widget_css&quot;:&quot;margin-bottom: -10px;\\n&quot;,&quot;padding&quot;:&quot;0px 0px 0px 0px&quot;,&quot;background_image_attachment&quot;:false,&quot;background_display&quot;:&quot;tile&quot;,&quot;margin&quot;:&quot;0px 0px 0px 0px&quot;}\">\n<div class=\"panel-widget-style panel-widget-style-for-2665-2-0-0\">\n<div class=\"so-widget-sow-editor so-widget-sow-editor-base\">\n<div class=\"siteorigin-widget-tinymce textwidget\">\n<p><img data-recalc-dims=\"1\" decoding=\"async\" class=\"aligncenter size-full wp-image-1417\" src=\"https:\/\/i0.wp.com\/jttlogos.com\/wp-content\/uploads\/2020\/05\/JTT-application-scenarios.jpg?resize=600%2C600&#038;ssl=1\" alt=\"espa\u00e7o reservado\" width=\"600\" height=\"600\" title=\"\"><\/p>\n<\/div>\n<\/div>\n<\/div>\n<\/div>\n<div id=\"panel-2665-2-0-1\" class=\"so-panel widget widget_sow-editor\" data-index=\"5\" data-style=\"{&quot;padding&quot;:&quot;0px 0px 30px 0px&quot;,&quot;mobile_padding&quot;:&quot;0px 0px 14px 0px&quot;,&quot;background_image_attachment&quot;:false,&quot;background_display&quot;:&quot;tile&quot;}\">\n<div class=\"panel-widget-style panel-widget-style-for-2665-2-0-1\">\n<div class=\"so-widget-sow-editor so-widget-sow-editor-base\">\n<div class=\"siteorigin-widget-tinymce textwidget\">\n<h3 style=\"margin-bottom: 17px;\">Aplica\u00e7\u00e3o de <a href=\"https:\/\/jttlogos.com\/pt\/\">Adesivos met\u00e1licos<\/a><\/h3>\n<p>Neg\u00f3cio principal da JTT: <a href=\"https:\/\/jttlogos.com\/pt\/categoria-de-produto\/adesivo-de-metal-niquel\/\"><strong>Adesivos com logotipo de metal de n\u00edquel<\/strong><\/a>, <a href=\"https:\/\/jttlogos.com\/pt\/categoria-de-produto\/adesivo-de-metal-em-aco-inoxidavel\/\"><strong>Adesivos com logotipo de metal em a\u00e7o inoxid\u00e1vel<\/strong><\/a>, <a href=\"https:\/\/jttlogos.com\/pt\/categoria-de-produto\/adesivo-metalico-3d\/\"><strong>Adesivos com logotipo de metal para eletroforma\u00e7\u00e3o 3D<\/strong><\/a>, <a href=\"https:\/\/jttlogos.com\/pt\/categoria-de-produto\/adesivo-de-metal-de-malha-de-alto-falante\/\"><strong>Adesivos de metal de malha de alto-falante<\/strong><\/a>. Produzimos adesivos de metal para celulares, capas de celulares, eletrodom\u00e9sticos, produtos eletr\u00f4nicos, embalagens de caixas de presente, autom\u00f3veis, m\u00e1quinas e muitos outros campos.<\/p>\n<\/div>\n<\/div>\n<\/div>\n<\/div>\n<div id=\"panel-2665-2-0-2\" class=\"so-panel widget widget_sow-editor\" data-index=\"6\" data-style=\"{&quot;widget_css&quot;:&quot;margin-bottom: -10px;\\n&quot;,&quot;padding&quot;:&quot;0px 0px 0px 0px&quot;,&quot;background_image_attachment&quot;:false,&quot;background_display&quot;:&quot;tile&quot;,&quot;margin&quot;:&quot;0px 0px 0px 0px&quot;}\">\n<div class=\"panel-widget-style panel-widget-style-for-2665-2-0-2\">\n<div class=\"so-widget-sow-editor so-widget-sow-editor-base\">\n<div class=\"siteorigin-widget-tinymce textwidget\"><img data-recalc-dims=\"1\" decoding=\"async\" class=\"aligncenter size-full wp-image-1417\" src=\"https:\/\/i0.wp.com\/jttlogos.com\/wp-content\/uploads\/2020\/05\/JTT-productive-process.jpg?resize=600%2C600&#038;ssl=1\" alt=\"espa\u00e7o reservado\" width=\"600\" height=\"600\" title=\"\"><\/div>\n<\/div>\n<\/div>\n<\/div>\n<div id=\"panel-2665-2-0-3\" class=\"so-panel widget widget_sow-editor panel-last-child\" data-index=\"7\" data-style=\"{&quot;padding&quot;:&quot;0px 0px 30px 0px&quot;,&quot;mobile_padding&quot;:&quot;0px 0px 14px 0px&quot;,&quot;background_image_attachment&quot;:false,&quot;background_display&quot;:&quot;tile&quot;}\">\n<div class=\"panel-widget-style panel-widget-style-for-2665-2-0-3\">\n<div class=\"so-widget-sow-editor so-widget-sow-editor-base\">\n<div class=\"siteorigin-widget-tinymce textwidget\">\n<h4><strong>Processo Produtivo: <\/strong>Adesivo de metal de n\u00edquel<\/h4>\n<p>Fazer filme\u2192?Placa de a\u00e7o limpa\u2192?Revestir tinta de impress\u00e3o isolante\u2192?Imagem de exposi\u00e7\u00e3o\u2192?Eletrodeposi\u00e7\u00e3o\u2192?Pel\u00edcula de transfer\u00eancia e adicionar cola\u2192?Filme de sobreposi\u00e7\u00e3o\u2192?QC\u2192?Embalagem<\/p>\n<\/div>\n<\/div>\n<\/div>\n<\/div>\n<\/div>\n<div id=\"pgc-2665-2-1\" class=\"panel-grid-cell\" data-weight=\"0.5\">\n<div id=\"panel-2665-2-1-0\" class=\"so-panel widget widget_sow-editor panel-first-child\" data-index=\"8\" data-style=\"{&quot;widget_css&quot;:&quot;margin-bottom: -10px;\\n&quot;,&quot;padding&quot;:&quot;0px 0px 0px 0px&quot;,&quot;background_image_attachment&quot;:false,&quot;background_display&quot;:&quot;tile&quot;,&quot;margin&quot;:&quot;0px 0px 0px 0px&quot;}\">\n<div class=\"panel-widget-style panel-widget-style-for-2665-2-1-0\">\n<div class=\"so-widget-sow-editor so-widget-sow-editor-base\">\n<div class=\"siteorigin-widget-tinymce textwidget\">\n<p><img data-recalc-dims=\"1\" decoding=\"async\" class=\"aligncenter size-full wp-image-1417\" src=\"https:\/\/i0.wp.com\/jttlogos.com\/wp-content\/uploads\/2020\/05\/jtt-company-advantage-1.jpg?resize=600%2C600&#038;ssl=1\" alt=\"espa\u00e7o reservado\" width=\"600\" height=\"600\" title=\"\"><\/p>\n<\/div>\n<\/div>\n<\/div>\n<\/div>\n<div id=\"panel-2665-2-1-1\" class=\"so-panel widget widget_sow-editor\" data-index=\"9\" data-style=\"{&quot;padding&quot;:&quot;0px 0px 30px 0px&quot;,&quot;mobile_padding&quot;:&quot;0px 0px 14px 0px&quot;,&quot;background_image_attachment&quot;:false,&quot;background_display&quot;:&quot;tile&quot;}\">\n<div class=\"panel-widget-style panel-widget-style-for-2665-2-1-1\">\n<div class=\"so-widget-sow-editor so-widget-sow-editor-base\">\n<div class=\"siteorigin-widget-tinymce textwidget\">\n<h3 style=\"margin-bottom: 17px;\">PORQUE ESCOLHER-NOS?<\/h3>\n<p>1. Pre\u00e7o mais competitivo e alta qualidade<br \/>\n2.Forte equipe de P&amp;D e sistema de controle de qualidade rigoroso<br \/>\n3. Entrega oportuna<br \/>\n4. Satisfa\u00e7\u00e3o absoluta garantida: ofereceremos o melhor valor pelo seu dinheiro sem qualquer desperd\u00edcio<\/p>\n<\/div>\n<\/div>\n<\/div>\n<\/div>\n<div id=\"panel-2665-2-1-2\" class=\"so-panel widget widget_sow-editor\" data-index=\"10\" data-style=\"{&quot;widget_css&quot;:&quot;margin-bottom: -10px;\\n&quot;,&quot;padding&quot;:&quot;0px 0px 0px 0px&quot;,&quot;background_image_attachment&quot;:false,&quot;background_display&quot;:&quot;tile&quot;,&quot;margin&quot;:&quot;0px 0px 0px 0px&quot;}\">\n<div class=\"panel-widget-style panel-widget-style-for-2665-2-1-2\">\n<div class=\"so-widget-sow-editor so-widget-sow-editor-base\">\n<div class=\"siteorigin-widget-tinymce textwidget\">\n<p><img data-recalc-dims=\"1\" decoding=\"async\" class=\"aligncenter size-full wp-image-1417\" src=\"https:\/\/i0.wp.com\/jttlogos.com\/wp-content\/uploads\/2020\/05\/Certification-JTT.jpg?resize=600%2C600&#038;ssl=1\" alt=\"espa\u00e7o reservado\" width=\"600\" height=\"600\" title=\"\"><\/p>\n<\/div>\n<\/div>\n<\/div>\n<\/div>\n<div id=\"panel-2665-2-1-3\" class=\"so-panel widget widget_sow-editor panel-last-child\" data-index=\"11\" data-style=\"{&quot;padding&quot;:&quot;0px 0px 30px 0px&quot;,&quot;mobile_padding&quot;:&quot;0px 0px 14px 0px&quot;,&quot;background_image_attachment&quot;:false,&quot;background_display&quot;:&quot;tile&quot;}\">\n<div class=\"panel-widget-style panel-widget-style-for-2665-2-1-3\">\n<div class=\"so-widget-sow-editor so-widget-sow-editor-base\">\n<div class=\"siteorigin-widget-tinymce textwidget\">\n<h3><strong>Certifica\u00e7\u00e3o SGS, ROHS, MSDS<\/strong><\/h3>\n<\/div>\n<\/div>\n<\/div>\n<\/div>\n<\/div>\n<\/div>\n<\/div>\n<\/div>","protected":false},"excerpt":{"rendered":"<p>JTT \u00e9 um fornecedor e fabricante l\u00edder global de adesivos de metal, adesivos de n\u00edquel, adesivos de a\u00e7o inoxid\u00e1vel, adesivos de metal 3D, alto-falantes de malha, especializados nesta ind\u00fastria h\u00e1 mais de 14 anos.<\/p>\n<p>O pre\u00e7o espec\u00edfico \u00e9 determinado pelo produto.<\/p>","protected":false},"featured_media":2030,"comment_status":"open","ping_status":"closed","template":"","meta":[],"product_brand":[],"product_cat":[48,951],"product_tag":[],"class_list":{"0":"post-2665","1":"product","2":"type-product","3":"status-publish","4":"has-post-thumbnail","6":"product_cat-nickel-metal-sticker","7":"product_cat-recommend-products","9":"first","10":"instock","11":"shipping-taxable","12":"product-type-simple"},"jetpack-related-posts":[],"jetpack_sharing_enabled":true,"_links":{"self":[{"href":"https:\/\/jttlogos.com\/pt\/wp-json\/wp\/v2\/product\/2665","targetHints":{"allow":["GET"]}}],"collection":[{"href":"https:\/\/jttlogos.com\/pt\/wp-json\/wp\/v2\/product"}],"about":[{"href":"https:\/\/jttlogos.com\/pt\/wp-json\/wp\/v2\/types\/product"}],"replies":[{"embeddable":true,"href":"https:\/\/jttlogos.com\/pt\/wp-json\/wp\/v2\/comments?post=2665"}],"wp:featuredmedia":[{"embeddable":true,"href":"https:\/\/jttlogos.com\/pt\/wp-json\/wp\/v2\/media\/2030"}],"wp:attachment":[{"href":"https:\/\/jttlogos.com\/pt\/wp-json\/wp\/v2\/media?parent=2665"}],"wp:term":[{"taxonomy":"product_brand","embeddable":true,"href":"https:\/\/jttlogos.com\/pt\/wp-json\/wp\/v2\/product_brand?post=2665"},{"taxonomy":"product_cat","embeddable":true,"href":"https:\/\/jttlogos.com\/pt\/wp-json\/wp\/v2\/product_cat?post=2665"},{"taxonomy":"product_tag","embeddable":true,"href":"https:\/\/jttlogos.com\/pt\/wp-json\/wp\/v2\/product_tag?post=2665"}],"curies":[{"name":"wp","href":"https:\/\/api.w.org\/{rel}","templated":true}]}}