{"id":2871,"date":"2020-05-16T08:56:28","date_gmt":"2020-05-16T08:56:28","guid":{"rendered":"https:\/\/jttlogos.com\/?post_type=product&#038;p=2871"},"modified":"2026-04-20T01:24:45","modified_gmt":"2026-04-20T01:24:45","slug":"custom-sticker-decal-silver-nickel-sticker-with-factory-price-electroform-metal-nickel-stickers-automobiles-leather-wood-glass-household-appliances","status":"publish","type":"product","link":"https:\/\/jttlogos.com\/pt\/produtos\/adesivo-personalizado-decalque-prata-niquel-adesivo-com-preco-de-fabrica-eletroform-metal-niquel-adesivos-automoveis-couro-madeira-vidro-eletrodomesticos\/","title":{"rendered":"Adesivos premium personalizados com logotipo de metal prateado e n\u00edquel \u2013 decalques adesivos ultrafinos 3M para autom\u00f3veis, eletrodom\u00e9sticos, couro e vidro"},"content":{"rendered":"<article style=\"font-family: Arial, sans-serif; line-height: 1.6; color: #333; max-width: 100%px; margin: 0 auto; padding: 20px;\"><!-- Introduction and Brand Trust --><\/p>\n<section>Bem-vindo ao <strong>Metal de precis\u00e3o JTT Co., Ltd<\/strong> (<a style=\"color: #0056b3; text-decoration: none;\" href=\"https:\/\/jttlogos.com\/pt\/\">jttlogos.com<\/a>). Com mais de 20 anos de experi\u00eancia em fabrica\u00e7\u00e3o dedicada, nos especializamos na elabora\u00e7\u00e3o de produtos personalizados de alta qualidade <a style=\"color: #0056b3; text-decoration: none;\" href=\"https:\/\/jttlogos.com\/pt\/categoria-de-produto\/adesivo-de-metal-niquel\/\">Adesivos de metal n\u00edquel<\/a>, adesivos com logotipo de metal em a\u00e7o inoxid\u00e1vel e adesivos com logotipo em metal 3D. Nossa miss\u00e3o \u00e9 fornecer solu\u00e7\u00f5es personalizadas de branding de metal que elevem a presen\u00e7a da sua marca por meio de designs de logotipos profissionais, fabrica\u00e7\u00e3o de precis\u00e3o e atendimento ao cliente excepcional.<\/p>\n<p>Se voc\u00ea deseja aumentar o valor percebido de seus produtos, nosso <strong>adesivo personalizado decalque adesivos de n\u00edquel prateado<\/strong> oferecem uma est\u00e9tica premium e sofisticada. Quer voc\u00ea esteja marcando produtos eletr\u00f4nicos de alta qualidade, embalagens de luxo ou maquin\u00e1rios industriais, um acabamento met\u00e1lico transmite durabilidade, qualidade e prest\u00edgio. Apoiados por profundo conhecimento do setor e capacidades robustas de fabrica\u00e7\u00e3o, fornecemos decalques de logotipo de metal premium que atendem \u00e0s rigorosas demandas de v\u00e1rios setores, desde autom\u00f3veis at\u00e9 eletrodom\u00e9sticos.<\/p>\n<div style=\"text-align: center; margin: 30px 0;\"><a style=\"background-color: #d32f2f; color: #fff; padding: 15px 35px; text-decoration: none; font-size: 18px; font-weight: bold; border-radius: 4px; display: inline-block; box-shadow: 0 4px 6px rgba(0,0,0,0.1);\" href=\"https:\/\/jttlogos.com\/pt\/contate-nos\/\">Solicite seu or\u00e7amento de adesivo met\u00e1lico personalizado<\/a><\/div>\n<\/section>\n<p><!-- Visual \/ Product Display Section --><\/p>\n<section style=\"margin: 40px 0;\">\n<h2 style=\"color: #2c3e50; border-bottom: 2px solid #ecf0f1; padding-bottom: 10px;\">Est\u00e9tica Visual Premium e Artesanato de Fabrica\u00e7\u00e3o<\/h2>\n<p>Nossos adesivos personalizados de n\u00edquel prateado s\u00e3o criados para proporcionar um impacto visual impressionante. Atrav\u00e9s de t\u00e9cnicas avan\u00e7adas de galvanoplastia, conseguimos um acabamento impec\u00e1vel e reflexivo que chama a aten\u00e7\u00e3o e refor\u00e7a a autoridade da marca. A constru\u00e7\u00e3o met\u00e1lica em n\u00edquel 100% garante um emblema robusto e duradouro que resiste ao desbotamento e ao desgaste ao longo do tempo. Ao incorporar detalhes precisos, bordas n\u00edtidas e op\u00e7\u00f5es vers\u00e1teis de cores, nosso processo de fabrica\u00e7\u00e3o garante que seu logotipo seja representado com absoluta fidelidade.<\/p>\n<p><!-- Placeholder for original images --><\/p>\n<div style=\"display: flex; gap: 20px; flex-wrap: wrap; justify-content: center; margin: 20px 0;\">\n<div style=\"flex: 1; min-width: 300px; border: 1px solid #ddd; padding: 10px; border-radius: 8px; text-align: center;\">\n<p><iframe loading=\"lazy\" title=\"Etiqueta de galvanoplastia personalizada, placa de identifica\u00e7\u00e3o de n\u00edquel personalizada, logotipo da marca, adesivo de metal\" width=\"1020\" height=\"574\" src=\"https:\/\/www.youtube.com\/embed\/TthoTTX9quo?feature=oembed\" frameborder=\"0\" allow=\"accelerometer; autoplay; clipboard-write; encrypted-media; gyroscope; picture-in-picture; web-share\" referrerpolicy=\"strict-origin-when-cross-origin\" allowfullscreen><\/iframe><\/p>\n<\/div>\n<div style=\"flex: 1; min-width: 300px; border: 1px solid #ddd; padding: 10px; border-radius: 8px; text-align: center;\"><span style=\"display: block; background: #f4f4f4; padding: 60px 20px; color: #888; border-radius: 4px;\"><img data-recalc-dims=\"1\" decoding=\"async\" class=\"alignnone wp-image-1418 size-full\" src=\"https:\/\/i0.wp.com\/jttlogos.com\/wp-content\/uploads\/2020\/05\/nickel-metal-sticker-39-1.jpg?resize=600%2C450&#038;ssl=1\" alt=\"Adesivo de n\u00edquel prateado de autom\u00f3vel\" width=\"600\" height=\"450\" title=\"\"><\/span><\/div>\n<\/div>\n<\/section>\n<p><!-- Technical Specifications --><\/p>\n<section style=\"margin: 40px 0;\">\n<h2 style=\"color: #2c3e50; border-bottom: 2px solid #ecf0f1; padding-bottom: 10px;\">Especifica\u00e7\u00f5es t\u00e9cnicas abrangentes<\/h2>\n<p>Acreditamos na total transpar\u00eancia no que diz respeito aos materiais e especifica\u00e7\u00f5es das nossas solu\u00e7\u00f5es personalizadas de marca met\u00e1lica. A tabela abaixo descreve os par\u00e2metros precisos que tornam nossos decalques de prata e n\u00edquel a escolha preferida para marcas exigentes em todo o mundo. Desde adesivos 3M robustos concebidos para uma colagem forte at\u00e9 certifica\u00e7\u00f5es ambientais rigorosas, cada detalhe \u00e9 gerido meticulosamente.<\/p>\n<table style=\"width: 100%; border-collapse: collapse; margin: 20px 0; font-size: 16px; box-shadow: 0 2px 10px rgba(0,0,0,0.05); background-color: #fff;\">\n<thead>\n<tr style=\"background-color: #2c3e50; color: #fff;\">\n<th style=\"padding: 15px; border: 1px solid #ddd; text-align: left;\">Par\u00e2metro de especifica\u00e7\u00e3o<\/th>\n<th style=\"padding: 15px; border: 1px solid #ddd; text-align: left;\">Detalhes<\/th>\n<\/tr>\n<\/thead>\n<tbody>\n<tr style=\"background-color: #f9f9f9;\">\n<td style=\"padding: 15px; border: 1px solid #ddd; font-weight: bold;\">Item do produto<\/td>\n<td style=\"padding: 15px; border: 1px solid #ddd;\">Adesivo de metal n\u00edquel \/ decalque adesivo personalizado<\/td>\n<\/tr>\n<tr>\n<td style=\"padding: 15px; border: 1px solid #ddd; font-weight: bold;\">Material principal<\/td>\n<td style=\"padding: 15px; border: 1px solid #ddd;\">Metal, N\u00edquel 100%<\/td>\n<\/tr>\n<tr style=\"background-color: #f9f9f9;\">\n<td style=\"padding: 15px; border: 1px solid #ddd; font-weight: bold;\">T\u00e9cnica de Fabrica\u00e7\u00e3o<\/td>\n<td style=\"padding: 15px; border: 1px solid #ddd;\">Galvanoplastia Avan\u00e7ada<\/td>\n<\/tr>\n<tr>\n<td style=\"padding: 15px; border: 1px solid #ddd; font-weight: bold;\">Espessura do material<\/td>\n<td style=\"padding: 15px; border: 1px solid #ddd;\">0,045 mm \u2013 0,12 mm (integra\u00e7\u00e3o ultrafina e perfeita)<\/td>\n<\/tr>\n<tr style=\"background-color: #f9f9f9;\">\n<td style=\"padding: 15px; border: 1px solid #ddd; font-weight: bold;\">Tamanho e cor<\/td>\n<td style=\"padding: 15px; border: 1px solid #ddd;\">Totalmente personalizado (qualquer tamanho, formato ou combina\u00e7\u00e3o de cores dispon\u00edvel)<\/td>\n<\/tr>\n<tr>\n<td style=\"padding: 15px; border: 1px solid #ddd; font-weight: bold;\">Solu\u00e7\u00f5es adesivas (cola)<\/td>\n<td style=\"padding: 15px; border: 1px solid #ddd;\">Adesivo 3M, cola termofus\u00edvel 3M, autoadesivo dupla face<\/td>\n<\/tr>\n<tr style=\"background-color: #f9f9f9;\">\n<td style=\"padding: 15px; border: 1px solid #ddd; font-weight: bold;\">Certifica\u00e7\u00f5es da Ind\u00fastria<\/td>\n<td style=\"padding: 15px; border: 1px solid #ddd;\">Compat\u00edvel com SGS, ROHS, MSDS<\/td>\n<\/tr>\n<tr>\n<td style=\"padding: 15px; border: 1px solid #ddd; font-weight: bold;\">Design de embalagens<\/td>\n<td style=\"padding: 15px; border: 1px solid #ddd;\">Saco protetor de embalagem OPP<\/td>\n<\/tr>\n<tr style=\"background-color: #f9f9f9;\">\n<td style=\"padding: 15px; border: 1px solid #ddd; font-weight: bold;\">Formatos de arte suportados<\/td>\n<td style=\"padding: 15px; border: 1px solid #ddd;\">AI, PDF, CDR, CAD ou outros formatos vetoriais<\/td>\n<\/tr>\n<\/tbody>\n<\/table>\n<\/section>\n<p><!-- Manufacturing Process --><\/p>\n<section style=\"margin: 40px 0;\">\n<h2 style=\"color: #2c3e50; border-bottom: 2px solid #ecf0f1; padding-bottom: 10px;\">Tecnologia avan\u00e7ada de galvanoplastia<\/h2>\n<p>Na JTT Precision Metal Co., Ltd, nossas instala\u00e7\u00f5es de produ\u00e7\u00e3o utilizam processos de galvanoplastia de \u00faltima gera\u00e7\u00e3o para criar etiquetas de metal personalizadas que se destacam. Ao contr\u00e1rio dos m\u00e9todos b\u00e1sicos de impress\u00e3o, a galvanoplastia deposita uma camada de n\u00edquel puro 100%, resultando em um logotipo tridimensional altamente texturizado que exala luxo.<\/p>\n<p>The ultra-thin profile of our decals\u2014ranging precisely from <strong>0,045 mm a 0,12 mm<\/strong>\u2014permite que o adesivo de metal fique quase nivelado com a superf\u00edcie de aplica\u00e7\u00e3o. Isso cria uma apar\u00eancia integrada e cont\u00ednua que imita a estampagem ou incrusta\u00e7\u00e3o de metal tradicional, mas com a extrema conveni\u00eancia de um suporte autoadesivo. Ao controlar a dura\u00e7\u00e3o do revestimento e a composi\u00e7\u00e3o qu\u00edmica, nossos t\u00e9cnicos qualificados garantem um acabamento superficial brilhante, excelente resist\u00eancia \u00e0 oxida\u00e7\u00e3o e longevidade superior.<\/p>\n<\/section>\n<p><!-- Applications (Knowledge Points) --><\/p>\n<section style=\"margin: 40px 0;\">\n<h2 style=\"color: #2c3e50; border-bottom: 2px solid #ecf0f1; padding-bottom: 10px;\">Aplica\u00e7\u00f5es Vers\u00e1teis na Ind\u00fastria<\/h2>\n<p>Nossos adesivos personalizados de prata e n\u00edquel s\u00e3o projetados para aderir fortemente a uma ampla gama de substratos, tornando-os incrivelmente vers\u00e1teis. Quer o seu produto utilize superf\u00edcies porosas ou n\u00e3o porosas, nossas formula\u00e7\u00f5es adesivas especializadas garantem uma liga\u00e7\u00e3o segura.<\/p>\n<div style=\"background-color: #f4f7f6; border-left: 5px solid #2980b9; padding: 20px; margin: 25px 0; border-radius: 0 8px 8px 0; box-shadow: 0 2px 5px rgba(0,0,0,0.05);\">\n<h3 style=\"margin-top: 0; color: #2980b9;\">Substratos ideais e casos de uso:<\/h3>\n<ul style=\"line-height: 1.8; list-style-type: square; margin-bottom: 0;\">\n<li><strong>Autom\u00f3veis e Ve\u00edculos:<\/strong> Resistentes aos estressores ambientais, esses decalques de metal servem como emblemas de marca internos e externos perfeitos, emblemas de volante e logotipos de painel.<\/li>\n<li><strong>Eletrodom\u00e9sticos:<\/strong> Geladeiras, m\u00e1quinas de lavar e fornos se beneficiam de um adesivo de n\u00edquel resistente ao calor e \u00e0 umidade que mant\u00e9m seu brilho apesar do uso di\u00e1rio.<\/li>\n<li><strong>Produtos Eletr\u00f4nicos:<\/strong> Telefones celulares, capas de celular, laptops e equipamentos de \u00e1udio ganham um toque premium de alta tecnologia com nossas etiquetas ultrafinas de n\u00edquel prateado.<\/li>\n<li><strong>Artigos de couro:<\/strong> Com a cola termofus\u00edvel 3M certa ou autoadesivo de dupla face, nossos adesivos de metal aderem com seguran\u00e7a a bolsas de couro, carteiras e estofados.<\/li>\n<li><strong>Superf\u00edcies de madeira e vidro:<\/strong> Perfeito para m\u00f3veis sob medida, garrafas de vinho luxuosas, potes de cosm\u00e9ticos e caixas de presente de madeira premium.<\/li>\n<li><strong>Embalagem e caixas de presente:<\/strong> Eleve a experi\u00eancia de desembalagem com um logotipo de metal personalizado em embalagens de luxo.<\/li>\n<\/ul>\n<\/div>\n<\/section>\n<p><!-- Certifications and Trust Signals (E-E-A-T) --><\/p>\n<section style=\"margin: 40px 0;\">\n<h2 style=\"color: #2c3e50; border-bottom: 2px solid #ecf0f1; padding-bottom: 10px;\">Qualidade e certifica\u00e7\u00f5es intransigentes<\/h2>\n<p>A confian\u00e7a \u00e9 a base do nosso neg\u00f3cio. Com mais de duas d\u00e9cadas de experi\u00eancia em f\u00e1brica, implementamos um rigoroso sistema de Controle de Qualidade (CQ). Cada lote de etiquetas met\u00e1licas personalizadas passa por inspe\u00e7\u00f5es rigorosas antes do envio.<\/p>\n<p>Al\u00e9m disso, os nossos materiais e adesivos cumprem rigorosamente as normas internacionais de seguran\u00e7a e ambientais. Nossos adesivos de metal personalizados s\u00e3o respaldados por certifica\u00e7\u00f5es abrangentes, incluindo:<\/p>\n<ul style=\"line-height: 1.8;\">\n<li><strong>Certifica\u00e7\u00e3o SGS:<\/strong> Garantir que nossos processos e materiais de fabrica\u00e7\u00e3o atendam aos padr\u00f5es de qualidade e integridade reconhecidos globalmente.<\/li>\n<li><strong>Conformidade ROHS:<\/strong> Garantir que nossos crach\u00e1s com logotipo de produtos eletr\u00f4nicos estejam livres de subst\u00e2ncias perigosas, tornando-os seguros para produtos eletr\u00f4nicos de consumo.<\/li>\n<li><strong>MSDS (Ficha de Dados de Seguran\u00e7a de Materiais):<\/strong> Fornecendo total transpar\u00eancia em rela\u00e7\u00e3o \u00e0s propriedades de seguran\u00e7a e manuseio de nossos materiais de n\u00edquel 100% e adesivos 3M.<\/li>\n<\/ul>\n<\/section>\n<p><!-- Ordering, Shipping, and Payment --><\/p>\n<section style=\"margin: 40px 0; background-color: #fff; padding: 25px; border: 1px solid #e1e8ed; border-radius: 8px;\">\n<h2 style=\"color: #2c3e50; border-bottom: 2px solid #ecf0f1; padding-bottom: 10px;\">Pedidos eficientes, pagamentos seguros e remessa global<\/h2>\n<h3 style=\"color: #34495e;\">1. Enviando sua arte<\/h3>\n<p>Para garantir a mais alta fidelidade do seu formato e logotipo personalizados, aceitamos formatos vetoriais padr\u00e3o do setor. Por favor, forne\u00e7a seus designs em <strong>IA, PDF, CDR ou CAD<\/strong> formats. If you have specific color matching requirements, our team is ready to accommodate them.<\/p>\n<h3 style=\"color: #34495e;\">2. Tempos de resposta r\u00e1pidos<\/h3>\n<p>Respeitamos os prazos do seu projeto. Para nossos modelos de refer\u00eancia existentes, oferecemos uma solu\u00e7\u00e3o r\u00e1pida <strong>Entrega de amostra em 1 dia<\/strong>. Para decalques de metal totalmente personalizados, nosso tempo de produ\u00e7\u00e3o de amostra \u00e9 r\u00e1pido <strong>3-5 dias<\/strong>. Os prazos de produ\u00e7\u00e3o em massa s\u00e3o altamente eficientes e ser\u00e3o programados de acordo com os requisitos espec\u00edficos de volume do seu pedido.<\/p>\n<h3 style=\"color: #34495e;\">3. Termos de pagamento flex\u00edveis e seguros<\/h3>\n<p>Fornecemos uma variedade de canais de pagamento seguros e verificados para garantir tranquilidade aos nossos clientes internacionais. Nossa estrutura de dep\u00f3sito padr\u00e3o \u00e9 <strong>T\/T 30% como dep\u00f3sito<\/strong>, com o saldo compensado antes da entrega. Os m\u00e9todos de pagamento aceitos incluem:<\/p>\n<ul style=\"line-height: 1.8;\">\n<li>Pagamento com cart\u00e3o de cr\u00e9dito<\/li>\n<li>PayPal<\/li>\n<li>Bank Transfer (T\/T)<\/li>\n<li>Western Union<\/li>\n<li>Carta de Cr\u00e9dito (L\/C)<\/li>\n<li>Pedido de garantia comercial do Alibaba (fornecendo prote\u00e7\u00e3o robusta ao comprador)<\/li>\n<\/ul>\n<h3 style=\"color: #34495e;\">4. Op\u00e7\u00f5es de remessa global<\/h3>\n<p>Dependendo da sua urg\u00eancia e localiza\u00e7\u00e3o, coordenamos uma log\u00edstica confi\u00e1vel. Enviamos via a\u00e9rea, mar\u00edtima ou servi\u00e7os de correio r\u00e1pido, incluindo <strong>DHL, UPS<\/strong>e outras grandes operadoras expressas. Todos os itens s\u00e3o embalados com seguran\u00e7a em sacos protetores OPP para evitar arranh\u00f5es durante o transporte.<\/p>\n<div id=\"inquiry\" style=\"text-align: center; margin: 35px 0;\"><a style=\"background-color: #27ae60; color: #fff; padding: 15px 40px; text-decoration: none; font-size: 18px; font-weight: bold; border-radius: 4px; display: inline-block; box-shadow: 0 4px 6px rgba(0,0,0,0.1);\" href=\"mailto:fiona@jttlogo.net\">Entre em contato com nossa f\u00e1brica para um or\u00e7amento direto<\/a><\/div>\n<\/section>\n<p><!-- FAQs (Interactive & Scannable) --><\/p>\n<section style=\"margin: 40px 0;\">\n<h2 style=\"color: #2c3e50; border-bottom: 2px solid #ecf0f1; padding-bottom: 10px;\">Perguntas frequentes (FAQ)<\/h2>\n<p>Para ajud\u00e1-lo em sua decis\u00e3o de compra, compilamos respostas a algumas das perguntas mais comuns sobre nossos decalques personalizados em prata e n\u00edquel.<\/p>\n<details style=\"margin-bottom: 15px; border: 1px solid #dcdde1; padding: 15px; border-radius: 6px; background-color: #fafbfc; cursor: pointer;\" open=\"open\">\n<summary style=\"font-weight: bold; font-size: 16px; color: #2c3e50; outline: none;\">Quais op\u00e7\u00f5es de adesivos est\u00e3o dispon\u00edveis para os decalques de logotipo de metal?<\/summary>\n<p style=\"margin-top: 15px; color: #555; line-height: 1.6;\">Utilizamos adesivos premium adaptados \u00e0s suas necessidades de aplica\u00e7\u00e3o. Nossas op\u00e7\u00f5es padr\u00e3o incluem adesivo 3M aut\u00eantico, cola termofus\u00edvel 3M e autoadesivo especializado de dupla face. Eles garantem uma liga\u00e7\u00e3o permanente em materiais que v\u00e3o desde vidro liso e eletr\u00f4nicos at\u00e9 couro texturizado e madeira.<\/p>\n<\/details>\n<details style=\"margin-bottom: 15px; border: 1px solid #dcdde1; padding: 15px; border-radius: 6px; background-color: #fafbfc; cursor: pointer;\" open=\"open\">\n<summary style=\"font-weight: bold; font-size: 16px; color: #2c3e50; outline: none;\">Posso personalizar o formato e a cor do adesivo de n\u00edquel?<\/summary>\n<p style=\"margin-top: 15px; color: #555; line-height: 1.6;\">Absolutamente. Como gerenciamos o processo de fabrica\u00e7\u00e3o internamente, voc\u00ea pode solicitar qualquer tamanho, formato e cor personalizados. Se voc\u00ea precisa de um acabamento cl\u00e1ssico em n\u00edquel prateado polido ou de uma cor espec\u00edfica que combine com a identidade da sua marca, nossa f\u00e1brica pode atender.<\/p>\n<\/details>\n<details style=\"margin-bottom: 15px; border: 1px solid #dcdde1; padding: 15px; border-radius: 6px; background-color: #fafbfc; cursor: pointer;\" open=\"open\">\n<summary style=\"font-weight: bold; font-size: 16px; color: #2c3e50; outline: none;\">Esses adesivos de metal s\u00e3o adequados para uso automotivo ao ar livre?<\/summary>\n<p style=\"margin-top: 15px; color: #555; line-height: 1.6;\">Sim. Nosso material met\u00e1lico de n\u00edquel 100%, combinado com nossa t\u00e9cnica avan\u00e7ada de galvanoplastia, oferece resist\u00eancia excepcional aos elementos. Quando combinados com nosso adesivo 3M de n\u00edvel industrial, esses decalques s\u00e3o perfeitos para autom\u00f3veis, m\u00e1quinas e outras aplica\u00e7\u00f5es externas.<\/p>\n<\/details>\n<details style=\"margin-bottom: 15px; border: 1px solid #dcdde1; padding: 15px; border-radius: 6px; background-color: #fafbfc; cursor: pointer;\" open=\"open\">\n<summary style=\"font-weight: bold; font-size: 16px; color: #2c3e50; outline: none;\">Qual \u00e9 a espessura t\u00edpica das etiquetas met\u00e1licas personalizadas?<\/summary>\n<p style=\"margin-top: 15px; color: #555; line-height: 1.6;\">Nossas etiquetas de n\u00edquel prateado s\u00e3o fabricadas com um perfil ultrafino variando de 0,045 mm a 0,12 mm. Essa espessura precisa permite que o emblema se dobre levemente em superf\u00edcies curvas (como capas de celular ou garrafas), mantendo uma apar\u00eancia premium e nivelada com o produto.<\/p>\n<\/details>\n<details style=\"margin-bottom: 15px; border: 1px solid #dcdde1; padding: 15px; border-radius: 6px; background-color: #fafbfc; cursor: pointer;\" open=\"open\">\n<summary style=\"font-weight: bold; font-size: 16px; color: #2c3e50; outline: none;\">Como posso saber se minha transa\u00e7\u00e3o e pedido est\u00e3o seguros?<\/summary>\n<p style=\"margin-top: 15px; color: #555; line-height: 1.6;\">Temos mais de 20 anos de hist\u00f3ria empresarial respeit\u00e1vel. Al\u00e9m disso, oferecemos suporte a gateways de pagamento altamente seguros, incluindo PayPal, Carta de Cr\u00e9dito (L\/C) e Pedidos de Garantia Comercial Alibaba. Todos os produtos s\u00e3o apoiados por certifica\u00e7\u00f5es verific\u00e1veis \u200b\u200bSGS, ROHS e MSDS.<\/p>\n<\/details>\n<\/section>\n<\/article>","protected":false},"excerpt":{"rendered":"<p>Aprimore sua marca com decalques adesivos de n\u00edquel prateado personalizados premium. Perfeito para autom\u00f3veis, eletrodom\u00e9sticos, vidro e couro. Apoiado por mais de 20 anos de experi\u00eancia em f\u00e1brica, remessa global segura e certifica\u00e7\u00f5es SGS.<\/p>","protected":false},"featured_media":2864,"comment_status":"open","ping_status":"closed","template":"","meta":[],"product_brand":[],"product_cat":[48],"product_tag":[],"class_list":{"0":"post-2871","1":"product","2":"type-product","3":"status-publish","4":"has-post-thumbnail","6":"product_cat-nickel-metal-sticker","8":"first","9":"instock","10":"shipping-taxable","11":"product-type-simple"},"jetpack-related-posts":[],"jetpack_sharing_enabled":true,"_links":{"self":[{"href":"https:\/\/jttlogos.com\/pt\/wp-json\/wp\/v2\/product\/2871","targetHints":{"allow":["GET"]}}],"collection":[{"href":"https:\/\/jttlogos.com\/pt\/wp-json\/wp\/v2\/product"}],"about":[{"href":"https:\/\/jttlogos.com\/pt\/wp-json\/wp\/v2\/types\/product"}],"replies":[{"embeddable":true,"href":"https:\/\/jttlogos.com\/pt\/wp-json\/wp\/v2\/comments?post=2871"}],"wp:featuredmedia":[{"embeddable":true,"href":"https:\/\/jttlogos.com\/pt\/wp-json\/wp\/v2\/media\/2864"}],"wp:attachment":[{"href":"https:\/\/jttlogos.com\/pt\/wp-json\/wp\/v2\/media?parent=2871"}],"wp:term":[{"taxonomy":"product_brand","embeddable":true,"href":"https:\/\/jttlogos.com\/pt\/wp-json\/wp\/v2\/product_brand?post=2871"},{"taxonomy":"product_cat","embeddable":true,"href":"https:\/\/jttlogos.com\/pt\/wp-json\/wp\/v2\/product_cat?post=2871"},{"taxonomy":"product_tag","embeddable":true,"href":"https:\/\/jttlogos.com\/pt\/wp-json\/wp\/v2\/product_tag?post=2871"}],"curies":[{"name":"wp","href":"https:\/\/api.w.org\/{rel}","templated":true}]}}