{"id":2873,"date":"2020-05-16T09:04:18","date_gmt":"2020-05-16T09:04:18","guid":{"rendered":"https:\/\/jttlogos.com\/?post_type=product&#038;p=2873"},"modified":"2026-04-22T03:54:31","modified_gmt":"2026-04-22T03:54:31","slug":"gold-silver-decal-metal-nickel-sticker-for-cell-phone-book-desk-computer-furnitures","status":"publish","type":"product","link":"https:\/\/jttlogos.com\/pt\/produtos\/adesivo-de-niquel-de-metal-decalque-prateado-dourado-para-moveis-de-computador-de-mesa-de-livro-de-telefone-celular\/","title":{"rendered":"Decalques personalizados em adesivos de n\u00edquel met\u00e1lico dourado e prateado para telefones celulares, computadores e m\u00f3veis"},"content":{"rendered":"<article style=\"font-family: Arial, Helvetica, sans-serif; line-height: 1.6; color: #333; max-width: 100%px; margin: 0 auto; padding: 20px;\">\n<div style=\"text-align: center; margin-bottom: 40px;\">\n<h2 style=\"color: #1a365d; font-size: 2.2em; margin-bottom: 10px;\">Adesivos de n\u00edquel met\u00e1lico com decalque premium personalizado em ouro e prata<\/h2>\n<p style=\"font-size: 1.1em; color: #555; max-width: 800px; margin: 0 auto 20px auto;\">Adesivos de transfer\u00eancia met\u00e1lica de n\u00edquel 100% de n\u00edvel profissional projetados para eletr\u00f4nicos, m\u00f3veis personalizados, caixas de presente corporativas e identifica\u00e7\u00e3o de marca premium.<\/p>\n<p><a style=\"display: inline-block; background-color: #d97706; color: #fff; padding: 15px 30px; text-decoration: none; font-size: 1.2em; font-weight: bold; border-radius: 5px; box-shadow: 0 4px 6px rgba(0,0,0,0.1);\" href=\"https:\/\/jttlogos.com\/pt\/contate-nos\/\">Solicite um or\u00e7amento personalizado<\/a><\/p>\n<\/div>\n<p><!-- Visual: Hero Image Placeholder --><\/p>\n<div style=\"text-align: center; margin-bottom: 40px;\"><img data-recalc-dims=\"1\" decoding=\"async\" class=\"alignnone wp-image-1418 size-full\" src=\"https:\/\/i0.wp.com\/jttlogos.com\/wp-content\/uploads\/2020\/05\/nickel-metal-sticker-25-1.jpg?resize=600%2C450&#038;ssl=1\" alt=\"Adesivo de metal n\u00edquel dourado e prateado aplicado em uma capa de celular premium e mesa de computador\" width=\"600\" height=\"450\" title=\"\"><\/div>\n<h2 style=\"color: #2c3e50; border-bottom: 2px solid #3498db; padding-bottom: 10px; margin-top: 40px;\">Experi\u00eancia e conhecimento de fabrica\u00e7\u00e3o incompar\u00e1veis<\/h2>\n<p>Com mais de 20 anos de experi\u00eancia em fabrica\u00e7\u00e3o especializada, <strong>(jttlogos.com)<\/strong> \u00e9 l\u00edder do setor na produ\u00e7\u00e3o de adesivos personalizados com logotipo de metal de n\u00edquel, decalques de logotipo de metal 3D e etiquetas de marcas em a\u00e7o inoxid\u00e1vel. Nossas extensas instala\u00e7\u00f5es combinam artesanato tradicional com tecnologia de produ\u00e7\u00e3o altamente avan\u00e7ada para fornecer solu\u00e7\u00f5es de marcas met\u00e1licas perfeitas.<\/p>\n<p>O logotipo da sua marca \u00e9 a base visual do seu neg\u00f3cio. \u00c9 por isso que nossos adesivos personalizados de n\u00edquel met\u00e1lico dourado e prateado s\u00e3o meticulosamente elaborados para fornecer um acabamento luxuoso e sofisticado que eleva o valor percebido do seu produto. Quer voc\u00ea esteja criando uma marca de produtos eletr\u00f4nicos de consumo premium, m\u00f3veis sob medida ou m\u00e1quinas corporativas, nossas d\u00e9cadas de experi\u00eancia pr\u00e1tica garantem que seus adesivos de transfer\u00eancia met\u00e1lica atendam aos mais altos padr\u00f5es globais de durabilidade e brilho est\u00e9tico.<\/p>\n<h2 style=\"color: #2c3e50; border-bottom: 2px solid #3498db; padding-bottom: 10px; margin-top: 40px;\">T\u00e9cnica avan\u00e7ada de galvanoplastia e constru\u00e7\u00e3o de n\u00edquel 100%<\/h2>\n<p>Nossos adesivos personalizados com logotipo de metal s\u00e3o fabricados usando tecnologia de ponta <strong>galvanoplastia<\/strong> t\u00e9cnica. Este m\u00e9todo sofisticado nos permite construir r\u00f3tulos met\u00e1licos ultraprecisos e detalhados, \u00e1tomo por \u00e1tomo. Ao utilizar <strong>N\u00edquel 100%<\/strong> como material principal, garantimos um produto final incrivelmente resiliente, altamente resistente \u00e0 corros\u00e3o e capaz de manter um brilho dourado, prateado ou de cor personalizada ao longo de anos de uso.<\/p>\n<p><!-- Visual: Manufacturing Process --><\/p>\n<p>Operando dentro de um perfil ultrafino de <strong>0,045 mm a 0,12 mm<\/strong>, esses decalques met\u00e1licos da marca integram-se perfeitamente \u00e0s superf\u00edcies do seu produto. Eles ficam completamente planos, apresentando uma apar\u00eancia nivelada e integrada que d\u00e1 a impress\u00e3o de que o logotipo de metal foi originalmente fabricado diretamente na caixa do telefone celular, computador ou mesa.<\/p>\n<h2 style=\"color: #2c3e50; border-bottom: 2px solid #3498db; padding-bottom: 10px; margin-top: 40px;\">Especifica\u00e7\u00f5es abrangentes do produto<\/h2>\n<p>Transpar\u00eancia e precis\u00e3o t\u00e9cnica est\u00e3o no centro de nossas opera\u00e7\u00f5es. Abaixo est\u00e1 o detalhamento das especifica\u00e7\u00f5es de nossos adesivos de marca de metal personalizados. Nossos processos de produ\u00e7\u00e3o s\u00e3o otimizados para lidar com formatos de arte vetorial complexos e intrincados (AI, PDF, CDR, CAD) para garantir fidelidade absoluta ao seu design original.<\/p>\n<p><!-- Inline CSS Beautified Table --><\/p>\n<div style=\"overflow-x: auto; margin: 30px 0;\">\n<table style=\"width: 100%; border-collapse: collapse; font-size: 1em; box-shadow: 0 5px 15px rgba(0,0,0,0.05); border-radius: 8px; overflow: hidden;\">\n<thead>\n<tr style=\"background-color: #2c3e50; color: #ffffff; text-align: left;\">\n<th style=\"padding: 15px; border-bottom: 2px solid #1a252f;\">Item de especifica\u00e7\u00e3o<\/th>\n<th style=\"padding: 15px; border-bottom: 2px solid #1a252f;\">Detalhes t\u00e9cnicos e op\u00e7\u00f5es<\/th>\n<\/tr>\n<\/thead>\n<tbody>\n<tr style=\"background-color: #f8f9fa; border-bottom: 1px solid #e9ecef;\">\n<td style=\"padding: 15px; font-weight: bold; color: #333;\">Nome do produto<\/td>\n<td style=\"padding: 15px; color: #555;\"><a href=\"https:\/\/jttlogos.com\/pt\/categoria-de-produto\/adesivo-de-metal-niquel\/\">Adesivo de metal n\u00edquel com decalque dourado e prateado<\/a><\/td>\n<\/tr>\n<tr style=\"background-color: #ffffff; border-bottom: 1px solid #e9ecef;\">\n<td style=\"padding: 15px; font-weight: bold; color: #333;\">Material principal<\/td>\n<td style=\"padding: 15px; color: #555;\">Metal, N\u00edquel 100%<\/td>\n<\/tr>\n<tr style=\"background-color: #f8f9fa; border-bottom: 1px solid #e9ecef;\">\n<td style=\"padding: 15px; font-weight: bold; color: #333;\">T\u00e9cnica de Produ\u00e7\u00e3o<\/td>\n<td style=\"padding: 15px; color: #555;\">Galvanoplastia Avan\u00e7ada<\/td>\n<\/tr>\n<tr style=\"background-color: #ffffff; border-bottom: 1px solid #e9ecef;\">\n<td style=\"padding: 15px; font-weight: bold; color: #333;\">Faixa de espessura<\/td>\n<td style=\"padding: 15px; color: #555;\">0,045 mm \u2013 0,12 mm (perfil ultrafino)<\/td>\n<\/tr>\n<tr style=\"background-color: #f8f9fa; border-bottom: 1px solid #e9ecef;\">\n<td style=\"padding: 15px; font-weight: bold; color: #333;\">Op\u00e7\u00f5es de tamanho e formato<\/td>\n<td style=\"padding: 15px; color: #555;\">100% Personalizado para suas dimens\u00f5es e contornos espec\u00edficos<\/td>\n<\/tr>\n<tr style=\"background-color: #ffffff; border-bottom: 1px solid #e9ecef;\">\n<td style=\"padding: 15px; font-weight: bold; color: #333;\">Variantes de cores<\/td>\n<td style=\"padding: 15px; color: #555;\">Cores personalizadas dispon\u00edveis (ouro, prata, ouro rosa, preto, etc.)<\/td>\n<\/tr>\n<tr style=\"background-color: #f8f9fa; border-bottom: 1px solid #e9ecef;\">\n<td style=\"padding: 15px; font-weight: bold; color: #333;\">Tecnologia Adesiva<\/td>\n<td style=\"padding: 15px; color: #555;\">Adesivo 3M, cola termofus\u00edvel 3M, autoadesivo dupla face<\/td>\n<\/tr>\n<tr style=\"background-color: #ffffff; border-bottom: 1px solid #e9ecef;\">\n<td style=\"padding: 15px; font-weight: bold; color: #333;\">Formatos de arte suportados<\/td>\n<td style=\"padding: 15px; color: #555;\">AI, PDF, CDR, CAD ou outros formatos vetoriais<\/td>\n<\/tr>\n<\/tbody>\n<\/table>\n<\/div>\n<h2 style=\"color: #2c3e50; border-bottom: 2px solid #3498db; padding-bottom: 10px; margin-top: 40px;\">Diversos cen\u00e1rios de aplica\u00e7\u00e3o para decalques met\u00e1licos<\/h2>\n<p>Devido \u00e0 sua adaptabilidade superior, apelo visual impressionante e suporte adesivo robusto, nossas etiquetas personalizadas de n\u00edquel galvanizado atendem a uma vasta gama de ind\u00fastrias. Desde produtos eletr\u00f4nicos de consumo delicados at\u00e9 interiores automotivos para servi\u00e7os pesados, essas etiquetas aderem perfeitamente a superf\u00edcies curvas e planas.<\/p>\n<p><!-- Visual: Applications Icons\/Images --><\/p>\n<h3 style=\"color: #e67e22; margin-top: 25px;\">1. Celulares, tablets e produtos eletr\u00f4nicos<\/h3>\n<p>No mercado altamente competitivo de eletr\u00f4nicos, um logotipo distinto significa qualidade e confian\u00e7a. Nossos adesivos finos de metal para celulares, laptops, capas de tablets e chassis de PC oferecem uma solu\u00e7\u00e3o de marca elegante e met\u00e1lica. Como as etiquetas de n\u00edquel 100% variam de 0,045 mm a 0,12 mm de espessura, elas n\u00e3o adicionam volume indesejado a dispositivos finos, nem se prendem facilmente em bolsos ou capas de laptop.<\/p>\n<h3 style=\"color: #e67e22; margin-top: 25px;\">2. M\u00f3veis, mesas e arm\u00e1rios<\/h3>\n<p>Marceneiros, designers de interiores e fabricantes de m\u00f3veis de alta qualidade utilizam nossas etiquetas adesivas de metal para m\u00f3veis para aplicar marcas de fabricante elegantes e permanentes. Quer seja aplicada a uma mesa de carvalho polido, a uma cadeira ergon\u00f4mica de computador ou a estantes personalizadas, a robusta cola termofus\u00edvel 3M garante que o logotipo de metal adira permanentemente a v\u00e1rias superf\u00edcies de madeira, metal e comp\u00f3sitos.<\/p>\n<h3 style=\"color: #e67e22; margin-top: 25px;\">3. Embalagem, caixas de presente e livros premium<\/h3>\n<p>Eleve a experi\u00eancia de desembalagem incorporando decalques de logotipo de metal 3D em embalagens de caixas de presente, livros de capa dura e materiais promocionais. Um adesivo de transfer\u00eancia met\u00e1lico dourado ou prateado brilhante transforma uma caixa padr\u00e3o de papel\u00e3o ou couro sint\u00e9tico em uma pe\u00e7a de apresenta\u00e7\u00e3o sofisticada e luxuosa que chama a aten\u00e7\u00e3o e deixa uma impress\u00e3o duradoura no consumidor.<\/p>\n<h3 style=\"color: #e67e22; margin-top: 25px;\">4. Autom\u00f3veis e m\u00e1quinas<\/h3>\n<p>A resili\u00eancia do n\u00edquel galvanizado torna esses adesivos ideais para a ind\u00fastria automotiva e m\u00e1quinas em geral. Seja usado em pain\u00e9is de autom\u00f3veis, volantes, detalhes externos ou pain\u00e9is de controle industriais, a natureza resistente \u00e0 corros\u00e3o do n\u00edquel garante que o logotipo permane\u00e7a leg\u00edvel e radiante mesmo sob condi\u00e7\u00f5es ambientais desafiadoras.<\/p>\n<h2 style=\"color: #2c3e50; border-bottom: 2px solid #3498db; padding-bottom: 10px; margin-top: 40px;\">Garantia de qualidade e certifica\u00e7\u00f5es confi\u00e1veis<\/h2>\n<p>As a reputable B2B partner, we understand that our commercial clients require strict adherence to international safety and quality standards. Our manufacturing facility and product lines have undergone rigorous third-party auditing to ensure trustworthiness and safety.<\/p>\n<ul style=\"list-style-type: square; margin-left: 20px; color: #444; line-height: 1.8;\">\n<li><strong>SGS Certified:<\/strong> Nossa produ\u00e7\u00e3o e materiais atendem aos rigorosos crit\u00e9rios de teste da SGS, empresa l\u00edder mundial em inspe\u00e7\u00e3o, verifica\u00e7\u00e3o, testes e certifica\u00e7\u00e3o.<\/li>\n<li><strong>Compat\u00edvel com ROHS:<\/strong> Garantimos que nossos adesivos de n\u00edquel met\u00e1lico com decalque dourado e prateado est\u00e3o livres de subst\u00e2ncias perigosas, tornando-os seguros para eletr\u00f4nicos de consumo e eletrodom\u00e9sticos.<\/li>\n<li><strong>Documenta\u00e7\u00e3o MSDS:<\/strong> As Fichas de Dados de Seguran\u00e7a de Materiais est\u00e3o prontamente dispon\u00edveis, proporcionando transpar\u00eancia absoluta em rela\u00e7\u00e3o \u00e0 seguran\u00e7a e composi\u00e7\u00e3o qu\u00edmica de nossos adesivos e materiais de n\u00edquel 100%.<\/li>\n<\/ul>\n<p><!-- Visual: Video Embed Placeholder --><\/p>\n<div style=\"text-align: center; margin: 40px 0; background-color: #000; border-radius: 8px; overflow: hidden; position: relative; padding-bottom: 56.25%; height: 0;\">\n<p><!-- Placeholder for actual iframe or video tag --><\/p>\n<div style=\"position: absolute; top: 0; left: 0; width: 100%; height: 100%; display: flex; align-items: center; justify-content: center; color: #fff; font-size: 1.2em; background: url('\/images\/video-thumbnail-production.jpg') center\/cover;\">\n<p><iframe loading=\"lazy\" title=\"Etiqueta de galvanoplastia personalizada, placa de identifica\u00e7\u00e3o de n\u00edquel personalizada, logotipo da marca, adesivo de metal\" width=\"1020\" height=\"574\" src=\"https:\/\/www.youtube.com\/embed\/TthoTTX9quo?feature=oembed\" frameborder=\"0\" allow=\"accelerometer; autoplay; clipboard-write; encrypted-media; gyroscope; picture-in-picture; web-share\" referrerpolicy=\"strict-origin-when-cross-origin\" allowfullscreen><\/iframe><\/p>\n<\/div>\n<\/div>\n<p><!-- Inline CSS Beautified Knowledge Point --><\/p>\n<div style=\"background: linear-gradient(135deg, #f0f7fa 0%, #e1eef5 100%); border-left: 6px solid #2980b9; padding: 25px; margin: 40px 0; border-radius: 6px; box-shadow: 0 4px 10px rgba(0,0,0,0.05);\">\n<h3 style=\"margin-top: 0; color: #2980b9; font-size: 1.4em; display: flex; align-items: center;\"><span style=\"font-size: 1.5em; margin-right: 10px;\">\ud83d\udca1<\/span> Expert Knowledge Point: Maximizing Adhesive Longevity<\/h3>\n<p style=\"margin-bottom: 15px; color: #333;\">Para garantir o seu <strong>adesivos personalizados com logotipo de metal<\/strong> Para obter a m\u00e1xima resist\u00eancia de ades\u00e3o, a prepara\u00e7\u00e3o adequada da superf\u00edcie e a t\u00e9cnica de aplica\u00e7\u00e3o s\u00e3o cruciais. Embora nossos r\u00f3tulos utilizem produtos premium <strong>3M adhesive, 3M hot-melt glue, or high-tack double-sided self-adhesive<\/strong>, o substrato deve ser devidamente preparado.<\/p>\n<ol style=\"margin-bottom: 0; color: #444; padding-left: 20px; line-height: 1.8;\">\n<li><strong>Limpeza de superf\u00edcie:<\/strong> Limpe a \u00e1rea alvo (por exemplo, capa de celular, monitor de computador, superf\u00edcie de mesa) com um limpador \u00e0 base de \u00e1lcool para remover \u00f3leos, poeira e impress\u00f5es digitais.<\/li>\n<li><strong>Controle de temperatura:<\/strong> Aplique o adesivo em ambiente com temperatura ambiente (o ideal \u00e9 entre 21\u00b0C e 38\u00b0C). O frio extremo pode endurecer o adesivo 3M, reduzindo a ader\u00eancia inicial.<\/li>\n<li><strong>Aplica\u00e7\u00e3o Firme:<\/strong> Retire o papel remov\u00edvel, posicione cuidadosamente o decalque e aplique uma press\u00e3o firme e uniforme em toda a superf\u00edcie.<\/li>\n<li><strong>Remo\u00e7\u00e3o de filme:<\/strong> Depois de pressionado firmemente, retire lentamente a pel\u00edcula protetora transparente em um \u00e2ngulo agudo de 180 graus para revelar o acabamento galvanizado brilhante.<\/li>\n<\/ol>\n<\/div>\n<h2 style=\"color: #2c3e50; border-bottom: 2px solid #3498db; padding-bottom: 10px; margin-top: 40px;\">Processo de pedido transparente, envio e op\u00e7\u00f5es de pagamento<\/h2>\n<p>Simplificamos nossa log\u00edstica global e processos de pedidos B2B para priorizar a efici\u00eancia do seu neg\u00f3cio. Devido \u00e0 natureza altamente customizada de nossos produtos, todos os pedidos passam por uma fase detalhada de or\u00e7amento e prova de arte.<\/p>\n<h3 style=\"color: #e67e22; margin-top: 25px;\">Entrega r\u00e1pida e prazos de entrega<\/h3>\n<p>O tempo \u00e9 cr\u00edtico nos cronogramas de produ\u00e7\u00e3o. Oferecemos tempos de entrega r\u00e1pidos para manter suas linhas de montagem em movimento:<\/p>\n<ul style=\"list-style-type: disc; margin-left: 20px; color: #444; line-height: 1.8;\">\n<li><strong>Amostras existentes:<\/strong> Pronto para despachar em apenas <strong>1 dia<\/strong> para qualidade e refer\u00eancia de material.<\/li>\n<li><strong>Custom Sample Making:<\/strong> Fast delivery of custom prototypes based on your AI\/PDF designs within <strong>3-5 dias<\/strong>.<\/li>\n<li><strong>Produ\u00e7\u00e3o em massa:<\/strong> Production time scales efficiently depending on your specific order quantity. Contact our team to receive an accurate timeline.<\/li>\n<\/ul>\n<h3 style=\"color: #e67e22; margin-top: 25px;\">Embalagem segura e remessa global<\/h3>\n<p>Every batch of your custom metal logo stickers is carefully packed into secure <strong>Sacos de pacote OPP<\/strong> para evitar arranh\u00f5es e exposi\u00e7\u00e3o \u00e0 umidade durante o transporte. Enviamos para todo o mundo usando o m\u00e9todo log\u00edstico de sua prefer\u00eancia:<\/p>\n<ul style=\"list-style-type: disc; margin-left: 20px; color: #444; line-height: 1.8;\">\n<li>Por frete a\u00e9reo para prazos urgentes<\/li>\n<li>Por frete mar\u00edtimo para efici\u00eancia em grandes volumes<\/li>\n<li>Por correios expressos incluindo <strong>DHL, UPS, FedEx<\/strong>, ou outras redes expressas solicitadas.<\/li>\n<\/ul>\n<h3 style=\"color: #e67e22; margin-top: 25px;\">Termos de pagamento flex\u00edveis<\/h3>\n<p>Oferecemos estruturas de pagamento seguras e flex\u00edveis para construir confian\u00e7a m\u00fatua. Os termos padr\u00e3o exigem um <strong>Dep\u00f3sito T\/T 30%<\/strong> para iniciar a produ\u00e7\u00e3o personalizada, com o saldo restante devido antes da entrega. Aceitamos uma ampla variedade de m\u00e9todos de pagamento, incluindo:<\/p>\n<p style=\"background-color: #f8f9fa; padding: 15px; border-radius: 5px; color: #555; border: 1px solid #ddd;\">Credit Card Payment \u2022 PayPal \u2022 Bank Transfer \u2022 Western Union \u2022 L\/C (Letter of Credit) \u2022 T\/T (Telegraphic Transfer) \u2022 Alibaba Trade Assurance Order<\/p>\n<p><!-- Inline CSS Beautified FAQs --><\/p>\n<h2 style=\"color: #2c3e50; border-bottom: 2px solid #3498db; padding-bottom: 10px; margin-top: 50px;\">Perguntas frequentes (FAQ)<\/h2>\n<div style=\"margin-bottom: 20px; border: 1px solid #e0e0e0; border-radius: 8px; overflow: hidden; box-shadow: 0 2px 5px rgba(0,0,0,0.02);\">\n<div style=\"background-color: #f8f9fa; padding: 15px 20px; border-bottom: 1px solid #e0e0e0;\">\n<h4 style=\"margin: 0; color: #2c3e50; font-size: 1.1em;\">1. Quais arquivos preciso fornecer para personalizar meus adesivos de logotipo de metal?<\/h4>\n<\/div>\n<div style=\"padding: 15px 20px; background-color: #ffffff;\">\n<p style=\"margin: 0; color: #555;\">Para garantir detalhes precisos durante o processo de galvanoplastia, precisamos de arte vetorial de alta resolu\u00e7\u00e3o. Os formatos aceit\u00e1veis \u200b\u200bincluem arquivos AI (Adobe Illustrator), PDF, CDR (CorelDRAW) ou CAD.<\/p>\n<\/div>\n<\/div>\n<div style=\"margin-bottom: 20px; border: 1px solid #e0e0e0; border-radius: 8px; overflow: hidden; box-shadow: 0 2px 5px rgba(0,0,0,0.02);\">\n<div style=\"background-color: #f8f9fa; padding: 15px 20px; border-bottom: 1px solid #e0e0e0;\">\n<h4 style=\"margin: 0; color: #2c3e50; font-size: 1.1em;\">2. Can I get these decals in colors other than gold and silver?<\/h4>\n<\/div>\n<div style=\"padding: 15px 20px; background-color: #ffffff;\">\n<p style=\"margin: 0; color: #555;\">Sim. Embora o ouro e a prata sejam muito populares em telefones celulares, computadores e m\u00f3veis de luxo, oferecemos cores, formatos e tamanhos personalizados, inteiramente adaptados \u00e0s diretrizes visuais espec\u00edficas da sua marca.<\/p>\n<\/div>\n<\/div>\n<div style=\"margin-bottom: 20px; border: 1px solid #e0e0e0; border-radius: 8px; overflow: hidden; box-shadow: 0 2px 5px rgba(0,0,0,0.02);\">\n<div style=\"background-color: #f8f9fa; padding: 15px 20px; border-bottom: 1px solid #e0e0e0;\">\n<h4 style=\"margin: 0; color: #2c3e50; font-size: 1.1em;\">3. Os adesivos s\u00e3o fortes o suficiente para superf\u00edcies curvas ou uso externo?<\/h4>\n<\/div>\n<div style=\"padding: 15px 20px; background-color: #ffffff;\">\n<p style=\"margin: 0; color: #555;\">Absolutamente. Utilizamos adesivo 3M de n\u00edvel industrial, cola termofus\u00edvel 3M e op\u00e7\u00f5es autoadesivas dupla-face para servi\u00e7os pesados. Combinados com a flexibilidade da base ultrafina de n\u00edquel 100% (0,045-0,12 mm), os decalques se adaptam bem a perfis lisos e curvos em eletrodom\u00e9sticos, autom\u00f3veis e m\u00e1quinas.<\/p>\n<\/div>\n<\/div>\n<div style=\"margin-bottom: 20px; border: 1px solid #e0e0e0; border-radius: 8px; overflow: hidden; box-shadow: 0 2px 5px rgba(0,0,0,0.02);\">\n<div style=\"background-color: #f8f9fa; padding: 15px 20px; border-bottom: 1px solid #e0e0e0;\">\n<h4 style=\"margin: 0; color: #2c3e50; font-size: 1.1em;\">4. Existe alguma certifica\u00e7\u00e3o de sa\u00fade ou seguran\u00e7a para esses adesivos de metal?<\/h4>\n<\/div>\n<div style=\"padding: 15px 20px; background-color: #ffffff;\">\n<p style=\"margin: 0; color: #555;\">Sim, todos os nossos adesivos met\u00e1licos de n\u00edquel s\u00e3o respaldados pelas certifica\u00e7\u00f5es SGS e ROHS, garantindo que n\u00e3o contenham metais pesados \u200b\u200bprejudiciais ou produtos qu\u00edmicos t\u00f3xicos. Tamb\u00e9m fornecemos documenta\u00e7\u00e3o MSDS mediante solicita\u00e7\u00e3o para verificar a seguran\u00e7a do material durante o manuseio e transporte.<\/p>\n<\/div>\n<\/div>\n<p><!-- Final Call to Action Section --><\/p>\n<div id=\"inquiry-section\" style=\"background-color: #2c3e50; color: #ffffff; padding: 40px; text-align: center; border-radius: 8px; margin-top: 50px; box-shadow: 0 10px 25px rgba(0,0,0,0.2);\">\n<h2 style=\"color: #ffffff; margin-top: 0; font-size: 2em;\">Pronto para elevar a imagem da sua marca?<\/h2>\n<p style=\"font-size: 1.1em; max-width: 700px; margin: 0 auto 30px auto; color: #bdc3c7;\">Junte-se a in\u00fameras marcas globais que confiam em nossas solu\u00e7\u00f5es personalizadas. Envie sua consulta hoje mesmo com o formato da arte (AI, PDF, CDR ou CAD) e nossos especialistas responder\u00e3o prontamente com a viabilidade do projeto e um or\u00e7amento personalizado para suas necessidades espec\u00edficas.<\/p>\n<div style=\"display: flex; justify-content: center; gap: 20px; flex-wrap: wrap;\"><a style=\"background-color: #e67e22; color: #ffffff; padding: 15px 40px; text-decoration: none; font-size: 1.2em; font-weight: bold; border-radius: 5px; transition: background-color 0.3s ease;\" href=\"https:\/\/jttlogos.com\/pt\/contate-nos\/\">Contate-nos para um or\u00e7amento<\/a><br \/>\n<a style=\"background-color: transparent; color: #ffffff; border: 2px solid #ffffff; padding: 15px 40px; text-decoration: none; font-size: 1.2em; font-weight: bold; border-radius: 5px; transition: background-color 0.3s ease;\" href=\"https:\/\/jttlogos.com\/pt\/categoria-de-produto\/adesivo-de-metal-niquel\/\">Ver galeria de produtos<\/a><\/div>\n<p style=\"margin-top: 25px; font-size: 0.9em; color: #95a5a6;\">*Personaliza\u00e7\u00e3o baseada em consulta. Os pre\u00e7os exatos e os tempos de produ\u00e7\u00e3o em massa dependem de par\u00e2metros espec\u00edficos do projeto e volumes de pedidos.<\/p>\n<\/div>\n<\/article>","protected":false},"excerpt":{"rendered":"<p>Aprimore sua marca com adesivos personalizados de n\u00edquel met\u00e1lico com decalques dourados e prateados. Feitos de n\u00edquel 100% por meio de galvanoplastia avan\u00e7ada, esses decalques com logotipo de metal 3D apresentam adesivos 3M dur\u00e1veis. Ideal para celulares, computadores, m\u00f3veis e embalagens. Apoiado por mais de 20 anos de experi\u00eancia em fabrica\u00e7\u00e3o. Entre em contato com a JTT Precision Metal para um or\u00e7amento personalizado hoje mesmo!<\/p>","protected":false},"featured_media":2852,"comment_status":"open","ping_status":"closed","template":"","meta":[],"product_brand":[],"product_cat":[48],"product_tag":[],"class_list":{"0":"post-2873","1":"product","2":"type-product","3":"status-publish","4":"has-post-thumbnail","6":"product_cat-nickel-metal-sticker","8":"first","9":"instock","10":"shipping-taxable","11":"product-type-simple"},"jetpack-related-posts":[],"jetpack_sharing_enabled":true,"_links":{"self":[{"href":"https:\/\/jttlogos.com\/pt\/wp-json\/wp\/v2\/product\/2873","targetHints":{"allow":["GET"]}}],"collection":[{"href":"https:\/\/jttlogos.com\/pt\/wp-json\/wp\/v2\/product"}],"about":[{"href":"https:\/\/jttlogos.com\/pt\/wp-json\/wp\/v2\/types\/product"}],"replies":[{"embeddable":true,"href":"https:\/\/jttlogos.com\/pt\/wp-json\/wp\/v2\/comments?post=2873"}],"wp:featuredmedia":[{"embeddable":true,"href":"https:\/\/jttlogos.com\/pt\/wp-json\/wp\/v2\/media\/2852"}],"wp:attachment":[{"href":"https:\/\/jttlogos.com\/pt\/wp-json\/wp\/v2\/media?parent=2873"}],"wp:term":[{"taxonomy":"product_brand","embeddable":true,"href":"https:\/\/jttlogos.com\/pt\/wp-json\/wp\/v2\/product_brand?post=2873"},{"taxonomy":"product_cat","embeddable":true,"href":"https:\/\/jttlogos.com\/pt\/wp-json\/wp\/v2\/product_cat?post=2873"},{"taxonomy":"product_tag","embeddable":true,"href":"https:\/\/jttlogos.com\/pt\/wp-json\/wp\/v2\/product_tag?post=2873"}],"curies":[{"name":"wp","href":"https:\/\/api.w.org\/{rel}","templated":true}]}}