{"id":2875,"date":"2020-05-16T09:17:13","date_gmt":"2020-05-16T09:17:13","guid":{"rendered":"https:\/\/jttlogos.com\/?post_type=product&#038;p=2875"},"modified":"2026-04-15T08:12:15","modified_gmt":"2026-04-15T08:12:15","slug":"custom-auto-luxury-metal-logo-tail-chrome-sticker-metal-nickel-sticker-letter-car-rear-badge-emblem","status":"publish","type":"product","link":"https:\/\/jttlogos.com\/pt\/produtos\/adesivo-personalizado-com-logotipo-de-metal-de-luxo-cauda-cromada-adesivo-de-metal-niquel-letra-emblema-traseiro-do-carro\/","title":{"rendered":"Adesivo de logotipo de n\u00edquel de metal 3D de luxo personalizado e emblema traseiro de carro cromado com adesivo 3M"},"content":{"rendered":"<article style=\"font-family: Arial, sans-serif; color: #333; line-height: 1.6; max-width: 100%; margin: 0 auto; padding: 20px;\">\n<h2 style=\"color: #1a1a1a; font-size: 28px; border-bottom: 2px solid #0056b3; padding-bottom: 10px; margin-bottom: 20px;\">Logotipo de metal de luxo personalizado adesivo traseiro cromado e letra de metal n\u00edquel emblema traseiro do carro<\/h2>\n<div style=\"background-color: #fcfcfc; border: 1px solid #eaeaea; padding: 20px; border-radius: 8px; margin-bottom: 30px;\">\n<p style=\"font-size: 16px; margin-bottom: 15px;\">Eleve a sua marca automotiva e de produtos de consumo com nosso premium <strong>adesivos cromados de cauda com logotipo de metal de luxo personalizado<\/strong>. Projetados para fornecer um acabamento met\u00e1lico tridimensional sofisticado, estes <strong>letras de adesivos de metal n\u00edquel<\/strong> e <strong>emblemas traseiros do carro<\/strong> representam o auge da fabrica\u00e7\u00e3o sob medida. Esteja voc\u00ea equipando exteriores de ve\u00edculos de luxo, pe\u00e7as automotivas personalizadas, eletrodom\u00e9sticos premium ou dispositivos eletr\u00f4nicos de \u00faltima gera\u00e7\u00e3o, nossos decalques met\u00e1licos galvanizados proporcionam impacto visual e durabilidade incompar\u00e1veis.<\/p>\n<p style=\"font-size: 16px; margin-bottom: 20px;\">Na JTT Precision Metal Co., Ltd, aproveitamos mais de 20 anos de profunda experi\u00eancia no setor para fornecer solu\u00e7\u00f5es de marcas de metal totalmente personaliz\u00e1veis. Nossos decalques de n\u00edquel galvanizado apresentam suportes adesivos 3M l\u00edderes do setor, garantindo resist\u00eancia duradoura \u00e0s intemp\u00e9ries, colagem segura e um acabamento impec\u00e1vel que se alinha perfeitamente com a identidade premium da sua marca.<\/p>\n<p><!-- Prominent Above-the-Fold CTAs --><\/p>\n<div style=\"margin-top: 25px; text-align: left;\"><a style=\"display: inline-block; background-color: #0056b3; color: #ffffff; text-decoration: none; padding: 14px 28px; font-size: 16px; font-weight: bold; border-radius: 5px; margin-right: 15px; box-shadow: 0 4px 6px rgba(0,0,0,0.1);\" href=\"https:\/\/jttlogos.com\/pt\/contate-nos\/\">Solicite um or\u00e7amento personalizado<\/a><\/div>\n<\/div>\n<p><!-- Technical Specifications Section --><\/p>\n<p><iframe loading=\"lazy\" title=\"Etiqueta de placa de identifica\u00e7\u00e3o de metal personalizada, adesivos de n\u00edquel \u00e0 prova d&#039;\u00e1gua com cola adesiva forte 3M\" width=\"1020\" height=\"574\" src=\"https:\/\/www.youtube.com\/embed\/WVgrsOXEqHs?feature=oembed\" frameborder=\"0\" allow=\"accelerometer; autoplay; clipboard-write; encrypted-media; gyroscope; picture-in-picture; web-share\" referrerpolicy=\"strict-origin-when-cross-origin\" allowfullscreen><\/iframe><\/p>\n<h3><img data-recalc-dims=\"1\" decoding=\"async\" class=\"alignnone wp-image-1418 size-full\" src=\"https:\/\/i0.wp.com\/jttlogos.com\/wp-content\/uploads\/2020\/05\/nickel-metal-sticker-3-1.jpg?resize=600%2C450&#038;ssl=1\" alt=\"Logotipo de metal de luxo automotivo personalizado\" width=\"600\" height=\"450\" title=\"\"><\/h3>\n<h3 style=\"color: #2c3e50; font-size: 22px; margin-top: 30px; margin-bottom: 15px;\">Especifica\u00e7\u00f5es detalhadas do produto<\/h3>\n<p style=\"margin-bottom: 15px;\">Nossos produtos de marca met\u00e1lica de luxo s\u00e3o fabricados utilizando processos avan\u00e7ados de galvanoplastia para atender a rigorosos padr\u00f5es industriais e automotivos. Abaixo est\u00e1 uma an\u00e1lise abrangente de nossas especifica\u00e7\u00f5es t\u00e9cnicas:<\/p>\n<table style=\"width: 100%; border-collapse: collapse; margin-bottom: 30px; font-size: 15px; box-shadow: 0 2px 8px rgba(0,0,0,0.05);\">\n<tbody>\n<tr>\n<td style=\"border: 1px solid #ddd; padding: 14px; background-color: #f8f9fa; font-weight: bold; width: 30%;\">Categoria de produto<\/td>\n<td style=\"border: 1px solid #ddd; padding: 14px;\"><a style=\"color: #0056b3; text-decoration: underline; font-weight: bold;\" href=\"https:\/\/jttlogos.com\/pt\/categoria-de-produto\/adesivo-de-metal-niquel\/\">Adesivo de metal n\u00edquel<\/a> \/ Emblemas de carro cromados personalizados<\/td>\n<\/tr>\n<tr>\n<td style=\"border: 1px solid #ddd; padding: 14px; background-color: #f8f9fa; font-weight: bold;\">Material principal<\/td>\n<td style=\"border: 1px solid #ddd; padding: 14px;\">Metal Premium, N\u00edquel S\u00f3lido 100%<\/td>\n<\/tr>\n<tr>\n<td style=\"border: 1px solid #ddd; padding: 14px; background-color: #f8f9fa; font-weight: bold;\">T\u00e9cnica de Fabrica\u00e7\u00e3o<\/td>\n<td style=\"border: 1px solid #ddd; padding: 14px;\">Galvanoplastia de alta precis\u00e3o<\/td>\n<\/tr>\n<tr>\n<td style=\"border: 1px solid #ddd; padding: 14px; background-color: #f8f9fa; font-weight: bold;\">Faixa de espessura<\/td>\n<td style=\"border: 1px solid #ddd; padding: 14px;\">0,045 mm \u2013 0,12 mm (perfil ultrafino, mas altamente dur\u00e1vel)<\/td>\n<\/tr>\n<tr>\n<td style=\"border: 1px solid #ddd; padding: 14px; background-color: #f8f9fa; font-weight: bold;\">Capacidades de tamanho e formato<\/td>\n<td style=\"border: 1px solid #ddd; padding: 14px;\">100% Personalizado para acomodar qualquer dimens\u00e3o, formato espec\u00edfico e requisitos de cores sob medida<\/td>\n<\/tr>\n<tr>\n<td style=\"border: 1px solid #ddd; padding: 14px; background-color: #f8f9fa; font-weight: bold;\">Tecnologia Adesiva (Cola)<\/td>\n<td style=\"border: 1px solid #ddd; padding: 14px;\">Adesivo 3M de grau automotivo, cola termofus\u00edvel 3M, fita autoadesiva dupla face premium<\/td>\n<\/tr>\n<tr>\n<td style=\"border: 1px solid #ddd; padding: 14px; background-color: #f8f9fa; font-weight: bold;\">Aplicativos de uso prim\u00e1rio<\/td>\n<td style=\"border: 1px solid #ddd; padding: 14px;\">Autom\u00f3veis, telefones celulares, capas para celulares, eletrodom\u00e9sticos, produtos eletr\u00f4nicos, caixas de presente de embalagens premium, maquin\u00e1rio pesado e equipamentos personalizados sob medida<\/td>\n<\/tr>\n<tr>\n<td style=\"border: 1px solid #ddd; padding: 14px; background-color: #f8f9fa; font-weight: bold;\">Certifica\u00e7\u00f5es da Ind\u00fastria<\/td>\n<td style=\"border: 1px solid #ddd; padding: 14px;\">SGS, ROHS, MSDS (em conformidade com os padr\u00f5es ambientais e de seguran\u00e7a globais)<\/td>\n<\/tr>\n<tr>\n<td style=\"border: 1px solid #ddd; padding: 14px; background-color: #f8f9fa; font-weight: bold;\">Formatos de arte aceitos<\/td>\n<td style=\"border: 1px solid #ddd; padding: 14px;\">AI (Adobe Illustrator), PDF, CDR (CorelDRAW), CAD e outros formatos gr\u00e1ficos vetoriais<\/td>\n<\/tr>\n<tr>\n<td style=\"border: 1px solid #ddd; padding: 14px; background-color: #f8f9fa; font-weight: bold;\">M\u00e9todo de embalagem<\/td>\n<td style=\"border: 1px solid #ddd; padding: 14px;\">Saco protetor de pacote OPP para evitar arranh\u00f5es no tr\u00e2nsito<\/td>\n<\/tr>\n<\/tbody>\n<\/table>\n<p><!-- Expertise and Performance Metrics --><\/p>\n<h3 style=\"color: #2c3e50; font-size: 22px; margin-bottom: 15px;\">Desempenho avan\u00e7ado e durabilidade ambiental<\/h3>\n<p style=\"margin-bottom: 15px;\">Ao adquirir <strong>tags de marca de metal sob medida<\/strong> ou <strong>decalques de metal personalizados<\/strong>, o desempenho operacional em diversos ambientes \u00e9 fundamental. Nossos emblemas de n\u00edquel galvanizado s\u00e3o projetados tendo em mente a est\u00e9tica e a resili\u00eancia:<\/p>\n<ul style=\"margin-bottom: 30px; padding-left: 20px;\">\n<li style=\"margin-bottom: 10px;\"><strong>Resist\u00eancia \u00e0s intemp\u00e9ries de n\u00edvel automotivo:<\/strong> Constru\u00eddos em n\u00edquel 100%, esses emblemas de carro cromados personalizados apresentam resist\u00eancia intr\u00ednseca \u00e0 oxida\u00e7\u00e3o. Eles mant\u00eam seu acabamento de alto brilho mesmo quando expostos a diversas condi\u00e7\u00f5es externas, protegendo seu logotipo do desbotamento prematuro.<\/li>\n<li style=\"margin-bottom: 10px;\"><strong>Estabilidade UV e de temperatura:<\/strong> Os materiais e a cola termofus\u00edvel 3M premium s\u00e3o testados para desempenho est\u00e1vel. Embora as toler\u00e2ncias exatas de temperatura dependam da variante espec\u00edfica do adesivo 3M selecionada para o seu projeto, as configura\u00e7\u00f5es padr\u00e3o de adesivos automotivos resistem ao frio intenso e ao alto calor do ver\u00e3o sem perder a resist\u00eancia ao descascamento.<\/li>\n<li style=\"margin-bottom: 10px;\"><strong>For\u00e7a de ades\u00e3o superior:<\/strong> A utiliza\u00e7\u00e3o de tecnologia autoadesiva de dupla face \u2013 especificamente adesivos industriais 3M \u2013 garante que o adesivo do logotipo de metal se fixe com seguran\u00e7a em substratos variados, incluindo pl\u00e1stico, vidro, metais revestidos e couro.<\/li>\n<li style=\"margin-bottom: 10px;\"><strong>Flexibilidade conformada ultrafina:<\/strong> Com uma espessura controlada que varia entre 0,045 mm e 0,12 mm, nossos decalques de metal galvanizado oferecem uma apar\u00eancia elegante e embutida que se integra perfeitamente aos contornos de designs automotivos modernos e dispositivos eletr\u00f4nicos elegantes.<\/li>\n<\/ul>\n<p><!-- Experience & Authoritativeness Section --><\/p>\n<h3 style=\"color: #2c3e50; font-size: 22px; margin-bottom: 15px;\">Heran\u00e7a de fabrica\u00e7\u00e3o confi\u00e1vel: JTT Precision Metal Co., Ltd<\/h3>\n<div style=\"background-color: #f4f7f6; border-left: 5px solid #2ecc71; padding: 20px; margin-bottom: 30px; border-radius: 4px;\">\n<p style=\"margin-bottom: 10px;\">With a proud history spanning over 20 years, <strong>JTT Precision Metal Co., Ltd (jttlogos.com)<\/strong> \u00e9 um fabricante l\u00edder especializado em adesivos personalizados com logotipo de metal de n\u00edquel, adesivos com logotipo de metal em a\u00e7o inoxid\u00e1vel e adesivos com logotipo de metal 3D. Nossa extensa experi\u00eancia pr\u00e1tica em produ\u00e7\u00e3o nos permite transformar obras de arte complexas de marcas em ativos met\u00e1licos tang\u00edveis e impressionantes.<\/p>\n<p style=\"margin-bottom: 0;\">Nossa autoridade no setor de metais de precis\u00e3o \u00e9 refor\u00e7ada por uma rigorosa conformidade global, mantendo <strong>Certifica\u00e7\u00f5es SGS, ROHS e MSDS<\/strong>. Isso demonstra nosso compromisso inabal\u00e1vel em usar mat\u00e9rias-primas seguras e ambientalmente conscientes (n\u00edquel 100%) ao operar instala\u00e7\u00f5es de galvanoplastia de \u00faltima gera\u00e7\u00e3o. Atendemos um vasto portf\u00f3lio de clientes B2B, entregando com sucesso <strong>decalques de logotipo de metal resistentes \u00e0s intemp\u00e9ries<\/strong> para a ind\u00fastria automotiva, bem como marcas ultrarrefinadas para os setores de bens de luxo e eletr\u00f4nicos de consumo.<\/p>\n<\/div>\n<p><!-- Application Scenarios --><\/p>\n<h3 style=\"color: #2c3e50; font-size: 22px; margin-bottom: 15px;\">Cen\u00e1rios vers\u00e1teis de uso e aplica\u00e7\u00e3o<\/h3>\n<p style=\"margin-bottom: 15px;\">O acabamento sofisticado do nosso <strong>letras de n\u00edquel galvanizado<\/strong> torna-o altamente adapt\u00e1vel em v\u00e1rios setores comerciais e industriais:<\/p>\n<div style=\"display: flex; flex-wrap: wrap; gap: 20px; margin-bottom: 30px;\">\n<div style=\"flex: 1; min-width: 250px; background: #fff; border: 1px solid #e0e0e0; padding: 15px; border-radius: 6px; box-shadow: 0 2px 4px rgba(0,0,0,0.02);\">\n<h4 style=\"margin-top: 0; color: #0056b3; font-size: 18px;\">Automotive &amp; Transportation<\/h4>\n<p style=\"font-size: 14px; margin-bottom: 0;\">Perfeito para emblemas traseiros de carros, logotipos de metal de luxo personalizados, decalques de volante e marcas de concession\u00e1rias. O acabamento cromado brilhante chama a aten\u00e7\u00e3o.<\/p>\n<\/div>\n<div style=\"flex: 1; min-width: 250px; background: #fff; border: 1px solid #e0e0e0; padding: 15px; border-radius: 6px; box-shadow: 0 2px 4px rgba(0,0,0,0.02);\">\n<h4 style=\"margin-top: 0; color: #0056b3; font-size: 18px;\">Eletr\u00f4nicos de consumo<\/h4>\n<p style=\"font-size: 14px; margin-bottom: 0;\">Ideal para telefones celulares, capas protetoras, laptops e sistemas de \u00e1udio dom\u00e9sticos. O perfil fino de 0,045-0,12 mm evita interfer\u00eancia no uso do dispositivo.<\/p>\n<\/div>\n<div style=\"flex: 1; min-width: 250px; background: #fff; border: 1px solid #e0e0e0; padding: 15px; border-radius: 6px; box-shadow: 0 2px 4px rgba(0,0,0,0.02);\">\n<h4 style=\"margin-top: 0; color: #0056b3; font-size: 18px;\">Embalagens e eletrodom\u00e9sticos de luxo<\/h4>\n<p style=\"font-size: 14px; margin-bottom: 0;\">Eleve as embalagens de caixas de presente, eletrodom\u00e9sticos premium e m\u00e1quinas sob medida com logotipos de metal OEM\/ODM de alta qualidade que comunicam qualidade excepcional.<\/p>\n<\/div>\n<\/div>\n<p><!-- Installation Instructions --><\/p>\n<h3 style=\"color: #2c3e50; font-size: 22px; margin-bottom: 15px;\">Instru\u00e7\u00f5es de instala\u00e7\u00e3o: como aplicar seu adesivo com logotipo de metal 3D<\/h3>\n<p style=\"margin-bottom: 15px;\">Para garantir a m\u00e1xima for\u00e7a de ades\u00e3o e um resultado visual perfeito, siga estas etapas de aplica\u00e7\u00e3o padronizadas para os seus emblemas adesivos de carro 3M:<\/p>\n<ol style=\"margin-bottom: 30px; padding-left: 20px; line-height: 1.8;\">\n<li><strong>Prepara\u00e7\u00e3o de superf\u00edcie:<\/strong> Limpe completamente a superf\u00edcie alvo (corpo do ve\u00edculo, capa do telefone ou aparelho) usando \u00e1lcool isoprop\u00edlico. Certifique-se de que esteja completamente seco, livre de poeira, \u00f3leos ou cera.<\/li>\n<li><strong>Descasque o suporte:<\/strong> Remova cuidadosamente o papel remov\u00edvel da parte de tr\u00e1s do adesivo, tomando cuidado para n\u00e3o tocar no adesivo 3M exposto para manter sua integridade.<\/li>\n<li><strong>Alinhamento e Aplica\u00e7\u00e3o:<\/strong> Posicione o emblema do carro cromado personalizado com precis\u00e3o sobre a \u00e1rea desejada. Depois de colocado levemente, verifique o alinhamento.<\/li>\n<li><strong>Apply Pressure:<\/strong> Pressione firmemente em toda a superf\u00edcie do emblema. Aplique press\u00e3o consistente por 30 a 60 segundos para ativar a cola sens\u00edvel \u00e0 press\u00e3o.<\/li>\n<li><strong>Remova a pel\u00edcula protetora:<\/strong> Se o seu adesivo personalizado incluir uma pel\u00edcula protetora frontal transparente, retire-o com cuidado em um \u00e2ngulo de 45 graus para revelar o acabamento met\u00e1lico galvanizado imaculado.<\/li>\n<\/ol>\n<p><!-- Inline CSS Beautified Knowledge Points --><\/p>\n<div style=\"background-color: #eef7ff; border: 1px solid #bce0fd; padding: 25px; margin-bottom: 30px; border-radius: 8px; box-shadow: inset 0 2px 4px rgba(0,0,0,0.02);\">\n<h3 style=\"color: #0056b3; font-size: 20px; margin-top: 0; margin-bottom: 15px; border-bottom: 1px solid #bce0fd; padding-bottom: 10px;\">\ud83d\udca1 Ponto de conhecimento da ind\u00fastria: O que \u00e9 um adesivo de n\u00edquel galvanizado?<\/h3>\n<p style=\"margin-bottom: 10px; font-size: 15px;\">Ao contr\u00e1rio da estampagem ou fundi\u00e7\u00e3o tradicional, a galvanoplastia \u00e9 um processo de fabrica\u00e7\u00e3o qu\u00edmica altamente preciso usado para fazer crescer pe\u00e7as met\u00e1licas \u00e1tomo por \u00e1tomo. No contexto de <strong>Adesivos de n\u00edquel galvanizado 3D<\/strong>, o n\u00edquel s\u00f3lido \u00e9 depositado em um molde condutor dentro de um banho de galvanoplastia.<\/p>\n<p style=\"margin-bottom: 0; font-size: 15px;\">Esta t\u00e9cnica permite uma precis\u00e3o incompar\u00e1vel, capturando detalhes microsc\u00f3picos de logotipos complexos e tipografia fina que a usinagem tradicional n\u00e3o consegue alcan\u00e7ar. Como o produto final \u00e9 o metal s\u00f3lido 100% sem um substrato volumoso, ele atinge um perfil incrivelmente elegante (at\u00e9 0,045 mm), mantendo uma integridade estrutural excepcional e um brilho semelhante ao cromo brilhante. Isso o torna a principal escolha para adesivos cromados de cauda com logotipo de metal de luxo personalizados.<\/p>\n<\/div>\n<p><!-- Production Timeline, Logistics, and Trustworthiness --><\/p>\n<h3 style=\"color: #2c3e50; font-size: 22px; margin-bottom: 15px;\">Log\u00edstica, seguran\u00e7a e cronogramas de produ\u00e7\u00e3o<\/h3>\n<p style=\"margin-bottom: 15px;\">Operamos um modelo B2B baseado em consulta, projetado para atender \u00e0s demandas de fabrica\u00e7\u00e3o personalizada com alta efici\u00eancia. Priorizamos transa\u00e7\u00f5es seguras, privacidade de design e controle de qualidade meticuloso.<\/p>\n<ul style=\"margin-bottom: 30px; padding-left: 20px; line-height: 1.8;\">\n<li><strong>Orienta\u00e7\u00e3o sobre prazo de entrega:<\/strong> We offer rapid turnarounds to keep your supply chain moving. We can dispatch our <em>amostras existentes para refer\u00eancia dentro de 1 dia<\/em>. A fabrica\u00e7\u00e3o de amostras de prot\u00f3tipos personalizados \u00e9 conclu\u00edda rapidamente <em>3-5 dias<\/em>. As programa\u00e7\u00f5es de produ\u00e7\u00e3o em massa s\u00e3o dimensionadas dinamicamente com base estritamente na quantidade do seu pedido.<\/li>\n<li><strong>Inspe\u00e7\u00e3o de qualidade rigorosa:<\/strong> Antes da embalagem segura em sacos OPP protetores, cada lote de adesivos met\u00e1licos de n\u00edquel passa por uma rigorosa inspe\u00e7\u00e3o de qualidade pr\u00e9-embarque para garantir correspond\u00eancia precisa de cores, precis\u00e3o dimensional e consist\u00eancia adesiva.<\/li>\n<li><strong>Flexible &amp; Secure Payment Terms:<\/strong> Para facilitar o com\u00e9rcio global cont\u00ednuo, aceitamos uma ampla variedade de m\u00e9todos de pagamento, incluindo pagamento com cart\u00e3o de cr\u00e9dito, PayPal, transfer\u00eancia banc\u00e1ria, Western Union, L\/C, T\/T e pedidos de Alibaba Trade Assurance. Os termos padr\u00e3o exigem um dep\u00f3sito T\/T 30% para iniciar a produ\u00e7\u00e3o, com o saldo liberado ap\u00f3s verifica\u00e7\u00e3o de qualidade bem-sucedida antes da entrega.<\/li>\n<li><strong>Log\u00edstica de remessa global:<\/strong> Acomodamos estrat\u00e9gias de entrega personalizadas. Os pedidos podem ser despachados por via mar\u00edtima para grandes volumes, por via a\u00e9rea para necessidades r\u00e1pidas ou por meio de correios de primeira linha, como DHL, UPS ou outros servi\u00e7os expressos.<\/li>\n<li><strong>Confidencialidade do projeto:<\/strong> Sua propriedade intelectual est\u00e1 segura conosco. Protegemos estritamente os arquivos de arte CAD, AI, PDF ou CDR personalizados enviados para seus projetos de marca personalizados.<\/li>\n<\/ul>\n<p><!-- Inline CSS Beautified FAQs --><\/p>\n<h3 style=\"color: #2c3e50; font-size: 22px; margin-bottom: 15px;\">Perguntas frequentes (FAQ)<\/h3>\n<div style=\"margin-bottom: 30px;\">\n<div style=\"border: 1px solid #e0e0e0; padding: 18px; margin-bottom: 12px; border-radius: 6px; background: #fafafa;\">\n<h4 style=\"margin: 0 0 10px 0; color: #333; font-size: 16px;\">Quais formatos de arquivo preciso fornecer para meu decalque de metal personalizado?<\/h4>\n<p style=\"margin: 0; font-size: 14px; color: #555;\">Para garantir a mais alta precis\u00e3o durante o processo de galvanoplastia e cria\u00e7\u00e3o de moldes, necessitamos de arquivos vetoriais. Os formatos aceit\u00e1veis \u200b\u200bincluem AI (Adobe Illustrator), PDF, CDR (CorelDRAW) ou CAD. Se voc\u00ea tiver outros formatos, entre em contato com nossa equipe de suporte para avalia\u00e7\u00e3o.<\/p>\n<\/div>\n<div style=\"border: 1px solid #e0e0e0; padding: 18px; margin-bottom: 12px; border-radius: 6px; background: #fafafa;\">\n<h4 style=\"margin: 0 0 10px 0; color: #333; font-size: 16px;\">Esses adesivos de n\u00edquel s\u00e3o adequados para uso automotivo ao ar livre?<\/h4>\n<p style=\"margin: 0; font-size: 14px; color: #555;\">Sim. Nossos adesivos cromados com logotipo de metal de luxo personalizados s\u00e3o projetados especificamente para ambientes exigentes. Formulados com n\u00edquel s\u00f3lido 100% e apoiados por adesivo 3M de grau automotivo, eles oferecem excelente resist\u00eancia contra exposi\u00e7\u00e3o UV, chuva e flutua\u00e7\u00f5es de temperatura.<\/p>\n<\/div>\n<div style=\"border: 1px solid #e0e0e0; padding: 18px; margin-bottom: 12px; border-radius: 6px; background: #fafafa;\">\n<h4 style=\"margin: 0 0 10px 0; color: #333; font-size: 16px;\">Can I request a sample before committing to mass production?<\/h4>\n<p style=\"margin: 0; font-size: 14px; color: #555;\">Absolutamente. Podemos enviar amostras de refer\u00eancia existentes dentro de 1 dia para que voc\u00ea possa avaliar a qualidade do material e do adesivo. Se voc\u00ea precisar de uma amostra personalizada moldada de acordo com sua arte espec\u00edfica, nosso r\u00e1pido processo de fabrica\u00e7\u00e3o conclui isso em apenas 3 a 5 dias.<\/p>\n<\/div>\n<div style=\"border: 1px solid #e0e0e0; padding: 18px; margin-bottom: 12px; border-radius: 6px; background: #fafafa;\">\n<h4 style=\"margin: 0 0 10px 0; color: #333; font-size: 16px;\">How durable is the 3M adhesive backing?<\/h4>\n<p style=\"margin: 0; font-size: 14px; color: #555;\">Utilizamos cola termofus\u00edvel 3M premium e configura\u00e7\u00f5es autoadesivas de dupla face conhecidas por sua alta resist\u00eancia ao descascamento. Depois de aplicado corretamente em uma superf\u00edcie limpa e totalmente curado, o emblema estabelece uma liga\u00e7\u00e3o semipermanente a permanente que resiste \u00e0 vibra\u00e7\u00e3o, umidade e desgaste geral.<\/p>\n<\/div>\n<\/div>\n<p><!-- Final Call to Action --><\/p>\n<div style=\"text-align: center; margin-top: 40px; padding: 30px; background-color: #f1f8ff; border-radius: 8px; border: 1px solid #d4ebff;\">\n<h3 style=\"color: #0056b3; font-size: 24px; margin-top: 0; margin-bottom: 15px;\">Pronto para atualizar a identidade da sua marca?<\/h3>\n<p style=\"font-size: 16px; margin-bottom: 20px; color: #333;\">Entre em contato com a JTT Precision Metal hoje para discutir tamanhos personalizados, correspond\u00eancia exata de cores e requisitos de cronograma para seus adesivos de logotipo automotivo ou eletr\u00f4nico personalizados.<\/p>\n<p><a style=\"display: inline-block; background-color: #0056b3; color: #ffffff; text-decoration: none; padding: 15px 35px; font-size: 18px; font-weight: bold; border-radius: 5px; box-shadow: 0 4px 6px rgba(0,0,0,0.15);\" href=\"https:\/\/jttlogos.com\/pt\/contate-nos\/\">Submit Your Artwork for a Review<\/a><\/p>\n<\/div>\n<\/article>","protected":false},"excerpt":{"rendered":"<p>Eleve sua marca com adesivos cromados de cauda com logotipo de metal de luxo personalizados. A JTT Precision Metal oferece adesivos de n\u00edquel galvanizado 100% com certifica\u00e7\u00e3o SGS e adesivo 3M para embalagens automotivas, eletr\u00f4nicas e premium. Contate-nos para obter decalques de metal personalizados resistentes \u00e0s intemp\u00e9ries e produ\u00e7\u00e3o r\u00e1pida de amostras!<\/p>","protected":false},"featured_media":2867,"comment_status":"open","ping_status":"closed","template":"","meta":[],"product_brand":[],"product_cat":[48],"product_tag":[],"class_list":{"0":"post-2875","1":"product","2":"type-product","3":"status-publish","4":"has-post-thumbnail","6":"product_cat-nickel-metal-sticker","8":"first","9":"instock","10":"shipping-taxable","11":"product-type-simple"},"jetpack-related-posts":[],"jetpack_sharing_enabled":true,"_links":{"self":[{"href":"https:\/\/jttlogos.com\/pt\/wp-json\/wp\/v2\/product\/2875","targetHints":{"allow":["GET"]}}],"collection":[{"href":"https:\/\/jttlogos.com\/pt\/wp-json\/wp\/v2\/product"}],"about":[{"href":"https:\/\/jttlogos.com\/pt\/wp-json\/wp\/v2\/types\/product"}],"replies":[{"embeddable":true,"href":"https:\/\/jttlogos.com\/pt\/wp-json\/wp\/v2\/comments?post=2875"}],"wp:featuredmedia":[{"embeddable":true,"href":"https:\/\/jttlogos.com\/pt\/wp-json\/wp\/v2\/media\/2867"}],"wp:attachment":[{"href":"https:\/\/jttlogos.com\/pt\/wp-json\/wp\/v2\/media?parent=2875"}],"wp:term":[{"taxonomy":"product_brand","embeddable":true,"href":"https:\/\/jttlogos.com\/pt\/wp-json\/wp\/v2\/product_brand?post=2875"},{"taxonomy":"product_cat","embeddable":true,"href":"https:\/\/jttlogos.com\/pt\/wp-json\/wp\/v2\/product_cat?post=2875"},{"taxonomy":"product_tag","embeddable":true,"href":"https:\/\/jttlogos.com\/pt\/wp-json\/wp\/v2\/product_tag?post=2875"}],"curies":[{"name":"wp","href":"https:\/\/api.w.org\/{rel}","templated":true}]}}