{"id":2976,"date":"2020-05-17T08:40:27","date_gmt":"2020-05-17T08:40:27","guid":{"rendered":"https:\/\/jttlogos.com\/?post_type=product&#038;p=2976"},"modified":"2026-03-27T08:56:16","modified_gmt":"2026-03-27T08:56:16","slug":"etiqueta-personalizada-de-etiqueta-de-metal-em-placa-de-aco-inoxidavel-com-logotipo-em-relevo-placa-de-logotipo-de-metal-inoxidavel-para-bolsa-de-couro","status":"publish","type":"product","link":"https:\/\/jttlogos.com\/pt\/product\/custom-stainless-steel-plate-metal-label-sticker-with-debossed-logo-stainless-metal-logo-plate-for-leather-bag\/","title":{"rendered":"Custom Stainless Steel Plate Metal Label Sticker with Debossed Logo Stainless Metal Logo Plate for Equipment"},"content":{"rendered":"<div id=\"pl-2976\" class=\"panel-layout\">\n<div id=\"pg-2976-0\" class=\"panel-grid panel-no-style\" data-style=\"{&quot;background_image_attachment&quot;:false,&quot;background_display&quot;:&quot;tile&quot;,&quot;gutter&quot;:&quot;50px&quot;,&quot;collapse_order&quot;:&quot;right-top&quot;,&quot;cell_alignment&quot;:&quot;center&quot;}\">\n<div id=\"pgc-2976-0-0\" class=\"panel-grid-cell\" data-weight=\"0.5\">\n<div id=\"panel-2976-0-0-0\" class=\"so-panel widget widget_sow-editor panel-first-child panel-last-child\" data-index=\"0\" data-style=\"{&quot;padding&quot;:&quot;0px 0px 30px 0px&quot;,&quot;mobile_padding&quot;:&quot;4px 4px 4px 4px&quot;,&quot;background_image_attachment&quot;:false,&quot;background_display&quot;:&quot;tile&quot;}\">\n<div class=\"panel-widget-style panel-widget-style-for-2976-0-0-0\">\n<div class=\"so-widget-sow-editor so-widget-sow-editor-base\">\n<div class=\"siteorigin-widget-tinymce textwidget\"><\/div>\n<\/div>\n<\/div>\n<\/div>\n<\/div>\n<\/div>\n<\/div>\n<article>\n<div style=\"display: flex; flex-wrap: wrap; gap: 20px; align-items: center; margin-bottom: 30px;\">\n<div style=\"flex: 1; min-width: 300px;\">\n<p>No mundo competitivo da marca e da fabrica\u00e7\u00e3o industrial, <strong>Placas de logotipo de metal personalizadas<\/strong> servem como a assinatura definitiva de qualidade. Na JTT Logos, nos especializamos em placas de a\u00e7o inoxid\u00e1vel 304 de alta precis\u00e3o, meticulosamente projetadas por meio de t\u00e9cnicas avan\u00e7adas de grava\u00e7\u00e3o para funcionar como indicadores de marca de prest\u00edgio e dispositivos de identifica\u00e7\u00e3o dur\u00e1veis.<\/p>\n<p>Nosso <strong>equipamento de etiquetas de identifica\u00e7\u00e3o de metal<\/strong> as solu\u00e7\u00f5es s\u00e3o projetadas especificamente para suportar os ambientes mais severos. Se voc\u00ea est\u00e1 procurando <strong>placas de identifica\u00e7\u00e3o de equipamentos<\/strong> for heavy machinery or elegant labels for luxury leather goods, our 304 stainless steel construction ensures high corrosion resistance, strong weather resistance, and an exquisite appearance that lasts for decades.<\/p>\n<p>&nbsp;<\/p>\n<\/div>\n<div style=\"flex: 1; min-width: 300px; text-align: center;\"><img data-recalc-dims=\"1\" loading=\"lazy\" decoding=\"async\" class=\"alignnone wp-image-1418\" src=\"https:\/\/i0.wp.com\/jttlogos.com\/wp-content\/uploads\/2020\/05\/stainless-steel-metal-sticker-16-1.jpg?resize=456%2C456&#038;ssl=1\" alt=\"Custom Stainless Steel Plate Metal Label Sticker\" width=\"456\" height=\"456\" title=\"\"><\/div>\n<\/div>\n<p><!-- Visual Characteristics Highlight --><\/p>\n<div style=\"background-color: #f8f9fa; padding: 20px; border-left: 5px solid #e67e22; margin-bottom: 30px;\">\n<h3 style=\"margin-top: 0; color: #2c3e50;\">Excel\u00eancia Visual e Desempenho<\/h3>\n<ul style=\"column-count: 2; list-style-type: square; line-height: 1.6;\">\n<li>Padr\u00f5es gravados com precis\u00e3o com linhas claras<\/li>\n<li>Textura escovada uniforme para uma sensa\u00e7\u00e3o premium<\/li>\n<li>Appropriate etching depth for distinct debossing<\/li>\n<li>Consistent surface color and flat bottom surfaces<\/li>\n<li>Op\u00e7\u00f5es de preenchimento vibrantes e coloridas<\/li>\n<li>Resist\u00eancia a longo prazo \u00e0 oxida\u00e7\u00e3o e ao desbotamento<\/li>\n<\/ul>\n<\/div>\n<p><!-- Product Specifications Table --><\/p>\n<p><iframe loading=\"lazy\" title=\"Grava\u00e7\u00e3o de placa de identifica\u00e7\u00e3o de metal, adesivo de a\u00e7o inoxid\u00e1vel com etiqueta de logotipo de fita autoadesiva\" width=\"1020\" height=\"574\" src=\"https:\/\/www.youtube.com\/embed\/SPwG0itY5Jc?feature=oembed\" frameborder=\"0\" allow=\"accelerometer; autoplay; clipboard-write; encrypted-media; gyroscope; picture-in-picture; web-share\" referrerpolicy=\"strict-origin-when-cross-origin\" allowfullscreen><\/iframe><\/p>\n<h2 style=\"color: #2c3e50; border-bottom: 2px solid #e67e22; padding-bottom: 10px;\">Especifica\u00e7\u00f5es t\u00e9cnicas e par\u00e2metros<\/h2>\n<div style=\"overflow-x: auto; margin-bottom: 30px;\">\n<table style=\"width: 100%; border-collapse: collapse; font-family: Arial, sans-serif;\">\n<thead>\n<tr style=\"background-color: #2c3e50; color: white; text-align: left;\">\n<th style=\"padding: 12px; border: 1px solid #ddd;\">Recurso<\/th>\n<th style=\"padding: 12px; border: 1px solid #ddd;\">Detalhes da especifica\u00e7\u00e3o<\/th>\n<\/tr>\n<\/thead>\n<tbody>\n<tr>\n<td style=\"padding: 12px; border: 1px solid #ddd; font-weight: bold; background-color: #f2f2f2;\">Nome do item<\/td>\n<td style=\"padding: 12px; border: 1px solid #ddd;\">Adesivo de metal em a\u00e7o inoxid\u00e1vel \/ placa de identifica\u00e7\u00e3o do equipamento<\/td>\n<\/tr>\n<tr>\n<td style=\"padding: 12px; border: 1px solid #ddd; font-weight: bold; background-color: #f2f2f2;\">Material<\/td>\n<td style=\"padding: 12px; border: 1px solid #ddd;\">A\u00e7o inoxid\u00e1vel 304 premium<\/td>\n<\/tr>\n<tr>\n<td style=\"padding: 12px; border: 1px solid #ddd; font-weight: bold; background-color: #f2f2f2;\">T\u00e9cnica<\/td>\n<td style=\"padding: 12px; border: 1px solid #ddd;\">Gravura Qu\u00edmica<\/td>\n<\/tr>\n<tr>\n<td style=\"padding: 12px; border: 1px solid #ddd; font-weight: bold; background-color: #f2f2f2;\">Faixa de espessura<\/td>\n<td style=\"padding: 12px; border: 1px solid #ddd;\">0.1mm to 0.5mm (Ultra-thin to Standard)<\/td>\n<\/tr>\n<tr>\n<td style=\"padding: 12px; border: 1px solid #ddd; font-weight: bold; background-color: #f2f2f2;\">Tamanho e cor<\/td>\n<td style=\"padding: 12px; border: 1px solid #ddd;\">Personalizado para qualquer formato, dimens\u00e3o e cor Pantone<\/td>\n<\/tr>\n<tr>\n<td style=\"padding: 12px; border: 1px solid #ddd; font-weight: bold; background-color: #f2f2f2;\">Op\u00e7\u00f5es adesivas<\/td>\n<td style=\"padding: 12px; border: 1px solid #ddd;\">3M Adhesive, 3M Hot-melt Glue, Double-sided self-adhesive<\/td>\n<\/tr>\n<tr>\n<td style=\"padding: 12px; border: 1px solid #ddd; font-weight: bold; background-color: #f2f2f2;\">Certifica\u00e7\u00f5es<\/td>\n<td style=\"padding: 12px; border: 1px solid #ddd;\">Compat\u00edvel com SGS, ROHS, MSDS<\/td>\n<\/tr>\n<tr>\n<td style=\"padding: 12px; border: 1px solid #ddd; font-weight: bold; background-color: #f2f2f2;\">Capacidade de fornecimento<\/td>\n<td style=\"padding: 12px; border: 1px solid #ddd;\">700.000 pe\u00e7as por dia<\/td>\n<\/tr>\n<tr>\n<td style=\"padding: 12px; border: 1px solid #ddd; font-weight: bold; background-color: #f2f2f2;\">Production Lead Time<\/td>\n<td style=\"padding: 12px; border: 1px solid #ddd;\">Amostra: 5-7 dias; Produ\u00e7\u00e3o em massa: 7-15 dias<\/td>\n<\/tr>\n<\/tbody>\n<\/table>\n<\/div>\n<p><!-- Production Process --><\/p>\n<h2><img data-recalc-dims=\"1\" loading=\"lazy\" decoding=\"async\" class=\"aligncenter wp-image-1417 size-full\" src=\"https:\/\/i0.wp.com\/jttlogos.com\/wp-content\/uploads\/2020\/05\/Certification-JTT.jpg?resize=600%2C600&#038;ssl=1\" alt=\"Official SGS, MSDS, and ROHS reports guaranteeing the material safety and quality of JTT Logos Metal equipment nameplates\" width=\"600\" height=\"600\" title=\"\"><\/h2>\n<h2 style=\"color: #2c3e50; border-bottom: 2px solid #e67e22; padding-bottom: 10px;\">Engenharia de Precis\u00e3o: O Fluxo de Trabalho de Produ\u00e7\u00e3o<\/h2>\n<div style=\"display: flex; flex-wrap: wrap; justify-content: space-between; gap: 10px; margin-bottom: 30px; text-align: center;\">\n<div style=\"flex: 1; min-width: 120px; background: #eee; padding: 10px; border-radius: 5px; font-size: 0.9em;\"><strong>1. Cria\u00e7\u00e3o de Filme<\/strong><br \/>\nArte para negativo<\/div>\n<div style=\"flex: 1; min-width: 120px; background: #eee; padding: 10px; border-radius: 5px; font-size: 0.9em;\"><strong>2. Prepara\u00e7\u00e3o de superf\u00edcie<\/strong><br \/>\nLimpeza de chapa de a\u00e7o<\/div>\n<div style=\"flex: 1; min-width: 120px; background: #eee; padding: 10px; border-radius: 5px; font-size: 0.9em;\"><strong>3. Revestimento de tinta<\/strong><br \/>\nInsulating Layer<\/div>\n<div style=\"flex: 1; min-width: 120px; background: #eee; padding: 10px; border-radius: 5px; font-size: 0.9em;\"><strong>4. Imagem<\/strong><br \/>\nExposi\u00e7\u00e3o e UV<\/div>\n<div style=\"flex: 1; min-width: 120px; background: #eee; padding: 10px; border-radius: 5px; font-size: 0.9em;\"><strong>5. Gravura<\/strong><br \/>\nPrecis\u00e3o Qu\u00edmica<\/div>\n<div style=\"flex: 1; min-width: 120px; background: #eee; padding: 10px; border-radius: 5px; font-size: 0.9em;\"><strong>6. Finishing<\/strong><br \/>\nCola e sobreposi\u00e7\u00e3o<\/div>\n<div style=\"flex: 1; min-width: 120px; background: #eee; padding: 10px; border-radius: 5px; font-size: 0.9em;\"><strong>7. QC &amp; Packing<\/strong><br \/>\nInspe\u00e7\u00e3o 100%<\/div>\n<\/div>\n<p><!-- Why Choose Our Stickers - Comparison Card --><\/p>\n<h2><img data-recalc-dims=\"1\" loading=\"lazy\" decoding=\"async\" class=\"aligncenter wp-image-1417 size-full\" src=\"https:\/\/i0.wp.com\/jttlogos.com\/wp-content\/uploads\/2020\/05\/stainless-steel-productive-process.jpg?resize=600%2C600&#038;ssl=1\" alt=\"Step-by-step factory production process for JTT Logos Custom equipment nameplates\" width=\"600\" height=\"600\" title=\"\"><\/h2>\n<h2 style=\"color: #2c3e50; border-bottom: 2px solid #e67e22; padding-bottom: 10px;\">Por que escolher nossas placas de identifica\u00e7\u00e3o de equipamentos personalizadas?<\/h2>\n<div style=\"display: grid; grid-template-columns: repeat(auto-fit, minmax(300px, 1fr)); gap: 20px; margin-bottom: 30px;\">\n<div style=\"border: 1px solid #e67e22; border-radius: 10px; padding: 20px; background-color: #fffaf5;\">\n<h3 style=\"color: #e67e22; margin-top: 0;\">Unrivaled Durability<\/h3>\n<p>Nosso <strong>placas de identifica\u00e7\u00e3o met\u00e1licas para equipamentos<\/strong> are crafted exclusively from 304 stainless steel. This ensures they are 100% rust-proof and corrosion-resistant. Unlike aluminum or plastic tags, our <strong>equipamento de placa de identifica\u00e7\u00e3o<\/strong> as solu\u00e7\u00f5es resistem a altas temperaturas e solventes industriais.<\/p>\n<\/div>\n<div style=\"border: 1px solid #2c3e50; border-radius: 10px; padding: 20px; background-color: #f4f6f7;\">\n<h3 style=\"color: #2c3e50; margin-top: 0;\">Est\u00e9tica de Luxo<\/h3>\n<p>De acabamentos espelhados a texturas foscas e escovadas, oferecemos uma sensa\u00e7\u00e3o met\u00e1lica premium. Quer seja para <strong>placas de identifica\u00e7\u00e3o de equipamentos personalizados<\/strong> or high-end electronics, the distinct edge contours and debossed lettering offer a professional, high-end look.<\/p>\n<\/div>\n<\/div>\n<p><!-- Application Section --><\/p>\n<h2 style=\"color: #2c3e50; border-bottom: 2px solid #e67e22; padding-bottom: 10px;\">Aplica\u00e7\u00f5es vers\u00e1teis: onde a confiabilidade encontra o design<\/h2>\n<p>De acordo com dados da ind\u00fastria, a demanda por produtos de alta qualidade <strong>etiquetas de identifica\u00e7\u00e3o de equipamentos<\/strong> cresceu 15% no setor industrial devido a regulamenta\u00e7\u00f5es mais r\u00edgidas de seguran\u00e7a e identifica\u00e7\u00e3o. Nossos produtos atendem diversos campos:<\/p>\n<div style=\"display: flex; flex-wrap: wrap; gap: 15px; margin-bottom: 30px;\">\n<div style=\"flex: 1; background: #f9f9f9; padding: 15px; border-radius: 8px; border: 1px solid #ddd;\"><strong>M\u00e1quinas Industriais<\/strong><br \/>\nAltamente dur\u00e1vel <strong>placas de identifica\u00e7\u00e3o de equipamentos de metal<\/strong> para pain\u00e9is operacionais que exigem resist\u00eancia qu\u00edmica e ao desgaste.<\/div>\n<div style=\"flex: 1; background: #f9f9f9; padding: 15px; border-radius: 8px; border: 1px solid #ddd;\"><strong>Sinais de tr\u00e2nsito e exteriores<\/strong><br \/>\nSinais direcionais e rodovi\u00e1rios de a\u00e7o inoxid\u00e1vel 304 \u00e0 prova de intemp\u00e9ries que resistem \u00e0 exposi\u00e7\u00e3o UV de longo prazo.<\/div>\n<div style=\"flex: 1; background: #f9f9f9; padding: 15px; border-radius: 8px; border: 1px solid #ddd;\"><strong>Eletr\u00f4nicos de consumo<\/strong><br \/>\nExquisite brand logos and model <strong>placa de identifica\u00e7\u00e3o do equipamento<\/strong> identificadores para gadgets e embalagens premium.<\/div>\n<\/div>\n<p><!-- Installation Guide --><\/p>\n<h2><img data-recalc-dims=\"1\" loading=\"lazy\" decoding=\"async\" class=\"aligncenter wp-image-1417 size-full\" src=\"https:\/\/i0.wp.com\/jttlogos.com\/wp-content\/uploads\/2020\/05\/JTT-application-scenarios.jpg?resize=600%2C600&#038;ssl=1\" alt=\"applications of JTT Logos Custom Metal nameplates for equipment\" width=\"600\" height=\"600\" title=\"\"><\/h2>\n<h2 style=\"color: #2c3e50; border-bottom: 2px solid #e67e22; padding-bottom: 10px;\">Guia de instala\u00e7\u00e3o profissional<\/h2>\n<div style=\"background-color: #fff; border: 1px solid #ddd; padding: 20px; border-radius: 8px; margin-bottom: 30px;\">\n<ol style=\"line-height: 1.8;\">\n<li><strong>Prepara\u00e7\u00e3o de superf\u00edcie:<\/strong> Wipe the product surface with a dry cloth. Use industrial alcohol if oil stains are present.<\/li>\n<li><strong>Peeling:<\/strong> Remova cuidadosamente o papel remov\u00edvel da parte de tr\u00e1s do adesivo de metal. Certifique-se de que o filme da superf\u00edcie frontal permane\u00e7a intacto.<\/li>\n<li><strong>Aplicativo:<\/strong> Alinhe e anexe o <strong>Placa de logotipo de metal personalizada<\/strong> para a superf\u00edcie desejada.<\/li>\n<li><strong>Protegendo:<\/strong> Pressione firmemente em toda a superf\u00edcie usando um pano seco para ativar o adesivo.<\/li>\n<li><strong>Etapa final:<\/strong> Retire a pel\u00edcula protetora da superf\u00edcie em um \u00e2ngulo de 45 graus. Os res\u00edduos de cola nas bordas ser\u00e3o removidos junto com o filme se pressionado corretamente.<\/li>\n<\/ol>\n<\/div>\n<p><!-- Quality Control \/ Testing Section --><\/p>\n<h2 style=\"color: #2c3e50; border-bottom: 2px solid #e67e22; padding-bottom: 10px;\">Rigorosos testes e garantia de qualidade<\/h2>\n<p>Para garantir a nossa <strong>placas de identifica\u00e7\u00e3o de metal para equipamentos<\/strong> atendem aos padr\u00f5es internacionais, cada lote passa por seis testes essenciais:<\/p>\n<div style=\"display: grid; grid-template-columns: repeat(auto-fit, minmax(250px, 1fr)); gap: 15px; margin-bottom: 30px;\">\n<div style=\"padding: 15px; border: 1px solid #eee; background: #fcfcfc;\"><strong>1. Adhesion Test:<\/strong> Avalia a qualidade da liga\u00e7\u00e3o da tinta ap\u00f3s a colora\u00e7\u00e3o.<\/div>\n<div style=\"padding: 15px; border: 1px solid #eee; background: #fcfcfc;\"><strong>2. High\/Low Temp Test:<\/strong> Confirma a estabilidade em ambientes alternados de temperatura e calor \u00famido.<\/div>\n<div style=\"padding: 15px; border: 1px solid #eee; background: #fcfcfc;\"><strong>3. Teste de n\u00e9voa salina:<\/strong> Simulates harsh salt-laden atmospheres to verify corrosion resistance.<\/div>\n<div style=\"padding: 15px; border: 1px solid #eee; background: #fcfcfc;\"><strong>4. Teste de queda:<\/strong> Simula choques de transporte para garantir a integridade estrutural.<\/div>\n<div style=\"padding: 15px; border: 1px solid #eee; background: #fcfcfc;\"><strong>5. Teste de flex\u00e3o:<\/strong> Ensures the logo remains attached even when the substrate is flexed.<\/div>\n<div style=\"padding: 15px; border: 1px solid #eee; background: #fcfcfc;\"><strong>6. Teste de fita:<\/strong> Uma avalia\u00e7\u00e3o especializada da resist\u00eancia absoluta do agente de liga\u00e7\u00e3o.<\/div>\n<\/div>\n<p><!-- FAQ Knowledge Points --><\/p>\n<h2 style=\"color: #2c3e50; border-bottom: 2px solid #e67e22; padding-bottom: 10px;\">Perguntas frequentes (FAQ)<\/h2>\n<div style=\"margin-bottom: 30px;\">\n<div style=\"margin-bottom: 15px; border-bottom: 1px solid #eee; padding-bottom: 10px;\">\n<p style=\"font-weight: bold; color: #e67e22;\">Q: What is the benefit of 304 stainless steel over other materials?<\/p>\n<p>R: O a\u00e7o inoxid\u00e1vel 304 oferece o melhor equil\u00edbrio entre resist\u00eancia \u00e0 corros\u00e3o, durabilidade e economia para <strong>placas de identifica\u00e7\u00e3o de equipamentos<\/strong>. N\u00e3o enferruja e mant\u00e9m seu brilho met\u00e1lico mesmo em ambientes externos ou industriais.<\/p>\n<\/div>\n<div style=\"margin-bottom: 15px; border-bottom: 1px solid #eee; padding-bottom: 10px;\">\n<p style=\"font-weight: bold; color: #e67e22;\">P: Voc\u00ea consegue lidar com pedidos de alto volume no atacado?<\/p>\n<p>R: Sim! A JTT Logos tem capacidade de fornecimento de 700.000 pe\u00e7as por dia, o que nos torna o parceiro preferencial para aplica\u00e7\u00f5es industriais de grande escala. <strong>placa de identifica\u00e7\u00e3o do equipamento<\/strong> fabrica\u00e7\u00e3o.<\/p>\n<\/div>\n<div style=\"margin-bottom: 15px; border-bottom: 1px solid #eee; padding-bottom: 10px;\">\n<p style=\"font-weight: bold; color: #e67e22;\">P: Voc\u00eas oferecem formatos e tamanhos personalizados?<\/p>\n<p>R: Absolutamente. Nosso <strong>placas de identifica\u00e7\u00e3o de equipamentos personalizados<\/strong> pode ser adaptado a qualquer design de IA, PDF ou CAD que voc\u00ea fornecer, incluindo formas complexas de corte e profundidades de grava\u00e7\u00e3o espec\u00edficas.<\/p>\n<\/div>\n<\/div>\n<p><!-- About Us & CTA --><\/p>\n<h2 style=\"color: #2c3e50; border-bottom: 2px solid #e67e22; padding-bottom: 10px;\">Sobre JTT Logos: seu especialista confi\u00e1vel em etiquetas de metal<\/h2>\n<p><img data-recalc-dims=\"1\" loading=\"lazy\" decoding=\"async\" class=\"aligncenter wp-image-1417 size-full\" src=\"https:\/\/i0.wp.com\/jttlogos.com\/wp-content\/uploads\/2020\/05\/jtt-company-advantage-1.jpg?resize=600%2C600&#038;ssl=1\" alt=\"our core advantages of choosing JTT Logos for equipment nameplate tags\" width=\"600\" height=\"600\" title=\"\"><\/p>\n<div style=\"background-color: #2c3e50; color: white; padding: 30px; border-radius: 10px;\">\n<p>Com mais <strong>16 anos de experi\u00eancia<\/strong> na ind\u00fastria de etiquetas met\u00e1licas, a JTT Logos \u00e9 um fabricante l\u00edder especializado em <strong>Placas de logotipo de metal personalizadas<\/strong>. Nossa experi\u00eancia conta com a confian\u00e7a de l\u00edderes globais, incluindo <strong>Tesla, Samsung, Haier, Gree, Panasonic e Lenovo<\/strong>. Neg\u00f3cio principal da JTT:\u00a0<a href=\"https:\/\/jttlogos.com\/pt\/\"><strong>Adesivos met\u00e1licos<\/strong><\/a>,\u00a0<a href=\"https:\/\/jttlogos.com\/pt\/categoria-de-produto\/adesivo-de-metal-niquel\/\"><strong>N\u00edquel\u00a0<\/strong><strong>Adesivos com logotipo de metal<\/strong><\/a><a title=\"Adesivos com logotipo de metal\" href=\"https:\/\/jttlogos.com\/pt\/\">,<\/a>\u00a0<a href=\"https:\/\/jttlogos.com\/pt\/categoria-de-produto\/adesivo-de-metal-em-aco-inoxidavel\/\"><strong>Adesivos com logotipo de metal em a\u00e7o inoxid\u00e1vel<\/strong><\/a>,\u00a0<a href=\"https:\/\/jttlogos.com\/pt\/categoria-de-produto\/adesivo-metalico-3d\/\"><strong>Adesivos com logotipo de metal para eletroforma\u00e7\u00e3o 3D<\/strong><\/a>,\u00a0<a href=\"https:\/\/jttlogos.com\/pt\/categoria-de-produto\/adesivo-de-metal-de-malha-de-alto-falante\/\"><strong>Adesivos de metal de malha de alto-falante<\/strong><\/a>.<\/p>\n<h3 style=\"color: #e67e22;\">Nossas 4 garantias principais:<\/h3>\n<ul style=\"line-height: 1.6;\">\n<li><strong>Qualidade superior:<\/strong> Usamos apenas a\u00e7o inoxid\u00e1vel 304 premium e controle de qualidade rigoroso.<\/li>\n<li><strong>Pre\u00e7o competitivo:<\/strong> A fabrica\u00e7\u00e3o direta na f\u00e1brica garante o melhor valor.<\/li>\n<li><strong>Pesquisa e desenvolvimento especializado:<\/strong> Solu\u00e7\u00f5es inovadoras para necessidades complexas de branding.<\/li>\n<li><strong>Entrega oportuna:<\/strong> Ciclos de produ\u00e7\u00e3o eficientes para cumprir seus prazos.<\/li>\n<\/ul>\n<div style=\"text-align: center; margin-top: 20px;\">\n<p style=\"font-size: 1.2em; font-weight: bold;\">Pronto para elevar a marca do seu equipamento?<\/p>\n<p><a style=\"display: inline-block; background-color: #e67e22; color: white; padding: 15px 30px; text-decoration: none; border-radius: 5px; font-weight: bold; margin-top: 10px;\" href=\"https:\/\/jttlogos.com\/pt\/contate-nos\/\">Solicite um or\u00e7amento personalizado hoje!<\/a><\/p>\n<\/div>\n<\/div>\n<\/article>","protected":false},"excerpt":{"rendered":"<p>JTT \u00e9 um fornecedor e fabricante l\u00edder global de adesivos de metal, adesivos de n\u00edquel, adesivos de a\u00e7o inoxid\u00e1vel, adesivos de metal 3D, alto-falantes de malha, especializados nesta ind\u00fastria h\u00e1 mais de 14 anos.<\/p>\n<p>O pre\u00e7o espec\u00edfico \u00e9 determinado pelo produto.<\/p>","protected":false},"featured_media":2960,"comment_status":"open","ping_status":"closed","template":"","meta":[],"product_brand":[],"product_cat":[52],"product_tag":[],"class_list":{"0":"post-2976","1":"product","2":"type-product","3":"status-publish","4":"has-post-thumbnail","6":"product_cat-stainless-steel-metal-sticker","8":"first","9":"instock","10":"shipping-taxable","11":"product-type-simple"},"jetpack-related-posts":[],"jetpack_sharing_enabled":true,"_links":{"self":[{"href":"https:\/\/jttlogos.com\/pt\/wp-json\/wp\/v2\/product\/2976","targetHints":{"allow":["GET"]}}],"collection":[{"href":"https:\/\/jttlogos.com\/pt\/wp-json\/wp\/v2\/product"}],"about":[{"href":"https:\/\/jttlogos.com\/pt\/wp-json\/wp\/v2\/types\/product"}],"replies":[{"embeddable":true,"href":"https:\/\/jttlogos.com\/pt\/wp-json\/wp\/v2\/comments?post=2976"}],"wp:featuredmedia":[{"embeddable":true,"href":"https:\/\/jttlogos.com\/pt\/wp-json\/wp\/v2\/media\/2960"}],"wp:attachment":[{"href":"https:\/\/jttlogos.com\/pt\/wp-json\/wp\/v2\/media?parent=2976"}],"wp:term":[{"taxonomy":"product_brand","embeddable":true,"href":"https:\/\/jttlogos.com\/pt\/wp-json\/wp\/v2\/product_brand?post=2976"},{"taxonomy":"product_cat","embeddable":true,"href":"https:\/\/jttlogos.com\/pt\/wp-json\/wp\/v2\/product_cat?post=2976"},{"taxonomy":"product_tag","embeddable":true,"href":"https:\/\/jttlogos.com\/pt\/wp-json\/wp\/v2\/product_tag?post=2976"}],"curies":[{"name":"wp","href":"https:\/\/api.w.org\/{rel}","templated":true}]}}