{"id":101,"date":"2018-03-06T09:12:28","date_gmt":"2018-03-06T09:12:28","guid":{"rendered":"https:\/\/xml-io.proteusthemes.com\/woondershop-amazon\/?page_id=101"},"modified":"2024-03-30T09:05:23","modified_gmt":"2024-03-30T09:05:23","slug":"lien-he-chung-toi","status":"publish","type":"page","link":"https:\/\/jttlogos.com\/vi\/contact-us\/","title":{"rendered":"Li\u00ean h\u1ec7 ch\u00fang t\u00f4i"},"content":{"rendered":"<div id=\"pl-101\"  class=\"panel-layout\" >\n<div id=\"pg-101-0\"  class=\"panel-grid panel-has-style\"  data-style=\"{&quot;padding&quot;:&quot;0px 0px 0px 0px&quot;,&quot;background&quot;:&quot;#f5f7fa&quot;,&quot;background_image_attachment&quot;:false,&quot;background_display&quot;:&quot;tile&quot;,&quot;border_color&quot;:&quot;#e6e6e6&quot;,&quot;full_height&quot;:&quot;&quot;,&quot;bottom_margin&quot;:&quot;90px&quot;,&quot;cell_alignment&quot;:&quot;flex-start&quot;}\"  data-ratio=\"1\"  data-ratio-direction=\"right\" >\n<div class=\"panel-row-style panel-row-style-for-101-0\" >\n<div id=\"pgc-101-0-0\"  class=\"panel-grid-cell\"  data-weight=\"1\" >\n<div id=\"panel-101-0-0-0\" class=\"so-panel widget widget_sow-editor panel-first-child panel-last-child\" data-index=\"0\" data-style=\"{&quot;padding&quot;:&quot;60px 120px 90px 120px&quot;,&quot;mobile_padding&quot;:&quot;45px 30px 45px 30px&quot;,&quot;background_image_attachment&quot;:false,&quot;background_display&quot;:&quot;tile&quot;,&quot;background_image_size&quot;:&quot;full&quot;,&quot;border_thickness&quot;:&quot;1px&quot;}\" >\n<div class=\"panel-widget-style panel-widget-style-for-101-0-0-0\" >\n<div\n\t\t\t\n\t\t\tclass=\"so-widget-sow-editor so-widget-sow-editor-base\"\n\t\t\t\n\t\t><\/p>\n<div class=\"siteorigin-widget-tinymce textwidget\">\n<h2 style=\"text-align: center; margin-bottom: 8px;\">C\u00f3 c\u00e2u h\u1ecfi n\u00e0o kh\u00f4ng?<\/h2>\n<p style=\"text-align: center;\"><span style=\"color: #888888;\">H\u00e3y li\u00ean l\u1ea1c v\u1edbi ch\u00fang t\u00f4i!<\/span><\/p>\n<p style=\"text-align: center;\">\n<div class=\"row\"  id=\"row-1464364369\">\n\n\t<div id=\"col-1653003523\" class=\"col small-12 large-12\"  >\n\t\t\t\t<div class=\"col-inner\"  >\n\t\t\t\n\t\t\t\n<h3><strong>Li\u00ean h\u1ec7 \u0111\u1ec3 c\u00f3 gi\u1ea3i ph\u00e1p Nh\u00e3n d\u00e1n kim lo\u1ea1i t\u00f9y ch\u1ec9nh<\/strong><\/h3>\n<p>B\u1ea1n \u0111\u00e3 s\u1eb5n s\u00e0ng n\u00e2ng cao th\u01b0\u01a1ng hi\u1ec7u c\u1ee7a m\u00ecnh b\u1eb1ng Nh\u00e3n d\u00e1n kim lo\u1ea1i t\u00f9y ch\u1ec9nh cao c\u1ea5p ch\u01b0a? \u0110\u1eebng t\u00ecm \u0111\u00e2u xa! Chuy\u00ean m\u00f4n c\u1ee7a ch\u00fang t\u00f4i trong vi\u1ec7c ch\u1ebf t\u1ea1o Nh\u00e3n kim lo\u1ea1i t\u00f9y ch\u1ec9nh, Nh\u00e3n kim lo\u1ea1i v\u00e0 Nh\u00e3n nh\u00f4m ch\u1ea3i t\u00f9y ch\u1ec9nh \u0111\u00e3 gi\u00fap c\u00e1c c\u00f4ng ty h\u00e0ng \u0111\u1ea7u trong ng\u00e0nh nh\u01b0 Samsung, Panasonic, HP, v.v. n\u00e2ng cao \u0111\u1ed9 tinh x\u1ea3o v\u00e0 \u0111\u1ed9 b\u1ec1n cho s\u1ea3n ph\u1ea9m c\u1ee7a h\u1ecd.<\/p>\n<p>N\u1ebfu b\u1ea1n c\u00f3 nhu c\u1ea7u thi\u1ebft k\u1ebf t\u00f9y ch\u1ec9nh ho\u1eb7c mu\u1ed1n kh\u00e1m ph\u00e1 nhi\u1ec1u lo\u1ea1i Nh\u00e3n d\u00e1n kim lo\u1ea1i c\u1ee7a ch\u00fang t\u00f4i v\u1edbi l\u1edbp ho\u00e0n thi\u1ec7n m\u00e0u b\u1ea1c, v\u00e0ng ho\u1eb7c chrome, ch\u00fang t\u00f4i s\u1eb5n s\u00e0ng tr\u1ee3 gi\u00fap. Ch\u1ec9 c\u1ea7n li\u00ean h\u1ec7 tr\u1ef1c ti\u1ebfp v\u1edbi ch\u00fang t\u00f4i \u0111\u1ec3 c\u00f3 c\u00e1c gi\u1ea3i ph\u00e1p \u0111\u01b0\u1ee3c c\u00e1 nh\u00e2n h\u00f3a ph\u00f9 h\u1ee3p v\u1edbi t\u1ea7m nh\u00ecn v\u00e0 gi\u00e1 tr\u1ecb th\u01b0\u01a1ng hi\u1ec7u c\u1ee7a b\u1ea1n. \u0110\u1ed9i ng\u0169 c\u1ee7a ch\u00fang t\u00f4i t\u1eadn t\u00e2m cung c\u1ea5p cho b\u1ea1n d\u1ecbch v\u1ee5 h\u00e0ng \u0111\u1ea7u v\u00e0 c\u00e1c s\u1ea3n ph\u1ea9m ph\u00f9 h\u1ee3p \u0111\u1ec3 t\u1ea1o ra t\u00e1c \u0111\u1ed9ng l\u00e2u d\u00e0i.<\/p>\n<p>\u0110\u1eebng ng\u1ea7n ng\u1ea1i li\u00ean h\u1ec7 v\u1edbi ch\u00fang t\u00f4i ngay h\u00f4m nay \u0111\u1ec3 th\u1ea3o lu\u1eadn v\u1ec1 c\u00e1c y\u00eau c\u1ea7u v\u1ec1 Nh\u00e3n d\u00e1n kim lo\u1ea1i t\u00f9y ch\u1ec9nh c\u1ee7a b\u1ea1n. H\u00e3y \u0111\u1ec3 ch\u00fang t\u00f4i tr\u1edf th\u00e0nh ng\u01b0\u1eddi b\u1ea1n \u0111\u1ed3ng h\u00e0nh bi\u1ebfn \u0111\u1ed5i s\u1ea3n ph\u1ea9m c\u1ee7a b\u1ea1n tr\u1edf n\u00ean sang tr\u1ecdng lung linh h\u01a1n v\u1edbi Metal Sticker. Th\u01b0\u01a1ng hi\u1ec7u c\u1ee7a b\u1ea1n x\u1ee9ng \u0111\u00e1ng nh\u1eadn \u0111\u01b0\u1ee3c nh\u1eefng \u0111i\u1ec1u t\u1ed1t \u0111\u1eb9p nh\u1ea5t\u2014h\u00e3y \u0111\u1ec3 ch\u00fang t\u00f4i gi\u00fap b\u1ea1n t\u1ecfa s\u00e1ng!<\/p>\n\n<div class=\"wpcf7 no-js\" id=\"wpcf7-f7-o1\" lang=\"en-US\" dir=\"ltr\" data-wpcf7-id=\"7\">\n<div class=\"screen-reader-response\"><p role=\"status\" aria-live=\"polite\" aria-atomic=\"true\"><\/p> <ul><\/ul><\/div>\n<form action=\"\/vi\/wp-json\/wp\/v2\/pages\/101#wpcf7-f7-o1\" method=\"post\" class=\"wpcf7-form init\" aria-label=\"M\u00e2u li\u00ean h\u00ea\u0323\" novalidate=\"novalidate\" data-status=\"init\" data-trp-original-action=\"\/vi\/wp-json\/wp\/v2\/pages\/101#wpcf7-f7-o1\">\n<fieldset class=\"hidden-fields-container\"><input type=\"hidden\" name=\"_wpcf7\" value=\"7\" \/><input type=\"hidden\" name=\"_wpcf7_version\" value=\"6.1.5\" \/><input type=\"hidden\" name=\"_wpcf7_locale\" value=\"en_US\" \/><input type=\"hidden\" name=\"_wpcf7_unit_tag\" value=\"wpcf7-f7-o1\" \/><input type=\"hidden\" name=\"_wpcf7_container_post\" value=\"0\" \/><input type=\"hidden\" name=\"_wpcf7_posted_data_hash\" value=\"\" \/>\n<\/fieldset>\n<p><label> T\u00ean c\u1ee7a b\u1ea1n (b\u1eaft bu\u1ed9c)<br \/>\n<span class=\"wpcf7-form-control-wrap\" data-name=\"your-name\"><input size=\"40\" maxlength=\"400\" class=\"wpcf7-form-control wpcf7-text wpcf7-validates-as-required\" aria-required=\"true\" aria-invalid=\"false\" value=\"\" type=\"text\" name=\"your-name\" \/><\/span> <\/label>\n<\/p>\n<p><label> Email c\u1ee7a b\u1ea1n (b\u1eaft bu\u1ed9c)<br \/>\n<span class=\"wpcf7-form-control-wrap\" data-name=\"your-email\"><input size=\"40\" maxlength=\"400\" class=\"wpcf7-form-control wpcf7-email wpcf7-validates-as-required wpcf7-text wpcf7-validates-as-email\" aria-required=\"true\" aria-invalid=\"false\" value=\"\" type=\"email\" name=\"your-email\" \/><\/span> <\/label>\n<\/p>\n<p><label> Ch\u1ee7 th\u1ec3<br \/>\n<span class=\"wpcf7-form-control-wrap\" data-name=\"your-subject\"><input size=\"40\" maxlength=\"400\" class=\"wpcf7-form-control wpcf7-text\" aria-invalid=\"false\" value=\"\" type=\"text\" name=\"your-subject\" \/><\/span> <\/label>\n<\/p>\n<p><label> Tin nh\u1eafn c\u1ee7a b\u1ea1n<br \/>\n<span class=\"wpcf7-form-control-wrap\" data-name=\"your-message\"><textarea cols=\"40\" rows=\"10\" maxlength=\"2000\" class=\"wpcf7-form-control wpcf7-textarea\" aria-invalid=\"false\" name=\"your-message\"><\/textarea><\/span> <\/label><br \/>\n<span class=\"wpcf7-form-control-wrap kc_captcha\" data-name=\"kc_captcha\"><span class=\"wpcf7-form-control wpcf7-radio\"><span class=\"captcha-image\" ><span class=\"cf7ic_instructions\">H\u00e3y ch\u1ee9ng minh b\u1ea1n l\u00e0 con ng\u01b0\u1eddi b\u1eb1ng c\u00e1ch ch\u1ecdn<span> ch\u00eca kh\u00f3a<\/span>.<\/span><label><input aria-label=\"1\" type=\"radio\" name=\"kc_captcha\" value=\"bot\" \/><svg aria-hidden=\"true\" role=\"img\" xmlns=\"http:\/\/www.w3.org\/2000\/svg\" viewbox=\"0 0 576 512\"><path fill=\"currentColor\" d=\"M259 18l-65 132-146 22c-26 3-37 36-18 54l106 103-25 146c-5 26 23 46 46 33l131-68 131 68c23 13 51-7 46-33l-25-146 106-103c19-18 8-51-18-54l-146-22-65-132a32 32 0 00-58 0z\"\/><\/svg><\/label><label><input aria-label=\"2\" type=\"radio\" name=\"kc_captcha\" value=\"bot\" \/><svg aria-hidden=\"true\" role=\"img\" xmlns=\"http:\/\/www.w3.org\/2000\/svg\" viewbox=\"0 0 512 512\"><path fill=\"currentColor\" d=\"M500 168h-55l-8-21a127 127 0 00-120-83H195a127 127 0 00-120 83l-8 21H12c-8 0-14 8-11 16l8 24a12 12 0 0011 8h29a64 64 0 00-33 56v48c0 16 6 31 16 42v62c0 13 11 24 24 24h48c13 0 24-11 24-24v-40h256v40c0 13 11 24 24 24h48c13 0 24-11 24-24v-62c10-11 16-26 16-42v-48c0-24-13-45-33-56h29a12 12 0 0011-8l8-24c3-8-3-16-11-16zm-365 2c9-25 33-42 60-42h122c27 0 51 17 60 42l15 38H120l15-38zM88 328a32 32 0 010-64c18 0 48 30 48 48s-30 16-48 16zm336 0c-18 0-48 2-48-16s30-48 48-48 32 14 32 32-14 32-32 32z\"\/><\/svg><\/label><label><input aria-label=\"3\" type=\"radio\" name=\"kc_captcha\" value=\"kc_human\" \/><svg aria-hidden=\"true\" role=\"img\" xmlns=\"http:\/\/www.w3.org\/2000\/svg\" viewbox=\"0 0 512 512\"><path fill=\"currentColor\" d=\"M512 176a176 176 0 01-209 173l-24 27a24 24 0 01-18 8h-37v40c0 13-11 24-24 24h-40v40c0 13-11 24-24 24H24c-13 0-24-11-24-24v-78c0-6 3-13 7-17l162-162a176 176 0 11343-55zm-176-48a48 48 0 1096 0 48 48 0 00-96 0z\"\/><\/svg><\/label>\r\n    <\/span>\r\n    <span style=\"display:none\">\r\n        <input type=\"text\" name=\"kc_honeypot\">\r\n    <\/span><\/span><\/span><br \/>\n<input class=\"wpcf7-form-control wpcf7-submit has-spinner\" type=\"submit\" value=\"G\u1eedi\" \/>\n<\/p><div class=\"wpcf7-response-output\" aria-hidden=\"true\"><\/div>\n<input type=\"hidden\" name=\"trp-form-language\" value=\"vi\"\/><\/form>\n<\/div>\n\n\t\t<\/div>\n\t\t\t\t\t<\/div>\n\n\t\n<\/div>","protected":false},"excerpt":{"rendered":"<p>C\u00f3 c\u00e2u h\u1ecfi n\u00e0o kh\u00f4ng? H\u00e3y li\u00ean l\u1ea1c v\u1edbi ch\u00fang t\u00f4i!<\/p>","protected":false},"author":1,"featured_media":0,"parent":0,"menu_order":0,"comment_status":"closed","ping_status":"closed","template":"","meta":{"footnotes":""},"class_list":["post-101","page","type-page","status-publish","hentry"],"jetpack-related-posts":[],"jetpack_sharing_enabled":true,"_links":{"self":[{"href":"https:\/\/jttlogos.com\/vi\/wp-json\/wp\/v2\/pages\/101","targetHints":{"allow":["GET"]}}],"collection":[{"href":"https:\/\/jttlogos.com\/vi\/wp-json\/wp\/v2\/pages"}],"about":[{"href":"https:\/\/jttlogos.com\/vi\/wp-json\/wp\/v2\/types\/page"}],"author":[{"embeddable":true,"href":"https:\/\/jttlogos.com\/vi\/wp-json\/wp\/v2\/users\/1"}],"replies":[{"embeddable":true,"href":"https:\/\/jttlogos.com\/vi\/wp-json\/wp\/v2\/comments?post=101"}],"version-history":[{"count":0,"href":"https:\/\/jttlogos.com\/vi\/wp-json\/wp\/v2\/pages\/101\/revisions"}],"wp:attachment":[{"href":"https:\/\/jttlogos.com\/vi\/wp-json\/wp\/v2\/media?parent=101"}],"curies":[{"name":"wp","href":"https:\/\/api.w.org\/{rel}","templated":true}]}}