{"id":103,"date":"2018-03-06T09:12:47","date_gmt":"2018-03-06T09:12:47","guid":{"rendered":"https:\/\/xml-io.proteusthemes.com\/woondershop-amazon\/?page_id=103"},"modified":"2026-04-14T00:57:56","modified_gmt":"2026-04-14T00:57:56","slug":"ve-chung-toi","status":"publish","type":"page","link":"https:\/\/jttlogos.com\/vi\/about-us\/","title":{"rendered":"V\u1ec1 ch\u00fang t\u00f4i"},"content":{"rendered":"<div id=\"page-header-480598209\" class=\"page-header-wrapper\">\n  <div class=\"page-title dark featured-title\">\n\n        <div class=\"page-title-bg\">\n      <div class=\"title-bg fill bg-fill\"\n        data-parallax-container=\".page-title\"\n        data-parallax-background\n data-parallax=\"-\">\n      <\/div>\n      <div class=\"title-overlay fill\"><\/div>\n    <\/div>\n    \n    <div class=\"page-title-inner container align-center text-center flex-row-col medium-flex-wrap\" >\n              <div class=\"title-wrapper flex-col\">\n          <h1 class=\"entry-title mb-0\">\n            Logo Auout JTT          <\/h1>\n        <\/div>\n                <div class=\"page-title-sub op-7 flex-col\">\n          <p class=\"lead\">Nh\u00e3n d\u00e1n logo kim lo\u1ea1i t\u00f9y ch\u1ec9nh chuy\u00ean nghi\u1ec7p<\/p>\n        <\/div>\n                    <div class=\"title-content flex-col\">\n        <ul class=\"nav sm-touch-scroll nav-line nav-uppercase text-center nav-center\"><li class=\"nav-single-page hidden\"><\/li><\/ul>      <\/div>\n    <\/div>\n\n     \n<style>\n#page-header-480598209 .page-title-inner {\n  min-height: 300px;\n}\n#page-header-480598209 .title-bg {\n  background-image: url(https:\/\/jttlogos.com\/wp-content\/uploads\/2023\/12\/\u4e2d\u7684\u4f4d\u56fe-\u8c03\u6574-\u5355\u9762540x360mm.jpg);\n  background-position: 54% 80%;\n}\n#page-header-480598209 .title-overlay {\n  background-color: rgba(0, 0, 0, 0.5);\n}\n<\/style>\n  <\/div>\n    <\/div>\n  \n\t<section class=\"section\" id=\"section_316118472\">\n\t\t<div class=\"bg section-bg fill bg-fill  bg-loaded\" >\n\n\t\t\t\n\t\t\t\n\t\t\t\n\n\t\t<\/div>\n\n\t\t\n\n\t\t<div class=\"section-content relative\">\n\t\t\t\n<div class=\"row\"  id=\"row-18019559\">\n\n\t<div id=\"col-144043309\" class=\"col small-12 large-12\"  >\n\t\t\t\t<div class=\"col-inner\" style=\"background-color:rgb(255,255,255);\" >\n\t\t\t\n\t\t\t\n<div class=\"text-center\"><div class=\"is-divider divider clearfix\" style=\"margin-top:10px;margin-bottom:10px;background-color:rgba(0, 0, 0, 0.16);\"><\/div><\/div>\n<div class=\"row row-full-width align-center\"  id=\"row-1328979491\">\n\n\t<div id=\"col-244388921\" class=\"col medium-9 small-10 large-10\"  >\n\t\t\t\t<div class=\"col-inner text-center\"  >\n\t\t\t\n\t\t\t\n<h2>N\u00e2ng cao th\u01b0\u01a1ng hi\u1ec7u c\u1ee7a b\u1ea1n v\u1edbi Nh\u00e3n d\u00e1n bi\u1ec3u t\u01b0\u1ee3ng kim lo\u1ea1i t\u00f9y ch\u1ec9nh t\u1eeb Jttlogos<\/h2>\n<p>Jttlogos l\u00e0 nh\u00e0 s\u1ea3n xu\u1ea5t nh\u00e3n d\u00e1n logo kim lo\u1ea1i t\u00f9y ch\u1ec9nh h\u00e0ng \u0111\u1ea7u, v\u1edbi 20 n\u0103m kinh nghi\u1ec7m trong vi\u1ec7c cung c\u1ea5p c\u00e1c gi\u1ea3i ph\u00e1p s\u00e1ng t\u1ea1o v\u00e0 ch\u1ea5t l\u01b0\u1ee3ng cao cho nhu c\u1ea7u x\u00e2y d\u1ef1ng th\u01b0\u01a1ng hi\u1ec7u. Gi\u00e1 c\u1ea3 c\u1ea1nh tranh, \u0111\u1ed9i ng\u0169 R&amp;D m\u1ea1nh m\u1ebd v\u00e0 cam k\u1ebft mang l\u1ea1i s\u1ef1 h\u00e0i l\u00f2ng cho kh\u00e1ch h\u00e0ng khi\u1ebfn ch\u00fang t\u00f4i tr\u1edf th\u00e0nh \u0111\u1ed1i t\u00e1c l\u00fd t\u01b0\u1edfng \u0111\u1ec3 n\u00e2ng cao s\u1ef1 hi\u1ec7n di\u1ec7n th\u01b0\u01a1ng hi\u1ec7u c\u1ee7a b\u1ea1n.<\/p>\n<a class=\"button secondary\"  style=\"border-radius:4px;\">\n    <span>C\u00e2u chuy\u1ec7n c\u1ee7a ch\u00fang ta<\/span>\n  <\/a>\n\n\t\t<\/div>\n\t\t\t\t\n<style>\n#col-244388921 > .col-inner {\n  margin: 20px 0px 20px 0px;\n}\n<\/style>\n\t<\/div>\n\n\t\n<\/div>\n\t\t<\/div>\n\t\t\t\t\n<style>\n#col-144043309 > .col-inner {\n  padding: 50px 0px 0px 0px;\n  margin: -70px 0px 0px 0px;\n}\n<\/style>\n\t<\/div>\n\n\t\n<\/div>\n\t\t<\/div>\n\n\t\t\n<style>\n#section_316118472 {\n  padding-top: 30px;\n  padding-bottom: 30px;\n}\n<\/style>\n\t<\/section>\n\t\n\t<section class=\"section\" id=\"section_1012514482\">\n\t\t<div class=\"bg section-bg fill bg-fill  bg-loaded\" >\n\n\t\t\t\n\t\t\t\n\t\t\t\n\n\t\t<\/div>\n\n\t\t\n\n\t\t<div class=\"section-content relative\">\n\t\t\t\n<div class=\"row align-center\"  id=\"row-833377638\">\n\n\t<div id=\"col-1347901765\" class=\"col medium-11 small-12 large-10\"  >\n\t\t\t\t<div class=\"col-inner\"  >\n\t\t\t\n\t\t\t\n<h2>D\u1eabn \u0111\u1ea7u v\u1ec1 Nh\u00e3n d\u00e1n Logo kim lo\u1ea1i t\u00f9y ch\u1ec9nh <\/h2>\n<p>V\u1edbi \u0111\u1ed9 ch\u00ednh x\u00e1c v\u00e0 chuy\u00ean m\u00f4n v\u01b0\u1ee3t tr\u1ed9i, JTT Precision Metal Co., Ltd. \u0111\u1eb7t ra ti\u00eau chu\u1ea9n trong vi\u1ec7c t\u1ea1o nh\u00e3n d\u00e1n bi\u1ec3u t\u01b0\u1ee3ng kim lo\u1ea1i theo y\u00eau c\u1ea7u ri\u00eang cho nhu c\u1ea7u x\u00e2y d\u1ef1ng th\u01b0\u01a1ng hi\u1ec7u c\u1ee7a b\u1ea1n.<\/p>\n\t\t<\/div>\n\t\t\t\t\t<\/div>\n\n\t\n\n<style>\n#row-833377638 > .col > .col-inner {\n  padding: 50px 0px 20px 0px;\n}\n@media (min-width:550px) {\n  #row-833377638 > .col > .col-inner {\n    padding: 100px 0px 50px 0px;\n  }\n}\n<\/style>\n<\/div>\n<div class=\"row align-center\"  id=\"row-783287925\">\n\n\t<div id=\"col-1626949543\" class=\"col medium-11 small-12 large-10\"  >\n\t\t\t\t<div class=\"col-inner\"  >\n\t\t\t\n\t\t\t\n<div class=\"row row-large align-middle\"  id=\"row-76198586\">\n\n\t<div id=\"col-1514835071\" class=\"col medium-4 small-12 large-6\"  >\n\t\t\t\t<div class=\"col-inner\"  >\n\t\t\t\n\t\t\t\n\n  <div class=\"banner has-hover\" id=\"banner-493071792\">\n          <div class=\"banner-inner fill\">\n        <div class=\"banner-bg fill\" >\n            <div class=\"bg fill bg-fill\"><\/div>\n                                    \n                    <\/div>\n\t\t\n        <div class=\"banner-layers container\">\n            <div class=\"fill banner-link\"><\/div>            \n   <div id=\"text-box-673137661\" class=\"text-box banner-layer x50 md-x50 lg-x50 y50 md-y50 lg-y50 res-text\">\n                                <div class=\"text-box-content text dark\">\n              \n              <div class=\"text-inner text-center\">\n                  \n              <\/div>\n           <\/div>\n                            \n<style>\n#text-box-673137661 {\n  width: 60%;\n}\n#text-box-673137661 .text-box-content {\n  font-size: 100%;\n}\n@media (min-width:550px) {\n  #text-box-673137661 {\n    width: 60%;\n  }\n}\n<\/style>\n    <\/div>\n \n        <\/div>\n      <\/div>\n\n            \n<style>\n#banner-493071792 {\n  padding-top: 99.99%;\n}\n#banner-493071792 .bg.bg-loaded {\n  background-image: url(https:\/\/i0.wp.com\/jttlogos.com\/wp-content\/uploads\/2020\/05\/about-2.jpg?fit=640%2C360&ssl=1);\n}\n@media (min-width:550px) {\n  #banner-493071792 {\n    padding-top: 99.99%;\n  }\n}\n<\/style>\n  <\/div>\n\n\n\t\t<\/div>\n\t\t\t\t\t<\/div>\n\n\t\n\n\t<div id=\"col-2146585472\" class=\"col medium-8 small-12 large-6\"  >\n\t\t\t\t<div class=\"col-inner\"  >\n\t\t\t\n\t\t\t\n<h3><strong>CH\u00daNG TA L\u00c0 AI?<\/strong><\/h3>\n<p><a href=\"https:\/\/jttlogos.com\/vi\/\" data-abc=\"true\">JTT<\/a>\u00a0l\u00e0 nh\u00e0 s\u1ea3n xu\u1ea5t t\u00f9y ch\u1ec9nh\u00a0<a href=\"https:\/\/jttlogos.com\/vi\/danh-muc-san-pham\/metal-nickel-sticker\/\" data-abc=\"true\">Nh\u00e3n d\u00e1n logo kim lo\u1ea1i niken<\/a>,\u00a0<a href=\"https:\/\/jttlogos.com\/vi\/danh-muc-san-pham\/stainless-steel-sticker\/\" data-abc=\"true\">Nh\u00e3n d\u00e1n logo kim lo\u1ea1i b\u1eb1ng th\u00e9p kh\u00f4ng g\u1ec9<\/a>,\u00a0<a href=\"https:\/\/jttlogos.com\/vi\/danh-muc-san-pham\/3d-sticker\/\" data-abc=\"true\">Nh\u00e3n d\u00e1n logo kim lo\u1ea1i 3D<\/a>, chuy\u00ean v\u1ec1 ng\u00e0nh n\u00e0y h\u01a1n 14 n\u0103m.<\/p>\n\t\t<\/div>\n\t\t\t\t\t<\/div>\n\n\t\n<\/div>\n<div class=\"row row-large align-middle\"  id=\"row-1954896872\">\n\n\t<div id=\"col-1720932922\" class=\"col medium-8 small-12 large-6\"  >\n\t\t\t\t<div class=\"col-inner\"  >\n\t\t\t\n\t\t\t\n<h3><strong>CH\u1ea4T L\u01af\u1ee2NG CAO V\u00c0 C\u00d3 TH\u1ec2 T\u00d9Y CH\u1ec8NH<\/strong><\/h3>\n<p>JTT l\u00e0 \u0111\u1ed1i t\u00e1c l\u00fd t\u01b0\u1edfng c\u1ee7a b\u1ea1n, ch\u00fang t\u00f4i r\u1ea5t t\u00e2m huy\u1ebft trong vi\u1ec7c cung c\u1ea5p cho b\u1ea1n c\u00e1c lo\u1ea1i nh\u00e3n d\u00e1n kim lo\u1ea1i ch\u1ea5t l\u01b0\u1ee3ng cao v\u00e0 c\u00f3 th\u1ec3 t\u00f9y ch\u1ec9nh v\u1edbi nhi\u1ec1u lo\u1ea1i kh\u00e1c nhau. Ch\u00fang t\u00f4i r\u1ea5t t\u1ef1 h\u00e0o \u0111\u01b0\u1ee3c ph\u1ee5c v\u1ee5 m\u1ecdi l\u0129nh v\u1ef1c kinh doanh v\u00e0 c\u00f4ng nghi\u1ec7p.<\/p>\n\t\t<\/div>\n\t\t\t\t\t<\/div>\n\n\t\n\n\t<div id=\"col-400799919\" class=\"col medium-4 small-12 large-6 medium-col-first\"  >\n\t\t\t\t<div class=\"col-inner\"  >\n\t\t\t\n\t\t\t\n\n  <div class=\"banner has-hover\" id=\"banner-1129351175\">\n          <div class=\"banner-inner fill\">\n        <div class=\"banner-bg fill\" >\n            <div class=\"bg fill bg-fill\"><\/div>\n                                    \n                    <\/div>\n\t\t\n        <div class=\"banner-layers container\">\n            <div class=\"fill banner-link\"><\/div>            \n   <div id=\"text-box-1452866405\" class=\"text-box banner-layer x50 md-x50 lg-x50 y50 md-y50 lg-y50 res-text\">\n                                <div class=\"text-box-content text dark\">\n              \n              <div class=\"text-inner text-center\">\n                  \n              <\/div>\n           <\/div>\n                            \n<style>\n#text-box-1452866405 {\n  width: 60%;\n}\n#text-box-1452866405 .text-box-content {\n  font-size: 100%;\n}\n@media (min-width:550px) {\n  #text-box-1452866405 {\n    width: 60%;\n  }\n}\n<\/style>\n    <\/div>\n \n        <\/div>\n      <\/div>\n\n            \n<style>\n#banner-1129351175 {\n  padding-top: 99.99%;\n}\n#banner-1129351175 .bg.bg-loaded {\n  background-image: url(https:\/\/i0.wp.com\/jttlogos.com\/wp-content\/uploads\/2020\/05\/about-1.jpg?fit=640%2C360&ssl=1);\n}\n@media (min-width:550px) {\n  #banner-1129351175 {\n    padding-top: 99.99%;\n  }\n}\n<\/style>\n  <\/div>\n\n\n\t\t<\/div>\n\t\t\t\t\t<\/div>\n\n\t\n<\/div>\n\t\t<\/div>\n\t\t\t\t\t<\/div>\n\n\t\n<\/div>\n<div class=\"row align-center\"  id=\"row-379468247\">\n\n\t<div id=\"col-347957742\" class=\"col medium-11 small-12 large-10\"  >\n\t\t\t\t<div class=\"col-inner\"  >\n\t\t\t\n\t\t\t\n<div class=\"row row-large align-middle\"  id=\"row-888920265\">\n\n\t<div id=\"col-2101927850\" class=\"col medium-4 small-12 large-6\"  >\n\t\t\t\t<div class=\"col-inner\"  >\n\t\t\t\n\t\t\t\n\n  <div class=\"banner has-hover\" id=\"banner-920893510\">\n          <div class=\"banner-inner fill\">\n        <div class=\"banner-bg fill\" >\n            <div class=\"bg fill bg-fill\"><\/div>\n                                    \n                    <\/div>\n\t\t\n        <div class=\"banner-layers container\">\n            <div class=\"fill banner-link\"><\/div>            \n   <div id=\"text-box-1360805909\" class=\"text-box banner-layer x50 md-x50 lg-x50 y50 md-y50 lg-y50 res-text\">\n                                <div class=\"text-box-content text dark\">\n              \n              <div class=\"text-inner text-center\">\n                  \n              <\/div>\n           <\/div>\n                            \n<style>\n#text-box-1360805909 {\n  width: 60%;\n}\n#text-box-1360805909 .text-box-content {\n  font-size: 100%;\n}\n@media (min-width:550px) {\n  #text-box-1360805909 {\n    width: 60%;\n  }\n}\n<\/style>\n    <\/div>\n \n        <\/div>\n      <\/div>\n\n            \n<style>\n#banner-920893510 {\n  padding-top: 99.99%;\n}\n#banner-920893510 .bg.bg-loaded {\n  background-image: url(https:\/\/i0.wp.com\/jttlogos.com\/wp-content\/uploads\/2020\/05\/about-4.jpg?fit=640%2C426&ssl=1);\n}\n@media (min-width:550px) {\n  #banner-920893510 {\n    padding-top: 99.99%;\n  }\n}\n<\/style>\n  <\/div>\n\n\n\t\t<\/div>\n\t\t\t\t\t<\/div>\n\n\t\n\n\t<div id=\"col-87046996\" class=\"col medium-8 small-12 large-6\"  >\n\t\t\t\t<div class=\"col-inner\"  >\n\t\t\t\n\t\t\t\n<h3><strong>GI\u1ea2I PH\u00c1P LOGO CHUY\u00caN NGHI\u1ec6P<\/strong><\/h3>\n<p>Hoa v\u0103n hay logo d\u00f9 ph\u1ee9c t\u1ea1p \u0111\u1ebfn \u0111\u00e2u, ch\u1ec9 c\u1ea7n b\u1ea1n d\u00e1m ngh\u0129, ch\u00fang ta \u0111\u1ec1u c\u00f3 th\u1ec3 l\u00e0m \u0111\u01b0\u1ee3c! N\u1ebfu b\u1ea1n mu\u1ed1n qu\u1ea3ng b\u00e1 th\u01b0\u01a1ng hi\u1ec7u ho\u1eb7c thi\u1ebft k\u1ebf c\u1ee7a m\u00ecnh, ch\u00fang t\u00f4i s\u1eb5n s\u00e0ng ph\u1ee5c v\u1ee5 b\u1ea1n!<\/p>\n\t\t<\/div>\n\t\t\t\t\t<\/div>\n\n\t\n<\/div>\n<div class=\"row row-large align-middle\"  id=\"row-600255038\">\n\n\t<div id=\"col-663093619\" class=\"col medium-8 small-12 large-6\"  >\n\t\t\t\t<div class=\"col-inner\"  >\n\t\t\t\n\t\t\t\n<h3><strong>L\u00c0M TH\u1ebe N\u00c0O CH\u00daNG T\u00d4I C\u00d3 TH\u1ec2 GI\u00daP B\u1ea0N?<\/strong><\/h3>\n<p>*Cung c\u1ea5p cho b\u1ea1n c\u00e2u tr\u1ea3 l\u1eddi chuy\u00ean nghi\u1ec7p cho b\u1ea5t k\u1ef3 c\u00e2u h\u1ecfi n\u00e0o<br \/>* D\u1ecbch v\u1ee5 h\u1eadu m\u00e3i t\u1ed1t<br \/>*Gi\u00fap b\u1ea1n ph\u00e1t tri\u1ec3n t\u1ed1t h\u01a1n v\u00e0 gi\u00e0nh \u0111\u01b0\u1ee3c nhi\u1ec1u th\u1ecb ph\u1ea7n h\u01a1n trong ng\u00e0nh c\u1ee7a m\u00ecnh<\/p>\n\t\t<\/div>\n\t\t\t\t\t<\/div>\n\n\t\n\n\t<div id=\"col-1204135347\" class=\"col medium-4 small-12 large-6 medium-col-first\"  >\n\t\t\t\t<div class=\"col-inner\"  >\n\t\t\t\n\t\t\t\n\n  <div class=\"banner has-hover\" id=\"banner-1536594660\">\n          <div class=\"banner-inner fill\">\n        <div class=\"banner-bg fill\" >\n            <div class=\"bg fill bg-fill\"><\/div>\n                                    \n                    <\/div>\n\t\t\n        <div class=\"banner-layers container\">\n            <div class=\"fill banner-link\"><\/div>            \n   <div id=\"text-box-1012281918\" class=\"text-box banner-layer x50 md-x50 lg-x50 y50 md-y50 lg-y50 res-text\">\n                                <div class=\"text-box-content text dark\">\n              \n              <div class=\"text-inner text-center\">\n                  \n              <\/div>\n           <\/div>\n                            \n<style>\n#text-box-1012281918 {\n  width: 60%;\n}\n#text-box-1012281918 .text-box-content {\n  font-size: 100%;\n}\n@media (min-width:550px) {\n  #text-box-1012281918 {\n    width: 60%;\n  }\n}\n<\/style>\n    <\/div>\n \n        <\/div>\n      <\/div>\n\n            \n<style>\n#banner-1536594660 {\n  padding-top: 99.99%;\n}\n#banner-1536594660 .bg.bg-loaded {\n  background-image: url(https:\/\/i0.wp.com\/jttlogos.com\/wp-content\/uploads\/2020\/05\/about-3.jpg?fit=640%2C426&ssl=1);\n}\n@media (min-width:550px) {\n  #banner-1536594660 {\n    padding-top: 99.99%;\n  }\n}\n<\/style>\n  <\/div>\n\n\n\t\t<\/div>\n\t\t\t\t\t<\/div>\n\n\t\n<\/div>\n\t\t<\/div>\n\t\t\t\t\t<\/div>\n\n\t\n<\/div>\n<div class=\"row align-center\"  id=\"row-2010194817\">\n\n\t<div id=\"col-10284011\" class=\"col medium-11 small-12 large-10\"  >\n\t\t\t\t<div class=\"col-inner\"  >\n\t\t\t\n\t\t\t\n<div class=\"row row-large align-middle\"  id=\"row-829882403\">\n\n\t<div id=\"col-1513994805\" class=\"col medium-4 small-12 large-6\"  >\n\t\t\t\t<div class=\"col-inner\"  >\n\t\t\t\n\t\t\t\n\n  <div class=\"banner has-hover\" id=\"banner-978558265\">\n          <div class=\"banner-inner fill\">\n        <div class=\"banner-bg fill\" >\n            <div class=\"bg fill bg-fill\"><\/div>\n                                    \n                    <\/div>\n\t\t\n        <div class=\"banner-layers container\">\n            <div class=\"fill banner-link\"><\/div>            \n   <div id=\"text-box-1315103574\" class=\"text-box banner-layer x50 md-x50 lg-x50 y50 md-y50 lg-y50 res-text\">\n                                <div class=\"text-box-content text dark\">\n              \n              <div class=\"text-inner text-center\">\n                  \n              <\/div>\n           <\/div>\n                            \n<style>\n#text-box-1315103574 {\n  width: 60%;\n}\n#text-box-1315103574 .text-box-content {\n  font-size: 100%;\n}\n@media (min-width:550px) {\n  #text-box-1315103574 {\n    width: 60%;\n  }\n}\n<\/style>\n    <\/div>\n \n        <\/div>\n      <\/div>\n\n            \n<style>\n#banner-978558265 {\n  padding-top: 99.99%;\n}\n#banner-978558265 .bg.bg-loaded {\n  background-image: url(https:\/\/i0.wp.com\/jttlogos.com\/wp-content\/uploads\/2020\/05\/16-scaled.jpg?fit=1020%2C680&ssl=1);\n}\n@media (min-width:550px) {\n  #banner-978558265 {\n    padding-top: 99.99%;\n  }\n}\n<\/style>\n  <\/div>\n\n\n\t\t<\/div>\n\t\t\t\t\t<\/div>\n\n\t\n\n\t<div id=\"col-1492317842\" class=\"col medium-8 small-12 large-6\"  >\n\t\t\t\t<div class=\"col-inner\"  >\n\t\t\t\n\t\t\t\n<h3><strong>T\u1ea0I SAO CH\u1eccN CH\u00daNG T\u00d4I?<\/strong><\/h3>\n<p>* Gi\u00e1 c\u1ea3 c\u1ea1nh tranh nh\u1ea5t v\u00e0 ch\u1ea5t l\u01b0\u1ee3ng cao<br \/>* \u0110\u1ed9i ng\u0169 R &amp; D m\u1ea1nh v\u00e0 h\u1ec7 th\u1ed1ng QC nghi\u00eam ng\u1eb7t<br \/>* Giao h\u00e0ng k\u1ecbp th\u1eddi<br \/>*\u0110\u1ea3m b\u1ea3o s\u1ef1 h\u00e0i l\u00f2ng tuy\u1ec7t \u0111\u1ed1i: Ch\u00fang t\u00f4i s\u1ebd cung c\u1ea5p cho b\u1ea1n gi\u00e1 tr\u1ecb t\u1ed1t nh\u1ea5t cho s\u1ed1 ti\u1ec1n c\u1ee7a b\u1ea1n m\u00e0 kh\u00f4ng l\u00e3ng ph\u00ed<\/p>\n\t\t<\/div>\n\t\t\t\t\t<\/div>\n\n\t\n<\/div>\n<div class=\"row row-large align-middle\"  id=\"row-1316194182\">\n\n\t<div id=\"col-824495890\" class=\"col medium-8 small-12 large-6\"  >\n\t\t\t\t<div class=\"col-inner\"  >\n\t\t\t\n\t\t\t\n<h3><strong>H\u1ee2P T\u00c1C V\u1edaI CH\u00daNG T\u00d4I<\/strong><\/h3>\n<p>C\u00f4ng ty ch\u00fang t\u00f4i cung c\u1ea5p d\u1ecbch v\u1ee5 th\u01b0\u01a1ng hi\u1ec7u ch\u1ea5t l\u01b0\u1ee3ng h\u00e0ng \u0111\u1ea7u cho kh\u00e1ch h\u00e0ng d\u1ef1a tr\u00ean tri\u1ebft l\u00fd d\u1ecbch v\u1ee5 \u201cch\u1ea5t l\u01b0\u1ee3ng t\u1ed3n t\u1ea1i, \u0111\u1ed5i m\u1edbi \u0111\u1ec3 ph\u00e1t tri\u1ec3n, li\u00eam ch\u00ednh l\u00e0m n\u1ec1n t\u1ea3ng, \u0111o\u00e0n k\u1ebft \u0111\u1ec3 t\u1ea1o n\u00ean s\u1ee9c m\u1ea1nh\u201d. N\u1ebfu c\u00e1c b\u1ea1n c\u00f3 c\u00f9ng gi\u00e1 tr\u1ecb c\u1ed1t l\u00f5i th\u00ec ch\u00fang ta s\u1ebd c\u00f3 kho\u1ea3ng th\u1eddi gian l\u00e0m vi\u1ec7c tuy\u1ec7t v\u1eddi c\u00f9ng nhau.<\/p>\n\t\t<\/div>\n\t\t\t\t\t<\/div>\n\n\t\n\n\t<div id=\"col-397219095\" class=\"col medium-4 small-12 large-6 medium-col-first\"  >\n\t\t\t\t<div class=\"col-inner\"  >\n\t\t\t\n\t\t\t\n\n  <div class=\"banner has-hover\" id=\"banner-1430260431\">\n          <div class=\"banner-inner fill\">\n        <div class=\"banner-bg fill\" >\n            <div class=\"bg fill bg-fill\"><\/div>\n                                    \n                    <\/div>\n\t\t\n        <div class=\"banner-layers container\">\n            <div class=\"fill banner-link\"><\/div>            \n   <div id=\"text-box-339778809\" class=\"text-box banner-layer x50 md-x50 lg-x50 y50 md-y50 lg-y50 res-text\">\n                                <div class=\"text-box-content text dark\">\n              \n              <div class=\"text-inner text-center\">\n                  \n              <\/div>\n           <\/div>\n                            \n<style>\n#text-box-339778809 {\n  width: 60%;\n}\n#text-box-339778809 .text-box-content {\n  font-size: 100%;\n}\n@media (min-width:550px) {\n  #text-box-339778809 {\n    width: 60%;\n  }\n}\n<\/style>\n    <\/div>\n \n        <\/div>\n      <\/div>\n\n            \n<style>\n#banner-1430260431 {\n  padding-top: 99.99%;\n}\n#banner-1430260431 .bg.bg-loaded {\n  background-image: url(https:\/\/i0.wp.com\/jttlogos.com\/wp-content\/uploads\/2020\/05\/about-6.jpg?fit=640%2C426&ssl=1);\n}\n@media (min-width:550px) {\n  #banner-1430260431 {\n    padding-top: 99.99%;\n  }\n}\n<\/style>\n  <\/div>\n\n\n\t\t<\/div>\n\t\t\t\t\t<\/div>\n\n\t\n<\/div>\n\t\t<\/div>\n\t\t\t\t\t<\/div>\n\n\t\n<\/div>\n\t\t<\/div>\n\n\t\t\n<style>\n#section_1012514482 {\n  padding-top: 80px;\n  padding-bottom: 80px;\n  background-color: rgb(244, 244, 244);\n}\n<\/style>\n\t<\/section>\n\t\n<div class=\"row align-center\"  id=\"row-1580724784\">\n\n\t<div id=\"col-1909884788\" class=\"col small-12 large-12\"  >\n\t\t\t\t<div class=\"col-inner\"  >\n\t\t\t\n\t\t\t\n<div class=\"row\"  id=\"row-1483754388\">\n\n\t<div id=\"col-366908875\" class=\"col small-12 large-12\"  >\n\t\t\t\t<div class=\"col-inner\"  >\n\t\t\t\n\t\t\t\n\t<div class=\"img has-hover x md-x lg-x y md-y lg-y\" id=\"image_2076361861\">\n\t\t\t\t\t\t\t\t<div class=\"img-inner dark\" >\n\t\t\t<img loading=\"lazy\" decoding=\"async\" width=\"800\" height=\"800\" src=\"https:\/\/i0.wp.com\/jttlogos.com\/wp-content\/uploads\/2020\/09\/Working-Environment-1.png?fit=800%2C800&amp;ssl=1\" class=\"attachment-large size-large\" alt=\"\" srcset=\"https:\/\/i0.wp.com\/jttlogos.com\/wp-content\/uploads\/2020\/09\/Working-Environment-1.png?w=3000&amp;ssl=1 3000w, https:\/\/i0.wp.com\/jttlogos.com\/wp-content\/uploads\/2020\/09\/Working-Environment-1.png?resize=100%2C100&amp;ssl=1 100w, https:\/\/i0.wp.com\/jttlogos.com\/wp-content\/uploads\/2020\/09\/Working-Environment-1.png?resize=510%2C510&amp;ssl=1 510w, https:\/\/i0.wp.com\/jttlogos.com\/wp-content\/uploads\/2020\/09\/Working-Environment-1.png?resize=300%2C300&amp;ssl=1 300w, https:\/\/i0.wp.com\/jttlogos.com\/wp-content\/uploads\/2020\/09\/Working-Environment-1.png?resize=1024%2C1024&amp;ssl=1 1024w, https:\/\/i0.wp.com\/jttlogos.com\/wp-content\/uploads\/2020\/09\/Working-Environment-1.png?resize=150%2C150&amp;ssl=1 150w, https:\/\/i0.wp.com\/jttlogos.com\/wp-content\/uploads\/2020\/09\/Working-Environment-1.png?resize=768%2C768&amp;ssl=1 768w, https:\/\/i0.wp.com\/jttlogos.com\/wp-content\/uploads\/2020\/09\/Working-Environment-1.png?resize=1536%2C1536&amp;ssl=1 1536w, https:\/\/i0.wp.com\/jttlogos.com\/wp-content\/uploads\/2020\/09\/Working-Environment-1.png?resize=2048%2C2048&amp;ssl=1 2048w\" sizes=\"auto, (max-width: 800px) 100vw, 800px\" title=\"\">\t\t\t\t\t\t\n\t\t\t\t\t<\/div>\n\t\t\t\t\t\t\t\t\n<style>\n#image_2076361861 {\n  width: 100%;\n}\n<\/style>\n\t<\/div>\n\t\n\t\t<\/div>\n\t\t\t\t\t<\/div>\n\n\t\n<\/div>\n\t\t<\/div>\n\t\t\t\t\t<\/div>\n\n\t\n<\/div>","protected":false},"excerpt":{"rendered":"","protected":false},"author":1,"featured_media":2327,"parent":0,"menu_order":0,"comment_status":"closed","ping_status":"closed","template":"","meta":{"footnotes":""},"class_list":["post-103","page","type-page","status-publish","has-post-thumbnail","hentry"],"jetpack-related-posts":[],"jetpack_sharing_enabled":true,"_links":{"self":[{"href":"https:\/\/jttlogos.com\/vi\/wp-json\/wp\/v2\/pages\/103","targetHints":{"allow":["GET"]}}],"collection":[{"href":"https:\/\/jttlogos.com\/vi\/wp-json\/wp\/v2\/pages"}],"about":[{"href":"https:\/\/jttlogos.com\/vi\/wp-json\/wp\/v2\/types\/page"}],"author":[{"embeddable":true,"href":"https:\/\/jttlogos.com\/vi\/wp-json\/wp\/v2\/users\/1"}],"replies":[{"embeddable":true,"href":"https:\/\/jttlogos.com\/vi\/wp-json\/wp\/v2\/comments?post=103"}],"version-history":[{"count":0,"href":"https:\/\/jttlogos.com\/vi\/wp-json\/wp\/v2\/pages\/103\/revisions"}],"wp:featuredmedia":[{"embeddable":true,"href":"https:\/\/jttlogos.com\/vi\/wp-json\/wp\/v2\/media\/2327"}],"wp:attachment":[{"href":"https:\/\/jttlogos.com\/vi\/wp-json\/wp\/v2\/media?parent=103"}],"curies":[{"name":"wp","href":"https:\/\/api.w.org\/{rel}","templated":true}]}}