{"id":117,"date":"2018-03-06T10:38:48","date_gmt":"2018-03-06T10:38:48","guid":{"rendered":"https:\/\/xml-io.proteusthemes.com\/woondershop-amazon\/?page_id=117"},"modified":"2024-03-30T09:44:02","modified_gmt":"2024-03-30T09:44:02","slug":"cau-hoi-thuong-gap-giup-do","status":"publish","type":"page","link":"https:\/\/jttlogos.com\/vi\/help-faqs\/","title":{"rendered":"Tr\u1ee3 gi\u00fap &amp; C\u00e2u h\u1ecfi th\u01b0\u1eddng g\u1eb7p"},"content":{"rendered":"<div class=\"row\"  id=\"row-1184681254\">\n\n\t<div id=\"col-1501647724\" class=\"col small-12 large-12\"  >\n\t\t\t\t<div class=\"col-inner\"  >\n\t\t\t\n\t\t\t\n<div class=\"accordion\">\n\t<div id=\"accordion-304490529\" class=\"accordion-item\">\n\t\t<a id=\"accordion-304490529-label\" class=\"accordion-title plain\" href=\"#accordion-item-is-your-company-a-manufacturer-or-trader?\" aria-expanded=\"false\" aria-controls=\"accordion-304490529-content\" >\n\t\t\t<button class=\"toggle\" aria-label=\"Chuy\u1ec3n \u0111\u1ed5i\"><i class=\"icon-angle-down\"><\/i><\/button>\n\t\t\t<span>C\u00f4ng ty c\u1ee7a b\u1ea1n l\u00e0 nh\u00e0 s\u1ea3n xu\u1ea5t hay th\u01b0\u01a1ng nh\u00e2n?<\/span>\n\t\t<\/a>\n\t\t<div id=\"accordion-304490529-content\" class=\"accordion-inner\" aria-labelledby=\"accordion-304490529-label\" >\n\t\t\t\n<p>Ch\u00fang t\u00f4i l\u00e0 nh\u00e0 s\u1ea3n xu\u1ea5t \u0111\u1eb7t t\u1ea1i Th\u00e2m Quy\u1ebfn, Trung Qu\u1ed1c, v\u1edbi h\u01a1n 14 n\u0103m kinh nghi\u1ec7m.<\/p>\n\t\t<\/div>\n\t<\/div>\n\t\n\t<div id=\"accordion-2561745309\" class=\"accordion-item\">\n\t\t<a id=\"accordion-2561745309-label\" class=\"accordion-title plain\" href=\"#accordion-item-can-i-customize-my-logo\uff1f\" aria-expanded=\"false\" aria-controls=\"accordion-2561745309-content\" >\n\t\t\t<button class=\"toggle\" aria-label=\"Chuy\u1ec3n \u0111\u1ed5i\"><i class=\"icon-angle-down\"><\/i><\/button>\n\t\t\t<span>T\u00f4i c\u00f3 th\u1ec3 t\u00f9y ch\u1ec9nh logo c\u1ee7a m\u00ecnh kh\u00f4ng?<\/span>\n\t\t<\/a>\n\t\t<div id=\"accordion-2561745309-content\" class=\"accordion-inner\" aria-labelledby=\"accordion-2561745309-label\" >\n\t\t\t\n<p>Ch\u1eafc ch\u1eafn. Ch\u00fang t\u00f4i c\u00f3 th\u1ec3 t\u1ea1o ra b\u1ea5t k\u1ef3 h\u00ecnh d\u1ea1ng, m\u00e0u s\u1eafc, k\u00edch th\u01b0\u1edbc v\u00e0 b\u1ec1 m\u1eb7t ho\u00e0n thi\u1ec7n n\u00e0o.<\/p>\n\t\t<\/div>\n\t<\/div>\n\t\n\t<div id=\"accordion-481674475\" class=\"accordion-item\">\n\t\t<a id=\"accordion-481674475-label\" class=\"accordion-title plain\" href=\"#accordion-item-how-to-place-an-order?-what-information-should-be-provided-when-ordering?\" aria-expanded=\"false\" aria-controls=\"accordion-481674475-content\" >\n\t\t\t<button class=\"toggle\" aria-label=\"Chuy\u1ec3n \u0111\u1ed5i\"><i class=\"icon-angle-down\"><\/i><\/button>\n\t\t\t<span>L\u00e0m th\u1ebf n\u00e0o \u0111\u1ec3 \u0111\u1eb7t h\u00e0ng? Nh\u1eefng th\u00f4ng tin c\u1ea7n \u0111\u01b0\u1ee3c cung c\u1ea5p khi \u0111\u1eb7t h\u00e0ng?<\/span>\n\t\t<\/a>\n\t\t<div id=\"accordion-481674475-content\" class=\"accordion-inner\" aria-labelledby=\"accordion-481674475-label\" >\n\t\t\t\n<p>Vui l\u00f2ng th\u00f4ng b\u00e1o cho ch\u00fang t\u00f4i qua email ho\u1eb7c \u0111i\u1ec7n tho\u1ea1i: ch\u1ea5t li\u1ec7u, h\u00ecnh d\u1ea1ng, m\u00e0u s\u1eafc, k\u00edch th\u01b0\u1edbc, \u0111\u1ed9 d\u00e0y, \u0111\u1ed9 ho\u00e0n thi\u1ec7n b\u1ec1 m\u1eb7t, v.v. N\u1ebfu b\u1ea1n \u0111\u00e3 c\u00f3 t\u1ec7p t\u00e1c ph\u1ea9m ngh\u1ec7 thu\u1eadt (file thi\u1ebft k\u1ebf), vui l\u00f2ng g\u1eedi cho ch\u00fang t\u00f4i. S\u1ed1 l\u01b0\u1ee3ng v\u00e0 th\u00f4ng tin li\u00ean h\u1ec7.<\/p>\n\t\t<\/div>\n\t<\/div>\n\t\n\t<div id=\"accordion-2601158755\" class=\"accordion-item\">\n\t\t<a id=\"accordion-2601158755-label\" class=\"accordion-title plain\" href=\"#accordion-item-what-is-your-minimum-order-quantity(moq)?\" aria-expanded=\"false\" aria-controls=\"accordion-2601158755-content\" >\n\t\t\t<button class=\"toggle\" aria-label=\"Chuy\u1ec3n \u0111\u1ed5i\"><i class=\"icon-angle-down\"><\/i><\/button>\n\t\t\t<span>S\u1ed1 l\u01b0\u1ee3ng \u0111\u1eb7t h\u00e0ng t\u1ed1i thi\u1ec3u c\u1ee7a b\u1ea1n (MOQ) l\u00e0 bao nhi\u00eau?<\/span>\n\t\t<\/a>\n\t\t<div id=\"accordion-2601158755-content\" class=\"accordion-inner\" aria-labelledby=\"accordion-2601158755-label\" >\n\t\t\t\n<p>Moq chung c\u1ee7a ch\u00fang t\u00f4i l\u00e0 500 chi\u1ebfc, n\u1ebfu c\u00f3 s\u1ed1 l\u01b0\u1ee3ng nh\u1ecf, xin vui l\u00f2ng <a href=\"https:\/\/jttlogos.com\/vi\/tuy-bien\/\" data-abc=\"true\">li\u00ean h\u1ec7 v\u1edbi ch\u00fang t\u00f4i \u0111\u1ec3 b\u00e1o gi\u00e1<\/a><\/p>\n\t\t<\/div>\n\t<\/div>\n\t\n\t<div id=\"accordion-854299861\" class=\"accordion-item\">\n\t\t<a id=\"accordion-854299861-label\" class=\"accordion-title plain\" href=\"#accordion-item-what-kind-of-file-format-do-you-need?\" aria-expanded=\"false\" aria-controls=\"accordion-854299861-content\" >\n\t\t\t<button class=\"toggle\" aria-label=\"Chuy\u1ec3n \u0111\u1ed5i\"><i class=\"icon-angle-down\"><\/i><\/button>\n\t\t\t<span>B\u1ea1n c\u1ea7n lo\u1ea1i \u0111\u1ecbnh d\u1ea1ng t\u1eadp tin n\u00e0o?<\/span>\n\t\t<\/a>\n\t\t<div id=\"accordion-854299861-content\" class=\"accordion-inner\" aria-labelledby=\"accordion-854299861-label\" >\n\t\t\t\n<p>Ch\u00fang t\u00f4i c\u1ea7n t\u1ec7p vect\u01a1 PDF, AI, CAD, CDR, v.v.<\/p>\n\t\t<\/div>\n\t<\/div>\n\t\n\t<div id=\"accordion-1941488896\" class=\"accordion-item\">\n\t\t<a id=\"accordion-1941488896-label\" class=\"accordion-title plain\" href=\"#accordion-item-how-much-shipping-cost-do-i-charge?\" aria-expanded=\"false\" aria-controls=\"accordion-1941488896-content\" >\n\t\t\t<button class=\"toggle\" aria-label=\"Chuy\u1ec3n \u0111\u1ed5i\"><i class=\"icon-angle-down\"><\/i><\/button>\n\t\t\t<span>T\u00f4i t\u00ednh ph\u00ed v\u1eadn chuy\u1ec3n bao nhi\u00eau?<\/span>\n\t\t<\/a>\n\t\t<div id=\"accordion-1941488896-content\" class=\"accordion-inner\" aria-labelledby=\"accordion-1941488896-label\" >\n\t\t\t\n<p>Ch\u00fang t\u00f4i c\u00f3 th\u1ec3 s\u1eed d\u1ee5ng DHL, UPS, TNT, FedEX, v.v. Chi ph\u00ed c\u1ee7a n\u00f3 ph\u1ee5 thu\u1ed9c v\u00e0o \u0111\u01a1n \u0111\u1eb7t h\u00e0ng th\u1ef1c t\u1ebf c\u1ee7a b\u1ea1n, vui l\u00f2ng li\u00ean h\u1ec7 v\u1edbi ch\u00fang t\u00f4i \u0111\u1ec3 nh\u1eadn b\u00e1o gi\u00e1.<\/p>\n\t\t<\/div>\n\t<\/div>\n\t\n\t<div id=\"accordion-637203730\" class=\"accordion-item\">\n\t\t<a id=\"accordion-637203730-label\" class=\"accordion-title plain\" href=\"#accordion-item-how-long-is-the-production-time?\" aria-expanded=\"false\" aria-controls=\"accordion-637203730-content\" >\n\t\t\t<button class=\"toggle\" aria-label=\"Chuy\u1ec3n \u0111\u1ed5i\"><i class=\"icon-angle-down\"><\/i><\/button>\n\t\t\t<span>Th\u1eddi gian s\u1ea3n xu\u1ea5t l\u00e0 bao l\u00e2u?<\/span>\n\t\t<\/a>\n\t\t<div id=\"accordion-637203730-content\" class=\"accordion-inner\" aria-labelledby=\"accordion-637203730-label\" >\n\t\t\t\n<p>M\u1eabu m\u1ea5t 1-3 ng\u00e0y l\u00e0m vi\u1ec7c v\u00e0 s\u1ea3n xu\u1ea5t h\u00e0ng lo\u1ea1t m\u1ea5t 3-7 ng\u00e0y l\u00e0m vi\u1ec7c. Th\u1eddi gian ch\u00ednh x\u00e1c ph\u1ee5 thu\u1ed9c v\u00e0o th\u1ee9 t\u1ef1 th\u1ef1c t\u1ebf.<\/p>\n\t\t<\/div>\n\t<\/div>\n\t\n\t<div id=\"accordion-1033626307\" class=\"accordion-item\">\n\t\t<a id=\"accordion-1033626307-label\" class=\"accordion-title plain\" href=\"#accordion-item-how-do-i-pay-for-my-order?\" aria-expanded=\"false\" aria-controls=\"accordion-1033626307-content\" >\n\t\t\t<button class=\"toggle\" aria-label=\"Chuy\u1ec3n \u0111\u1ed5i\"><i class=\"icon-angle-down\"><\/i><\/button>\n\t\t\t<span>L\u00e0m c\u00e1ch n\u00e0o \u0111\u1ec3 thanh to\u00e1n cho \u0111\u01a1n h\u00e0ng c\u1ee7a t\u00f4i?<\/span>\n\t\t<\/a>\n\t\t<div id=\"accordion-1033626307-content\" class=\"accordion-inner\" aria-labelledby=\"accordion-1033626307-label\" >\n\t\t\t\n<p>Thanh to\u00e1n b\u1eb1ng th\u1ebb t\u00edn d\u1ee5ng, Paypal, Chuy\u1ec3n kho\u1ea3n ng\u00e2n h\u00e0ng, Western Union, L\u1ec7nh b\u1ea3o \u0111\u1ea3m th\u01b0\u01a1ng m\u1ea1i c\u1ee7a Alibaba, L\/C, T\/T, v.v.<\/p>\n\t\t<\/div>\n\t<\/div>\n\t\n\t<div id=\"accordion-1749023000\" class=\"accordion-item\">\n\t\t<a id=\"accordion-1749023000-label\" class=\"accordion-title plain\" href=\"#accordion-item-do-you-provide-samples?-is-it-free?\" aria-expanded=\"false\" aria-controls=\"accordion-1749023000-content\" >\n\t\t\t<button class=\"toggle\" aria-label=\"Chuy\u1ec3n \u0111\u1ed5i\"><i class=\"icon-angle-down\"><\/i><\/button>\n\t\t\t<span>B\u1ea1n c\u00f3 cung c\u1ea5p m\u1eabu kh\u00f4ng? N\u00f3 c\u00f3 mi\u1ec5n ph\u00ed kh\u00f4ng?<\/span>\n\t\t<\/a>\n\t\t<div id=\"accordion-1749023000-content\" class=\"accordion-inner\" aria-labelledby=\"accordion-1749023000-label\" >\n\t\t\t\n<p>C\u00f3, ch\u00fang t\u00f4i c\u00f3 th\u1ec3 cung c\u1ea5p c\u00e1c m\u1eabu mi\u1ec5n ph\u00ed m\u00e0 ch\u00fang t\u00f4i \u0111\u00e3 th\u1ef1c hi\u1ec7n tr\u01b0\u1edbc \u0111\u00e2y, nh\u01b0ng b\u1ea1n ph\u1ea3i thanh to\u00e1n chi ph\u00ed v\u1eadn chuy\u1ec3n.<\/p>\n\t\t<\/div>\n\t<\/div>\n\t\n\t<div id=\"accordion-4053165404\" class=\"accordion-item\">\n\t\t<a id=\"accordion-4053165404-label\" class=\"accordion-title plain\" href=\"#accordion-item-how-to-guarantee-the-quality?\" aria-expanded=\"false\" aria-controls=\"accordion-4053165404-content\" >\n\t\t\t<button class=\"toggle\" aria-label=\"Chuy\u1ec3n \u0111\u1ed5i\"><i class=\"icon-angle-down\"><\/i><\/button>\n\t\t\t<span>L\u00e0m th\u1ebf n\u00e0o \u0111\u1ec3 \u0111\u1ea3m b\u1ea3o ch\u1ea5t l\u01b0\u1ee3ng?<\/span>\n\t\t<\/a>\n\t\t<div id=\"accordion-4053165404-content\" class=\"accordion-inner\" aria-labelledby=\"accordion-4053165404-label\" >\n\t\t\t\n<p>M\u1ed7i b\u01b0\u1edbc s\u1ea3n xu\u1ea5t v\u00e0 th\u00e0nh ph\u1ea9m ph\u1ea3i \u0111\u01b0\u1ee3c b\u1ed9 ph\u1eadn QC c\u1ee7a ch\u00fang t\u00f4i ki\u1ec3m tra tr\u01b0\u1edbc khi giao h\u00e0ng.<\/p>\n\t\t<\/div>\n\t<\/div>\n\t\n<\/div>\n\t\t<\/div>\n\t\t\t\t\t<\/div>\n\n\t\n<\/div>","protected":false},"excerpt":{"rendered":"","protected":false},"author":1,"featured_media":2327,"parent":0,"menu_order":0,"comment_status":"closed","ping_status":"closed","template":"page-blank-title-center.php","meta":{"footnotes":""},"class_list":["post-117","page","type-page","status-publish","has-post-thumbnail","hentry"],"jetpack-related-posts":[],"jetpack_sharing_enabled":true,"_links":{"self":[{"href":"https:\/\/jttlogos.com\/vi\/wp-json\/wp\/v2\/pages\/117","targetHints":{"allow":["GET"]}}],"collection":[{"href":"https:\/\/jttlogos.com\/vi\/wp-json\/wp\/v2\/pages"}],"about":[{"href":"https:\/\/jttlogos.com\/vi\/wp-json\/wp\/v2\/types\/page"}],"author":[{"embeddable":true,"href":"https:\/\/jttlogos.com\/vi\/wp-json\/wp\/v2\/users\/1"}],"replies":[{"embeddable":true,"href":"https:\/\/jttlogos.com\/vi\/wp-json\/wp\/v2\/comments?post=117"}],"version-history":[{"count":0,"href":"https:\/\/jttlogos.com\/vi\/wp-json\/wp\/v2\/pages\/117\/revisions"}],"wp:featuredmedia":[{"embeddable":true,"href":"https:\/\/jttlogos.com\/vi\/wp-json\/wp\/v2\/media\/2327"}],"wp:attachment":[{"href":"https:\/\/jttlogos.com\/vi\/wp-json\/wp\/v2\/media?parent=117"}],"curies":[{"name":"wp","href":"https:\/\/api.w.org\/{rel}","templated":true}]}}