{"id":127,"date":"2018-03-06T11:05:29","date_gmt":"2018-03-06T11:05:29","guid":{"rendered":"https:\/\/xml-io.proteusthemes.com\/woondershop-amazon\/?page_id=127"},"modified":"2024-03-30T09:46:46","modified_gmt":"2024-03-30T09:46:46","slug":"delivery-options","status":"publish","type":"page","link":"https:\/\/jttlogos.com\/vi\/tuy-chon-giao-hang\/","title":{"rendered":"T\u00f9y ch\u1ecdn giao h\u00e0ng"},"content":{"rendered":"<div class=\"row\"  id=\"row-1716748531\">\n\n\t<div id=\"col-647743596\" class=\"col small-12 large-12\"  >\n\t\t\t\t<div class=\"col-inner\"  >\n\t\t\t\n\t\t\t\n<div class=\"accordion\">\n\t<div id=\"accordion-3794897594\" class=\"accordion-item\">\n\t\t<a id=\"accordion-3794897594-label\" class=\"accordion-title plain\" href=\"#accordion-item-are-your-products-shipped-all-over-the-world?\" aria-expanded=\"false\" aria-controls=\"accordion-3794897594-content\" >\n\t\t\t<button class=\"toggle\" aria-label=\"Chuy\u1ec3n \u0111\u1ed5i\"><i class=\"icon-angle-down\"><\/i><\/button>\n\t\t\t<span>S\u1ea3n ph\u1ea9m c\u1ee7a b\u1ea1n c\u00f3 \u0111\u01b0\u1ee3c v\u1eadn chuy\u1ec3n tr\u00ean to\u00e0n th\u1ebf gi\u1edbi kh\u00f4ng?<\/span>\n\t\t<\/a>\n\t\t<div id=\"accordion-3794897594-content\" class=\"accordion-inner\" aria-labelledby=\"accordion-3794897594-label\" >\n\t\t\t\n<p>\u0110\u00fang. Ch\u00fang t\u00f4i g\u1eedi \u0111\u1ebfn to\u00e0n th\u1ebf gi\u1edbi.<\/p>\n\t\t<\/div>\n\t<\/div>\n\t\n\t<div id=\"accordion-1173448759\" class=\"accordion-item\">\n\t\t<a id=\"accordion-1173448759-label\" class=\"accordion-title plain\" href=\"#accordion-item-which-express-do-you-use?\" aria-expanded=\"false\" aria-controls=\"accordion-1173448759-content\" >\n\t\t\t<button class=\"toggle\" aria-label=\"Chuy\u1ec3n \u0111\u1ed5i\"><i class=\"icon-angle-down\"><\/i><\/button>\n\t\t\t<span>B\u1ea1n s\u1eed d\u1ee5ng chuy\u1ec3n ph\u00e1t nhanh n\u00e0o?<\/span>\n\t\t<\/a>\n\t\t<div id=\"accordion-1173448759-content\" class=\"accordion-inner\" aria-labelledby=\"accordion-1173448759-label\" >\n\t\t\t\n<p>DHL, FEDEX, TNT, UPS, EMS, EUB, v.v.<\/p>\n\t\t<\/div>\n\t<\/div>\n\t\n\t<div id=\"accordion-3850955513\" class=\"accordion-item\">\n\t\t<a id=\"accordion-3850955513-label\" class=\"accordion-title plain\" href=\"#accordion-item-how-long-does-delivery-take?\" aria-expanded=\"false\" aria-controls=\"accordion-3850955513-content\" >\n\t\t\t<button class=\"toggle\" aria-label=\"Chuy\u1ec3n \u0111\u1ed5i\"><i class=\"icon-angle-down\"><\/i><\/button>\n\t\t\t<span>M\u1ea5t bao l\u00e2u \u0111\u1ec3 giao h\u00e0ng?<\/span>\n\t\t<\/a>\n\t\t<div id=\"accordion-3850955513-content\" class=\"accordion-inner\" aria-labelledby=\"accordion-3850955513-label\" >\n\t\t\t\n<p>N\u00f3i chung, ph\u1ea3i m\u1ea5t 3-20 ng\u00e0y l\u00e0m vi\u1ec7c \u0111\u1ec3 \u0111\u1ebfn kh\u1eafp n\u01a1i tr\u00ean th\u1ebf gi\u1edbi. Kh\u00f4ng qu\u00e1 30 ng\u00e0y.<\/p>\n\t\t<\/div>\n\t<\/div>\n\t\n\t<div id=\"accordion-746889508\" class=\"accordion-item\">\n\t\t<a id=\"accordion-746889508-label\" class=\"accordion-title plain\" href=\"#accordion-item-will-my-order-be-delayed?\" aria-expanded=\"false\" aria-controls=\"accordion-746889508-content\" >\n\t\t\t<button class=\"toggle\" aria-label=\"Chuy\u1ec3n \u0111\u1ed5i\"><i class=\"icon-angle-down\"><\/i><\/button>\n\t\t\t<span>\u0110\u01a1n h\u00e0ng c\u1ee7a t\u00f4i c\u00f3 b\u1ecb tr\u00ec ho\u00e3n kh\u00f4ng?<\/span>\n\t\t<\/a>\n\t\t<div id=\"accordion-746889508-content\" class=\"accordion-inner\" aria-labelledby=\"accordion-746889508-label\" >\n\t\t\t\n<p>N\u00f3i chung, s\u1ebd kh\u00f4ng c\u00f3 s\u1ef1 ch\u1eadm tr\u1ec5. Nh\u01b0ng n\u1ebfu ch\u00fang t\u00f4i cho r\u1eb1ng vi\u1ec7c giao h\u00e0ng s\u1ebd b\u1ecb tr\u00ec ho\u00e3n, ch\u00fang t\u00f4i s\u1ebd li\u00ean h\u1ec7 tr\u01b0\u1edbc v\u1edbi b\u1ea1n.<\/p>\n\t\t<\/div>\n\t<\/div>\n\t\n\t<div id=\"accordion-505376911\" class=\"accordion-item\">\n\t\t<a id=\"accordion-505376911-label\" class=\"accordion-title plain\" href=\"#accordion-item-do-you-ship-products-to-remote-areas?\" aria-expanded=\"false\" aria-controls=\"accordion-505376911-content\" >\n\t\t\t<button class=\"toggle\" aria-label=\"Chuy\u1ec3n \u0111\u1ed5i\"><i class=\"icon-angle-down\"><\/i><\/button>\n\t\t\t<span>B\u1ea1n c\u00f3 v\u1eadn chuy\u1ec3n s\u1ea3n ph\u1ea9m \u0111\u1ebfn v\u00f9ng s\u00e2u v\u00f9ng xa?<\/span>\n\t\t<\/a>\n\t\t<div id=\"accordion-505376911-content\" class=\"accordion-inner\" aria-labelledby=\"accordion-505376911-label\" >\n\t\t\t\n<p>N\u1ebfu b\u1ea1n c\u00f3 nhu c\u1ea7u \u0111\u1eb7t h\u00e0ng vui l\u00f2ng li\u00ean h\u1ec7 tr\u01b0\u1edbc v\u1edbi ch\u00fang t\u00f4i \u0111\u1ec3 x\u00e1c nh\u1eadn.<\/p>\n\t\t<\/div>\n\t<\/div>\n\t\n<\/div>\n\t\t<\/div>\n\t\t\t\t\t<\/div>\n\n\t\n\n\t<div id=\"col-1214684316\" class=\"col small-12 large-12\"  >\n\t\t\t\t<div class=\"col-inner\"  >\n\t\t\t\n\t\t\t\n\t<div class=\"img has-hover x md-x lg-x y md-y lg-y\" id=\"image_1894502459\">\n\t\t\t\t\t\t\t\t<div class=\"img-inner dark\" >\n\t\t\t<img decoding=\"async\" width=\"990\" height=\"493\" src=\"https:\/\/i0.wp.com\/jttlogos.com\/wp-content\/uploads\/2020\/05\/SHIPPING.jpg?fit=990%2C493&amp;ssl=1\" class=\"attachment-large size-large\" alt=\"\" srcset=\"https:\/\/i0.wp.com\/jttlogos.com\/wp-content\/uploads\/2020\/05\/SHIPPING.jpg?w=990&amp;ssl=1 990w, https:\/\/i0.wp.com\/jttlogos.com\/wp-content\/uploads\/2020\/05\/SHIPPING.jpg?resize=510%2C254&amp;ssl=1 510w, https:\/\/i0.wp.com\/jttlogos.com\/wp-content\/uploads\/2020\/05\/SHIPPING.jpg?resize=300%2C149&amp;ssl=1 300w, https:\/\/i0.wp.com\/jttlogos.com\/wp-content\/uploads\/2020\/05\/SHIPPING.jpg?resize=768%2C382&amp;ssl=1 768w, https:\/\/i0.wp.com\/jttlogos.com\/wp-content\/uploads\/2020\/05\/SHIPPING.jpg?resize=350%2C175&amp;ssl=1 350w, https:\/\/i0.wp.com\/jttlogos.com\/wp-content\/uploads\/2020\/05\/SHIPPING.jpg?resize=800%2C398&amp;ssl=1 800w\" sizes=\"(max-width: 990px) 100vw, 990px\" title=\"\">\t\t\t\t\t\t\n\t\t\t\t\t<\/div>\n\t\t\t\t\t\t\t\t\n<style>\n#image_1894502459 {\n  width: 100%;\n}\n<\/style>\n\t<\/div>\n\t\n\t\t<\/div>\n\t\t\t\t\t<\/div>\n\n\t\n<\/div>","protected":false},"excerpt":{"rendered":"","protected":false},"author":1,"featured_media":0,"parent":0,"menu_order":0,"comment_status":"closed","ping_status":"closed","template":"page-blank-title-center.php","meta":{"footnotes":""},"class_list":["post-127","page","type-page","status-publish","hentry"],"jetpack-related-posts":[],"jetpack_sharing_enabled":true,"_links":{"self":[{"href":"https:\/\/jttlogos.com\/vi\/wp-json\/wp\/v2\/pages\/127","targetHints":{"allow":["GET"]}}],"collection":[{"href":"https:\/\/jttlogos.com\/vi\/wp-json\/wp\/v2\/pages"}],"about":[{"href":"https:\/\/jttlogos.com\/vi\/wp-json\/wp\/v2\/types\/page"}],"author":[{"embeddable":true,"href":"https:\/\/jttlogos.com\/vi\/wp-json\/wp\/v2\/users\/1"}],"replies":[{"embeddable":true,"href":"https:\/\/jttlogos.com\/vi\/wp-json\/wp\/v2\/comments?post=127"}],"version-history":[{"count":0,"href":"https:\/\/jttlogos.com\/vi\/wp-json\/wp\/v2\/pages\/127\/revisions"}],"wp:attachment":[{"href":"https:\/\/jttlogos.com\/vi\/wp-json\/wp\/v2\/media?parent=127"}],"curies":[{"name":"wp","href":"https:\/\/api.w.org\/{rel}","templated":true}]}}